{"id":7804,"date":"2023-03-29T11:57:43","date_gmt":"2023-03-29T11:57:43","guid":{"rendered":"https:\/\/projekt.vombat.ee\/eco\/?post_type=product&#038;p=7804"},"modified":"2024-05-14T11:44:07","modified_gmt":"2024-05-14T11:44:07","slug":"kugoo-kirin-g3-pro-sahkoskootteri-80km","status":"publish","type":"product","link":"https:\/\/projekt.vombat.ee\/eco\/fi\/myym%C3%A4l%C3%A4\/sahkopotkulaudat\/voimakas-sahkopotkulaudat\/kugoo-kirin-g3-pro-sahkoskootteri-80km\/","title":{"rendered":"Kugoo Kirin G3 Pro S\u00e4hk\u00f6skootteri, 80km"},"content":{"rendered":"<h1>KUGOO KIRIN G3 PRO S\u00c4HK\u00d6SKOOTTERI<\/h1>\n<p><img decoding=\"async\" class=\"\" src=\"https:\/\/cdn.shopify.com\/s\/files\/1\/0291\/3422\/5501\/files\/KuKirin_G3_Pro_Desktop_Detail_19_1920x.jpg?v=1677832453%20alt=\" \/><\/p>\n<p>&nbsp;<\/p>\n<h2>TEHOKAS MOOTTORI &amp; AKKU<\/h2>\n<p>2*1200 watin moottoreilla toimiva Kugoo Kirin G3 Pro voi saavuttaa 1500 watin maksimitehon ja 65 km\/h maksiminopeuden, mik\u00e4 mahdollistaa tehokkaan ja j\u00e4nnitt\u00e4v\u00e4n ajon. Kirin G3 Pro on varustettu 1040 Wh:n akulla, joka mahdollistaa 80 km:n maksimimatkan t\u00e4ydell\u00e4 latauksella, mik\u00e4 on pidempi kuin useimmat maastoskootterit ja riitt\u00e4v\u00e4n pitk\u00e4 p\u00e4iv\u00e4retkille.<\/p>\n<h3>PREMIUM AJOMUKAVUUS<\/h3>\n<p>G3 Pro sis\u00e4lt\u00e4\u00e4 etu- ja taka\u00f6ljyjarrut turvalliseen jarrutukseen. Siin\u00e4 on t\u00e4ysjousitus 4 iskunvaimentimella, jotka v\u00e4hent\u00e4v\u00e4t iskua tehokkaasti ja tarjoavat sinulle mukavan ajon. \u00c4lykk\u00e4\u00e4n LCD-kojelaudan avulla voit tarkistaa useita tietoja, kuten nopeuden, akun varaustason, et\u00e4isyyden, vaihdevivun jne. Voit my\u00f6s vaihtaa helposti kolmen nopeustason v\u00e4lill\u00e4.<\/p>\n<p>&nbsp;<\/p>\n<h3>KUGOO KIRIN G3 PRO &#8211; TURVALLINEN JA TAKAA<\/h3>\n<p>G3 Prossa on 11 valoa, mukaan lukien 4 etuvaloa, 4 sivuvaloa ja 3 takavaloa. Innovatiivinen valaistusj\u00e4rjestelm\u00e4 tekee ajamisestasi turvallisempaa.<\/p>\n<p>10-tuumaisilla maastorenkailla varustettu G3 Pro mukautuu erilaisiin maastoihin ja ajaa sujuvammin. 199 mm jalkalauta on tarpeeksi leve\u00e4, jotta voit seist\u00e4 turvallisesti ja mukavasti.<\/p>\n<p>Kugoo Kirin G3 Prossa on useita nopeustiloja erilaisiin tarpeisiisi, mukaan lukien 25\/45\/55 km\/h (yksiajo) ja 25\/45\/65 km\/h (kaksoisajo). Hidasnopeustilan avulla voit nauttia tienvarsimaisemista ajon aikana. Medium-tilassa voit nauttia ajonautinnosta. Vaihda pikatilaan, niin sinulla on nopeampi ja j\u00e4nnitt\u00e4v\u00e4mpi maastoajo.<\/p>\n<p>&nbsp;<\/p>\n<h3>KUGOO KIRIN G3 PRO TEKNISET TIEDOT<\/h3>\n<p>Nettopaino: 39,6 kg<br \/>\nKoko avattuna: 1295x630x1360 mm<br \/>\nMitat taitettuna: 1295x630x595 mm<br \/>\nOhjaustangon pituus: 650 mm<br \/>\nAjokorkeus: 180 mm<br \/>\nJalkalaudan mitat: 517&#215;199 mm<br \/>\nSuositeltu ratsastajan korkeus: 150-200 cm (4&#8217;11&#8221;-6&#8217;7&#8243;)<br \/>\nMaksimikuorma: 120 kg<br \/>\nYl\u00e4m\u00e4keen: 35 (kahdella juoksulla), 25 (yhdell\u00e4 juoksulla)<br \/>\nSuurin nopeus: 65 km\/h<br \/>\nSuurin ajomatka: 80 km<br \/>\nNopeustasot: 25\/45\/55 km\/h (yksi matka), 25\/45\/65 km\/h (kaksoismatka) Vedenkest\u00e4vyystaso: IP54<br \/>\nMateriaali: alumiiniseos<br \/>\nJarruj\u00e4rjestelm\u00e4: \u00d6ljyjarrut edess\u00e4 ja takana<\/p>\n<p><strong>Moottori<\/strong><\/p>\n<p>Teho ja j\u00e4nnite: 1200W, 52V<br \/>\nSuurin hetkellinen teho: 1500 W<br \/>\nSuurin kierrosluku: 1950<br \/>\nSuurin v\u00e4\u00e4nt\u00f6momentti: 30 Nm<\/p>\n<p><strong>Jousitus<\/p>\n<p><\/strong>Nelivartinen iskunvaimennin<\/p>\n<p><strong>Akku<\/strong><\/p>\n<p>Kapasiteetti: 23,2 Ah<br \/>\nJ\u00e4nnite: 52V<br \/>\nLatausaika: 4h (5A laturi), 5-6h (4A laturi), 11h (2A laturi)<br \/>\nTeho: 1040 Wh<br \/>\nPuolustusj\u00e4rjestelm\u00e4: kyll\u00e4<strong><br \/>\n<\/strong><\/p>\n<p><strong>Laturi<\/strong><\/p>\n<p>Tulo: 100-240V, 2,5A<br \/>\nL\u00e4ht\u00f6: 58,8, 2A<\/p>\n<p><strong>Rengas<\/strong><\/p>\n<p>Koko: 10&#8243;<br \/>\nTyyppi: off-road pneumaattiset kumirenkaat<br \/>\nParas rengaspaine: 345 kPa<\/p>\n<p><strong>N\u00e4ytt\u00f6<\/strong><\/p>\n<p>N\u00e4ytt\u00f6: LCD<br \/>\nMitat: 133x78x63 mm<br \/>\nSis\u00e4lt\u00f6: nopeus, j\u00e4nnite, matka, nopeustaso, akun varaustaso, valo jne.<\/p>\n<p>Mitat: 1310x300x615 mm<br \/>\nT\u00e4ysi paino: 45 kg<\/p>\n<p>&nbsp;<\/p>\n<p><strong>HUOM!<\/strong> Suosittelemme aina <a href=\"https:\/\/projekt.vombat.ee\/eco\/pood\/?product-cata=707\">kyp\u00e4r\u00e4n<\/a> k\u00e4ytt\u00f6\u00e4 s\u00e4hk\u00f6skootterilla ajettaessa. Alle 16-vuotiaiden ratsastajien kyp\u00e4r\u00e4n k\u00e4ytt\u00f6 s\u00e4hk\u00f6iskulla ajaessa on <a href=\"https:\/\/www.riigiteataja.ee\/akt\/113112020001\">lain<\/a> mukaan pakollista.<\/p>\n","protected":false},"excerpt":{"rendered":"<p><strong>KUGOO KIRIN G3 PRO<\/strong><\/p>\n<p>&nbsp;<\/p>\n<ul>\n<li>Suurin ajomatka: 80 km<\/li>\n<li>Kantavuus: 120 kg<\/li>\n<li>Moottorin teho: 1200W<\/li>\n<li>Suurin nopeus: 65 km\/h<\/li>\n<\/ul>\n<p>&nbsp;<\/p>\n<p><strong>\u2666 Toimitusaika 3-8 p\u00e4iv\u00e4\u00e4<\/strong><br \/>\n<strong>\u2666 Varastossa<\/strong><\/p>\n","protected":false},"featured_media":7692,"template":"","meta":[],"product_cat":[1294,971,975],"product_tag":[],"class_list":{"0":"post-7804","1":"product","2":"type-product","3":"status-publish","4":"has-post-thumbnail","6":"product_cat-kugoo","7":"product_cat-sahkopotkulaudat","8":"product_cat-voimakas-sahkopotkulaudat","9":"product_shipping_class-suured-pakid","11":"first","12":"instock","13":"sale","14":"taxable","15":"shipping-taxable","16":"purchasable","17":"product-type-simple"},"yoast_head":"<!-- This site is optimized with the Yoast SEO plugin v23.8 - https:\/\/yoast.com\/wordpress\/plugins\/seo\/ -->\n<title>Kugoo Kirin G3 Pro S\u00e4hk\u00f6skootteri, 80km - Ecocruiser<\/title>\n<meta name=\"description\" content=\"Kugoo Kirin G3 Pro S\u00e4hk\u00f6skootteri, 80km - Kvaliteetsed br\u00e4ndid, lai valik - Ecocruiser.ee - K\u00fcsimuste korral v\u00f5ta \u00fchendust info@projekt.vombat.ee\" \/>\n<meta name=\"robots\" content=\"noindex, follow, max-snippet:-1, max-image-preview:large, max-video-preview:-1\" \/>\n<meta property=\"og:locale\" content=\"en_GB\" \/>\n<meta property=\"og:type\" content=\"article\" \/>\n<meta property=\"og:title\" content=\"Kugoo Kirin G3 Pro S\u00e4hk\u00f6skootteri, 80km - Ecocruiser\" \/>\n<meta property=\"og:description\" content=\"Kugoo Kirin G3 Pro S\u00e4hk\u00f6skootteri, 80km - Kvaliteetsed br\u00e4ndid, lai valik - Ecocruiser.ee - K\u00fcsimuste korral v\u00f5ta \u00fchendust info@projekt.vombat.ee\" \/>\n<meta property=\"og:url\" content=\"https:\/\/projekt.vombat.ee\/eco\/fi\/myym\u00e4l\u00e4\/sahkopotkulaudat\/voimakas-sahkopotkulaudat\/kugoo-kirin-g3-pro-sahkoskootteri-80km\/\" \/>\n<meta property=\"og:site_name\" content=\"Ecocruiser\" \/>\n<meta property=\"article:modified_time\" content=\"2024-05-14T11:44:07+00:00\" \/>\n<meta property=\"og:image\" content=\"https:\/\/projekt.vombat.ee\/eco\/wp-content\/uploads\/2023\/03\/Add-a-heading-7.png\" \/>\n\t<meta property=\"og:image:width\" content=\"1000\" \/>\n\t<meta property=\"og:image:height\" content=\"1000\" \/>\n\t<meta property=\"og:image:type\" content=\"image\/png\" \/>\n<meta name=\"twitter:card\" content=\"summary_large_image\" \/>\n<meta name=\"twitter:label1\" content=\"Estimated reading time\" \/>\n\t<meta name=\"twitter:data1\" content=\"3 minutes\" \/>\n<script type=\"application\/ld+json\" class=\"yoast-schema-graph\">{\"@context\":\"https:\/\/schema.org\",\"@graph\":[{\"@type\":\"WebPage\",\"@id\":\"https:\/\/projekt.vombat.ee\/eco\/fi\/myym%C3%A4l%C3%A4\/sahkopotkulaudat\/voimakas-sahkopotkulaudat\/kugoo-kirin-g3-pro-sahkoskootteri-80km\/\",\"url\":\"https:\/\/projekt.vombat.ee\/eco\/fi\/myym%C3%A4l%C3%A4\/sahkopotkulaudat\/voimakas-sahkopotkulaudat\/kugoo-kirin-g3-pro-sahkoskootteri-80km\/\",\"name\":\"Kugoo Kirin G3 Pro S\u00e4hk\u00f6skootteri, 80km - Ecocruiser\",\"isPartOf\":{\"@id\":\"https:\/\/projekt.vombat.ee\/eco\/#website\"},\"primaryImageOfPage\":{\"@id\":\"https:\/\/projekt.vombat.ee\/eco\/fi\/myym%C3%A4l%C3%A4\/sahkopotkulaudat\/voimakas-sahkopotkulaudat\/kugoo-kirin-g3-pro-sahkoskootteri-80km\/#primaryimage\"},\"image\":{\"@id\":\"https:\/\/projekt.vombat.ee\/eco\/fi\/myym%C3%A4l%C3%A4\/sahkopotkulaudat\/voimakas-sahkopotkulaudat\/kugoo-kirin-g3-pro-sahkoskootteri-80km\/#primaryimage\"},\"thumbnailUrl\":\"https:\/\/projekt.vombat.ee\/eco\/wp-content\/uploads\/2023\/03\/Add-a-heading-7.png\",\"datePublished\":\"2023-03-29T11:57:43+00:00\",\"dateModified\":\"2024-05-14T11:44:07+00:00\",\"description\":\"Kugoo Kirin G3 Pro S\u00e4hk\u00f6skootteri, 80km - Kvaliteetsed br\u00e4ndid, lai valik - Ecocruiser.ee - K\u00fcsimuste korral v\u00f5ta \u00fchendust info@projekt.vombat.ee\",\"breadcrumb\":{\"@id\":\"https:\/\/projekt.vombat.ee\/eco\/fi\/myym%C3%A4l%C3%A4\/sahkopotkulaudat\/voimakas-sahkopotkulaudat\/kugoo-kirin-g3-pro-sahkoskootteri-80km\/#breadcrumb\"},\"inLanguage\":\"en-GB\",\"potentialAction\":[{\"@type\":\"ReadAction\",\"target\":[\"https:\/\/projekt.vombat.ee\/eco\/fi\/myym%C3%A4l%C3%A4\/sahkopotkulaudat\/voimakas-sahkopotkulaudat\/kugoo-kirin-g3-pro-sahkoskootteri-80km\/\"]}]},{\"@type\":\"ImageObject\",\"inLanguage\":\"en-GB\",\"@id\":\"https:\/\/projekt.vombat.ee\/eco\/fi\/myym%C3%A4l%C3%A4\/sahkopotkulaudat\/voimakas-sahkopotkulaudat\/kugoo-kirin-g3-pro-sahkoskootteri-80km\/#primaryimage\",\"url\":\"https:\/\/projekt.vombat.ee\/eco\/wp-content\/uploads\/2023\/03\/Add-a-heading-7.png\",\"contentUrl\":\"https:\/\/projekt.vombat.ee\/eco\/wp-content\/uploads\/2023\/03\/Add-a-heading-7.png\",\"width\":1000,\"height\":1000,\"caption\":\"Kugoo G3 Pro\"},{\"@type\":\"BreadcrumbList\",\"@id\":\"https:\/\/projekt.vombat.ee\/eco\/fi\/myym%C3%A4l%C3%A4\/sahkopotkulaudat\/voimakas-sahkopotkulaudat\/kugoo-kirin-g3-pro-sahkoskootteri-80km\/#breadcrumb\",\"itemListElement\":[{\"@type\":\"ListItem\",\"position\":1,\"name\":\"Home\",\"item\":\"https:\/\/projekt.vombat.ee\/eco\/\"},{\"@type\":\"ListItem\",\"position\":2,\"name\":\"Pood\",\"item\":\"https:\/\/projekt.vombat.ee\/eco\/pood\/\"},{\"@type\":\"ListItem\",\"position\":3,\"name\":\"Kugoo Kirin G3 Pro S\u00e4hk\u00f6skootteri, 80km\"}]},{\"@type\":\"WebSite\",\"@id\":\"https:\/\/projekt.vombat.ee\/eco\/#website\",\"url\":\"https:\/\/projekt.vombat.ee\/eco\/\",\"name\":\"Ecocruiser\",\"description\":\"\",\"publisher\":{\"@id\":\"https:\/\/projekt.vombat.ee\/eco\/#organization\"},\"potentialAction\":[{\"@type\":\"SearchAction\",\"target\":{\"@type\":\"EntryPoint\",\"urlTemplate\":\"https:\/\/projekt.vombat.ee\/eco\/?s={search_term_string}\"},\"query-input\":{\"@type\":\"PropertyValueSpecification\",\"valueRequired\":true,\"valueName\":\"search_term_string\"}}],\"inLanguage\":\"en-GB\"},{\"@type\":\"Organization\",\"@id\":\"https:\/\/projekt.vombat.ee\/eco\/#organization\",\"name\":\"Ecocruiser\",\"url\":\"https:\/\/projekt.vombat.ee\/eco\/\",\"logo\":{\"@type\":\"ImageObject\",\"inLanguage\":\"en-GB\",\"@id\":\"https:\/\/projekt.vombat.ee\/eco\/#\/schema\/logo\/image\/\",\"url\":\"https:\/\/projekt.vombat.ee\/eco\/wp-content\/uploads\/2023\/03\/ECOCRUISER_5.png\",\"contentUrl\":\"https:\/\/projekt.vombat.ee\/eco\/wp-content\/uploads\/2023\/03\/ECOCRUISER_5.png\",\"width\":234,\"height\":91,\"caption\":\"Ecocruiser\"},\"image\":{\"@id\":\"https:\/\/projekt.vombat.ee\/eco\/#\/schema\/logo\/image\/\"}}]}<\/script>\n<!-- \/ Yoast SEO plugin. -->","yoast_head_json":{"title":"Kugoo Kirin G3 Pro S\u00e4hk\u00f6skootteri, 80km - Ecocruiser","description":"Kugoo Kirin G3 Pro S\u00e4hk\u00f6skootteri, 80km - Kvaliteetsed br\u00e4ndid, lai valik - Ecocruiser.ee - K\u00fcsimuste korral v\u00f5ta \u00fchendust info@projekt.vombat.ee","robots":{"index":"noindex","follow":"follow","max-snippet":"max-snippet:-1","max-image-preview":"max-image-preview:large","max-video-preview":"max-video-preview:-1"},"og_locale":"en_GB","og_type":"article","og_title":"Kugoo Kirin G3 Pro S\u00e4hk\u00f6skootteri, 80km - Ecocruiser","og_description":"Kugoo Kirin G3 Pro S\u00e4hk\u00f6skootteri, 80km - Kvaliteetsed br\u00e4ndid, lai valik - Ecocruiser.ee - K\u00fcsimuste korral v\u00f5ta \u00fchendust info@projekt.vombat.ee","og_url":"https:\/\/projekt.vombat.ee\/eco\/fi\/myym\u00e4l\u00e4\/sahkopotkulaudat\/voimakas-sahkopotkulaudat\/kugoo-kirin-g3-pro-sahkoskootteri-80km\/","og_site_name":"Ecocruiser","article_modified_time":"2024-05-14T11:44:07+00:00","og_image":[{"width":1000,"height":1000,"url":"https:\/\/projekt.vombat.ee\/eco\/wp-content\/uploads\/2023\/03\/Add-a-heading-7.png","type":"image\/png"}],"twitter_card":"summary_large_image","twitter_misc":{"Estimated reading time":"3 minutes"},"schema":{"@context":"https:\/\/schema.org","@graph":[{"@type":"WebPage","@id":"https:\/\/projekt.vombat.ee\/eco\/fi\/myym%C3%A4l%C3%A4\/sahkopotkulaudat\/voimakas-sahkopotkulaudat\/kugoo-kirin-g3-pro-sahkoskootteri-80km\/","url":"https:\/\/projekt.vombat.ee\/eco\/fi\/myym%C3%A4l%C3%A4\/sahkopotkulaudat\/voimakas-sahkopotkulaudat\/kugoo-kirin-g3-pro-sahkoskootteri-80km\/","name":"Kugoo Kirin G3 Pro S\u00e4hk\u00f6skootteri, 80km - Ecocruiser","isPartOf":{"@id":"https:\/\/projekt.vombat.ee\/eco\/#website"},"primaryImageOfPage":{"@id":"https:\/\/projekt.vombat.ee\/eco\/fi\/myym%C3%A4l%C3%A4\/sahkopotkulaudat\/voimakas-sahkopotkulaudat\/kugoo-kirin-g3-pro-sahkoskootteri-80km\/#primaryimage"},"image":{"@id":"https:\/\/projekt.vombat.ee\/eco\/fi\/myym%C3%A4l%C3%A4\/sahkopotkulaudat\/voimakas-sahkopotkulaudat\/kugoo-kirin-g3-pro-sahkoskootteri-80km\/#primaryimage"},"thumbnailUrl":"https:\/\/projekt.vombat.ee\/eco\/wp-content\/uploads\/2023\/03\/Add-a-heading-7.png","datePublished":"2023-03-29T11:57:43+00:00","dateModified":"2024-05-14T11:44:07+00:00","description":"Kugoo Kirin G3 Pro S\u00e4hk\u00f6skootteri, 80km - Kvaliteetsed br\u00e4ndid, lai valik - Ecocruiser.ee - K\u00fcsimuste korral v\u00f5ta \u00fchendust info@projekt.vombat.ee","breadcrumb":{"@id":"https:\/\/projekt.vombat.ee\/eco\/fi\/myym%C3%A4l%C3%A4\/sahkopotkulaudat\/voimakas-sahkopotkulaudat\/kugoo-kirin-g3-pro-sahkoskootteri-80km\/#breadcrumb"},"inLanguage":"en-GB","potentialAction":[{"@type":"ReadAction","target":["https:\/\/projekt.vombat.ee\/eco\/fi\/myym%C3%A4l%C3%A4\/sahkopotkulaudat\/voimakas-sahkopotkulaudat\/kugoo-kirin-g3-pro-sahkoskootteri-80km\/"]}]},{"@type":"ImageObject","inLanguage":"en-GB","@id":"https:\/\/projekt.vombat.ee\/eco\/fi\/myym%C3%A4l%C3%A4\/sahkopotkulaudat\/voimakas-sahkopotkulaudat\/kugoo-kirin-g3-pro-sahkoskootteri-80km\/#primaryimage","url":"https:\/\/projekt.vombat.ee\/eco\/wp-content\/uploads\/2023\/03\/Add-a-heading-7.png","contentUrl":"https:\/\/projekt.vombat.ee\/eco\/wp-content\/uploads\/2023\/03\/Add-a-heading-7.png","width":1000,"height":1000,"caption":"Kugoo G3 Pro"},{"@type":"BreadcrumbList","@id":"https:\/\/projekt.vombat.ee\/eco\/fi\/myym%C3%A4l%C3%A4\/sahkopotkulaudat\/voimakas-sahkopotkulaudat\/kugoo-kirin-g3-pro-sahkoskootteri-80km\/#breadcrumb","itemListElement":[{"@type":"ListItem","position":1,"name":"Home","item":"https:\/\/projekt.vombat.ee\/eco\/"},{"@type":"ListItem","position":2,"name":"Pood","item":"https:\/\/projekt.vombat.ee\/eco\/pood\/"},{"@type":"ListItem","position":3,"name":"Kugoo Kirin G3 Pro S\u00e4hk\u00f6skootteri, 80km"}]},{"@type":"WebSite","@id":"https:\/\/projekt.vombat.ee\/eco\/#website","url":"https:\/\/projekt.vombat.ee\/eco\/","name":"Ecocruiser","description":"","publisher":{"@id":"https:\/\/projekt.vombat.ee\/eco\/#organization"},"potentialAction":[{"@type":"SearchAction","target":{"@type":"EntryPoint","urlTemplate":"https:\/\/projekt.vombat.ee\/eco\/?s={search_term_string}"},"query-input":{"@type":"PropertyValueSpecification","valueRequired":true,"valueName":"search_term_string"}}],"inLanguage":"en-GB"},{"@type":"Organization","@id":"https:\/\/projekt.vombat.ee\/eco\/#organization","name":"Ecocruiser","url":"https:\/\/projekt.vombat.ee\/eco\/","logo":{"@type":"ImageObject","inLanguage":"en-GB","@id":"https:\/\/projekt.vombat.ee\/eco\/#\/schema\/logo\/image\/","url":"https:\/\/projekt.vombat.ee\/eco\/wp-content\/uploads\/2023\/03\/ECOCRUISER_5.png","contentUrl":"https:\/\/projekt.vombat.ee\/eco\/wp-content\/uploads\/2023\/03\/ECOCRUISER_5.png","width":234,"height":91,"caption":"Ecocruiser"},"image":{"@id":"https:\/\/projekt.vombat.ee\/eco\/#\/schema\/logo\/image\/"}}]}},"lang":"fi","translations":{"fi":7804,"ru":6242,"et":6228,"en":15972,"fr":16923},"pll_sync_post":[],"_links":{"self":[{"href":"https:\/\/projekt.vombat.ee\/eco\/wp-json\/wp\/v2\/product\/7804"}],"collection":[{"href":"https:\/\/projekt.vombat.ee\/eco\/wp-json\/wp\/v2\/product"}],"about":[{"href":"https:\/\/projekt.vombat.ee\/eco\/wp-json\/wp\/v2\/types\/product"}],"version-history":[{"count":1,"href":"https:\/\/projekt.vombat.ee\/eco\/wp-json\/wp\/v2\/product\/7804\/revisions"}],"predecessor-version":[{"id":7832,"href":"https:\/\/projekt.vombat.ee\/eco\/wp-json\/wp\/v2\/product\/7804\/revisions\/7832"}],"wp:featuredmedia":[{"embeddable":true,"href":"https:\/\/projekt.vombat.ee\/eco\/wp-json\/wp\/v2\/media\/7692"}],"wp:attachment":[{"href":"https:\/\/projekt.vombat.ee\/eco\/wp-json\/wp\/v2\/media?parent=7804"}],"wp:term":[{"taxonomy":"product_cat","embeddable":true,"href":"https:\/\/projekt.vombat.ee\/eco\/wp-json\/wp\/v2\/product_cat?post=7804"},{"taxonomy":"product_tag","embeddable":true,"href":"https:\/\/projekt.vombat.ee\/eco\/wp-json\/wp\/v2\/product_tag?post=7804"}],"curies":[{"name":"wp","href":"https:\/\/api.w.org\/{rel}","templated":true}]}}