{"id":7800,"date":"2023-03-29T10:58:02","date_gmt":"2023-03-29T10:58:02","guid":{"rendered":"https:\/\/projekt.vombat.ee\/eco\/?post_type=product&#038;p=7800"},"modified":"2024-01-12T18:55:49","modified_gmt":"2024-01-12T18:55:49","slug":"joyor-f5s-sahkoskootteri-55km","status":"publish","type":"product","link":"https:\/\/projekt.vombat.ee\/eco\/fi\/myym%C3%A4l%C3%A4\/tuotemerkit\/joyor\/joyor-f5s-sahkoskootteri-55km\/","title":{"rendered":"Joyor F5S+ S\u00e4hk\u00f6skootteri, 55km"},"content":{"rendered":"<h1>JOYOR F5S+ S\u00c4HK\u00d6SKOOTTERI<\/h1>\n<p>S\u00e4hk\u00f6skootteri <strong>Joyor F5S+<\/strong> on varustettu tehokkaalla 500 watin moottorilla ja suurella akulla, joka pystyy kulkemaan jopa 55 km yhdell\u00e4 latauksella. Aiempiin edelt\u00e4jiin F1 ja F3 verrattuna t\u00e4rke\u00e4 ja havaittavissa oleva ero on kaksinkertaiset iskunvaimentimet. Nyt etuiskunvaimentimen lis\u00e4ksi on lis\u00e4tty my\u00f6s 2 takaiskunvaimentinta, jotka tekev\u00e4t ajosta entist\u00e4 tasaisempaa. Lis\u00e4ksi skootteri on varustettu etu- ja takavaloilla, jotka takaavat ajajan turvallisuuden h\u00e4m\u00e4r\u00e4ss\u00e4 s\u00e4\u00e4ss\u00e4. Joyor F5S+ on ehdottomasti yksi parhaista hinta-laatusuhteeltaan skoottereista. Se on helppo ottaa mukaan kaikkialle, ja koska se voidaan taittaa useaan paikkaan, se on my\u00f6s eritt\u00e4in kompakti.<\/p>\n<h3>MIKSI VALITSE JOYOR F5S+?<\/h3>\n<p>&#8211; <strong>Kevyt ja kompakti<\/strong>. Koska skootteri painaa vain 14 kg, se on helppo ottaa mukaan kaikkialle, ja se voidaan my\u00f6s pakata eritt\u00e4in helposti.<\/p>\n<p>&#8211; <strong>Kaksoisjousitus<\/strong>. Koska skootterissa on kunnolliset pehmusteet sek\u00e4 edess\u00e4 ett\u00e4 takana, voidaan sill\u00e4 ajella sek\u00e4 kaupungissa ett\u00e4 mets\u00e4teill\u00e4.<\/p>\n<p>&#8211; <strong>Hyv\u00e4 valikoima<\/strong>. Vaikka ulkon\u00e4\u00f6n perusteella ei sanoisi, ett\u00e4 se on eritt\u00e4in taitava rotu, indikaattorit kertovat jotain muuta. Yhdell\u00e4 latauksella voi ajaa jopa 55 km!<\/p>\n<p>&nbsp;<\/p>\n<p><strong>HUOM!<\/strong> Suosittelemme aina <a href=\"https:\/\/projekt.vombat.ee\/eco\/pood\/?product-cata=707\">kyp\u00e4r\u00e4n<\/a> k\u00e4ytt\u00f6\u00e4 s\u00e4hk\u00f6skootterilla ajettaessa. Alle 16-vuotiaiden ratsastajien kyp\u00e4r\u00e4n k\u00e4ytt\u00f6 s\u00e4hk\u00f6iskulla ajaessa on <a href=\"https:\/\/www.riigiteataja.ee\/akt\/113112020001\">lain<\/a> mukaan pakollista.<\/p>\n","protected":false},"excerpt":{"rendered":"<p><strong>JOYOR F5S+ S\u00c4HK\u00d6SKOOTTERI<\/strong><\/p>\n<p>&nbsp;<\/p>\n<ul>\n<li>Suurin ajomatka: 55 km<\/li>\n<li>Kantavuus: 120 kg<\/li>\n<li>Moottorin teho: 500W<\/li>\n<li>Suurin nopeus: 25 km\/h<\/li>\n<\/ul>\n<p>&nbsp;<\/p>\n<p><strong>\u2666 Toimitusaika 3-8 p\u00e4iv\u00e4\u00e4<\/strong><br \/>\n<strong>\u2666 Varastossa<\/strong><\/p>\n","protected":false},"featured_media":7655,"template":"","meta":[],"product_cat":[1300,971],"product_tag":[],"class_list":{"0":"post-7800","1":"product","2":"type-product","3":"status-publish","4":"has-post-thumbnail","6":"product_cat-joyor","7":"product_cat-sahkopotkulaudat","8":"product_shipping_class-suured-pakid","10":"first","11":"instock","12":"taxable","13":"shipping-taxable","14":"purchasable","15":"product-type-variable"},"yoast_head":"<!-- This site is optimized with the Yoast SEO plugin v23.8 - https:\/\/yoast.com\/wordpress\/plugins\/seo\/ -->\n<title>Joyor F5S+ S\u00e4hk\u00f6skootteri, 55km - Ecocruiser<\/title>\n<meta name=\"description\" content=\"Joyor F5S+ S\u00e4hk\u00f6skootteri, 55km - Kvaliteetsed br\u00e4ndid, lai valik - Ecocruiser.ee - K\u00fcsimuste korral v\u00f5ta \u00fchendust info@projekt.vombat.ee\" \/>\n<meta name=\"robots\" content=\"noindex, follow, max-snippet:-1, max-image-preview:large, max-video-preview:-1\" \/>\n<meta property=\"og:locale\" content=\"en_GB\" \/>\n<meta property=\"og:type\" content=\"article\" \/>\n<meta property=\"og:title\" content=\"Joyor F5S+ S\u00e4hk\u00f6skootteri, 55km - Ecocruiser\" \/>\n<meta property=\"og:description\" content=\"Joyor F5S+ S\u00e4hk\u00f6skootteri, 55km - Kvaliteetsed br\u00e4ndid, lai valik - Ecocruiser.ee - K\u00fcsimuste korral v\u00f5ta \u00fchendust info@projekt.vombat.ee\" \/>\n<meta property=\"og:url\" content=\"https:\/\/projekt.vombat.ee\/eco\/fi\/myym\u00e4l\u00e4\/tuotemerkit\/joyor\/joyor-f5s-sahkoskootteri-55km\/\" \/>\n<meta property=\"og:site_name\" content=\"Ecocruiser\" \/>\n<meta property=\"article:modified_time\" content=\"2024-01-12T18:55:49+00:00\" \/>\n<meta property=\"og:image\" content=\"https:\/\/projekt.vombat.ee\/eco\/wp-content\/uploads\/2023\/03\/Model-F5S-Black-Front.jpg\" \/>\n\t<meta property=\"og:image:width\" content=\"2000\" \/>\n\t<meta property=\"og:image:height\" content=\"2000\" \/>\n\t<meta property=\"og:image:type\" content=\"image\/jpeg\" \/>\n<meta name=\"twitter:card\" content=\"summary_large_image\" \/>\n<meta name=\"twitter:label1\" content=\"Estimated reading time\" \/>\n\t<meta name=\"twitter:data1\" content=\"1 minute\" \/>\n<script type=\"application\/ld+json\" class=\"yoast-schema-graph\">{\"@context\":\"https:\/\/schema.org\",\"@graph\":[{\"@type\":\"WebPage\",\"@id\":\"https:\/\/projekt.vombat.ee\/eco\/fi\/myym%C3%A4l%C3%A4\/tuotemerkit\/joyor\/joyor-f5s-sahkoskootteri-55km\/\",\"url\":\"https:\/\/projekt.vombat.ee\/eco\/fi\/myym%C3%A4l%C3%A4\/tuotemerkit\/joyor\/joyor-f5s-sahkoskootteri-55km\/\",\"name\":\"Joyor F5S+ S\u00e4hk\u00f6skootteri, 55km - Ecocruiser\",\"isPartOf\":{\"@id\":\"https:\/\/projekt.vombat.ee\/eco\/#website\"},\"primaryImageOfPage\":{\"@id\":\"https:\/\/projekt.vombat.ee\/eco\/fi\/myym%C3%A4l%C3%A4\/tuotemerkit\/joyor\/joyor-f5s-sahkoskootteri-55km\/#primaryimage\"},\"image\":{\"@id\":\"https:\/\/projekt.vombat.ee\/eco\/fi\/myym%C3%A4l%C3%A4\/tuotemerkit\/joyor\/joyor-f5s-sahkoskootteri-55km\/#primaryimage\"},\"thumbnailUrl\":\"https:\/\/projekt.vombat.ee\/eco\/wp-content\/uploads\/2023\/03\/Model-F5S-Black-Front.jpg\",\"datePublished\":\"2023-03-29T10:58:02+00:00\",\"dateModified\":\"2024-01-12T18:55:49+00:00\",\"description\":\"Joyor F5S+ S\u00e4hk\u00f6skootteri, 55km - Kvaliteetsed br\u00e4ndid, lai valik - Ecocruiser.ee - K\u00fcsimuste korral v\u00f5ta \u00fchendust info@projekt.vombat.ee\",\"breadcrumb\":{\"@id\":\"https:\/\/projekt.vombat.ee\/eco\/fi\/myym%C3%A4l%C3%A4\/tuotemerkit\/joyor\/joyor-f5s-sahkoskootteri-55km\/#breadcrumb\"},\"inLanguage\":\"en-GB\",\"potentialAction\":[{\"@type\":\"ReadAction\",\"target\":[\"https:\/\/projekt.vombat.ee\/eco\/fi\/myym%C3%A4l%C3%A4\/tuotemerkit\/joyor\/joyor-f5s-sahkoskootteri-55km\/\"]}]},{\"@type\":\"ImageObject\",\"inLanguage\":\"en-GB\",\"@id\":\"https:\/\/projekt.vombat.ee\/eco\/fi\/myym%C3%A4l%C3%A4\/tuotemerkit\/joyor\/joyor-f5s-sahkoskootteri-55km\/#primaryimage\",\"url\":\"https:\/\/projekt.vombat.ee\/eco\/wp-content\/uploads\/2023\/03\/Model-F5S-Black-Front.jpg\",\"contentUrl\":\"https:\/\/projekt.vombat.ee\/eco\/wp-content\/uploads\/2023\/03\/Model-F5S-Black-Front.jpg\",\"width\":2000,\"height\":2000,\"caption\":\"JOYOR F5S+\"},{\"@type\":\"BreadcrumbList\",\"@id\":\"https:\/\/projekt.vombat.ee\/eco\/fi\/myym%C3%A4l%C3%A4\/tuotemerkit\/joyor\/joyor-f5s-sahkoskootteri-55km\/#breadcrumb\",\"itemListElement\":[{\"@type\":\"ListItem\",\"position\":1,\"name\":\"Home\",\"item\":\"https:\/\/projekt.vombat.ee\/eco\/\"},{\"@type\":\"ListItem\",\"position\":2,\"name\":\"Pood\",\"item\":\"https:\/\/projekt.vombat.ee\/eco\/pood\/\"},{\"@type\":\"ListItem\",\"position\":3,\"name\":\"Joyor F5S+ S\u00e4hk\u00f6skootteri, 55km\"}]},{\"@type\":\"WebSite\",\"@id\":\"https:\/\/projekt.vombat.ee\/eco\/#website\",\"url\":\"https:\/\/projekt.vombat.ee\/eco\/\",\"name\":\"Ecocruiser\",\"description\":\"\",\"publisher\":{\"@id\":\"https:\/\/projekt.vombat.ee\/eco\/#organization\"},\"potentialAction\":[{\"@type\":\"SearchAction\",\"target\":{\"@type\":\"EntryPoint\",\"urlTemplate\":\"https:\/\/projekt.vombat.ee\/eco\/?s={search_term_string}\"},\"query-input\":{\"@type\":\"PropertyValueSpecification\",\"valueRequired\":true,\"valueName\":\"search_term_string\"}}],\"inLanguage\":\"en-GB\"},{\"@type\":\"Organization\",\"@id\":\"https:\/\/projekt.vombat.ee\/eco\/#organization\",\"name\":\"Ecocruiser\",\"url\":\"https:\/\/projekt.vombat.ee\/eco\/\",\"logo\":{\"@type\":\"ImageObject\",\"inLanguage\":\"en-GB\",\"@id\":\"https:\/\/projekt.vombat.ee\/eco\/#\/schema\/logo\/image\/\",\"url\":\"https:\/\/projekt.vombat.ee\/eco\/wp-content\/uploads\/2023\/03\/ECOCRUISER_5.png\",\"contentUrl\":\"https:\/\/projekt.vombat.ee\/eco\/wp-content\/uploads\/2023\/03\/ECOCRUISER_5.png\",\"width\":234,\"height\":91,\"caption\":\"Ecocruiser\"},\"image\":{\"@id\":\"https:\/\/projekt.vombat.ee\/eco\/#\/schema\/logo\/image\/\"}}]}<\/script>\n<!-- \/ Yoast SEO plugin. -->","yoast_head_json":{"title":"Joyor F5S+ S\u00e4hk\u00f6skootteri, 55km - Ecocruiser","description":"Joyor F5S+ S\u00e4hk\u00f6skootteri, 55km - Kvaliteetsed br\u00e4ndid, lai valik - Ecocruiser.ee - K\u00fcsimuste korral v\u00f5ta \u00fchendust info@projekt.vombat.ee","robots":{"index":"noindex","follow":"follow","max-snippet":"max-snippet:-1","max-image-preview":"max-image-preview:large","max-video-preview":"max-video-preview:-1"},"og_locale":"en_GB","og_type":"article","og_title":"Joyor F5S+ S\u00e4hk\u00f6skootteri, 55km - Ecocruiser","og_description":"Joyor F5S+ S\u00e4hk\u00f6skootteri, 55km - Kvaliteetsed br\u00e4ndid, lai valik - Ecocruiser.ee - K\u00fcsimuste korral v\u00f5ta \u00fchendust info@projekt.vombat.ee","og_url":"https:\/\/projekt.vombat.ee\/eco\/fi\/myym\u00e4l\u00e4\/tuotemerkit\/joyor\/joyor-f5s-sahkoskootteri-55km\/","og_site_name":"Ecocruiser","article_modified_time":"2024-01-12T18:55:49+00:00","og_image":[{"width":2000,"height":2000,"url":"https:\/\/projekt.vombat.ee\/eco\/wp-content\/uploads\/2023\/03\/Model-F5S-Black-Front.jpg","type":"image\/jpeg"}],"twitter_card":"summary_large_image","twitter_misc":{"Estimated reading time":"1 minute"},"schema":{"@context":"https:\/\/schema.org","@graph":[{"@type":"WebPage","@id":"https:\/\/projekt.vombat.ee\/eco\/fi\/myym%C3%A4l%C3%A4\/tuotemerkit\/joyor\/joyor-f5s-sahkoskootteri-55km\/","url":"https:\/\/projekt.vombat.ee\/eco\/fi\/myym%C3%A4l%C3%A4\/tuotemerkit\/joyor\/joyor-f5s-sahkoskootteri-55km\/","name":"Joyor F5S+ S\u00e4hk\u00f6skootteri, 55km - Ecocruiser","isPartOf":{"@id":"https:\/\/projekt.vombat.ee\/eco\/#website"},"primaryImageOfPage":{"@id":"https:\/\/projekt.vombat.ee\/eco\/fi\/myym%C3%A4l%C3%A4\/tuotemerkit\/joyor\/joyor-f5s-sahkoskootteri-55km\/#primaryimage"},"image":{"@id":"https:\/\/projekt.vombat.ee\/eco\/fi\/myym%C3%A4l%C3%A4\/tuotemerkit\/joyor\/joyor-f5s-sahkoskootteri-55km\/#primaryimage"},"thumbnailUrl":"https:\/\/projekt.vombat.ee\/eco\/wp-content\/uploads\/2023\/03\/Model-F5S-Black-Front.jpg","datePublished":"2023-03-29T10:58:02+00:00","dateModified":"2024-01-12T18:55:49+00:00","description":"Joyor F5S+ S\u00e4hk\u00f6skootteri, 55km - Kvaliteetsed br\u00e4ndid, lai valik - Ecocruiser.ee - K\u00fcsimuste korral v\u00f5ta \u00fchendust info@projekt.vombat.ee","breadcrumb":{"@id":"https:\/\/projekt.vombat.ee\/eco\/fi\/myym%C3%A4l%C3%A4\/tuotemerkit\/joyor\/joyor-f5s-sahkoskootteri-55km\/#breadcrumb"},"inLanguage":"en-GB","potentialAction":[{"@type":"ReadAction","target":["https:\/\/projekt.vombat.ee\/eco\/fi\/myym%C3%A4l%C3%A4\/tuotemerkit\/joyor\/joyor-f5s-sahkoskootteri-55km\/"]}]},{"@type":"ImageObject","inLanguage":"en-GB","@id":"https:\/\/projekt.vombat.ee\/eco\/fi\/myym%C3%A4l%C3%A4\/tuotemerkit\/joyor\/joyor-f5s-sahkoskootteri-55km\/#primaryimage","url":"https:\/\/projekt.vombat.ee\/eco\/wp-content\/uploads\/2023\/03\/Model-F5S-Black-Front.jpg","contentUrl":"https:\/\/projekt.vombat.ee\/eco\/wp-content\/uploads\/2023\/03\/Model-F5S-Black-Front.jpg","width":2000,"height":2000,"caption":"JOYOR F5S+"},{"@type":"BreadcrumbList","@id":"https:\/\/projekt.vombat.ee\/eco\/fi\/myym%C3%A4l%C3%A4\/tuotemerkit\/joyor\/joyor-f5s-sahkoskootteri-55km\/#breadcrumb","itemListElement":[{"@type":"ListItem","position":1,"name":"Home","item":"https:\/\/projekt.vombat.ee\/eco\/"},{"@type":"ListItem","position":2,"name":"Pood","item":"https:\/\/projekt.vombat.ee\/eco\/pood\/"},{"@type":"ListItem","position":3,"name":"Joyor F5S+ S\u00e4hk\u00f6skootteri, 55km"}]},{"@type":"WebSite","@id":"https:\/\/projekt.vombat.ee\/eco\/#website","url":"https:\/\/projekt.vombat.ee\/eco\/","name":"Ecocruiser","description":"","publisher":{"@id":"https:\/\/projekt.vombat.ee\/eco\/#organization"},"potentialAction":[{"@type":"SearchAction","target":{"@type":"EntryPoint","urlTemplate":"https:\/\/projekt.vombat.ee\/eco\/?s={search_term_string}"},"query-input":{"@type":"PropertyValueSpecification","valueRequired":true,"valueName":"search_term_string"}}],"inLanguage":"en-GB"},{"@type":"Organization","@id":"https:\/\/projekt.vombat.ee\/eco\/#organization","name":"Ecocruiser","url":"https:\/\/projekt.vombat.ee\/eco\/","logo":{"@type":"ImageObject","inLanguage":"en-GB","@id":"https:\/\/projekt.vombat.ee\/eco\/#\/schema\/logo\/image\/","url":"https:\/\/projekt.vombat.ee\/eco\/wp-content\/uploads\/2023\/03\/ECOCRUISER_5.png","contentUrl":"https:\/\/projekt.vombat.ee\/eco\/wp-content\/uploads\/2023\/03\/ECOCRUISER_5.png","width":234,"height":91,"caption":"Ecocruiser"},"image":{"@id":"https:\/\/projekt.vombat.ee\/eco\/#\/schema\/logo\/image\/"}}]}},"lang":"fi","translations":{"fi":7800,"et":6329},"pll_sync_post":[],"_links":{"self":[{"href":"https:\/\/projekt.vombat.ee\/eco\/wp-json\/wp\/v2\/product\/7800"}],"collection":[{"href":"https:\/\/projekt.vombat.ee\/eco\/wp-json\/wp\/v2\/product"}],"about":[{"href":"https:\/\/projekt.vombat.ee\/eco\/wp-json\/wp\/v2\/types\/product"}],"version-history":[{"count":1,"href":"https:\/\/projekt.vombat.ee\/eco\/wp-json\/wp\/v2\/product\/7800\/revisions"}],"predecessor-version":[{"id":7828,"href":"https:\/\/projekt.vombat.ee\/eco\/wp-json\/wp\/v2\/product\/7800\/revisions\/7828"}],"wp:featuredmedia":[{"embeddable":true,"href":"https:\/\/projekt.vombat.ee\/eco\/wp-json\/wp\/v2\/media\/7655"}],"wp:attachment":[{"href":"https:\/\/projekt.vombat.ee\/eco\/wp-json\/wp\/v2\/media?parent=7800"}],"wp:term":[{"taxonomy":"product_cat","embeddable":true,"href":"https:\/\/projekt.vombat.ee\/eco\/wp-json\/wp\/v2\/product_cat?post=7800"},{"taxonomy":"product_tag","embeddable":true,"href":"https:\/\/projekt.vombat.ee\/eco\/wp-json\/wp\/v2\/product_tag?post=7800"}],"curies":[{"name":"wp","href":"https:\/\/api.w.org\/{rel}","templated":true}]}}