{"id":7778,"date":"2023-03-26T21:30:05","date_gmt":"2023-03-26T21:30:05","guid":{"rendered":"https:\/\/projekt.vombat.ee\/eco\/?post_type=product&#038;p=7778"},"modified":"2024-07-30T07:05:19","modified_gmt":"2024-07-30T07:05:19","slug":"kugoo-kirin-m5-pro-sahkoskootteri-70-km","status":"publish","type":"product","link":"https:\/\/projekt.vombat.ee\/eco\/fi\/myym%C3%A4l%C3%A4\/sahkopotkulaudat\/voimakas-sahkopotkulaudat\/kugoo-kirin-m5-pro-sahkoskootteri-70-km\/","title":{"rendered":"Kugoo Kirin M5 Pro, 70 km"},"content":{"rendered":"<h1>KUGOO KIRIN M5 PRO S\u00c4HK\u00d6SKOOTTERI, 70KM<\/h1>\n<p><img decoding=\"async\" class=\"\" src=\"https:\/\/cdn.shopify.com\/s\/files\/1\/0291\/3422\/5501\/files\/Kukirin_M5_Pro_Desktop_Detail_16_1920x.jpg?v=1677837700%20alt=\" \/><\/p>\n<h2>TEHOKAS MOOTTORI &amp; AKKU<\/h2>\n<p>1000 W:n moottorilla toimiva Kugoo Kirin M5 Pro saavuttaa 1200 W:n maksimitehon ja 52 km\/h maksiminopeuden, joten voit nauttia tehokkaasta ja j\u00e4nnitt\u00e4v\u00e4st\u00e4 maastoajosta. M5 Pro on yhdistelm\u00e4 s\u00e4hk\u00f6skootterien parhaita ominaisuuksia. T\u00e4m\u00e4 malli sopii ajamiseen kaupungissa, puistoissa, maastossa ja poikkiradalla. Tehokas 1000 W moottori ja 70 km ajomatka tekev\u00e4t ajamisesta nautinnollista ja huoletonta.<\/p>\n<p>Kirin M5 Pro on varustettu 960 Wh:n akulla, joka mahdollistaa 70 km:n maksimimatkan t\u00e4ydell\u00e4 latauksella, mik\u00e4 on pidempi kuin useimmat maastoskootterit ja riitt\u00e4v\u00e4n pitk\u00e4 p\u00e4iv\u00e4retkille.<\/p>\n<h3>PREMIUM AJOMUKAVUUS<\/h3>\n<p>M5 Prossa on etu- ja takalevyjarrut turvalliseen jarrutukseen. Siin\u00e4 on t\u00e4ysjousitus nelj\u00e4ll\u00e4 iskunvaimentimella, jotka v\u00e4hent\u00e4v\u00e4t iskua tehokkaasti ja tarjoavat sinulle mukavan ajon.<\/p>\n<p>\u00c4lykk\u00e4\u00e4n LCD-kojelaudan avulla voit tarkistaa useita tietoja, kuten nopeuden, akun varaustason, et\u00e4isyyden, vaihdevivun jne. Voit my\u00f6s vaihtaa helposti kolmen nopeustason v\u00e4lill\u00e4.<\/p>\n<h3>KUGOO KIRIN M5 PRO &#8211; TURVALLINEN JA VAKAA<\/h3>\n<p>M5 Prossa on 7 valoa, mukaan lukien 2 etuvaloa, 2 etuvaloa, 2 takasivuvaloa ja takajarruvalo. Innovatiivinen valaistusj\u00e4rjestelm\u00e4 tekee ajamisestasi turvallisempaa.<\/p>\n<p>11 tuuman etu- ja 10 tuuman takarenkailla M5 Pro mukautuu erilaisiin maastoihin ja ajaa sujuvammin. 255 mm jalkalauta on tarpeeksi leve\u00e4, jotta voit seist\u00e4 turvallisesti ja mukavasti.<\/p>\n<p>Kirin M5 Prossa on 3 nopeustilaa erilaisiin tarpeisiisi, mukaan lukien 29\/42\/52 km\/h. Hidasnopeustilan avulla voit nauttia tienvarsimaisemista ajon aikana. Medium-tilassa voit nauttia ajonautinnosta. Vaihda pikatilaan, niin sinulla on nopeampi ja j\u00e4nnitt\u00e4v\u00e4mpi maastoajo.<\/p>\n<p>&nbsp;<\/p>\n<h3>KUGOO KIRIN M5 PRO TEKNISET TIEDOT<\/h3>\n<p>Nopeustila: 52 km\/h<br \/>\nHuippunopeus kaikissa tiloissa: 29km\/h 42km\/h 52km\/h<br \/>\nMax ajoet\u00e4isyys: 60-70km<\/p>\n<p>Moottorin nimellisteho: 1200W<br \/>\nNousukulma: 15\u00b0<br \/>\nJarruj\u00e4rjestelm\u00e4: Kaksoislevyjarru<br \/>\nPy\u00f6r\u00e4n koko: Edess\u00e4 11&#8243; ja takana 10&#8243;<br \/>\nKoko: 1187 * 620 * 1315 mm<br \/>\nPaino: 36,2 kg<br \/>\nMax kuormitus: 120 kg<br \/>\nLatausaika: 8-10h<\/p>\n<p>&nbsp;<\/p>\n<p><strong>HUOM!<\/strong> Suosittelemme aina <a href=\"https:\/\/projekt.vombat.ee\/eco\/pood\/?product-cata=707\">kyp\u00e4r\u00e4n<\/a> k\u00e4ytt\u00f6\u00e4 s\u00e4hk\u00f6skootterilla ajettaessa. Alle 16-vuotiaiden ratsastajien kyp\u00e4r\u00e4n k\u00e4ytt\u00f6 s\u00e4hk\u00f6iskulla ajaessa on <a href=\"https:\/\/www.riigiteataja.ee\/akt\/113112020001\">lain<\/a> mukaan pakollista.<\/p>\n","protected":false},"excerpt":{"rendered":"<p><strong>KUGOO KIRIN M5 PRO S\u00c4HK\u00d6SKOOTTERI<\/strong><\/p>\n<p>&nbsp;<\/p>\n<ul>\n<li>Suurin ajomatka: 60-70 km<\/li>\n<li>Kantavuus: 120 kg<\/li>\n<li>Moottorin teho: 1200W<\/li>\n<li>Latausaika: 8-10 tuntia<\/li>\n<li>Akku: 20Ah<\/li>\n<li>Suurin nopeus: 52 km\/h<\/li>\n<\/ul>\n<p>&nbsp;<\/p>\n<p><strong>\u2666 Toimitusaika 3-8 p\u00e4iv\u00e4\u00e4<\/strong><br \/>\n<strong>\u2666 Varastossa<\/strong><\/p>\n","protected":false},"featured_media":16529,"template":"","meta":[],"product_cat":[1294,971,1343,975],"product_tag":[],"class_list":{"0":"post-7778","1":"product","2":"type-product","3":"status-publish","4":"has-post-thumbnail","6":"product_cat-kugoo","7":"product_cat-sahkopotkulaudat","8":"product_cat-top-5-sahkopotkulaudat","9":"product_cat-voimakas-sahkopotkulaudat","10":"product_shipping_class-suured-pakid","12":"first","13":"onbackorder","14":"sale","15":"taxable","16":"shipping-taxable","17":"purchasable","18":"product-type-simple"},"yoast_head":"<!-- This site is optimized with the Yoast SEO plugin v23.8 - https:\/\/yoast.com\/wordpress\/plugins\/seo\/ -->\n<title>Kugoo Kirin M5 Pro, 70 km - Ecocruiser<\/title>\n<meta name=\"description\" content=\"Kugoo Kirin M5 Pro, 70 km - Kvaliteetsed kaubam\u00e4rgid, lai valik - Ecocruiser.ee - K\u00f6veste korral v\u00f5a ogyots info@projekt.vombat.ee\" \/>\n<meta name=\"robots\" content=\"noindex, follow, max-snippet:-1, max-image-preview:large, max-video-preview:-1\" \/>\n<meta property=\"og:locale\" content=\"en_GB\" \/>\n<meta property=\"og:type\" content=\"article\" \/>\n<meta property=\"og:title\" content=\"Kugoo Kirin M5 Pro, 70 km - Ecocruiser\" \/>\n<meta property=\"og:description\" content=\"Kugoo Kirin M5 Pro, 70 km - Kvaliteetsed kaubam\u00e4rgid, lai valik - Ecocruiser.ee - K\u00f6veste korral v\u00f5a ogyots info@projekt.vombat.ee\" \/>\n<meta property=\"og:url\" content=\"https:\/\/projekt.vombat.ee\/eco\/fi\/myym\u00e4l\u00e4\/sahkopotkulaudat\/voimakas-sahkopotkulaudat\/kugoo-kirin-m5-pro-sahkoskootteri-70-km\/\" \/>\n<meta property=\"og:site_name\" content=\"Ecocruiser\" \/>\n<meta property=\"article:modified_time\" content=\"2024-07-30T07:05:19+00:00\" \/>\n<meta property=\"og:image\" content=\"https:\/\/projekt.vombat.ee\/eco\/wp-content\/uploads\/2023\/03\/9c8dffb7a1a95230986c848140016261.png\" \/>\n\t<meta property=\"og:image:width\" content=\"892\" \/>\n\t<meta property=\"og:image:height\" content=\"848\" \/>\n\t<meta property=\"og:image:type\" content=\"image\/png\" \/>\n<meta name=\"twitter:card\" content=\"summary_large_image\" \/>\n<meta name=\"twitter:label1\" content=\"Estimated reading time\" \/>\n\t<meta name=\"twitter:data1\" content=\"2 minutes\" \/>\n<script type=\"application\/ld+json\" class=\"yoast-schema-graph\">{\"@context\":\"https:\/\/schema.org\",\"@graph\":[{\"@type\":\"WebPage\",\"@id\":\"https:\/\/projekt.vombat.ee\/eco\/fi\/myym%C3%A4l%C3%A4\/sahkopotkulaudat\/voimakas-sahkopotkulaudat\/kugoo-kirin-m5-pro-sahkoskootteri-70-km\/\",\"url\":\"https:\/\/projekt.vombat.ee\/eco\/fi\/myym%C3%A4l%C3%A4\/sahkopotkulaudat\/voimakas-sahkopotkulaudat\/kugoo-kirin-m5-pro-sahkoskootteri-70-km\/\",\"name\":\"Kugoo Kirin M5 Pro, 70 km - Ecocruiser\",\"isPartOf\":{\"@id\":\"https:\/\/projekt.vombat.ee\/eco\/#website\"},\"primaryImageOfPage\":{\"@id\":\"https:\/\/projekt.vombat.ee\/eco\/fi\/myym%C3%A4l%C3%A4\/sahkopotkulaudat\/voimakas-sahkopotkulaudat\/kugoo-kirin-m5-pro-sahkoskootteri-70-km\/#primaryimage\"},\"image\":{\"@id\":\"https:\/\/projekt.vombat.ee\/eco\/fi\/myym%C3%A4l%C3%A4\/sahkopotkulaudat\/voimakas-sahkopotkulaudat\/kugoo-kirin-m5-pro-sahkoskootteri-70-km\/#primaryimage\"},\"thumbnailUrl\":\"https:\/\/projekt.vombat.ee\/eco\/wp-content\/uploads\/2023\/03\/9c8dffb7a1a95230986c848140016261.png\",\"datePublished\":\"2023-03-26T21:30:05+00:00\",\"dateModified\":\"2024-07-30T07:05:19+00:00\",\"description\":\"Kugoo Kirin M5 Pro, 70 km - Kvaliteetsed kaubam\u00e4rgid, lai valik - Ecocruiser.ee - K\u00f6veste korral v\u00f5a ogyots info@projekt.vombat.ee\",\"breadcrumb\":{\"@id\":\"https:\/\/projekt.vombat.ee\/eco\/fi\/myym%C3%A4l%C3%A4\/sahkopotkulaudat\/voimakas-sahkopotkulaudat\/kugoo-kirin-m5-pro-sahkoskootteri-70-km\/#breadcrumb\"},\"inLanguage\":\"en-GB\",\"potentialAction\":[{\"@type\":\"ReadAction\",\"target\":[\"https:\/\/projekt.vombat.ee\/eco\/fi\/myym%C3%A4l%C3%A4\/sahkopotkulaudat\/voimakas-sahkopotkulaudat\/kugoo-kirin-m5-pro-sahkoskootteri-70-km\/\"]}]},{\"@type\":\"ImageObject\",\"inLanguage\":\"en-GB\",\"@id\":\"https:\/\/projekt.vombat.ee\/eco\/fi\/myym%C3%A4l%C3%A4\/sahkopotkulaudat\/voimakas-sahkopotkulaudat\/kugoo-kirin-m5-pro-sahkoskootteri-70-km\/#primaryimage\",\"url\":\"https:\/\/projekt.vombat.ee\/eco\/wp-content\/uploads\/2023\/03\/9c8dffb7a1a95230986c848140016261.png\",\"contentUrl\":\"https:\/\/projekt.vombat.ee\/eco\/wp-content\/uploads\/2023\/03\/9c8dffb7a1a95230986c848140016261.png\",\"width\":892,\"height\":848},{\"@type\":\"BreadcrumbList\",\"@id\":\"https:\/\/projekt.vombat.ee\/eco\/fi\/myym%C3%A4l%C3%A4\/sahkopotkulaudat\/voimakas-sahkopotkulaudat\/kugoo-kirin-m5-pro-sahkoskootteri-70-km\/#breadcrumb\",\"itemListElement\":[{\"@type\":\"ListItem\",\"position\":1,\"name\":\"Home\",\"item\":\"https:\/\/projekt.vombat.ee\/eco\/\"},{\"@type\":\"ListItem\",\"position\":2,\"name\":\"Pood\",\"item\":\"https:\/\/projekt.vombat.ee\/eco\/pood\/\"},{\"@type\":\"ListItem\",\"position\":3,\"name\":\"Kugoo Kirin M5 Pro, 70 km\"}]},{\"@type\":\"WebSite\",\"@id\":\"https:\/\/projekt.vombat.ee\/eco\/#website\",\"url\":\"https:\/\/projekt.vombat.ee\/eco\/\",\"name\":\"Ecocruiser\",\"description\":\"\",\"publisher\":{\"@id\":\"https:\/\/projekt.vombat.ee\/eco\/#organization\"},\"potentialAction\":[{\"@type\":\"SearchAction\",\"target\":{\"@type\":\"EntryPoint\",\"urlTemplate\":\"https:\/\/projekt.vombat.ee\/eco\/?s={search_term_string}\"},\"query-input\":{\"@type\":\"PropertyValueSpecification\",\"valueRequired\":true,\"valueName\":\"search_term_string\"}}],\"inLanguage\":\"en-GB\"},{\"@type\":\"Organization\",\"@id\":\"https:\/\/projekt.vombat.ee\/eco\/#organization\",\"name\":\"Ecocruiser\",\"url\":\"https:\/\/projekt.vombat.ee\/eco\/\",\"logo\":{\"@type\":\"ImageObject\",\"inLanguage\":\"en-GB\",\"@id\":\"https:\/\/projekt.vombat.ee\/eco\/#\/schema\/logo\/image\/\",\"url\":\"https:\/\/projekt.vombat.ee\/eco\/wp-content\/uploads\/2023\/03\/ECOCRUISER_5.png\",\"contentUrl\":\"https:\/\/projekt.vombat.ee\/eco\/wp-content\/uploads\/2023\/03\/ECOCRUISER_5.png\",\"width\":234,\"height\":91,\"caption\":\"Ecocruiser\"},\"image\":{\"@id\":\"https:\/\/projekt.vombat.ee\/eco\/#\/schema\/logo\/image\/\"}}]}<\/script>\n<!-- \/ Yoast SEO plugin. -->","yoast_head_json":{"title":"Kugoo Kirin M5 Pro, 70 km - Ecocruiser","description":"Kugoo Kirin M5 Pro, 70 km - Kvaliteetsed kaubam\u00e4rgid, lai valik - Ecocruiser.ee - K\u00f6veste korral v\u00f5a ogyots info@projekt.vombat.ee","robots":{"index":"noindex","follow":"follow","max-snippet":"max-snippet:-1","max-image-preview":"max-image-preview:large","max-video-preview":"max-video-preview:-1"},"og_locale":"en_GB","og_type":"article","og_title":"Kugoo Kirin M5 Pro, 70 km - Ecocruiser","og_description":"Kugoo Kirin M5 Pro, 70 km - Kvaliteetsed kaubam\u00e4rgid, lai valik - Ecocruiser.ee - K\u00f6veste korral v\u00f5a ogyots info@projekt.vombat.ee","og_url":"https:\/\/projekt.vombat.ee\/eco\/fi\/myym\u00e4l\u00e4\/sahkopotkulaudat\/voimakas-sahkopotkulaudat\/kugoo-kirin-m5-pro-sahkoskootteri-70-km\/","og_site_name":"Ecocruiser","article_modified_time":"2024-07-30T07:05:19+00:00","og_image":[{"width":892,"height":848,"url":"https:\/\/projekt.vombat.ee\/eco\/wp-content\/uploads\/2023\/03\/9c8dffb7a1a95230986c848140016261.png","type":"image\/png"}],"twitter_card":"summary_large_image","twitter_misc":{"Estimated reading time":"2 minutes"},"schema":{"@context":"https:\/\/schema.org","@graph":[{"@type":"WebPage","@id":"https:\/\/projekt.vombat.ee\/eco\/fi\/myym%C3%A4l%C3%A4\/sahkopotkulaudat\/voimakas-sahkopotkulaudat\/kugoo-kirin-m5-pro-sahkoskootteri-70-km\/","url":"https:\/\/projekt.vombat.ee\/eco\/fi\/myym%C3%A4l%C3%A4\/sahkopotkulaudat\/voimakas-sahkopotkulaudat\/kugoo-kirin-m5-pro-sahkoskootteri-70-km\/","name":"Kugoo Kirin M5 Pro, 70 km - Ecocruiser","isPartOf":{"@id":"https:\/\/projekt.vombat.ee\/eco\/#website"},"primaryImageOfPage":{"@id":"https:\/\/projekt.vombat.ee\/eco\/fi\/myym%C3%A4l%C3%A4\/sahkopotkulaudat\/voimakas-sahkopotkulaudat\/kugoo-kirin-m5-pro-sahkoskootteri-70-km\/#primaryimage"},"image":{"@id":"https:\/\/projekt.vombat.ee\/eco\/fi\/myym%C3%A4l%C3%A4\/sahkopotkulaudat\/voimakas-sahkopotkulaudat\/kugoo-kirin-m5-pro-sahkoskootteri-70-km\/#primaryimage"},"thumbnailUrl":"https:\/\/projekt.vombat.ee\/eco\/wp-content\/uploads\/2023\/03\/9c8dffb7a1a95230986c848140016261.png","datePublished":"2023-03-26T21:30:05+00:00","dateModified":"2024-07-30T07:05:19+00:00","description":"Kugoo Kirin M5 Pro, 70 km - Kvaliteetsed kaubam\u00e4rgid, lai valik - Ecocruiser.ee - K\u00f6veste korral v\u00f5a ogyots info@projekt.vombat.ee","breadcrumb":{"@id":"https:\/\/projekt.vombat.ee\/eco\/fi\/myym%C3%A4l%C3%A4\/sahkopotkulaudat\/voimakas-sahkopotkulaudat\/kugoo-kirin-m5-pro-sahkoskootteri-70-km\/#breadcrumb"},"inLanguage":"en-GB","potentialAction":[{"@type":"ReadAction","target":["https:\/\/projekt.vombat.ee\/eco\/fi\/myym%C3%A4l%C3%A4\/sahkopotkulaudat\/voimakas-sahkopotkulaudat\/kugoo-kirin-m5-pro-sahkoskootteri-70-km\/"]}]},{"@type":"ImageObject","inLanguage":"en-GB","@id":"https:\/\/projekt.vombat.ee\/eco\/fi\/myym%C3%A4l%C3%A4\/sahkopotkulaudat\/voimakas-sahkopotkulaudat\/kugoo-kirin-m5-pro-sahkoskootteri-70-km\/#primaryimage","url":"https:\/\/projekt.vombat.ee\/eco\/wp-content\/uploads\/2023\/03\/9c8dffb7a1a95230986c848140016261.png","contentUrl":"https:\/\/projekt.vombat.ee\/eco\/wp-content\/uploads\/2023\/03\/9c8dffb7a1a95230986c848140016261.png","width":892,"height":848},{"@type":"BreadcrumbList","@id":"https:\/\/projekt.vombat.ee\/eco\/fi\/myym%C3%A4l%C3%A4\/sahkopotkulaudat\/voimakas-sahkopotkulaudat\/kugoo-kirin-m5-pro-sahkoskootteri-70-km\/#breadcrumb","itemListElement":[{"@type":"ListItem","position":1,"name":"Home","item":"https:\/\/projekt.vombat.ee\/eco\/"},{"@type":"ListItem","position":2,"name":"Pood","item":"https:\/\/projekt.vombat.ee\/eco\/pood\/"},{"@type":"ListItem","position":3,"name":"Kugoo Kirin M5 Pro, 70 km"}]},{"@type":"WebSite","@id":"https:\/\/projekt.vombat.ee\/eco\/#website","url":"https:\/\/projekt.vombat.ee\/eco\/","name":"Ecocruiser","description":"","publisher":{"@id":"https:\/\/projekt.vombat.ee\/eco\/#organization"},"potentialAction":[{"@type":"SearchAction","target":{"@type":"EntryPoint","urlTemplate":"https:\/\/projekt.vombat.ee\/eco\/?s={search_term_string}"},"query-input":{"@type":"PropertyValueSpecification","valueRequired":true,"valueName":"search_term_string"}}],"inLanguage":"en-GB"},{"@type":"Organization","@id":"https:\/\/projekt.vombat.ee\/eco\/#organization","name":"Ecocruiser","url":"https:\/\/projekt.vombat.ee\/eco\/","logo":{"@type":"ImageObject","inLanguage":"en-GB","@id":"https:\/\/projekt.vombat.ee\/eco\/#\/schema\/logo\/image\/","url":"https:\/\/projekt.vombat.ee\/eco\/wp-content\/uploads\/2023\/03\/ECOCRUISER_5.png","contentUrl":"https:\/\/projekt.vombat.ee\/eco\/wp-content\/uploads\/2023\/03\/ECOCRUISER_5.png","width":234,"height":91,"caption":"Ecocruiser"},"image":{"@id":"https:\/\/projekt.vombat.ee\/eco\/#\/schema\/logo\/image\/"}}]}},"lang":"fi","translations":{"fi":7778,"ru":6270,"et":6261,"lv":10882,"en":15934,"fr":16961},"pll_sync_post":[],"_links":{"self":[{"href":"https:\/\/projekt.vombat.ee\/eco\/wp-json\/wp\/v2\/product\/7778"}],"collection":[{"href":"https:\/\/projekt.vombat.ee\/eco\/wp-json\/wp\/v2\/product"}],"about":[{"href":"https:\/\/projekt.vombat.ee\/eco\/wp-json\/wp\/v2\/types\/product"}],"version-history":[{"count":3,"href":"https:\/\/projekt.vombat.ee\/eco\/wp-json\/wp\/v2\/product\/7778\/revisions"}],"predecessor-version":[{"id":8442,"href":"https:\/\/projekt.vombat.ee\/eco\/wp-json\/wp\/v2\/product\/7778\/revisions\/8442"}],"wp:featuredmedia":[{"embeddable":true,"href":"https:\/\/projekt.vombat.ee\/eco\/wp-json\/wp\/v2\/media\/16529"}],"wp:attachment":[{"href":"https:\/\/projekt.vombat.ee\/eco\/wp-json\/wp\/v2\/media?parent=7778"}],"wp:term":[{"taxonomy":"product_cat","embeddable":true,"href":"https:\/\/projekt.vombat.ee\/eco\/wp-json\/wp\/v2\/product_cat?post=7778"},{"taxonomy":"product_tag","embeddable":true,"href":"https:\/\/projekt.vombat.ee\/eco\/wp-json\/wp\/v2\/product_tag?post=7778"}],"curies":[{"name":"wp","href":"https:\/\/api.w.org\/{rel}","templated":true}]}}