{"id":7775,"date":"2023-03-26T21:17:57","date_gmt":"2023-03-26T21:17:57","guid":{"rendered":"https:\/\/projekt.vombat.ee\/eco\/?post_type=product&#038;p=7775"},"modified":"2024-05-14T11:39:20","modified_gmt":"2024-05-14T11:39:20","slug":"kugoo-kirin-s3-sahkoskootteri-30km","status":"publish","type":"product","link":"https:\/\/projekt.vombat.ee\/eco\/fi\/myym%C3%A4l%C3%A4\/sahkopotkulaudat\/kaupungin-sahkopotkulaudat\/kugoo-kirin-s3-sahkoskootteri-30km\/","title":{"rendered":"Kugoo Kirin S3 s\u00e4hk\u00f6skootteri, 30km"},"content":{"rendered":"<h1>KUGOO KIRIN S3 S\u00c4HK\u00d6SKOOTTERI<\/h1>\n<p>&nbsp;<\/p>\n<h3>TEHOKAS MOOTTORI JA AKKU<\/h3>\n<p>Kugoo S3 pro on varustettu tehokkaalla 350 W:n moottorilla ja 6 Ah:n litiumioniakulla. Yhdell\u00e4 latauksella voi ajaa jopa 30 km.<\/p>\n<h3>KUGOO S3 &#8211; TURVALLINEN JA VAKAA<\/h3>\n<p>Vahva tarttuvuus, kulutusta kest\u00e4v\u00e4 ja turvallinen. Se sopii erilaisille teille. Nopeutta voidaan ohjata yhdell\u00e4 n\u00e4pp\u00e4imell\u00e4 eri tienpinnan olosuhteiden mukaan, mik\u00e4 tekee ajamisesta mukavampaa ja turvallisempaa.<\/p>\n<p>Hyvin valaistun n\u00e4yt\u00f6n avulla voit seurata nopeutta, kuljettua matkaa, akun kestoa ja kuljettua aikaa. Kirkas ajovalo voi valaista tiesi, ja punainen takavalo voi saada muut huomaamaan sinut, ja molemmat voivat tarjota sinulle turvallisemman ajon y\u00f6ll\u00e4.<\/p>\n<p>Etu- ja takaiskunvaimentimet auttavat sinua nauttimaan mukavasta ajamisesta. Lis\u00e4ksi on mahdollista s\u00e4\u00e4t\u00e4\u00e4 ohjaustangon korkeutta: 930mm, 1070mm ja 1160mm. Kugoo S3 s\u00e4hk\u00f6skootteri on eritt\u00e4in hyv\u00e4 vastine rahalle.<\/p>\n<h3>KUGOO S3 TEKNISET TIEDOT<\/h3>\n<p>Nopeustila: 15KM\/H; 25KM\/H; 30 km\/h<br \/>\nAkku: 6Ah<br \/>\nMax ajoet\u00e4isyys: 30 KM<br \/>\nMaksiminopeus: 25\/30km\/h<br \/>\nMax kuormitus: 120 kg<\/p>\n<p>valaistus: etuvalo, takavalo<br \/>\nAkun kapasiteetti: 6Ah<br \/>\nAku pinge: 36V<br \/>\nMoottorityyppi: Harjaton DC-moottori<\/p>\n<p>Moottorin nimellisteho: 350W<br \/>\nMoottorin suurin py\u00f6rimisnopeus: 700R\/min<br \/>\nMoottorin nimellisj\u00e4nnite: 36V<br \/>\nSuurin v\u00e4\u00e4nt\u00f6momentti: 13,3 N.M<br \/>\nLatausaika: 4h<\/p>\n<p>Vesitiivis: IP54<br \/>\nNousukulma: 15 astetta<br \/>\nPy\u00f6r\u00e4n koko: 8,0&#8243; kiinte\u00e4 luistonestorengas<br \/>\nJarrumatka: 4M<\/p>\n<p>Tuotteen paino: 11 kg<br \/>\nPakkauksen paino: 15 kg<br \/>\nTuotteen mitat: 1050 x 450 x 930\/1070\/1160 mm (lahti voltima)<br \/>\nTaitettava koko: 960 x 210 x 330 mm<br \/>\nPakkauksen mitat: 1030 x 210 x 405mm<\/p>\n<p>&nbsp;<\/p>\n<p><strong>HUOM!<\/strong> Suosittelemme aina <a href=\"https:\/\/projekt.vombat.ee\/eco\/pood\/?product-cata=707\">kyp\u00e4r\u00e4n<\/a> k\u00e4ytt\u00f6\u00e4 s\u00e4hk\u00f6skootterilla ajettaessa. Alle 16-vuotiaiden ratsastajien kyp\u00e4r\u00e4n k\u00e4ytt\u00f6 s\u00e4hk\u00f6iskulla ajaessa on <a href=\"https:\/\/www.riigiteataja.ee\/akt\/113112020001\">lain<\/a> mukaan pakollista.<\/p>\n","protected":false},"excerpt":{"rendered":"<p><strong>KUGOO KIRIN S3<\/strong><\/p>\n<p>&nbsp;<\/p>\n<ul>\n<li>Suurin ajomatka: 30 km<\/li>\n<li>Kantavuus: 120 kg<\/li>\n<li>Moottorin teho: 350W<\/li>\n<li>Latausaika: 4 tuntia<\/li>\n<li>Suurin nopeus: 30 km\/h<\/li>\n<\/ul>\n<p>&nbsp;<\/p>\n<p><strong>\u2666 Toimitusaika 3-8 p\u00e4iv\u00e4\u00e4<\/strong><br \/>\n<strong>\u2666 Varastossa<\/strong><\/p>\n","protected":false},"featured_media":8673,"template":"","meta":[],"product_cat":[973,1294,971],"product_tag":[],"class_list":{"0":"post-7775","1":"product","2":"type-product","3":"status-publish","4":"has-post-thumbnail","6":"product_cat-kaupungin-sahkopotkulaudat","7":"product_cat-kugoo","8":"product_cat-sahkopotkulaudat","9":"product_shipping_class-suured-pakid","11":"first","12":"instock","13":"sale","14":"taxable","15":"shipping-taxable","16":"purchasable","17":"product-type-simple"},"yoast_head":"<!-- This site is optimized with the Yoast SEO plugin v23.8 - https:\/\/yoast.com\/wordpress\/plugins\/seo\/ -->\n<title>Kugoo Kirin S3 s\u00e4hk\u00f6skootteri, 30km - Ecocruiser<\/title>\n<meta name=\"description\" content=\"Kugoo Kirin S3 s\u00e4hk\u00f6skootteri, 30km - Kvaliteetsed br\u00e4ndid, lai valik - Ecocruiser.ee - K\u00fcsimuste korral v\u00f5ta \u00fchendust info@projekt.vombat.ee\" \/>\n<meta name=\"robots\" content=\"noindex, follow, max-snippet:-1, max-image-preview:large, max-video-preview:-1\" \/>\n<meta property=\"og:locale\" content=\"en_GB\" \/>\n<meta property=\"og:type\" content=\"article\" \/>\n<meta property=\"og:title\" content=\"Kugoo Kirin S3 s\u00e4hk\u00f6skootteri, 30km - Ecocruiser\" \/>\n<meta property=\"og:description\" content=\"Kugoo Kirin S3 s\u00e4hk\u00f6skootteri, 30km - Kvaliteetsed br\u00e4ndid, lai valik - Ecocruiser.ee - K\u00fcsimuste korral v\u00f5ta \u00fchendust info@projekt.vombat.ee\" \/>\n<meta property=\"og:url\" content=\"https:\/\/projekt.vombat.ee\/eco\/fi\/myym\u00e4l\u00e4\/sahkopotkulaudat\/kaupungin-sahkopotkulaudat\/kugoo-kirin-s3-sahkoskootteri-30km\/\" \/>\n<meta property=\"og:site_name\" content=\"Ecocruiser\" \/>\n<meta property=\"article:modified_time\" content=\"2024-05-14T11:39:20+00:00\" \/>\n<meta property=\"og:image\" content=\"https:\/\/projekt.vombat.ee\/eco\/wp-content\/uploads\/2023\/03\/1-18.webp\" \/>\n\t<meta property=\"og:image:width\" content=\"1000\" \/>\n\t<meta property=\"og:image:height\" content=\"1000\" \/>\n\t<meta property=\"og:image:type\" content=\"image\/webp\" \/>\n<meta name=\"twitter:card\" content=\"summary_large_image\" \/>\n<meta name=\"twitter:label1\" content=\"Estimated reading time\" \/>\n\t<meta name=\"twitter:data1\" content=\"2 minutes\" \/>\n<script type=\"application\/ld+json\" class=\"yoast-schema-graph\">{\"@context\":\"https:\/\/schema.org\",\"@graph\":[{\"@type\":\"WebPage\",\"@id\":\"https:\/\/projekt.vombat.ee\/eco\/fi\/myym%C3%A4l%C3%A4\/sahkopotkulaudat\/kaupungin-sahkopotkulaudat\/kugoo-kirin-s3-sahkoskootteri-30km\/\",\"url\":\"https:\/\/projekt.vombat.ee\/eco\/fi\/myym%C3%A4l%C3%A4\/sahkopotkulaudat\/kaupungin-sahkopotkulaudat\/kugoo-kirin-s3-sahkoskootteri-30km\/\",\"name\":\"Kugoo Kirin S3 s\u00e4hk\u00f6skootteri, 30km - Ecocruiser\",\"isPartOf\":{\"@id\":\"https:\/\/projekt.vombat.ee\/eco\/#website\"},\"primaryImageOfPage\":{\"@id\":\"https:\/\/projekt.vombat.ee\/eco\/fi\/myym%C3%A4l%C3%A4\/sahkopotkulaudat\/kaupungin-sahkopotkulaudat\/kugoo-kirin-s3-sahkoskootteri-30km\/#primaryimage\"},\"image\":{\"@id\":\"https:\/\/projekt.vombat.ee\/eco\/fi\/myym%C3%A4l%C3%A4\/sahkopotkulaudat\/kaupungin-sahkopotkulaudat\/kugoo-kirin-s3-sahkoskootteri-30km\/#primaryimage\"},\"thumbnailUrl\":\"https:\/\/projekt.vombat.ee\/eco\/wp-content\/uploads\/2023\/03\/1-18.webp\",\"datePublished\":\"2023-03-26T21:17:57+00:00\",\"dateModified\":\"2024-05-14T11:39:20+00:00\",\"description\":\"Kugoo Kirin S3 s\u00e4hk\u00f6skootteri, 30km - Kvaliteetsed br\u00e4ndid, lai valik - Ecocruiser.ee - K\u00fcsimuste korral v\u00f5ta \u00fchendust info@projekt.vombat.ee\",\"breadcrumb\":{\"@id\":\"https:\/\/projekt.vombat.ee\/eco\/fi\/myym%C3%A4l%C3%A4\/sahkopotkulaudat\/kaupungin-sahkopotkulaudat\/kugoo-kirin-s3-sahkoskootteri-30km\/#breadcrumb\"},\"inLanguage\":\"en-GB\",\"potentialAction\":[{\"@type\":\"ReadAction\",\"target\":[\"https:\/\/projekt.vombat.ee\/eco\/fi\/myym%C3%A4l%C3%A4\/sahkopotkulaudat\/kaupungin-sahkopotkulaudat\/kugoo-kirin-s3-sahkoskootteri-30km\/\"]}]},{\"@type\":\"ImageObject\",\"inLanguage\":\"en-GB\",\"@id\":\"https:\/\/projekt.vombat.ee\/eco\/fi\/myym%C3%A4l%C3%A4\/sahkopotkulaudat\/kaupungin-sahkopotkulaudat\/kugoo-kirin-s3-sahkoskootteri-30km\/#primaryimage\",\"url\":\"https:\/\/projekt.vombat.ee\/eco\/wp-content\/uploads\/2023\/03\/1-18.webp\",\"contentUrl\":\"https:\/\/projekt.vombat.ee\/eco\/wp-content\/uploads\/2023\/03\/1-18.webp\",\"width\":1000,\"height\":1000,\"caption\":\"Kugoo S3\"},{\"@type\":\"BreadcrumbList\",\"@id\":\"https:\/\/projekt.vombat.ee\/eco\/fi\/myym%C3%A4l%C3%A4\/sahkopotkulaudat\/kaupungin-sahkopotkulaudat\/kugoo-kirin-s3-sahkoskootteri-30km\/#breadcrumb\",\"itemListElement\":[{\"@type\":\"ListItem\",\"position\":1,\"name\":\"Home\",\"item\":\"https:\/\/projekt.vombat.ee\/eco\/\"},{\"@type\":\"ListItem\",\"position\":2,\"name\":\"Pood\",\"item\":\"https:\/\/projekt.vombat.ee\/eco\/pood\/\"},{\"@type\":\"ListItem\",\"position\":3,\"name\":\"Kugoo Kirin S3 s\u00e4hk\u00f6skootteri, 30km\"}]},{\"@type\":\"WebSite\",\"@id\":\"https:\/\/projekt.vombat.ee\/eco\/#website\",\"url\":\"https:\/\/projekt.vombat.ee\/eco\/\",\"name\":\"Ecocruiser\",\"description\":\"\",\"publisher\":{\"@id\":\"https:\/\/projekt.vombat.ee\/eco\/#organization\"},\"potentialAction\":[{\"@type\":\"SearchAction\",\"target\":{\"@type\":\"EntryPoint\",\"urlTemplate\":\"https:\/\/projekt.vombat.ee\/eco\/?s={search_term_string}\"},\"query-input\":{\"@type\":\"PropertyValueSpecification\",\"valueRequired\":true,\"valueName\":\"search_term_string\"}}],\"inLanguage\":\"en-GB\"},{\"@type\":\"Organization\",\"@id\":\"https:\/\/projekt.vombat.ee\/eco\/#organization\",\"name\":\"Ecocruiser\",\"url\":\"https:\/\/projekt.vombat.ee\/eco\/\",\"logo\":{\"@type\":\"ImageObject\",\"inLanguage\":\"en-GB\",\"@id\":\"https:\/\/projekt.vombat.ee\/eco\/#\/schema\/logo\/image\/\",\"url\":\"https:\/\/projekt.vombat.ee\/eco\/wp-content\/uploads\/2023\/03\/ECOCRUISER_5.png\",\"contentUrl\":\"https:\/\/projekt.vombat.ee\/eco\/wp-content\/uploads\/2023\/03\/ECOCRUISER_5.png\",\"width\":234,\"height\":91,\"caption\":\"Ecocruiser\"},\"image\":{\"@id\":\"https:\/\/projekt.vombat.ee\/eco\/#\/schema\/logo\/image\/\"}}]}<\/script>\n<!-- \/ Yoast SEO plugin. -->","yoast_head_json":{"title":"Kugoo Kirin S3 s\u00e4hk\u00f6skootteri, 30km - Ecocruiser","description":"Kugoo Kirin S3 s\u00e4hk\u00f6skootteri, 30km - Kvaliteetsed br\u00e4ndid, lai valik - Ecocruiser.ee - K\u00fcsimuste korral v\u00f5ta \u00fchendust info@projekt.vombat.ee","robots":{"index":"noindex","follow":"follow","max-snippet":"max-snippet:-1","max-image-preview":"max-image-preview:large","max-video-preview":"max-video-preview:-1"},"og_locale":"en_GB","og_type":"article","og_title":"Kugoo Kirin S3 s\u00e4hk\u00f6skootteri, 30km - Ecocruiser","og_description":"Kugoo Kirin S3 s\u00e4hk\u00f6skootteri, 30km - Kvaliteetsed br\u00e4ndid, lai valik - Ecocruiser.ee - K\u00fcsimuste korral v\u00f5ta \u00fchendust info@projekt.vombat.ee","og_url":"https:\/\/projekt.vombat.ee\/eco\/fi\/myym\u00e4l\u00e4\/sahkopotkulaudat\/kaupungin-sahkopotkulaudat\/kugoo-kirin-s3-sahkoskootteri-30km\/","og_site_name":"Ecocruiser","article_modified_time":"2024-05-14T11:39:20+00:00","og_image":[{"width":1000,"height":1000,"url":"https:\/\/projekt.vombat.ee\/eco\/wp-content\/uploads\/2023\/03\/1-18.webp","type":"image\/webp"}],"twitter_card":"summary_large_image","twitter_misc":{"Estimated reading time":"2 minutes"},"schema":{"@context":"https:\/\/schema.org","@graph":[{"@type":"WebPage","@id":"https:\/\/projekt.vombat.ee\/eco\/fi\/myym%C3%A4l%C3%A4\/sahkopotkulaudat\/kaupungin-sahkopotkulaudat\/kugoo-kirin-s3-sahkoskootteri-30km\/","url":"https:\/\/projekt.vombat.ee\/eco\/fi\/myym%C3%A4l%C3%A4\/sahkopotkulaudat\/kaupungin-sahkopotkulaudat\/kugoo-kirin-s3-sahkoskootteri-30km\/","name":"Kugoo Kirin S3 s\u00e4hk\u00f6skootteri, 30km - Ecocruiser","isPartOf":{"@id":"https:\/\/projekt.vombat.ee\/eco\/#website"},"primaryImageOfPage":{"@id":"https:\/\/projekt.vombat.ee\/eco\/fi\/myym%C3%A4l%C3%A4\/sahkopotkulaudat\/kaupungin-sahkopotkulaudat\/kugoo-kirin-s3-sahkoskootteri-30km\/#primaryimage"},"image":{"@id":"https:\/\/projekt.vombat.ee\/eco\/fi\/myym%C3%A4l%C3%A4\/sahkopotkulaudat\/kaupungin-sahkopotkulaudat\/kugoo-kirin-s3-sahkoskootteri-30km\/#primaryimage"},"thumbnailUrl":"https:\/\/projekt.vombat.ee\/eco\/wp-content\/uploads\/2023\/03\/1-18.webp","datePublished":"2023-03-26T21:17:57+00:00","dateModified":"2024-05-14T11:39:20+00:00","description":"Kugoo Kirin S3 s\u00e4hk\u00f6skootteri, 30km - Kvaliteetsed br\u00e4ndid, lai valik - Ecocruiser.ee - K\u00fcsimuste korral v\u00f5ta \u00fchendust info@projekt.vombat.ee","breadcrumb":{"@id":"https:\/\/projekt.vombat.ee\/eco\/fi\/myym%C3%A4l%C3%A4\/sahkopotkulaudat\/kaupungin-sahkopotkulaudat\/kugoo-kirin-s3-sahkoskootteri-30km\/#breadcrumb"},"inLanguage":"en-GB","potentialAction":[{"@type":"ReadAction","target":["https:\/\/projekt.vombat.ee\/eco\/fi\/myym%C3%A4l%C3%A4\/sahkopotkulaudat\/kaupungin-sahkopotkulaudat\/kugoo-kirin-s3-sahkoskootteri-30km\/"]}]},{"@type":"ImageObject","inLanguage":"en-GB","@id":"https:\/\/projekt.vombat.ee\/eco\/fi\/myym%C3%A4l%C3%A4\/sahkopotkulaudat\/kaupungin-sahkopotkulaudat\/kugoo-kirin-s3-sahkoskootteri-30km\/#primaryimage","url":"https:\/\/projekt.vombat.ee\/eco\/wp-content\/uploads\/2023\/03\/1-18.webp","contentUrl":"https:\/\/projekt.vombat.ee\/eco\/wp-content\/uploads\/2023\/03\/1-18.webp","width":1000,"height":1000,"caption":"Kugoo S3"},{"@type":"BreadcrumbList","@id":"https:\/\/projekt.vombat.ee\/eco\/fi\/myym%C3%A4l%C3%A4\/sahkopotkulaudat\/kaupungin-sahkopotkulaudat\/kugoo-kirin-s3-sahkoskootteri-30km\/#breadcrumb","itemListElement":[{"@type":"ListItem","position":1,"name":"Home","item":"https:\/\/projekt.vombat.ee\/eco\/"},{"@type":"ListItem","position":2,"name":"Pood","item":"https:\/\/projekt.vombat.ee\/eco\/pood\/"},{"@type":"ListItem","position":3,"name":"Kugoo Kirin S3 s\u00e4hk\u00f6skootteri, 30km"}]},{"@type":"WebSite","@id":"https:\/\/projekt.vombat.ee\/eco\/#website","url":"https:\/\/projekt.vombat.ee\/eco\/","name":"Ecocruiser","description":"","publisher":{"@id":"https:\/\/projekt.vombat.ee\/eco\/#organization"},"potentialAction":[{"@type":"SearchAction","target":{"@type":"EntryPoint","urlTemplate":"https:\/\/projekt.vombat.ee\/eco\/?s={search_term_string}"},"query-input":{"@type":"PropertyValueSpecification","valueRequired":true,"valueName":"search_term_string"}}],"inLanguage":"en-GB"},{"@type":"Organization","@id":"https:\/\/projekt.vombat.ee\/eco\/#organization","name":"Ecocruiser","url":"https:\/\/projekt.vombat.ee\/eco\/","logo":{"@type":"ImageObject","inLanguage":"en-GB","@id":"https:\/\/projekt.vombat.ee\/eco\/#\/schema\/logo\/image\/","url":"https:\/\/projekt.vombat.ee\/eco\/wp-content\/uploads\/2023\/03\/ECOCRUISER_5.png","contentUrl":"https:\/\/projekt.vombat.ee\/eco\/wp-content\/uploads\/2023\/03\/ECOCRUISER_5.png","width":234,"height":91,"caption":"Ecocruiser"},"image":{"@id":"https:\/\/projekt.vombat.ee\/eco\/#\/schema\/logo\/image\/"}}]}},"lang":"fi","translations":{"fi":7775,"ru":6424,"et":6414,"fr":17070},"pll_sync_post":[],"_links":{"self":[{"href":"https:\/\/projekt.vombat.ee\/eco\/wp-json\/wp\/v2\/product\/7775"}],"collection":[{"href":"https:\/\/projekt.vombat.ee\/eco\/wp-json\/wp\/v2\/product"}],"about":[{"href":"https:\/\/projekt.vombat.ee\/eco\/wp-json\/wp\/v2\/types\/product"}],"version-history":[{"count":2,"href":"https:\/\/projekt.vombat.ee\/eco\/wp-json\/wp\/v2\/product\/7775\/revisions"}],"predecessor-version":[{"id":7823,"href":"https:\/\/projekt.vombat.ee\/eco\/wp-json\/wp\/v2\/product\/7775\/revisions\/7823"}],"wp:featuredmedia":[{"embeddable":true,"href":"https:\/\/projekt.vombat.ee\/eco\/wp-json\/wp\/v2\/media\/8673"}],"wp:attachment":[{"href":"https:\/\/projekt.vombat.ee\/eco\/wp-json\/wp\/v2\/media?parent=7775"}],"wp:term":[{"taxonomy":"product_cat","embeddable":true,"href":"https:\/\/projekt.vombat.ee\/eco\/wp-json\/wp\/v2\/product_cat?post=7775"},{"taxonomy":"product_tag","embeddable":true,"href":"https:\/\/projekt.vombat.ee\/eco\/wp-json\/wp\/v2\/product_tag?post=7775"}],"curies":[{"name":"wp","href":"https:\/\/api.w.org\/{rel}","templated":true}]}}