{"id":7620,"date":"2023-03-26T20:59:36","date_gmt":"2023-03-26T20:59:36","guid":{"rendered":"https:\/\/projekt.vombat.ee\/eco\/?post_type=product&#038;p=7620"},"modified":"2023-03-26T21:00:44","modified_gmt":"2023-03-26T21:00:44","slug":"kugoo-kirin-s1-pro-sahkoskootteri","status":"publish","type":"product","link":"https:\/\/projekt.vombat.ee\/eco\/fi\/myym%C3%A4l%C3%A4\/sahkopotkulaudat\/kaupungin-sahkopotkulaudat\/kugoo-kirin-s1-pro-sahkoskootteri\/","title":{"rendered":"Kugoo Kirin S1 Pro s\u00e4hk\u00f6skootteri"},"content":{"rendered":"<h1>KUGOO KIRIN S1 PRO S\u00c4HK\u00d6SKOOTTERI<\/h1>\n<h3><img decoding=\"async\" src=\"https:\/\/cdn.shopify.com\/s\/files\/1\/0291\/3422\/5501\/files\/KugooKirin_S1_Pro_Desktop_Detail_1_1920x.jpg?v=1677837114%20alt=\" \/><\/h3>\n<h3>8 TUUMAN RENGAS<\/h3>\n<p>Kugoo Kirin S1 Pro takaa vahvan pidon ja auttaa est\u00e4m\u00e4\u00e4n odottamattomia liukastumista. Se sopii erilaisille teille.<\/p>\n<h3>3 NOPEUSTILAA<\/h3>\n<p>Ohjaat nopeutta yhdell\u00e4 painikkeella eri tienpinnan olosuhteiden mukaan, mik\u00e4 tekee ajamisesta mukavampaa ja turvallisempaa.<\/p>\n<h3>7,5AH AKKU<\/h3>\n<p>Se on kest\u00e4v\u00e4mpi 7,5 Ah:n suuren kapasiteetin akulla.<\/p>\n<h3>350W MOOTTORI<\/h3>\n<p>Vahva teho ja pidemm\u00e4lle menev\u00e4: 350W moottori, max 30km juoksumatka<\/p>\n<h3>LED-N\u00c4YTT\u00d6<\/h3>\n<p>Hyvin valaistun n\u00e4yt\u00f6n avulla voit seurata nopeutta, kuljettua matkaa, akun kestoa ja kuljettua aikaa.<\/p>\n<h3>KIRKAS LED-VALO JA TURVAVAROITUSVALO<\/h3>\n<p>Kirkas ajovalo voi valaista tiesi, ja punainen takavalo voi saada muut huomaamaan sinut, ja molemmat voivat tarjota sinulle turvallisemman ajon y\u00f6ll\u00e4. Etu- ja takaiskunvaimentimet auttavat sinua nauttimaan mukavasta ajamisesta.<\/p>\n<h3>KUGOO S1 PRO ERITTELY<\/h3>\n<p>Nopeustila: 15KM\/H; 25KM\/H; 30 km\/h<br \/>\nAkku: 7.5Ah<br \/>\nMax ajoet\u00e4isyys: 30 KM<br \/>\nMaksiminopeus: 25\/30km\/h<br \/>\nMax kuormitus: 120 kg<\/p>\n<p>valaistus: etuvalo, takavalo<br \/>\nAkun kapasiteetti: 7.5Ah<br \/>\nAkun j\u00e4nnite: 36V<br \/>\nMoottorityyppi: Harjaton DC-moottori<\/p>\n<p>Moottorin nimellisteho: 350W<br \/>\nMoottorin suurin py\u00f6rimisnopeus: 700R\/min<br \/>\nMoottorin nimellisj\u00e4nnite: 36V<br \/>\nSuurin v\u00e4\u00e4nt\u00f6momentti: 13,3 N.M<br \/>\nLatausaika: 4h<\/p>\n<p>Vesitiivis: IP54<br \/>\nNousukulma: 15 astetta<br \/>\nPy\u00f6r\u00e4n koko: 8,0&#8243; kiinte\u00e4 luistonestorengas<br \/>\nJarrumatka: 4M<\/p>\n<p>Tuotteen paino: 11 kg<br \/>\nPakkauksen paino: 15 kg<br \/>\nTuotteen mitat: 1050 x 450 x 930\/1070\/1160 mm (avaa)<br \/>\nTaitettava koko: 960 x 210 x 330 mm<br \/>\nPakkauksen mitat: 1030 x 210 x 405 mm<\/p>\n<p><strong>HUOM!<\/strong> Suosittelemme aina <a href=\"https:\/\/projekt.vombat.ee\/eco\/pood\/?product-cata=707\">kyp\u00e4r\u00e4n<\/a> k\u00e4ytt\u00f6\u00e4 s\u00e4hk\u00f6skootterilla ajettaessa. Alle 16-vuotiaiden ratsastajien kyp\u00e4r\u00e4n k\u00e4ytt\u00f6 s\u00e4hk\u00f6iskulla ajaessa on <a href=\"https:\/\/www.riigiteataja.ee\/akt\/113112020001\">lain<\/a> mukaan pakollista.<\/p>\n","protected":false},"excerpt":{"rendered":"<p><strong>KUGOO KIRIN S1 PRO<\/strong><\/p>\n<p>&nbsp;<\/p>\n<ul>\n<li>Suurin ajomatka: 30 km<\/li>\n<li>Kantavuus: 120 kg<\/li>\n<li>Moottorin teho: 350W<\/li>\n<li>Latausaika: 4 tuntia<\/li>\n<li>Akku: 7,5Ah<\/li>\n<li>Suurin nopeus: 30 km\/h<\/li>\n<\/ul>\n<p>&nbsp;<\/p>\n<p><strong>\u2666 Toimitusaika 3-8 p\u00e4iv\u00e4\u00e4<\/strong><br \/>\n<strong>\u2666 Varastossa<\/strong><\/p>\n","protected":false},"featured_media":7621,"template":"","meta":[],"product_cat":[973,971],"product_tag":[],"class_list":{"0":"post-7620","1":"product","2":"type-product","3":"status-publish","4":"has-post-thumbnail","6":"product_cat-kaupungin-sahkopotkulaudat","7":"product_cat-sahkopotkulaudat","9":"first","10":"instock","11":"taxable","12":"shipping-taxable","13":"purchasable","14":"product-type-simple"},"yoast_head":"<!-- This site is optimized with the Yoast SEO plugin v23.8 - https:\/\/yoast.com\/wordpress\/plugins\/seo\/ -->\n<title>Kugoo Kirin S1 Pro s\u00e4hk\u00f6skootteri - Ecocruiser<\/title>\n<meta name=\"description\" content=\"V\u00d5IMAS MOOTOR &amp; AKU. Kugoo S1 pro on varustatud v\u00f5imsa 350 W mootoriga ning 7,5Ah liitium-ioon akuga. \u00dche laadimisega on v\u00f5imalik s\u00f5ita kuni 30 km.\" \/>\n<meta name=\"robots\" content=\"noindex, follow, max-snippet:-1, max-image-preview:large, max-video-preview:-1\" \/>\n<meta property=\"og:locale\" content=\"en_GB\" \/>\n<meta property=\"og:type\" content=\"article\" \/>\n<meta property=\"og:title\" content=\"Kugoo Kirin S1 Pro s\u00e4hk\u00f6skootteri - Ecocruiser\" \/>\n<meta property=\"og:description\" content=\"V\u00d5IMAS MOOTOR &amp; AKU. Kugoo S1 pro on varustatud v\u00f5imsa 350 W mootoriga ning 7,5Ah liitium-ioon akuga. \u00dche laadimisega on v\u00f5imalik s\u00f5ita kuni 30 km.\" \/>\n<meta property=\"og:url\" content=\"https:\/\/projekt.vombat.ee\/eco\/fi\/myym\u00e4l\u00e4\/sahkopotkulaudat\/kaupungin-sahkopotkulaudat\/kugoo-kirin-s1-pro-sahkoskootteri\/\" \/>\n<meta property=\"og:site_name\" content=\"Ecocruiser\" \/>\n<meta property=\"article:modified_time\" content=\"2023-03-26T21:00:44+00:00\" \/>\n<meta property=\"og:image\" content=\"https:\/\/projekt.vombat.ee\/eco\/wp-content\/uploads\/2023\/03\/1-11.webp\" \/>\n\t<meta property=\"og:image:width\" content=\"1000\" \/>\n\t<meta property=\"og:image:height\" content=\"1000\" \/>\n\t<meta property=\"og:image:type\" content=\"image\/webp\" \/>\n<meta name=\"twitter:card\" content=\"summary_large_image\" \/>\n<meta name=\"twitter:label1\" content=\"Estimated reading time\" \/>\n\t<meta name=\"twitter:data1\" content=\"2 minutes\" \/>\n<script type=\"application\/ld+json\" class=\"yoast-schema-graph\">{\"@context\":\"https:\/\/schema.org\",\"@graph\":[{\"@type\":\"WebPage\",\"@id\":\"https:\/\/projekt.vombat.ee\/eco\/fi\/myym%C3%A4l%C3%A4\/sahkopotkulaudat\/kaupungin-sahkopotkulaudat\/kugoo-kirin-s1-pro-sahkoskootteri\/\",\"url\":\"https:\/\/projekt.vombat.ee\/eco\/fi\/myym%C3%A4l%C3%A4\/sahkopotkulaudat\/kaupungin-sahkopotkulaudat\/kugoo-kirin-s1-pro-sahkoskootteri\/\",\"name\":\"Kugoo Kirin S1 Pro s\u00e4hk\u00f6skootteri - Ecocruiser\",\"isPartOf\":{\"@id\":\"https:\/\/projekt.vombat.ee\/eco\/#website\"},\"primaryImageOfPage\":{\"@id\":\"https:\/\/projekt.vombat.ee\/eco\/fi\/myym%C3%A4l%C3%A4\/sahkopotkulaudat\/kaupungin-sahkopotkulaudat\/kugoo-kirin-s1-pro-sahkoskootteri\/#primaryimage\"},\"image\":{\"@id\":\"https:\/\/projekt.vombat.ee\/eco\/fi\/myym%C3%A4l%C3%A4\/sahkopotkulaudat\/kaupungin-sahkopotkulaudat\/kugoo-kirin-s1-pro-sahkoskootteri\/#primaryimage\"},\"thumbnailUrl\":\"https:\/\/projekt.vombat.ee\/eco\/wp-content\/uploads\/2023\/03\/1-11.webp\",\"datePublished\":\"2023-03-26T20:59:36+00:00\",\"dateModified\":\"2023-03-26T21:00:44+00:00\",\"description\":\"V\u00d5IMAS MOOTOR & AKU. Kugoo S1 pro on varustatud v\u00f5imsa 350 W mootoriga ning 7,5Ah liitium-ioon akuga. \u00dche laadimisega on v\u00f5imalik s\u00f5ita kuni 30 km.\",\"breadcrumb\":{\"@id\":\"https:\/\/projekt.vombat.ee\/eco\/fi\/myym%C3%A4l%C3%A4\/sahkopotkulaudat\/kaupungin-sahkopotkulaudat\/kugoo-kirin-s1-pro-sahkoskootteri\/#breadcrumb\"},\"inLanguage\":\"en-GB\",\"potentialAction\":[{\"@type\":\"ReadAction\",\"target\":[\"https:\/\/projekt.vombat.ee\/eco\/fi\/myym%C3%A4l%C3%A4\/sahkopotkulaudat\/kaupungin-sahkopotkulaudat\/kugoo-kirin-s1-pro-sahkoskootteri\/\"]}]},{\"@type\":\"ImageObject\",\"inLanguage\":\"en-GB\",\"@id\":\"https:\/\/projekt.vombat.ee\/eco\/fi\/myym%C3%A4l%C3%A4\/sahkopotkulaudat\/kaupungin-sahkopotkulaudat\/kugoo-kirin-s1-pro-sahkoskootteri\/#primaryimage\",\"url\":\"https:\/\/projekt.vombat.ee\/eco\/wp-content\/uploads\/2023\/03\/1-11.webp\",\"contentUrl\":\"https:\/\/projekt.vombat.ee\/eco\/wp-content\/uploads\/2023\/03\/1-11.webp\",\"width\":1000,\"height\":1000,\"caption\":\"KUGOO KIRIN S1 PRO\"},{\"@type\":\"BreadcrumbList\",\"@id\":\"https:\/\/projekt.vombat.ee\/eco\/fi\/myym%C3%A4l%C3%A4\/sahkopotkulaudat\/kaupungin-sahkopotkulaudat\/kugoo-kirin-s1-pro-sahkoskootteri\/#breadcrumb\",\"itemListElement\":[{\"@type\":\"ListItem\",\"position\":1,\"name\":\"Home\",\"item\":\"https:\/\/projekt.vombat.ee\/eco\/\"},{\"@type\":\"ListItem\",\"position\":2,\"name\":\"Pood\",\"item\":\"https:\/\/projekt.vombat.ee\/eco\/pood\/\"},{\"@type\":\"ListItem\",\"position\":3,\"name\":\"Kugoo Kirin S1 Pro s\u00e4hk\u00f6skootteri\"}]},{\"@type\":\"WebSite\",\"@id\":\"https:\/\/projekt.vombat.ee\/eco\/#website\",\"url\":\"https:\/\/projekt.vombat.ee\/eco\/\",\"name\":\"Ecocruiser\",\"description\":\"\",\"publisher\":{\"@id\":\"https:\/\/projekt.vombat.ee\/eco\/#organization\"},\"potentialAction\":[{\"@type\":\"SearchAction\",\"target\":{\"@type\":\"EntryPoint\",\"urlTemplate\":\"https:\/\/projekt.vombat.ee\/eco\/?s={search_term_string}\"},\"query-input\":{\"@type\":\"PropertyValueSpecification\",\"valueRequired\":true,\"valueName\":\"search_term_string\"}}],\"inLanguage\":\"en-GB\"},{\"@type\":\"Organization\",\"@id\":\"https:\/\/projekt.vombat.ee\/eco\/#organization\",\"name\":\"Ecocruiser\",\"url\":\"https:\/\/projekt.vombat.ee\/eco\/\",\"logo\":{\"@type\":\"ImageObject\",\"inLanguage\":\"en-GB\",\"@id\":\"https:\/\/projekt.vombat.ee\/eco\/#\/schema\/logo\/image\/\",\"url\":\"https:\/\/projekt.vombat.ee\/eco\/wp-content\/uploads\/2023\/03\/ECOCRUISER_5.png\",\"contentUrl\":\"https:\/\/projekt.vombat.ee\/eco\/wp-content\/uploads\/2023\/03\/ECOCRUISER_5.png\",\"width\":234,\"height\":91,\"caption\":\"Ecocruiser\"},\"image\":{\"@id\":\"https:\/\/projekt.vombat.ee\/eco\/#\/schema\/logo\/image\/\"}}]}<\/script>\n<!-- \/ Yoast SEO plugin. -->","yoast_head_json":{"title":"Kugoo Kirin S1 Pro s\u00e4hk\u00f6skootteri - Ecocruiser","description":"V\u00d5IMAS MOOTOR & AKU. Kugoo S1 pro on varustatud v\u00f5imsa 350 W mootoriga ning 7,5Ah liitium-ioon akuga. \u00dche laadimisega on v\u00f5imalik s\u00f5ita kuni 30 km.","robots":{"index":"noindex","follow":"follow","max-snippet":"max-snippet:-1","max-image-preview":"max-image-preview:large","max-video-preview":"max-video-preview:-1"},"og_locale":"en_GB","og_type":"article","og_title":"Kugoo Kirin S1 Pro s\u00e4hk\u00f6skootteri - Ecocruiser","og_description":"V\u00d5IMAS MOOTOR & AKU. Kugoo S1 pro on varustatud v\u00f5imsa 350 W mootoriga ning 7,5Ah liitium-ioon akuga. \u00dche laadimisega on v\u00f5imalik s\u00f5ita kuni 30 km.","og_url":"https:\/\/projekt.vombat.ee\/eco\/fi\/myym\u00e4l\u00e4\/sahkopotkulaudat\/kaupungin-sahkopotkulaudat\/kugoo-kirin-s1-pro-sahkoskootteri\/","og_site_name":"Ecocruiser","article_modified_time":"2023-03-26T21:00:44+00:00","og_image":[{"width":1000,"height":1000,"url":"https:\/\/projekt.vombat.ee\/eco\/wp-content\/uploads\/2023\/03\/1-11.webp","type":"image\/webp"}],"twitter_card":"summary_large_image","twitter_misc":{"Estimated reading time":"2 minutes"},"schema":{"@context":"https:\/\/schema.org","@graph":[{"@type":"WebPage","@id":"https:\/\/projekt.vombat.ee\/eco\/fi\/myym%C3%A4l%C3%A4\/sahkopotkulaudat\/kaupungin-sahkopotkulaudat\/kugoo-kirin-s1-pro-sahkoskootteri\/","url":"https:\/\/projekt.vombat.ee\/eco\/fi\/myym%C3%A4l%C3%A4\/sahkopotkulaudat\/kaupungin-sahkopotkulaudat\/kugoo-kirin-s1-pro-sahkoskootteri\/","name":"Kugoo Kirin S1 Pro s\u00e4hk\u00f6skootteri - Ecocruiser","isPartOf":{"@id":"https:\/\/projekt.vombat.ee\/eco\/#website"},"primaryImageOfPage":{"@id":"https:\/\/projekt.vombat.ee\/eco\/fi\/myym%C3%A4l%C3%A4\/sahkopotkulaudat\/kaupungin-sahkopotkulaudat\/kugoo-kirin-s1-pro-sahkoskootteri\/#primaryimage"},"image":{"@id":"https:\/\/projekt.vombat.ee\/eco\/fi\/myym%C3%A4l%C3%A4\/sahkopotkulaudat\/kaupungin-sahkopotkulaudat\/kugoo-kirin-s1-pro-sahkoskootteri\/#primaryimage"},"thumbnailUrl":"https:\/\/projekt.vombat.ee\/eco\/wp-content\/uploads\/2023\/03\/1-11.webp","datePublished":"2023-03-26T20:59:36+00:00","dateModified":"2023-03-26T21:00:44+00:00","description":"V\u00d5IMAS MOOTOR & AKU. Kugoo S1 pro on varustatud v\u00f5imsa 350 W mootoriga ning 7,5Ah liitium-ioon akuga. \u00dche laadimisega on v\u00f5imalik s\u00f5ita kuni 30 km.","breadcrumb":{"@id":"https:\/\/projekt.vombat.ee\/eco\/fi\/myym%C3%A4l%C3%A4\/sahkopotkulaudat\/kaupungin-sahkopotkulaudat\/kugoo-kirin-s1-pro-sahkoskootteri\/#breadcrumb"},"inLanguage":"en-GB","potentialAction":[{"@type":"ReadAction","target":["https:\/\/projekt.vombat.ee\/eco\/fi\/myym%C3%A4l%C3%A4\/sahkopotkulaudat\/kaupungin-sahkopotkulaudat\/kugoo-kirin-s1-pro-sahkoskootteri\/"]}]},{"@type":"ImageObject","inLanguage":"en-GB","@id":"https:\/\/projekt.vombat.ee\/eco\/fi\/myym%C3%A4l%C3%A4\/sahkopotkulaudat\/kaupungin-sahkopotkulaudat\/kugoo-kirin-s1-pro-sahkoskootteri\/#primaryimage","url":"https:\/\/projekt.vombat.ee\/eco\/wp-content\/uploads\/2023\/03\/1-11.webp","contentUrl":"https:\/\/projekt.vombat.ee\/eco\/wp-content\/uploads\/2023\/03\/1-11.webp","width":1000,"height":1000,"caption":"KUGOO KIRIN S1 PRO"},{"@type":"BreadcrumbList","@id":"https:\/\/projekt.vombat.ee\/eco\/fi\/myym%C3%A4l%C3%A4\/sahkopotkulaudat\/kaupungin-sahkopotkulaudat\/kugoo-kirin-s1-pro-sahkoskootteri\/#breadcrumb","itemListElement":[{"@type":"ListItem","position":1,"name":"Home","item":"https:\/\/projekt.vombat.ee\/eco\/"},{"@type":"ListItem","position":2,"name":"Pood","item":"https:\/\/projekt.vombat.ee\/eco\/pood\/"},{"@type":"ListItem","position":3,"name":"Kugoo Kirin S1 Pro s\u00e4hk\u00f6skootteri"}]},{"@type":"WebSite","@id":"https:\/\/projekt.vombat.ee\/eco\/#website","url":"https:\/\/projekt.vombat.ee\/eco\/","name":"Ecocruiser","description":"","publisher":{"@id":"https:\/\/projekt.vombat.ee\/eco\/#organization"},"potentialAction":[{"@type":"SearchAction","target":{"@type":"EntryPoint","urlTemplate":"https:\/\/projekt.vombat.ee\/eco\/?s={search_term_string}"},"query-input":{"@type":"PropertyValueSpecification","valueRequired":true,"valueName":"search_term_string"}}],"inLanguage":"en-GB"},{"@type":"Organization","@id":"https:\/\/projekt.vombat.ee\/eco\/#organization","name":"Ecocruiser","url":"https:\/\/projekt.vombat.ee\/eco\/","logo":{"@type":"ImageObject","inLanguage":"en-GB","@id":"https:\/\/projekt.vombat.ee\/eco\/#\/schema\/logo\/image\/","url":"https:\/\/projekt.vombat.ee\/eco\/wp-content\/uploads\/2023\/03\/ECOCRUISER_5.png","contentUrl":"https:\/\/projekt.vombat.ee\/eco\/wp-content\/uploads\/2023\/03\/ECOCRUISER_5.png","width":234,"height":91,"caption":"Ecocruiser"},"image":{"@id":"https:\/\/projekt.vombat.ee\/eco\/#\/schema\/logo\/image\/"}}]}},"lang":"fi","translations":{"fi":7620},"pll_sync_post":[],"_links":{"self":[{"href":"https:\/\/projekt.vombat.ee\/eco\/wp-json\/wp\/v2\/product\/7620"}],"collection":[{"href":"https:\/\/projekt.vombat.ee\/eco\/wp-json\/wp\/v2\/product"}],"about":[{"href":"https:\/\/projekt.vombat.ee\/eco\/wp-json\/wp\/v2\/types\/product"}],"version-history":[{"count":1,"href":"https:\/\/projekt.vombat.ee\/eco\/wp-json\/wp\/v2\/product\/7620\/revisions"}],"predecessor-version":[{"id":7774,"href":"https:\/\/projekt.vombat.ee\/eco\/wp-json\/wp\/v2\/product\/7620\/revisions\/7774"}],"wp:featuredmedia":[{"embeddable":true,"href":"https:\/\/projekt.vombat.ee\/eco\/wp-json\/wp\/v2\/media\/7621"}],"wp:attachment":[{"href":"https:\/\/projekt.vombat.ee\/eco\/wp-json\/wp\/v2\/media?parent=7620"}],"wp:term":[{"taxonomy":"product_cat","embeddable":true,"href":"https:\/\/projekt.vombat.ee\/eco\/wp-json\/wp\/v2\/product_cat?post=7620"},{"taxonomy":"product_tag","embeddable":true,"href":"https:\/\/projekt.vombat.ee\/eco\/wp-json\/wp\/v2\/product_tag?post=7620"}],"curies":[{"name":"wp","href":"https:\/\/api.w.org\/{rel}","templated":true}]}}