{"id":7580,"date":"2023-03-26T18:49:00","date_gmt":"2023-03-26T18:49:00","guid":{"rendered":"https:\/\/projekt.vombat.ee\/eco\/?post_type=product&#038;p=7580"},"modified":"2024-05-19T15:11:41","modified_gmt":"2024-05-19T15:11:41","slug":"kugoo-kirin-g2-max-80km","status":"publish","type":"product","link":"https:\/\/projekt.vombat.ee\/eco\/fi\/myym%C3%A4l%C3%A4\/sahkopotkulaudat\/voimakas-sahkopotkulaudat\/kugoo-kirin-g2-max-80km\/","title":{"rendered":"Kugoo Kirin G2 Max, 80km"},"content":{"rendered":"<h1>KUGOO KIRIN G2 MAX<\/h1>\n<p><img decoding=\"async\" src=\"https:\/\/cdn.shopify.com\/s\/files\/1\/0291\/3422\/5501\/files\/KuKirin_G2_Max_Desktop_Detail_16_1920x.jpg?v=1677829610%20alt=\" \/><\/p>\n<h3>TEHOKAS MOOTTORI JA AKKU<\/h3>\n<p>Kugoo Kirin G2 max -kaksoisl\u00e4mp\u00f6\u00e4 hajottava 1000 W moottori tarjoaa vahvan tehon ja mahdollistaa 55 km\/h maksiminopeuden ja 30\u00b0:n enimm\u00e4isnousukulman, mik\u00e4 mahdollistaa tehokkaan, kest\u00e4v\u00e4n ja j\u00e4nnitt\u00e4v\u00e4n ajon. Suurella 20 Ah:n akulla Kirin G2 Max voi ajaa jopa 80 km t\u00e4ydell\u00e4 latauksella, mik\u00e4 riitt\u00e4\u00e4 ty\u00f6matkallesi ja p\u00e4iv\u00e4retkillesi.<\/p>\n<p>&nbsp;<\/p>\n<h3>\nKUGOO KIRIN G2 MAX- TURVALLINEN JA VAKAA<\/h3>\n<p>G2 Max -skootterissa on kaksi levyjarrua, joiden avulla voit jarruttaa turvallisesti, ja 6 kirkasta valoa, jotka valaisevat sinut eteenp\u00e4in antaen sinulle kaiken suojan.<\/p>\n<p>Kirin G2 Max \u00e4lyn\u00e4yt\u00f6ll\u00e4 on helppo hallita. Voit paitsi lukea erilaisia \u200b\u200btietoja n\u00e4yt\u00f6lt\u00e4, my\u00f6s aktivoida useita toimintoja vastaamaan enemm\u00e4n vaatimuksia.<\/p>\n<p>Vahvojen etu- ja takaiskunvaimentimien ansiosta G2 Max -mallissa on erinomainen iskunvaimennus, joka tarjoaa tasaisen ja mukavan ajon my\u00f6s ep\u00e4tasaisessa maastossa.<\/p>\n<p>10 tuuman maastorenkaat ovat kulutusta ja iskunkest\u00e4vi\u00e4 ja mukautuvat erilaisiin maastoihin tarjoten sinulle mukavan maastoajon.<\/p>\n<p>&nbsp;<\/p>\n<h3>\nIRROTTAVA ISTUIMEN<\/h3>\n<p>K\u00e4tev\u00e4n irrotettavan istuimen avulla voit joko seist\u00e4 tai istua skootterilla mukavamman ja nautinnollisemman kyydiss\u00e4.<\/p>\n<p>&nbsp;<\/p>\n<h3>\nKUGOO KIRIN G2 MAX TEKNISET TIEDOT<\/h3>\n<p>Maksimikuorma: 120 kg<br \/>\nOhjaustangon leveys: 25,4 mm<br \/>\nAlustan korkeus: 230 mm<br \/>\nPolkimen koko: 545*211mm<br \/>\nNopeus: 25\/60 km\/h<br \/>\nAjettu: 80 km<br \/>\nKaltevuus: 30\u00b0<br \/>\nJarruj\u00e4rjestelm\u00e4: levyjarru, E-jarru<br \/>\nJarrumatka: 8-12M<br \/>\nVesitiivis: IP54<br \/>\nRunkomateriaali: Al<br \/>\nMateriaali: PU<br \/>\nTeho: 1000W<br \/>\nNykyinen maksimiteho: 1200W<br \/>\nSuurin nopeus: 1250 rpm<br \/>\nSuurin v\u00e4\u00e4nt\u00f6momentti: 25 N.M\/S<br \/>\nAkku: 48V 20Ah<br \/>\nLatausaika: 10-11h<br \/>\nLED Light Bean: 4 kpl<br \/>\nTeho (W): 8W<br \/>\nS\u00e4teen kulma: 45\u00b0<br \/>\nRengas: 255 * 80 mm kuormittamaton ilmarengas<\/p>\n<p>Paino ja koko<\/p>\n<p>Nettopaino: 31 kg<br \/>\nKoko avattuna: 1260*605*1300 MM<br \/>\nKoko taitettuna: 1260*605*580 MM<\/p>\n","protected":false},"excerpt":{"rendered":"<p><strong>Kugoo Kirin G2 Max<\/strong><\/p>\n<p>&nbsp;<\/p>\n<ul>\n<li>Akku: 48V 20Ah<\/li>\n<li>Ajettu: 80 km<\/li>\n<li>Maksimikuorma: 120 kg<\/li>\n<\/ul>\n<p>&nbsp;<\/p>\n<p><strong>\u2666 Toimitusaika 3-7 p\u00e4iv\u00e4\u00e4<\/strong><br \/>\n<strong>\u2666 Varastossa<\/strong><\/p>\n","protected":false},"featured_media":7581,"template":"","meta":[],"product_cat":[1294,971,975],"product_tag":[],"class_list":{"0":"post-7580","1":"product","2":"type-product","3":"status-publish","4":"has-post-thumbnail","6":"product_cat-kugoo","7":"product_cat-sahkopotkulaudat","8":"product_cat-voimakas-sahkopotkulaudat","9":"product_shipping_class-suured-pakid","11":"first","12":"instock","13":"sale","14":"taxable","15":"shipping-taxable","16":"purchasable","17":"product-type-simple"},"yoast_head":"<!-- This site is optimized with the Yoast SEO plugin v23.8 - https:\/\/yoast.com\/wordpress\/plugins\/seo\/ -->\n<title>Kugoo Kirin G2 Max, 80km - Ecocruiser<\/title>\n<meta name=\"description\" content=\"Kugoo Kirin G2 Max, 80km - Laadukkaat merkit, laaja valikoima - Ecocruiser.ee - Jos sinulla on kysytt\u00e4v\u00e4\u00e4, ota yhteytt\u00e4 info@projekt.vombat.ee\" \/>\n<meta name=\"robots\" content=\"noindex, follow, max-snippet:-1, max-image-preview:large, max-video-preview:-1\" \/>\n<meta property=\"og:locale\" content=\"en_GB\" \/>\n<meta property=\"og:type\" content=\"article\" \/>\n<meta property=\"og:title\" content=\"Kugoo Kirin G2 Max, 80km - Ecocruiser\" \/>\n<meta property=\"og:description\" content=\"Kugoo Kirin G2 Max, 80km - Laadukkaat merkit, laaja valikoima - Ecocruiser.ee - Jos sinulla on kysytt\u00e4v\u00e4\u00e4, ota yhteytt\u00e4 info@projekt.vombat.ee\" \/>\n<meta property=\"og:url\" content=\"https:\/\/projekt.vombat.ee\/eco\/fi\/myym\u00e4l\u00e4\/sahkopotkulaudat\/voimakas-sahkopotkulaudat\/kugoo-kirin-g2-max-80km\/\" \/>\n<meta property=\"og:site_name\" content=\"Ecocruiser\" \/>\n<meta property=\"article:modified_time\" content=\"2024-05-19T15:11:41+00:00\" \/>\n<meta property=\"og:image\" content=\"https:\/\/projekt.vombat.ee\/eco\/wp-content\/uploads\/2023\/03\/Untitled-design-2023-03-11T160502.849.png\" \/>\n\t<meta property=\"og:image:width\" content=\"1000\" \/>\n\t<meta property=\"og:image:height\" content=\"1000\" \/>\n\t<meta property=\"og:image:type\" content=\"image\/png\" \/>\n<meta name=\"twitter:card\" content=\"summary_large_image\" \/>\n<meta name=\"twitter:label1\" content=\"Estimated reading time\" \/>\n\t<meta name=\"twitter:data1\" content=\"2 minutes\" \/>\n<script type=\"application\/ld+json\" class=\"yoast-schema-graph\">{\"@context\":\"https:\/\/schema.org\",\"@graph\":[{\"@type\":\"WebPage\",\"@id\":\"https:\/\/projekt.vombat.ee\/eco\/fi\/myym%C3%A4l%C3%A4\/sahkopotkulaudat\/voimakas-sahkopotkulaudat\/kugoo-kirin-g2-max-80km\/\",\"url\":\"https:\/\/projekt.vombat.ee\/eco\/fi\/myym%C3%A4l%C3%A4\/sahkopotkulaudat\/voimakas-sahkopotkulaudat\/kugoo-kirin-g2-max-80km\/\",\"name\":\"Kugoo Kirin G2 Max, 80km - Ecocruiser\",\"isPartOf\":{\"@id\":\"https:\/\/projekt.vombat.ee\/eco\/#website\"},\"primaryImageOfPage\":{\"@id\":\"https:\/\/projekt.vombat.ee\/eco\/fi\/myym%C3%A4l%C3%A4\/sahkopotkulaudat\/voimakas-sahkopotkulaudat\/kugoo-kirin-g2-max-80km\/#primaryimage\"},\"image\":{\"@id\":\"https:\/\/projekt.vombat.ee\/eco\/fi\/myym%C3%A4l%C3%A4\/sahkopotkulaudat\/voimakas-sahkopotkulaudat\/kugoo-kirin-g2-max-80km\/#primaryimage\"},\"thumbnailUrl\":\"https:\/\/projekt.vombat.ee\/eco\/wp-content\/uploads\/2023\/03\/Untitled-design-2023-03-11T160502.849.png\",\"datePublished\":\"2023-03-26T18:49:00+00:00\",\"dateModified\":\"2024-05-19T15:11:41+00:00\",\"description\":\"Kugoo Kirin G2 Max, 80km - Laadukkaat merkit, laaja valikoima - Ecocruiser.ee - Jos sinulla on kysytt\u00e4v\u00e4\u00e4, ota yhteytt\u00e4 info@projekt.vombat.ee\",\"breadcrumb\":{\"@id\":\"https:\/\/projekt.vombat.ee\/eco\/fi\/myym%C3%A4l%C3%A4\/sahkopotkulaudat\/voimakas-sahkopotkulaudat\/kugoo-kirin-g2-max-80km\/#breadcrumb\"},\"inLanguage\":\"en-GB\",\"potentialAction\":[{\"@type\":\"ReadAction\",\"target\":[\"https:\/\/projekt.vombat.ee\/eco\/fi\/myym%C3%A4l%C3%A4\/sahkopotkulaudat\/voimakas-sahkopotkulaudat\/kugoo-kirin-g2-max-80km\/\"]}]},{\"@type\":\"ImageObject\",\"inLanguage\":\"en-GB\",\"@id\":\"https:\/\/projekt.vombat.ee\/eco\/fi\/myym%C3%A4l%C3%A4\/sahkopotkulaudat\/voimakas-sahkopotkulaudat\/kugoo-kirin-g2-max-80km\/#primaryimage\",\"url\":\"https:\/\/projekt.vombat.ee\/eco\/wp-content\/uploads\/2023\/03\/Untitled-design-2023-03-11T160502.849.png\",\"contentUrl\":\"https:\/\/projekt.vombat.ee\/eco\/wp-content\/uploads\/2023\/03\/Untitled-design-2023-03-11T160502.849.png\",\"width\":1000,\"height\":1000,\"caption\":\"Kugoo KuKirin G2 max\"},{\"@type\":\"BreadcrumbList\",\"@id\":\"https:\/\/projekt.vombat.ee\/eco\/fi\/myym%C3%A4l%C3%A4\/sahkopotkulaudat\/voimakas-sahkopotkulaudat\/kugoo-kirin-g2-max-80km\/#breadcrumb\",\"itemListElement\":[{\"@type\":\"ListItem\",\"position\":1,\"name\":\"Home\",\"item\":\"https:\/\/projekt.vombat.ee\/eco\/\"},{\"@type\":\"ListItem\",\"position\":2,\"name\":\"Pood\",\"item\":\"https:\/\/projekt.vombat.ee\/eco\/pood\/\"},{\"@type\":\"ListItem\",\"position\":3,\"name\":\"Kugoo Kirin G2 Max, 80km\"}]},{\"@type\":\"WebSite\",\"@id\":\"https:\/\/projekt.vombat.ee\/eco\/#website\",\"url\":\"https:\/\/projekt.vombat.ee\/eco\/\",\"name\":\"Ecocruiser\",\"description\":\"\",\"publisher\":{\"@id\":\"https:\/\/projekt.vombat.ee\/eco\/#organization\"},\"potentialAction\":[{\"@type\":\"SearchAction\",\"target\":{\"@type\":\"EntryPoint\",\"urlTemplate\":\"https:\/\/projekt.vombat.ee\/eco\/?s={search_term_string}\"},\"query-input\":{\"@type\":\"PropertyValueSpecification\",\"valueRequired\":true,\"valueName\":\"search_term_string\"}}],\"inLanguage\":\"en-GB\"},{\"@type\":\"Organization\",\"@id\":\"https:\/\/projekt.vombat.ee\/eco\/#organization\",\"name\":\"Ecocruiser\",\"url\":\"https:\/\/projekt.vombat.ee\/eco\/\",\"logo\":{\"@type\":\"ImageObject\",\"inLanguage\":\"en-GB\",\"@id\":\"https:\/\/projekt.vombat.ee\/eco\/#\/schema\/logo\/image\/\",\"url\":\"https:\/\/projekt.vombat.ee\/eco\/wp-content\/uploads\/2023\/03\/ECOCRUISER_5.png\",\"contentUrl\":\"https:\/\/projekt.vombat.ee\/eco\/wp-content\/uploads\/2023\/03\/ECOCRUISER_5.png\",\"width\":234,\"height\":91,\"caption\":\"Ecocruiser\"},\"image\":{\"@id\":\"https:\/\/projekt.vombat.ee\/eco\/#\/schema\/logo\/image\/\"}}]}<\/script>\n<!-- \/ Yoast SEO plugin. -->","yoast_head_json":{"title":"Kugoo Kirin G2 Max, 80km - Ecocruiser","description":"Kugoo Kirin G2 Max, 80km - Laadukkaat merkit, laaja valikoima - Ecocruiser.ee - Jos sinulla on kysytt\u00e4v\u00e4\u00e4, ota yhteytt\u00e4 info@projekt.vombat.ee","robots":{"index":"noindex","follow":"follow","max-snippet":"max-snippet:-1","max-image-preview":"max-image-preview:large","max-video-preview":"max-video-preview:-1"},"og_locale":"en_GB","og_type":"article","og_title":"Kugoo Kirin G2 Max, 80km - Ecocruiser","og_description":"Kugoo Kirin G2 Max, 80km - Laadukkaat merkit, laaja valikoima - Ecocruiser.ee - Jos sinulla on kysytt\u00e4v\u00e4\u00e4, ota yhteytt\u00e4 info@projekt.vombat.ee","og_url":"https:\/\/projekt.vombat.ee\/eco\/fi\/myym\u00e4l\u00e4\/sahkopotkulaudat\/voimakas-sahkopotkulaudat\/kugoo-kirin-g2-max-80km\/","og_site_name":"Ecocruiser","article_modified_time":"2024-05-19T15:11:41+00:00","og_image":[{"width":1000,"height":1000,"url":"https:\/\/projekt.vombat.ee\/eco\/wp-content\/uploads\/2023\/03\/Untitled-design-2023-03-11T160502.849.png","type":"image\/png"}],"twitter_card":"summary_large_image","twitter_misc":{"Estimated reading time":"2 minutes"},"schema":{"@context":"https:\/\/schema.org","@graph":[{"@type":"WebPage","@id":"https:\/\/projekt.vombat.ee\/eco\/fi\/myym%C3%A4l%C3%A4\/sahkopotkulaudat\/voimakas-sahkopotkulaudat\/kugoo-kirin-g2-max-80km\/","url":"https:\/\/projekt.vombat.ee\/eco\/fi\/myym%C3%A4l%C3%A4\/sahkopotkulaudat\/voimakas-sahkopotkulaudat\/kugoo-kirin-g2-max-80km\/","name":"Kugoo Kirin G2 Max, 80km - Ecocruiser","isPartOf":{"@id":"https:\/\/projekt.vombat.ee\/eco\/#website"},"primaryImageOfPage":{"@id":"https:\/\/projekt.vombat.ee\/eco\/fi\/myym%C3%A4l%C3%A4\/sahkopotkulaudat\/voimakas-sahkopotkulaudat\/kugoo-kirin-g2-max-80km\/#primaryimage"},"image":{"@id":"https:\/\/projekt.vombat.ee\/eco\/fi\/myym%C3%A4l%C3%A4\/sahkopotkulaudat\/voimakas-sahkopotkulaudat\/kugoo-kirin-g2-max-80km\/#primaryimage"},"thumbnailUrl":"https:\/\/projekt.vombat.ee\/eco\/wp-content\/uploads\/2023\/03\/Untitled-design-2023-03-11T160502.849.png","datePublished":"2023-03-26T18:49:00+00:00","dateModified":"2024-05-19T15:11:41+00:00","description":"Kugoo Kirin G2 Max, 80km - Laadukkaat merkit, laaja valikoima - Ecocruiser.ee - Jos sinulla on kysytt\u00e4v\u00e4\u00e4, ota yhteytt\u00e4 info@projekt.vombat.ee","breadcrumb":{"@id":"https:\/\/projekt.vombat.ee\/eco\/fi\/myym%C3%A4l%C3%A4\/sahkopotkulaudat\/voimakas-sahkopotkulaudat\/kugoo-kirin-g2-max-80km\/#breadcrumb"},"inLanguage":"en-GB","potentialAction":[{"@type":"ReadAction","target":["https:\/\/projekt.vombat.ee\/eco\/fi\/myym%C3%A4l%C3%A4\/sahkopotkulaudat\/voimakas-sahkopotkulaudat\/kugoo-kirin-g2-max-80km\/"]}]},{"@type":"ImageObject","inLanguage":"en-GB","@id":"https:\/\/projekt.vombat.ee\/eco\/fi\/myym%C3%A4l%C3%A4\/sahkopotkulaudat\/voimakas-sahkopotkulaudat\/kugoo-kirin-g2-max-80km\/#primaryimage","url":"https:\/\/projekt.vombat.ee\/eco\/wp-content\/uploads\/2023\/03\/Untitled-design-2023-03-11T160502.849.png","contentUrl":"https:\/\/projekt.vombat.ee\/eco\/wp-content\/uploads\/2023\/03\/Untitled-design-2023-03-11T160502.849.png","width":1000,"height":1000,"caption":"Kugoo KuKirin G2 max"},{"@type":"BreadcrumbList","@id":"https:\/\/projekt.vombat.ee\/eco\/fi\/myym%C3%A4l%C3%A4\/sahkopotkulaudat\/voimakas-sahkopotkulaudat\/kugoo-kirin-g2-max-80km\/#breadcrumb","itemListElement":[{"@type":"ListItem","position":1,"name":"Home","item":"https:\/\/projekt.vombat.ee\/eco\/"},{"@type":"ListItem","position":2,"name":"Pood","item":"https:\/\/projekt.vombat.ee\/eco\/pood\/"},{"@type":"ListItem","position":3,"name":"Kugoo Kirin G2 Max, 80km"}]},{"@type":"WebSite","@id":"https:\/\/projekt.vombat.ee\/eco\/#website","url":"https:\/\/projekt.vombat.ee\/eco\/","name":"Ecocruiser","description":"","publisher":{"@id":"https:\/\/projekt.vombat.ee\/eco\/#organization"},"potentialAction":[{"@type":"SearchAction","target":{"@type":"EntryPoint","urlTemplate":"https:\/\/projekt.vombat.ee\/eco\/?s={search_term_string}"},"query-input":{"@type":"PropertyValueSpecification","valueRequired":true,"valueName":"search_term_string"}}],"inLanguage":"en-GB"},{"@type":"Organization","@id":"https:\/\/projekt.vombat.ee\/eco\/#organization","name":"Ecocruiser","url":"https:\/\/projekt.vombat.ee\/eco\/","logo":{"@type":"ImageObject","inLanguage":"en-GB","@id":"https:\/\/projekt.vombat.ee\/eco\/#\/schema\/logo\/image\/","url":"https:\/\/projekt.vombat.ee\/eco\/wp-content\/uploads\/2023\/03\/ECOCRUISER_5.png","contentUrl":"https:\/\/projekt.vombat.ee\/eco\/wp-content\/uploads\/2023\/03\/ECOCRUISER_5.png","width":234,"height":91,"caption":"Ecocruiser"},"image":{"@id":"https:\/\/projekt.vombat.ee\/eco\/#\/schema\/logo\/image\/"}}]}},"lang":"fi","translations":{"fi":7580,"et":6279,"ru":6775},"pll_sync_post":[],"_links":{"self":[{"href":"https:\/\/projekt.vombat.ee\/eco\/wp-json\/wp\/v2\/product\/7580"}],"collection":[{"href":"https:\/\/projekt.vombat.ee\/eco\/wp-json\/wp\/v2\/product"}],"about":[{"href":"https:\/\/projekt.vombat.ee\/eco\/wp-json\/wp\/v2\/types\/product"}],"version-history":[{"count":1,"href":"https:\/\/projekt.vombat.ee\/eco\/wp-json\/wp\/v2\/product\/7580\/revisions"}],"predecessor-version":[{"id":7589,"href":"https:\/\/projekt.vombat.ee\/eco\/wp-json\/wp\/v2\/product\/7580\/revisions\/7589"}],"wp:featuredmedia":[{"embeddable":true,"href":"https:\/\/projekt.vombat.ee\/eco\/wp-json\/wp\/v2\/media\/7581"}],"wp:attachment":[{"href":"https:\/\/projekt.vombat.ee\/eco\/wp-json\/wp\/v2\/media?parent=7580"}],"wp:term":[{"taxonomy":"product_cat","embeddable":true,"href":"https:\/\/projekt.vombat.ee\/eco\/wp-json\/wp\/v2\/product_cat?post=7580"},{"taxonomy":"product_tag","embeddable":true,"href":"https:\/\/projekt.vombat.ee\/eco\/wp-json\/wp\/v2\/product_tag?post=7580"}],"curies":[{"name":"wp","href":"https:\/\/api.w.org\/{rel}","templated":true}]}}