{"id":7571,"date":"2023-03-26T18:46:03","date_gmt":"2023-03-26T18:46:03","guid":{"rendered":"https:\/\/projekt.vombat.ee\/eco\/?post_type=product&#038;p=7571"},"modified":"2024-06-26T14:07:09","modified_gmt":"2024-06-26T14:07:09","slug":"kugoo-kirin-g2-pro","status":"publish","type":"product","link":"https:\/\/projekt.vombat.ee\/eco\/fi\/myym%C3%A4l%C3%A4\/sahkopotkulaudat\/voimakas-sahkopotkulaudat\/kugoo-kirin-g2-pro\/","title":{"rendered":"Kugoo Kirin G2 Pro"},"content":{"rendered":"<h1>KUGOO KIRIN G2 PRO<\/h1>\n<p><img decoding=\"async\" src=\"https:\/\/cdn.shopify.com\/s\/files\/1\/0291\/3422\/5501\/files\/KuKirin_G2_Pro_Desktop_Detail_17_1920x.jpg?v=1677823466%20alt=\" \/><\/p>\n<h3>IRROTTAVA ISTUIMEN<\/h3>\n<p>Kugoo Kirin G2 prossa on t\u00e4ysi sarja s\u00e4\u00e4dett\u00e4vi\u00e4 istuimia, suuret nahkatyynyt, pehme\u00e4t ja mukavat, paksunnetut ja pidennetyt tyynyt. Lis\u00e4ksi skootteri on varustettu s\u00e4\u00e4dett\u00e4v\u00e4ll\u00e4 kahvalla ja kolme vaihdetta on asetettu laajentamaan k\u00e4ytt\u00e4j\u00e4kuntaa. Sen tarkoituksena on antaa kaikille mahdollisuus ajaa t\u00e4ll\u00e4 tehokkaalla skootterilla.<\/p>\n<p>&nbsp;<\/p>\n<h3>\nTEHOKAS MOOTTORI &amp; AKKU<\/h3>\n<p>Kugoo Kirin G2 prossa on 600 W harjaton moottori, se nauttii supernopeasta 3-nopeuden hyppytilasta, maksiminopeus voi olla 45 km\/h, mik\u00e4 tekee ajamisesta mielivaltaisemman. S\u00e4\u00e4t\u00f6alue: ensimm\u00e4inen tila (15 km\/h) toinen tila (30 km\/h) kolmas tila (45 km\/h)<\/p>\n<p>Suurikapasiteettinen litiumioniakku, korkealaatuinen litiumioniakku, jatkuva l\u00e4ht\u00f6teho suurella virtausnopeudella, joka voi tarjota 55 km ajomatkan, ladata 8 tuntia y\u00f6ll\u00e4, ajaa p\u00e4iv\u00e4ll\u00e4 ja pelata milloin haluat. riitt\u00e4v\u00e4. 7. Nopea taitto: Taittopaikan muotoilu on yksinkertainen ja helppok\u00e4ytt\u00f6inen. Se tarvitsee vain nopeasti nostaa, vet\u00e4\u00e4, puristaa ja taittaa, mik\u00e4 on k\u00e4tev\u00e4 kuljettaa muissa ajoneuvoissa. Samanaikaisesti Kirin G2 Prossa on itsen\u00e4inen taittotoiminto. Lukot pit\u00e4v\u00e4t sinut turvallisempana ajon aikana.<\/p>\n<p>&nbsp;<\/p>\n<h3>\nKUGOO KIRIN G2 PRO &#8211; TURVALLINEN JA TAKAA<\/h3>\n<p>Hienos\u00e4\u00e4detty jousivaimennin voi tehokkaasti puskuroida monimutkaisen maaston ep\u00e4tasaisuuksia, voit ajaa sill\u00e4 ep\u00e4tasaisella tiell\u00e4 ja maksimoida matkanautinnon.<\/p>\n<p>9 tuuman maastorenkaat, suurella peittoalueella, eiv\u00e4t uppoa mutaan sadep\u00e4ivin\u00e4, hyv\u00e4 iskunvaimennus, hyv\u00e4 pito, ei pelk\u00e4\u00e4 vaikeita tieolosuhteita, mik\u00e4 antaa luottamusta.<\/p>\n<p>Edess\u00e4 ja takana kaksoislevyjarrut, jos haluat, voit pys\u00e4hty\u00e4, jos haluat, voit k\u00e4vell\u00e4, villisti! Edess\u00e4 ja takana 120 mm:n kaapelik\u00e4ytt\u00f6iset levyjarrut, tuuletetut j\u00e4\u00e4hdytyslevyt, jotka eiv\u00e4t pelk\u00e4\u00e4 suurta nopeutta, antavat sinulle itseluottamuksen pys\u00e4hty\u00e4 milloin haluat.<\/p>\n<p>&nbsp;<\/p>\n<h3>\nLED-N\u00c4YTT\u00d6 JA VALOJ\u00c4RJESTELM\u00c4<\/h3>\n<p>Digitaalisen n\u00e4yt\u00f6n avulla n\u00e4et yhdell\u00e4 silm\u00e4yksell\u00e4 auton tilan reaaliajassa kaikkien ajotietojen kera kevyest\u00e4 voimakkaaseen pomppaamiseen, ja voit vaihtaa ajotilaa milloin tahansa napin painalluksella. Halusitpa sitten rentoa mukavuutta tai \u00e4\u00e4rimm\u00e4ist\u00e4 villi\u00e4, se voi tarjota sinulle haluamaasi hauskaa.<\/p>\n<p>Koko autossa 6 valoj\u00e4rjestelm\u00e4\u00e4 valaisemaan sinua ja suojelemaan turvallisuuttasi, 1 ajovalo + 2 lis\u00e4valoa + 3 varoitusvaloa, jotka eiv\u00e4t ainoastaan \u200b\u200bvalaise edess\u00e4si olevaa tiet\u00e4, vaan my\u00f6s suojaavat sinua vasemmalla, oikealla ja takaturvallisuus.<\/p>\n<p>&nbsp;<\/p>\n<h3>\nKUGOO KIRIN G2 PRO TEKNISET TIEDOT<\/h3>\n<p>Huippunopeus: 25\/45 km\/h<br \/>\nSuurin nopeus kussakin tilassa: 15 km\/h 30 km\/h 45 km\/h<br \/>\nKantama: 55 km<br \/>\nAkku: 48V 15Ah<br \/>\nMoottorin nimellisteho: 600W<br \/>\nVuoristokiipeily: 20\u00b0<br \/>\nJarruj\u00e4rjestelm\u00e4: Kaksoislevyjarru<br \/>\nRenkaat: 9&#8221;<br \/>\nKoko: 1187*620*1315 mm<br \/>\nPaino: 26,7 kg<br \/>\nMaksimikuorma: 120 kg<br \/>\nLatausaika: 7-8 tuntia<\/p>\n","protected":false},"excerpt":{"rendered":"<p><strong>KUGOO KIRIN G2 PRO<\/strong><\/p>\n<p>&nbsp;<\/p>\n<ul>\n<li>Moottorin teho: 600W<\/li>\n<li>Ajomatka: 55 km<\/li>\n<li>Akku: 48V 15Ah<\/li>\n<li>Maksimikuorma: 120 kg<\/li>\n<li>Latausaika: 7-8 tuntia<\/li>\n<\/ul>\n<p>&nbsp;<\/p>\n<p><strong>\u2666 Toimitusaika 3-8 p\u00e4iv\u00e4\u00e4<\/strong><br \/>\n<strong>\u2666 Varastossa<\/strong><\/p>\n","protected":false},"featured_media":15510,"template":"","meta":[],"product_cat":[1294,971,975],"product_tag":[],"class_list":{"0":"post-7571","1":"product","2":"type-product","3":"status-publish","4":"has-post-thumbnail","6":"product_cat-kugoo","7":"product_cat-sahkopotkulaudat","8":"product_cat-voimakas-sahkopotkulaudat","9":"product_shipping_class-suured-pakid","11":"first","12":"instock","13":"sale","14":"taxable","15":"shipping-taxable","16":"purchasable","17":"product-type-simple"},"yoast_head":"<!-- This site is optimized with the Yoast SEO plugin v23.8 - https:\/\/yoast.com\/wordpress\/plugins\/seo\/ -->\n<title>Kugoo Kirin G2 Pro - Ecocruiser<\/title>\n<meta name=\"description\" content=\"Kugoo Kirin G2 Pro - Laadukkaat merkit, laaja valikoima - Ecocruiser.ee - Jos sinulla on kysytt\u00e4v\u00e4\u00e4, ota yhteytt\u00e4 info@projekt.vombat.ee\" \/>\n<meta name=\"robots\" content=\"noindex, follow, max-snippet:-1, max-image-preview:large, max-video-preview:-1\" \/>\n<meta property=\"og:locale\" content=\"en_GB\" \/>\n<meta property=\"og:type\" content=\"article\" \/>\n<meta property=\"og:title\" content=\"Kugoo Kirin G2 Pro - Ecocruiser\" \/>\n<meta property=\"og:description\" content=\"Kugoo Kirin G2 Pro - Laadukkaat merkit, laaja valikoima - Ecocruiser.ee - Jos sinulla on kysytt\u00e4v\u00e4\u00e4, ota yhteytt\u00e4 info@projekt.vombat.ee\" \/>\n<meta property=\"og:url\" content=\"https:\/\/projekt.vombat.ee\/eco\/fi\/myym\u00e4l\u00e4\/sahkopotkulaudat\/voimakas-sahkopotkulaudat\/kugoo-kirin-g2-pro\/\" \/>\n<meta property=\"og:site_name\" content=\"Ecocruiser\" \/>\n<meta property=\"article:modified_time\" content=\"2024-06-26T14:07:09+00:00\" \/>\n<meta property=\"og:image\" content=\"https:\/\/projekt.vombat.ee\/eco\/wp-content\/uploads\/2023\/03\/d69abe6a5554bec15e3849614e4394a7.webp\" \/>\n\t<meta property=\"og:image:width\" content=\"1000\" \/>\n\t<meta property=\"og:image:height\" content=\"1000\" \/>\n\t<meta property=\"og:image:type\" content=\"image\/webp\" \/>\n<meta name=\"twitter:card\" content=\"summary_large_image\" \/>\n<meta name=\"twitter:label1\" content=\"Estimated reading time\" \/>\n\t<meta name=\"twitter:data1\" content=\"3 minutes\" \/>\n<script type=\"application\/ld+json\" class=\"yoast-schema-graph\">{\"@context\":\"https:\/\/schema.org\",\"@graph\":[{\"@type\":\"WebPage\",\"@id\":\"https:\/\/projekt.vombat.ee\/eco\/fi\/myym%C3%A4l%C3%A4\/sahkopotkulaudat\/voimakas-sahkopotkulaudat\/kugoo-kirin-g2-pro\/\",\"url\":\"https:\/\/projekt.vombat.ee\/eco\/fi\/myym%C3%A4l%C3%A4\/sahkopotkulaudat\/voimakas-sahkopotkulaudat\/kugoo-kirin-g2-pro\/\",\"name\":\"Kugoo Kirin G2 Pro - Ecocruiser\",\"isPartOf\":{\"@id\":\"https:\/\/projekt.vombat.ee\/eco\/#website\"},\"primaryImageOfPage\":{\"@id\":\"https:\/\/projekt.vombat.ee\/eco\/fi\/myym%C3%A4l%C3%A4\/sahkopotkulaudat\/voimakas-sahkopotkulaudat\/kugoo-kirin-g2-pro\/#primaryimage\"},\"image\":{\"@id\":\"https:\/\/projekt.vombat.ee\/eco\/fi\/myym%C3%A4l%C3%A4\/sahkopotkulaudat\/voimakas-sahkopotkulaudat\/kugoo-kirin-g2-pro\/#primaryimage\"},\"thumbnailUrl\":\"https:\/\/projekt.vombat.ee\/eco\/wp-content\/uploads\/2023\/03\/d69abe6a5554bec15e3849614e4394a7.webp\",\"datePublished\":\"2023-03-26T18:46:03+00:00\",\"dateModified\":\"2024-06-26T14:07:09+00:00\",\"description\":\"Kugoo Kirin G2 Pro - Laadukkaat merkit, laaja valikoima - Ecocruiser.ee - Jos sinulla on kysytt\u00e4v\u00e4\u00e4, ota yhteytt\u00e4 info@projekt.vombat.ee\",\"breadcrumb\":{\"@id\":\"https:\/\/projekt.vombat.ee\/eco\/fi\/myym%C3%A4l%C3%A4\/sahkopotkulaudat\/voimakas-sahkopotkulaudat\/kugoo-kirin-g2-pro\/#breadcrumb\"},\"inLanguage\":\"en-GB\",\"potentialAction\":[{\"@type\":\"ReadAction\",\"target\":[\"https:\/\/projekt.vombat.ee\/eco\/fi\/myym%C3%A4l%C3%A4\/sahkopotkulaudat\/voimakas-sahkopotkulaudat\/kugoo-kirin-g2-pro\/\"]}]},{\"@type\":\"ImageObject\",\"inLanguage\":\"en-GB\",\"@id\":\"https:\/\/projekt.vombat.ee\/eco\/fi\/myym%C3%A4l%C3%A4\/sahkopotkulaudat\/voimakas-sahkopotkulaudat\/kugoo-kirin-g2-pro\/#primaryimage\",\"url\":\"https:\/\/projekt.vombat.ee\/eco\/wp-content\/uploads\/2023\/03\/d69abe6a5554bec15e3849614e4394a7.webp\",\"contentUrl\":\"https:\/\/projekt.vombat.ee\/eco\/wp-content\/uploads\/2023\/03\/d69abe6a5554bec15e3849614e4394a7.webp\",\"width\":1000,\"height\":1000},{\"@type\":\"BreadcrumbList\",\"@id\":\"https:\/\/projekt.vombat.ee\/eco\/fi\/myym%C3%A4l%C3%A4\/sahkopotkulaudat\/voimakas-sahkopotkulaudat\/kugoo-kirin-g2-pro\/#breadcrumb\",\"itemListElement\":[{\"@type\":\"ListItem\",\"position\":1,\"name\":\"Home\",\"item\":\"https:\/\/projekt.vombat.ee\/eco\/\"},{\"@type\":\"ListItem\",\"position\":2,\"name\":\"Pood\",\"item\":\"https:\/\/projekt.vombat.ee\/eco\/pood\/\"},{\"@type\":\"ListItem\",\"position\":3,\"name\":\"Kugoo Kirin G2 Pro\"}]},{\"@type\":\"WebSite\",\"@id\":\"https:\/\/projekt.vombat.ee\/eco\/#website\",\"url\":\"https:\/\/projekt.vombat.ee\/eco\/\",\"name\":\"Ecocruiser\",\"description\":\"\",\"publisher\":{\"@id\":\"https:\/\/projekt.vombat.ee\/eco\/#organization\"},\"potentialAction\":[{\"@type\":\"SearchAction\",\"target\":{\"@type\":\"EntryPoint\",\"urlTemplate\":\"https:\/\/projekt.vombat.ee\/eco\/?s={search_term_string}\"},\"query-input\":{\"@type\":\"PropertyValueSpecification\",\"valueRequired\":true,\"valueName\":\"search_term_string\"}}],\"inLanguage\":\"en-GB\"},{\"@type\":\"Organization\",\"@id\":\"https:\/\/projekt.vombat.ee\/eco\/#organization\",\"name\":\"Ecocruiser\",\"url\":\"https:\/\/projekt.vombat.ee\/eco\/\",\"logo\":{\"@type\":\"ImageObject\",\"inLanguage\":\"en-GB\",\"@id\":\"https:\/\/projekt.vombat.ee\/eco\/#\/schema\/logo\/image\/\",\"url\":\"https:\/\/projekt.vombat.ee\/eco\/wp-content\/uploads\/2023\/03\/ECOCRUISER_5.png\",\"contentUrl\":\"https:\/\/projekt.vombat.ee\/eco\/wp-content\/uploads\/2023\/03\/ECOCRUISER_5.png\",\"width\":234,\"height\":91,\"caption\":\"Ecocruiser\"},\"image\":{\"@id\":\"https:\/\/projekt.vombat.ee\/eco\/#\/schema\/logo\/image\/\"}}]}<\/script>\n<!-- \/ Yoast SEO plugin. -->","yoast_head_json":{"title":"Kugoo Kirin G2 Pro - Ecocruiser","description":"Kugoo Kirin G2 Pro - Laadukkaat merkit, laaja valikoima - Ecocruiser.ee - Jos sinulla on kysytt\u00e4v\u00e4\u00e4, ota yhteytt\u00e4 info@projekt.vombat.ee","robots":{"index":"noindex","follow":"follow","max-snippet":"max-snippet:-1","max-image-preview":"max-image-preview:large","max-video-preview":"max-video-preview:-1"},"og_locale":"en_GB","og_type":"article","og_title":"Kugoo Kirin G2 Pro - Ecocruiser","og_description":"Kugoo Kirin G2 Pro - Laadukkaat merkit, laaja valikoima - Ecocruiser.ee - Jos sinulla on kysytt\u00e4v\u00e4\u00e4, ota yhteytt\u00e4 info@projekt.vombat.ee","og_url":"https:\/\/projekt.vombat.ee\/eco\/fi\/myym\u00e4l\u00e4\/sahkopotkulaudat\/voimakas-sahkopotkulaudat\/kugoo-kirin-g2-pro\/","og_site_name":"Ecocruiser","article_modified_time":"2024-06-26T14:07:09+00:00","og_image":[{"width":1000,"height":1000,"url":"https:\/\/projekt.vombat.ee\/eco\/wp-content\/uploads\/2023\/03\/d69abe6a5554bec15e3849614e4394a7.webp","type":"image\/webp"}],"twitter_card":"summary_large_image","twitter_misc":{"Estimated reading time":"3 minutes"},"schema":{"@context":"https:\/\/schema.org","@graph":[{"@type":"WebPage","@id":"https:\/\/projekt.vombat.ee\/eco\/fi\/myym%C3%A4l%C3%A4\/sahkopotkulaudat\/voimakas-sahkopotkulaudat\/kugoo-kirin-g2-pro\/","url":"https:\/\/projekt.vombat.ee\/eco\/fi\/myym%C3%A4l%C3%A4\/sahkopotkulaudat\/voimakas-sahkopotkulaudat\/kugoo-kirin-g2-pro\/","name":"Kugoo Kirin G2 Pro - Ecocruiser","isPartOf":{"@id":"https:\/\/projekt.vombat.ee\/eco\/#website"},"primaryImageOfPage":{"@id":"https:\/\/projekt.vombat.ee\/eco\/fi\/myym%C3%A4l%C3%A4\/sahkopotkulaudat\/voimakas-sahkopotkulaudat\/kugoo-kirin-g2-pro\/#primaryimage"},"image":{"@id":"https:\/\/projekt.vombat.ee\/eco\/fi\/myym%C3%A4l%C3%A4\/sahkopotkulaudat\/voimakas-sahkopotkulaudat\/kugoo-kirin-g2-pro\/#primaryimage"},"thumbnailUrl":"https:\/\/projekt.vombat.ee\/eco\/wp-content\/uploads\/2023\/03\/d69abe6a5554bec15e3849614e4394a7.webp","datePublished":"2023-03-26T18:46:03+00:00","dateModified":"2024-06-26T14:07:09+00:00","description":"Kugoo Kirin G2 Pro - Laadukkaat merkit, laaja valikoima - Ecocruiser.ee - Jos sinulla on kysytt\u00e4v\u00e4\u00e4, ota yhteytt\u00e4 info@projekt.vombat.ee","breadcrumb":{"@id":"https:\/\/projekt.vombat.ee\/eco\/fi\/myym%C3%A4l%C3%A4\/sahkopotkulaudat\/voimakas-sahkopotkulaudat\/kugoo-kirin-g2-pro\/#breadcrumb"},"inLanguage":"en-GB","potentialAction":[{"@type":"ReadAction","target":["https:\/\/projekt.vombat.ee\/eco\/fi\/myym%C3%A4l%C3%A4\/sahkopotkulaudat\/voimakas-sahkopotkulaudat\/kugoo-kirin-g2-pro\/"]}]},{"@type":"ImageObject","inLanguage":"en-GB","@id":"https:\/\/projekt.vombat.ee\/eco\/fi\/myym%C3%A4l%C3%A4\/sahkopotkulaudat\/voimakas-sahkopotkulaudat\/kugoo-kirin-g2-pro\/#primaryimage","url":"https:\/\/projekt.vombat.ee\/eco\/wp-content\/uploads\/2023\/03\/d69abe6a5554bec15e3849614e4394a7.webp","contentUrl":"https:\/\/projekt.vombat.ee\/eco\/wp-content\/uploads\/2023\/03\/d69abe6a5554bec15e3849614e4394a7.webp","width":1000,"height":1000},{"@type":"BreadcrumbList","@id":"https:\/\/projekt.vombat.ee\/eco\/fi\/myym%C3%A4l%C3%A4\/sahkopotkulaudat\/voimakas-sahkopotkulaudat\/kugoo-kirin-g2-pro\/#breadcrumb","itemListElement":[{"@type":"ListItem","position":1,"name":"Home","item":"https:\/\/projekt.vombat.ee\/eco\/"},{"@type":"ListItem","position":2,"name":"Pood","item":"https:\/\/projekt.vombat.ee\/eco\/pood\/"},{"@type":"ListItem","position":3,"name":"Kugoo Kirin G2 Pro"}]},{"@type":"WebSite","@id":"https:\/\/projekt.vombat.ee\/eco\/#website","url":"https:\/\/projekt.vombat.ee\/eco\/","name":"Ecocruiser","description":"","publisher":{"@id":"https:\/\/projekt.vombat.ee\/eco\/#organization"},"potentialAction":[{"@type":"SearchAction","target":{"@type":"EntryPoint","urlTemplate":"https:\/\/projekt.vombat.ee\/eco\/?s={search_term_string}"},"query-input":{"@type":"PropertyValueSpecification","valueRequired":true,"valueName":"search_term_string"}}],"inLanguage":"en-GB"},{"@type":"Organization","@id":"https:\/\/projekt.vombat.ee\/eco\/#organization","name":"Ecocruiser","url":"https:\/\/projekt.vombat.ee\/eco\/","logo":{"@type":"ImageObject","inLanguage":"en-GB","@id":"https:\/\/projekt.vombat.ee\/eco\/#\/schema\/logo\/image\/","url":"https:\/\/projekt.vombat.ee\/eco\/wp-content\/uploads\/2023\/03\/ECOCRUISER_5.png","contentUrl":"https:\/\/projekt.vombat.ee\/eco\/wp-content\/uploads\/2023\/03\/ECOCRUISER_5.png","width":234,"height":91,"caption":"Ecocruiser"},"image":{"@id":"https:\/\/projekt.vombat.ee\/eco\/#\/schema\/logo\/image\/"}}]}},"lang":"fi","translations":{"fi":7571,"ru":6406,"et":6398,"lv":10892,"en":15926,"fr":16994},"pll_sync_post":[],"_links":{"self":[{"href":"https:\/\/projekt.vombat.ee\/eco\/wp-json\/wp\/v2\/product\/7571"}],"collection":[{"href":"https:\/\/projekt.vombat.ee\/eco\/wp-json\/wp\/v2\/product"}],"about":[{"href":"https:\/\/projekt.vombat.ee\/eco\/wp-json\/wp\/v2\/types\/product"}],"version-history":[{"count":2,"href":"https:\/\/projekt.vombat.ee\/eco\/wp-json\/wp\/v2\/product\/7571\/revisions"}],"predecessor-version":[{"id":8283,"href":"https:\/\/projekt.vombat.ee\/eco\/wp-json\/wp\/v2\/product\/7571\/revisions\/8283"}],"wp:featuredmedia":[{"embeddable":true,"href":"https:\/\/projekt.vombat.ee\/eco\/wp-json\/wp\/v2\/media\/15510"}],"wp:attachment":[{"href":"https:\/\/projekt.vombat.ee\/eco\/wp-json\/wp\/v2\/media?parent=7571"}],"wp:term":[{"taxonomy":"product_cat","embeddable":true,"href":"https:\/\/projekt.vombat.ee\/eco\/wp-json\/wp\/v2\/product_cat?post=7571"},{"taxonomy":"product_tag","embeddable":true,"href":"https:\/\/projekt.vombat.ee\/eco\/wp-json\/wp\/v2\/product_tag?post=7571"}],"curies":[{"name":"wp","href":"https:\/\/api.w.org\/{rel}","templated":true}]}}