{"id":7556,"date":"2023-03-26T18:43:20","date_gmt":"2023-03-26T18:43:20","guid":{"rendered":"https:\/\/projekt.vombat.ee\/eco\/?post_type=product&#038;p=7556"},"modified":"2024-05-19T15:15:17","modified_gmt":"2024-05-19T15:15:17","slug":"kugoo-kirin-g3-70-km","status":"publish","type":"product","link":"https:\/\/projekt.vombat.ee\/eco\/fi\/myym%C3%A4l%C3%A4\/sahkopotkulaudat\/voimakas-sahkopotkulaudat\/kugoo-kirin-g3-70-km\/","title":{"rendered":"Kugoo Kirin G3, 70 km"},"content":{"rendered":"<h1>KUGOO KIRIN G3<\/h1>\n<p><img decoding=\"async\" src=\"https:\/\/cdn.shopify.com\/s\/files\/1\/0291\/3422\/5501\/files\/KugooKirin_G3_Desktop_Detail_1_1920x.jpg?v=1677832049%20alt=\" \/><\/p>\n<h3>TEHOKAS MOOTTORI &amp; AKKU<\/h3>\n<p>Tehokas 1200 W moottori, jossa on kaksinkertainen l\u00e4mm\u00f6npoisto, varmistaa jatkuvan ja vahvan tehon, jolloin e-skootteri voi kiihty\u00e4 jopa 50 km\/h. Teho ja kest\u00e4vyys ovat taattuja Kugoo Kirin G3:lla ajettaessa.<\/p>\n<p>Runko on valmistettu eritt\u00e4in lujasta alumiiniseoksesta ja se on suunniteltu yhten\u00e4 kappaleena ilman hitsausta, mik\u00e4 on vahva ja hyv\u00e4nn\u00e4k\u00f6inen.<\/p>\n<p>All-in-one-suunnittelun ansiosta KugooKirin G3 on kovempi ja kest\u00e4v\u00e4mpi, t\u00e4ydellinen ajollesi! Suurella 18 Ah:n litiumioniakulla varustettu KugooKirin G3 voi matkustaa jopa 70 km t\u00e4ydell\u00e4 latauksella, mik\u00e4 on loistava kumppani pitk\u00e4n matkan ajoon!<\/p>\n<p>Tehokkaan virtal\u00e4hteens\u00e4 ansiosta KugooKirin G3 sopeutuu erilaisiin maastoihin ja kiipe\u00e4\u00e4 30\u00b0 yl\u00e4m\u00e4keen. Off-road-seikkailustasi tulee hauskempaa ja j\u00e4nnitt\u00e4v\u00e4mp\u00e4\u00e4.<\/p>\n<h3>KUGOO KIRIN G3 &#8211; TURVALLINEN JA TAKAA<\/h3>\n<p>Edistyksellinen LED-kosketusn\u00e4ytt\u00f6 on suunniteltu n\u00e4ytt\u00e4m\u00e4\u00e4n erilaisia \u200b\u200breaaliaikaisia \u200b\u200btietoja, kuten nopeutta ja akun tehoa, sek\u00e4 monitoimiohjausta, mik\u00e4 tekee ajamisestasi \u00e4lykk\u00e4\u00e4mp\u00e4\u00e4, helpompaa ja mielenkiintoisempaa.<\/p>\n<p>10,5 tuuman maastorenkaiden ansiosta G3 mukautuu erilaisiin maastoihin ja ajaa sujuvammin.<\/p>\n<h3>KUGOO KIRIN G3 TEKNISET TIEDOT<\/h3>\n<p>V\u00e4ri musta<\/p>\n<p>Valmistaja: Kugoo<\/p>\n<p>Huippunopeus: 25\/50 km\/h<\/p>\n<p>Ajomatka: 70 km<\/p>\n<p>Suurin korkeuskulma: 25\u00b0<\/p>\n<p>Renkaat: 10,5&#8243;, ilmarengas<\/p>\n<p>Jarrut: Levyjarrut<\/p>\n<p>Jousitus: Etu- ja takajousitus<\/p>\n<p>Mitat (ajoasennossa): 1200*1290*660 mm<\/p>\n<p>Mitat (taitettuna): 1200*550*660 mm<\/p>\n<p>Vakionopeudens\u00e4\u00e4din: Kyll\u00e4<\/p>\n<p>Vaihteet: 3<\/p>\n<p>Kantavuus: 100 kg<\/p>\n<p>Signaali: Kyll\u00e4<\/p>\n<p>Valot: LED (etu- ja takavalo)<\/p>\n<p>Sovellus: Kyll\u00e4<\/p>\n<p>Paino: 25 kg<\/p>\n<p>USB: Ei<\/p>\n<p>Moottorityyppi: Harjaton moottori<\/p>\n<p>Moottorin teho (W): 1200 W<\/p>\n<p>Akku: 18 Ah, 52 V<\/p>\n<p>Latausaika: 8-10 tuntia<\/p>\n<p>Laturi: 2 A, 58,8 V<\/p>\n<p>N\u00e4ytt\u00f6: LED-n\u00e4ytt\u00f6, kosketusn\u00e4ytt\u00f6<\/p>\n","protected":false},"excerpt":{"rendered":"<ul>\n<li>Ajomatka: 70 km<\/li>\n<li>Akku: 18 Ah, 52 V<\/li>\n<li>Moottorin teho (W): 1200 W<\/li>\n<li>Kantavuus: 100 kg<\/li>\n<\/ul>\n<p>&nbsp;<\/p>\n<p><strong>\u2666 Toimitusaika 2-7 p\u00e4iv\u00e4\u00e4<\/strong><br \/>\n<strong>\u2666 Varastossa<\/strong><\/p>\n","protected":false},"featured_media":16388,"template":"","meta":[],"product_cat":[1294,971,975],"product_tag":[],"class_list":{"0":"post-7556","1":"product","2":"type-product","3":"status-publish","4":"has-post-thumbnail","6":"product_cat-kugoo","7":"product_cat-sahkopotkulaudat","8":"product_cat-voimakas-sahkopotkulaudat","9":"product_shipping_class-suured-pakid","11":"first","12":"instock","13":"sale","14":"taxable","15":"shipping-taxable","16":"purchasable","17":"product-type-simple"},"yoast_head":"<!-- This site is optimized with the Yoast SEO plugin v23.8 - https:\/\/yoast.com\/wordpress\/plugins\/seo\/ -->\n<title>Kugoo Kirin G3, 70 km - Ecocruiser<\/title>\n<meta name=\"description\" content=\"Kugoo Kirin G3, 70 km - Laadukkaat merkit, laaja valikoima - Ecocruiser.ee - Jos sinulla on kysytt\u00e4v\u00e4\u00e4, ota yhteytt\u00e4 info@projekt.vombat.ee\" \/>\n<meta name=\"robots\" content=\"noindex, follow, max-snippet:-1, max-image-preview:large, max-video-preview:-1\" \/>\n<meta property=\"og:locale\" content=\"en_GB\" \/>\n<meta property=\"og:type\" content=\"article\" \/>\n<meta property=\"og:title\" content=\"Kugoo Kirin G3, 70 km - Ecocruiser\" \/>\n<meta property=\"og:description\" content=\"Kugoo Kirin G3, 70 km - Laadukkaat merkit, laaja valikoima - Ecocruiser.ee - Jos sinulla on kysytt\u00e4v\u00e4\u00e4, ota yhteytt\u00e4 info@projekt.vombat.ee\" \/>\n<meta property=\"og:url\" content=\"https:\/\/projekt.vombat.ee\/eco\/fi\/myym\u00e4l\u00e4\/sahkopotkulaudat\/voimakas-sahkopotkulaudat\/kugoo-kirin-g3-70-km\/\" \/>\n<meta property=\"og:site_name\" content=\"Ecocruiser\" \/>\n<meta property=\"article:modified_time\" content=\"2024-05-19T15:15:17+00:00\" \/>\n<meta property=\"og:image\" content=\"https:\/\/projekt.vombat.ee\/eco\/wp-content\/uploads\/2023\/03\/Untitled-design-2023-03-11T183610.595.png\" \/>\n\t<meta property=\"og:image:width\" content=\"1000\" \/>\n\t<meta property=\"og:image:height\" content=\"1000\" \/>\n\t<meta property=\"og:image:type\" content=\"image\/png\" \/>\n<meta name=\"twitter:card\" content=\"summary_large_image\" \/>\n<meta name=\"twitter:label1\" content=\"Estimated reading time\" \/>\n\t<meta name=\"twitter:data1\" content=\"2 minutes\" \/>\n<script type=\"application\/ld+json\" class=\"yoast-schema-graph\">{\"@context\":\"https:\/\/schema.org\",\"@graph\":[{\"@type\":\"WebPage\",\"@id\":\"https:\/\/projekt.vombat.ee\/eco\/fi\/myym%C3%A4l%C3%A4\/sahkopotkulaudat\/voimakas-sahkopotkulaudat\/kugoo-kirin-g3-70-km\/\",\"url\":\"https:\/\/projekt.vombat.ee\/eco\/fi\/myym%C3%A4l%C3%A4\/sahkopotkulaudat\/voimakas-sahkopotkulaudat\/kugoo-kirin-g3-70-km\/\",\"name\":\"Kugoo Kirin G3, 70 km - Ecocruiser\",\"isPartOf\":{\"@id\":\"https:\/\/projekt.vombat.ee\/eco\/#website\"},\"primaryImageOfPage\":{\"@id\":\"https:\/\/projekt.vombat.ee\/eco\/fi\/myym%C3%A4l%C3%A4\/sahkopotkulaudat\/voimakas-sahkopotkulaudat\/kugoo-kirin-g3-70-km\/#primaryimage\"},\"image\":{\"@id\":\"https:\/\/projekt.vombat.ee\/eco\/fi\/myym%C3%A4l%C3%A4\/sahkopotkulaudat\/voimakas-sahkopotkulaudat\/kugoo-kirin-g3-70-km\/#primaryimage\"},\"thumbnailUrl\":\"https:\/\/projekt.vombat.ee\/eco\/wp-content\/uploads\/2023\/03\/ec4ee9ee91fea7237f5406c050dd4cc5.png\",\"datePublished\":\"2023-03-26T18:43:20+00:00\",\"dateModified\":\"2024-05-19T15:15:17+00:00\",\"description\":\"Kugoo Kirin G3, 70 km - Laadukkaat merkit, laaja valikoima - Ecocruiser.ee - Jos sinulla on kysytt\u00e4v\u00e4\u00e4, ota yhteytt\u00e4 info@projekt.vombat.ee\",\"breadcrumb\":{\"@id\":\"https:\/\/projekt.vombat.ee\/eco\/fi\/myym%C3%A4l%C3%A4\/sahkopotkulaudat\/voimakas-sahkopotkulaudat\/kugoo-kirin-g3-70-km\/#breadcrumb\"},\"inLanguage\":\"en-GB\",\"potentialAction\":[{\"@type\":\"ReadAction\",\"target\":[\"https:\/\/projekt.vombat.ee\/eco\/fi\/myym%C3%A4l%C3%A4\/sahkopotkulaudat\/voimakas-sahkopotkulaudat\/kugoo-kirin-g3-70-km\/\"]}]},{\"@type\":\"ImageObject\",\"inLanguage\":\"en-GB\",\"@id\":\"https:\/\/projekt.vombat.ee\/eco\/fi\/myym%C3%A4l%C3%A4\/sahkopotkulaudat\/voimakas-sahkopotkulaudat\/kugoo-kirin-g3-70-km\/#primaryimage\",\"url\":\"https:\/\/projekt.vombat.ee\/eco\/wp-content\/uploads\/2023\/03\/ec4ee9ee91fea7237f5406c050dd4cc5.png\",\"contentUrl\":\"https:\/\/projekt.vombat.ee\/eco\/wp-content\/uploads\/2023\/03\/ec4ee9ee91fea7237f5406c050dd4cc5.png\",\"width\":900,\"height\":904},{\"@type\":\"BreadcrumbList\",\"@id\":\"https:\/\/projekt.vombat.ee\/eco\/fi\/myym%C3%A4l%C3%A4\/sahkopotkulaudat\/voimakas-sahkopotkulaudat\/kugoo-kirin-g3-70-km\/#breadcrumb\",\"itemListElement\":[{\"@type\":\"ListItem\",\"position\":1,\"name\":\"Home\",\"item\":\"https:\/\/projekt.vombat.ee\/eco\/\"},{\"@type\":\"ListItem\",\"position\":2,\"name\":\"Pood\",\"item\":\"https:\/\/projekt.vombat.ee\/eco\/pood\/\"},{\"@type\":\"ListItem\",\"position\":3,\"name\":\"Kugoo Kirin G3, 70 km\"}]},{\"@type\":\"WebSite\",\"@id\":\"https:\/\/projekt.vombat.ee\/eco\/#website\",\"url\":\"https:\/\/projekt.vombat.ee\/eco\/\",\"name\":\"Ecocruiser\",\"description\":\"\",\"publisher\":{\"@id\":\"https:\/\/projekt.vombat.ee\/eco\/#organization\"},\"potentialAction\":[{\"@type\":\"SearchAction\",\"target\":{\"@type\":\"EntryPoint\",\"urlTemplate\":\"https:\/\/projekt.vombat.ee\/eco\/?s={search_term_string}\"},\"query-input\":{\"@type\":\"PropertyValueSpecification\",\"valueRequired\":true,\"valueName\":\"search_term_string\"}}],\"inLanguage\":\"en-GB\"},{\"@type\":\"Organization\",\"@id\":\"https:\/\/projekt.vombat.ee\/eco\/#organization\",\"name\":\"Ecocruiser\",\"url\":\"https:\/\/projekt.vombat.ee\/eco\/\",\"logo\":{\"@type\":\"ImageObject\",\"inLanguage\":\"en-GB\",\"@id\":\"https:\/\/projekt.vombat.ee\/eco\/#\/schema\/logo\/image\/\",\"url\":\"https:\/\/projekt.vombat.ee\/eco\/wp-content\/uploads\/2023\/03\/ECOCRUISER_5.png\",\"contentUrl\":\"https:\/\/projekt.vombat.ee\/eco\/wp-content\/uploads\/2023\/03\/ECOCRUISER_5.png\",\"width\":234,\"height\":91,\"caption\":\"Ecocruiser\"},\"image\":{\"@id\":\"https:\/\/projekt.vombat.ee\/eco\/#\/schema\/logo\/image\/\"}}]}<\/script>\n<!-- \/ Yoast SEO plugin. -->","yoast_head_json":{"title":"Kugoo Kirin G3, 70 km - Ecocruiser","description":"Kugoo Kirin G3, 70 km - Laadukkaat merkit, laaja valikoima - Ecocruiser.ee - Jos sinulla on kysytt\u00e4v\u00e4\u00e4, ota yhteytt\u00e4 info@projekt.vombat.ee","robots":{"index":"noindex","follow":"follow","max-snippet":"max-snippet:-1","max-image-preview":"max-image-preview:large","max-video-preview":"max-video-preview:-1"},"og_locale":"en_GB","og_type":"article","og_title":"Kugoo Kirin G3, 70 km - Ecocruiser","og_description":"Kugoo Kirin G3, 70 km - Laadukkaat merkit, laaja valikoima - Ecocruiser.ee - Jos sinulla on kysytt\u00e4v\u00e4\u00e4, ota yhteytt\u00e4 info@projekt.vombat.ee","og_url":"https:\/\/projekt.vombat.ee\/eco\/fi\/myym\u00e4l\u00e4\/sahkopotkulaudat\/voimakas-sahkopotkulaudat\/kugoo-kirin-g3-70-km\/","og_site_name":"Ecocruiser","article_modified_time":"2024-05-19T15:15:17+00:00","og_image":[{"width":1000,"height":1000,"url":"https:\/\/projekt.vombat.ee\/eco\/wp-content\/uploads\/2023\/03\/Untitled-design-2023-03-11T183610.595.png","type":"image\/png"}],"twitter_card":"summary_large_image","twitter_misc":{"Estimated reading time":"2 minutes"},"schema":{"@context":"https:\/\/schema.org","@graph":[{"@type":"WebPage","@id":"https:\/\/projekt.vombat.ee\/eco\/fi\/myym%C3%A4l%C3%A4\/sahkopotkulaudat\/voimakas-sahkopotkulaudat\/kugoo-kirin-g3-70-km\/","url":"https:\/\/projekt.vombat.ee\/eco\/fi\/myym%C3%A4l%C3%A4\/sahkopotkulaudat\/voimakas-sahkopotkulaudat\/kugoo-kirin-g3-70-km\/","name":"Kugoo Kirin G3, 70 km - Ecocruiser","isPartOf":{"@id":"https:\/\/projekt.vombat.ee\/eco\/#website"},"primaryImageOfPage":{"@id":"https:\/\/projekt.vombat.ee\/eco\/fi\/myym%C3%A4l%C3%A4\/sahkopotkulaudat\/voimakas-sahkopotkulaudat\/kugoo-kirin-g3-70-km\/#primaryimage"},"image":{"@id":"https:\/\/projekt.vombat.ee\/eco\/fi\/myym%C3%A4l%C3%A4\/sahkopotkulaudat\/voimakas-sahkopotkulaudat\/kugoo-kirin-g3-70-km\/#primaryimage"},"thumbnailUrl":"https:\/\/projekt.vombat.ee\/eco\/wp-content\/uploads\/2023\/03\/ec4ee9ee91fea7237f5406c050dd4cc5.png","datePublished":"2023-03-26T18:43:20+00:00","dateModified":"2024-05-19T15:15:17+00:00","description":"Kugoo Kirin G3, 70 km - Laadukkaat merkit, laaja valikoima - Ecocruiser.ee - Jos sinulla on kysytt\u00e4v\u00e4\u00e4, ota yhteytt\u00e4 info@projekt.vombat.ee","breadcrumb":{"@id":"https:\/\/projekt.vombat.ee\/eco\/fi\/myym%C3%A4l%C3%A4\/sahkopotkulaudat\/voimakas-sahkopotkulaudat\/kugoo-kirin-g3-70-km\/#breadcrumb"},"inLanguage":"en-GB","potentialAction":[{"@type":"ReadAction","target":["https:\/\/projekt.vombat.ee\/eco\/fi\/myym%C3%A4l%C3%A4\/sahkopotkulaudat\/voimakas-sahkopotkulaudat\/kugoo-kirin-g3-70-km\/"]}]},{"@type":"ImageObject","inLanguage":"en-GB","@id":"https:\/\/projekt.vombat.ee\/eco\/fi\/myym%C3%A4l%C3%A4\/sahkopotkulaudat\/voimakas-sahkopotkulaudat\/kugoo-kirin-g3-70-km\/#primaryimage","url":"https:\/\/projekt.vombat.ee\/eco\/wp-content\/uploads\/2023\/03\/ec4ee9ee91fea7237f5406c050dd4cc5.png","contentUrl":"https:\/\/projekt.vombat.ee\/eco\/wp-content\/uploads\/2023\/03\/ec4ee9ee91fea7237f5406c050dd4cc5.png","width":900,"height":904},{"@type":"BreadcrumbList","@id":"https:\/\/projekt.vombat.ee\/eco\/fi\/myym%C3%A4l%C3%A4\/sahkopotkulaudat\/voimakas-sahkopotkulaudat\/kugoo-kirin-g3-70-km\/#breadcrumb","itemListElement":[{"@type":"ListItem","position":1,"name":"Home","item":"https:\/\/projekt.vombat.ee\/eco\/"},{"@type":"ListItem","position":2,"name":"Pood","item":"https:\/\/projekt.vombat.ee\/eco\/pood\/"},{"@type":"ListItem","position":3,"name":"Kugoo Kirin G3, 70 km"}]},{"@type":"WebSite","@id":"https:\/\/projekt.vombat.ee\/eco\/#website","url":"https:\/\/projekt.vombat.ee\/eco\/","name":"Ecocruiser","description":"","publisher":{"@id":"https:\/\/projekt.vombat.ee\/eco\/#organization"},"potentialAction":[{"@type":"SearchAction","target":{"@type":"EntryPoint","urlTemplate":"https:\/\/projekt.vombat.ee\/eco\/?s={search_term_string}"},"query-input":{"@type":"PropertyValueSpecification","valueRequired":true,"valueName":"search_term_string"}}],"inLanguage":"en-GB"},{"@type":"Organization","@id":"https:\/\/projekt.vombat.ee\/eco\/#organization","name":"Ecocruiser","url":"https:\/\/projekt.vombat.ee\/eco\/","logo":{"@type":"ImageObject","inLanguage":"en-GB","@id":"https:\/\/projekt.vombat.ee\/eco\/#\/schema\/logo\/image\/","url":"https:\/\/projekt.vombat.ee\/eco\/wp-content\/uploads\/2023\/03\/ECOCRUISER_5.png","contentUrl":"https:\/\/projekt.vombat.ee\/eco\/wp-content\/uploads\/2023\/03\/ECOCRUISER_5.png","width":234,"height":91,"caption":"Ecocruiser"},"image":{"@id":"https:\/\/projekt.vombat.ee\/eco\/#\/schema\/logo\/image\/"}}]}},"lang":"fi","translations":{"fi":7556,"ru":6475,"et":6460,"en":15997},"pll_sync_post":[],"_links":{"self":[{"href":"https:\/\/projekt.vombat.ee\/eco\/wp-json\/wp\/v2\/product\/7556"}],"collection":[{"href":"https:\/\/projekt.vombat.ee\/eco\/wp-json\/wp\/v2\/product"}],"about":[{"href":"https:\/\/projekt.vombat.ee\/eco\/wp-json\/wp\/v2\/types\/product"}],"version-history":[{"count":1,"href":"https:\/\/projekt.vombat.ee\/eco\/wp-json\/wp\/v2\/product\/7556\/revisions"}],"predecessor-version":[{"id":7570,"href":"https:\/\/projekt.vombat.ee\/eco\/wp-json\/wp\/v2\/product\/7556\/revisions\/7570"}],"wp:featuredmedia":[{"embeddable":true,"href":"https:\/\/projekt.vombat.ee\/eco\/wp-json\/wp\/v2\/media\/16388"}],"wp:attachment":[{"href":"https:\/\/projekt.vombat.ee\/eco\/wp-json\/wp\/v2\/media?parent=7556"}],"wp:term":[{"taxonomy":"product_cat","embeddable":true,"href":"https:\/\/projekt.vombat.ee\/eco\/wp-json\/wp\/v2\/product_cat?post=7556"},{"taxonomy":"product_tag","embeddable":true,"href":"https:\/\/projekt.vombat.ee\/eco\/wp-json\/wp\/v2\/product_tag?post=7556"}],"curies":[{"name":"wp","href":"https:\/\/api.w.org\/{rel}","templated":true}]}}