{"id":7547,"date":"2023-03-26T18:38:44","date_gmt":"2023-03-26T18:38:44","guid":{"rendered":"https:\/\/projekt.vombat.ee\/eco\/?post_type=product&#038;p=7547"},"modified":"2023-03-26T20:33:34","modified_gmt":"2023-03-26T20:33:34","slug":"kugoo-kirin-m3","status":"publish","type":"product","link":"https:\/\/projekt.vombat.ee\/eco\/fi\/myym%C3%A4l%C3%A4\/sahkopotkulaudat\/kaupungin-sahkopotkulaudat\/kugoo-kirin-m3\/","title":{"rendered":"Kugoo Kirin M3 s\u00e4hk\u00f6skootteri"},"content":{"rendered":"<h1>KUGOO KIRIN M3<\/h1>\n<p><img decoding=\"async\" src=\"https:\/\/cdn.shopify.com\/s\/files\/1\/0291\/3422\/5501\/files\/KugooKirin_M3_Desktop_Datail_1_1920x.jpg?v=1678174391%20alt=\" \/><\/p>\n<h3>KUGOO KIRIN M3 TEKNISET TIEDOT<\/h3>\n<p>Kugoo Kirin M3 on ehk\u00e4 yksi parhaista Kugoo-julkaisuista. N\u00e4iden iskunvaimentimien ja renkaiden mukana tuleva ajomukavuus on rahan arvoinen. Leve\u00e4n alustan ansiosta voit nauttia ajosta mukavasti, ja tehokas moottori nostaa sinut jopa 14 asteen m\u00e4kiin. Tehokkaiden levyjarrujen ansiosta jarrutusmatka on lyhyt. Ohjaustangon korkeutta ei voi s\u00e4\u00e4t\u00e4\u00e4, joten tukoksia taipuvia paikkoja on v\u00e4hemm\u00e4n. Kuten muutkin s\u00e4hk\u00f6skootterit, t\u00e4m\u00e4 py\u00f6r\u00e4 on my\u00f6s taitettava.<\/p>\n<p>S\u00e4hk\u00f6inen kokoontaittuva skootteri toimii akkuvirralla ja on helppo ladata! Lis\u00e4ksi skootteri on kompakti, joten voit ottaa sen mukavasti mukaan kaikkialle.<\/p>\n<p>Nopeustila: 15KM\/H; 25 km\/h; 30 km\/h<br \/>\nAkku: 7,5 Ah<br \/>\nSuurin kilometrim\u00e4\u00e4r\u00e4: 35 km (riippuu matkasta ja kuljettajan painosta)<br \/>\nSuurin nopeus: 25\/30 km\/h<br \/>\nMaksimikuorma: 120 kg<\/p>\n<p>Valo: etuvalo, takavalo<br \/>\nAkun kapasiteetti: 13Ah<br \/>\nAkun j\u00e4nnite: 36V<br \/>\nMoottorityyppi: Harjaton DC-moottori<\/p>\n<p>Moottorin teho: 500W<br \/>\nMoottorin nimellisj\u00e4nnite: 36V<br \/>\nLatausaika: 5-6<\/p>\n<p>Vedenpit\u00e4v\u00e4: XP67<br \/>\nKorkeuskulma: 24 astetta<br \/>\nrengaskoko: 10&#8243; hunajakennorengas<\/p>\n<p>Tuotteen paino: 11 kg<br \/>\nPakkauksen paino: 15 kg<br \/>\nTuotteen mitat: 1150 x 455 x 1195 mm (purettu)<br \/>\nTaitettava koko: 1155 x 455 x 570 mm<\/p>\n","protected":false},"excerpt":{"rendered":"<p><strong>KUGOO KIRIN M3<\/strong><\/p>\n<p>&nbsp;<\/p>\n<ul>\n<li>Suurin ajomatka: 40 km<\/li>\n<li>Kantavuus: 120 kg<\/li>\n<li>Moottorin teho: 500W<\/li>\n<li>Latausaika: 5-6 tuntia<\/li>\n<li>Akku: 13Ah<\/li>\n<li>Suurin nopeus: 40 km\/h<\/li>\n<\/ul>\n<p>&nbsp;<\/p>\n<p><strong>\u2666 Toimitusaika 3-8 p\u00e4iv\u00e4\u00e4<\/strong><br \/>\n<strong>\u2666 Varastossa<\/strong><\/p>\n","protected":false},"featured_media":7548,"template":"","meta":[],"product_cat":[973,971],"product_tag":[],"class_list":{"0":"post-7547","1":"product","2":"type-product","3":"status-publish","4":"has-post-thumbnail","6":"product_cat-kaupungin-sahkopotkulaudat","7":"product_cat-sahkopotkulaudat","9":"first","10":"instock","11":"taxable","12":"shipping-taxable","13":"purchasable","14":"product-type-simple"},"yoast_head":"<!-- This site is optimized with the Yoast SEO plugin v23.8 - https:\/\/yoast.com\/wordpress\/plugins\/seo\/ -->\n<title>Kugoo Kirin M3 s\u00e4hk\u00f6skootteri - Ecocruiser<\/title>\n<meta name=\"description\" content=\"Kugoo Kirin M3 s\u00e4hk\u00f6skootteri - Laadukkaat merkit, laaja valikoima - Ecocruiser.ee - Jos sinulla on kysytt\u00e4v\u00e4\u00e4, ota yhteytt\u00e4 info@projekt.vombat.ee\" \/>\n<meta name=\"robots\" content=\"noindex, follow, max-snippet:-1, max-image-preview:large, max-video-preview:-1\" \/>\n<meta property=\"og:locale\" content=\"en_GB\" \/>\n<meta property=\"og:type\" content=\"article\" \/>\n<meta property=\"og:title\" content=\"Kugoo Kirin M3 s\u00e4hk\u00f6skootteri - Ecocruiser\" \/>\n<meta property=\"og:description\" content=\"Kugoo Kirin M3 s\u00e4hk\u00f6skootteri - Laadukkaat merkit, laaja valikoima - Ecocruiser.ee - Jos sinulla on kysytt\u00e4v\u00e4\u00e4, ota yhteytt\u00e4 info@projekt.vombat.ee\" \/>\n<meta property=\"og:url\" content=\"https:\/\/projekt.vombat.ee\/eco\/fi\/myym\u00e4l\u00e4\/sahkopotkulaudat\/kaupungin-sahkopotkulaudat\/kugoo-kirin-m3\/\" \/>\n<meta property=\"og:site_name\" content=\"Ecocruiser\" \/>\n<meta property=\"article:modified_time\" content=\"2023-03-26T20:33:34+00:00\" \/>\n<meta property=\"og:image\" content=\"https:\/\/projekt.vombat.ee\/eco\/wp-content\/uploads\/2023\/03\/Kugoo-kirin-M3.webp\" \/>\n\t<meta property=\"og:image:width\" content=\"1000\" \/>\n\t<meta property=\"og:image:height\" content=\"1000\" \/>\n\t<meta property=\"og:image:type\" content=\"image\/webp\" \/>\n<meta name=\"twitter:card\" content=\"summary_large_image\" \/>\n<meta name=\"twitter:label1\" content=\"Estimated reading time\" \/>\n\t<meta name=\"twitter:data1\" content=\"2 minutes\" \/>\n<script type=\"application\/ld+json\" class=\"yoast-schema-graph\">{\"@context\":\"https:\/\/schema.org\",\"@graph\":[{\"@type\":\"WebPage\",\"@id\":\"https:\/\/projekt.vombat.ee\/eco\/fi\/myym%C3%A4l%C3%A4\/sahkopotkulaudat\/kaupungin-sahkopotkulaudat\/kugoo-kirin-m3\/\",\"url\":\"https:\/\/projekt.vombat.ee\/eco\/fi\/myym%C3%A4l%C3%A4\/sahkopotkulaudat\/kaupungin-sahkopotkulaudat\/kugoo-kirin-m3\/\",\"name\":\"Kugoo Kirin M3 s\u00e4hk\u00f6skootteri - Ecocruiser\",\"isPartOf\":{\"@id\":\"https:\/\/projekt.vombat.ee\/eco\/#website\"},\"primaryImageOfPage\":{\"@id\":\"https:\/\/projekt.vombat.ee\/eco\/fi\/myym%C3%A4l%C3%A4\/sahkopotkulaudat\/kaupungin-sahkopotkulaudat\/kugoo-kirin-m3\/#primaryimage\"},\"image\":{\"@id\":\"https:\/\/projekt.vombat.ee\/eco\/fi\/myym%C3%A4l%C3%A4\/sahkopotkulaudat\/kaupungin-sahkopotkulaudat\/kugoo-kirin-m3\/#primaryimage\"},\"thumbnailUrl\":\"https:\/\/projekt.vombat.ee\/eco\/wp-content\/uploads\/2023\/03\/Kugoo-kirin-M3.webp\",\"datePublished\":\"2023-03-26T18:38:44+00:00\",\"dateModified\":\"2023-03-26T20:33:34+00:00\",\"description\":\"Kugoo Kirin M3 s\u00e4hk\u00f6skootteri - Laadukkaat merkit, laaja valikoima - Ecocruiser.ee - Jos sinulla on kysytt\u00e4v\u00e4\u00e4, ota yhteytt\u00e4 info@projekt.vombat.ee\",\"breadcrumb\":{\"@id\":\"https:\/\/projekt.vombat.ee\/eco\/fi\/myym%C3%A4l%C3%A4\/sahkopotkulaudat\/kaupungin-sahkopotkulaudat\/kugoo-kirin-m3\/#breadcrumb\"},\"inLanguage\":\"en-GB\",\"potentialAction\":[{\"@type\":\"ReadAction\",\"target\":[\"https:\/\/projekt.vombat.ee\/eco\/fi\/myym%C3%A4l%C3%A4\/sahkopotkulaudat\/kaupungin-sahkopotkulaudat\/kugoo-kirin-m3\/\"]}]},{\"@type\":\"ImageObject\",\"inLanguage\":\"en-GB\",\"@id\":\"https:\/\/projekt.vombat.ee\/eco\/fi\/myym%C3%A4l%C3%A4\/sahkopotkulaudat\/kaupungin-sahkopotkulaudat\/kugoo-kirin-m3\/#primaryimage\",\"url\":\"https:\/\/projekt.vombat.ee\/eco\/wp-content\/uploads\/2023\/03\/Kugoo-kirin-M3.webp\",\"contentUrl\":\"https:\/\/projekt.vombat.ee\/eco\/wp-content\/uploads\/2023\/03\/Kugoo-kirin-M3.webp\",\"width\":1000,\"height\":1000,\"caption\":\"Kugoo kirin M3\"},{\"@type\":\"BreadcrumbList\",\"@id\":\"https:\/\/projekt.vombat.ee\/eco\/fi\/myym%C3%A4l%C3%A4\/sahkopotkulaudat\/kaupungin-sahkopotkulaudat\/kugoo-kirin-m3\/#breadcrumb\",\"itemListElement\":[{\"@type\":\"ListItem\",\"position\":1,\"name\":\"Home\",\"item\":\"https:\/\/projekt.vombat.ee\/eco\/\"},{\"@type\":\"ListItem\",\"position\":2,\"name\":\"Pood\",\"item\":\"https:\/\/projekt.vombat.ee\/eco\/pood\/\"},{\"@type\":\"ListItem\",\"position\":3,\"name\":\"Kugoo Kirin M3 s\u00e4hk\u00f6skootteri\"}]},{\"@type\":\"WebSite\",\"@id\":\"https:\/\/projekt.vombat.ee\/eco\/#website\",\"url\":\"https:\/\/projekt.vombat.ee\/eco\/\",\"name\":\"Ecocruiser\",\"description\":\"\",\"publisher\":{\"@id\":\"https:\/\/projekt.vombat.ee\/eco\/#organization\"},\"potentialAction\":[{\"@type\":\"SearchAction\",\"target\":{\"@type\":\"EntryPoint\",\"urlTemplate\":\"https:\/\/projekt.vombat.ee\/eco\/?s={search_term_string}\"},\"query-input\":{\"@type\":\"PropertyValueSpecification\",\"valueRequired\":true,\"valueName\":\"search_term_string\"}}],\"inLanguage\":\"en-GB\"},{\"@type\":\"Organization\",\"@id\":\"https:\/\/projekt.vombat.ee\/eco\/#organization\",\"name\":\"Ecocruiser\",\"url\":\"https:\/\/projekt.vombat.ee\/eco\/\",\"logo\":{\"@type\":\"ImageObject\",\"inLanguage\":\"en-GB\",\"@id\":\"https:\/\/projekt.vombat.ee\/eco\/#\/schema\/logo\/image\/\",\"url\":\"https:\/\/projekt.vombat.ee\/eco\/wp-content\/uploads\/2023\/03\/ECOCRUISER_5.png\",\"contentUrl\":\"https:\/\/projekt.vombat.ee\/eco\/wp-content\/uploads\/2023\/03\/ECOCRUISER_5.png\",\"width\":234,\"height\":91,\"caption\":\"Ecocruiser\"},\"image\":{\"@id\":\"https:\/\/projekt.vombat.ee\/eco\/#\/schema\/logo\/image\/\"}}]}<\/script>\n<!-- \/ Yoast SEO plugin. -->","yoast_head_json":{"title":"Kugoo Kirin M3 s\u00e4hk\u00f6skootteri - Ecocruiser","description":"Kugoo Kirin M3 s\u00e4hk\u00f6skootteri - Laadukkaat merkit, laaja valikoima - Ecocruiser.ee - Jos sinulla on kysytt\u00e4v\u00e4\u00e4, ota yhteytt\u00e4 info@projekt.vombat.ee","robots":{"index":"noindex","follow":"follow","max-snippet":"max-snippet:-1","max-image-preview":"max-image-preview:large","max-video-preview":"max-video-preview:-1"},"og_locale":"en_GB","og_type":"article","og_title":"Kugoo Kirin M3 s\u00e4hk\u00f6skootteri - Ecocruiser","og_description":"Kugoo Kirin M3 s\u00e4hk\u00f6skootteri - Laadukkaat merkit, laaja valikoima - Ecocruiser.ee - Jos sinulla on kysytt\u00e4v\u00e4\u00e4, ota yhteytt\u00e4 info@projekt.vombat.ee","og_url":"https:\/\/projekt.vombat.ee\/eco\/fi\/myym\u00e4l\u00e4\/sahkopotkulaudat\/kaupungin-sahkopotkulaudat\/kugoo-kirin-m3\/","og_site_name":"Ecocruiser","article_modified_time":"2023-03-26T20:33:34+00:00","og_image":[{"width":1000,"height":1000,"url":"https:\/\/projekt.vombat.ee\/eco\/wp-content\/uploads\/2023\/03\/Kugoo-kirin-M3.webp","type":"image\/webp"}],"twitter_card":"summary_large_image","twitter_misc":{"Estimated reading time":"2 minutes"},"schema":{"@context":"https:\/\/schema.org","@graph":[{"@type":"WebPage","@id":"https:\/\/projekt.vombat.ee\/eco\/fi\/myym%C3%A4l%C3%A4\/sahkopotkulaudat\/kaupungin-sahkopotkulaudat\/kugoo-kirin-m3\/","url":"https:\/\/projekt.vombat.ee\/eco\/fi\/myym%C3%A4l%C3%A4\/sahkopotkulaudat\/kaupungin-sahkopotkulaudat\/kugoo-kirin-m3\/","name":"Kugoo Kirin M3 s\u00e4hk\u00f6skootteri - Ecocruiser","isPartOf":{"@id":"https:\/\/projekt.vombat.ee\/eco\/#website"},"primaryImageOfPage":{"@id":"https:\/\/projekt.vombat.ee\/eco\/fi\/myym%C3%A4l%C3%A4\/sahkopotkulaudat\/kaupungin-sahkopotkulaudat\/kugoo-kirin-m3\/#primaryimage"},"image":{"@id":"https:\/\/projekt.vombat.ee\/eco\/fi\/myym%C3%A4l%C3%A4\/sahkopotkulaudat\/kaupungin-sahkopotkulaudat\/kugoo-kirin-m3\/#primaryimage"},"thumbnailUrl":"https:\/\/projekt.vombat.ee\/eco\/wp-content\/uploads\/2023\/03\/Kugoo-kirin-M3.webp","datePublished":"2023-03-26T18:38:44+00:00","dateModified":"2023-03-26T20:33:34+00:00","description":"Kugoo Kirin M3 s\u00e4hk\u00f6skootteri - Laadukkaat merkit, laaja valikoima - Ecocruiser.ee - Jos sinulla on kysytt\u00e4v\u00e4\u00e4, ota yhteytt\u00e4 info@projekt.vombat.ee","breadcrumb":{"@id":"https:\/\/projekt.vombat.ee\/eco\/fi\/myym%C3%A4l%C3%A4\/sahkopotkulaudat\/kaupungin-sahkopotkulaudat\/kugoo-kirin-m3\/#breadcrumb"},"inLanguage":"en-GB","potentialAction":[{"@type":"ReadAction","target":["https:\/\/projekt.vombat.ee\/eco\/fi\/myym%C3%A4l%C3%A4\/sahkopotkulaudat\/kaupungin-sahkopotkulaudat\/kugoo-kirin-m3\/"]}]},{"@type":"ImageObject","inLanguage":"en-GB","@id":"https:\/\/projekt.vombat.ee\/eco\/fi\/myym%C3%A4l%C3%A4\/sahkopotkulaudat\/kaupungin-sahkopotkulaudat\/kugoo-kirin-m3\/#primaryimage","url":"https:\/\/projekt.vombat.ee\/eco\/wp-content\/uploads\/2023\/03\/Kugoo-kirin-M3.webp","contentUrl":"https:\/\/projekt.vombat.ee\/eco\/wp-content\/uploads\/2023\/03\/Kugoo-kirin-M3.webp","width":1000,"height":1000,"caption":"Kugoo kirin M3"},{"@type":"BreadcrumbList","@id":"https:\/\/projekt.vombat.ee\/eco\/fi\/myym%C3%A4l%C3%A4\/sahkopotkulaudat\/kaupungin-sahkopotkulaudat\/kugoo-kirin-m3\/#breadcrumb","itemListElement":[{"@type":"ListItem","position":1,"name":"Home","item":"https:\/\/projekt.vombat.ee\/eco\/"},{"@type":"ListItem","position":2,"name":"Pood","item":"https:\/\/projekt.vombat.ee\/eco\/pood\/"},{"@type":"ListItem","position":3,"name":"Kugoo Kirin M3 s\u00e4hk\u00f6skootteri"}]},{"@type":"WebSite","@id":"https:\/\/projekt.vombat.ee\/eco\/#website","url":"https:\/\/projekt.vombat.ee\/eco\/","name":"Ecocruiser","description":"","publisher":{"@id":"https:\/\/projekt.vombat.ee\/eco\/#organization"},"potentialAction":[{"@type":"SearchAction","target":{"@type":"EntryPoint","urlTemplate":"https:\/\/projekt.vombat.ee\/eco\/?s={search_term_string}"},"query-input":{"@type":"PropertyValueSpecification","valueRequired":true,"valueName":"search_term_string"}}],"inLanguage":"en-GB"},{"@type":"Organization","@id":"https:\/\/projekt.vombat.ee\/eco\/#organization","name":"Ecocruiser","url":"https:\/\/projekt.vombat.ee\/eco\/","logo":{"@type":"ImageObject","inLanguage":"en-GB","@id":"https:\/\/projekt.vombat.ee\/eco\/#\/schema\/logo\/image\/","url":"https:\/\/projekt.vombat.ee\/eco\/wp-content\/uploads\/2023\/03\/ECOCRUISER_5.png","contentUrl":"https:\/\/projekt.vombat.ee\/eco\/wp-content\/uploads\/2023\/03\/ECOCRUISER_5.png","width":234,"height":91,"caption":"Ecocruiser"},"image":{"@id":"https:\/\/projekt.vombat.ee\/eco\/#\/schema\/logo\/image\/"}}]}},"lang":"fi","translations":{"fi":7547},"pll_sync_post":[],"_links":{"self":[{"href":"https:\/\/projekt.vombat.ee\/eco\/wp-json\/wp\/v2\/product\/7547"}],"collection":[{"href":"https:\/\/projekt.vombat.ee\/eco\/wp-json\/wp\/v2\/product"}],"about":[{"href":"https:\/\/projekt.vombat.ee\/eco\/wp-json\/wp\/v2\/types\/product"}],"version-history":[{"count":2,"href":"https:\/\/projekt.vombat.ee\/eco\/wp-json\/wp\/v2\/product\/7547\/revisions"}],"predecessor-version":[{"id":7771,"href":"https:\/\/projekt.vombat.ee\/eco\/wp-json\/wp\/v2\/product\/7547\/revisions\/7771"}],"wp:featuredmedia":[{"embeddable":true,"href":"https:\/\/projekt.vombat.ee\/eco\/wp-json\/wp\/v2\/media\/7548"}],"wp:attachment":[{"href":"https:\/\/projekt.vombat.ee\/eco\/wp-json\/wp\/v2\/media?parent=7547"}],"wp:term":[{"taxonomy":"product_cat","embeddable":true,"href":"https:\/\/projekt.vombat.ee\/eco\/wp-json\/wp\/v2\/product_cat?post=7547"},{"taxonomy":"product_tag","embeddable":true,"href":"https:\/\/projekt.vombat.ee\/eco\/wp-json\/wp\/v2\/product_tag?post=7547"}],"curies":[{"name":"wp","href":"https:\/\/api.w.org\/{rel}","templated":true}]}}