{"id":7528,"date":"2023-03-26T18:32:07","date_gmt":"2023-03-26T18:32:07","guid":{"rendered":"https:\/\/projekt.vombat.ee\/eco\/?post_type=product&#038;p=7528"},"modified":"2024-05-26T18:58:43","modified_gmt":"2024-05-26T18:58:43","slug":"estepon-s9-60km","status":"publish","type":"product","link":"https:\/\/projekt.vombat.ee\/eco\/fi\/myym%C3%A4l%C3%A4\/tuotemerkit\/estepon\/estepon-s9-60km\/","title":{"rendered":"Estepon S9, 60km"},"content":{"rendered":"<h1>Estepon S9<\/h1>\n<h1><img decoding=\"async\" src=\"https:\/\/i.gyazo.com\/c5afb036311898db471b141341c39d31.jpg\" \/><\/h1>\n<p><strong>Estepon S9<\/strong> on 600 W moottori. Yhdess\u00e4 ohjaimen kanssa ne mahdollistavat ajamisen rampilla &#8211; jopa 35 astetta nopeuden menett\u00e4m\u00e4tt\u00e4.<\/p>\n<h3>10 tuuman py\u00f6r\u00e4t, kaksoisiskunvaimentimet<\/h3>\n<p>Vahvat 10 tuuman puhallettavat py\u00f6r\u00e4t, jousivaimentimet ja luistamaton alusta ovat vastuussa ajomukavuudestasi ja turvallisuudestasi.<\/p>\n<h3>Kaksoislevyjarrut<\/h3>\n<p>Kest\u00e4v\u00e4t kaksoislevyjarrut takaavat lyhyen jarrutusmatkan ja antavat turvallisuuden tunteen.<\/p>\n<h3>T\u00e4ysi hallinta<\/h3>\n<p>LCD-n\u00e4yt\u00f6lt\u00e4 p\u00e4\u00e4set k\u00e4siksi kaikkiin t\u00e4rkeimpiin parametreihin, mukaan lukien: akun varaustaso, nykyinen nopeus, mittarilukema ja vaihteiden s\u00e4\u00e4t\u00f6. Lis\u00e4ksi n\u00e4yt\u00f6ss\u00e4 on monia vaihtoehtoja parametrien, kuten kiihtyvyyden, maksiminopeuden tai vakionopeudens\u00e4\u00e4timen, s\u00e4\u00e4t\u00e4miseen.<\/p>\n<h3>Ajomatka jopa 60 km yhdell\u00e4 latauksella<\/h3>\n<p>\u00c4lykk\u00e4\u00e4n ohjauksen ansiosta 15 Ah:n litiumioniakku k\u00e4ytt\u00e4\u00e4 energiaa tehokkaammin. Pikalataustekniikan ansiosta skootterin lataaminen t\u00e4yteen kest\u00e4\u00e4 vain 5-7 tuntia.<\/p>\n<h3>Taita se yl\u00f6s ja vie se minne haluat<\/h3>\n<p>S9 on taitettava ohjauspy\u00f6r\u00e4, jonka ansiosta se on helppo ottaa mukaan mm. autosi takakonttiin.<\/p>\n<h3>Tiedot<\/h3>\n<p>Avoin koko 117*54*126cm<br \/>\nNettopaino 22 kg<br \/>\nRengaskoko 10 tuuman maastorengas<br \/>\nAjomatka 40-50km<br \/>\nNopeus 25\/40 km\/h<br \/>\nNimellisteho 48V 600W<br \/>\nJousitus PU-jousitus<br \/>\nIlmakeh\u00e4n valo Kyll\u00e4<br \/>\nNousukulma 30\u00b0<br \/>\nAkun kapasiteetti 48V 15Ah<br \/>\nLaturin parametrit 48V 2A<br \/>\nVedenkest\u00e4vyystaso IP54<br \/>\nLatausaika 5-7 tuntia<br \/>\najovalot LED kirkas ajovalo<br \/>\ntakavalot LED<br \/>\nSoveltuva valokorkeus 120-200cm<br \/>\nKantavuus 120 kg<br \/>\nV\u00e4ri musta, hopea, keltainen<\/p>\n","protected":false},"excerpt":{"rendered":"<p><strong>Estepon S9<\/strong> on supermahtava s\u00e4hk\u00f6skootteri, joka tarjoaa sinulle mukavan ja turvallisen ajon.<\/p>\n<p>LCD-n\u00e4ytt\u00f6 varmistaa t\u00e4yden hallinnan ja 15 Ah:n akun ansiosta voit matkustaa jopa 60 km.<\/p>\n<p>Lis\u00e4ksi kokoontaitettavan ohjauspy\u00f6r\u00e4n ansiosta se on helppo ottaa mukaan minne tahansa.<\/p>\n<p>Ihanteellinen ajoon kaupungissa ja mets\u00e4teill\u00e4.<\/p>\n<p>&nbsp;<\/p>\n<ul>\n<li>Ajomatka: 50-60 km<\/li>\n<li>Teho: 600W<\/li>\n<li>Akun kapasiteetti: 15Ah<\/li>\n<li>Kantavuus: 120 kg<\/li>\n<\/ul>\n<p>&nbsp;<\/p>\n<p><strong>\u2666 Toimitusaika 3-7 p\u00e4iv\u00e4\u00e4<\/strong><br \/>\n<strong>\u2666 Varastossa<\/strong><\/p>\n","protected":false},"featured_media":8252,"template":"","meta":[],"product_cat":[1304,973,971],"product_tag":[],"class_list":{"0":"post-7528","1":"product","2":"type-product","3":"status-publish","4":"has-post-thumbnail","6":"product_cat-estepon","7":"product_cat-kaupungin-sahkopotkulaudat","8":"product_cat-sahkopotkulaudat","9":"product_shipping_class-suured-pakid","11":"first","12":"instock","13":"sale","14":"taxable","15":"shipping-taxable","16":"purchasable","17":"product-type-variable"},"yoast_head":"<!-- This site is optimized with the Yoast SEO plugin v23.8 - https:\/\/yoast.com\/wordpress\/plugins\/seo\/ -->\n<title>Estepon S9, 60km - Ecocruiser<\/title>\n<meta name=\"robots\" content=\"noindex, follow, max-snippet:-1, max-image-preview:large, max-video-preview:-1\" \/>\n<meta property=\"og:locale\" content=\"en_GB\" \/>\n<meta property=\"og:type\" content=\"article\" \/>\n<meta property=\"og:title\" content=\"Estepon S9, 60km - Ecocruiser\" \/>\n<meta property=\"og:description\" content=\"Estepon S9 on supermahtava s\u00e4hk\u00f6skootteri, joka tarjoaa sinulle mukavan ja turvallisen ajon.  LCD-n\u00e4ytt\u00f6 varmistaa t\u00e4yden hallinnan ja 15 Ah:n akun ansiosta voit matkustaa jopa 60 km.  Lis\u00e4ksi kokoontaitettavan ohjauspy\u00f6r\u00e4n ansiosta se on helppo ottaa mukaan minne tahansa.  Ihanteellinen ajoon kaupungissa ja mets\u00e4teill\u00e4.  &nbsp;   Ajomatka: 50-60 km  Teho: 600W  Akun kapasiteetti: 15Ah  Kantavuus: 120 kg  &nbsp;  \u2666 Toimitusaika 3-7 p\u00e4iv\u00e4\u00e4 \u2666 Varastossa\" \/>\n<meta property=\"og:url\" content=\"https:\/\/projekt.vombat.ee\/eco\/fi\/myym\u00e4l\u00e4\/tuotemerkit\/estepon\/estepon-s9-60km\/\" \/>\n<meta property=\"og:site_name\" content=\"Ecocruiser\" \/>\n<meta property=\"article:modified_time\" content=\"2024-05-26T18:58:43+00:00\" \/>\n<meta property=\"og:image\" content=\"https:\/\/projekt.vombat.ee\/eco\/wp-content\/uploads\/2023\/03\/009.jpg\" \/>\n\t<meta property=\"og:image:width\" content=\"1000\" \/>\n\t<meta property=\"og:image:height\" content=\"888\" \/>\n\t<meta property=\"og:image:type\" content=\"image\/jpeg\" \/>\n<meta name=\"twitter:card\" content=\"summary_large_image\" \/>\n<meta name=\"twitter:label1\" content=\"Estimated reading time\" \/>\n\t<meta name=\"twitter:data1\" content=\"2 minutes\" \/>\n<script type=\"application\/ld+json\" class=\"yoast-schema-graph\">{\"@context\":\"https:\/\/schema.org\",\"@graph\":[{\"@type\":\"WebPage\",\"@id\":\"https:\/\/projekt.vombat.ee\/eco\/fi\/myym%C3%A4l%C3%A4\/tuotemerkit\/estepon\/estepon-s9-60km\/\",\"url\":\"https:\/\/projekt.vombat.ee\/eco\/fi\/myym%C3%A4l%C3%A4\/tuotemerkit\/estepon\/estepon-s9-60km\/\",\"name\":\"Estepon S9, 60km - Ecocruiser\",\"isPartOf\":{\"@id\":\"https:\/\/projekt.vombat.ee\/eco\/#website\"},\"primaryImageOfPage\":{\"@id\":\"https:\/\/projekt.vombat.ee\/eco\/fi\/myym%C3%A4l%C3%A4\/tuotemerkit\/estepon\/estepon-s9-60km\/#primaryimage\"},\"image\":{\"@id\":\"https:\/\/projekt.vombat.ee\/eco\/fi\/myym%C3%A4l%C3%A4\/tuotemerkit\/estepon\/estepon-s9-60km\/#primaryimage\"},\"thumbnailUrl\":\"https:\/\/projekt.vombat.ee\/eco\/wp-content\/uploads\/2023\/03\/010-2.jpg\",\"datePublished\":\"2023-03-26T18:32:07+00:00\",\"dateModified\":\"2024-05-26T18:58:43+00:00\",\"breadcrumb\":{\"@id\":\"https:\/\/projekt.vombat.ee\/eco\/fi\/myym%C3%A4l%C3%A4\/tuotemerkit\/estepon\/estepon-s9-60km\/#breadcrumb\"},\"inLanguage\":\"en-GB\",\"potentialAction\":[{\"@type\":\"ReadAction\",\"target\":[\"https:\/\/projekt.vombat.ee\/eco\/fi\/myym%C3%A4l%C3%A4\/tuotemerkit\/estepon\/estepon-s9-60km\/\"]}]},{\"@type\":\"ImageObject\",\"inLanguage\":\"en-GB\",\"@id\":\"https:\/\/projekt.vombat.ee\/eco\/fi\/myym%C3%A4l%C3%A4\/tuotemerkit\/estepon\/estepon-s9-60km\/#primaryimage\",\"url\":\"https:\/\/projekt.vombat.ee\/eco\/wp-content\/uploads\/2023\/03\/010-2.jpg\",\"contentUrl\":\"https:\/\/projekt.vombat.ee\/eco\/wp-content\/uploads\/2023\/03\/010-2.jpg\",\"width\":800,\"height\":800},{\"@type\":\"BreadcrumbList\",\"@id\":\"https:\/\/projekt.vombat.ee\/eco\/fi\/myym%C3%A4l%C3%A4\/tuotemerkit\/estepon\/estepon-s9-60km\/#breadcrumb\",\"itemListElement\":[{\"@type\":\"ListItem\",\"position\":1,\"name\":\"Home\",\"item\":\"https:\/\/projekt.vombat.ee\/eco\/\"},{\"@type\":\"ListItem\",\"position\":2,\"name\":\"Pood\",\"item\":\"https:\/\/projekt.vombat.ee\/eco\/pood\/\"},{\"@type\":\"ListItem\",\"position\":3,\"name\":\"Estepon S9, 60km\"}]},{\"@type\":\"WebSite\",\"@id\":\"https:\/\/projekt.vombat.ee\/eco\/#website\",\"url\":\"https:\/\/projekt.vombat.ee\/eco\/\",\"name\":\"Ecocruiser\",\"description\":\"\",\"publisher\":{\"@id\":\"https:\/\/projekt.vombat.ee\/eco\/#organization\"},\"potentialAction\":[{\"@type\":\"SearchAction\",\"target\":{\"@type\":\"EntryPoint\",\"urlTemplate\":\"https:\/\/projekt.vombat.ee\/eco\/?s={search_term_string}\"},\"query-input\":{\"@type\":\"PropertyValueSpecification\",\"valueRequired\":true,\"valueName\":\"search_term_string\"}}],\"inLanguage\":\"en-GB\"},{\"@type\":\"Organization\",\"@id\":\"https:\/\/projekt.vombat.ee\/eco\/#organization\",\"name\":\"Ecocruiser\",\"url\":\"https:\/\/projekt.vombat.ee\/eco\/\",\"logo\":{\"@type\":\"ImageObject\",\"inLanguage\":\"en-GB\",\"@id\":\"https:\/\/projekt.vombat.ee\/eco\/#\/schema\/logo\/image\/\",\"url\":\"https:\/\/projekt.vombat.ee\/eco\/wp-content\/uploads\/2023\/03\/ECOCRUISER_5.png\",\"contentUrl\":\"https:\/\/projekt.vombat.ee\/eco\/wp-content\/uploads\/2023\/03\/ECOCRUISER_5.png\",\"width\":234,\"height\":91,\"caption\":\"Ecocruiser\"},\"image\":{\"@id\":\"https:\/\/projekt.vombat.ee\/eco\/#\/schema\/logo\/image\/\"}}]}<\/script>\n<!-- \/ Yoast SEO plugin. -->","yoast_head_json":{"title":"Estepon S9, 60km - Ecocruiser","robots":{"index":"noindex","follow":"follow","max-snippet":"max-snippet:-1","max-image-preview":"max-image-preview:large","max-video-preview":"max-video-preview:-1"},"og_locale":"en_GB","og_type":"article","og_title":"Estepon S9, 60km - Ecocruiser","og_description":"Estepon S9 on supermahtava s\u00e4hk\u00f6skootteri, joka tarjoaa sinulle mukavan ja turvallisen ajon.  LCD-n\u00e4ytt\u00f6 varmistaa t\u00e4yden hallinnan ja 15 Ah:n akun ansiosta voit matkustaa jopa 60 km.  Lis\u00e4ksi kokoontaitettavan ohjauspy\u00f6r\u00e4n ansiosta se on helppo ottaa mukaan minne tahansa.  Ihanteellinen ajoon kaupungissa ja mets\u00e4teill\u00e4.  &nbsp;   Ajomatka: 50-60 km  Teho: 600W  Akun kapasiteetti: 15Ah  Kantavuus: 120 kg  &nbsp;  \u2666 Toimitusaika 3-7 p\u00e4iv\u00e4\u00e4 \u2666 Varastossa","og_url":"https:\/\/projekt.vombat.ee\/eco\/fi\/myym\u00e4l\u00e4\/tuotemerkit\/estepon\/estepon-s9-60km\/","og_site_name":"Ecocruiser","article_modified_time":"2024-05-26T18:58:43+00:00","og_image":[{"width":1000,"height":888,"url":"https:\/\/projekt.vombat.ee\/eco\/wp-content\/uploads\/2023\/03\/009.jpg","type":"image\/jpeg"}],"twitter_card":"summary_large_image","twitter_misc":{"Estimated reading time":"2 minutes"},"schema":{"@context":"https:\/\/schema.org","@graph":[{"@type":"WebPage","@id":"https:\/\/projekt.vombat.ee\/eco\/fi\/myym%C3%A4l%C3%A4\/tuotemerkit\/estepon\/estepon-s9-60km\/","url":"https:\/\/projekt.vombat.ee\/eco\/fi\/myym%C3%A4l%C3%A4\/tuotemerkit\/estepon\/estepon-s9-60km\/","name":"Estepon S9, 60km - Ecocruiser","isPartOf":{"@id":"https:\/\/projekt.vombat.ee\/eco\/#website"},"primaryImageOfPage":{"@id":"https:\/\/projekt.vombat.ee\/eco\/fi\/myym%C3%A4l%C3%A4\/tuotemerkit\/estepon\/estepon-s9-60km\/#primaryimage"},"image":{"@id":"https:\/\/projekt.vombat.ee\/eco\/fi\/myym%C3%A4l%C3%A4\/tuotemerkit\/estepon\/estepon-s9-60km\/#primaryimage"},"thumbnailUrl":"https:\/\/projekt.vombat.ee\/eco\/wp-content\/uploads\/2023\/03\/010-2.jpg","datePublished":"2023-03-26T18:32:07+00:00","dateModified":"2024-05-26T18:58:43+00:00","breadcrumb":{"@id":"https:\/\/projekt.vombat.ee\/eco\/fi\/myym%C3%A4l%C3%A4\/tuotemerkit\/estepon\/estepon-s9-60km\/#breadcrumb"},"inLanguage":"en-GB","potentialAction":[{"@type":"ReadAction","target":["https:\/\/projekt.vombat.ee\/eco\/fi\/myym%C3%A4l%C3%A4\/tuotemerkit\/estepon\/estepon-s9-60km\/"]}]},{"@type":"ImageObject","inLanguage":"en-GB","@id":"https:\/\/projekt.vombat.ee\/eco\/fi\/myym%C3%A4l%C3%A4\/tuotemerkit\/estepon\/estepon-s9-60km\/#primaryimage","url":"https:\/\/projekt.vombat.ee\/eco\/wp-content\/uploads\/2023\/03\/010-2.jpg","contentUrl":"https:\/\/projekt.vombat.ee\/eco\/wp-content\/uploads\/2023\/03\/010-2.jpg","width":800,"height":800},{"@type":"BreadcrumbList","@id":"https:\/\/projekt.vombat.ee\/eco\/fi\/myym%C3%A4l%C3%A4\/tuotemerkit\/estepon\/estepon-s9-60km\/#breadcrumb","itemListElement":[{"@type":"ListItem","position":1,"name":"Home","item":"https:\/\/projekt.vombat.ee\/eco\/"},{"@type":"ListItem","position":2,"name":"Pood","item":"https:\/\/projekt.vombat.ee\/eco\/pood\/"},{"@type":"ListItem","position":3,"name":"Estepon S9, 60km"}]},{"@type":"WebSite","@id":"https:\/\/projekt.vombat.ee\/eco\/#website","url":"https:\/\/projekt.vombat.ee\/eco\/","name":"Ecocruiser","description":"","publisher":{"@id":"https:\/\/projekt.vombat.ee\/eco\/#organization"},"potentialAction":[{"@type":"SearchAction","target":{"@type":"EntryPoint","urlTemplate":"https:\/\/projekt.vombat.ee\/eco\/?s={search_term_string}"},"query-input":{"@type":"PropertyValueSpecification","valueRequired":true,"valueName":"search_term_string"}}],"inLanguage":"en-GB"},{"@type":"Organization","@id":"https:\/\/projekt.vombat.ee\/eco\/#organization","name":"Ecocruiser","url":"https:\/\/projekt.vombat.ee\/eco\/","logo":{"@type":"ImageObject","inLanguage":"en-GB","@id":"https:\/\/projekt.vombat.ee\/eco\/#\/schema\/logo\/image\/","url":"https:\/\/projekt.vombat.ee\/eco\/wp-content\/uploads\/2023\/03\/ECOCRUISER_5.png","contentUrl":"https:\/\/projekt.vombat.ee\/eco\/wp-content\/uploads\/2023\/03\/ECOCRUISER_5.png","width":234,"height":91,"caption":"Ecocruiser"},"image":{"@id":"https:\/\/projekt.vombat.ee\/eco\/#\/schema\/logo\/image\/"}}]}},"lang":"fi","translations":{"fi":7528,"ru":6747,"et":6660},"pll_sync_post":[],"_links":{"self":[{"href":"https:\/\/projekt.vombat.ee\/eco\/wp-json\/wp\/v2\/product\/7528"}],"collection":[{"href":"https:\/\/projekt.vombat.ee\/eco\/wp-json\/wp\/v2\/product"}],"about":[{"href":"https:\/\/projekt.vombat.ee\/eco\/wp-json\/wp\/v2\/types\/product"}],"version-history":[{"count":1,"href":"https:\/\/projekt.vombat.ee\/eco\/wp-json\/wp\/v2\/product\/7528\/revisions"}],"predecessor-version":[{"id":7540,"href":"https:\/\/projekt.vombat.ee\/eco\/wp-json\/wp\/v2\/product\/7528\/revisions\/7540"}],"wp:featuredmedia":[{"embeddable":true,"href":"https:\/\/projekt.vombat.ee\/eco\/wp-json\/wp\/v2\/media\/8252"}],"wp:attachment":[{"href":"https:\/\/projekt.vombat.ee\/eco\/wp-json\/wp\/v2\/media?parent=7528"}],"wp:term":[{"taxonomy":"product_cat","embeddable":true,"href":"https:\/\/projekt.vombat.ee\/eco\/wp-json\/wp\/v2\/product_cat?post=7528"},{"taxonomy":"product_tag","embeddable":true,"href":"https:\/\/projekt.vombat.ee\/eco\/wp-json\/wp\/v2\/product_tag?post=7528"}],"curies":[{"name":"wp","href":"https:\/\/api.w.org\/{rel}","templated":true}]}}