{"id":7471,"date":"2023-03-26T16:25:48","date_gmt":"2023-03-26T16:25:48","guid":{"rendered":"https:\/\/projekt.vombat.ee\/eco\/?post_type=product&#038;p=7471"},"modified":"2024-05-02T16:51:12","modified_gmt":"2024-05-02T16:51:12","slug":"engwe-t14-80km","status":"publish","type":"product","link":"https:\/\/projekt.vombat.ee\/eco\/fi\/myym%C3%A4l%C3%A4\/sahkopyorat\/taitettavat-sahkopyorat\/engwe-t14-80km\/","title":{"rendered":"Engwe T14, 80km"},"content":{"rendered":"<h1>Engwe T14 250W<\/h1>\n<p>&#8211; Taitettava ja kannettava, s\u00e4\u00e4st\u00e4\u00e4 s\u00e4ilytystilaa<\/p>\n<p>&#8211; Kolminkertainen iskunvaimennin takaa mukavan ajon.<\/p>\n<p>&#8211; Sile\u00e4t linjat ja kaunis ulkon\u00e4k\u00f6.<\/p>\n<p>&nbsp;<\/p>\n<h3>Tiedot<\/h3>\n<p>Koko: 127*52,5*102cm<\/p>\n<p>Jatkettu pituus: 1250 mm<\/p>\n<p>Pituus taitettuna: 700 mm<\/p>\n<p>Kahva lattiaan (alin): 910 mm<\/p>\n<p>Kahva lattiaan (ylempi): 1060 mm<\/p>\n<p>Istuimesta lattiaan (alin): 660 mm<\/p>\n<p>Istuin lattiaan (korkein): 900 mm<\/p>\n<p>Polkimet lattiaan (alin): 115 mm<\/p>\n<p>Ohjaustangon leveys: 520 mm<\/p>\n<p>ohjaustanko istuimeen: 310 mm<\/p>\n<p>istuimen pituus: 275 mm<\/p>\n<p>Istuimen leveys: 195 mm<\/p>\n<p>S\u00e4ilytyskehyksen takaosan pituus: 290 mm<\/p>\n<p>S\u00e4ilytyskehyksen takaosan pituus: 150 mm<\/p>\n<p>akun koko: 357*86*130mm<\/p>\n<p>Laatikon mitat: 1250*205*620<\/p>\n<p>Py\u00f6r\u00e4n paino: 28,46 kg<\/p>\n<p>Pakkauksen paino: 33,2 kg<\/p>\n<p>&nbsp;<\/p>\n<h3>Tekniset tiedot<\/h3>\n<p>Malli: T14<\/p>\n<p>Materiaali: rauta<\/p>\n<p>Py\u00f6r\u00e4n paino: 31 kg<\/p>\n<p>Koko (Pituus * Leveys * Korkeus): 125 * 52 * 106 (CM)<\/p>\n<p>Koko taitettava koko: 70*47*60cm<\/p>\n<p>Sopii: 155-195cm henkil\u00f6lle<\/p>\n<p>Soveltuva maasto: Kaupunki<\/p>\n<p>Huippunopeus: 33 KM\/H<\/p>\n<p>Kiihdytystyyppi: Peruutuskaasu\/anturiavustin<\/p>\n<p>K\u00e4ytt\u00f6l\u00e4mp\u00f6tila: -10 &#8211; 40 (Celsius)<\/p>\n<p>Suurin kallistus: 30 astetta<\/p>\n<p>Vedenkest\u00e4vyystaso: IP2<\/p>\n<p>N\u00e4ytt\u00f6: LED 016SX*48V-30<\/p>\n<p>Jarru: mekaaninen levyjarru<\/p>\n<p>Ajovalo: LED<\/p>\n<p>Paras rengaspaine KPA: 250<\/p>\n<p>Satula: minimikorkeus maasta (66 cm)<\/p>\n<p>Suurin korkeus maasta (90 cm)<\/p>\n<p>Ohjaustanko: v\u00e4himm\u00e4iskorkeus maasta (91 cm)<\/p>\n<p>Suurin korkeus maasta (106 cm)<\/p>\n<p>&nbsp;<\/p>\n<h3>Pakkauksen sis\u00e4ll\u00e4<\/h3>\n<p>1 kpl Engwe T14 250W<br \/>\n1 akku<br \/>\n1 laturi<br \/>\n1 k\u00e4ytt\u00f6opas ja tarvikkeet<\/p>\n","protected":false},"excerpt":{"rendered":"<p><strong>Engwe T14<\/strong><\/p>\n<ul>\n<li>Sopii: 155-195cm henkil\u00f6lle<\/li>\n<li>Moottori: 250W<\/li>\n<li>Akku: 48V 10AH<\/li>\n<li>Ajomatka: 35 km (s\u00e4hk\u00f6k\u00e4ytt\u00f6) \/ 80 km (mopotila)<\/li>\n<li>Latausaika: 6-8H<\/li>\n<li>Et\u00e4isyys: 35-80 km<\/li>\n<li>Maksimikuorma: 100 kg<\/li>\n<li>V\u00e4ri: Harmaa<\/li>\n<\/ul>\n<p><strong>\u2666 Toimitusaika 3-8 p\u00e4iv\u00e4\u00e4<\/strong><br \/>\n<strong>\u2666 Varastossa<\/strong><\/p>\n","protected":false},"featured_media":7472,"template":"","meta":[],"product_cat":[1286,979,981],"product_tag":[],"class_list":{"0":"post-7471","1":"product","2":"type-product","3":"status-publish","4":"has-post-thumbnail","6":"product_cat-engwe","7":"product_cat-sahkopyorat","8":"product_cat-taitettavat-sahkopyorat","9":"product_shipping_class-suured-pakid","11":"first","12":"instock","13":"taxable","14":"shipping-taxable","15":"purchasable","16":"product-type-simple"},"yoast_head":"<!-- This site is optimized with the Yoast SEO plugin v23.8 - https:\/\/yoast.com\/wordpress\/plugins\/seo\/ -->\n<title>Engwe T14, 80km - Ecocruiser<\/title>\n<meta name=\"description\" content=\"Engwe T14 250W kokoontaittuva s\u00e4hk\u00f6py\u00f6r\u00e4 on loistava henkil\u00f6kohtainen s\u00e4hk\u00f6py\u00f6r\u00e4, joka tarjoaa sinulle upeita ajokokemuksia ja vuosien hyv\u00e4n kuljetuspalvelun.\" \/>\n<meta name=\"robots\" content=\"noindex, follow, max-snippet:-1, max-image-preview:large, max-video-preview:-1\" \/>\n<meta property=\"og:locale\" content=\"en_GB\" \/>\n<meta property=\"og:type\" content=\"article\" \/>\n<meta property=\"og:title\" content=\"Engwe T14, 80km - Ecocruiser\" \/>\n<meta property=\"og:description\" content=\"Engwe T14 250W kokoontaittuva s\u00e4hk\u00f6py\u00f6r\u00e4 on loistava henkil\u00f6kohtainen s\u00e4hk\u00f6py\u00f6r\u00e4, joka tarjoaa sinulle upeita ajokokemuksia ja vuosien hyv\u00e4n kuljetuspalvelun.\" \/>\n<meta property=\"og:url\" content=\"https:\/\/projekt.vombat.ee\/eco\/fi\/myym\u00e4l\u00e4\/sahkopyorat\/taitettavat-sahkopyorat\/engwe-t14-80km\/\" \/>\n<meta property=\"og:site_name\" content=\"Ecocruiser\" \/>\n<meta property=\"article:modified_time\" content=\"2024-05-02T16:51:12+00:00\" \/>\n<meta property=\"og:image\" content=\"https:\/\/projekt.vombat.ee\/eco\/wp-content\/uploads\/2023\/03\/Engwe-T14.png\" \/>\n\t<meta property=\"og:image:width\" content=\"1100\" \/>\n\t<meta property=\"og:image:height\" content=\"1000\" \/>\n\t<meta property=\"og:image:type\" content=\"image\/png\" \/>\n<meta name=\"twitter:card\" content=\"summary_large_image\" \/>\n<meta name=\"twitter:label1\" content=\"Estimated reading time\" \/>\n\t<meta name=\"twitter:data1\" content=\"2 minutes\" \/>\n<script type=\"application\/ld+json\" class=\"yoast-schema-graph\">{\"@context\":\"https:\/\/schema.org\",\"@graph\":[{\"@type\":\"WebPage\",\"@id\":\"https:\/\/projekt.vombat.ee\/eco\/fi\/myym%C3%A4l%C3%A4\/sahkopyorat\/taitettavat-sahkopyorat\/engwe-t14-80km\/\",\"url\":\"https:\/\/projekt.vombat.ee\/eco\/fi\/myym%C3%A4l%C3%A4\/sahkopyorat\/taitettavat-sahkopyorat\/engwe-t14-80km\/\",\"name\":\"Engwe T14, 80km - Ecocruiser\",\"isPartOf\":{\"@id\":\"https:\/\/projekt.vombat.ee\/eco\/#website\"},\"primaryImageOfPage\":{\"@id\":\"https:\/\/projekt.vombat.ee\/eco\/fi\/myym%C3%A4l%C3%A4\/sahkopyorat\/taitettavat-sahkopyorat\/engwe-t14-80km\/#primaryimage\"},\"image\":{\"@id\":\"https:\/\/projekt.vombat.ee\/eco\/fi\/myym%C3%A4l%C3%A4\/sahkopyorat\/taitettavat-sahkopyorat\/engwe-t14-80km\/#primaryimage\"},\"thumbnailUrl\":\"https:\/\/projekt.vombat.ee\/eco\/wp-content\/uploads\/2023\/03\/Engwe-T14.png\",\"datePublished\":\"2023-03-26T16:25:48+00:00\",\"dateModified\":\"2024-05-02T16:51:12+00:00\",\"description\":\"Engwe T14 250W kokoontaittuva s\u00e4hk\u00f6py\u00f6r\u00e4 on loistava henkil\u00f6kohtainen s\u00e4hk\u00f6py\u00f6r\u00e4, joka tarjoaa sinulle upeita ajokokemuksia ja vuosien hyv\u00e4n kuljetuspalvelun.\",\"breadcrumb\":{\"@id\":\"https:\/\/projekt.vombat.ee\/eco\/fi\/myym%C3%A4l%C3%A4\/sahkopyorat\/taitettavat-sahkopyorat\/engwe-t14-80km\/#breadcrumb\"},\"inLanguage\":\"en-GB\",\"potentialAction\":[{\"@type\":\"ReadAction\",\"target\":[\"https:\/\/projekt.vombat.ee\/eco\/fi\/myym%C3%A4l%C3%A4\/sahkopyorat\/taitettavat-sahkopyorat\/engwe-t14-80km\/\"]}]},{\"@type\":\"ImageObject\",\"inLanguage\":\"en-GB\",\"@id\":\"https:\/\/projekt.vombat.ee\/eco\/fi\/myym%C3%A4l%C3%A4\/sahkopyorat\/taitettavat-sahkopyorat\/engwe-t14-80km\/#primaryimage\",\"url\":\"https:\/\/projekt.vombat.ee\/eco\/wp-content\/uploads\/2023\/03\/Engwe-T14.png\",\"contentUrl\":\"https:\/\/projekt.vombat.ee\/eco\/wp-content\/uploads\/2023\/03\/Engwe-T14.png\",\"width\":1100,\"height\":1000,\"caption\":\"Engwe T14,\"},{\"@type\":\"BreadcrumbList\",\"@id\":\"https:\/\/projekt.vombat.ee\/eco\/fi\/myym%C3%A4l%C3%A4\/sahkopyorat\/taitettavat-sahkopyorat\/engwe-t14-80km\/#breadcrumb\",\"itemListElement\":[{\"@type\":\"ListItem\",\"position\":1,\"name\":\"Home\",\"item\":\"https:\/\/projekt.vombat.ee\/eco\/\"},{\"@type\":\"ListItem\",\"position\":2,\"name\":\"Pood\",\"item\":\"https:\/\/projekt.vombat.ee\/eco\/pood\/\"},{\"@type\":\"ListItem\",\"position\":3,\"name\":\"Engwe T14, 80km\"}]},{\"@type\":\"WebSite\",\"@id\":\"https:\/\/projekt.vombat.ee\/eco\/#website\",\"url\":\"https:\/\/projekt.vombat.ee\/eco\/\",\"name\":\"Ecocruiser\",\"description\":\"\",\"publisher\":{\"@id\":\"https:\/\/projekt.vombat.ee\/eco\/#organization\"},\"potentialAction\":[{\"@type\":\"SearchAction\",\"target\":{\"@type\":\"EntryPoint\",\"urlTemplate\":\"https:\/\/projekt.vombat.ee\/eco\/?s={search_term_string}\"},\"query-input\":{\"@type\":\"PropertyValueSpecification\",\"valueRequired\":true,\"valueName\":\"search_term_string\"}}],\"inLanguage\":\"en-GB\"},{\"@type\":\"Organization\",\"@id\":\"https:\/\/projekt.vombat.ee\/eco\/#organization\",\"name\":\"Ecocruiser\",\"url\":\"https:\/\/projekt.vombat.ee\/eco\/\",\"logo\":{\"@type\":\"ImageObject\",\"inLanguage\":\"en-GB\",\"@id\":\"https:\/\/projekt.vombat.ee\/eco\/#\/schema\/logo\/image\/\",\"url\":\"https:\/\/projekt.vombat.ee\/eco\/wp-content\/uploads\/2023\/03\/ECOCRUISER_5.png\",\"contentUrl\":\"https:\/\/projekt.vombat.ee\/eco\/wp-content\/uploads\/2023\/03\/ECOCRUISER_5.png\",\"width\":234,\"height\":91,\"caption\":\"Ecocruiser\"},\"image\":{\"@id\":\"https:\/\/projekt.vombat.ee\/eco\/#\/schema\/logo\/image\/\"}}]}<\/script>\n<!-- \/ Yoast SEO plugin. -->","yoast_head_json":{"title":"Engwe T14, 80km - Ecocruiser","description":"Engwe T14 250W kokoontaittuva s\u00e4hk\u00f6py\u00f6r\u00e4 on loistava henkil\u00f6kohtainen s\u00e4hk\u00f6py\u00f6r\u00e4, joka tarjoaa sinulle upeita ajokokemuksia ja vuosien hyv\u00e4n kuljetuspalvelun.","robots":{"index":"noindex","follow":"follow","max-snippet":"max-snippet:-1","max-image-preview":"max-image-preview:large","max-video-preview":"max-video-preview:-1"},"og_locale":"en_GB","og_type":"article","og_title":"Engwe T14, 80km - Ecocruiser","og_description":"Engwe T14 250W kokoontaittuva s\u00e4hk\u00f6py\u00f6r\u00e4 on loistava henkil\u00f6kohtainen s\u00e4hk\u00f6py\u00f6r\u00e4, joka tarjoaa sinulle upeita ajokokemuksia ja vuosien hyv\u00e4n kuljetuspalvelun.","og_url":"https:\/\/projekt.vombat.ee\/eco\/fi\/myym\u00e4l\u00e4\/sahkopyorat\/taitettavat-sahkopyorat\/engwe-t14-80km\/","og_site_name":"Ecocruiser","article_modified_time":"2024-05-02T16:51:12+00:00","og_image":[{"width":1100,"height":1000,"url":"https:\/\/projekt.vombat.ee\/eco\/wp-content\/uploads\/2023\/03\/Engwe-T14.png","type":"image\/png"}],"twitter_card":"summary_large_image","twitter_misc":{"Estimated reading time":"2 minutes"},"schema":{"@context":"https:\/\/schema.org","@graph":[{"@type":"WebPage","@id":"https:\/\/projekt.vombat.ee\/eco\/fi\/myym%C3%A4l%C3%A4\/sahkopyorat\/taitettavat-sahkopyorat\/engwe-t14-80km\/","url":"https:\/\/projekt.vombat.ee\/eco\/fi\/myym%C3%A4l%C3%A4\/sahkopyorat\/taitettavat-sahkopyorat\/engwe-t14-80km\/","name":"Engwe T14, 80km - Ecocruiser","isPartOf":{"@id":"https:\/\/projekt.vombat.ee\/eco\/#website"},"primaryImageOfPage":{"@id":"https:\/\/projekt.vombat.ee\/eco\/fi\/myym%C3%A4l%C3%A4\/sahkopyorat\/taitettavat-sahkopyorat\/engwe-t14-80km\/#primaryimage"},"image":{"@id":"https:\/\/projekt.vombat.ee\/eco\/fi\/myym%C3%A4l%C3%A4\/sahkopyorat\/taitettavat-sahkopyorat\/engwe-t14-80km\/#primaryimage"},"thumbnailUrl":"https:\/\/projekt.vombat.ee\/eco\/wp-content\/uploads\/2023\/03\/Engwe-T14.png","datePublished":"2023-03-26T16:25:48+00:00","dateModified":"2024-05-02T16:51:12+00:00","description":"Engwe T14 250W kokoontaittuva s\u00e4hk\u00f6py\u00f6r\u00e4 on loistava henkil\u00f6kohtainen s\u00e4hk\u00f6py\u00f6r\u00e4, joka tarjoaa sinulle upeita ajokokemuksia ja vuosien hyv\u00e4n kuljetuspalvelun.","breadcrumb":{"@id":"https:\/\/projekt.vombat.ee\/eco\/fi\/myym%C3%A4l%C3%A4\/sahkopyorat\/taitettavat-sahkopyorat\/engwe-t14-80km\/#breadcrumb"},"inLanguage":"en-GB","potentialAction":[{"@type":"ReadAction","target":["https:\/\/projekt.vombat.ee\/eco\/fi\/myym%C3%A4l%C3%A4\/sahkopyorat\/taitettavat-sahkopyorat\/engwe-t14-80km\/"]}]},{"@type":"ImageObject","inLanguage":"en-GB","@id":"https:\/\/projekt.vombat.ee\/eco\/fi\/myym%C3%A4l%C3%A4\/sahkopyorat\/taitettavat-sahkopyorat\/engwe-t14-80km\/#primaryimage","url":"https:\/\/projekt.vombat.ee\/eco\/wp-content\/uploads\/2023\/03\/Engwe-T14.png","contentUrl":"https:\/\/projekt.vombat.ee\/eco\/wp-content\/uploads\/2023\/03\/Engwe-T14.png","width":1100,"height":1000,"caption":"Engwe T14,"},{"@type":"BreadcrumbList","@id":"https:\/\/projekt.vombat.ee\/eco\/fi\/myym%C3%A4l%C3%A4\/sahkopyorat\/taitettavat-sahkopyorat\/engwe-t14-80km\/#breadcrumb","itemListElement":[{"@type":"ListItem","position":1,"name":"Home","item":"https:\/\/projekt.vombat.ee\/eco\/"},{"@type":"ListItem","position":2,"name":"Pood","item":"https:\/\/projekt.vombat.ee\/eco\/pood\/"},{"@type":"ListItem","position":3,"name":"Engwe T14, 80km"}]},{"@type":"WebSite","@id":"https:\/\/projekt.vombat.ee\/eco\/#website","url":"https:\/\/projekt.vombat.ee\/eco\/","name":"Ecocruiser","description":"","publisher":{"@id":"https:\/\/projekt.vombat.ee\/eco\/#organization"},"potentialAction":[{"@type":"SearchAction","target":{"@type":"EntryPoint","urlTemplate":"https:\/\/projekt.vombat.ee\/eco\/?s={search_term_string}"},"query-input":{"@type":"PropertyValueSpecification","valueRequired":true,"valueName":"search_term_string"}}],"inLanguage":"en-GB"},{"@type":"Organization","@id":"https:\/\/projekt.vombat.ee\/eco\/#organization","name":"Ecocruiser","url":"https:\/\/projekt.vombat.ee\/eco\/","logo":{"@type":"ImageObject","inLanguage":"en-GB","@id":"https:\/\/projekt.vombat.ee\/eco\/#\/schema\/logo\/image\/","url":"https:\/\/projekt.vombat.ee\/eco\/wp-content\/uploads\/2023\/03\/ECOCRUISER_5.png","contentUrl":"https:\/\/projekt.vombat.ee\/eco\/wp-content\/uploads\/2023\/03\/ECOCRUISER_5.png","width":234,"height":91,"caption":"Ecocruiser"},"image":{"@id":"https:\/\/projekt.vombat.ee\/eco\/#\/schema\/logo\/image\/"}}]}},"lang":"fi","translations":{"fi":7471,"ru":5385,"et":2311},"pll_sync_post":[],"_links":{"self":[{"href":"https:\/\/projekt.vombat.ee\/eco\/wp-json\/wp\/v2\/product\/7471"}],"collection":[{"href":"https:\/\/projekt.vombat.ee\/eco\/wp-json\/wp\/v2\/product"}],"about":[{"href":"https:\/\/projekt.vombat.ee\/eco\/wp-json\/wp\/v2\/types\/product"}],"version-history":[{"count":2,"href":"https:\/\/projekt.vombat.ee\/eco\/wp-json\/wp\/v2\/product\/7471\/revisions"}],"predecessor-version":[{"id":7479,"href":"https:\/\/projekt.vombat.ee\/eco\/wp-json\/wp\/v2\/product\/7471\/revisions\/7479"}],"wp:featuredmedia":[{"embeddable":true,"href":"https:\/\/projekt.vombat.ee\/eco\/wp-json\/wp\/v2\/media\/7472"}],"wp:attachment":[{"href":"https:\/\/projekt.vombat.ee\/eco\/wp-json\/wp\/v2\/media?parent=7471"}],"wp:term":[{"taxonomy":"product_cat","embeddable":true,"href":"https:\/\/projekt.vombat.ee\/eco\/wp-json\/wp\/v2\/product_cat?post=7471"},{"taxonomy":"product_tag","embeddable":true,"href":"https:\/\/projekt.vombat.ee\/eco\/wp-json\/wp\/v2\/product_tag?post=7471"}],"curies":[{"name":"wp","href":"https:\/\/api.w.org\/{rel}","templated":true}]}}