{"id":7463,"date":"2023-03-26T16:21:35","date_gmt":"2023-03-26T16:21:35","guid":{"rendered":"https:\/\/projekt.vombat.ee\/eco\/?post_type=product&#038;p=7463"},"modified":"2023-03-26T16:22:34","modified_gmt":"2023-03-26T16:22:34","slug":"ado-a26-90-km","status":"publish","type":"product","link":"https:\/\/projekt.vombat.ee\/eco\/fi\/myym%C3%A4l%C3%A4\/sahkopyorat\/sahkomaastopyora\/ado-a26-90-km\/","title":{"rendered":"ADO A26+, 90 km"},"content":{"rendered":"<h1>ADO A26+<\/h1>\n<p>Luotettavien ja laadukkaiden komponenttiensa ansiosta ADO A26+ on ihanteellinen py\u00f6r\u00e4 pitk\u00e4n matkan maastopy\u00f6r\u00e4ilyyn.<\/p>\n<p>Voimakas<\/p>\n<p>A26+ on varustettu 250 W:n harjattomalla takavaihdemoottorilla ja \u00e4lykk\u00e4\u00e4ll\u00e4 G-driver-ohjausj\u00e4rjestelm\u00e4ll\u00e4, joka tarjoaa riitt\u00e4v\u00e4sti tehoa kaikenlaiseen maastoon.<\/p>\n<h3>Helppok\u00e4ytt\u00f6inen<\/h3>\n<p>36 V:n 12,5 AH litiumakulla, joka voidaan ladata t\u00e4yteen vain 6\u20137 tunnissa, ja Shimanon 7-vaihteisella vaihtajalla, t\u00e4m\u00e4 py\u00f6r\u00e4 on helppok\u00e4ytt\u00f6inen ja helppo huoltaa.<\/p>\n<h3>Turvallinen<\/h3>\n<p>A26+:ssa on kaksi mekaanista levyjarrua, jotka tarjoavat v\u00e4litt\u00f6m\u00e4n pys\u00e4ytysvoiman, iskuja vaimentava rakenne ja kirkas LED-valo, joka takaa pitk\u00e4n n\u00e4kyvyyden pime\u00e4ss\u00e4.<\/p>\n<h3>Mukava ja kevyt<\/h3>\n<p>T\u00e4m\u00e4 kevyest\u00e4 alumiiniseoksesta valmistettu py\u00f6r\u00e4 on 40 % kevyempi kuin hiiliter\u00e4ksiset py\u00f6r\u00e4t, ja siin\u00e4 on hyv\u00e4 jousitushaarukka, joka on optimoitu vuoristomaastoa varten.<\/p>\n<h3>Lis\u00e4ominaisuuksia<\/h3>\n<p>A26+:ssa on my\u00f6s vedenpit\u00e4v\u00e4 portti j\u00e4lkimarkkinoiden lis\u00e4varusteiden vaihtoa varten, HD LCD-n\u00e4ytt\u00f6 reaaliaikaista ajotietoa varten ja puhelimen lataustelakka k\u00e4ytt\u00f6mukavuuden lis\u00e4\u00e4miseksi.<\/p>\n<h3>P\u00e4ivitykset s\u00e4hk\u00f6iseen maastopy\u00f6r\u00e4\u00e4n ADO A26+<\/h3>\n<p>ADO A26+:n p\u00e4ivitetty versio sis\u00e4lt\u00e4\u00e4 useita uusia ominaisuuksia entist\u00e4 paremman ajokokemuksen takaamiseksi, mukaan lukien:<\/p>\n<p>Mekaaniset levyjarrut edess\u00e4 ja takana: lis\u00e4\u00e4 turvallisuutta ja hallintaa.<\/p>\n<p>Vedenpit\u00e4v\u00e4 kaapeli ja portti: nopeampaa ja k\u00e4tev\u00e4mp\u00e4\u00e4 tarvikkeiden vaihtoa varten.<\/p>\n<p>Kaksi ohjaintilaa: Valitse puhtaan ty\u00f6nt\u00f6voiman tai tehon lis\u00e4ys- ja vaihtotilojen v\u00e4lill\u00e4.<\/p>\n<p>Heijastimet: integroitu takavalo ja heijastin sek\u00e4 heijastimet py\u00f6riss\u00e4 parantamaan n\u00e4kyvyytt\u00e4 y\u00f6ll\u00e4.<\/p>\n<p>S\u00e4\u00e4dett\u00e4v\u00e4 jalkatuki: Vaihda s\u00e4\u00e4dett\u00e4v\u00e4\u00e4n jalkatukeen, jossa on paksumpi tukitanko.<\/p>\n<p><img fetchpriority=\"high\" decoding=\"async\" class=\"msub_k4 mupj_5k mjru_k4 mse2_k4 mp7g_f6 mq1m_0 mj7u_0 m7er_k4 lazyloaded\" src=\"https:\/\/a.allegroimg.com\/original\/11c690\/0fca03b941b3a86d7c9d1210592c\/Rower-Elektryczny-ADO-A26-500w-12-5Ah-26-Cali-Engine-Power-500-W\" sizes=\"100vw\" srcset=\"https:\/\/a.allegroimg.com\/s360\/11c690\/0fca03b941b3a86d7c9d1210592c\/Rower-Elektryczny-ADO-A26-500w-12-5Ah-26-Cali-Engine-Power-500-W 360w,https:\/\/a.allegroimg.com\/s720\/11c690\/0fca03b941b3a86d7c9d1210592c\/Rower-Elektryczny-ADO-A26-500w-12-5Ah-26-Cali-Engine-Power-500-W 720w,https:\/\/a.allegroimg.com\/s1024\/11c690\/0fca03b941b3a86d7c9d1210592c\/Rower-Elektryczny-ADO-A26-500w-12-5Ah-26-Cali-Engine-Power-500-W 1024w,https:\/\/a.allegroimg.com\/s1440\/11c690\/0fca03b941b3a86d7c9d1210592c\/Rower-Elektryczny-ADO-A26-500w-12-5Ah-26-Cali-Engine-Power-500-W 1440w,https:\/\/a.allegroimg.com\/original\/11c690\/0fca03b941b3a86d7c9d1210592c\/Rower-Elektryczny-ADO-A26-500w-12-5Ah-26-Cali-Engine-Power-500-W 1500w\" alt=\"Rower Elektryczny ADO A26+ 500w 12.5Ah 26 Cali Engine Power 500 W\" width=\"943\" height=\"565\" data-src=\"https:\/\/a.allegroimg.com\/original\/11c690\/0fca03b941b3a86d7c9d1210592c\/Rower-Elektryczny-ADO-A26-500w-12-5Ah-26-Cali-Engine-Power-500-W\" data-srcset=\"https:\/\/a.allegroimg.com\/s360\/11c690\/0fca03b941b3a86d7c9d1210592c\/Rower-Elektryczny-ADO-A26-500w-12-5Ah-26-Cali-Engine-Power-500-W 360w,https:\/\/a.allegroimg.com\/s720\/11c690\/0fca03b941b3a86d7c9d1210592c\/Rower-Elektryczny-ADO-A26-500w-12-5Ah-26-Cali-Engine-Power-500-W 720w,https:\/\/a.allegroimg.com\/s1024\/11c690\/0fca03b941b3a86d7c9d1210592c\/Rower-Elektryczny-ADO-A26-500w-12-5Ah-26-Cali-Engine-Power-500-W 1024w,https:\/\/a.allegroimg.com\/s1440\/11c690\/0fca03b941b3a86d7c9d1210592c\/Rower-Elektryczny-ADO-A26-500w-12-5Ah-26-Cali-Engine-Power-500-W 1440w,https:\/\/a.allegroimg.com\/original\/11c690\/0fca03b941b3a86d7c9d1210592c\/Rower-Elektryczny-ADO-A26-500w-12-5Ah-26-Cali-Engine-Power-500-W 1500w\" \/><\/p>\n","protected":false},"excerpt":{"rendered":"<p><strong>ADO A26+<\/strong><\/p>\n<ul>\n<li>Latausaika: 7h<\/li>\n<li>Suurin kantavuus: 120 kg<\/li>\n<li>S\u00e4hk\u00f6matka: &lt;70km<\/li>\n<li>Tukiet\u00e4isyys: &lt;90 km<\/li>\n<li>Renkaiden koko: 26 tuumaa<\/li>\n<li>Haarukan materiaalit: alumiiniseos;<\/li>\n<li>Rengastyyppi: kumi-ilmarengas<\/li>\n<li>Moottorin teho: 500 W<\/li>\n<li>Akku: 36 V \/ 12,5 AH<\/li>\n<li>Jarrut: Mekaaniset levyjarrut edess\u00e4 ja takana<\/li>\n<li>Nopeus: Shimano 7 vaihdetta<\/li>\n<li>Sovitin: 42v2a<\/li>\n<li>Paino: 21 kg<\/li>\n<\/ul>\n<p>&nbsp;<\/p>\n<p><strong>\u2666 Toimitusaika 3-8 p\u00e4iv\u00e4\u00e4<\/strong><br \/>\n<strong>\u2666 Varastossa<\/strong><\/p>\n","protected":false},"featured_media":7464,"template":"","meta":[],"product_cat":[1288,985,979],"product_tag":[],"class_list":{"0":"post-7463","1":"product","2":"type-product","3":"status-publish","4":"has-post-thumbnail","6":"product_cat-ado","7":"product_cat-sahkomaastopyora","8":"product_cat-sahkopyorat","9":"product_shipping_class-suured-pakid","11":"first","12":"instock","13":"taxable","14":"shipping-taxable","15":"purchasable","16":"product-type-simple"},"yoast_head":"<!-- This site is optimized with the Yoast SEO plugin v23.8 - https:\/\/yoast.com\/wordpress\/plugins\/seo\/ -->\n<title>ADO A26+, 90 km - Ecocruiser<\/title>\n<meta name=\"description\" content=\"Luotettavien ja laadukkaiden komponenttiensa ansiosta ADO A26+ on ihanteellinen py\u00f6r\u00e4 pitk\u00e4n matkan maastopy\u00f6r\u00e4ilyyn.\" \/>\n<meta name=\"robots\" content=\"noindex, follow, max-snippet:-1, max-image-preview:large, max-video-preview:-1\" \/>\n<meta property=\"og:locale\" content=\"en_GB\" \/>\n<meta property=\"og:type\" content=\"article\" \/>\n<meta property=\"og:title\" content=\"ADO A26+, 90 km - Ecocruiser\" \/>\n<meta property=\"og:description\" content=\"Luotettavien ja laadukkaiden komponenttiensa ansiosta ADO A26+ on ihanteellinen py\u00f6r\u00e4 pitk\u00e4n matkan maastopy\u00f6r\u00e4ilyyn.\" \/>\n<meta property=\"og:url\" content=\"https:\/\/projekt.vombat.ee\/eco\/fi\/myym\u00e4l\u00e4\/sahkopyorat\/sahkomaastopyora\/ado-a26-90-km\/\" \/>\n<meta property=\"og:site_name\" content=\"Ecocruiser\" \/>\n<meta property=\"article:modified_time\" content=\"2023-03-26T16:22:34+00:00\" \/>\n<meta property=\"og:image\" content=\"https:\/\/projekt.vombat.ee\/eco\/wp-content\/uploads\/2023\/03\/ADO-A26.png\" \/>\n\t<meta property=\"og:image:width\" content=\"1000\" \/>\n\t<meta property=\"og:image:height\" content=\"1000\" \/>\n\t<meta property=\"og:image:type\" content=\"image\/png\" \/>\n<meta name=\"twitter:card\" content=\"summary_large_image\" \/>\n<meta name=\"twitter:label1\" content=\"Estimated reading time\" \/>\n\t<meta name=\"twitter:data1\" content=\"2 minutes\" \/>\n<script type=\"application\/ld+json\" class=\"yoast-schema-graph\">{\"@context\":\"https:\/\/schema.org\",\"@graph\":[{\"@type\":\"WebPage\",\"@id\":\"https:\/\/projekt.vombat.ee\/eco\/fi\/myym%C3%A4l%C3%A4\/sahkopyorat\/sahkomaastopyora\/ado-a26-90-km\/\",\"url\":\"https:\/\/projekt.vombat.ee\/eco\/fi\/myym%C3%A4l%C3%A4\/sahkopyorat\/sahkomaastopyora\/ado-a26-90-km\/\",\"name\":\"ADO A26+, 90 km - Ecocruiser\",\"isPartOf\":{\"@id\":\"https:\/\/projekt.vombat.ee\/eco\/#website\"},\"primaryImageOfPage\":{\"@id\":\"https:\/\/projekt.vombat.ee\/eco\/fi\/myym%C3%A4l%C3%A4\/sahkopyorat\/sahkomaastopyora\/ado-a26-90-km\/#primaryimage\"},\"image\":{\"@id\":\"https:\/\/projekt.vombat.ee\/eco\/fi\/myym%C3%A4l%C3%A4\/sahkopyorat\/sahkomaastopyora\/ado-a26-90-km\/#primaryimage\"},\"thumbnailUrl\":\"https:\/\/projekt.vombat.ee\/eco\/wp-content\/uploads\/2023\/03\/ADO-A26.png\",\"datePublished\":\"2023-03-26T16:21:35+00:00\",\"dateModified\":\"2023-03-26T16:22:34+00:00\",\"description\":\"Luotettavien ja laadukkaiden komponenttiensa ansiosta ADO A26+ on ihanteellinen py\u00f6r\u00e4 pitk\u00e4n matkan maastopy\u00f6r\u00e4ilyyn.\",\"breadcrumb\":{\"@id\":\"https:\/\/projekt.vombat.ee\/eco\/fi\/myym%C3%A4l%C3%A4\/sahkopyorat\/sahkomaastopyora\/ado-a26-90-km\/#breadcrumb\"},\"inLanguage\":\"en-GB\",\"potentialAction\":[{\"@type\":\"ReadAction\",\"target\":[\"https:\/\/projekt.vombat.ee\/eco\/fi\/myym%C3%A4l%C3%A4\/sahkopyorat\/sahkomaastopyora\/ado-a26-90-km\/\"]}]},{\"@type\":\"ImageObject\",\"inLanguage\":\"en-GB\",\"@id\":\"https:\/\/projekt.vombat.ee\/eco\/fi\/myym%C3%A4l%C3%A4\/sahkopyorat\/sahkomaastopyora\/ado-a26-90-km\/#primaryimage\",\"url\":\"https:\/\/projekt.vombat.ee\/eco\/wp-content\/uploads\/2023\/03\/ADO-A26.png\",\"contentUrl\":\"https:\/\/projekt.vombat.ee\/eco\/wp-content\/uploads\/2023\/03\/ADO-A26.png\",\"width\":1000,\"height\":1000,\"caption\":\"ADO A26+\"},{\"@type\":\"BreadcrumbList\",\"@id\":\"https:\/\/projekt.vombat.ee\/eco\/fi\/myym%C3%A4l%C3%A4\/sahkopyorat\/sahkomaastopyora\/ado-a26-90-km\/#breadcrumb\",\"itemListElement\":[{\"@type\":\"ListItem\",\"position\":1,\"name\":\"Home\",\"item\":\"https:\/\/projekt.vombat.ee\/eco\/\"},{\"@type\":\"ListItem\",\"position\":2,\"name\":\"Pood\",\"item\":\"https:\/\/projekt.vombat.ee\/eco\/pood\/\"},{\"@type\":\"ListItem\",\"position\":3,\"name\":\"ADO A26+, 90 km\"}]},{\"@type\":\"WebSite\",\"@id\":\"https:\/\/projekt.vombat.ee\/eco\/#website\",\"url\":\"https:\/\/projekt.vombat.ee\/eco\/\",\"name\":\"Ecocruiser\",\"description\":\"\",\"publisher\":{\"@id\":\"https:\/\/projekt.vombat.ee\/eco\/#organization\"},\"potentialAction\":[{\"@type\":\"SearchAction\",\"target\":{\"@type\":\"EntryPoint\",\"urlTemplate\":\"https:\/\/projekt.vombat.ee\/eco\/?s={search_term_string}\"},\"query-input\":{\"@type\":\"PropertyValueSpecification\",\"valueRequired\":true,\"valueName\":\"search_term_string\"}}],\"inLanguage\":\"en-GB\"},{\"@type\":\"Organization\",\"@id\":\"https:\/\/projekt.vombat.ee\/eco\/#organization\",\"name\":\"Ecocruiser\",\"url\":\"https:\/\/projekt.vombat.ee\/eco\/\",\"logo\":{\"@type\":\"ImageObject\",\"inLanguage\":\"en-GB\",\"@id\":\"https:\/\/projekt.vombat.ee\/eco\/#\/schema\/logo\/image\/\",\"url\":\"https:\/\/projekt.vombat.ee\/eco\/wp-content\/uploads\/2023\/03\/ECOCRUISER_5.png\",\"contentUrl\":\"https:\/\/projekt.vombat.ee\/eco\/wp-content\/uploads\/2023\/03\/ECOCRUISER_5.png\",\"width\":234,\"height\":91,\"caption\":\"Ecocruiser\"},\"image\":{\"@id\":\"https:\/\/projekt.vombat.ee\/eco\/#\/schema\/logo\/image\/\"}}]}<\/script>\n<!-- \/ Yoast SEO plugin. -->","yoast_head_json":{"title":"ADO A26+, 90 km - Ecocruiser","description":"Luotettavien ja laadukkaiden komponenttiensa ansiosta ADO A26+ on ihanteellinen py\u00f6r\u00e4 pitk\u00e4n matkan maastopy\u00f6r\u00e4ilyyn.","robots":{"index":"noindex","follow":"follow","max-snippet":"max-snippet:-1","max-image-preview":"max-image-preview:large","max-video-preview":"max-video-preview:-1"},"og_locale":"en_GB","og_type":"article","og_title":"ADO A26+, 90 km - Ecocruiser","og_description":"Luotettavien ja laadukkaiden komponenttiensa ansiosta ADO A26+ on ihanteellinen py\u00f6r\u00e4 pitk\u00e4n matkan maastopy\u00f6r\u00e4ilyyn.","og_url":"https:\/\/projekt.vombat.ee\/eco\/fi\/myym\u00e4l\u00e4\/sahkopyorat\/sahkomaastopyora\/ado-a26-90-km\/","og_site_name":"Ecocruiser","article_modified_time":"2023-03-26T16:22:34+00:00","og_image":[{"width":1000,"height":1000,"url":"https:\/\/projekt.vombat.ee\/eco\/wp-content\/uploads\/2023\/03\/ADO-A26.png","type":"image\/png"}],"twitter_card":"summary_large_image","twitter_misc":{"Estimated reading time":"2 minutes"},"schema":{"@context":"https:\/\/schema.org","@graph":[{"@type":"WebPage","@id":"https:\/\/projekt.vombat.ee\/eco\/fi\/myym%C3%A4l%C3%A4\/sahkopyorat\/sahkomaastopyora\/ado-a26-90-km\/","url":"https:\/\/projekt.vombat.ee\/eco\/fi\/myym%C3%A4l%C3%A4\/sahkopyorat\/sahkomaastopyora\/ado-a26-90-km\/","name":"ADO A26+, 90 km - Ecocruiser","isPartOf":{"@id":"https:\/\/projekt.vombat.ee\/eco\/#website"},"primaryImageOfPage":{"@id":"https:\/\/projekt.vombat.ee\/eco\/fi\/myym%C3%A4l%C3%A4\/sahkopyorat\/sahkomaastopyora\/ado-a26-90-km\/#primaryimage"},"image":{"@id":"https:\/\/projekt.vombat.ee\/eco\/fi\/myym%C3%A4l%C3%A4\/sahkopyorat\/sahkomaastopyora\/ado-a26-90-km\/#primaryimage"},"thumbnailUrl":"https:\/\/projekt.vombat.ee\/eco\/wp-content\/uploads\/2023\/03\/ADO-A26.png","datePublished":"2023-03-26T16:21:35+00:00","dateModified":"2023-03-26T16:22:34+00:00","description":"Luotettavien ja laadukkaiden komponenttiensa ansiosta ADO A26+ on ihanteellinen py\u00f6r\u00e4 pitk\u00e4n matkan maastopy\u00f6r\u00e4ilyyn.","breadcrumb":{"@id":"https:\/\/projekt.vombat.ee\/eco\/fi\/myym%C3%A4l%C3%A4\/sahkopyorat\/sahkomaastopyora\/ado-a26-90-km\/#breadcrumb"},"inLanguage":"en-GB","potentialAction":[{"@type":"ReadAction","target":["https:\/\/projekt.vombat.ee\/eco\/fi\/myym%C3%A4l%C3%A4\/sahkopyorat\/sahkomaastopyora\/ado-a26-90-km\/"]}]},{"@type":"ImageObject","inLanguage":"en-GB","@id":"https:\/\/projekt.vombat.ee\/eco\/fi\/myym%C3%A4l%C3%A4\/sahkopyorat\/sahkomaastopyora\/ado-a26-90-km\/#primaryimage","url":"https:\/\/projekt.vombat.ee\/eco\/wp-content\/uploads\/2023\/03\/ADO-A26.png","contentUrl":"https:\/\/projekt.vombat.ee\/eco\/wp-content\/uploads\/2023\/03\/ADO-A26.png","width":1000,"height":1000,"caption":"ADO A26+"},{"@type":"BreadcrumbList","@id":"https:\/\/projekt.vombat.ee\/eco\/fi\/myym%C3%A4l%C3%A4\/sahkopyorat\/sahkomaastopyora\/ado-a26-90-km\/#breadcrumb","itemListElement":[{"@type":"ListItem","position":1,"name":"Home","item":"https:\/\/projekt.vombat.ee\/eco\/"},{"@type":"ListItem","position":2,"name":"Pood","item":"https:\/\/projekt.vombat.ee\/eco\/pood\/"},{"@type":"ListItem","position":3,"name":"ADO A26+, 90 km"}]},{"@type":"WebSite","@id":"https:\/\/projekt.vombat.ee\/eco\/#website","url":"https:\/\/projekt.vombat.ee\/eco\/","name":"Ecocruiser","description":"","publisher":{"@id":"https:\/\/projekt.vombat.ee\/eco\/#organization"},"potentialAction":[{"@type":"SearchAction","target":{"@type":"EntryPoint","urlTemplate":"https:\/\/projekt.vombat.ee\/eco\/?s={search_term_string}"},"query-input":{"@type":"PropertyValueSpecification","valueRequired":true,"valueName":"search_term_string"}}],"inLanguage":"en-GB"},{"@type":"Organization","@id":"https:\/\/projekt.vombat.ee\/eco\/#organization","name":"Ecocruiser","url":"https:\/\/projekt.vombat.ee\/eco\/","logo":{"@type":"ImageObject","inLanguage":"en-GB","@id":"https:\/\/projekt.vombat.ee\/eco\/#\/schema\/logo\/image\/","url":"https:\/\/projekt.vombat.ee\/eco\/wp-content\/uploads\/2023\/03\/ECOCRUISER_5.png","contentUrl":"https:\/\/projekt.vombat.ee\/eco\/wp-content\/uploads\/2023\/03\/ECOCRUISER_5.png","width":234,"height":91,"caption":"Ecocruiser"},"image":{"@id":"https:\/\/projekt.vombat.ee\/eco\/#\/schema\/logo\/image\/"}}]}},"lang":"fi","translations":{"fi":7463,"ru":5414,"et":2279},"pll_sync_post":[],"_links":{"self":[{"href":"https:\/\/projekt.vombat.ee\/eco\/wp-json\/wp\/v2\/product\/7463"}],"collection":[{"href":"https:\/\/projekt.vombat.ee\/eco\/wp-json\/wp\/v2\/product"}],"about":[{"href":"https:\/\/projekt.vombat.ee\/eco\/wp-json\/wp\/v2\/types\/product"}],"version-history":[{"count":1,"href":"https:\/\/projekt.vombat.ee\/eco\/wp-json\/wp\/v2\/product\/7463\/revisions"}],"predecessor-version":[{"id":7469,"href":"https:\/\/projekt.vombat.ee\/eco\/wp-json\/wp\/v2\/product\/7463\/revisions\/7469"}],"wp:featuredmedia":[{"embeddable":true,"href":"https:\/\/projekt.vombat.ee\/eco\/wp-json\/wp\/v2\/media\/7464"}],"wp:attachment":[{"href":"https:\/\/projekt.vombat.ee\/eco\/wp-json\/wp\/v2\/media?parent=7463"}],"wp:term":[{"taxonomy":"product_cat","embeddable":true,"href":"https:\/\/projekt.vombat.ee\/eco\/wp-json\/wp\/v2\/product_cat?post=7463"},{"taxonomy":"product_tag","embeddable":true,"href":"https:\/\/projekt.vombat.ee\/eco\/wp-json\/wp\/v2\/product_tag?post=7463"}],"curies":[{"name":"wp","href":"https:\/\/api.w.org\/{rel}","templated":true}]}}