{"id":7449,"date":"2023-03-26T16:10:41","date_gmt":"2023-03-26T16:10:41","guid":{"rendered":"https:\/\/projekt.vombat.ee\/eco\/?post_type=product&#038;p=7449"},"modified":"2024-04-27T10:07:37","modified_gmt":"2024-04-27T10:07:37","slug":"legrand-e-lille-2-100km","status":"publish","type":"product","link":"https:\/\/projekt.vombat.ee\/eco\/fi\/myym%C3%A4l%C3%A4\/sahkopyorat\/sahkokaupunkipyorat\/legrand-e-lille-2-100km\/","title":{"rendered":"LeGrand E-Lille 2, 100km"},"content":{"rendered":"<h1>LeGrand E-Lille 2<\/h1>\n<p><img decoding=\"async\" class=\"msub_k4 mupj_5k mjru_k4 mse2_k4 mp7g_f6 mq1m_0 mj7u_0 m7er_k4 lazyloaded\" src=\"https:\/\/a.allegroimg.com\/original\/11871a\/63ad93df42e49c2bbfb5f26da5ed\/Le-Grand-Elille-2-0-2021-19\" sizes=\"(min-width: 1200px) 560px, (min-width: 992px) 50vw, 100vw\" srcset=\"https:\/\/a.allegroimg.com\/s360\/11871a\/63ad93df42e49c2bbfb5f26da5ed\/Le-Grand-Elille-2-0-2021-19 360w,https:\/\/a.allegroimg.com\/s720\/11871a\/63ad93df42e49c2bbfb5f26da5ed\/Le-Grand-Elille-2-0-2021-19 696w,https:\/\/a.allegroimg.com\/original\/11871a\/63ad93df42e49c2bbfb5f26da5ed\/Le-Grand-Elille-2-0-2021-19 696w\" alt=\"Le Grand Elille 2.0 2021 19&amp;quot;\" width=\"696px\" data-src=\"https:\/\/a.allegroimg.com\/original\/11871a\/63ad93df42e49c2bbfb5f26da5ed\/Le-Grand-Elille-2-0-2021-19\" data-srcset=\"https:\/\/a.allegroimg.com\/s360\/11871a\/63ad93df42e49c2bbfb5f26da5ed\/Le-Grand-Elille-2-0-2021-19 360w,https:\/\/a.allegroimg.com\/s720\/11871a\/63ad93df42e49c2bbfb5f26da5ed\/Le-Grand-Elille-2-0-2021-19 696w,https:\/\/a.allegroimg.com\/original\/11871a\/63ad93df42e49c2bbfb5f26da5ed\/Le-Grand-Elille-2-0-2021-19 696w\" \/><\/p>\n<p>Le Grand E-Lille 2 on yhdistelm\u00e4 retromuotoilua ja modernia teknologiaa. Le Grand Elille 2 on t\u00e4ydellinen malli niille, jotka k\u00e4ytt\u00e4v\u00e4t py\u00f6r\u00e4\u00e4 p\u00e4ivitt\u00e4in.<\/p>\n<p>Onko sinulla kiire tai et ole nukkunut hyvin eik\u00e4 sinulla ole voimia py\u00f6ritt\u00e4\u00e4?<br \/>\nAnna Bafang-s\u00e4hk\u00f6voiman tehd\u00e4 ty\u00f6ns\u00e4! Le Grand E-lille 2:ssa on my\u00f6s 450 Wh akku, joten py\u00f6r\u00e4 kest\u00e4\u00e4 normaalissa k\u00e4yt\u00f6ss\u00e4 jopa useita p\u00e4ivi\u00e4 yhdell\u00e4 latauksella.<\/p>\n<p>Le Grand Elille 2 on my\u00f6s kevyt alumiinirunko, jossa on Shimano Nexus -etuvaihtaja. V-jarrut mahdollistavat nopean reagoinnin h\u00e4t\u00e4tilanteessa.<\/p>\n<p>Le Grand E-lille 2 erottuu my\u00f6s eritt\u00e4in minimalistisesta mutta silti silmiinpist\u00e4v\u00e4st\u00e4 muotoilustaan. T\u00e4m\u00e4n mallin pastelliv\u00e4rit viev\u00e4t sinut takaisin 60-luvulle. S\u00e4hk\u00f6moottorin k\u00e4ytt\u00f6 Le Grand E-lille 2.0:ssa on rohkea askel kohti futuristista tulevaisuutta.<\/p>\n<p><img decoding=\"async\" class=\"msub_k4 mupj_5k mjru_k4 mse2_k4 mp7g_f6 mq1m_0 mj7u_0 m7er_k4 lazyloaded\" src=\"https:\/\/a.allegroimg.com\/original\/11a3e5\/9de792974e21aa6796d64bca2e12\/Le-Grand-Elille-2-0-2021-19-Year-of-production-2021\" sizes=\"(min-width: 1200px) 560px, (min-width: 992px) 50vw, 100vw\" srcset=\"https:\/\/a.allegroimg.com\/s360\/11a3e5\/9de792974e21aa6796d64bca2e12\/Le-Grand-Elille-2-0-2021-19-Year-of-production-2021 360w,https:\/\/a.allegroimg.com\/s720\/11a3e5\/9de792974e21aa6796d64bca2e12\/Le-Grand-Elille-2-0-2021-19-Year-of-production-2021 720w,https:\/\/a.allegroimg.com\/s1024\/11a3e5\/9de792974e21aa6796d64bca2e12\/Le-Grand-Elille-2-0-2021-19-Year-of-production-2021 767w,https:\/\/a.allegroimg.com\/original\/11a3e5\/9de792974e21aa6796d64bca2e12\/Le-Grand-Elille-2-0-2021-19-Year-of-production-2021 767w\" alt=\"Le Grand Elille 2.0 2021 19&amp;quot; Year of production 2021\" width=\"767px\" data-src=\"https:\/\/a.allegroimg.com\/original\/11a3e5\/9de792974e21aa6796d64bca2e12\/Le-Grand-Elille-2-0-2021-19-Year-of-production-2021\" data-srcset=\"https:\/\/a.allegroimg.com\/s360\/11a3e5\/9de792974e21aa6796d64bca2e12\/Le-Grand-Elille-2-0-2021-19-Year-of-production-2021 360w,https:\/\/a.allegroimg.com\/s720\/11a3e5\/9de792974e21aa6796d64bca2e12\/Le-Grand-Elille-2-0-2021-19-Year-of-production-2021 720w,https:\/\/a.allegroimg.com\/s1024\/11a3e5\/9de792974e21aa6796d64bca2e12\/Le-Grand-Elille-2-0-2021-19-Year-of-production-2021 767w,https:\/\/a.allegroimg.com\/original\/11a3e5\/9de792974e21aa6796d64bca2e12\/Le-Grand-Elille-2-0-2021-19-Year-of-production-2021 767w\" \/><\/p>\n<p>&nbsp;<\/p>\n<p>Tiedot<\/p>\n<p>Kehyksen koko 19 tuumaa<br \/>\nPy\u00f6r\u00e4n koko: 28<br \/>\nPaino 24,1 kg<br \/>\nRungon materiaali: alumiini<br \/>\nVaihteiden lukum\u00e4\u00e4r\u00e4: 7<br \/>\nJarrut: V-jarru<br \/>\nSis\u00e4inen vaihtaja (napa)<br \/>\nLadattava litiumioniakku<br \/>\nS\u00e4hk\u00f6inen Drivefront napa<br \/>\nMoottorin teho: 250 W<br \/>\nAjomatka: 100 km<br \/>\nLatausaika: 4 h<br \/>\nMaksimikuorma: 120 kg<br \/>\nValmistusvuosi: 2021<br \/>\nTarviketeline, lokasuojat, valaistus, jalusta, ketjusuoja, s\u00e4hk\u00f6avustin<\/p>\n<p><img fetchpriority=\"high\" decoding=\"async\" class=\"msub_k4 mupj_5k mjru_k4 mse2_k4 mp7g_f6 mq1m_0 mj7u_0 m7er_k4 lazyloaded\" src=\"https:\/\/a.allegroimg.com\/original\/117505\/b4d2ee0d46f59391ff7f9a329539\/Le-Grand-Elille-2-0-2021-19-Model-eLille-2\" sizes=\"(min-width: 1200px) 560px, (min-width: 992px) 50vw, 100vw\" srcset=\"https:\/\/a.allegroimg.com\/s360\/117505\/b4d2ee0d46f59391ff7f9a329539\/Le-Grand-Elille-2-0-2021-19-Model-eLille-2 360w,https:\/\/a.allegroimg.com\/s720\/117505\/b4d2ee0d46f59391ff7f9a329539\/Le-Grand-Elille-2-0-2021-19-Model-eLille-2 720w,https:\/\/a.allegroimg.com\/s1024\/117505\/b4d2ee0d46f59391ff7f9a329539\/Le-Grand-Elille-2-0-2021-19-Model-eLille-2 767w,https:\/\/a.allegroimg.com\/original\/117505\/b4d2ee0d46f59391ff7f9a329539\/Le-Grand-Elille-2-0-2021-19-Model-eLille-2 767w\" alt=\"Le Grand Elille 2.0 2021 19&amp;quot; Model eLille 2\" width=\"534\" height=\"411\" data-src=\"https:\/\/a.allegroimg.com\/original\/117505\/b4d2ee0d46f59391ff7f9a329539\/Le-Grand-Elille-2-0-2021-19-Model-eLille-2\" data-srcset=\"https:\/\/a.allegroimg.com\/s360\/117505\/b4d2ee0d46f59391ff7f9a329539\/Le-Grand-Elille-2-0-2021-19-Model-eLille-2 360w,https:\/\/a.allegroimg.com\/s720\/117505\/b4d2ee0d46f59391ff7f9a329539\/Le-Grand-Elille-2-0-2021-19-Model-eLille-2 720w,https:\/\/a.allegroimg.com\/s1024\/117505\/b4d2ee0d46f59391ff7f9a329539\/Le-Grand-Elille-2-0-2021-19-Model-eLille-2 767w,https:\/\/a.allegroimg.com\/original\/117505\/b4d2ee0d46f59391ff7f9a329539\/Le-Grand-Elille-2-0-2021-19-Model-eLille-2 767w\" \/><\/p>\n<p><img decoding=\"async\" class=\"msub_k4 mupj_5k mjru_k4 mse2_k4 mp7g_f6 mq1m_0 mj7u_0 m7er_k4 lazyloaded\" src=\"https:\/\/a.allegroimg.com\/original\/11cc83\/ba75c6084d308de404d1f45dc9d2\/Le-Grand-Elille-2-0-2021-19-Manufacturer-s-code-LGLHZ228X19W001451\" sizes=\"(min-width: 1200px) 560px, (min-width: 992px) 50vw, 100vw\" srcset=\"https:\/\/a.allegroimg.com\/s360\/11cc83\/ba75c6084d308de404d1f45dc9d2\/Le-Grand-Elille-2-0-2021-19-Manufacturer-s-code-LGLHZ228X19W001451 360w,https:\/\/a.allegroimg.com\/s720\/11cc83\/ba75c6084d308de404d1f45dc9d2\/Le-Grand-Elille-2-0-2021-19-Manufacturer-s-code-LGLHZ228X19W001451 720w,https:\/\/a.allegroimg.com\/s1024\/11cc83\/ba75c6084d308de404d1f45dc9d2\/Le-Grand-Elille-2-0-2021-19-Manufacturer-s-code-LGLHZ228X19W001451 767w,https:\/\/a.allegroimg.com\/original\/11cc83\/ba75c6084d308de404d1f45dc9d2\/Le-Grand-Elille-2-0-2021-19-Manufacturer-s-code-LGLHZ228X19W001451 767w\" alt=\"Le Grand Elille 2.0 2021 19&amp;quot; Manufacturer's code LGLHZ228X19W001451\" width=\"545\" height=\"419\" data-src=\"https:\/\/a.allegroimg.com\/original\/11cc83\/ba75c6084d308de404d1f45dc9d2\/Le-Grand-Elille-2-0-2021-19-Manufacturer-s-code-LGLHZ228X19W001451\" data-srcset=\"https:\/\/a.allegroimg.com\/s360\/11cc83\/ba75c6084d308de404d1f45dc9d2\/Le-Grand-Elille-2-0-2021-19-Manufacturer-s-code-LGLHZ228X19W001451 360w,https:\/\/a.allegroimg.com\/s720\/11cc83\/ba75c6084d308de404d1f45dc9d2\/Le-Grand-Elille-2-0-2021-19-Manufacturer-s-code-LGLHZ228X19W001451 720w,https:\/\/a.allegroimg.com\/s1024\/11cc83\/ba75c6084d308de404d1f45dc9d2\/Le-Grand-Elille-2-0-2021-19-Manufacturer-s-code-LGLHZ228X19W001451 767w,https:\/\/a.allegroimg.com\/original\/11cc83\/ba75c6084d308de404d1f45dc9d2\/Le-Grand-Elille-2-0-2021-19-Manufacturer-s-code-LGLHZ228X19W001451 767w\" \/><\/p>\n","protected":false},"excerpt":{"rendered":"<p><strong>LeGrand E-Lille 2<\/strong> on t\u00e4ydellinen malli niille, jotka k\u00e4ytt\u00e4v\u00e4t py\u00f6r\u00e4\u00e4 p\u00e4ivitt\u00e4in<\/p>\n<ul>\n<li>Ajomatka: 100 km<\/li>\n<li>Latausaika: 4 h<\/li>\n<li>Moottorin teho: 250 W<\/li>\n<li>Maksimikuorma: 120 kg<\/li>\n<\/ul>\n<p>&nbsp;<\/p>\n<p><strong>\u2666 Toimitusaika 3-7 p\u00e4iv\u00e4\u00e4<\/strong><br \/>\n<strong>\u2666 Varastossa<\/strong><\/p>\n","protected":false},"featured_media":7450,"template":"","meta":[],"product_cat":[983,979],"product_tag":[],"class_list":{"0":"post-7449","1":"product","2":"type-product","3":"status-publish","4":"has-post-thumbnail","6":"product_cat-sahkokaupunkipyorat","7":"product_cat-sahkopyorat","8":"product_shipping_class-suured-pakid","10":"first","11":"instock","12":"sale","13":"taxable","14":"shipping-taxable","15":"purchasable","16":"product-type-simple"},"yoast_head":"<!-- This site is optimized with the Yoast SEO plugin v23.8 - https:\/\/yoast.com\/wordpress\/plugins\/seo\/ -->\n<title>LeGrand E-Lille 2, 100km - Ecocruiser<\/title>\n<meta name=\"description\" content=\"LeGrand E-lille 2 on ihanteellinen malli niille, jotka k\u00e4ytt\u00e4v\u00e4t py\u00f6r\u00e4\u00e4 p\u00e4ivitt\u00e4in. Ajomatka: 100 km Latausaika: 4 h Moottorin teho: 250 W Maksimikuormitus: 120 kg \u2666 Toimitusaika 3-7 p\u00e4iv\u00e4\u00e4 \u2666 Varastossa\" \/>\n<meta name=\"robots\" content=\"noindex, follow, max-snippet:-1, max-image-preview:large, max-video-preview:-1\" \/>\n<meta property=\"og:locale\" content=\"en_GB\" \/>\n<meta property=\"og:type\" content=\"article\" \/>\n<meta property=\"og:title\" content=\"LeGrand E-Lille 2, 100km - Ecocruiser\" \/>\n<meta property=\"og:description\" content=\"LeGrand E-lille 2 on ihanteellinen malli niille, jotka k\u00e4ytt\u00e4v\u00e4t py\u00f6r\u00e4\u00e4 p\u00e4ivitt\u00e4in. Ajomatka: 100 km Latausaika: 4 h Moottorin teho: 250 W Maksimikuormitus: 120 kg \u2666 Toimitusaika 3-7 p\u00e4iv\u00e4\u00e4 \u2666 Varastossa\" \/>\n<meta property=\"og:url\" content=\"https:\/\/projekt.vombat.ee\/eco\/fi\/myym\u00e4l\u00e4\/sahkopyorat\/sahkokaupunkipyorat\/legrand-e-lille-2-100km\/\" \/>\n<meta property=\"og:site_name\" content=\"Ecocruiser\" \/>\n<meta property=\"article:modified_time\" content=\"2024-04-27T10:07:37+00:00\" \/>\n<meta property=\"og:image\" content=\"https:\/\/projekt.vombat.ee\/eco\/wp-content\/uploads\/2023\/03\/1.jpeg\" \/>\n\t<meta property=\"og:image:width\" content=\"949\" \/>\n\t<meta property=\"og:image:height\" content=\"530\" \/>\n\t<meta property=\"og:image:type\" content=\"image\/jpeg\" \/>\n<meta name=\"twitter:card\" content=\"summary_large_image\" \/>\n<meta name=\"twitter:label1\" content=\"Estimated reading time\" \/>\n\t<meta name=\"twitter:data1\" content=\"2 minutes\" \/>\n<script type=\"application\/ld+json\" class=\"yoast-schema-graph\">{\"@context\":\"https:\/\/schema.org\",\"@graph\":[{\"@type\":\"WebPage\",\"@id\":\"https:\/\/projekt.vombat.ee\/eco\/fi\/myym%C3%A4l%C3%A4\/sahkopyorat\/sahkokaupunkipyorat\/legrand-e-lille-2-100km\/\",\"url\":\"https:\/\/projekt.vombat.ee\/eco\/fi\/myym%C3%A4l%C3%A4\/sahkopyorat\/sahkokaupunkipyorat\/legrand-e-lille-2-100km\/\",\"name\":\"LeGrand E-Lille 2, 100km - Ecocruiser\",\"isPartOf\":{\"@id\":\"https:\/\/projekt.vombat.ee\/eco\/#website\"},\"primaryImageOfPage\":{\"@id\":\"https:\/\/projekt.vombat.ee\/eco\/fi\/myym%C3%A4l%C3%A4\/sahkopyorat\/sahkokaupunkipyorat\/legrand-e-lille-2-100km\/#primaryimage\"},\"image\":{\"@id\":\"https:\/\/projekt.vombat.ee\/eco\/fi\/myym%C3%A4l%C3%A4\/sahkopyorat\/sahkokaupunkipyorat\/legrand-e-lille-2-100km\/#primaryimage\"},\"thumbnailUrl\":\"https:\/\/projekt.vombat.ee\/eco\/wp-content\/uploads\/2023\/03\/1.jpeg\",\"datePublished\":\"2023-03-26T16:10:41+00:00\",\"dateModified\":\"2024-04-27T10:07:37+00:00\",\"description\":\"LeGrand E-lille 2 on ihanteellinen malli niille, jotka k\u00e4ytt\u00e4v\u00e4t py\u00f6r\u00e4\u00e4 p\u00e4ivitt\u00e4in. Ajomatka: 100 km Latausaika: 4 h Moottorin teho: 250 W Maksimikuormitus: 120 kg \u2666 Toimitusaika 3-7 p\u00e4iv\u00e4\u00e4 \u2666 Varastossa\",\"breadcrumb\":{\"@id\":\"https:\/\/projekt.vombat.ee\/eco\/fi\/myym%C3%A4l%C3%A4\/sahkopyorat\/sahkokaupunkipyorat\/legrand-e-lille-2-100km\/#breadcrumb\"},\"inLanguage\":\"en-GB\",\"potentialAction\":[{\"@type\":\"ReadAction\",\"target\":[\"https:\/\/projekt.vombat.ee\/eco\/fi\/myym%C3%A4l%C3%A4\/sahkopyorat\/sahkokaupunkipyorat\/legrand-e-lille-2-100km\/\"]}]},{\"@type\":\"ImageObject\",\"inLanguage\":\"en-GB\",\"@id\":\"https:\/\/projekt.vombat.ee\/eco\/fi\/myym%C3%A4l%C3%A4\/sahkopyorat\/sahkokaupunkipyorat\/legrand-e-lille-2-100km\/#primaryimage\",\"url\":\"https:\/\/projekt.vombat.ee\/eco\/wp-content\/uploads\/2023\/03\/1.jpeg\",\"contentUrl\":\"https:\/\/projekt.vombat.ee\/eco\/wp-content\/uploads\/2023\/03\/1.jpeg\",\"width\":949,\"height\":530,\"caption\":\"LeGrand E-Lille 2\"},{\"@type\":\"BreadcrumbList\",\"@id\":\"https:\/\/projekt.vombat.ee\/eco\/fi\/myym%C3%A4l%C3%A4\/sahkopyorat\/sahkokaupunkipyorat\/legrand-e-lille-2-100km\/#breadcrumb\",\"itemListElement\":[{\"@type\":\"ListItem\",\"position\":1,\"name\":\"Home\",\"item\":\"https:\/\/projekt.vombat.ee\/eco\/\"},{\"@type\":\"ListItem\",\"position\":2,\"name\":\"Pood\",\"item\":\"https:\/\/projekt.vombat.ee\/eco\/pood\/\"},{\"@type\":\"ListItem\",\"position\":3,\"name\":\"LeGrand E-Lille 2, 100km\"}]},{\"@type\":\"WebSite\",\"@id\":\"https:\/\/projekt.vombat.ee\/eco\/#website\",\"url\":\"https:\/\/projekt.vombat.ee\/eco\/\",\"name\":\"Ecocruiser\",\"description\":\"\",\"publisher\":{\"@id\":\"https:\/\/projekt.vombat.ee\/eco\/#organization\"},\"potentialAction\":[{\"@type\":\"SearchAction\",\"target\":{\"@type\":\"EntryPoint\",\"urlTemplate\":\"https:\/\/projekt.vombat.ee\/eco\/?s={search_term_string}\"},\"query-input\":{\"@type\":\"PropertyValueSpecification\",\"valueRequired\":true,\"valueName\":\"search_term_string\"}}],\"inLanguage\":\"en-GB\"},{\"@type\":\"Organization\",\"@id\":\"https:\/\/projekt.vombat.ee\/eco\/#organization\",\"name\":\"Ecocruiser\",\"url\":\"https:\/\/projekt.vombat.ee\/eco\/\",\"logo\":{\"@type\":\"ImageObject\",\"inLanguage\":\"en-GB\",\"@id\":\"https:\/\/projekt.vombat.ee\/eco\/#\/schema\/logo\/image\/\",\"url\":\"https:\/\/projekt.vombat.ee\/eco\/wp-content\/uploads\/2023\/03\/ECOCRUISER_5.png\",\"contentUrl\":\"https:\/\/projekt.vombat.ee\/eco\/wp-content\/uploads\/2023\/03\/ECOCRUISER_5.png\",\"width\":234,\"height\":91,\"caption\":\"Ecocruiser\"},\"image\":{\"@id\":\"https:\/\/projekt.vombat.ee\/eco\/#\/schema\/logo\/image\/\"}}]}<\/script>\n<!-- \/ Yoast SEO plugin. -->","yoast_head_json":{"title":"LeGrand E-Lille 2, 100km - Ecocruiser","description":"LeGrand E-lille 2 on ihanteellinen malli niille, jotka k\u00e4ytt\u00e4v\u00e4t py\u00f6r\u00e4\u00e4 p\u00e4ivitt\u00e4in. Ajomatka: 100 km Latausaika: 4 h Moottorin teho: 250 W Maksimikuormitus: 120 kg \u2666 Toimitusaika 3-7 p\u00e4iv\u00e4\u00e4 \u2666 Varastossa","robots":{"index":"noindex","follow":"follow","max-snippet":"max-snippet:-1","max-image-preview":"max-image-preview:large","max-video-preview":"max-video-preview:-1"},"og_locale":"en_GB","og_type":"article","og_title":"LeGrand E-Lille 2, 100km - Ecocruiser","og_description":"LeGrand E-lille 2 on ihanteellinen malli niille, jotka k\u00e4ytt\u00e4v\u00e4t py\u00f6r\u00e4\u00e4 p\u00e4ivitt\u00e4in. Ajomatka: 100 km Latausaika: 4 h Moottorin teho: 250 W Maksimikuormitus: 120 kg \u2666 Toimitusaika 3-7 p\u00e4iv\u00e4\u00e4 \u2666 Varastossa","og_url":"https:\/\/projekt.vombat.ee\/eco\/fi\/myym\u00e4l\u00e4\/sahkopyorat\/sahkokaupunkipyorat\/legrand-e-lille-2-100km\/","og_site_name":"Ecocruiser","article_modified_time":"2024-04-27T10:07:37+00:00","og_image":[{"width":949,"height":530,"url":"https:\/\/projekt.vombat.ee\/eco\/wp-content\/uploads\/2023\/03\/1.jpeg","type":"image\/jpeg"}],"twitter_card":"summary_large_image","twitter_misc":{"Estimated reading time":"2 minutes"},"schema":{"@context":"https:\/\/schema.org","@graph":[{"@type":"WebPage","@id":"https:\/\/projekt.vombat.ee\/eco\/fi\/myym%C3%A4l%C3%A4\/sahkopyorat\/sahkokaupunkipyorat\/legrand-e-lille-2-100km\/","url":"https:\/\/projekt.vombat.ee\/eco\/fi\/myym%C3%A4l%C3%A4\/sahkopyorat\/sahkokaupunkipyorat\/legrand-e-lille-2-100km\/","name":"LeGrand E-Lille 2, 100km - Ecocruiser","isPartOf":{"@id":"https:\/\/projekt.vombat.ee\/eco\/#website"},"primaryImageOfPage":{"@id":"https:\/\/projekt.vombat.ee\/eco\/fi\/myym%C3%A4l%C3%A4\/sahkopyorat\/sahkokaupunkipyorat\/legrand-e-lille-2-100km\/#primaryimage"},"image":{"@id":"https:\/\/projekt.vombat.ee\/eco\/fi\/myym%C3%A4l%C3%A4\/sahkopyorat\/sahkokaupunkipyorat\/legrand-e-lille-2-100km\/#primaryimage"},"thumbnailUrl":"https:\/\/projekt.vombat.ee\/eco\/wp-content\/uploads\/2023\/03\/1.jpeg","datePublished":"2023-03-26T16:10:41+00:00","dateModified":"2024-04-27T10:07:37+00:00","description":"LeGrand E-lille 2 on ihanteellinen malli niille, jotka k\u00e4ytt\u00e4v\u00e4t py\u00f6r\u00e4\u00e4 p\u00e4ivitt\u00e4in. Ajomatka: 100 km Latausaika: 4 h Moottorin teho: 250 W Maksimikuormitus: 120 kg \u2666 Toimitusaika 3-7 p\u00e4iv\u00e4\u00e4 \u2666 Varastossa","breadcrumb":{"@id":"https:\/\/projekt.vombat.ee\/eco\/fi\/myym%C3%A4l%C3%A4\/sahkopyorat\/sahkokaupunkipyorat\/legrand-e-lille-2-100km\/#breadcrumb"},"inLanguage":"en-GB","potentialAction":[{"@type":"ReadAction","target":["https:\/\/projekt.vombat.ee\/eco\/fi\/myym%C3%A4l%C3%A4\/sahkopyorat\/sahkokaupunkipyorat\/legrand-e-lille-2-100km\/"]}]},{"@type":"ImageObject","inLanguage":"en-GB","@id":"https:\/\/projekt.vombat.ee\/eco\/fi\/myym%C3%A4l%C3%A4\/sahkopyorat\/sahkokaupunkipyorat\/legrand-e-lille-2-100km\/#primaryimage","url":"https:\/\/projekt.vombat.ee\/eco\/wp-content\/uploads\/2023\/03\/1.jpeg","contentUrl":"https:\/\/projekt.vombat.ee\/eco\/wp-content\/uploads\/2023\/03\/1.jpeg","width":949,"height":530,"caption":"LeGrand E-Lille 2"},{"@type":"BreadcrumbList","@id":"https:\/\/projekt.vombat.ee\/eco\/fi\/myym%C3%A4l%C3%A4\/sahkopyorat\/sahkokaupunkipyorat\/legrand-e-lille-2-100km\/#breadcrumb","itemListElement":[{"@type":"ListItem","position":1,"name":"Home","item":"https:\/\/projekt.vombat.ee\/eco\/"},{"@type":"ListItem","position":2,"name":"Pood","item":"https:\/\/projekt.vombat.ee\/eco\/pood\/"},{"@type":"ListItem","position":3,"name":"LeGrand E-Lille 2, 100km"}]},{"@type":"WebSite","@id":"https:\/\/projekt.vombat.ee\/eco\/#website","url":"https:\/\/projekt.vombat.ee\/eco\/","name":"Ecocruiser","description":"","publisher":{"@id":"https:\/\/projekt.vombat.ee\/eco\/#organization"},"potentialAction":[{"@type":"SearchAction","target":{"@type":"EntryPoint","urlTemplate":"https:\/\/projekt.vombat.ee\/eco\/?s={search_term_string}"},"query-input":{"@type":"PropertyValueSpecification","valueRequired":true,"valueName":"search_term_string"}}],"inLanguage":"en-GB"},{"@type":"Organization","@id":"https:\/\/projekt.vombat.ee\/eco\/#organization","name":"Ecocruiser","url":"https:\/\/projekt.vombat.ee\/eco\/","logo":{"@type":"ImageObject","inLanguage":"en-GB","@id":"https:\/\/projekt.vombat.ee\/eco\/#\/schema\/logo\/image\/","url":"https:\/\/projekt.vombat.ee\/eco\/wp-content\/uploads\/2023\/03\/ECOCRUISER_5.png","contentUrl":"https:\/\/projekt.vombat.ee\/eco\/wp-content\/uploads\/2023\/03\/ECOCRUISER_5.png","width":234,"height":91,"caption":"Ecocruiser"},"image":{"@id":"https:\/\/projekt.vombat.ee\/eco\/#\/schema\/logo\/image\/"}}]}},"lang":"fi","translations":{"fi":7449,"et":7104,"ru":8054},"pll_sync_post":[],"_links":{"self":[{"href":"https:\/\/projekt.vombat.ee\/eco\/wp-json\/wp\/v2\/product\/7449"}],"collection":[{"href":"https:\/\/projekt.vombat.ee\/eco\/wp-json\/wp\/v2\/product"}],"about":[{"href":"https:\/\/projekt.vombat.ee\/eco\/wp-json\/wp\/v2\/types\/product"}],"version-history":[{"count":1,"href":"https:\/\/projekt.vombat.ee\/eco\/wp-json\/wp\/v2\/product\/7449\/revisions"}],"predecessor-version":[{"id":7451,"href":"https:\/\/projekt.vombat.ee\/eco\/wp-json\/wp\/v2\/product\/7449\/revisions\/7451"}],"wp:featuredmedia":[{"embeddable":true,"href":"https:\/\/projekt.vombat.ee\/eco\/wp-json\/wp\/v2\/media\/7450"}],"wp:attachment":[{"href":"https:\/\/projekt.vombat.ee\/eco\/wp-json\/wp\/v2\/media?parent=7449"}],"wp:term":[{"taxonomy":"product_cat","embeddable":true,"href":"https:\/\/projekt.vombat.ee\/eco\/wp-json\/wp\/v2\/product_cat?post=7449"},{"taxonomy":"product_tag","embeddable":true,"href":"https:\/\/projekt.vombat.ee\/eco\/wp-json\/wp\/v2\/product_tag?post=7449"}],"curies":[{"name":"wp","href":"https:\/\/api.w.org\/{rel}","templated":true}]}}