{"id":7426,"date":"2023-03-26T15:40:11","date_gmt":"2023-03-26T15:40:11","guid":{"rendered":"https:\/\/projekt.vombat.ee\/eco\/?post_type=product&#038;p=7426"},"modified":"2023-03-26T15:41:12","modified_gmt":"2023-03-26T15:41:12","slug":"lovelec-alkor","status":"publish","type":"product","link":"https:\/\/projekt.vombat.ee\/eco\/fi\/myym%C3%A4l%C3%A4\/sahkopyorat\/sahkomaastopyora\/lovelec-alkor\/","title":{"rendered":"LovElec Alkor, 90km"},"content":{"rendered":"<h1>LovElec Alkor s\u00e4hk\u00f6inen maastopy\u00f6r\u00e4<\/h1>\n<p>LovElec Alkor esittelee uuden k\u00e4ytt\u00e4j\u00e4n t\u00e4ydellisesti s\u00e4hk\u00f6py\u00f6rien maailmaan. Modernin rungon ansiosta se t\u00e4ytt\u00e4\u00e4 hyv\u00e4\u00e4 muotoilua arvostavan ihmisten odotukset. Alkor on tarjous ihmisille, jotka haluavat s\u00e4hk\u00f6py\u00f6r\u00e4n kohtuulliseen hintaan.<\/p>\n<h3>Edut<\/h3>\n<p>LOVELEC-maastopy\u00f6rien tehokas moottori auttaa sinua ajamaan jopa jyrkiss\u00e4 nousuissa.<\/p>\n<p>Suuren akkukapasiteetin ansiosta LOVELEC-maastopy\u00f6r\u00e4t sopivat pitkille matkoille mets\u00e4- ja peltoteill\u00e4. Voit siis ajaa enemm\u00e4n ja nauttia kyydist\u00e4si t\u00e4ysill\u00e4.<\/p>\n<h3>e-MTB LOVELECin tekniset edut<\/h3>\n<p>LOVELEC-s\u00e4hk\u00f6py\u00f6riss\u00e4 on vahva, kokonaan alumiininen runkorakenne, jolla on elinik\u00e4inen takuu.<\/p>\n<p>Akku, jonka toimintas\u00e4de on jopa 90 km, antaa tarpeeksi energiaa. Takaamme akkujen luotettavuuden, mink\u00e4 vuoksi annamme niille 2 vuoden takuun.<\/p>\n<p>Jarrujen luotettavuuden takaavat hydrauliset levyjarrut.<\/p>\n<p>Moottoriavun voimakkuuden s\u00e4\u00e4t\u00e4miseksi e-MTB:t on varustettu n\u00e4yt\u00f6ll\u00e4, joka helpottaa niiden k\u00e4ytt\u00f6\u00e4.<\/p>\n<p>&nbsp;<\/p>\n<h3>Tiedot<\/h3>\n<p>akku: Li-ion, 10 Ah (360 Wh), integroitu<br \/>\nmoottori: AKM, 36V, 250W \/ 500W, takaharjaton, 60Nm<br \/>\nrunko: 17&#8221;, alumiini (6061)<br \/>\npy\u00f6r\u00e4t: 29&#8221;<br \/>\nsallittu kuorma: 140 kg<br \/>\nlaturi: EN, CE, 36 V, 2 A, latausaika 4-6 tuntia<br \/>\nHaarukka: Zoom AMS ML \/ O, jousitus, s\u00e4\u00e4dett\u00e4v\u00e4, lukolla, liike 100 mm<br \/>\nsilta: Promax<br \/>\nohjaustanko: Promax, 720 mm<br \/>\nkahvat: ergonomiset<br \/>\nVaihde: Shimano Alivio<br \/>\ntakavaihtaja: Shimano Alivio, 9 vaihdetta<br \/>\nKasetti: SunRace CSM909 11-34T<br \/>\nHammaspy\u00f6r\u00e4: 38T<br \/>\nkammet: 175 mm<br \/>\nJarrut: Tektro HD-T275, levy, hydrauliset, 160 mm<br \/>\npolkimet: muovia, heijastimilla<br \/>\nvanteet: alumiinia, kaksisein\u00e4iset<br \/>\nKeskitin: Modus<br \/>\nrenkaat: CST C1820, 29 \u00d7 2,35<br \/>\npinnat: ter\u00e4s, korroosionesto<br \/>\nketju: KMC<br \/>\nhammaspy\u00f6r\u00e4n kansi: kyll\u00e4<br \/>\nn\u00e4ytt\u00f6: Bigstone C300S, LCD, tietokoneella<br \/>\nohjauspaneeli: vedenpit\u00e4v\u00e4, n\u00e4yt\u00f6ll\u00e4, 5 tukitasoa, k\u00e4velytoiminto<br \/>\nseisoo: kyll\u00e4<br \/>\nosoitteessa: kyll\u00e4<\/p>\n","protected":false},"excerpt":{"rendered":"<p><strong>LovElec Alkor\u00a0<\/strong><\/p>\n<ul>\n<li>Sopii 160-175 cm pitkille ihmisille<\/li>\n<li>Huippunopeus: 25\/35 km\/h<\/li>\n<li>Ajomatka yhdell\u00e4 latauksella: jopa 90 km<\/li>\n<li>Py\u00f6r\u00e4n paino: 19 kg (+ 3 kg akku: Li-ion, 10 Ah (360 Wh), integroitu<\/li>\n<li>Moottori: AKM, 36V, 250W \/ 500W<\/li>\n<\/ul>\n<p>&nbsp;<\/p>\n<p>\u2666 Toimitusaika 3-8 p\u00e4iv\u00e4\u00e4<br \/>\n\u2666 Varastossa<\/p>\n","protected":false},"featured_media":7427,"template":"","meta":[],"product_cat":[985,979],"product_tag":[],"class_list":{"0":"post-7426","1":"product","2":"type-product","3":"status-publish","4":"has-post-thumbnail","6":"product_cat-sahkomaastopyora","7":"product_cat-sahkopyorat","8":"product_shipping_class-suured-pakid","10":"first","11":"instock","12":"taxable","13":"shipping-taxable","14":"purchasable","15":"product-type-simple"},"yoast_head":"<!-- This site is optimized with the Yoast SEO plugin v23.8 - https:\/\/yoast.com\/wordpress\/plugins\/seo\/ -->\n<title>LovElec Alkor, 90km - Ecocruiser<\/title>\n<meta name=\"description\" content=\"LovElec Alkor esittelee uuden k\u00e4ytt\u00e4j\u00e4n t\u00e4ydellisesti s\u00e4hk\u00f6py\u00f6rien maailmaan. Modernin rungon ansiosta se t\u00e4ytt\u00e4\u00e4 hyv\u00e4\u00e4 muotoilua arvostavan ihmisten odotukset. Alkor on tarjous ihmisille, jotka haluavat s\u00e4hk\u00f6py\u00f6r\u00e4n kohtuulliseen hintaan.\" \/>\n<meta name=\"robots\" content=\"noindex, follow, max-snippet:-1, max-image-preview:large, max-video-preview:-1\" \/>\n<meta property=\"og:locale\" content=\"en_GB\" \/>\n<meta property=\"og:type\" content=\"article\" \/>\n<meta property=\"og:title\" content=\"LovElec Alkor, 90km - Ecocruiser\" \/>\n<meta property=\"og:description\" content=\"LovElec Alkor esittelee uuden k\u00e4ytt\u00e4j\u00e4n t\u00e4ydellisesti s\u00e4hk\u00f6py\u00f6rien maailmaan. Modernin rungon ansiosta se t\u00e4ytt\u00e4\u00e4 hyv\u00e4\u00e4 muotoilua arvostavan ihmisten odotukset. Alkor on tarjous ihmisille, jotka haluavat s\u00e4hk\u00f6py\u00f6r\u00e4n kohtuulliseen hintaan.\" \/>\n<meta property=\"og:url\" content=\"https:\/\/projekt.vombat.ee\/eco\/fi\/myym\u00e4l\u00e4\/sahkopyorat\/sahkomaastopyora\/lovelec-alkor\/\" \/>\n<meta property=\"og:site_name\" content=\"Ecocruiser\" \/>\n<meta property=\"article:modified_time\" content=\"2023-03-26T15:41:12+00:00\" \/>\n<meta property=\"og:image\" content=\"https:\/\/projekt.vombat.ee\/eco\/wp-content\/uploads\/2023\/03\/LovElec-Alkor-19.png\" \/>\n\t<meta property=\"og:image:width\" content=\"1000\" \/>\n\t<meta property=\"og:image:height\" content=\"1000\" \/>\n\t<meta property=\"og:image:type\" content=\"image\/png\" \/>\n<meta name=\"twitter:card\" content=\"summary_large_image\" \/>\n<meta name=\"twitter:label1\" content=\"Estimated reading time\" \/>\n\t<meta name=\"twitter:data1\" content=\"2 minutes\" \/>\n<script type=\"application\/ld+json\" class=\"yoast-schema-graph\">{\"@context\":\"https:\/\/schema.org\",\"@graph\":[{\"@type\":\"WebPage\",\"@id\":\"https:\/\/projekt.vombat.ee\/eco\/fi\/myym%C3%A4l%C3%A4\/sahkopyorat\/sahkomaastopyora\/lovelec-alkor\/\",\"url\":\"https:\/\/projekt.vombat.ee\/eco\/fi\/myym%C3%A4l%C3%A4\/sahkopyorat\/sahkomaastopyora\/lovelec-alkor\/\",\"name\":\"LovElec Alkor, 90km - Ecocruiser\",\"isPartOf\":{\"@id\":\"https:\/\/projekt.vombat.ee\/eco\/#website\"},\"primaryImageOfPage\":{\"@id\":\"https:\/\/projekt.vombat.ee\/eco\/fi\/myym%C3%A4l%C3%A4\/sahkopyorat\/sahkomaastopyora\/lovelec-alkor\/#primaryimage\"},\"image\":{\"@id\":\"https:\/\/projekt.vombat.ee\/eco\/fi\/myym%C3%A4l%C3%A4\/sahkopyorat\/sahkomaastopyora\/lovelec-alkor\/#primaryimage\"},\"thumbnailUrl\":\"https:\/\/projekt.vombat.ee\/eco\/wp-content\/uploads\/2023\/03\/LovElec-Alkor-19.png\",\"datePublished\":\"2023-03-26T15:40:11+00:00\",\"dateModified\":\"2023-03-26T15:41:12+00:00\",\"description\":\"LovElec Alkor esittelee uuden k\u00e4ytt\u00e4j\u00e4n t\u00e4ydellisesti s\u00e4hk\u00f6py\u00f6rien maailmaan. Modernin rungon ansiosta se t\u00e4ytt\u00e4\u00e4 hyv\u00e4\u00e4 muotoilua arvostavan ihmisten odotukset. Alkor on tarjous ihmisille, jotka haluavat s\u00e4hk\u00f6py\u00f6r\u00e4n kohtuulliseen hintaan.\",\"breadcrumb\":{\"@id\":\"https:\/\/projekt.vombat.ee\/eco\/fi\/myym%C3%A4l%C3%A4\/sahkopyorat\/sahkomaastopyora\/lovelec-alkor\/#breadcrumb\"},\"inLanguage\":\"en-GB\",\"potentialAction\":[{\"@type\":\"ReadAction\",\"target\":[\"https:\/\/projekt.vombat.ee\/eco\/fi\/myym%C3%A4l%C3%A4\/sahkopyorat\/sahkomaastopyora\/lovelec-alkor\/\"]}]},{\"@type\":\"ImageObject\",\"inLanguage\":\"en-GB\",\"@id\":\"https:\/\/projekt.vombat.ee\/eco\/fi\/myym%C3%A4l%C3%A4\/sahkopyorat\/sahkomaastopyora\/lovelec-alkor\/#primaryimage\",\"url\":\"https:\/\/projekt.vombat.ee\/eco\/wp-content\/uploads\/2023\/03\/LovElec-Alkor-19.png\",\"contentUrl\":\"https:\/\/projekt.vombat.ee\/eco\/wp-content\/uploads\/2023\/03\/LovElec-Alkor-19.png\",\"width\":1000,\"height\":1000,\"caption\":\"LovElec Alkor 19\u201d\"},{\"@type\":\"BreadcrumbList\",\"@id\":\"https:\/\/projekt.vombat.ee\/eco\/fi\/myym%C3%A4l%C3%A4\/sahkopyorat\/sahkomaastopyora\/lovelec-alkor\/#breadcrumb\",\"itemListElement\":[{\"@type\":\"ListItem\",\"position\":1,\"name\":\"Home\",\"item\":\"https:\/\/projekt.vombat.ee\/eco\/\"},{\"@type\":\"ListItem\",\"position\":2,\"name\":\"Pood\",\"item\":\"https:\/\/projekt.vombat.ee\/eco\/pood\/\"},{\"@type\":\"ListItem\",\"position\":3,\"name\":\"LovElec Alkor, 90km\"}]},{\"@type\":\"WebSite\",\"@id\":\"https:\/\/projekt.vombat.ee\/eco\/#website\",\"url\":\"https:\/\/projekt.vombat.ee\/eco\/\",\"name\":\"Ecocruiser\",\"description\":\"\",\"publisher\":{\"@id\":\"https:\/\/projekt.vombat.ee\/eco\/#organization\"},\"potentialAction\":[{\"@type\":\"SearchAction\",\"target\":{\"@type\":\"EntryPoint\",\"urlTemplate\":\"https:\/\/projekt.vombat.ee\/eco\/?s={search_term_string}\"},\"query-input\":{\"@type\":\"PropertyValueSpecification\",\"valueRequired\":true,\"valueName\":\"search_term_string\"}}],\"inLanguage\":\"en-GB\"},{\"@type\":\"Organization\",\"@id\":\"https:\/\/projekt.vombat.ee\/eco\/#organization\",\"name\":\"Ecocruiser\",\"url\":\"https:\/\/projekt.vombat.ee\/eco\/\",\"logo\":{\"@type\":\"ImageObject\",\"inLanguage\":\"en-GB\",\"@id\":\"https:\/\/projekt.vombat.ee\/eco\/#\/schema\/logo\/image\/\",\"url\":\"https:\/\/projekt.vombat.ee\/eco\/wp-content\/uploads\/2023\/03\/ECOCRUISER_5.png\",\"contentUrl\":\"https:\/\/projekt.vombat.ee\/eco\/wp-content\/uploads\/2023\/03\/ECOCRUISER_5.png\",\"width\":234,\"height\":91,\"caption\":\"Ecocruiser\"},\"image\":{\"@id\":\"https:\/\/projekt.vombat.ee\/eco\/#\/schema\/logo\/image\/\"}}]}<\/script>\n<!-- \/ Yoast SEO plugin. -->","yoast_head_json":{"title":"LovElec Alkor, 90km - Ecocruiser","description":"LovElec Alkor esittelee uuden k\u00e4ytt\u00e4j\u00e4n t\u00e4ydellisesti s\u00e4hk\u00f6py\u00f6rien maailmaan. Modernin rungon ansiosta se t\u00e4ytt\u00e4\u00e4 hyv\u00e4\u00e4 muotoilua arvostavan ihmisten odotukset. Alkor on tarjous ihmisille, jotka haluavat s\u00e4hk\u00f6py\u00f6r\u00e4n kohtuulliseen hintaan.","robots":{"index":"noindex","follow":"follow","max-snippet":"max-snippet:-1","max-image-preview":"max-image-preview:large","max-video-preview":"max-video-preview:-1"},"og_locale":"en_GB","og_type":"article","og_title":"LovElec Alkor, 90km - Ecocruiser","og_description":"LovElec Alkor esittelee uuden k\u00e4ytt\u00e4j\u00e4n t\u00e4ydellisesti s\u00e4hk\u00f6py\u00f6rien maailmaan. Modernin rungon ansiosta se t\u00e4ytt\u00e4\u00e4 hyv\u00e4\u00e4 muotoilua arvostavan ihmisten odotukset. Alkor on tarjous ihmisille, jotka haluavat s\u00e4hk\u00f6py\u00f6r\u00e4n kohtuulliseen hintaan.","og_url":"https:\/\/projekt.vombat.ee\/eco\/fi\/myym\u00e4l\u00e4\/sahkopyorat\/sahkomaastopyora\/lovelec-alkor\/","og_site_name":"Ecocruiser","article_modified_time":"2023-03-26T15:41:12+00:00","og_image":[{"width":1000,"height":1000,"url":"https:\/\/projekt.vombat.ee\/eco\/wp-content\/uploads\/2023\/03\/LovElec-Alkor-19.png","type":"image\/png"}],"twitter_card":"summary_large_image","twitter_misc":{"Estimated reading time":"2 minutes"},"schema":{"@context":"https:\/\/schema.org","@graph":[{"@type":"WebPage","@id":"https:\/\/projekt.vombat.ee\/eco\/fi\/myym%C3%A4l%C3%A4\/sahkopyorat\/sahkomaastopyora\/lovelec-alkor\/","url":"https:\/\/projekt.vombat.ee\/eco\/fi\/myym%C3%A4l%C3%A4\/sahkopyorat\/sahkomaastopyora\/lovelec-alkor\/","name":"LovElec Alkor, 90km - Ecocruiser","isPartOf":{"@id":"https:\/\/projekt.vombat.ee\/eco\/#website"},"primaryImageOfPage":{"@id":"https:\/\/projekt.vombat.ee\/eco\/fi\/myym%C3%A4l%C3%A4\/sahkopyorat\/sahkomaastopyora\/lovelec-alkor\/#primaryimage"},"image":{"@id":"https:\/\/projekt.vombat.ee\/eco\/fi\/myym%C3%A4l%C3%A4\/sahkopyorat\/sahkomaastopyora\/lovelec-alkor\/#primaryimage"},"thumbnailUrl":"https:\/\/projekt.vombat.ee\/eco\/wp-content\/uploads\/2023\/03\/LovElec-Alkor-19.png","datePublished":"2023-03-26T15:40:11+00:00","dateModified":"2023-03-26T15:41:12+00:00","description":"LovElec Alkor esittelee uuden k\u00e4ytt\u00e4j\u00e4n t\u00e4ydellisesti s\u00e4hk\u00f6py\u00f6rien maailmaan. Modernin rungon ansiosta se t\u00e4ytt\u00e4\u00e4 hyv\u00e4\u00e4 muotoilua arvostavan ihmisten odotukset. Alkor on tarjous ihmisille, jotka haluavat s\u00e4hk\u00f6py\u00f6r\u00e4n kohtuulliseen hintaan.","breadcrumb":{"@id":"https:\/\/projekt.vombat.ee\/eco\/fi\/myym%C3%A4l%C3%A4\/sahkopyorat\/sahkomaastopyora\/lovelec-alkor\/#breadcrumb"},"inLanguage":"en-GB","potentialAction":[{"@type":"ReadAction","target":["https:\/\/projekt.vombat.ee\/eco\/fi\/myym%C3%A4l%C3%A4\/sahkopyorat\/sahkomaastopyora\/lovelec-alkor\/"]}]},{"@type":"ImageObject","inLanguage":"en-GB","@id":"https:\/\/projekt.vombat.ee\/eco\/fi\/myym%C3%A4l%C3%A4\/sahkopyorat\/sahkomaastopyora\/lovelec-alkor\/#primaryimage","url":"https:\/\/projekt.vombat.ee\/eco\/wp-content\/uploads\/2023\/03\/LovElec-Alkor-19.png","contentUrl":"https:\/\/projekt.vombat.ee\/eco\/wp-content\/uploads\/2023\/03\/LovElec-Alkor-19.png","width":1000,"height":1000,"caption":"LovElec Alkor 19\u201d"},{"@type":"BreadcrumbList","@id":"https:\/\/projekt.vombat.ee\/eco\/fi\/myym%C3%A4l%C3%A4\/sahkopyorat\/sahkomaastopyora\/lovelec-alkor\/#breadcrumb","itemListElement":[{"@type":"ListItem","position":1,"name":"Home","item":"https:\/\/projekt.vombat.ee\/eco\/"},{"@type":"ListItem","position":2,"name":"Pood","item":"https:\/\/projekt.vombat.ee\/eco\/pood\/"},{"@type":"ListItem","position":3,"name":"LovElec Alkor, 90km"}]},{"@type":"WebSite","@id":"https:\/\/projekt.vombat.ee\/eco\/#website","url":"https:\/\/projekt.vombat.ee\/eco\/","name":"Ecocruiser","description":"","publisher":{"@id":"https:\/\/projekt.vombat.ee\/eco\/#organization"},"potentialAction":[{"@type":"SearchAction","target":{"@type":"EntryPoint","urlTemplate":"https:\/\/projekt.vombat.ee\/eco\/?s={search_term_string}"},"query-input":{"@type":"PropertyValueSpecification","valueRequired":true,"valueName":"search_term_string"}}],"inLanguage":"en-GB"},{"@type":"Organization","@id":"https:\/\/projekt.vombat.ee\/eco\/#organization","name":"Ecocruiser","url":"https:\/\/projekt.vombat.ee\/eco\/","logo":{"@type":"ImageObject","inLanguage":"en-GB","@id":"https:\/\/projekt.vombat.ee\/eco\/#\/schema\/logo\/image\/","url":"https:\/\/projekt.vombat.ee\/eco\/wp-content\/uploads\/2023\/03\/ECOCRUISER_5.png","contentUrl":"https:\/\/projekt.vombat.ee\/eco\/wp-content\/uploads\/2023\/03\/ECOCRUISER_5.png","width":234,"height":91,"caption":"Ecocruiser"},"image":{"@id":"https:\/\/projekt.vombat.ee\/eco\/#\/schema\/logo\/image\/"}}]}},"lang":"fi","translations":{"fi":7426,"ru":5192,"et":2451},"pll_sync_post":[],"_links":{"self":[{"href":"https:\/\/projekt.vombat.ee\/eco\/wp-json\/wp\/v2\/product\/7426"}],"collection":[{"href":"https:\/\/projekt.vombat.ee\/eco\/wp-json\/wp\/v2\/product"}],"about":[{"href":"https:\/\/projekt.vombat.ee\/eco\/wp-json\/wp\/v2\/types\/product"}],"version-history":[{"count":2,"href":"https:\/\/projekt.vombat.ee\/eco\/wp-json\/wp\/v2\/product\/7426\/revisions"}],"predecessor-version":[{"id":7435,"href":"https:\/\/projekt.vombat.ee\/eco\/wp-json\/wp\/v2\/product\/7426\/revisions\/7435"}],"wp:featuredmedia":[{"embeddable":true,"href":"https:\/\/projekt.vombat.ee\/eco\/wp-json\/wp\/v2\/media\/7427"}],"wp:attachment":[{"href":"https:\/\/projekt.vombat.ee\/eco\/wp-json\/wp\/v2\/media?parent=7426"}],"wp:term":[{"taxonomy":"product_cat","embeddable":true,"href":"https:\/\/projekt.vombat.ee\/eco\/wp-json\/wp\/v2\/product_cat?post=7426"},{"taxonomy":"product_tag","embeddable":true,"href":"https:\/\/projekt.vombat.ee\/eco\/wp-json\/wp\/v2\/product_tag?post=7426"}],"curies":[{"name":"wp","href":"https:\/\/api.w.org\/{rel}","templated":true}]}}