{"id":7416,"date":"2023-03-26T15:35:16","date_gmt":"2023-03-26T15:35:16","guid":{"rendered":"https:\/\/projekt.vombat.ee\/eco\/?post_type=product&#038;p=7416"},"modified":"2023-03-26T15:36:33","modified_gmt":"2023-03-26T15:36:33","slug":"lovelec-atik-19-110-km","status":"publish","type":"product","link":"https:\/\/projekt.vombat.ee\/eco\/fi\/myym%C3%A4l%C3%A4\/sahkopyorat\/sahkomaastopyora\/lovelec-atik-19-110-km\/","title":{"rendered":"LovElec Atik 19&#8221;, 110 km"},"content":{"rendered":"<h1>LovElec Atik s\u00e4hk\u00f6inen maastopy\u00f6r\u00e4<\/h1>\n<p>LovElec Atik s\u00e4hk\u00f6py\u00f6r\u00e4 on varustettu nykyaikaisella vetoj\u00e4rjestelm\u00e4ll\u00e4, jota k\u00e4ytettiin aiemmin vain premium-py\u00f6riss\u00e4. Tehokas moottori ja laadukkaat polkupy\u00f6r\u00e4n tarvikkeet takaavat uskomattoman ajomukavuuden ja unohtumattoman kokemuksen.<\/p>\n<p>Suuren LCD-n\u00e4yt\u00f6n avulla voit vaihtaa tukitiloja 6 tasolla, mik\u00e4 parantaa nopeaa ajokokemusta.<\/p>\n<p>&nbsp;<\/p>\n<h3>Tiedot<\/h3>\n<p>Runko: 19&#8221;, alumiini (6061)<\/p>\n<p>Py\u00f6r\u00e4t: 29&#8221;<\/p>\n<p>Laturi: 42 V, 2 A, latausaika 4-6 tuntia<\/p>\n<p>Haarukka: Suntour XCE, jousitus, s\u00e4\u00e4dett\u00e4v\u00e4, vaihdev\u00e4li 100 mm<\/p>\n<p>Silta: Promax<\/p>\n<p>Ohjaustanko: Promax, 720 mm<\/p>\n<p>Vaihde: Shimano Altus<\/p>\n<p>Takavaihtaja: Shimano Altus, 8 vaihdetta<\/p>\n<p>Etuvaihtaja: Shimano Altus, 3 vaihdetta<\/p>\n<p>Hammaspy\u00f6r\u00e4: 42-34-24T<\/p>\n<p>Kammet: Shimano, 170 mm<\/p>\n<p>Jarrut: levy, hydrauliset, 160 mm<\/p>\n<p>Polkimet: muovia, heijastimilla<\/p>\n<p>Vanteet: alumiinia, kaksisein\u00e4iset<\/p>\n<p>Keskitin: Modus<\/p>\n<p>Renkaat: CST All Terrains, 29 \u00d7 2,35<\/p>\n<p>Pinnat: ter\u00e4st\u00e4, korroosionesto<\/p>\n<p>Ketju: KMC, Z8.3<\/p>\n<p>Ketjupy\u00f6r\u00e4n kansi: Kyll\u00e4<\/p>\n<p>Tukipaneeli: vedenpit\u00e4v\u00e4, LED<\/p>\n","protected":false},"excerpt":{"rendered":"<p><strong>LovElec Atik<\/strong><\/p>\n<p>Huippunopeus: 25 km\/h<br \/>\nAjomatka yhdell\u00e4 latauksella: 110 km<br \/>\nMaksimikuorma: 140 kg<br \/>\nPy\u00f6r\u00e4n paino: 17 kg (+ 2,5 kg akku)<br \/>\nAkku: Lithium-ion, 13 Ah (468 Wh)<br \/>\nMoottori: 36V, 250W \/ 500W<\/p>\n<p>&nbsp;<\/p>\n<p>\u2666 Toimitusaika 3-8 p\u00e4iv\u00e4\u00e4<br \/>\n\u2666 Varastossa<\/p>\n","protected":false},"featured_media":7417,"template":"","meta":[],"product_cat":[985,979],"product_tag":[],"class_list":{"0":"post-7416","1":"product","2":"type-product","3":"status-publish","4":"has-post-thumbnail","6":"product_cat-sahkomaastopyora","7":"product_cat-sahkopyorat","8":"product_shipping_class-suured-pakid","10":"first","11":"instock","12":"sale","13":"taxable","14":"shipping-taxable","15":"purchasable","16":"product-type-simple"},"yoast_head":"<!-- This site is optimized with the Yoast SEO plugin v23.8 - https:\/\/yoast.com\/wordpress\/plugins\/seo\/ -->\n<title>LovElec Atik 19&#039;&#039;, 110 km - Ecocruiser<\/title>\n<meta name=\"description\" content=\"S\u00e4hk\u00f6py\u00f6r\u00e4 LovElec Atikin tehokas moottori ja laadukkaat polkupy\u00f6r\u00e4tarvikkeet takaavat uskomattoman ajomukavuuden ja unohtumattoman kokemuksen.\" \/>\n<meta name=\"robots\" content=\"noindex, follow, max-snippet:-1, max-image-preview:large, max-video-preview:-1\" \/>\n<meta property=\"og:locale\" content=\"en_GB\" \/>\n<meta property=\"og:type\" content=\"article\" \/>\n<meta property=\"og:title\" content=\"LovElec Atik 19&#039;&#039;, 110 km - Ecocruiser\" \/>\n<meta property=\"og:description\" content=\"S\u00e4hk\u00f6py\u00f6r\u00e4 LovElec Atikin tehokas moottori ja laadukkaat polkupy\u00f6r\u00e4tarvikkeet takaavat uskomattoman ajomukavuuden ja unohtumattoman kokemuksen.\" \/>\n<meta property=\"og:url\" content=\"https:\/\/projekt.vombat.ee\/eco\/fi\/myym\u00e4l\u00e4\/sahkopyorat\/sahkomaastopyora\/lovelec-atik-19-110-km\/\" \/>\n<meta property=\"og:site_name\" content=\"Ecocruiser\" \/>\n<meta property=\"article:modified_time\" content=\"2023-03-26T15:36:33+00:00\" \/>\n<meta property=\"og:image\" content=\"https:\/\/projekt.vombat.ee\/eco\/wp-content\/uploads\/2023\/03\/LovElec-Atik.png\" \/>\n\t<meta property=\"og:image:width\" content=\"1000\" \/>\n\t<meta property=\"og:image:height\" content=\"1000\" \/>\n\t<meta property=\"og:image:type\" content=\"image\/png\" \/>\n<meta name=\"twitter:card\" content=\"summary_large_image\" \/>\n<meta name=\"twitter:label1\" content=\"Estimated reading time\" \/>\n\t<meta name=\"twitter:data1\" content=\"1 minute\" \/>\n<script type=\"application\/ld+json\" class=\"yoast-schema-graph\">{\"@context\":\"https:\/\/schema.org\",\"@graph\":[{\"@type\":\"WebPage\",\"@id\":\"https:\/\/projekt.vombat.ee\/eco\/fi\/myym%C3%A4l%C3%A4\/sahkopyorat\/sahkomaastopyora\/lovelec-atik-19-110-km\/\",\"url\":\"https:\/\/projekt.vombat.ee\/eco\/fi\/myym%C3%A4l%C3%A4\/sahkopyorat\/sahkomaastopyora\/lovelec-atik-19-110-km\/\",\"name\":\"LovElec Atik 19'', 110 km - Ecocruiser\",\"isPartOf\":{\"@id\":\"https:\/\/projekt.vombat.ee\/eco\/#website\"},\"primaryImageOfPage\":{\"@id\":\"https:\/\/projekt.vombat.ee\/eco\/fi\/myym%C3%A4l%C3%A4\/sahkopyorat\/sahkomaastopyora\/lovelec-atik-19-110-km\/#primaryimage\"},\"image\":{\"@id\":\"https:\/\/projekt.vombat.ee\/eco\/fi\/myym%C3%A4l%C3%A4\/sahkopyorat\/sahkomaastopyora\/lovelec-atik-19-110-km\/#primaryimage\"},\"thumbnailUrl\":\"https:\/\/projekt.vombat.ee\/eco\/wp-content\/uploads\/2023\/03\/LovElec-Atik.png\",\"datePublished\":\"2023-03-26T15:35:16+00:00\",\"dateModified\":\"2023-03-26T15:36:33+00:00\",\"description\":\"S\u00e4hk\u00f6py\u00f6r\u00e4 LovElec Atikin tehokas moottori ja laadukkaat polkupy\u00f6r\u00e4tarvikkeet takaavat uskomattoman ajomukavuuden ja unohtumattoman kokemuksen.\",\"breadcrumb\":{\"@id\":\"https:\/\/projekt.vombat.ee\/eco\/fi\/myym%C3%A4l%C3%A4\/sahkopyorat\/sahkomaastopyora\/lovelec-atik-19-110-km\/#breadcrumb\"},\"inLanguage\":\"en-GB\",\"potentialAction\":[{\"@type\":\"ReadAction\",\"target\":[\"https:\/\/projekt.vombat.ee\/eco\/fi\/myym%C3%A4l%C3%A4\/sahkopyorat\/sahkomaastopyora\/lovelec-atik-19-110-km\/\"]}]},{\"@type\":\"ImageObject\",\"inLanguage\":\"en-GB\",\"@id\":\"https:\/\/projekt.vombat.ee\/eco\/fi\/myym%C3%A4l%C3%A4\/sahkopyorat\/sahkomaastopyora\/lovelec-atik-19-110-km\/#primaryimage\",\"url\":\"https:\/\/projekt.vombat.ee\/eco\/wp-content\/uploads\/2023\/03\/LovElec-Atik.png\",\"contentUrl\":\"https:\/\/projekt.vombat.ee\/eco\/wp-content\/uploads\/2023\/03\/LovElec-Atik.png\",\"width\":1000,\"height\":1000,\"caption\":\"LovElec Atik\"},{\"@type\":\"BreadcrumbList\",\"@id\":\"https:\/\/projekt.vombat.ee\/eco\/fi\/myym%C3%A4l%C3%A4\/sahkopyorat\/sahkomaastopyora\/lovelec-atik-19-110-km\/#breadcrumb\",\"itemListElement\":[{\"@type\":\"ListItem\",\"position\":1,\"name\":\"Home\",\"item\":\"https:\/\/projekt.vombat.ee\/eco\/\"},{\"@type\":\"ListItem\",\"position\":2,\"name\":\"Pood\",\"item\":\"https:\/\/projekt.vombat.ee\/eco\/pood\/\"},{\"@type\":\"ListItem\",\"position\":3,\"name\":\"LovElec Atik 19&#8221;, 110 km\"}]},{\"@type\":\"WebSite\",\"@id\":\"https:\/\/projekt.vombat.ee\/eco\/#website\",\"url\":\"https:\/\/projekt.vombat.ee\/eco\/\",\"name\":\"Ecocruiser\",\"description\":\"\",\"publisher\":{\"@id\":\"https:\/\/projekt.vombat.ee\/eco\/#organization\"},\"potentialAction\":[{\"@type\":\"SearchAction\",\"target\":{\"@type\":\"EntryPoint\",\"urlTemplate\":\"https:\/\/projekt.vombat.ee\/eco\/?s={search_term_string}\"},\"query-input\":{\"@type\":\"PropertyValueSpecification\",\"valueRequired\":true,\"valueName\":\"search_term_string\"}}],\"inLanguage\":\"en-GB\"},{\"@type\":\"Organization\",\"@id\":\"https:\/\/projekt.vombat.ee\/eco\/#organization\",\"name\":\"Ecocruiser\",\"url\":\"https:\/\/projekt.vombat.ee\/eco\/\",\"logo\":{\"@type\":\"ImageObject\",\"inLanguage\":\"en-GB\",\"@id\":\"https:\/\/projekt.vombat.ee\/eco\/#\/schema\/logo\/image\/\",\"url\":\"https:\/\/projekt.vombat.ee\/eco\/wp-content\/uploads\/2023\/03\/ECOCRUISER_5.png\",\"contentUrl\":\"https:\/\/projekt.vombat.ee\/eco\/wp-content\/uploads\/2023\/03\/ECOCRUISER_5.png\",\"width\":234,\"height\":91,\"caption\":\"Ecocruiser\"},\"image\":{\"@id\":\"https:\/\/projekt.vombat.ee\/eco\/#\/schema\/logo\/image\/\"}}]}<\/script>\n<!-- \/ Yoast SEO plugin. -->","yoast_head_json":{"title":"LovElec Atik 19'', 110 km - Ecocruiser","description":"S\u00e4hk\u00f6py\u00f6r\u00e4 LovElec Atikin tehokas moottori ja laadukkaat polkupy\u00f6r\u00e4tarvikkeet takaavat uskomattoman ajomukavuuden ja unohtumattoman kokemuksen.","robots":{"index":"noindex","follow":"follow","max-snippet":"max-snippet:-1","max-image-preview":"max-image-preview:large","max-video-preview":"max-video-preview:-1"},"og_locale":"en_GB","og_type":"article","og_title":"LovElec Atik 19'', 110 km - Ecocruiser","og_description":"S\u00e4hk\u00f6py\u00f6r\u00e4 LovElec Atikin tehokas moottori ja laadukkaat polkupy\u00f6r\u00e4tarvikkeet takaavat uskomattoman ajomukavuuden ja unohtumattoman kokemuksen.","og_url":"https:\/\/projekt.vombat.ee\/eco\/fi\/myym\u00e4l\u00e4\/sahkopyorat\/sahkomaastopyora\/lovelec-atik-19-110-km\/","og_site_name":"Ecocruiser","article_modified_time":"2023-03-26T15:36:33+00:00","og_image":[{"width":1000,"height":1000,"url":"https:\/\/projekt.vombat.ee\/eco\/wp-content\/uploads\/2023\/03\/LovElec-Atik.png","type":"image\/png"}],"twitter_card":"summary_large_image","twitter_misc":{"Estimated reading time":"1 minute"},"schema":{"@context":"https:\/\/schema.org","@graph":[{"@type":"WebPage","@id":"https:\/\/projekt.vombat.ee\/eco\/fi\/myym%C3%A4l%C3%A4\/sahkopyorat\/sahkomaastopyora\/lovelec-atik-19-110-km\/","url":"https:\/\/projekt.vombat.ee\/eco\/fi\/myym%C3%A4l%C3%A4\/sahkopyorat\/sahkomaastopyora\/lovelec-atik-19-110-km\/","name":"LovElec Atik 19'', 110 km - Ecocruiser","isPartOf":{"@id":"https:\/\/projekt.vombat.ee\/eco\/#website"},"primaryImageOfPage":{"@id":"https:\/\/projekt.vombat.ee\/eco\/fi\/myym%C3%A4l%C3%A4\/sahkopyorat\/sahkomaastopyora\/lovelec-atik-19-110-km\/#primaryimage"},"image":{"@id":"https:\/\/projekt.vombat.ee\/eco\/fi\/myym%C3%A4l%C3%A4\/sahkopyorat\/sahkomaastopyora\/lovelec-atik-19-110-km\/#primaryimage"},"thumbnailUrl":"https:\/\/projekt.vombat.ee\/eco\/wp-content\/uploads\/2023\/03\/LovElec-Atik.png","datePublished":"2023-03-26T15:35:16+00:00","dateModified":"2023-03-26T15:36:33+00:00","description":"S\u00e4hk\u00f6py\u00f6r\u00e4 LovElec Atikin tehokas moottori ja laadukkaat polkupy\u00f6r\u00e4tarvikkeet takaavat uskomattoman ajomukavuuden ja unohtumattoman kokemuksen.","breadcrumb":{"@id":"https:\/\/projekt.vombat.ee\/eco\/fi\/myym%C3%A4l%C3%A4\/sahkopyorat\/sahkomaastopyora\/lovelec-atik-19-110-km\/#breadcrumb"},"inLanguage":"en-GB","potentialAction":[{"@type":"ReadAction","target":["https:\/\/projekt.vombat.ee\/eco\/fi\/myym%C3%A4l%C3%A4\/sahkopyorat\/sahkomaastopyora\/lovelec-atik-19-110-km\/"]}]},{"@type":"ImageObject","inLanguage":"en-GB","@id":"https:\/\/projekt.vombat.ee\/eco\/fi\/myym%C3%A4l%C3%A4\/sahkopyorat\/sahkomaastopyora\/lovelec-atik-19-110-km\/#primaryimage","url":"https:\/\/projekt.vombat.ee\/eco\/wp-content\/uploads\/2023\/03\/LovElec-Atik.png","contentUrl":"https:\/\/projekt.vombat.ee\/eco\/wp-content\/uploads\/2023\/03\/LovElec-Atik.png","width":1000,"height":1000,"caption":"LovElec Atik"},{"@type":"BreadcrumbList","@id":"https:\/\/projekt.vombat.ee\/eco\/fi\/myym%C3%A4l%C3%A4\/sahkopyorat\/sahkomaastopyora\/lovelec-atik-19-110-km\/#breadcrumb","itemListElement":[{"@type":"ListItem","position":1,"name":"Home","item":"https:\/\/projekt.vombat.ee\/eco\/"},{"@type":"ListItem","position":2,"name":"Pood","item":"https:\/\/projekt.vombat.ee\/eco\/pood\/"},{"@type":"ListItem","position":3,"name":"LovElec Atik 19&#8221;, 110 km"}]},{"@type":"WebSite","@id":"https:\/\/projekt.vombat.ee\/eco\/#website","url":"https:\/\/projekt.vombat.ee\/eco\/","name":"Ecocruiser","description":"","publisher":{"@id":"https:\/\/projekt.vombat.ee\/eco\/#organization"},"potentialAction":[{"@type":"SearchAction","target":{"@type":"EntryPoint","urlTemplate":"https:\/\/projekt.vombat.ee\/eco\/?s={search_term_string}"},"query-input":{"@type":"PropertyValueSpecification","valueRequired":true,"valueName":"search_term_string"}}],"inLanguage":"en-GB"},{"@type":"Organization","@id":"https:\/\/projekt.vombat.ee\/eco\/#organization","name":"Ecocruiser","url":"https:\/\/projekt.vombat.ee\/eco\/","logo":{"@type":"ImageObject","inLanguage":"en-GB","@id":"https:\/\/projekt.vombat.ee\/eco\/#\/schema\/logo\/image\/","url":"https:\/\/projekt.vombat.ee\/eco\/wp-content\/uploads\/2023\/03\/ECOCRUISER_5.png","contentUrl":"https:\/\/projekt.vombat.ee\/eco\/wp-content\/uploads\/2023\/03\/ECOCRUISER_5.png","width":234,"height":91,"caption":"Ecocruiser"},"image":{"@id":"https:\/\/projekt.vombat.ee\/eco\/#\/schema\/logo\/image\/"}}]}},"lang":"fi","translations":{"fi":7416,"ru":5194,"et":2439},"pll_sync_post":[],"_links":{"self":[{"href":"https:\/\/projekt.vombat.ee\/eco\/wp-json\/wp\/v2\/product\/7416"}],"collection":[{"href":"https:\/\/projekt.vombat.ee\/eco\/wp-json\/wp\/v2\/product"}],"about":[{"href":"https:\/\/projekt.vombat.ee\/eco\/wp-json\/wp\/v2\/types\/product"}],"version-history":[{"count":2,"href":"https:\/\/projekt.vombat.ee\/eco\/wp-json\/wp\/v2\/product\/7416\/revisions"}],"predecessor-version":[{"id":7425,"href":"https:\/\/projekt.vombat.ee\/eco\/wp-json\/wp\/v2\/product\/7416\/revisions\/7425"}],"wp:featuredmedia":[{"embeddable":true,"href":"https:\/\/projekt.vombat.ee\/eco\/wp-json\/wp\/v2\/media\/7417"}],"wp:attachment":[{"href":"https:\/\/projekt.vombat.ee\/eco\/wp-json\/wp\/v2\/media?parent=7416"}],"wp:term":[{"taxonomy":"product_cat","embeddable":true,"href":"https:\/\/projekt.vombat.ee\/eco\/wp-json\/wp\/v2\/product_cat?post=7416"},{"taxonomy":"product_tag","embeddable":true,"href":"https:\/\/projekt.vombat.ee\/eco\/wp-json\/wp\/v2\/product_tag?post=7416"}],"curies":[{"name":"wp","href":"https:\/\/api.w.org\/{rel}","templated":true}]}}