{"id":7408,"date":"2023-03-26T14:40:20","date_gmt":"2023-03-26T14:40:20","guid":{"rendered":"https:\/\/projekt.vombat.ee\/eco\/?post_type=product&#038;p=7408"},"modified":"2023-03-26T14:40:21","modified_gmt":"2023-03-26T14:40:21","slug":"ecobike-traffic-90-km","status":"publish","type":"product","link":"https:\/\/projekt.vombat.ee\/eco\/fi\/myym%C3%A4l%C3%A4\/sahkopyorat\/sahkokaupunkipyorat\/ecobike-traffic-90-km\/","title":{"rendered":"EcoBike Traffic, 90 km"},"content":{"rendered":"<h1>EcoBike Traffic<\/h1>\n<ul>\n<li>EcoBike Traffic on suunniteltu vaativimmalle kaupunkiajon asiantuntijalle. LCD-n\u00e4yt\u00f6ll\u00e4 varustettu versio, joka tarjoaa paljon laajemman valikoiman lis\u00e4kokoonpanoja ja paljon hy\u00f6dyllist\u00e4 tietoa. K\u00e4ytt\u00e4j\u00e4ll\u00e4 on k\u00e4yt\u00f6ss\u00e4\u00e4n USB-portti, joka mahdollistaa esimerkiksi \u00e4lypuhelimen lataamisen.<\/li>\n<li>EcoBike Trafficin avulla voit ajaa jopa 35 km\/h ilman polkimia (rajoittimen vapauttamisen j\u00e4lkeen).<\/li>\n<li>Py\u00f6r\u00e4n teho ilmaistaan \u200b\u200bsuurimmassa nopeudessa, johon asti moottori auttaa ajamaan. S\u00e4hk\u00f6py\u00f6r\u00e4\u00e4n on valittavissa moottorin teho, jonka avulla voit kiihdytt\u00e4\u00e4 jopa 25, 35 tai 45 km\/h &#8211; maan liikennes\u00e4\u00e4nn\u00f6ist\u00e4 riippuen<\/li>\n<\/ul>\n<p>&nbsp;<\/p>\n<h3>Tiedot<\/h3>\n<p>Moottorin merkki: Bafang<br \/>\nTeho: 250 W (max 560 W)<br \/>\nV\u00e4\u00e4nt\u00f6: 45 Nm<br \/>\nKiinnitys: takapy\u00f6r\u00e4<br \/>\nNopeus Max. 35 km\/h<br \/>\nJ\u00e4nnite: 36V<\/p>\n<p>Py\u00f6r\u00e4n paino: 22,2 kg<br \/>\nJ\u00e4rjestelm\u00e4: LED-paneeli &#8211; 3 ajoavustintilaa + valopainike<br \/>\nRunko: 19 tuumaa alumiinia<br \/>\nPy\u00f6r\u00e4: STARS, 28&#8243; kolmikammiovanteet<br \/>\nRenkaat: Wanda 28 x 1,75<br \/>\nKampi: PROWHEEL PRO-A42 \/ 42T \/ 170mm<br \/>\nVaihteet: Shimano Altus &#8211; 7 vaihdetta<br \/>\nJarrut: Promax TX117<br \/>\nVaihteet: Revoshift Shimano SL-RS35-7R<br \/>\nOhjaustanko: PROMAX HB-T320 (25.4mm \/ 600mm)<br \/>\nOhjaustangon tolppa: PROMAX MQ-525<br \/>\nTuki: Feimin FP-B902W (68 * 124mm) &#8211; BSA-kierre<br \/>\nSatula: Selle Royal Lookin Basic-A230<br \/>\nValaistus: Spaninga RL1900XE, Spaninga KENDO XE<\/p>\n","protected":false},"excerpt":{"rendered":"<p><strong>EcoBike Traffic<\/strong><\/p>\n<ul>\n<li>Sopii 170-195 cm pituiselle henkil\u00f6lle<\/li>\n<li>Moottorin teho 250 W (max 560 W)<\/li>\n<li>Ajomatka 50-90 km<\/li>\n<li>Latausaika 4h<\/li>\n<li>Maksimikuorma 120 kg<\/li>\n<li>Akku: 36V 10,4Ah<\/li>\n<\/ul>\n<p>&nbsp;<\/p>\n<p>\u2666 Toimitusaika 3-8 p\u00e4iv\u00e4\u00e4<br \/>\n\u2666 Varastossa<\/p>\n","protected":false},"featured_media":7409,"template":"","meta":[],"product_cat":[983,979],"product_tag":[],"class_list":{"0":"post-7408","1":"product","2":"type-product","3":"status-publish","4":"has-post-thumbnail","6":"product_cat-sahkokaupunkipyorat","7":"product_cat-sahkopyorat","9":"first","10":"instock","11":"taxable","12":"shipping-taxable","13":"purchasable","14":"product-type-simple"},"yoast_head":"<!-- This site is optimized with the Yoast SEO plugin v23.8 - https:\/\/yoast.com\/wordpress\/plugins\/seo\/ -->\n<title>EcoBike Traffic, 90 km - Ecocruiser<\/title>\n<meta name=\"description\" content=\"EcoBike Trafficin avulla voit ajaa jopa 35 km\/h ilman polkimia (rajoittimen vapauttamisen j\u00e4lkeen). EcoBike Traffic on suunniteltu vaativimmalle kaupunkiajon asiantuntijalle. LCD-n\u00e4yt\u00f6ll\u00e4 varustettu versio, joka tarjoaa paljon laajemman valikoiman lis\u00e4kokoonpanoja ja paljon hy\u00f6dyllist\u00e4 tietoa.\" \/>\n<meta name=\"robots\" content=\"noindex, follow, max-snippet:-1, max-image-preview:large, max-video-preview:-1\" \/>\n<meta property=\"og:locale\" content=\"en_GB\" \/>\n<meta property=\"og:type\" content=\"article\" \/>\n<meta property=\"og:title\" content=\"EcoBike Traffic, 90 km - Ecocruiser\" \/>\n<meta property=\"og:description\" content=\"EcoBike Trafficin avulla voit ajaa jopa 35 km\/h ilman polkimia (rajoittimen vapauttamisen j\u00e4lkeen). EcoBike Traffic on suunniteltu vaativimmalle kaupunkiajon asiantuntijalle. LCD-n\u00e4yt\u00f6ll\u00e4 varustettu versio, joka tarjoaa paljon laajemman valikoiman lis\u00e4kokoonpanoja ja paljon hy\u00f6dyllist\u00e4 tietoa.\" \/>\n<meta property=\"og:url\" content=\"https:\/\/projekt.vombat.ee\/eco\/fi\/myym\u00e4l\u00e4\/sahkopyorat\/sahkokaupunkipyorat\/ecobike-traffic-90-km\/\" \/>\n<meta property=\"og:site_name\" content=\"Ecocruiser\" \/>\n<meta property=\"article:modified_time\" content=\"2023-03-26T14:40:21+00:00\" \/>\n<meta property=\"og:image\" content=\"https:\/\/projekt.vombat.ee\/eco\/wp-content\/uploads\/2023\/03\/EcoBike-Traffic.png\" \/>\n\t<meta property=\"og:image:width\" content=\"1000\" \/>\n\t<meta property=\"og:image:height\" content=\"1000\" \/>\n\t<meta property=\"og:image:type\" content=\"image\/png\" \/>\n<meta name=\"twitter:card\" content=\"summary_large_image\" \/>\n<meta name=\"twitter:label1\" content=\"Estimated reading time\" \/>\n\t<meta name=\"twitter:data1\" content=\"1 minute\" \/>\n<script type=\"application\/ld+json\" class=\"yoast-schema-graph\">{\"@context\":\"https:\/\/schema.org\",\"@graph\":[{\"@type\":\"WebPage\",\"@id\":\"https:\/\/projekt.vombat.ee\/eco\/fi\/myym%C3%A4l%C3%A4\/sahkopyorat\/sahkokaupunkipyorat\/ecobike-traffic-90-km\/\",\"url\":\"https:\/\/projekt.vombat.ee\/eco\/fi\/myym%C3%A4l%C3%A4\/sahkopyorat\/sahkokaupunkipyorat\/ecobike-traffic-90-km\/\",\"name\":\"EcoBike Traffic, 90 km - Ecocruiser\",\"isPartOf\":{\"@id\":\"https:\/\/projekt.vombat.ee\/eco\/#website\"},\"primaryImageOfPage\":{\"@id\":\"https:\/\/projekt.vombat.ee\/eco\/fi\/myym%C3%A4l%C3%A4\/sahkopyorat\/sahkokaupunkipyorat\/ecobike-traffic-90-km\/#primaryimage\"},\"image\":{\"@id\":\"https:\/\/projekt.vombat.ee\/eco\/fi\/myym%C3%A4l%C3%A4\/sahkopyorat\/sahkokaupunkipyorat\/ecobike-traffic-90-km\/#primaryimage\"},\"thumbnailUrl\":\"https:\/\/projekt.vombat.ee\/eco\/wp-content\/uploads\/2023\/03\/EcoBike-Traffic.png\",\"datePublished\":\"2023-03-26T14:40:20+00:00\",\"dateModified\":\"2023-03-26T14:40:21+00:00\",\"description\":\"EcoBike Trafficin avulla voit ajaa jopa 35 km\/h ilman polkimia (rajoittimen vapauttamisen j\u00e4lkeen). EcoBike Traffic on suunniteltu vaativimmalle kaupunkiajon asiantuntijalle. LCD-n\u00e4yt\u00f6ll\u00e4 varustettu versio, joka tarjoaa paljon laajemman valikoiman lis\u00e4kokoonpanoja ja paljon hy\u00f6dyllist\u00e4 tietoa.\",\"breadcrumb\":{\"@id\":\"https:\/\/projekt.vombat.ee\/eco\/fi\/myym%C3%A4l%C3%A4\/sahkopyorat\/sahkokaupunkipyorat\/ecobike-traffic-90-km\/#breadcrumb\"},\"inLanguage\":\"en-GB\",\"potentialAction\":[{\"@type\":\"ReadAction\",\"target\":[\"https:\/\/projekt.vombat.ee\/eco\/fi\/myym%C3%A4l%C3%A4\/sahkopyorat\/sahkokaupunkipyorat\/ecobike-traffic-90-km\/\"]}]},{\"@type\":\"ImageObject\",\"inLanguage\":\"en-GB\",\"@id\":\"https:\/\/projekt.vombat.ee\/eco\/fi\/myym%C3%A4l%C3%A4\/sahkopyorat\/sahkokaupunkipyorat\/ecobike-traffic-90-km\/#primaryimage\",\"url\":\"https:\/\/projekt.vombat.ee\/eco\/wp-content\/uploads\/2023\/03\/EcoBike-Traffic.png\",\"contentUrl\":\"https:\/\/projekt.vombat.ee\/eco\/wp-content\/uploads\/2023\/03\/EcoBike-Traffic.png\",\"width\":1000,\"height\":1000,\"caption\":\"EcoBike Traffic\"},{\"@type\":\"BreadcrumbList\",\"@id\":\"https:\/\/projekt.vombat.ee\/eco\/fi\/myym%C3%A4l%C3%A4\/sahkopyorat\/sahkokaupunkipyorat\/ecobike-traffic-90-km\/#breadcrumb\",\"itemListElement\":[{\"@type\":\"ListItem\",\"position\":1,\"name\":\"Home\",\"item\":\"https:\/\/projekt.vombat.ee\/eco\/\"},{\"@type\":\"ListItem\",\"position\":2,\"name\":\"Pood\",\"item\":\"https:\/\/projekt.vombat.ee\/eco\/pood\/\"},{\"@type\":\"ListItem\",\"position\":3,\"name\":\"EcoBike Traffic, 90 km\"}]},{\"@type\":\"WebSite\",\"@id\":\"https:\/\/projekt.vombat.ee\/eco\/#website\",\"url\":\"https:\/\/projekt.vombat.ee\/eco\/\",\"name\":\"Ecocruiser\",\"description\":\"\",\"publisher\":{\"@id\":\"https:\/\/projekt.vombat.ee\/eco\/#organization\"},\"potentialAction\":[{\"@type\":\"SearchAction\",\"target\":{\"@type\":\"EntryPoint\",\"urlTemplate\":\"https:\/\/projekt.vombat.ee\/eco\/?s={search_term_string}\"},\"query-input\":{\"@type\":\"PropertyValueSpecification\",\"valueRequired\":true,\"valueName\":\"search_term_string\"}}],\"inLanguage\":\"en-GB\"},{\"@type\":\"Organization\",\"@id\":\"https:\/\/projekt.vombat.ee\/eco\/#organization\",\"name\":\"Ecocruiser\",\"url\":\"https:\/\/projekt.vombat.ee\/eco\/\",\"logo\":{\"@type\":\"ImageObject\",\"inLanguage\":\"en-GB\",\"@id\":\"https:\/\/projekt.vombat.ee\/eco\/#\/schema\/logo\/image\/\",\"url\":\"https:\/\/projekt.vombat.ee\/eco\/wp-content\/uploads\/2023\/03\/ECOCRUISER_5.png\",\"contentUrl\":\"https:\/\/projekt.vombat.ee\/eco\/wp-content\/uploads\/2023\/03\/ECOCRUISER_5.png\",\"width\":234,\"height\":91,\"caption\":\"Ecocruiser\"},\"image\":{\"@id\":\"https:\/\/projekt.vombat.ee\/eco\/#\/schema\/logo\/image\/\"}}]}<\/script>\n<!-- \/ Yoast SEO plugin. -->","yoast_head_json":{"title":"EcoBike Traffic, 90 km - Ecocruiser","description":"EcoBike Trafficin avulla voit ajaa jopa 35 km\/h ilman polkimia (rajoittimen vapauttamisen j\u00e4lkeen). EcoBike Traffic on suunniteltu vaativimmalle kaupunkiajon asiantuntijalle. LCD-n\u00e4yt\u00f6ll\u00e4 varustettu versio, joka tarjoaa paljon laajemman valikoiman lis\u00e4kokoonpanoja ja paljon hy\u00f6dyllist\u00e4 tietoa.","robots":{"index":"noindex","follow":"follow","max-snippet":"max-snippet:-1","max-image-preview":"max-image-preview:large","max-video-preview":"max-video-preview:-1"},"og_locale":"en_GB","og_type":"article","og_title":"EcoBike Traffic, 90 km - Ecocruiser","og_description":"EcoBike Trafficin avulla voit ajaa jopa 35 km\/h ilman polkimia (rajoittimen vapauttamisen j\u00e4lkeen). EcoBike Traffic on suunniteltu vaativimmalle kaupunkiajon asiantuntijalle. LCD-n\u00e4yt\u00f6ll\u00e4 varustettu versio, joka tarjoaa paljon laajemman valikoiman lis\u00e4kokoonpanoja ja paljon hy\u00f6dyllist\u00e4 tietoa.","og_url":"https:\/\/projekt.vombat.ee\/eco\/fi\/myym\u00e4l\u00e4\/sahkopyorat\/sahkokaupunkipyorat\/ecobike-traffic-90-km\/","og_site_name":"Ecocruiser","article_modified_time":"2023-03-26T14:40:21+00:00","og_image":[{"width":1000,"height":1000,"url":"https:\/\/projekt.vombat.ee\/eco\/wp-content\/uploads\/2023\/03\/EcoBike-Traffic.png","type":"image\/png"}],"twitter_card":"summary_large_image","twitter_misc":{"Estimated reading time":"1 minute"},"schema":{"@context":"https:\/\/schema.org","@graph":[{"@type":"WebPage","@id":"https:\/\/projekt.vombat.ee\/eco\/fi\/myym%C3%A4l%C3%A4\/sahkopyorat\/sahkokaupunkipyorat\/ecobike-traffic-90-km\/","url":"https:\/\/projekt.vombat.ee\/eco\/fi\/myym%C3%A4l%C3%A4\/sahkopyorat\/sahkokaupunkipyorat\/ecobike-traffic-90-km\/","name":"EcoBike Traffic, 90 km - Ecocruiser","isPartOf":{"@id":"https:\/\/projekt.vombat.ee\/eco\/#website"},"primaryImageOfPage":{"@id":"https:\/\/projekt.vombat.ee\/eco\/fi\/myym%C3%A4l%C3%A4\/sahkopyorat\/sahkokaupunkipyorat\/ecobike-traffic-90-km\/#primaryimage"},"image":{"@id":"https:\/\/projekt.vombat.ee\/eco\/fi\/myym%C3%A4l%C3%A4\/sahkopyorat\/sahkokaupunkipyorat\/ecobike-traffic-90-km\/#primaryimage"},"thumbnailUrl":"https:\/\/projekt.vombat.ee\/eco\/wp-content\/uploads\/2023\/03\/EcoBike-Traffic.png","datePublished":"2023-03-26T14:40:20+00:00","dateModified":"2023-03-26T14:40:21+00:00","description":"EcoBike Trafficin avulla voit ajaa jopa 35 km\/h ilman polkimia (rajoittimen vapauttamisen j\u00e4lkeen). EcoBike Traffic on suunniteltu vaativimmalle kaupunkiajon asiantuntijalle. LCD-n\u00e4yt\u00f6ll\u00e4 varustettu versio, joka tarjoaa paljon laajemman valikoiman lis\u00e4kokoonpanoja ja paljon hy\u00f6dyllist\u00e4 tietoa.","breadcrumb":{"@id":"https:\/\/projekt.vombat.ee\/eco\/fi\/myym%C3%A4l%C3%A4\/sahkopyorat\/sahkokaupunkipyorat\/ecobike-traffic-90-km\/#breadcrumb"},"inLanguage":"en-GB","potentialAction":[{"@type":"ReadAction","target":["https:\/\/projekt.vombat.ee\/eco\/fi\/myym%C3%A4l%C3%A4\/sahkopyorat\/sahkokaupunkipyorat\/ecobike-traffic-90-km\/"]}]},{"@type":"ImageObject","inLanguage":"en-GB","@id":"https:\/\/projekt.vombat.ee\/eco\/fi\/myym%C3%A4l%C3%A4\/sahkopyorat\/sahkokaupunkipyorat\/ecobike-traffic-90-km\/#primaryimage","url":"https:\/\/projekt.vombat.ee\/eco\/wp-content\/uploads\/2023\/03\/EcoBike-Traffic.png","contentUrl":"https:\/\/projekt.vombat.ee\/eco\/wp-content\/uploads\/2023\/03\/EcoBike-Traffic.png","width":1000,"height":1000,"caption":"EcoBike Traffic"},{"@type":"BreadcrumbList","@id":"https:\/\/projekt.vombat.ee\/eco\/fi\/myym%C3%A4l%C3%A4\/sahkopyorat\/sahkokaupunkipyorat\/ecobike-traffic-90-km\/#breadcrumb","itemListElement":[{"@type":"ListItem","position":1,"name":"Home","item":"https:\/\/projekt.vombat.ee\/eco\/"},{"@type":"ListItem","position":2,"name":"Pood","item":"https:\/\/projekt.vombat.ee\/eco\/pood\/"},{"@type":"ListItem","position":3,"name":"EcoBike Traffic, 90 km"}]},{"@type":"WebSite","@id":"https:\/\/projekt.vombat.ee\/eco\/#website","url":"https:\/\/projekt.vombat.ee\/eco\/","name":"Ecocruiser","description":"","publisher":{"@id":"https:\/\/projekt.vombat.ee\/eco\/#organization"},"potentialAction":[{"@type":"SearchAction","target":{"@type":"EntryPoint","urlTemplate":"https:\/\/projekt.vombat.ee\/eco\/?s={search_term_string}"},"query-input":{"@type":"PropertyValueSpecification","valueRequired":true,"valueName":"search_term_string"}}],"inLanguage":"en-GB"},{"@type":"Organization","@id":"https:\/\/projekt.vombat.ee\/eco\/#organization","name":"Ecocruiser","url":"https:\/\/projekt.vombat.ee\/eco\/","logo":{"@type":"ImageObject","inLanguage":"en-GB","@id":"https:\/\/projekt.vombat.ee\/eco\/#\/schema\/logo\/image\/","url":"https:\/\/projekt.vombat.ee\/eco\/wp-content\/uploads\/2023\/03\/ECOCRUISER_5.png","contentUrl":"https:\/\/projekt.vombat.ee\/eco\/wp-content\/uploads\/2023\/03\/ECOCRUISER_5.png","width":234,"height":91,"caption":"Ecocruiser"},"image":{"@id":"https:\/\/projekt.vombat.ee\/eco\/#\/schema\/logo\/image\/"}}]}},"lang":"fi","translations":{"fi":7408},"pll_sync_post":[],"_links":{"self":[{"href":"https:\/\/projekt.vombat.ee\/eco\/wp-json\/wp\/v2\/product\/7408"}],"collection":[{"href":"https:\/\/projekt.vombat.ee\/eco\/wp-json\/wp\/v2\/product"}],"about":[{"href":"https:\/\/projekt.vombat.ee\/eco\/wp-json\/wp\/v2\/types\/product"}],"version-history":[{"count":1,"href":"https:\/\/projekt.vombat.ee\/eco\/wp-json\/wp\/v2\/product\/7408\/revisions"}],"predecessor-version":[{"id":7414,"href":"https:\/\/projekt.vombat.ee\/eco\/wp-json\/wp\/v2\/product\/7408\/revisions\/7414"}],"wp:featuredmedia":[{"embeddable":true,"href":"https:\/\/projekt.vombat.ee\/eco\/wp-json\/wp\/v2\/media\/7409"}],"wp:attachment":[{"href":"https:\/\/projekt.vombat.ee\/eco\/wp-json\/wp\/v2\/media?parent=7408"}],"wp:term":[{"taxonomy":"product_cat","embeddable":true,"href":"https:\/\/projekt.vombat.ee\/eco\/wp-json\/wp\/v2\/product_cat?post=7408"},{"taxonomy":"product_tag","embeddable":true,"href":"https:\/\/projekt.vombat.ee\/eco\/wp-json\/wp\/v2\/product_tag?post=7408"}],"curies":[{"name":"wp","href":"https:\/\/api.w.org\/{rel}","templated":true}]}}