{"id":7401,"date":"2023-03-26T14:34:56","date_gmt":"2023-03-26T14:34:56","guid":{"rendered":"https:\/\/projekt.vombat.ee\/eco\/?post_type=product&#038;p=7401"},"modified":"2024-04-23T09:35:35","modified_gmt":"2024-04-23T09:35:35","slug":"akez-1000w-70km","status":"publish","type":"product","link":"https:\/\/projekt.vombat.ee\/eco\/fi\/myym%C3%A4l%C3%A4\/sahkopyorat\/sahkomaastopyora\/akez-1000w-70km\/","title":{"rendered":"AKEZ 1000W, 70km"},"content":{"rendered":"<h1>AKEZ 1000W<\/h1>\n<p>AKEZ 1000 W s\u00e4hk\u00f6py\u00f6r\u00e4ss\u00e4 on kaikki uusimmat lis\u00e4ykset. Suuri teho, iso akku, kaksoislevyjarrut, \u00e4lyk\u00e4s n\u00e4ytt\u00f6 ja Shimano 21 -vaihteet.<\/p>\n<h3>Irrotettava Long Cruise -litiumparisto<\/h3>\n<p>AKEZ 1000W on varustettu 48V 13Ah litiumioniakulla pitk\u00e4n k\u00e4ytt\u00f6i\u00e4n ja korkean suorituskyvyn takaamiseksi. T\u00e4m\u00e4n seurauksena py\u00f6r\u00e4n toimintas\u00e4de yhdell\u00e4 latauksella on yli 56-72 km poljinavustustilassa ja noin 50 km puhtaalla s\u00e4hk\u00f6ll\u00e4. Lis\u00e4ksi litiumparisto, jossa on A+-luokan 18650 kennovaatimukset ja joka riitt\u00e4\u00e4 pit\u00e4m\u00e4\u00e4n sinut meno-paluumatkalla. Se on my\u00f6s irrotettava, jotta se on helppo ladata sis\u00e4lle.<\/p>\n<p><img decoding=\"async\" src=\"https:\/\/akezebikes.com\/wp-content\/uploads\/2022\/10\/akez-e-bike-29inch-battery.jpg\" alt=\"akez e bike 29inch battery\" \/><\/p>\n<h3>Tehokas moottori<\/h3>\n<p>Vahva ja tehokas teho, joka pystyy tuottamaan jopa 45 KM\/H huippunopeuden. Lis\u00e4ksi sen maksimi 1000 W:n moottori mahdollistaa monipuolisen nopeuden ja aputilan vaivattoman ajamisen. Voit siis ottaa sen luottavaisesti mukaan minne haluatkin, olipa kyseess\u00e4 kaupunki, vuoret tai ty\u00f6matka. S\u00e4hk\u00f6py\u00f6r\u00e4 auttaa sinua p\u00e4\u00e4sem\u00e4\u00e4n m\u00e4\u00e4r\u00e4np\u00e4\u00e4h\u00e4si nopeammin.<\/p>\n<h3>Eritt\u00e4in luja 6061 alumiiniseosrunko<\/h3>\n<p>29 tuuman AKEZ 1000W Ebike k\u00e4ytt\u00e4\u00e4 rungossa eritt\u00e4in lujaa 6061 alumiiniseosta, joka ei ole vain kevyt, vaan my\u00f6s korroosionkest\u00e4v\u00e4. Siten se voi antaa py\u00f6r\u00e4lle vertaansa vailla olevan kest\u00e4vyyden. Samalla 29 tuuman AKEZ E-Bike -py\u00f6r\u00e4n eritt\u00e4in kest\u00e4v\u00e4 ja ergonominen alumiiniseosrunko mahdollistaa mukavan ajamisen pitki\u00e4 matkoja.<\/p>\n<h3><img decoding=\"async\" src=\"https:\/\/akezebikes.com\/wp-content\/uploads\/2022\/10\/akez-electric-scooter-bike-29inch-frame.jpg\" alt=\"akez electric scooter bike 29inch frame\" \/><\/h3>\n<h3>Taukoja<\/h3>\n<p>Alumiiniseoksesta valmistetut mukavat kahvat moottorin katkaisijalla. T\u00e4m\u00e4 tarkoittaa, ett\u00e4 moottori sammuu samanaikaisesti jarrutuksen kanssa, mik\u00e4 tekee ajamisesta turvallisempaa.<\/p>\n<h3>Mekaaniset levyjarrut<\/h3>\n<p>29-tuumaisen AKEZ Electric Bike 1000W:n etu- ja takapy\u00f6r\u00e4t on varustettu levyjarruilla, jotka tarjoavat riitt\u00e4v\u00e4n pys\u00e4ytysvoiman vaikeimmissakin olosuhteissa. Lis\u00e4\u00e4 luottamusta ja hallintaa.<\/p>\n<h3>Shimanon 21-vaihteinen vaihteisto<\/h3>\n<p>Shimanon 21-vaihteisella (3-vaihteinen edess\u00e4, 7-vaihteinen takana) vaihdej\u00e4rjestelm\u00e4ll\u00e4 voit k\u00e4ytt\u00e4\u00e4 eri vaihteita yl\u00e4- tai alam\u00e4keen ajettaessa. Voit esimerkiksi vaihtaa suurempaan hammaspy\u00f6r\u00e4\u00e4n, jos haluat menn\u00e4 yl\u00e4m\u00e4keen ja alas pienemp\u00e4\u00e4n hammaspy\u00f6r\u00e4\u00e4n suurilla nopeuksilla. Samanaikaisesti voit s\u00e4\u00e4t\u00e4\u00e4 poljinavustusj\u00e4rjestelm\u00e4n kanssa sopivaa nopeutta matkan suorittamiseksi loppuun. Lis\u00e4ksi sopeudu ankariin olosuhteisiin ja sopeudu rinteisiin, kuoppiin ja muihin vaikeuksiin. M\u00e4kikiipeily tai nopea ajaminen on helppoa. Lis\u00e4\u00e4 v\u00e4\u00e4nt\u00f6momenttia vaihtamalla vaihteita helposti.<\/p>\n<p>&nbsp;<\/p>\n<h3>\nTiedot<\/h3>\n<p>Rungon materiaali: alumiiniseos<br \/>\nPaino 28 kg<br \/>\nVirtal\u00e4hde: litiumakku<br \/>\nPy\u00f6r\u00e4n koko: 29 tuumaa<br \/>\nJarruj\u00e4rjestelm\u00e4: levyjarru<br \/>\nV\u00e4\u00e4nt\u00f6: 50-60 Nm<br \/>\nAkun kapasiteetti: 13,4 Ah<br \/>\nTila: puhdas s\u00e4hk\u00f6inen tila, s\u00e4hk\u00f6inen aputila, ajotila<br \/>\nV\u00e4ri: Harmaa<\/p>\n","protected":false},"excerpt":{"rendered":"<p>&nbsp;<\/p>\n<p>Ajomatka: 50 km t\u00e4yss\u00e4hk\u00f6tilassa, 50-72 km poljinavustustilassa<br \/>\nSuurin nopeus: 45 km\/h (jopa 55 km\/h optimaalisissa olosuhteissa)<br \/>\nJ\u00e4nnite: 48V<br \/>\nMoottorin teho: 1000W<br \/>\nLatausaika 5h<br \/>\nMaksimikuorma 150 kg<\/p>\n<p>&nbsp;<\/p>\n<p>\u2666 Toimitusaika 3-8 p\u00e4iv\u00e4\u00e4<br \/>\n\u2666 Varastossa<\/p>\n","protected":false},"featured_media":7396,"template":"","meta":[],"product_cat":[985,979],"product_tag":[],"class_list":{"0":"post-7401","1":"product","2":"type-product","3":"status-publish","4":"has-post-thumbnail","6":"product_cat-sahkomaastopyora","7":"product_cat-sahkopyorat","8":"product_shipping_class-suured-pakid","10":"first","11":"instock","12":"taxable","13":"shipping-taxable","14":"purchasable","15":"product-type-simple"},"yoast_head":"<!-- This site is optimized with the Yoast SEO plugin v23.8 - https:\/\/yoast.com\/wordpress\/plugins\/seo\/ -->\n<title>AKEZ 1000W, 70km - Ecocruiser<\/title>\n<meta name=\"description\" content=\"AKEZ 1000 W s\u00e4hk\u00f6py\u00f6r\u00e4ss\u00e4 on kaikki uusimmat lis\u00e4ykset. Suuri teho, iso akku, kaksoislevyjarrut, \u00e4lyk\u00e4s n\u00e4ytt\u00f6 ja Shimano 21 -vaihteet.\" \/>\n<meta name=\"robots\" content=\"noindex, follow, max-snippet:-1, max-image-preview:large, max-video-preview:-1\" \/>\n<meta property=\"og:locale\" content=\"en_GB\" \/>\n<meta property=\"og:type\" content=\"article\" \/>\n<meta property=\"og:title\" content=\"AKEZ 1000W, 70km - Ecocruiser\" \/>\n<meta property=\"og:description\" content=\"AKEZ 1000 W s\u00e4hk\u00f6py\u00f6r\u00e4ss\u00e4 on kaikki uusimmat lis\u00e4ykset. Suuri teho, iso akku, kaksoislevyjarrut, \u00e4lyk\u00e4s n\u00e4ytt\u00f6 ja Shimano 21 -vaihteet.\" \/>\n<meta property=\"og:url\" content=\"https:\/\/projekt.vombat.ee\/eco\/fi\/myym\u00e4l\u00e4\/sahkopyorat\/sahkomaastopyora\/akez-1000w-70km\/\" \/>\n<meta property=\"og:site_name\" content=\"Ecocruiser\" \/>\n<meta property=\"article:modified_time\" content=\"2024-04-23T09:35:35+00:00\" \/>\n<meta property=\"og:image\" content=\"https:\/\/projekt.vombat.ee\/eco\/wp-content\/uploads\/2023\/02\/1-7.jpg\" \/>\n\t<meta property=\"og:image:width\" content=\"785\" \/>\n\t<meta property=\"og:image:height\" content=\"544\" \/>\n\t<meta property=\"og:image:type\" content=\"image\/jpeg\" \/>\n<meta name=\"twitter:card\" content=\"summary_large_image\" \/>\n<meta name=\"twitter:label1\" content=\"Estimated reading time\" \/>\n\t<meta name=\"twitter:data1\" content=\"3 minutes\" \/>\n<script type=\"application\/ld+json\" class=\"yoast-schema-graph\">{\"@context\":\"https:\/\/schema.org\",\"@graph\":[{\"@type\":\"WebPage\",\"@id\":\"https:\/\/projekt.vombat.ee\/eco\/fi\/myym%C3%A4l%C3%A4\/sahkopyorat\/sahkomaastopyora\/akez-1000w-70km\/\",\"url\":\"https:\/\/projekt.vombat.ee\/eco\/fi\/myym%C3%A4l%C3%A4\/sahkopyorat\/sahkomaastopyora\/akez-1000w-70km\/\",\"name\":\"AKEZ 1000W, 70km - Ecocruiser\",\"isPartOf\":{\"@id\":\"https:\/\/projekt.vombat.ee\/eco\/#website\"},\"primaryImageOfPage\":{\"@id\":\"https:\/\/projekt.vombat.ee\/eco\/fi\/myym%C3%A4l%C3%A4\/sahkopyorat\/sahkomaastopyora\/akez-1000w-70km\/#primaryimage\"},\"image\":{\"@id\":\"https:\/\/projekt.vombat.ee\/eco\/fi\/myym%C3%A4l%C3%A4\/sahkopyorat\/sahkomaastopyora\/akez-1000w-70km\/#primaryimage\"},\"thumbnailUrl\":\"https:\/\/projekt.vombat.ee\/eco\/wp-content\/uploads\/2023\/02\/1-7.jpg\",\"datePublished\":\"2023-03-26T14:34:56+00:00\",\"dateModified\":\"2024-04-23T09:35:35+00:00\",\"description\":\"AKEZ 1000 W s\u00e4hk\u00f6py\u00f6r\u00e4ss\u00e4 on kaikki uusimmat lis\u00e4ykset. Suuri teho, iso akku, kaksoislevyjarrut, \u00e4lyk\u00e4s n\u00e4ytt\u00f6 ja Shimano 21 -vaihteet.\",\"breadcrumb\":{\"@id\":\"https:\/\/projekt.vombat.ee\/eco\/fi\/myym%C3%A4l%C3%A4\/sahkopyorat\/sahkomaastopyora\/akez-1000w-70km\/#breadcrumb\"},\"inLanguage\":\"en-GB\",\"potentialAction\":[{\"@type\":\"ReadAction\",\"target\":[\"https:\/\/projekt.vombat.ee\/eco\/fi\/myym%C3%A4l%C3%A4\/sahkopyorat\/sahkomaastopyora\/akez-1000w-70km\/\"]}]},{\"@type\":\"ImageObject\",\"inLanguage\":\"en-GB\",\"@id\":\"https:\/\/projekt.vombat.ee\/eco\/fi\/myym%C3%A4l%C3%A4\/sahkopyorat\/sahkomaastopyora\/akez-1000w-70km\/#primaryimage\",\"url\":\"https:\/\/projekt.vombat.ee\/eco\/wp-content\/uploads\/2023\/02\/1-7.jpg\",\"contentUrl\":\"https:\/\/projekt.vombat.ee\/eco\/wp-content\/uploads\/2023\/02\/1-7.jpg\",\"width\":785,\"height\":544,\"caption\":\"AKEZ\"},{\"@type\":\"BreadcrumbList\",\"@id\":\"https:\/\/projekt.vombat.ee\/eco\/fi\/myym%C3%A4l%C3%A4\/sahkopyorat\/sahkomaastopyora\/akez-1000w-70km\/#breadcrumb\",\"itemListElement\":[{\"@type\":\"ListItem\",\"position\":1,\"name\":\"Home\",\"item\":\"https:\/\/projekt.vombat.ee\/eco\/\"},{\"@type\":\"ListItem\",\"position\":2,\"name\":\"Pood\",\"item\":\"https:\/\/projekt.vombat.ee\/eco\/pood\/\"},{\"@type\":\"ListItem\",\"position\":3,\"name\":\"AKEZ 1000W, 70km\"}]},{\"@type\":\"WebSite\",\"@id\":\"https:\/\/projekt.vombat.ee\/eco\/#website\",\"url\":\"https:\/\/projekt.vombat.ee\/eco\/\",\"name\":\"Ecocruiser\",\"description\":\"\",\"publisher\":{\"@id\":\"https:\/\/projekt.vombat.ee\/eco\/#organization\"},\"potentialAction\":[{\"@type\":\"SearchAction\",\"target\":{\"@type\":\"EntryPoint\",\"urlTemplate\":\"https:\/\/projekt.vombat.ee\/eco\/?s={search_term_string}\"},\"query-input\":{\"@type\":\"PropertyValueSpecification\",\"valueRequired\":true,\"valueName\":\"search_term_string\"}}],\"inLanguage\":\"en-GB\"},{\"@type\":\"Organization\",\"@id\":\"https:\/\/projekt.vombat.ee\/eco\/#organization\",\"name\":\"Ecocruiser\",\"url\":\"https:\/\/projekt.vombat.ee\/eco\/\",\"logo\":{\"@type\":\"ImageObject\",\"inLanguage\":\"en-GB\",\"@id\":\"https:\/\/projekt.vombat.ee\/eco\/#\/schema\/logo\/image\/\",\"url\":\"https:\/\/projekt.vombat.ee\/eco\/wp-content\/uploads\/2023\/03\/ECOCRUISER_5.png\",\"contentUrl\":\"https:\/\/projekt.vombat.ee\/eco\/wp-content\/uploads\/2023\/03\/ECOCRUISER_5.png\",\"width\":234,\"height\":91,\"caption\":\"Ecocruiser\"},\"image\":{\"@id\":\"https:\/\/projekt.vombat.ee\/eco\/#\/schema\/logo\/image\/\"}}]}<\/script>\n<!-- \/ Yoast SEO plugin. -->","yoast_head_json":{"title":"AKEZ 1000W, 70km - Ecocruiser","description":"AKEZ 1000 W s\u00e4hk\u00f6py\u00f6r\u00e4ss\u00e4 on kaikki uusimmat lis\u00e4ykset. Suuri teho, iso akku, kaksoislevyjarrut, \u00e4lyk\u00e4s n\u00e4ytt\u00f6 ja Shimano 21 -vaihteet.","robots":{"index":"noindex","follow":"follow","max-snippet":"max-snippet:-1","max-image-preview":"max-image-preview:large","max-video-preview":"max-video-preview:-1"},"og_locale":"en_GB","og_type":"article","og_title":"AKEZ 1000W, 70km - Ecocruiser","og_description":"AKEZ 1000 W s\u00e4hk\u00f6py\u00f6r\u00e4ss\u00e4 on kaikki uusimmat lis\u00e4ykset. Suuri teho, iso akku, kaksoislevyjarrut, \u00e4lyk\u00e4s n\u00e4ytt\u00f6 ja Shimano 21 -vaihteet.","og_url":"https:\/\/projekt.vombat.ee\/eco\/fi\/myym\u00e4l\u00e4\/sahkopyorat\/sahkomaastopyora\/akez-1000w-70km\/","og_site_name":"Ecocruiser","article_modified_time":"2024-04-23T09:35:35+00:00","og_image":[{"width":785,"height":544,"url":"https:\/\/projekt.vombat.ee\/eco\/wp-content\/uploads\/2023\/02\/1-7.jpg","type":"image\/jpeg"}],"twitter_card":"summary_large_image","twitter_misc":{"Estimated reading time":"3 minutes"},"schema":{"@context":"https:\/\/schema.org","@graph":[{"@type":"WebPage","@id":"https:\/\/projekt.vombat.ee\/eco\/fi\/myym%C3%A4l%C3%A4\/sahkopyorat\/sahkomaastopyora\/akez-1000w-70km\/","url":"https:\/\/projekt.vombat.ee\/eco\/fi\/myym%C3%A4l%C3%A4\/sahkopyorat\/sahkomaastopyora\/akez-1000w-70km\/","name":"AKEZ 1000W, 70km - Ecocruiser","isPartOf":{"@id":"https:\/\/projekt.vombat.ee\/eco\/#website"},"primaryImageOfPage":{"@id":"https:\/\/projekt.vombat.ee\/eco\/fi\/myym%C3%A4l%C3%A4\/sahkopyorat\/sahkomaastopyora\/akez-1000w-70km\/#primaryimage"},"image":{"@id":"https:\/\/projekt.vombat.ee\/eco\/fi\/myym%C3%A4l%C3%A4\/sahkopyorat\/sahkomaastopyora\/akez-1000w-70km\/#primaryimage"},"thumbnailUrl":"https:\/\/projekt.vombat.ee\/eco\/wp-content\/uploads\/2023\/02\/1-7.jpg","datePublished":"2023-03-26T14:34:56+00:00","dateModified":"2024-04-23T09:35:35+00:00","description":"AKEZ 1000 W s\u00e4hk\u00f6py\u00f6r\u00e4ss\u00e4 on kaikki uusimmat lis\u00e4ykset. Suuri teho, iso akku, kaksoislevyjarrut, \u00e4lyk\u00e4s n\u00e4ytt\u00f6 ja Shimano 21 -vaihteet.","breadcrumb":{"@id":"https:\/\/projekt.vombat.ee\/eco\/fi\/myym%C3%A4l%C3%A4\/sahkopyorat\/sahkomaastopyora\/akez-1000w-70km\/#breadcrumb"},"inLanguage":"en-GB","potentialAction":[{"@type":"ReadAction","target":["https:\/\/projekt.vombat.ee\/eco\/fi\/myym%C3%A4l%C3%A4\/sahkopyorat\/sahkomaastopyora\/akez-1000w-70km\/"]}]},{"@type":"ImageObject","inLanguage":"en-GB","@id":"https:\/\/projekt.vombat.ee\/eco\/fi\/myym%C3%A4l%C3%A4\/sahkopyorat\/sahkomaastopyora\/akez-1000w-70km\/#primaryimage","url":"https:\/\/projekt.vombat.ee\/eco\/wp-content\/uploads\/2023\/02\/1-7.jpg","contentUrl":"https:\/\/projekt.vombat.ee\/eco\/wp-content\/uploads\/2023\/02\/1-7.jpg","width":785,"height":544,"caption":"AKEZ"},{"@type":"BreadcrumbList","@id":"https:\/\/projekt.vombat.ee\/eco\/fi\/myym%C3%A4l%C3%A4\/sahkopyorat\/sahkomaastopyora\/akez-1000w-70km\/#breadcrumb","itemListElement":[{"@type":"ListItem","position":1,"name":"Home","item":"https:\/\/projekt.vombat.ee\/eco\/"},{"@type":"ListItem","position":2,"name":"Pood","item":"https:\/\/projekt.vombat.ee\/eco\/pood\/"},{"@type":"ListItem","position":3,"name":"AKEZ 1000W, 70km"}]},{"@type":"WebSite","@id":"https:\/\/projekt.vombat.ee\/eco\/#website","url":"https:\/\/projekt.vombat.ee\/eco\/","name":"Ecocruiser","description":"","publisher":{"@id":"https:\/\/projekt.vombat.ee\/eco\/#organization"},"potentialAction":[{"@type":"SearchAction","target":{"@type":"EntryPoint","urlTemplate":"https:\/\/projekt.vombat.ee\/eco\/?s={search_term_string}"},"query-input":{"@type":"PropertyValueSpecification","valueRequired":true,"valueName":"search_term_string"}}],"inLanguage":"en-GB"},{"@type":"Organization","@id":"https:\/\/projekt.vombat.ee\/eco\/#organization","name":"Ecocruiser","url":"https:\/\/projekt.vombat.ee\/eco\/","logo":{"@type":"ImageObject","inLanguage":"en-GB","@id":"https:\/\/projekt.vombat.ee\/eco\/#\/schema\/logo\/image\/","url":"https:\/\/projekt.vombat.ee\/eco\/wp-content\/uploads\/2023\/03\/ECOCRUISER_5.png","contentUrl":"https:\/\/projekt.vombat.ee\/eco\/wp-content\/uploads\/2023\/03\/ECOCRUISER_5.png","width":234,"height":91,"caption":"Ecocruiser"},"image":{"@id":"https:\/\/projekt.vombat.ee\/eco\/#\/schema\/logo\/image\/"}}]}},"lang":"fi","translations":{"fi":7401,"ru":5235,"et":2387},"pll_sync_post":[],"_links":{"self":[{"href":"https:\/\/projekt.vombat.ee\/eco\/wp-json\/wp\/v2\/product\/7401"}],"collection":[{"href":"https:\/\/projekt.vombat.ee\/eco\/wp-json\/wp\/v2\/product"}],"about":[{"href":"https:\/\/projekt.vombat.ee\/eco\/wp-json\/wp\/v2\/types\/product"}],"version-history":[{"count":1,"href":"https:\/\/projekt.vombat.ee\/eco\/wp-json\/wp\/v2\/product\/7401\/revisions"}],"predecessor-version":[{"id":7402,"href":"https:\/\/projekt.vombat.ee\/eco\/wp-json\/wp\/v2\/product\/7401\/revisions\/7402"}],"wp:featuredmedia":[{"embeddable":true,"href":"https:\/\/projekt.vombat.ee\/eco\/wp-json\/wp\/v2\/media\/7396"}],"wp:attachment":[{"href":"https:\/\/projekt.vombat.ee\/eco\/wp-json\/wp\/v2\/media?parent=7401"}],"wp:term":[{"taxonomy":"product_cat","embeddable":true,"href":"https:\/\/projekt.vombat.ee\/eco\/wp-json\/wp\/v2\/product_cat?post=7401"},{"taxonomy":"product_tag","embeddable":true,"href":"https:\/\/projekt.vombat.ee\/eco\/wp-json\/wp\/v2\/product_tag?post=7401"}],"curies":[{"name":"wp","href":"https:\/\/api.w.org\/{rel}","templated":true}]}}