{"id":7387,"date":"2023-03-26T14:28:31","date_gmt":"2023-03-26T14:28:31","guid":{"rendered":"https:\/\/projekt.vombat.ee\/eco\/?post_type=product&#038;p=7387"},"modified":"2023-08-08T14:44:19","modified_gmt":"2023-08-08T14:44:19","slug":"ado-a26s-xe-80-km","status":"publish","type":"product","link":"https:\/\/projekt.vombat.ee\/eco\/fi\/myym%C3%A4l%C3%A4\/sahkopyorat\/sahkokaupunkipyorat\/ado-a26s-xe-80-km\/","title":{"rendered":"ADO A26S XE, 80 km"},"content":{"rendered":"<p><img fetchpriority=\"high\" decoding=\"async\" class=\"\" src=\"https:\/\/a.allegroimg.com\/original\/11872e\/f3f96d694a8fbb78c7123bb092c2\/Rower-elektryczny-damski-Adoebike-A26S-XE-white-Brand-ADO\" alt=\"Rower elektryczny damski Adoebike A26S XE white Brand ADO\" width=\"1001\" height=\"563\" \/><\/p>\n<h3>Irrotettava 10,4 AH Li-ion akku<\/h3>\n<p>ADO-s\u00e4hk\u00f6py\u00f6r\u00e4n litiumioniakku on suojattu ylilataukselta, purkautumiselta, ylivirralta ja oikosululta. 1000 latauksen j\u00e4lkeen akku s\u00e4ilytt\u00e4\u00e4 edelleen 80 % kapasiteetistaan. Akun kansi on sinet\u00f6ity ja vedenpit\u00e4v\u00e4, mik\u00e4 erist\u00e4\u00e4 tehokkaasti sis\u00e4ll\u00e4 olevan litiumioniakun, suojaa sinua ja pident\u00e4\u00e4 akun k\u00e4ytt\u00f6ik\u00e4\u00e4.<\/p>\n<h3>Tehokas 250 W moottori<\/h3>\n<p>\u00c4skett\u00e4in p\u00e4ivitetty l\u00e4mm\u00f6nkest\u00e4v\u00e4 sis\u00e4rengas tarjoaa paremman l\u00e4mm\u00f6npoiston, mik\u00e4 v\u00e4hent\u00e4\u00e4 moottorin magneettien hajoamisnopeutta ja varmistaa pidemm\u00e4n k\u00e4ytt\u00f6i\u00e4n. 41 Nm:n maksimiv\u00e4\u00e4nt\u00f6momentilla moottori on eritt\u00e4in tehokas ja voi vied\u00e4 sinut eteenp\u00e4in ja voittaa kaikenlaiset tieolosuhteet.<\/p>\n<h3>CST renkaat 26*1,95 tuumaa<\/h3>\n<p>Varustettu 26 tuuman ammattimaisilla CST-s\u00e4hk\u00f6py\u00f6r\u00e4n renkailla, jotka ovat luisto- ja kulutuskest\u00e4vi\u00e4 ja pelottomia kaikissa s\u00e4\u00e4olosuhteissa ja maastossa.<\/p>\n<h3>LCD-n\u00e4ytt\u00f6<\/h3>\n<p>Reaaliaikainen kilometritietojen tallennus, joka n\u00e4kyy p\u00e4iv\u00e4nvalossa<\/p>\n<h3>Ajovalo E-MARK-sertifikaatilla<\/h3>\n<p>LED-valonheitin korkealla valovoimalla ja laajalla valokulmalla<\/p>\n<h3>Eritt\u00e4in leve\u00e4 satula<\/h3>\n<p>Valmistettu korkealaatuisesta muistivaahdosta, jossa on joustava, liukumaton, vedenpit\u00e4v\u00e4 ja kest\u00e4v\u00e4 PU-nahkapinta<\/p>\n<h3>Takarunko ja lokasuoja<\/h3>\n<p>Rautainen takarunko, kantavuus &lt;50kg<\/p>\n<p>Muoviset lokasuojat, kulutusta kest\u00e4v\u00e4t ja kest\u00e4v\u00e4t<\/p>\n<p><img decoding=\"async\" class=\"\" src=\"https:\/\/a.allegroimg.com\/original\/11b5cb\/6044f23d41feae133147c046416b\/Rower-elektryczny-damski-Adoebike-A26S-XE-white-Wheel-Size-26\" alt=\"Rower elektryczny damski Adoebike A26S XE white Wheel Size (&quot;) 26\" width=\"422\" height=\"237\" \/><\/p>\n<h3>Tehokas ja nopea jarruj\u00e4rjestelm\u00e4<\/h3>\n<p>ADO A26S XE on testattu tuhansia kertoja laboratoriossa, ja siin\u00e4 on kaksoisjarruj\u00e4rjestelm\u00e4 edess\u00e4 ja takana, mik\u00e4 johtaa t\u00e4ydelliseen tasapainoon jarrutus-\/k\u00e4ynnistysnopeuden ja -kokemuksen v\u00e4lill\u00e4, tasaisemmat k\u00e4ynnistykset ja tasaisempi, turvallisempi jarrutus.<\/p>\n<p><img decoding=\"async\" class=\"\" src=\"https:\/\/a.allegroimg.com\/original\/11c7ef\/cdbdba234a5f9d3e8c8cd17fa0a4\/Rower-elektryczny-damski-Adoebike-A26S-XE-white-Additional-Equipment-rack-fenders-bell-lighting-kickstand-electrically-assisted\" alt=\"Rower elektryczny damski Adoebike A26S XE white Additional Equipment rack fenders bell lighting kickstand electrically-assisted\" width=\"421\" height=\"421\" \/><\/p>\n<h3>Jousitus etuhaarukka<\/h3>\n<p>ADO A26S XE:ss\u00e4 on jousitettu etuhaarukka, jotta se selviytyy helposti kaikissa tieolosuhteissa ja tarjoaa mukavan ajon ep\u00e4tasaisilla teill\u00e4.<\/p>\n<p><img loading=\"lazy\" decoding=\"async\" class=\"\" src=\"https:\/\/a.allegroimg.com\/original\/11f8eb\/0c30b24b4fe0be7123847c257dc8\/Rower-elektryczny-damski-Adoebike-A26S-XE-white-Color-white\" alt=\"Rower elektryczny damski Adoebike A26S XE white Color white\" width=\"425\" height=\"239\" \/><\/p>\n<h3>Shimanon 7-vaihteinen vaihteisto<\/h3>\n<p>0-vaihteella ei ole tehoa, sit\u00e4 ohjataan polkimilla.<\/p>\n<p>1-3 vaihdetta, alhainen nopeus.<\/p>\n<p>3-5 vaihdetta, keskinopeus.<\/p>\n<p>5-7 vaihdetta, suuri nopeus.<\/p>\n<p><img loading=\"lazy\" decoding=\"async\" class=\"\" src=\"https:\/\/a.allegroimg.com\/original\/112f17\/35ad777948efaaf9dab8a52f22bb\/Rower-elektryczny-damski-Adoebike-A26S-XE-white-Rechargeable-battery-lithium-ion\" alt=\"Rower elektryczny damski Adoebike A26S XE white Rechargeable battery lithium-ion\" width=\"465\" height=\"225\" \/><\/p>\n<h3>\nTiedot<\/h3>\n<p>Tyyppi: 26*1,95<\/p>\n<p>Vaihteisto: Shimano 7-vaihteinen<\/p>\n<p>Nettopaino: 24 kg<\/p>\n<p>Vesitiivis: IPX5<\/p>\n<p>Nimellisteho: 36v 10,4ah<\/p>\n<p>Jarru: Levyjarru<\/p>\n<p>Jousitus: etuhaarukka<\/p>\n<p>Kokonaiskoko: 186*23*111cm<\/p>\n<p><img loading=\"lazy\" decoding=\"async\" class=\"\" src=\"https:\/\/a.allegroimg.com\/original\/11dbbb\/52564ed14d7f9bd9e80e47572e3e\/Rower-elektryczny-damski-Adoebike-A26S-XE-white-Engine-Power-250-W\" alt=\"Rower elektryczny damski Adoebike A26S XE white Engine Power 250 W\" width=\"966\" height=\"1449\" \/><\/p>\n","protected":false},"excerpt":{"rendered":"<p><strong>Riippumatta siit\u00e4, k\u00e4yt\u00e4tk\u00f6 housuja vai mekkoa, s\u00e4hk\u00f6py\u00f6r\u00e4n muotoilu antaa sinun ajaa mill\u00e4 tahansa asulla.<\/strong><\/p>\n<p>&nbsp;<\/p>\n<p>Huippunopeus: 25 km\/h<br \/>\nAjomatka: 80 km<br \/>\nMoottorin teho: 250 W<br \/>\nLatausaika: 4-6 tuntia<br \/>\nMaksimikuorma 120 kg<\/p>\n<p>&nbsp;<\/p>\n<p>\u2666 Toimitusaika 3-8 p\u00e4iv\u00e4\u00e4<br \/>\n\u2666 Varastossa<\/p>\n","protected":false},"featured_media":7388,"template":"","meta":[],"product_cat":[983,985,979],"product_tag":[],"class_list":{"0":"post-7387","1":"product","2":"type-product","3":"status-publish","4":"has-post-thumbnail","6":"product_cat-sahkokaupunkipyorat","7":"product_cat-sahkomaastopyora","8":"product_cat-sahkopyorat","10":"first","11":"instock","12":"taxable","13":"shipping-taxable","14":"purchasable","15":"product-type-simple"},"yoast_head":"<!-- This site is optimized with the Yoast SEO plugin v23.8 - https:\/\/yoast.com\/wordpress\/plugins\/seo\/ -->\n<title>ADO A26S XE, 80 km - Ecocruiser<\/title>\n<meta name=\"description\" content=\"Olitpa yll\u00e4si housut tai mekko, ADO A26S XE -s\u00e4hk\u00f6py\u00f6r\u00e4ll\u00e4 voit ajaa ilman vaaterajoituksia ja pysy\u00e4 mukavana ja tyylikk\u00e4\u00e4n\u00e4.\" \/>\n<meta name=\"robots\" content=\"noindex, follow, max-snippet:-1, max-image-preview:large, max-video-preview:-1\" \/>\n<meta property=\"og:locale\" content=\"en_GB\" \/>\n<meta property=\"og:type\" content=\"article\" \/>\n<meta property=\"og:title\" content=\"ADO A26S XE, 80 km - Ecocruiser\" \/>\n<meta property=\"og:description\" content=\"Olitpa yll\u00e4si housut tai mekko, ADO A26S XE -s\u00e4hk\u00f6py\u00f6r\u00e4ll\u00e4 voit ajaa ilman vaaterajoituksia ja pysy\u00e4 mukavana ja tyylikk\u00e4\u00e4n\u00e4.\" \/>\n<meta property=\"og:url\" content=\"https:\/\/projekt.vombat.ee\/eco\/fi\/myym\u00e4l\u00e4\/sahkopyorat\/sahkokaupunkipyorat\/ado-a26s-xe-80-km\/\" \/>\n<meta property=\"og:site_name\" content=\"Ecocruiser\" \/>\n<meta property=\"article:modified_time\" content=\"2023-08-08T14:44:19+00:00\" \/>\n<meta property=\"og:image\" content=\"https:\/\/projekt.vombat.ee\/eco\/wp-content\/uploads\/2023\/03\/ADO-A26S-XE.png\" \/>\n\t<meta property=\"og:image:width\" content=\"1000\" \/>\n\t<meta property=\"og:image:height\" content=\"1000\" \/>\n\t<meta property=\"og:image:type\" content=\"image\/png\" \/>\n<meta name=\"twitter:card\" content=\"summary_large_image\" \/>\n<meta name=\"twitter:label1\" content=\"Estimated reading time\" \/>\n\t<meta name=\"twitter:data1\" content=\"3 minutes\" \/>\n<script type=\"application\/ld+json\" class=\"yoast-schema-graph\">{\"@context\":\"https:\/\/schema.org\",\"@graph\":[{\"@type\":\"WebPage\",\"@id\":\"https:\/\/projekt.vombat.ee\/eco\/fi\/myym%C3%A4l%C3%A4\/sahkopyorat\/sahkokaupunkipyorat\/ado-a26s-xe-80-km\/\",\"url\":\"https:\/\/projekt.vombat.ee\/eco\/fi\/myym%C3%A4l%C3%A4\/sahkopyorat\/sahkokaupunkipyorat\/ado-a26s-xe-80-km\/\",\"name\":\"ADO A26S XE, 80 km - Ecocruiser\",\"isPartOf\":{\"@id\":\"https:\/\/projekt.vombat.ee\/eco\/#website\"},\"primaryImageOfPage\":{\"@id\":\"https:\/\/projekt.vombat.ee\/eco\/fi\/myym%C3%A4l%C3%A4\/sahkopyorat\/sahkokaupunkipyorat\/ado-a26s-xe-80-km\/#primaryimage\"},\"image\":{\"@id\":\"https:\/\/projekt.vombat.ee\/eco\/fi\/myym%C3%A4l%C3%A4\/sahkopyorat\/sahkokaupunkipyorat\/ado-a26s-xe-80-km\/#primaryimage\"},\"thumbnailUrl\":\"https:\/\/projekt.vombat.ee\/eco\/wp-content\/uploads\/2023\/03\/ADO-A26S-XE.png\",\"datePublished\":\"2023-03-26T14:28:31+00:00\",\"dateModified\":\"2023-08-08T14:44:19+00:00\",\"description\":\"Olitpa yll\u00e4si housut tai mekko, ADO A26S XE -s\u00e4hk\u00f6py\u00f6r\u00e4ll\u00e4 voit ajaa ilman vaaterajoituksia ja pysy\u00e4 mukavana ja tyylikk\u00e4\u00e4n\u00e4.\",\"breadcrumb\":{\"@id\":\"https:\/\/projekt.vombat.ee\/eco\/fi\/myym%C3%A4l%C3%A4\/sahkopyorat\/sahkokaupunkipyorat\/ado-a26s-xe-80-km\/#breadcrumb\"},\"inLanguage\":\"en-GB\",\"potentialAction\":[{\"@type\":\"ReadAction\",\"target\":[\"https:\/\/projekt.vombat.ee\/eco\/fi\/myym%C3%A4l%C3%A4\/sahkopyorat\/sahkokaupunkipyorat\/ado-a26s-xe-80-km\/\"]}]},{\"@type\":\"ImageObject\",\"inLanguage\":\"en-GB\",\"@id\":\"https:\/\/projekt.vombat.ee\/eco\/fi\/myym%C3%A4l%C3%A4\/sahkopyorat\/sahkokaupunkipyorat\/ado-a26s-xe-80-km\/#primaryimage\",\"url\":\"https:\/\/projekt.vombat.ee\/eco\/wp-content\/uploads\/2023\/03\/ADO-A26S-XE.png\",\"contentUrl\":\"https:\/\/projekt.vombat.ee\/eco\/wp-content\/uploads\/2023\/03\/ADO-A26S-XE.png\",\"width\":1000,\"height\":1000,\"caption\":\"ADO A26S XE\"},{\"@type\":\"BreadcrumbList\",\"@id\":\"https:\/\/projekt.vombat.ee\/eco\/fi\/myym%C3%A4l%C3%A4\/sahkopyorat\/sahkokaupunkipyorat\/ado-a26s-xe-80-km\/#breadcrumb\",\"itemListElement\":[{\"@type\":\"ListItem\",\"position\":1,\"name\":\"Home\",\"item\":\"https:\/\/projekt.vombat.ee\/eco\/\"},{\"@type\":\"ListItem\",\"position\":2,\"name\":\"Pood\",\"item\":\"https:\/\/projekt.vombat.ee\/eco\/pood\/\"},{\"@type\":\"ListItem\",\"position\":3,\"name\":\"ADO A26S XE, 80 km\"}]},{\"@type\":\"WebSite\",\"@id\":\"https:\/\/projekt.vombat.ee\/eco\/#website\",\"url\":\"https:\/\/projekt.vombat.ee\/eco\/\",\"name\":\"Ecocruiser\",\"description\":\"\",\"publisher\":{\"@id\":\"https:\/\/projekt.vombat.ee\/eco\/#organization\"},\"potentialAction\":[{\"@type\":\"SearchAction\",\"target\":{\"@type\":\"EntryPoint\",\"urlTemplate\":\"https:\/\/projekt.vombat.ee\/eco\/?s={search_term_string}\"},\"query-input\":{\"@type\":\"PropertyValueSpecification\",\"valueRequired\":true,\"valueName\":\"search_term_string\"}}],\"inLanguage\":\"en-GB\"},{\"@type\":\"Organization\",\"@id\":\"https:\/\/projekt.vombat.ee\/eco\/#organization\",\"name\":\"Ecocruiser\",\"url\":\"https:\/\/projekt.vombat.ee\/eco\/\",\"logo\":{\"@type\":\"ImageObject\",\"inLanguage\":\"en-GB\",\"@id\":\"https:\/\/projekt.vombat.ee\/eco\/#\/schema\/logo\/image\/\",\"url\":\"https:\/\/projekt.vombat.ee\/eco\/wp-content\/uploads\/2023\/03\/ECOCRUISER_5.png\",\"contentUrl\":\"https:\/\/projekt.vombat.ee\/eco\/wp-content\/uploads\/2023\/03\/ECOCRUISER_5.png\",\"width\":234,\"height\":91,\"caption\":\"Ecocruiser\"},\"image\":{\"@id\":\"https:\/\/projekt.vombat.ee\/eco\/#\/schema\/logo\/image\/\"}}]}<\/script>\n<!-- \/ Yoast SEO plugin. -->","yoast_head_json":{"title":"ADO A26S XE, 80 km - Ecocruiser","description":"Olitpa yll\u00e4si housut tai mekko, ADO A26S XE -s\u00e4hk\u00f6py\u00f6r\u00e4ll\u00e4 voit ajaa ilman vaaterajoituksia ja pysy\u00e4 mukavana ja tyylikk\u00e4\u00e4n\u00e4.","robots":{"index":"noindex","follow":"follow","max-snippet":"max-snippet:-1","max-image-preview":"max-image-preview:large","max-video-preview":"max-video-preview:-1"},"og_locale":"en_GB","og_type":"article","og_title":"ADO A26S XE, 80 km - Ecocruiser","og_description":"Olitpa yll\u00e4si housut tai mekko, ADO A26S XE -s\u00e4hk\u00f6py\u00f6r\u00e4ll\u00e4 voit ajaa ilman vaaterajoituksia ja pysy\u00e4 mukavana ja tyylikk\u00e4\u00e4n\u00e4.","og_url":"https:\/\/projekt.vombat.ee\/eco\/fi\/myym\u00e4l\u00e4\/sahkopyorat\/sahkokaupunkipyorat\/ado-a26s-xe-80-km\/","og_site_name":"Ecocruiser","article_modified_time":"2023-08-08T14:44:19+00:00","og_image":[{"width":1000,"height":1000,"url":"https:\/\/projekt.vombat.ee\/eco\/wp-content\/uploads\/2023\/03\/ADO-A26S-XE.png","type":"image\/png"}],"twitter_card":"summary_large_image","twitter_misc":{"Estimated reading time":"3 minutes"},"schema":{"@context":"https:\/\/schema.org","@graph":[{"@type":"WebPage","@id":"https:\/\/projekt.vombat.ee\/eco\/fi\/myym%C3%A4l%C3%A4\/sahkopyorat\/sahkokaupunkipyorat\/ado-a26s-xe-80-km\/","url":"https:\/\/projekt.vombat.ee\/eco\/fi\/myym%C3%A4l%C3%A4\/sahkopyorat\/sahkokaupunkipyorat\/ado-a26s-xe-80-km\/","name":"ADO A26S XE, 80 km - Ecocruiser","isPartOf":{"@id":"https:\/\/projekt.vombat.ee\/eco\/#website"},"primaryImageOfPage":{"@id":"https:\/\/projekt.vombat.ee\/eco\/fi\/myym%C3%A4l%C3%A4\/sahkopyorat\/sahkokaupunkipyorat\/ado-a26s-xe-80-km\/#primaryimage"},"image":{"@id":"https:\/\/projekt.vombat.ee\/eco\/fi\/myym%C3%A4l%C3%A4\/sahkopyorat\/sahkokaupunkipyorat\/ado-a26s-xe-80-km\/#primaryimage"},"thumbnailUrl":"https:\/\/projekt.vombat.ee\/eco\/wp-content\/uploads\/2023\/03\/ADO-A26S-XE.png","datePublished":"2023-03-26T14:28:31+00:00","dateModified":"2023-08-08T14:44:19+00:00","description":"Olitpa yll\u00e4si housut tai mekko, ADO A26S XE -s\u00e4hk\u00f6py\u00f6r\u00e4ll\u00e4 voit ajaa ilman vaaterajoituksia ja pysy\u00e4 mukavana ja tyylikk\u00e4\u00e4n\u00e4.","breadcrumb":{"@id":"https:\/\/projekt.vombat.ee\/eco\/fi\/myym%C3%A4l%C3%A4\/sahkopyorat\/sahkokaupunkipyorat\/ado-a26s-xe-80-km\/#breadcrumb"},"inLanguage":"en-GB","potentialAction":[{"@type":"ReadAction","target":["https:\/\/projekt.vombat.ee\/eco\/fi\/myym%C3%A4l%C3%A4\/sahkopyorat\/sahkokaupunkipyorat\/ado-a26s-xe-80-km\/"]}]},{"@type":"ImageObject","inLanguage":"en-GB","@id":"https:\/\/projekt.vombat.ee\/eco\/fi\/myym%C3%A4l%C3%A4\/sahkopyorat\/sahkokaupunkipyorat\/ado-a26s-xe-80-km\/#primaryimage","url":"https:\/\/projekt.vombat.ee\/eco\/wp-content\/uploads\/2023\/03\/ADO-A26S-XE.png","contentUrl":"https:\/\/projekt.vombat.ee\/eco\/wp-content\/uploads\/2023\/03\/ADO-A26S-XE.png","width":1000,"height":1000,"caption":"ADO A26S XE"},{"@type":"BreadcrumbList","@id":"https:\/\/projekt.vombat.ee\/eco\/fi\/myym%C3%A4l%C3%A4\/sahkopyorat\/sahkokaupunkipyorat\/ado-a26s-xe-80-km\/#breadcrumb","itemListElement":[{"@type":"ListItem","position":1,"name":"Home","item":"https:\/\/projekt.vombat.ee\/eco\/"},{"@type":"ListItem","position":2,"name":"Pood","item":"https:\/\/projekt.vombat.ee\/eco\/pood\/"},{"@type":"ListItem","position":3,"name":"ADO A26S XE, 80 km"}]},{"@type":"WebSite","@id":"https:\/\/projekt.vombat.ee\/eco\/#website","url":"https:\/\/projekt.vombat.ee\/eco\/","name":"Ecocruiser","description":"","publisher":{"@id":"https:\/\/projekt.vombat.ee\/eco\/#organization"},"potentialAction":[{"@type":"SearchAction","target":{"@type":"EntryPoint","urlTemplate":"https:\/\/projekt.vombat.ee\/eco\/?s={search_term_string}"},"query-input":{"@type":"PropertyValueSpecification","valueRequired":true,"valueName":"search_term_string"}}],"inLanguage":"en-GB"},{"@type":"Organization","@id":"https:\/\/projekt.vombat.ee\/eco\/#organization","name":"Ecocruiser","url":"https:\/\/projekt.vombat.ee\/eco\/","logo":{"@type":"ImageObject","inLanguage":"en-GB","@id":"https:\/\/projekt.vombat.ee\/eco\/#\/schema\/logo\/image\/","url":"https:\/\/projekt.vombat.ee\/eco\/wp-content\/uploads\/2023\/03\/ECOCRUISER_5.png","contentUrl":"https:\/\/projekt.vombat.ee\/eco\/wp-content\/uploads\/2023\/03\/ECOCRUISER_5.png","width":234,"height":91,"caption":"Ecocruiser"},"image":{"@id":"https:\/\/projekt.vombat.ee\/eco\/#\/schema\/logo\/image\/"}}]}},"lang":"fi","translations":{"fi":7387},"pll_sync_post":[],"_links":{"self":[{"href":"https:\/\/projekt.vombat.ee\/eco\/wp-json\/wp\/v2\/product\/7387"}],"collection":[{"href":"https:\/\/projekt.vombat.ee\/eco\/wp-json\/wp\/v2\/product"}],"about":[{"href":"https:\/\/projekt.vombat.ee\/eco\/wp-json\/wp\/v2\/types\/product"}],"version-history":[{"count":1,"href":"https:\/\/projekt.vombat.ee\/eco\/wp-json\/wp\/v2\/product\/7387\/revisions"}],"predecessor-version":[{"id":7392,"href":"https:\/\/projekt.vombat.ee\/eco\/wp-json\/wp\/v2\/product\/7387\/revisions\/7392"}],"wp:featuredmedia":[{"embeddable":true,"href":"https:\/\/projekt.vombat.ee\/eco\/wp-json\/wp\/v2\/media\/7388"}],"wp:attachment":[{"href":"https:\/\/projekt.vombat.ee\/eco\/wp-json\/wp\/v2\/media?parent=7387"}],"wp:term":[{"taxonomy":"product_cat","embeddable":true,"href":"https:\/\/projekt.vombat.ee\/eco\/wp-json\/wp\/v2\/product_cat?post=7387"},{"taxonomy":"product_tag","embeddable":true,"href":"https:\/\/projekt.vombat.ee\/eco\/wp-json\/wp\/v2\/product_tag?post=7387"}],"curies":[{"name":"wp","href":"https:\/\/api.w.org\/{rel}","templated":true}]}}