{"id":7380,"date":"2023-03-26T14:22:17","date_gmt":"2023-03-26T14:22:17","guid":{"rendered":"https:\/\/projekt.vombat.ee\/eco\/?post_type=product&#038;p=7380"},"modified":"2023-11-13T07:20:11","modified_gmt":"2023-11-13T07:20:11","slug":"engwe-x26-250-w-100km","status":"publish","type":"product","link":"https:\/\/projekt.vombat.ee\/eco\/fi\/myym%C3%A4l%C3%A4\/sahkopyorat\/sahkomaastopyora\/engwe-x26-250-w-100km\/","title":{"rendered":"Engwe X26, 250 W 100km"},"content":{"rendered":"<h1>Engwe X26<\/h1>\n<p>Engwe X26 on s\u00e4hk\u00f6py\u00f6rien k\u00e4rjess\u00e4 100 kilometrin toimintamatkallaan. Useimmille ihmisille t\u00e4m\u00e4 tarkoittaa kokonaista viikkoa ajoa yhdell\u00e4 tai kahdella latauksella viikossa. Voit nauttia pitkist\u00e4 off-road-ajoista huolehtimatta latauksesta. P\u00e4\u00e4akku tarjoaa 77 kilometri\u00e4 ja toinen irrotettava akku lis\u00e4\u00e4 kantamaa viel\u00e4 23 kilometri\u00e4.<\/p>\n<h3><img decoding=\"async\" src=\"https:\/\/ottobest.com\/wp-content\/uploads\/2022\/12\/Electric-Bike-Engwe-X26-fast-climbing.jpg\" alt=\"Electric Bike Engwe X26 fast climbing\" \/><\/h3>\n<p>&nbsp;<\/p>\n<h3>Lis\u00e4\u00e4ntynyt ajonopeus<\/h3>\n<p>Huipputeholla 250 W X26-moottori tarjoaa huippunopeuden 25 km\/h, mik\u00e4 ohittaa muut luokkansa s\u00e4hk\u00f6py\u00f6r\u00e4t. T\u00e4m\u00e4 tarkoittaa, ett\u00e4 voit lyhent\u00e4\u00e4 ty\u00f6matkaasi ja p\u00e4\u00e4st\u00e4 poluille nopeammin tiest\u00e4 riippumatta.<\/p>\n<p>&nbsp;<\/p>\n<h3>Iskunvaimenninj\u00e4rjestelm\u00e4<\/h3>\n<p>X26 on varustettu kolminkertaisella iskunvaimenninj\u00e4rjestelm\u00e4ll\u00e4, joka vaihtelee etuhydraulisesta iskunvaimentimesta ja keskimm\u00e4isest\u00e4 mekaanisesta iskunvaimentimesta takaosan ilmaiskunvaimentimeen, mik\u00e4 tekee X26:sta erottuvan muista s\u00e4hk\u00f6py\u00f6rist\u00e4 kolminkertaisella iskunvaimennuksen ansiosta. s\u00e4hk\u00f6py\u00f6r\u00e4.<\/p>\n<p>&nbsp;<\/p>\n<h3>Ajotilat<\/h3>\n<p>Kun aurinko paistaa, tie on suora ja selke\u00e4, haluat nojata taaksep\u00e4in, rentoutua ja tuntea tuulen hiuksissasi. Voit tehd\u00e4 t\u00e4m\u00e4n ENGWE X26 -risteilytilassa. Se syttyy, kun nopeus on vakaa ja ottaa hallinnan yll\u00e4pit\u00e4\u00e4kseen tasaisen nopeuden 3-5 sekuntia poljinta painamatta. N\u00e4in voit vapauttaa kaasupolkimen, pident\u00e4\u00e4 akun k\u00e4ytt\u00f6ik\u00e4\u00e4 ja nauttia ajamisesta.<\/p>\n<p>Sport Mode: ihanteellinen m\u00e4kikiipeilyyn, suurempaan nopeuteen ja intensiivisemp\u00e4\u00e4n harjoitteluun, maksiminopeus on 25 km\/h.<\/p>\n<p>Normaali tila: Se sopii t\u00e4ydellisesti p\u00e4ivitt\u00e4iseen ty\u00f6matkaan ja s\u00e4\u00e4nn\u00f6lliseen harjoitteluun, keskinopeudella ajoon.<\/p>\n<p>Avustustila: rauhalliseen ajoon tasaisella tiell\u00e4 ja avoimessa maastossa.<\/p>\n<p>&nbsp;<\/p>\n<h3>Gears<\/h3>\n<p>Oikean liikkeen l\u00f6yt\u00e4minen on helpompaa, kun valittavana on kahdeksan. ENGWE X26 k\u00e4ytt\u00e4\u00e4 uusimpia Shimanon vaihtajia. Kiipe\u00e4tp\u00e4 m\u00e4ke\u00e4 tai ajat tasaisella alustalla, l\u00f6yd\u00e4t t\u00e4ydelliset varusteet s\u00e4\u00e4st\u00e4\u00e4ksesi energiaa ja l\u00f6yt\u00e4\u00e4ksesi oikean tahdin ajon aikana.<\/p>\n<p>&nbsp;<\/p>\n<h3>Taukoja<\/h3>\n<p>Hyv\u00e4t jarrut voivat pelastaa ihmishenki\u00e4. Hydrauliset levyjarrut sek\u00e4 edess\u00e4 ett\u00e4 takana auttavat sinua pys\u00e4htym\u00e4\u00e4n nopeasti miss\u00e4 tahansa tilanteessa, mik\u00e4 lis\u00e4\u00e4 turvallisuutta. T\u00e4m\u00e4 tarkoittaa korkeatasoista k\u00e4sitelt\u00e4vyytt\u00e4, ajat sitten kaupunkiliikenteess\u00e4 tai mutaisilla teill\u00e4.<\/p>\n<p>X26 on varustettu 48 V:n 12 W ajovaloilla, jotka syttyv\u00e4t automaattisesti pime\u00e4ll\u00e4, ja tehokkaalla punaisella jarruvalolla, joka varoittaa kuljettajia ja moottoripy\u00f6r\u00e4ilij\u00f6it\u00e4, kun olet heid\u00e4n edess\u00e4\u00e4n. Se on j\u00e4rjestelm\u00e4, joka varmistaa turvallisuuden, ajat sitten p\u00e4iv\u00e4ll\u00e4 tai y\u00f6ll\u00e4.<\/p>\n<p>Ei ole aikaa selata valikkoja, kun hypp\u00e4\u00e4t autojen v\u00e4lill\u00e4. ENGWE X26:ssa on suuri v\u00e4rillinen LCD-n\u00e4ytt\u00f6, jossa on kaikki tarvitsemasi tiedot edess\u00e4 ja keskell\u00e4. Sen avulla p\u00e4\u00e4set helposti k\u00e4siksi kaikkiin tarvitsemasi tietoihin yhdell\u00e4 silm\u00e4yksell\u00e4 nopeudesta ajotilaan, akun kestoon ja muuhun.<\/p>\n<p>&nbsp;<\/p>\n<h3>Tiedot<\/h3>\n<p>Materiaali: 6061 alumiiniseos<br \/>\nKoko: 26 x 4,0 tuumaa<br \/>\nV\u00e4\u00e4nt\u00f6: 60 Nm<br \/>\nSuurin nousuaste: 30\u00b0<br \/>\nJarru: Hydraulinen etu- ja takajarru<br \/>\nVaihteisto: Shimano 8 Gears<br \/>\nPy\u00f6r\u00e4n paino: 41 kg<br \/>\nT\u00e4ysi paino: 51 kg<br \/>\nTaitettava koko (P*K*L): 110 * 72 * 120 CM<\/p>\n","protected":false},"excerpt":{"rendered":"<p><strong>Engwe X26 s\u00e4hk\u00f6py\u00f6r\u00e4<\/strong> on paras ratkaisu uusiin ajoajoihin. Tehokkaan 1000 W moottorin ansiosta se tarjoaa enemm\u00e4n hevosvoimaa jyrkimmille nousuille. Luotettavan 250 W:n huipputehonsa ansiosta Engwe X26 liukuu helposti hiekan ja soran yli pys\u00e4htym\u00e4tt\u00e4 ja selvi\u00e4\u00e4 helposti mudasta ja vuorista. Koe tehokas Engwe X26 s\u00e4hk\u00f6py\u00f6r\u00e4 t\u00e4n\u00e4\u00e4n!<\/p>\n<p>&nbsp;<\/p>\n<p>Sopii: 170-210cm ihmisille<br \/>\nAjettu: 100 KM (s\u00e4hk\u00f6k\u00e4ytt\u00f6)<br \/>\nLatausaika: noin 8 tuntia<br \/>\nMaksimikuorma: 150 kg<br \/>\nMoottori: 1200W<br \/>\nAkku 1: 48V 19,2Ah Li-ion akku<br \/>\nAkku 2: 48V 10Ah Li-ion akku<br \/>\nNopeus: 25 km\/h<\/p>\n<p>&nbsp;<\/p>\n<p>\u2666 Toimitusaika 3-8 p\u00e4iv\u00e4\u00e4<br \/>\n\u2666 Varastossa<\/p>\n","protected":false},"featured_media":7381,"template":"","meta":[],"product_cat":[985,979],"product_tag":[],"class_list":{"0":"post-7380","1":"product","2":"type-product","3":"status-publish","4":"has-post-thumbnail","6":"product_cat-sahkomaastopyora","7":"product_cat-sahkopyorat","9":"first","10":"onbackorder","11":"sale","12":"taxable","13":"shipping-taxable","14":"purchasable","15":"product-type-simple"},"yoast_head":"<!-- This site is optimized with the Yoast SEO plugin v23.8 - https:\/\/yoast.com\/wordpress\/plugins\/seo\/ -->\n<title>Engwe X26, 250 W 100km - Ecocruiser<\/title>\n<meta name=\"description\" content=\"Engwe X26 on s\u00e4hk\u00f6py\u00f6rien k\u00e4rjess\u00e4 100 kilometrin toimintamatkallaan. Useimmille ihmisille t\u00e4m\u00e4 tarkoittaa kokonaista viikkoa ajoa yhdell\u00e4 tai kahdella latauksella viikossa. Voit nauttia pitkist\u00e4 off-road-ajoista huolehtimatta latauksesta. P\u00e4\u00e4akku tarjoaa 77 kilometri\u00e4 ja toinen irrotettava akku lis\u00e4\u00e4 kantamaa viel\u00e4 23 kilometri\u00e4.\" \/>\n<meta name=\"robots\" content=\"noindex, follow, max-snippet:-1, max-image-preview:large, max-video-preview:-1\" \/>\n<meta property=\"og:locale\" content=\"en_GB\" \/>\n<meta property=\"og:type\" content=\"article\" \/>\n<meta property=\"og:title\" content=\"Engwe X26, 250 W 100km - Ecocruiser\" \/>\n<meta property=\"og:description\" content=\"Engwe X26 on s\u00e4hk\u00f6py\u00f6rien k\u00e4rjess\u00e4 100 kilometrin toimintamatkallaan. Useimmille ihmisille t\u00e4m\u00e4 tarkoittaa kokonaista viikkoa ajoa yhdell\u00e4 tai kahdella latauksella viikossa. Voit nauttia pitkist\u00e4 off-road-ajoista huolehtimatta latauksesta. P\u00e4\u00e4akku tarjoaa 77 kilometri\u00e4 ja toinen irrotettava akku lis\u00e4\u00e4 kantamaa viel\u00e4 23 kilometri\u00e4.\" \/>\n<meta property=\"og:url\" content=\"https:\/\/projekt.vombat.ee\/eco\/fi\/myym\u00e4l\u00e4\/sahkopyorat\/sahkomaastopyora\/engwe-x26-250-w-100km\/\" \/>\n<meta property=\"og:site_name\" content=\"Ecocruiser\" \/>\n<meta property=\"article:modified_time\" content=\"2023-11-13T07:20:11+00:00\" \/>\n<meta property=\"og:image\" content=\"https:\/\/projekt.vombat.ee\/eco\/wp-content\/uploads\/2023\/03\/Engwe-X26-scaled.webp\" \/>\n\t<meta property=\"og:image:width\" content=\"1838\" \/>\n\t<meta property=\"og:image:height\" content=\"2560\" \/>\n\t<meta property=\"og:image:type\" content=\"image\/webp\" \/>\n<meta name=\"twitter:card\" content=\"summary_large_image\" \/>\n<meta name=\"twitter:label1\" content=\"Estimated reading time\" \/>\n\t<meta name=\"twitter:data1\" content=\"3 minutes\" \/>\n<script type=\"application\/ld+json\" class=\"yoast-schema-graph\">{\"@context\":\"https:\/\/schema.org\",\"@graph\":[{\"@type\":\"WebPage\",\"@id\":\"https:\/\/projekt.vombat.ee\/eco\/fi\/myym%C3%A4l%C3%A4\/sahkopyorat\/sahkomaastopyora\/engwe-x26-250-w-100km\/\",\"url\":\"https:\/\/projekt.vombat.ee\/eco\/fi\/myym%C3%A4l%C3%A4\/sahkopyorat\/sahkomaastopyora\/engwe-x26-250-w-100km\/\",\"name\":\"Engwe X26, 250 W 100km - Ecocruiser\",\"isPartOf\":{\"@id\":\"https:\/\/projekt.vombat.ee\/eco\/#website\"},\"primaryImageOfPage\":{\"@id\":\"https:\/\/projekt.vombat.ee\/eco\/fi\/myym%C3%A4l%C3%A4\/sahkopyorat\/sahkomaastopyora\/engwe-x26-250-w-100km\/#primaryimage\"},\"image\":{\"@id\":\"https:\/\/projekt.vombat.ee\/eco\/fi\/myym%C3%A4l%C3%A4\/sahkopyorat\/sahkomaastopyora\/engwe-x26-250-w-100km\/#primaryimage\"},\"thumbnailUrl\":\"https:\/\/projekt.vombat.ee\/eco\/wp-content\/uploads\/2023\/03\/Engwe-X26-scaled.webp\",\"datePublished\":\"2023-03-26T14:22:17+00:00\",\"dateModified\":\"2023-11-13T07:20:11+00:00\",\"description\":\"Engwe X26 on s\u00e4hk\u00f6py\u00f6rien k\u00e4rjess\u00e4 100 kilometrin toimintamatkallaan. Useimmille ihmisille t\u00e4m\u00e4 tarkoittaa kokonaista viikkoa ajoa yhdell\u00e4 tai kahdella latauksella viikossa. Voit nauttia pitkist\u00e4 off-road-ajoista huolehtimatta latauksesta. P\u00e4\u00e4akku tarjoaa 77 kilometri\u00e4 ja toinen irrotettava akku lis\u00e4\u00e4 kantamaa viel\u00e4 23 kilometri\u00e4.\",\"breadcrumb\":{\"@id\":\"https:\/\/projekt.vombat.ee\/eco\/fi\/myym%C3%A4l%C3%A4\/sahkopyorat\/sahkomaastopyora\/engwe-x26-250-w-100km\/#breadcrumb\"},\"inLanguage\":\"en-GB\",\"potentialAction\":[{\"@type\":\"ReadAction\",\"target\":[\"https:\/\/projekt.vombat.ee\/eco\/fi\/myym%C3%A4l%C3%A4\/sahkopyorat\/sahkomaastopyora\/engwe-x26-250-w-100km\/\"]}]},{\"@type\":\"ImageObject\",\"inLanguage\":\"en-GB\",\"@id\":\"https:\/\/projekt.vombat.ee\/eco\/fi\/myym%C3%A4l%C3%A4\/sahkopyorat\/sahkomaastopyora\/engwe-x26-250-w-100km\/#primaryimage\",\"url\":\"https:\/\/projekt.vombat.ee\/eco\/wp-content\/uploads\/2023\/03\/Engwe-X26-scaled.webp\",\"contentUrl\":\"https:\/\/projekt.vombat.ee\/eco\/wp-content\/uploads\/2023\/03\/Engwe-X26-scaled.webp\",\"width\":1838,\"height\":2560},{\"@type\":\"BreadcrumbList\",\"@id\":\"https:\/\/projekt.vombat.ee\/eco\/fi\/myym%C3%A4l%C3%A4\/sahkopyorat\/sahkomaastopyora\/engwe-x26-250-w-100km\/#breadcrumb\",\"itemListElement\":[{\"@type\":\"ListItem\",\"position\":1,\"name\":\"Home\",\"item\":\"https:\/\/projekt.vombat.ee\/eco\/\"},{\"@type\":\"ListItem\",\"position\":2,\"name\":\"Pood\",\"item\":\"https:\/\/projekt.vombat.ee\/eco\/pood\/\"},{\"@type\":\"ListItem\",\"position\":3,\"name\":\"Engwe X26, 250 W 100km\"}]},{\"@type\":\"WebSite\",\"@id\":\"https:\/\/projekt.vombat.ee\/eco\/#website\",\"url\":\"https:\/\/projekt.vombat.ee\/eco\/\",\"name\":\"Ecocruiser\",\"description\":\"\",\"publisher\":{\"@id\":\"https:\/\/projekt.vombat.ee\/eco\/#organization\"},\"potentialAction\":[{\"@type\":\"SearchAction\",\"target\":{\"@type\":\"EntryPoint\",\"urlTemplate\":\"https:\/\/projekt.vombat.ee\/eco\/?s={search_term_string}\"},\"query-input\":{\"@type\":\"PropertyValueSpecification\",\"valueRequired\":true,\"valueName\":\"search_term_string\"}}],\"inLanguage\":\"en-GB\"},{\"@type\":\"Organization\",\"@id\":\"https:\/\/projekt.vombat.ee\/eco\/#organization\",\"name\":\"Ecocruiser\",\"url\":\"https:\/\/projekt.vombat.ee\/eco\/\",\"logo\":{\"@type\":\"ImageObject\",\"inLanguage\":\"en-GB\",\"@id\":\"https:\/\/projekt.vombat.ee\/eco\/#\/schema\/logo\/image\/\",\"url\":\"https:\/\/projekt.vombat.ee\/eco\/wp-content\/uploads\/2023\/03\/ECOCRUISER_5.png\",\"contentUrl\":\"https:\/\/projekt.vombat.ee\/eco\/wp-content\/uploads\/2023\/03\/ECOCRUISER_5.png\",\"width\":234,\"height\":91,\"caption\":\"Ecocruiser\"},\"image\":{\"@id\":\"https:\/\/projekt.vombat.ee\/eco\/#\/schema\/logo\/image\/\"}}]}<\/script>\n<!-- \/ Yoast SEO plugin. -->","yoast_head_json":{"title":"Engwe X26, 250 W 100km - Ecocruiser","description":"Engwe X26 on s\u00e4hk\u00f6py\u00f6rien k\u00e4rjess\u00e4 100 kilometrin toimintamatkallaan. Useimmille ihmisille t\u00e4m\u00e4 tarkoittaa kokonaista viikkoa ajoa yhdell\u00e4 tai kahdella latauksella viikossa. Voit nauttia pitkist\u00e4 off-road-ajoista huolehtimatta latauksesta. P\u00e4\u00e4akku tarjoaa 77 kilometri\u00e4 ja toinen irrotettava akku lis\u00e4\u00e4 kantamaa viel\u00e4 23 kilometri\u00e4.","robots":{"index":"noindex","follow":"follow","max-snippet":"max-snippet:-1","max-image-preview":"max-image-preview:large","max-video-preview":"max-video-preview:-1"},"og_locale":"en_GB","og_type":"article","og_title":"Engwe X26, 250 W 100km - Ecocruiser","og_description":"Engwe X26 on s\u00e4hk\u00f6py\u00f6rien k\u00e4rjess\u00e4 100 kilometrin toimintamatkallaan. Useimmille ihmisille t\u00e4m\u00e4 tarkoittaa kokonaista viikkoa ajoa yhdell\u00e4 tai kahdella latauksella viikossa. Voit nauttia pitkist\u00e4 off-road-ajoista huolehtimatta latauksesta. P\u00e4\u00e4akku tarjoaa 77 kilometri\u00e4 ja toinen irrotettava akku lis\u00e4\u00e4 kantamaa viel\u00e4 23 kilometri\u00e4.","og_url":"https:\/\/projekt.vombat.ee\/eco\/fi\/myym\u00e4l\u00e4\/sahkopyorat\/sahkomaastopyora\/engwe-x26-250-w-100km\/","og_site_name":"Ecocruiser","article_modified_time":"2023-11-13T07:20:11+00:00","og_image":[{"width":1838,"height":2560,"url":"https:\/\/projekt.vombat.ee\/eco\/wp-content\/uploads\/2023\/03\/Engwe-X26-scaled.webp","type":"image\/webp"}],"twitter_card":"summary_large_image","twitter_misc":{"Estimated reading time":"3 minutes"},"schema":{"@context":"https:\/\/schema.org","@graph":[{"@type":"WebPage","@id":"https:\/\/projekt.vombat.ee\/eco\/fi\/myym%C3%A4l%C3%A4\/sahkopyorat\/sahkomaastopyora\/engwe-x26-250-w-100km\/","url":"https:\/\/projekt.vombat.ee\/eco\/fi\/myym%C3%A4l%C3%A4\/sahkopyorat\/sahkomaastopyora\/engwe-x26-250-w-100km\/","name":"Engwe X26, 250 W 100km - Ecocruiser","isPartOf":{"@id":"https:\/\/projekt.vombat.ee\/eco\/#website"},"primaryImageOfPage":{"@id":"https:\/\/projekt.vombat.ee\/eco\/fi\/myym%C3%A4l%C3%A4\/sahkopyorat\/sahkomaastopyora\/engwe-x26-250-w-100km\/#primaryimage"},"image":{"@id":"https:\/\/projekt.vombat.ee\/eco\/fi\/myym%C3%A4l%C3%A4\/sahkopyorat\/sahkomaastopyora\/engwe-x26-250-w-100km\/#primaryimage"},"thumbnailUrl":"https:\/\/projekt.vombat.ee\/eco\/wp-content\/uploads\/2023\/03\/Engwe-X26-scaled.webp","datePublished":"2023-03-26T14:22:17+00:00","dateModified":"2023-11-13T07:20:11+00:00","description":"Engwe X26 on s\u00e4hk\u00f6py\u00f6rien k\u00e4rjess\u00e4 100 kilometrin toimintamatkallaan. Useimmille ihmisille t\u00e4m\u00e4 tarkoittaa kokonaista viikkoa ajoa yhdell\u00e4 tai kahdella latauksella viikossa. Voit nauttia pitkist\u00e4 off-road-ajoista huolehtimatta latauksesta. P\u00e4\u00e4akku tarjoaa 77 kilometri\u00e4 ja toinen irrotettava akku lis\u00e4\u00e4 kantamaa viel\u00e4 23 kilometri\u00e4.","breadcrumb":{"@id":"https:\/\/projekt.vombat.ee\/eco\/fi\/myym%C3%A4l%C3%A4\/sahkopyorat\/sahkomaastopyora\/engwe-x26-250-w-100km\/#breadcrumb"},"inLanguage":"en-GB","potentialAction":[{"@type":"ReadAction","target":["https:\/\/projekt.vombat.ee\/eco\/fi\/myym%C3%A4l%C3%A4\/sahkopyorat\/sahkomaastopyora\/engwe-x26-250-w-100km\/"]}]},{"@type":"ImageObject","inLanguage":"en-GB","@id":"https:\/\/projekt.vombat.ee\/eco\/fi\/myym%C3%A4l%C3%A4\/sahkopyorat\/sahkomaastopyora\/engwe-x26-250-w-100km\/#primaryimage","url":"https:\/\/projekt.vombat.ee\/eco\/wp-content\/uploads\/2023\/03\/Engwe-X26-scaled.webp","contentUrl":"https:\/\/projekt.vombat.ee\/eco\/wp-content\/uploads\/2023\/03\/Engwe-X26-scaled.webp","width":1838,"height":2560},{"@type":"BreadcrumbList","@id":"https:\/\/projekt.vombat.ee\/eco\/fi\/myym%C3%A4l%C3%A4\/sahkopyorat\/sahkomaastopyora\/engwe-x26-250-w-100km\/#breadcrumb","itemListElement":[{"@type":"ListItem","position":1,"name":"Home","item":"https:\/\/projekt.vombat.ee\/eco\/"},{"@type":"ListItem","position":2,"name":"Pood","item":"https:\/\/projekt.vombat.ee\/eco\/pood\/"},{"@type":"ListItem","position":3,"name":"Engwe X26, 250 W 100km"}]},{"@type":"WebSite","@id":"https:\/\/projekt.vombat.ee\/eco\/#website","url":"https:\/\/projekt.vombat.ee\/eco\/","name":"Ecocruiser","description":"","publisher":{"@id":"https:\/\/projekt.vombat.ee\/eco\/#organization"},"potentialAction":[{"@type":"SearchAction","target":{"@type":"EntryPoint","urlTemplate":"https:\/\/projekt.vombat.ee\/eco\/?s={search_term_string}"},"query-input":{"@type":"PropertyValueSpecification","valueRequired":true,"valueName":"search_term_string"}}],"inLanguage":"en-GB"},{"@type":"Organization","@id":"https:\/\/projekt.vombat.ee\/eco\/#organization","name":"Ecocruiser","url":"https:\/\/projekt.vombat.ee\/eco\/","logo":{"@type":"ImageObject","inLanguage":"en-GB","@id":"https:\/\/projekt.vombat.ee\/eco\/#\/schema\/logo\/image\/","url":"https:\/\/projekt.vombat.ee\/eco\/wp-content\/uploads\/2023\/03\/ECOCRUISER_5.png","contentUrl":"https:\/\/projekt.vombat.ee\/eco\/wp-content\/uploads\/2023\/03\/ECOCRUISER_5.png","width":234,"height":91,"caption":"Ecocruiser"},"image":{"@id":"https:\/\/projekt.vombat.ee\/eco\/#\/schema\/logo\/image\/"}}]}},"lang":"fi","translations":{"fi":7380},"pll_sync_post":[],"_links":{"self":[{"href":"https:\/\/projekt.vombat.ee\/eco\/wp-json\/wp\/v2\/product\/7380"}],"collection":[{"href":"https:\/\/projekt.vombat.ee\/eco\/wp-json\/wp\/v2\/product"}],"about":[{"href":"https:\/\/projekt.vombat.ee\/eco\/wp-json\/wp\/v2\/types\/product"}],"version-history":[{"count":2,"href":"https:\/\/projekt.vombat.ee\/eco\/wp-json\/wp\/v2\/product\/7380\/revisions"}],"predecessor-version":[{"id":7393,"href":"https:\/\/projekt.vombat.ee\/eco\/wp-json\/wp\/v2\/product\/7380\/revisions\/7393"}],"wp:featuredmedia":[{"embeddable":true,"href":"https:\/\/projekt.vombat.ee\/eco\/wp-json\/wp\/v2\/media\/7381"}],"wp:attachment":[{"href":"https:\/\/projekt.vombat.ee\/eco\/wp-json\/wp\/v2\/media?parent=7380"}],"wp:term":[{"taxonomy":"product_cat","embeddable":true,"href":"https:\/\/projekt.vombat.ee\/eco\/wp-json\/wp\/v2\/product_cat?post=7380"},{"taxonomy":"product_tag","embeddable":true,"href":"https:\/\/projekt.vombat.ee\/eco\/wp-json\/wp\/v2\/product_tag?post=7380"}],"curies":[{"name":"wp","href":"https:\/\/api.w.org\/{rel}","templated":true}]}}