{"id":7363,"date":"2023-03-26T13:53:43","date_gmt":"2023-03-26T13:53:43","guid":{"rendered":"https:\/\/projekt.vombat.ee\/eco\/?post_type=product&#038;p=7363"},"modified":"2024-01-20T03:55:26","modified_gmt":"2024-01-20T03:55:26","slug":"ado-dece-300c-90km","status":"publish","type":"product","link":"https:\/\/projekt.vombat.ee\/eco\/fi\/myym%C3%A4l%C3%A4\/sahkopyorat\/sahkomaastopyora\/ado-dece-300c-90km\/","title":{"rendered":"ADO DECE 300C, 90km"},"content":{"rendered":"<h1>Uusi energiaakku<\/h1>\n<p>10,4 Ah:n irrotettava ja moninkertaisesti suojattu akku ei ole vain k\u00e4tev\u00e4 ladata ja kuljettaa, vaan my\u00f6s turvallinen.<\/p>\n<p>Ylivirtasuoja<br \/>\nYlilataussuoja<br \/>\nL\u00e4mp\u00f6tilasuoja<br \/>\nOikosulkusuojaus<\/p>\n<h3><img fetchpriority=\"high\" decoding=\"async\" class=\"msub_k4 mupj_5k mjru_k4 mse2_k4 mp7g_f6 mq1m_0 mj7u_0 m7er_k4 lazyloaded\" src=\"https:\/\/a.allegroimg.com\/original\/11fb1e\/b6d16ba4488a8845c3a02e2b75c5\/ADO-DECE-300C-27-5-gorski-Rower-Elektryczny-Brand-ADO\" sizes=\"(min-width: 1200px) 560px, (min-width: 992px) 50vw, 100vw\" srcset=\"https:\/\/a.allegroimg.com\/s360\/11fb1e\/b6d16ba4488a8845c3a02e2b75c5\/ADO-DECE-300C-27-5-gorski-Rower-Elektryczny-Brand-ADO 360w,https:\/\/a.allegroimg.com\/s720\/11fb1e\/b6d16ba4488a8845c3a02e2b75c5\/ADO-DECE-300C-27-5-gorski-Rower-Elektryczny-Brand-ADO 720w,https:\/\/a.allegroimg.com\/s1024\/11fb1e\/b6d16ba4488a8845c3a02e2b75c5\/ADO-DECE-300C-27-5-gorski-Rower-Elektryczny-Brand-ADO 800w,https:\/\/a.allegroimg.com\/original\/11fb1e\/b6d16ba4488a8845c3a02e2b75c5\/ADO-DECE-300C-27-5-gorski-Rower-Elektryczny-Brand-ADO 800w\" alt=\"ADO DECE 300C 27,5&amp;quot; g\u00f3rski Rower Elektryczny Brand ADO\" width=\"578\" height=\"434\" data-src=\"https:\/\/a.allegroimg.com\/original\/11fb1e\/b6d16ba4488a8845c3a02e2b75c5\/ADO-DECE-300C-27-5-gorski-Rower-Elektryczny-Brand-ADO\" data-srcset=\"https:\/\/a.allegroimg.com\/s360\/11fb1e\/b6d16ba4488a8845c3a02e2b75c5\/ADO-DECE-300C-27-5-gorski-Rower-Elektryczny-Brand-ADO 360w,https:\/\/a.allegroimg.com\/s720\/11fb1e\/b6d16ba4488a8845c3a02e2b75c5\/ADO-DECE-300C-27-5-gorski-Rower-Elektryczny-Brand-ADO 720w,https:\/\/a.allegroimg.com\/s1024\/11fb1e\/b6d16ba4488a8845c3a02e2b75c5\/ADO-DECE-300C-27-5-gorski-Rower-Elektryczny-Brand-ADO 800w,https:\/\/a.allegroimg.com\/original\/11fb1e\/b6d16ba4488a8845c3a02e2b75c5\/ADO-DECE-300C-27-5-gorski-Rower-Elektryczny-Brand-ADO 800w\" \/><\/h3>\n<h3>Shimanon 9-vaihteinen vaihteisto<\/h3>\n<p>Edullisempi DECE 300C on varustettu 9-nopeuksisella Shimano Altus -voimansiirrolla, ammattik\u00e4ytt\u00f6isell\u00e4 py\u00f6r\u00e4n vaihteistolla, joka on aina tasainen ja nopeasti vaihdettava ja jota ohjataan ohjaustankoon asennetulla valitsimella.<\/p>\n<p><img decoding=\"async\" class=\"msub_k4 mupj_5k mjru_k4 mse2_k4 mp7g_f6 mq1m_0 mj7u_0 m7er_k4 lazyloaded\" src=\"https:\/\/a.allegroimg.com\/original\/11894b\/ca5412fc467180d404330e322b0d\/ADO-DECE-300C-27-5-gorski-Rower-Elektryczny-Rechargeable-battery-lithium-ion\" sizes=\"(min-width: 1200px) 560px, (min-width: 992px) 50vw, 100vw\" srcset=\"https:\/\/a.allegroimg.com\/s360\/11894b\/ca5412fc467180d404330e322b0d\/ADO-DECE-300C-27-5-gorski-Rower-Elektryczny-Rechargeable-battery-lithium-ion 360w,https:\/\/a.allegroimg.com\/s720\/11894b\/ca5412fc467180d404330e322b0d\/ADO-DECE-300C-27-5-gorski-Rower-Elektryczny-Rechargeable-battery-lithium-ion 720w,https:\/\/a.allegroimg.com\/s1024\/11894b\/ca5412fc467180d404330e322b0d\/ADO-DECE-300C-27-5-gorski-Rower-Elektryczny-Rechargeable-battery-lithium-ion 1000w,https:\/\/a.allegroimg.com\/original\/11894b\/ca5412fc467180d404330e322b0d\/ADO-DECE-300C-27-5-gorski-Rower-Elektryczny-Rechargeable-battery-lithium-ion 1000w\" alt=\"ADO DECE 300C 27,5&amp;quot; g\u00f3rski Rower Elektryczny Rechargeable battery lithium-ion\" width=\"593\" height=\"474\" data-src=\"https:\/\/a.allegroimg.com\/original\/11894b\/ca5412fc467180d404330e322b0d\/ADO-DECE-300C-27-5-gorski-Rower-Elektryczny-Rechargeable-battery-lithium-ion\" data-srcset=\"https:\/\/a.allegroimg.com\/s360\/11894b\/ca5412fc467180d404330e322b0d\/ADO-DECE-300C-27-5-gorski-Rower-Elektryczny-Rechargeable-battery-lithium-ion 360w,https:\/\/a.allegroimg.com\/s720\/11894b\/ca5412fc467180d404330e322b0d\/ADO-DECE-300C-27-5-gorski-Rower-Elektryczny-Rechargeable-battery-lithium-ion 720w,https:\/\/a.allegroimg.com\/s1024\/11894b\/ca5412fc467180d404330e322b0d\/ADO-DECE-300C-27-5-gorski-Rower-Elektryczny-Rechargeable-battery-lithium-ion 1000w,https:\/\/a.allegroimg.com\/original\/11894b\/ca5412fc467180d404330e322b0d\/ADO-DECE-300C-27-5-gorski-Rower-Elektryczny-Rechargeable-battery-lithium-ion 1000w\" \/><\/p>\n<h3>\nHydrauliset levyjarrut<\/h3>\n<p>ADO varmistaa kuljettajan t\u00e4ydellisen turvallisuuden varustamalla sek\u00e4 etu- ett\u00e4 takapy\u00f6r\u00e4t DECE 300C -py\u00f6r\u00e4t eritt\u00e4in kest\u00e4vill\u00e4 hydraulisilla levyjarruilla, mik\u00e4 varmistaa tasaisen ja turvallisen pys\u00e4htymisen kaikissa olosuhteissa.<\/p>\n<p><img decoding=\"async\" class=\"msub_k4 mupj_5k mjru_k4 mse2_k4 mp7g_f6 mq1m_0 mj7u_0 m7er_k4 lazyloaded\" src=\"https:\/\/a.allegroimg.com\/original\/114857\/4a98b9ec40caba5897a4b5eac789\/ADO-DECE-300C-27-5-gorski-Rower-Elektryczny-EAN-GTIN-4537365596528\" sizes=\"(min-width: 1200px) 560px, (min-width: 992px) 50vw, 100vw\" srcset=\"https:\/\/a.allegroimg.com\/s360\/114857\/4a98b9ec40caba5897a4b5eac789\/ADO-DECE-300C-27-5-gorski-Rower-Elektryczny-EAN-GTIN-4537365596528 360w,https:\/\/a.allegroimg.com\/s720\/114857\/4a98b9ec40caba5897a4b5eac789\/ADO-DECE-300C-27-5-gorski-Rower-Elektryczny-EAN-GTIN-4537365596528 720w,https:\/\/a.allegroimg.com\/s1024\/114857\/4a98b9ec40caba5897a4b5eac789\/ADO-DECE-300C-27-5-gorski-Rower-Elektryczny-EAN-GTIN-4537365596528 800w,https:\/\/a.allegroimg.com\/original\/114857\/4a98b9ec40caba5897a4b5eac789\/ADO-DECE-300C-27-5-gorski-Rower-Elektryczny-EAN-GTIN-4537365596528 800w\" alt=\"ADO DECE 300C 27,5&amp;quot; g\u00f3rski Rower Elektryczny EAN (GTIN) 4537365596528\" width=\"567\" height=\"425\" data-src=\"https:\/\/a.allegroimg.com\/original\/114857\/4a98b9ec40caba5897a4b5eac789\/ADO-DECE-300C-27-5-gorski-Rower-Elektryczny-EAN-GTIN-4537365596528\" data-srcset=\"https:\/\/a.allegroimg.com\/s360\/114857\/4a98b9ec40caba5897a4b5eac789\/ADO-DECE-300C-27-5-gorski-Rower-Elektryczny-EAN-GTIN-4537365596528 360w,https:\/\/a.allegroimg.com\/s720\/114857\/4a98b9ec40caba5897a4b5eac789\/ADO-DECE-300C-27-5-gorski-Rower-Elektryczny-EAN-GTIN-4537365596528 720w,https:\/\/a.allegroimg.com\/s1024\/114857\/4a98b9ec40caba5897a4b5eac789\/ADO-DECE-300C-27-5-gorski-Rower-Elektryczny-EAN-GTIN-4537365596528 800w,https:\/\/a.allegroimg.com\/original\/114857\/4a98b9ec40caba5897a4b5eac789\/ADO-DECE-300C-27-5-gorski-Rower-Elektryczny-EAN-GTIN-4537365596528 800w\" \/><\/p>\n<h3>\nOhjattu haarukan vaimennus<\/h3>\n<p>DECE 300C:ss\u00e4 on \u00e4lyk\u00e4s vaimennusj\u00e4rjestelm\u00e4, joka tekee ajostasi tasaisemman ja antaa sinun mukautua muuttuviin tieolosuhteisiin. Sinun tarvitsee vain painaa painiketta mukautuaksesi maastoon, jolla ajat.<\/p>\n<p><img loading=\"lazy\" decoding=\"async\" class=\"msub_k4 mupj_5k mjru_k4 mse2_k4 mp7g_f6 mq1m_0 mj7u_0 m7er_k4 lazyloaded\" src=\"https:\/\/a.allegroimg.com\/original\/115d4e\/71cf457f4b939242c9cc0fb8815f\/ADO-DECE-300C-27-5-gorski-Rower-Elektryczny-Manufacturer-s-code-4537365596528\" sizes=\"(min-width: 1200px) 560px, (min-width: 992px) 50vw, 100vw\" srcset=\"https:\/\/a.allegroimg.com\/s360\/115d4e\/71cf457f4b939242c9cc0fb8815f\/ADO-DECE-300C-27-5-gorski-Rower-Elektryczny-Manufacturer-s-code-4537365596528 360w,https:\/\/a.allegroimg.com\/s720\/115d4e\/71cf457f4b939242c9cc0fb8815f\/ADO-DECE-300C-27-5-gorski-Rower-Elektryczny-Manufacturer-s-code-4537365596528 720w,https:\/\/a.allegroimg.com\/s1024\/115d4e\/71cf457f4b939242c9cc0fb8815f\/ADO-DECE-300C-27-5-gorski-Rower-Elektryczny-Manufacturer-s-code-4537365596528 800w,https:\/\/a.allegroimg.com\/original\/115d4e\/71cf457f4b939242c9cc0fb8815f\/ADO-DECE-300C-27-5-gorski-Rower-Elektryczny-Manufacturer-s-code-4537365596528 800w\" alt=\"ADO DECE 300C 27,5&amp;quot; g\u00f3rski Rower Elektryczny Manufacturer's code 4537365596528\" width=\"568\" height=\"427\" data-src=\"https:\/\/a.allegroimg.com\/original\/115d4e\/71cf457f4b939242c9cc0fb8815f\/ADO-DECE-300C-27-5-gorski-Rower-Elektryczny-Manufacturer-s-code-4537365596528\" data-srcset=\"https:\/\/a.allegroimg.com\/s360\/115d4e\/71cf457f4b939242c9cc0fb8815f\/ADO-DECE-300C-27-5-gorski-Rower-Elektryczny-Manufacturer-s-code-4537365596528 360w,https:\/\/a.allegroimg.com\/s720\/115d4e\/71cf457f4b939242c9cc0fb8815f\/ADO-DECE-300C-27-5-gorski-Rower-Elektryczny-Manufacturer-s-code-4537365596528 720w,https:\/\/a.allegroimg.com\/s1024\/115d4e\/71cf457f4b939242c9cc0fb8815f\/ADO-DECE-300C-27-5-gorski-Rower-Elektryczny-Manufacturer-s-code-4537365596528 800w,https:\/\/a.allegroimg.com\/original\/115d4e\/71cf457f4b939242c9cc0fb8815f\/ADO-DECE-300C-27-5-gorski-Rower-Elektryczny-Manufacturer-s-code-4537365596528 800w\" \/><\/p>\n<h3>Kevyt alumiiniseosrunko<\/h3>\n<p>Runko on valmistettu kevyest\u00e4 alumiiniseoksesta, py\u00f6r\u00e4n koko paino on vain 22 kg.<\/p>\n<p><img loading=\"lazy\" decoding=\"async\" class=\"msub_k4 mupj_5k mjru_k4 mse2_k4 mp7g_f6 mq1m_0 mj7u_0 m7er_k4 lazyloaded\" src=\"https:\/\/a.allegroimg.com\/original\/11b909\/014a4b4e421d919a8cfa460542c9\/ADO-DECE-300C-27-5-gorski-Rower-Elektryczny-Model-Adoebike-DECE-300\" sizes=\"(min-width: 1200px) 560px, (min-width: 992px) 50vw, 100vw\" srcset=\"https:\/\/a.allegroimg.com\/s360\/11b909\/014a4b4e421d919a8cfa460542c9\/ADO-DECE-300C-27-5-gorski-Rower-Elektryczny-Model-Adoebike-DECE-300 360w,https:\/\/a.allegroimg.com\/s720\/11b909\/014a4b4e421d919a8cfa460542c9\/ADO-DECE-300C-27-5-gorski-Rower-Elektryczny-Model-Adoebike-DECE-300 720w,https:\/\/a.allegroimg.com\/s1024\/11b909\/014a4b4e421d919a8cfa460542c9\/ADO-DECE-300C-27-5-gorski-Rower-Elektryczny-Model-Adoebike-DECE-300 800w,https:\/\/a.allegroimg.com\/original\/11b909\/014a4b4e421d919a8cfa460542c9\/ADO-DECE-300C-27-5-gorski-Rower-Elektryczny-Model-Adoebike-DECE-300 800w\" alt=\"ADO DECE 300C 27,5&amp;quot; g\u00f3rski Rower Elektryczny Model Adoebike-DECE 300\" width=\"555\" height=\"416\" data-src=\"https:\/\/a.allegroimg.com\/original\/11b909\/014a4b4e421d919a8cfa460542c9\/ADO-DECE-300C-27-5-gorski-Rower-Elektryczny-Model-Adoebike-DECE-300\" data-srcset=\"https:\/\/a.allegroimg.com\/s360\/11b909\/014a4b4e421d919a8cfa460542c9\/ADO-DECE-300C-27-5-gorski-Rower-Elektryczny-Model-Adoebike-DECE-300 360w,https:\/\/a.allegroimg.com\/s720\/11b909\/014a4b4e421d919a8cfa460542c9\/ADO-DECE-300C-27-5-gorski-Rower-Elektryczny-Model-Adoebike-DECE-300 720w,https:\/\/a.allegroimg.com\/s1024\/11b909\/014a4b4e421d919a8cfa460542c9\/ADO-DECE-300C-27-5-gorski-Rower-Elektryczny-Model-Adoebike-DECE-300 800w,https:\/\/a.allegroimg.com\/original\/11b909\/014a4b4e421d919a8cfa460542c9\/ADO-DECE-300C-27-5-gorski-Rower-Elektryczny-Model-Adoebike-DECE-300 800w\" \/><\/p>\n<h3>\nADO G-Driver 2.0 ohjausj\u00e4rjestelm\u00e4<\/h3>\n<p>G-Driver-ohjausj\u00e4rjestelm\u00e4, joka simuloi v\u00e4\u00e4nt\u00f6momentin tunnistusperiaatetta, voi s\u00e4\u00e4t\u00e4\u00e4 \u00e4lykk\u00e4\u00e4sti apuvoimaa nousun ja laskun aikana. s\u00e4\u00e4st\u00e4\u00e4 tehokkaasti ty\u00f6voimaa.<\/p>\n<p><img loading=\"lazy\" decoding=\"async\" class=\"msub_k4 mupj_5k mjru_k4 mse2_k4 mp7g_f6 mq1m_0 mj7u_0 m7er_k4 lazyloaded\" src=\"https:\/\/a.allegroimg.com\/original\/1124ca\/8bffe8ae4eebb923c697ee6ebf5f\/ADO-DECE-300C-27-5-gorski-Rower-Elektryczny-Weight-22-kg\" sizes=\"(min-width: 1200px) 560px, (min-width: 992px) 50vw, 100vw\" srcset=\"https:\/\/a.allegroimg.com\/s360\/1124ca\/8bffe8ae4eebb923c697ee6ebf5f\/ADO-DECE-300C-27-5-gorski-Rower-Elektryczny-Weight-22-kg 360w,https:\/\/a.allegroimg.com\/s720\/1124ca\/8bffe8ae4eebb923c697ee6ebf5f\/ADO-DECE-300C-27-5-gorski-Rower-Elektryczny-Weight-22-kg 720w,https:\/\/a.allegroimg.com\/s1024\/1124ca\/8bffe8ae4eebb923c697ee6ebf5f\/ADO-DECE-300C-27-5-gorski-Rower-Elektryczny-Weight-22-kg 800w,https:\/\/a.allegroimg.com\/original\/1124ca\/8bffe8ae4eebb923c697ee6ebf5f\/ADO-DECE-300C-27-5-gorski-Rower-Elektryczny-Weight-22-kg 800w\" alt=\"ADO DECE 300C 27,5&amp;quot; g\u00f3rski Rower Elektryczny Weight 22 kg\" width=\"668\" height=\"446\" data-src=\"https:\/\/a.allegroimg.com\/original\/1124ca\/8bffe8ae4eebb923c697ee6ebf5f\/ADO-DECE-300C-27-5-gorski-Rower-Elektryczny-Weight-22-kg\" data-srcset=\"https:\/\/a.allegroimg.com\/s360\/1124ca\/8bffe8ae4eebb923c697ee6ebf5f\/ADO-DECE-300C-27-5-gorski-Rower-Elektryczny-Weight-22-kg 360w,https:\/\/a.allegroimg.com\/s720\/1124ca\/8bffe8ae4eebb923c697ee6ebf5f\/ADO-DECE-300C-27-5-gorski-Rower-Elektryczny-Weight-22-kg 720w,https:\/\/a.allegroimg.com\/s1024\/1124ca\/8bffe8ae4eebb923c697ee6ebf5f\/ADO-DECE-300C-27-5-gorski-Rower-Elektryczny-Weight-22-kg 800w,https:\/\/a.allegroimg.com\/original\/1124ca\/8bffe8ae4eebb923c697ee6ebf5f\/ADO-DECE-300C-27-5-gorski-Rower-Elektryczny-Weight-22-kg 800w\" \/><\/p>\n<p><img loading=\"lazy\" decoding=\"async\" class=\"msub_k4 mupj_5k mjru_k4 mse2_k4 mp7g_f6 mq1m_0 mj7u_0 m7er_k4 lazyloaded\" src=\"https:\/\/a.allegroimg.com\/original\/111e79\/eb6c9fae49a5b46d43338b7edf48\/ADO-DECE-300C-27-5-gorski-Rower-Elektryczny-Frame-Material-aluminum\" sizes=\"(min-width: 1200px) 560px, (min-width: 992px) 50vw, 100vw\" srcset=\"https:\/\/a.allegroimg.com\/s360\/111e79\/eb6c9fae49a5b46d43338b7edf48\/ADO-DECE-300C-27-5-gorski-Rower-Elektryczny-Frame-Material-aluminum 360w,https:\/\/a.allegroimg.com\/s720\/111e79\/eb6c9fae49a5b46d43338b7edf48\/ADO-DECE-300C-27-5-gorski-Rower-Elektryczny-Frame-Material-aluminum 720w,https:\/\/a.allegroimg.com\/s1024\/111e79\/eb6c9fae49a5b46d43338b7edf48\/ADO-DECE-300C-27-5-gorski-Rower-Elektryczny-Frame-Material-aluminum 800w,https:\/\/a.allegroimg.com\/original\/111e79\/eb6c9fae49a5b46d43338b7edf48\/ADO-DECE-300C-27-5-gorski-Rower-Elektryczny-Frame-Material-aluminum 800w\" alt=\"ADO DECE 300C 27,5&amp;quot; g\u00f3rski Rower Elektryczny Frame Material aluminum\" width=\"669\" height=\"447\" data-src=\"https:\/\/a.allegroimg.com\/original\/111e79\/eb6c9fae49a5b46d43338b7edf48\/ADO-DECE-300C-27-5-gorski-Rower-Elektryczny-Frame-Material-aluminum\" data-srcset=\"https:\/\/a.allegroimg.com\/s360\/111e79\/eb6c9fae49a5b46d43338b7edf48\/ADO-DECE-300C-27-5-gorski-Rower-Elektryczny-Frame-Material-aluminum 360w,https:\/\/a.allegroimg.com\/s720\/111e79\/eb6c9fae49a5b46d43338b7edf48\/ADO-DECE-300C-27-5-gorski-Rower-Elektryczny-Frame-Material-aluminum 720w,https:\/\/a.allegroimg.com\/s1024\/111e79\/eb6c9fae49a5b46d43338b7edf48\/ADO-DECE-300C-27-5-gorski-Rower-Elektryczny-Frame-Material-aluminum 800w,https:\/\/a.allegroimg.com\/original\/111e79\/eb6c9fae49a5b46d43338b7edf48\/ADO-DECE-300C-27-5-gorski-Rower-Elektryczny-Frame-Material-aluminum 800w\" \/><\/p>\n","protected":false},"excerpt":{"rendered":"<p><strong>T\u00e4ydellinen matka kaikille s\u00e4hk\u00f6py\u00f6r\u00e4\u00e4 etsiville. T\u00e4ydellinen moottoritielle, soralle ja avoimille kivikkoisille teille.<\/strong><\/p>\n<p>&nbsp;<\/p>\n<p>Maksimikuorma: 120 kg<br \/>\nSuurin nopeus: 25 km\/h<br \/>\nLatausaika: 6-7 tuntia<br \/>\nMoottorin teho: 250W<br \/>\nAkku: 36V10.4AH<br \/>\nNopeudet: Shimano 9 vaihdetta<br \/>\nS\u00e4hk\u00f6inen et\u00e4isyys: &lt;60km<br \/>\nAvustuset\u00e4isyys: &lt;90 km<br \/>\nSovitin: 42v2A<br \/>\nPaino: 22 kg<br \/>\nN\u00e4ytt\u00f6: LCD-n\u00e4ytt\u00f6<br \/>\nKokonaismitat: 180 * 64 * 110 cm<br \/>\nLCD-n\u00e4ytt\u00f6: S830 Central Smart<br \/>\nVedenkest\u00e4vyysluokitus: IPX5<\/p>\n<p>&nbsp;<\/p>\n<p>\u2666 Toimitusaika 3-8 p\u00e4iv\u00e4\u00e4<br \/>\n\u2666 Varastossa<\/p>\n","protected":false},"featured_media":7364,"template":"","meta":[],"product_cat":[1288,985,979],"product_tag":[],"class_list":{"0":"post-7363","1":"product","2":"type-product","3":"status-publish","4":"has-post-thumbnail","6":"product_cat-ado","7":"product_cat-sahkomaastopyora","8":"product_cat-sahkopyorat","9":"product_shipping_class-suured-pakid","11":"first","12":"instock","13":"sale","14":"taxable","15":"shipping-taxable","16":"purchasable","17":"product-type-simple"},"yoast_head":"<!-- This site is optimized with the Yoast SEO plugin v23.8 - https:\/\/yoast.com\/wordpress\/plugins\/seo\/ -->\n<title>ADO DECE 300C, 90km - Ecocruiser<\/title>\n<meta name=\"robots\" content=\"noindex, follow, max-snippet:-1, max-image-preview:large, max-video-preview:-1\" \/>\n<meta property=\"og:locale\" content=\"en_GB\" \/>\n<meta property=\"og:type\" content=\"article\" \/>\n<meta property=\"og:title\" content=\"ADO DECE 300C, 90km - Ecocruiser\" \/>\n<meta property=\"og:description\" content=\"T\u00e4ydellinen matka kaikille s\u00e4hk\u00f6py\u00f6r\u00e4\u00e4 etsiville. T\u00e4ydellinen moottoritielle, soralle ja avoimille kivikkoisille teille.  &nbsp;  Maksimikuorma: 120 kg Suurin nopeus: 25 km\/h Latausaika: 6-7 tuntia Moottorin teho: 250W Akku: 36V10.4AH Nopeudet: Shimano 9 vaihdetta S\u00e4hk\u00f6inen et\u00e4isyys: &lt;60km Avustuset\u00e4isyys: &lt;90 km Sovitin: 42v2A Paino: 22 kg N\u00e4ytt\u00f6: LCD-n\u00e4ytt\u00f6 Kokonaismitat: 180 * 64 * 110 cm LCD-n\u00e4ytt\u00f6: S830 Central Smart Vedenkest\u00e4vyysluokitus: IPX5  &nbsp;  \u2666 Toimitusaika 3-8 p\u00e4iv\u00e4\u00e4 \u2666 Varastossa\" \/>\n<meta property=\"og:url\" content=\"https:\/\/projekt.vombat.ee\/eco\/fi\/myym\u00e4l\u00e4\/sahkopyorat\/sahkomaastopyora\/ado-dece-300c-90km\/\" \/>\n<meta property=\"og:site_name\" content=\"Ecocruiser\" \/>\n<meta property=\"article:modified_time\" content=\"2024-01-20T03:55:26+00:00\" \/>\n<meta property=\"og:image\" content=\"https:\/\/projekt.vombat.ee\/eco\/wp-content\/uploads\/2023\/03\/ADO-DECE-300C.png\" \/>\n\t<meta property=\"og:image:width\" content=\"1000\" \/>\n\t<meta property=\"og:image:height\" content=\"1000\" \/>\n\t<meta property=\"og:image:type\" content=\"image\/png\" \/>\n<meta name=\"twitter:card\" content=\"summary_large_image\" \/>\n<meta name=\"twitter:label1\" content=\"Estimated reading time\" \/>\n\t<meta name=\"twitter:data1\" content=\"3 minutes\" \/>\n<script type=\"application\/ld+json\" class=\"yoast-schema-graph\">{\"@context\":\"https:\/\/schema.org\",\"@graph\":[{\"@type\":\"WebPage\",\"@id\":\"https:\/\/projekt.vombat.ee\/eco\/fi\/myym%C3%A4l%C3%A4\/sahkopyorat\/sahkomaastopyora\/ado-dece-300c-90km\/\",\"url\":\"https:\/\/projekt.vombat.ee\/eco\/fi\/myym%C3%A4l%C3%A4\/sahkopyorat\/sahkomaastopyora\/ado-dece-300c-90km\/\",\"name\":\"ADO DECE 300C, 90km - Ecocruiser\",\"isPartOf\":{\"@id\":\"https:\/\/projekt.vombat.ee\/eco\/#website\"},\"primaryImageOfPage\":{\"@id\":\"https:\/\/projekt.vombat.ee\/eco\/fi\/myym%C3%A4l%C3%A4\/sahkopyorat\/sahkomaastopyora\/ado-dece-300c-90km\/#primaryimage\"},\"image\":{\"@id\":\"https:\/\/projekt.vombat.ee\/eco\/fi\/myym%C3%A4l%C3%A4\/sahkopyorat\/sahkomaastopyora\/ado-dece-300c-90km\/#primaryimage\"},\"thumbnailUrl\":\"https:\/\/projekt.vombat.ee\/eco\/wp-content\/uploads\/2023\/03\/ADO-DECE-300C.png\",\"datePublished\":\"2023-03-26T13:53:43+00:00\",\"dateModified\":\"2024-01-20T03:55:26+00:00\",\"breadcrumb\":{\"@id\":\"https:\/\/projekt.vombat.ee\/eco\/fi\/myym%C3%A4l%C3%A4\/sahkopyorat\/sahkomaastopyora\/ado-dece-300c-90km\/#breadcrumb\"},\"inLanguage\":\"en-GB\",\"potentialAction\":[{\"@type\":\"ReadAction\",\"target\":[\"https:\/\/projekt.vombat.ee\/eco\/fi\/myym%C3%A4l%C3%A4\/sahkopyorat\/sahkomaastopyora\/ado-dece-300c-90km\/\"]}]},{\"@type\":\"ImageObject\",\"inLanguage\":\"en-GB\",\"@id\":\"https:\/\/projekt.vombat.ee\/eco\/fi\/myym%C3%A4l%C3%A4\/sahkopyorat\/sahkomaastopyora\/ado-dece-300c-90km\/#primaryimage\",\"url\":\"https:\/\/projekt.vombat.ee\/eco\/wp-content\/uploads\/2023\/03\/ADO-DECE-300C.png\",\"contentUrl\":\"https:\/\/projekt.vombat.ee\/eco\/wp-content\/uploads\/2023\/03\/ADO-DECE-300C.png\",\"width\":1000,\"height\":1000,\"caption\":\"ADO DECE 300C\"},{\"@type\":\"BreadcrumbList\",\"@id\":\"https:\/\/projekt.vombat.ee\/eco\/fi\/myym%C3%A4l%C3%A4\/sahkopyorat\/sahkomaastopyora\/ado-dece-300c-90km\/#breadcrumb\",\"itemListElement\":[{\"@type\":\"ListItem\",\"position\":1,\"name\":\"Home\",\"item\":\"https:\/\/projekt.vombat.ee\/eco\/\"},{\"@type\":\"ListItem\",\"position\":2,\"name\":\"Pood\",\"item\":\"https:\/\/projekt.vombat.ee\/eco\/pood\/\"},{\"@type\":\"ListItem\",\"position\":3,\"name\":\"ADO DECE 300C, 90km\"}]},{\"@type\":\"WebSite\",\"@id\":\"https:\/\/projekt.vombat.ee\/eco\/#website\",\"url\":\"https:\/\/projekt.vombat.ee\/eco\/\",\"name\":\"Ecocruiser\",\"description\":\"\",\"publisher\":{\"@id\":\"https:\/\/projekt.vombat.ee\/eco\/#organization\"},\"potentialAction\":[{\"@type\":\"SearchAction\",\"target\":{\"@type\":\"EntryPoint\",\"urlTemplate\":\"https:\/\/projekt.vombat.ee\/eco\/?s={search_term_string}\"},\"query-input\":{\"@type\":\"PropertyValueSpecification\",\"valueRequired\":true,\"valueName\":\"search_term_string\"}}],\"inLanguage\":\"en-GB\"},{\"@type\":\"Organization\",\"@id\":\"https:\/\/projekt.vombat.ee\/eco\/#organization\",\"name\":\"Ecocruiser\",\"url\":\"https:\/\/projekt.vombat.ee\/eco\/\",\"logo\":{\"@type\":\"ImageObject\",\"inLanguage\":\"en-GB\",\"@id\":\"https:\/\/projekt.vombat.ee\/eco\/#\/schema\/logo\/image\/\",\"url\":\"https:\/\/projekt.vombat.ee\/eco\/wp-content\/uploads\/2023\/03\/ECOCRUISER_5.png\",\"contentUrl\":\"https:\/\/projekt.vombat.ee\/eco\/wp-content\/uploads\/2023\/03\/ECOCRUISER_5.png\",\"width\":234,\"height\":91,\"caption\":\"Ecocruiser\"},\"image\":{\"@id\":\"https:\/\/projekt.vombat.ee\/eco\/#\/schema\/logo\/image\/\"}}]}<\/script>\n<!-- \/ Yoast SEO plugin. -->","yoast_head_json":{"title":"ADO DECE 300C, 90km - Ecocruiser","robots":{"index":"noindex","follow":"follow","max-snippet":"max-snippet:-1","max-image-preview":"max-image-preview:large","max-video-preview":"max-video-preview:-1"},"og_locale":"en_GB","og_type":"article","og_title":"ADO DECE 300C, 90km - Ecocruiser","og_description":"T\u00e4ydellinen matka kaikille s\u00e4hk\u00f6py\u00f6r\u00e4\u00e4 etsiville. T\u00e4ydellinen moottoritielle, soralle ja avoimille kivikkoisille teille.  &nbsp;  Maksimikuorma: 120 kg Suurin nopeus: 25 km\/h Latausaika: 6-7 tuntia Moottorin teho: 250W Akku: 36V10.4AH Nopeudet: Shimano 9 vaihdetta S\u00e4hk\u00f6inen et\u00e4isyys: &lt;60km Avustuset\u00e4isyys: &lt;90 km Sovitin: 42v2A Paino: 22 kg N\u00e4ytt\u00f6: LCD-n\u00e4ytt\u00f6 Kokonaismitat: 180 * 64 * 110 cm LCD-n\u00e4ytt\u00f6: S830 Central Smart Vedenkest\u00e4vyysluokitus: IPX5  &nbsp;  \u2666 Toimitusaika 3-8 p\u00e4iv\u00e4\u00e4 \u2666 Varastossa","og_url":"https:\/\/projekt.vombat.ee\/eco\/fi\/myym\u00e4l\u00e4\/sahkopyorat\/sahkomaastopyora\/ado-dece-300c-90km\/","og_site_name":"Ecocruiser","article_modified_time":"2024-01-20T03:55:26+00:00","og_image":[{"width":1000,"height":1000,"url":"https:\/\/projekt.vombat.ee\/eco\/wp-content\/uploads\/2023\/03\/ADO-DECE-300C.png","type":"image\/png"}],"twitter_card":"summary_large_image","twitter_misc":{"Estimated reading time":"3 minutes"},"schema":{"@context":"https:\/\/schema.org","@graph":[{"@type":"WebPage","@id":"https:\/\/projekt.vombat.ee\/eco\/fi\/myym%C3%A4l%C3%A4\/sahkopyorat\/sahkomaastopyora\/ado-dece-300c-90km\/","url":"https:\/\/projekt.vombat.ee\/eco\/fi\/myym%C3%A4l%C3%A4\/sahkopyorat\/sahkomaastopyora\/ado-dece-300c-90km\/","name":"ADO DECE 300C, 90km - Ecocruiser","isPartOf":{"@id":"https:\/\/projekt.vombat.ee\/eco\/#website"},"primaryImageOfPage":{"@id":"https:\/\/projekt.vombat.ee\/eco\/fi\/myym%C3%A4l%C3%A4\/sahkopyorat\/sahkomaastopyora\/ado-dece-300c-90km\/#primaryimage"},"image":{"@id":"https:\/\/projekt.vombat.ee\/eco\/fi\/myym%C3%A4l%C3%A4\/sahkopyorat\/sahkomaastopyora\/ado-dece-300c-90km\/#primaryimage"},"thumbnailUrl":"https:\/\/projekt.vombat.ee\/eco\/wp-content\/uploads\/2023\/03\/ADO-DECE-300C.png","datePublished":"2023-03-26T13:53:43+00:00","dateModified":"2024-01-20T03:55:26+00:00","breadcrumb":{"@id":"https:\/\/projekt.vombat.ee\/eco\/fi\/myym%C3%A4l%C3%A4\/sahkopyorat\/sahkomaastopyora\/ado-dece-300c-90km\/#breadcrumb"},"inLanguage":"en-GB","potentialAction":[{"@type":"ReadAction","target":["https:\/\/projekt.vombat.ee\/eco\/fi\/myym%C3%A4l%C3%A4\/sahkopyorat\/sahkomaastopyora\/ado-dece-300c-90km\/"]}]},{"@type":"ImageObject","inLanguage":"en-GB","@id":"https:\/\/projekt.vombat.ee\/eco\/fi\/myym%C3%A4l%C3%A4\/sahkopyorat\/sahkomaastopyora\/ado-dece-300c-90km\/#primaryimage","url":"https:\/\/projekt.vombat.ee\/eco\/wp-content\/uploads\/2023\/03\/ADO-DECE-300C.png","contentUrl":"https:\/\/projekt.vombat.ee\/eco\/wp-content\/uploads\/2023\/03\/ADO-DECE-300C.png","width":1000,"height":1000,"caption":"ADO DECE 300C"},{"@type":"BreadcrumbList","@id":"https:\/\/projekt.vombat.ee\/eco\/fi\/myym%C3%A4l%C3%A4\/sahkopyorat\/sahkomaastopyora\/ado-dece-300c-90km\/#breadcrumb","itemListElement":[{"@type":"ListItem","position":1,"name":"Home","item":"https:\/\/projekt.vombat.ee\/eco\/"},{"@type":"ListItem","position":2,"name":"Pood","item":"https:\/\/projekt.vombat.ee\/eco\/pood\/"},{"@type":"ListItem","position":3,"name":"ADO DECE 300C, 90km"}]},{"@type":"WebSite","@id":"https:\/\/projekt.vombat.ee\/eco\/#website","url":"https:\/\/projekt.vombat.ee\/eco\/","name":"Ecocruiser","description":"","publisher":{"@id":"https:\/\/projekt.vombat.ee\/eco\/#organization"},"potentialAction":[{"@type":"SearchAction","target":{"@type":"EntryPoint","urlTemplate":"https:\/\/projekt.vombat.ee\/eco\/?s={search_term_string}"},"query-input":{"@type":"PropertyValueSpecification","valueRequired":true,"valueName":"search_term_string"}}],"inLanguage":"en-GB"},{"@type":"Organization","@id":"https:\/\/projekt.vombat.ee\/eco\/#organization","name":"Ecocruiser","url":"https:\/\/projekt.vombat.ee\/eco\/","logo":{"@type":"ImageObject","inLanguage":"en-GB","@id":"https:\/\/projekt.vombat.ee\/eco\/#\/schema\/logo\/image\/","url":"https:\/\/projekt.vombat.ee\/eco\/wp-content\/uploads\/2023\/03\/ECOCRUISER_5.png","contentUrl":"https:\/\/projekt.vombat.ee\/eco\/wp-content\/uploads\/2023\/03\/ECOCRUISER_5.png","width":234,"height":91,"caption":"Ecocruiser"},"image":{"@id":"https:\/\/projekt.vombat.ee\/eco\/#\/schema\/logo\/image\/"}}]}},"lang":"fi","translations":{"fi":7363,"ru":5443,"et":2249},"pll_sync_post":[],"_links":{"self":[{"href":"https:\/\/projekt.vombat.ee\/eco\/wp-json\/wp\/v2\/product\/7363"}],"collection":[{"href":"https:\/\/projekt.vombat.ee\/eco\/wp-json\/wp\/v2\/product"}],"about":[{"href":"https:\/\/projekt.vombat.ee\/eco\/wp-json\/wp\/v2\/types\/product"}],"version-history":[{"count":1,"href":"https:\/\/projekt.vombat.ee\/eco\/wp-json\/wp\/v2\/product\/7363\/revisions"}],"predecessor-version":[{"id":7368,"href":"https:\/\/projekt.vombat.ee\/eco\/wp-json\/wp\/v2\/product\/7363\/revisions\/7368"}],"wp:featuredmedia":[{"embeddable":true,"href":"https:\/\/projekt.vombat.ee\/eco\/wp-json\/wp\/v2\/media\/7364"}],"wp:attachment":[{"href":"https:\/\/projekt.vombat.ee\/eco\/wp-json\/wp\/v2\/media?parent=7363"}],"wp:term":[{"taxonomy":"product_cat","embeddable":true,"href":"https:\/\/projekt.vombat.ee\/eco\/wp-json\/wp\/v2\/product_cat?post=7363"},{"taxonomy":"product_tag","embeddable":true,"href":"https:\/\/projekt.vombat.ee\/eco\/wp-json\/wp\/v2\/product_tag?post=7363"}],"curies":[{"name":"wp","href":"https:\/\/api.w.org\/{rel}","templated":true}]}}