{"id":7352,"date":"2023-03-26T13:44:46","date_gmt":"2023-03-26T13:44:46","guid":{"rendered":"https:\/\/projekt.vombat.ee\/eco\/?post_type=product&#038;p=7352"},"modified":"2024-03-17T19:42:10","modified_gmt":"2024-03-17T19:42:10","slug":"kugoo-t01-2","status":"publish","type":"product","link":"https:\/\/projekt.vombat.ee\/eco\/fi\/myym%C3%A4l%C3%A4\/sahkopyorat\/sahkomaastopyora\/kugoo-t01-2\/","title":{"rendered":"KUGOO T01"},"content":{"rendered":"<h1>Kuvaus<\/h1>\n<p>Malli: KUGOO T01<\/p>\n<p>Runkomateriaali: 6061 alumiiniseos<\/p>\n<p>Vedenpit\u00e4vyysluokka:<\/p>\n<p>N\u00e4yt\u00f6n sis\u00e4lt\u00f6: akku, nopeus, kantama, kilometrim\u00e4\u00e4r\u00e4<\/p>\n<p>Istuimet (kyll\u00e4 \u200b\u200b\/ ei): kyll\u00e4<\/p>\n<p>Polkimen materiaali: WELLGO B249 DU<\/p>\n<p>Polkimen koko: 28 * 20 cm<\/p>\n<p>Nousuasteet: 30\u00b0<\/p>\n<p>LED-ajovalo: Dual Bright -ajovalo<\/p>\n<p>Haarukan iskun tiedot: Binokulaari\u00f6ljyll\u00e4 s\u00e4\u00e4dett\u00e4v\u00e4 jousitus<\/p>\n<p>Jousitusj\u00e4rjestelm\u00e4: \u00f6ljyjousitus edess\u00e4 + ilmajousitus takana<\/p>\n<p>Ajotapa: s\u00e4hk\u00f6 + jalkatuki<\/p>\n<p>Nopeustila Kiihtyvyys: 5 s\u00e4hk\u00f6ist\u00e4 nopeustilaa; SHIMANO 7 vaihdetta<\/p>\n<p>Tuotteen nettopaino: 38 kg<\/p>\n<p>Koko taitettuna: Jatkettava<\/p>\n<p>Tuotteen koko: (P * L * K): 1710 * 650 * 1110 mm<\/p>\n<p>Ohjauspy\u00f6r\u00e4n korkeus: 104 cm<\/p>\n<p>Istuinkorkeus (s\u00e4\u00e4t\u00f6alue): 90-100 cm<\/p>\n","protected":false},"excerpt":{"rendered":"<p><strong>KUGOO T01<\/strong><\/p>\n<p>Teho: 500W, Huipputeho jopa 1000W<br \/>\nAkku: 48V13AH<br \/>\nHuippunopeus: 38 km\/h (23,5 mph)<br \/>\nSuurin mittarilukema: 35-45 km (100% s\u00e4hk\u00f6ll\u00e4), 55-65 km (s\u00e4hk\u00f6 + jalkatuki)<br \/>\nVaihteisto: SHIMANO 7-vaihteinen<br \/>\nJarru: Hydraulinen jarru<br \/>\nKantavuus: 150 kg<br \/>\nRengastiedot: 20 tuumaa * 4.0<br \/>\nLatausaika: 7-8H<\/p>\n<p>&nbsp;<\/p>\n<p>\u2666 Toimitusaika 3-8 p\u00e4iv\u00e4\u00e4<br \/>\n\u2666 Varastossa<\/p>\n","protected":false},"featured_media":7353,"template":"","meta":[],"product_cat":[1294,985,979],"product_tag":[],"class_list":{"0":"post-7352","1":"product","2":"type-product","3":"status-publish","4":"has-post-thumbnail","6":"product_cat-kugoo","7":"product_cat-sahkomaastopyora","8":"product_cat-sahkopyorat","9":"product_shipping_class-suured-pakid","11":"first","12":"instock","13":"sale","14":"taxable","15":"shipping-taxable","16":"purchasable","17":"product-type-simple"},"yoast_head":"<!-- This site is optimized with the Yoast SEO plugin v23.8 - https:\/\/yoast.com\/wordpress\/plugins\/seo\/ -->\n<title>KUGOO T01 - Ecocruiser<\/title>\n<meta name=\"description\" content=\"KUGOO T01 yksinkertainen yhden napsautuksen kytkent\u00e4rakenne tekee kytkent\u00e4nopeudesta helppoa. Nopeusmittari tarkkailee ajonopeutta koko ajan! Seitsem\u00e4n eri nopeustasoa ja valitse tyyliisi sopiva!\" \/>\n<meta name=\"robots\" content=\"noindex, follow, max-snippet:-1, max-image-preview:large, max-video-preview:-1\" \/>\n<meta property=\"og:locale\" content=\"en_GB\" \/>\n<meta property=\"og:type\" content=\"article\" \/>\n<meta property=\"og:title\" content=\"KUGOO T01 - Ecocruiser\" \/>\n<meta property=\"og:description\" content=\"KUGOO T01 yksinkertainen yhden napsautuksen kytkent\u00e4rakenne tekee kytkent\u00e4nopeudesta helppoa. Nopeusmittari tarkkailee ajonopeutta koko ajan! Seitsem\u00e4n eri nopeustasoa ja valitse tyyliisi sopiva!\" \/>\n<meta property=\"og:url\" content=\"https:\/\/projekt.vombat.ee\/eco\/fi\/myym\u00e4l\u00e4\/sahkopyorat\/sahkomaastopyora\/kugoo-t01-2\/\" \/>\n<meta property=\"og:site_name\" content=\"Ecocruiser\" \/>\n<meta property=\"article:modified_time\" content=\"2024-03-17T19:42:10+00:00\" \/>\n<meta property=\"og:image\" content=\"https:\/\/projekt.vombat.ee\/eco\/wp-content\/uploads\/2023\/02\/11valg.webp\" \/>\n\t<meta property=\"og:image:width\" content=\"800\" \/>\n\t<meta property=\"og:image:height\" content=\"800\" \/>\n\t<meta property=\"og:image:type\" content=\"image\/webp\" \/>\n<meta name=\"twitter:card\" content=\"summary_large_image\" \/>\n<meta name=\"twitter:label1\" content=\"Estimated reading time\" \/>\n\t<meta name=\"twitter:data1\" content=\"1 minute\" \/>\n<script type=\"application\/ld+json\" class=\"yoast-schema-graph\">{\"@context\":\"https:\/\/schema.org\",\"@graph\":[{\"@type\":\"WebPage\",\"@id\":\"https:\/\/projekt.vombat.ee\/eco\/fi\/myym%C3%A4l%C3%A4\/sahkopyorat\/sahkomaastopyora\/kugoo-t01-2\/\",\"url\":\"https:\/\/projekt.vombat.ee\/eco\/fi\/myym%C3%A4l%C3%A4\/sahkopyorat\/sahkomaastopyora\/kugoo-t01-2\/\",\"name\":\"KUGOO T01 - Ecocruiser\",\"isPartOf\":{\"@id\":\"https:\/\/projekt.vombat.ee\/eco\/#website\"},\"primaryImageOfPage\":{\"@id\":\"https:\/\/projekt.vombat.ee\/eco\/fi\/myym%C3%A4l%C3%A4\/sahkopyorat\/sahkomaastopyora\/kugoo-t01-2\/#primaryimage\"},\"image\":{\"@id\":\"https:\/\/projekt.vombat.ee\/eco\/fi\/myym%C3%A4l%C3%A4\/sahkopyorat\/sahkomaastopyora\/kugoo-t01-2\/#primaryimage\"},\"thumbnailUrl\":\"https:\/\/projekt.vombat.ee\/eco\/wp-content\/uploads\/2023\/02\/11valg.webp\",\"datePublished\":\"2023-03-26T13:44:46+00:00\",\"dateModified\":\"2024-03-17T19:42:10+00:00\",\"description\":\"KUGOO T01 yksinkertainen yhden napsautuksen kytkent\u00e4rakenne tekee kytkent\u00e4nopeudesta helppoa. Nopeusmittari tarkkailee ajonopeutta koko ajan! Seitsem\u00e4n eri nopeustasoa ja valitse tyyliisi sopiva!\",\"breadcrumb\":{\"@id\":\"https:\/\/projekt.vombat.ee\/eco\/fi\/myym%C3%A4l%C3%A4\/sahkopyorat\/sahkomaastopyora\/kugoo-t01-2\/#breadcrumb\"},\"inLanguage\":\"en-GB\",\"potentialAction\":[{\"@type\":\"ReadAction\",\"target\":[\"https:\/\/projekt.vombat.ee\/eco\/fi\/myym%C3%A4l%C3%A4\/sahkopyorat\/sahkomaastopyora\/kugoo-t01-2\/\"]}]},{\"@type\":\"ImageObject\",\"inLanguage\":\"en-GB\",\"@id\":\"https:\/\/projekt.vombat.ee\/eco\/fi\/myym%C3%A4l%C3%A4\/sahkopyorat\/sahkomaastopyora\/kugoo-t01-2\/#primaryimage\",\"url\":\"https:\/\/projekt.vombat.ee\/eco\/wp-content\/uploads\/2023\/02\/11valg.webp\",\"contentUrl\":\"https:\/\/projekt.vombat.ee\/eco\/wp-content\/uploads\/2023\/02\/11valg.webp\",\"width\":800,\"height\":800,\"caption\":\"KUGOO T01 Elektriratas\"},{\"@type\":\"BreadcrumbList\",\"@id\":\"https:\/\/projekt.vombat.ee\/eco\/fi\/myym%C3%A4l%C3%A4\/sahkopyorat\/sahkomaastopyora\/kugoo-t01-2\/#breadcrumb\",\"itemListElement\":[{\"@type\":\"ListItem\",\"position\":1,\"name\":\"Home\",\"item\":\"https:\/\/projekt.vombat.ee\/eco\/\"},{\"@type\":\"ListItem\",\"position\":2,\"name\":\"Pood\",\"item\":\"https:\/\/projekt.vombat.ee\/eco\/pood\/\"},{\"@type\":\"ListItem\",\"position\":3,\"name\":\"KUGOO T01\"}]},{\"@type\":\"WebSite\",\"@id\":\"https:\/\/projekt.vombat.ee\/eco\/#website\",\"url\":\"https:\/\/projekt.vombat.ee\/eco\/\",\"name\":\"Ecocruiser\",\"description\":\"\",\"publisher\":{\"@id\":\"https:\/\/projekt.vombat.ee\/eco\/#organization\"},\"potentialAction\":[{\"@type\":\"SearchAction\",\"target\":{\"@type\":\"EntryPoint\",\"urlTemplate\":\"https:\/\/projekt.vombat.ee\/eco\/?s={search_term_string}\"},\"query-input\":{\"@type\":\"PropertyValueSpecification\",\"valueRequired\":true,\"valueName\":\"search_term_string\"}}],\"inLanguage\":\"en-GB\"},{\"@type\":\"Organization\",\"@id\":\"https:\/\/projekt.vombat.ee\/eco\/#organization\",\"name\":\"Ecocruiser\",\"url\":\"https:\/\/projekt.vombat.ee\/eco\/\",\"logo\":{\"@type\":\"ImageObject\",\"inLanguage\":\"en-GB\",\"@id\":\"https:\/\/projekt.vombat.ee\/eco\/#\/schema\/logo\/image\/\",\"url\":\"https:\/\/projekt.vombat.ee\/eco\/wp-content\/uploads\/2023\/03\/ECOCRUISER_5.png\",\"contentUrl\":\"https:\/\/projekt.vombat.ee\/eco\/wp-content\/uploads\/2023\/03\/ECOCRUISER_5.png\",\"width\":234,\"height\":91,\"caption\":\"Ecocruiser\"},\"image\":{\"@id\":\"https:\/\/projekt.vombat.ee\/eco\/#\/schema\/logo\/image\/\"}}]}<\/script>\n<!-- \/ Yoast SEO plugin. -->","yoast_head_json":{"title":"KUGOO T01 - Ecocruiser","description":"KUGOO T01 yksinkertainen yhden napsautuksen kytkent\u00e4rakenne tekee kytkent\u00e4nopeudesta helppoa. Nopeusmittari tarkkailee ajonopeutta koko ajan! Seitsem\u00e4n eri nopeustasoa ja valitse tyyliisi sopiva!","robots":{"index":"noindex","follow":"follow","max-snippet":"max-snippet:-1","max-image-preview":"max-image-preview:large","max-video-preview":"max-video-preview:-1"},"og_locale":"en_GB","og_type":"article","og_title":"KUGOO T01 - Ecocruiser","og_description":"KUGOO T01 yksinkertainen yhden napsautuksen kytkent\u00e4rakenne tekee kytkent\u00e4nopeudesta helppoa. Nopeusmittari tarkkailee ajonopeutta koko ajan! Seitsem\u00e4n eri nopeustasoa ja valitse tyyliisi sopiva!","og_url":"https:\/\/projekt.vombat.ee\/eco\/fi\/myym\u00e4l\u00e4\/sahkopyorat\/sahkomaastopyora\/kugoo-t01-2\/","og_site_name":"Ecocruiser","article_modified_time":"2024-03-17T19:42:10+00:00","og_image":[{"width":800,"height":800,"url":"https:\/\/projekt.vombat.ee\/eco\/wp-content\/uploads\/2023\/02\/11valg.webp","type":"image\/webp"}],"twitter_card":"summary_large_image","twitter_misc":{"Estimated reading time":"1 minute"},"schema":{"@context":"https:\/\/schema.org","@graph":[{"@type":"WebPage","@id":"https:\/\/projekt.vombat.ee\/eco\/fi\/myym%C3%A4l%C3%A4\/sahkopyorat\/sahkomaastopyora\/kugoo-t01-2\/","url":"https:\/\/projekt.vombat.ee\/eco\/fi\/myym%C3%A4l%C3%A4\/sahkopyorat\/sahkomaastopyora\/kugoo-t01-2\/","name":"KUGOO T01 - Ecocruiser","isPartOf":{"@id":"https:\/\/projekt.vombat.ee\/eco\/#website"},"primaryImageOfPage":{"@id":"https:\/\/projekt.vombat.ee\/eco\/fi\/myym%C3%A4l%C3%A4\/sahkopyorat\/sahkomaastopyora\/kugoo-t01-2\/#primaryimage"},"image":{"@id":"https:\/\/projekt.vombat.ee\/eco\/fi\/myym%C3%A4l%C3%A4\/sahkopyorat\/sahkomaastopyora\/kugoo-t01-2\/#primaryimage"},"thumbnailUrl":"https:\/\/projekt.vombat.ee\/eco\/wp-content\/uploads\/2023\/02\/11valg.webp","datePublished":"2023-03-26T13:44:46+00:00","dateModified":"2024-03-17T19:42:10+00:00","description":"KUGOO T01 yksinkertainen yhden napsautuksen kytkent\u00e4rakenne tekee kytkent\u00e4nopeudesta helppoa. Nopeusmittari tarkkailee ajonopeutta koko ajan! Seitsem\u00e4n eri nopeustasoa ja valitse tyyliisi sopiva!","breadcrumb":{"@id":"https:\/\/projekt.vombat.ee\/eco\/fi\/myym%C3%A4l%C3%A4\/sahkopyorat\/sahkomaastopyora\/kugoo-t01-2\/#breadcrumb"},"inLanguage":"en-GB","potentialAction":[{"@type":"ReadAction","target":["https:\/\/projekt.vombat.ee\/eco\/fi\/myym%C3%A4l%C3%A4\/sahkopyorat\/sahkomaastopyora\/kugoo-t01-2\/"]}]},{"@type":"ImageObject","inLanguage":"en-GB","@id":"https:\/\/projekt.vombat.ee\/eco\/fi\/myym%C3%A4l%C3%A4\/sahkopyorat\/sahkomaastopyora\/kugoo-t01-2\/#primaryimage","url":"https:\/\/projekt.vombat.ee\/eco\/wp-content\/uploads\/2023\/02\/11valg.webp","contentUrl":"https:\/\/projekt.vombat.ee\/eco\/wp-content\/uploads\/2023\/02\/11valg.webp","width":800,"height":800,"caption":"KUGOO T01 Elektriratas"},{"@type":"BreadcrumbList","@id":"https:\/\/projekt.vombat.ee\/eco\/fi\/myym%C3%A4l%C3%A4\/sahkopyorat\/sahkomaastopyora\/kugoo-t01-2\/#breadcrumb","itemListElement":[{"@type":"ListItem","position":1,"name":"Home","item":"https:\/\/projekt.vombat.ee\/eco\/"},{"@type":"ListItem","position":2,"name":"Pood","item":"https:\/\/projekt.vombat.ee\/eco\/pood\/"},{"@type":"ListItem","position":3,"name":"KUGOO T01"}]},{"@type":"WebSite","@id":"https:\/\/projekt.vombat.ee\/eco\/#website","url":"https:\/\/projekt.vombat.ee\/eco\/","name":"Ecocruiser","description":"","publisher":{"@id":"https:\/\/projekt.vombat.ee\/eco\/#organization"},"potentialAction":[{"@type":"SearchAction","target":{"@type":"EntryPoint","urlTemplate":"https:\/\/projekt.vombat.ee\/eco\/?s={search_term_string}"},"query-input":{"@type":"PropertyValueSpecification","valueRequired":true,"valueName":"search_term_string"}}],"inLanguage":"en-GB"},{"@type":"Organization","@id":"https:\/\/projekt.vombat.ee\/eco\/#organization","name":"Ecocruiser","url":"https:\/\/projekt.vombat.ee\/eco\/","logo":{"@type":"ImageObject","inLanguage":"en-GB","@id":"https:\/\/projekt.vombat.ee\/eco\/#\/schema\/logo\/image\/","url":"https:\/\/projekt.vombat.ee\/eco\/wp-content\/uploads\/2023\/03\/ECOCRUISER_5.png","contentUrl":"https:\/\/projekt.vombat.ee\/eco\/wp-content\/uploads\/2023\/03\/ECOCRUISER_5.png","width":234,"height":91,"caption":"Ecocruiser"},"image":{"@id":"https:\/\/projekt.vombat.ee\/eco\/#\/schema\/logo\/image\/"}}]}},"lang":"fi","translations":{"fi":7352,"ru":5296,"et":2221},"pll_sync_post":[],"_links":{"self":[{"href":"https:\/\/projekt.vombat.ee\/eco\/wp-json\/wp\/v2\/product\/7352"}],"collection":[{"href":"https:\/\/projekt.vombat.ee\/eco\/wp-json\/wp\/v2\/product"}],"about":[{"href":"https:\/\/projekt.vombat.ee\/eco\/wp-json\/wp\/v2\/types\/product"}],"version-history":[{"count":1,"href":"https:\/\/projekt.vombat.ee\/eco\/wp-json\/wp\/v2\/product\/7352\/revisions"}],"predecessor-version":[{"id":7356,"href":"https:\/\/projekt.vombat.ee\/eco\/wp-json\/wp\/v2\/product\/7352\/revisions\/7356"}],"wp:featuredmedia":[{"embeddable":true,"href":"https:\/\/projekt.vombat.ee\/eco\/wp-json\/wp\/v2\/media\/7353"}],"wp:attachment":[{"href":"https:\/\/projekt.vombat.ee\/eco\/wp-json\/wp\/v2\/media?parent=7352"}],"wp:term":[{"taxonomy":"product_cat","embeddable":true,"href":"https:\/\/projekt.vombat.ee\/eco\/wp-json\/wp\/v2\/product_cat?post=7352"},{"taxonomy":"product_tag","embeddable":true,"href":"https:\/\/projekt.vombat.ee\/eco\/wp-json\/wp\/v2\/product_tag?post=7352"}],"curies":[{"name":"wp","href":"https:\/\/api.w.org\/{rel}","templated":true}]}}