{"id":7339,"date":"2023-03-26T13:41:13","date_gmt":"2023-03-26T13:41:13","guid":{"rendered":"https:\/\/projekt.vombat.ee\/eco\/?post_type=product&#038;p=7339"},"modified":"2024-03-17T19:34:57","modified_gmt":"2024-03-17T19:34:57","slug":"kugoo-kirin-v1","status":"publish","type":"product","link":"https:\/\/projekt.vombat.ee\/eco\/fi\/myym%C3%A4l%C3%A4\/sahkopyorat\/taitettavat-sahkopyorat\/kugoo-kirin-v1\/","title":{"rendered":"Kugoo Kirin V1"},"content":{"rendered":"<h1>Kugoo Kirin V1<\/h1>\n<p>&nbsp;<\/p>\n<p>KUGOO KIRIN V1:n ainutlaatuinen py\u00f6r\u00e4 antaa sinulle mahdollisuuden nauttia jokap\u00e4iv\u00e4isest\u00e4 ajamisesta s\u00e4hk\u00f6voiman tuen ansiosta.<\/p>\n<p>Py\u00f6r\u00e4ss\u00e4 on nopea 400 W 48 V moottori ja 7,5 Ah litiumakku sek\u00e4 nopea latausj\u00e4rjestelm\u00e4 vain n. 3-4 tuntia.<\/p>\n<p>Yhdess\u00e4 levyjarrujen kanssa jarrutettaessa syttyv\u00e4t etu- ja takavalot lis\u00e4\u00e4v\u00e4t ajoturvallisuutta.<\/p>\n<p>&nbsp;<\/p>\n<h3>Paino ja koko<\/h3>\n<p>Tuotteen paino: 18 kg<br \/>\nTuotteen koko (P x L x K): 1170 * 500 * 990 mm<\/p>\n<h3>Sarjan sis\u00e4lt\u00f6<\/h3>\n<p>1 x s\u00e4hk\u00f6py\u00f6r\u00e4 V1<br \/>\n1 x lasten satula<br \/>\n1x laturi<br \/>\n1 x K\u00e4ytt\u00f6ohje<\/p>\n","protected":false},"excerpt":{"rendered":"<p><strong>Kugoo Kirin V1<\/strong><\/p>\n<p>Maksimikuorma: 120 kg<br \/>\nSuurin nopeus: 45 km\/h<br \/>\nSuurin toimintas\u00e4de: 45 km (sekatila); 25 km (s\u00e4hk\u00f6k\u00e4ytt\u00f6)<br \/>\nAkku: 48V 7,5AH litiumakku<br \/>\nLatausaika: 6 tuntia<br \/>\nMoottori: 48V 400W<br \/>\nLatausj\u00e4nnite: 54,6V<br \/>\nJarru: Levyjarru<br \/>\nJarrumatka: 3M<br \/>\nRengas: 14 tuuman ilmarengas<br \/>\nMoottorityyppi: Harjaton DC-moottori<br \/>\nNimellisl\u00e4ht\u00f6teho: 400W<br \/>\nSuurin py\u00f6rimisnopeus: 680 rpm<br \/>\nMoottorin nimellisj\u00e4nnite: 48V<br \/>\nSuurin ulostulomomentti: 17A\u226518Nm<br \/>\nLaturi: 54,6V<br \/>\nLED-n\u00e4ytt\u00f6: N\u00e4ytt\u00e4\u00e4 vain akun tilan<\/p>\n<p>&nbsp;<\/p>\n<p>\u2666 Toimitusaika: 2-8 p\u00e4iv\u00e4\u00e4<br \/>\n\u2666 Varastossa<\/p>\n","protected":false},"featured_media":7340,"template":"","meta":[],"product_cat":[1294,979,981],"product_tag":[],"class_list":{"0":"post-7339","1":"product","2":"type-product","3":"status-publish","4":"has-post-thumbnail","6":"product_cat-kugoo","7":"product_cat-sahkopyorat","8":"product_cat-taitettavat-sahkopyorat","9":"product_shipping_class-suured-pakid","11":"first","12":"instock","13":"taxable","14":"shipping-taxable","15":"purchasable","16":"product-type-simple"},"yoast_head":"<!-- This site is optimized with the Yoast SEO plugin v23.8 - https:\/\/yoast.com\/wordpress\/plugins\/seo\/ -->\n<title>Kugoo Kirin V1 - Ecocruiser<\/title>\n<meta name=\"description\" content=\"Ainutlaatuinen KUGOO KIRIN V1 py\u00f6r\u00e4 mahdollistaa jokap\u00e4iv\u00e4isen ajon s\u00e4hk\u00f6k\u00e4yt\u00f6n tuen ansiosta.Py\u00f6r\u00e4ss\u00e4 on nopea 400W 48V moottori ja 7,5Ah litiumakku sek\u00e4 pikalatausj\u00e4rjestelm\u00e4 vain n. 3-4 tuntia.Yhdess\u00e4 levyjarrujen kanssa jarrutettaessa syttyv\u00e4t etu- ja takavalo lis\u00e4\u00e4v\u00e4t ajoturvallisuutta.\" \/>\n<meta name=\"robots\" content=\"noindex, follow, max-snippet:-1, max-image-preview:large, max-video-preview:-1\" \/>\n<meta property=\"og:locale\" content=\"en_GB\" \/>\n<meta property=\"og:type\" content=\"article\" \/>\n<meta property=\"og:title\" content=\"Kugoo Kirin V1 - Ecocruiser\" \/>\n<meta property=\"og:description\" content=\"Ainutlaatuinen KUGOO KIRIN V1 py\u00f6r\u00e4 mahdollistaa jokap\u00e4iv\u00e4isen ajon s\u00e4hk\u00f6k\u00e4yt\u00f6n tuen ansiosta.Py\u00f6r\u00e4ss\u00e4 on nopea 400W 48V moottori ja 7,5Ah litiumakku sek\u00e4 pikalatausj\u00e4rjestelm\u00e4 vain n. 3-4 tuntia.Yhdess\u00e4 levyjarrujen kanssa jarrutettaessa syttyv\u00e4t etu- ja takavalo lis\u00e4\u00e4v\u00e4t ajoturvallisuutta.\" \/>\n<meta property=\"og:url\" content=\"https:\/\/projekt.vombat.ee\/eco\/fi\/myym\u00e4l\u00e4\/sahkopyorat\/taitettavat-sahkopyorat\/kugoo-kirin-v1\/\" \/>\n<meta property=\"og:site_name\" content=\"Ecocruiser\" \/>\n<meta property=\"article:modified_time\" content=\"2024-03-17T19:34:57+00:00\" \/>\n<meta property=\"og:image\" content=\"https:\/\/projekt.vombat.ee\/eco\/wp-content\/uploads\/2023\/03\/Kugoo-Kirin-V11.webp\" \/>\n\t<meta property=\"og:image:width\" content=\"360\" \/>\n\t<meta property=\"og:image:height\" content=\"360\" \/>\n\t<meta property=\"og:image:type\" content=\"image\/webp\" \/>\n<meta name=\"twitter:card\" content=\"summary_large_image\" \/>\n<meta name=\"twitter:label1\" content=\"Estimated reading time\" \/>\n\t<meta name=\"twitter:data1\" content=\"1 minute\" \/>\n<script type=\"application\/ld+json\" class=\"yoast-schema-graph\">{\"@context\":\"https:\/\/schema.org\",\"@graph\":[{\"@type\":\"WebPage\",\"@id\":\"https:\/\/projekt.vombat.ee\/eco\/fi\/myym%C3%A4l%C3%A4\/sahkopyorat\/taitettavat-sahkopyorat\/kugoo-kirin-v1\/\",\"url\":\"https:\/\/projekt.vombat.ee\/eco\/fi\/myym%C3%A4l%C3%A4\/sahkopyorat\/taitettavat-sahkopyorat\/kugoo-kirin-v1\/\",\"name\":\"Kugoo Kirin V1 - Ecocruiser\",\"isPartOf\":{\"@id\":\"https:\/\/projekt.vombat.ee\/eco\/#website\"},\"primaryImageOfPage\":{\"@id\":\"https:\/\/projekt.vombat.ee\/eco\/fi\/myym%C3%A4l%C3%A4\/sahkopyorat\/taitettavat-sahkopyorat\/kugoo-kirin-v1\/#primaryimage\"},\"image\":{\"@id\":\"https:\/\/projekt.vombat.ee\/eco\/fi\/myym%C3%A4l%C3%A4\/sahkopyorat\/taitettavat-sahkopyorat\/kugoo-kirin-v1\/#primaryimage\"},\"thumbnailUrl\":\"https:\/\/projekt.vombat.ee\/eco\/wp-content\/uploads\/2023\/03\/Kugoo-Kirin-V11.webp\",\"datePublished\":\"2023-03-26T13:41:13+00:00\",\"dateModified\":\"2024-03-17T19:34:57+00:00\",\"description\":\"Ainutlaatuinen KUGOO KIRIN V1 py\u00f6r\u00e4 mahdollistaa jokap\u00e4iv\u00e4isen ajon s\u00e4hk\u00f6k\u00e4yt\u00f6n tuen ansiosta.Py\u00f6r\u00e4ss\u00e4 on nopea 400W 48V moottori ja 7,5Ah litiumakku sek\u00e4 pikalatausj\u00e4rjestelm\u00e4 vain n. 3-4 tuntia.Yhdess\u00e4 levyjarrujen kanssa jarrutettaessa syttyv\u00e4t etu- ja takavalo lis\u00e4\u00e4v\u00e4t ajoturvallisuutta.\",\"breadcrumb\":{\"@id\":\"https:\/\/projekt.vombat.ee\/eco\/fi\/myym%C3%A4l%C3%A4\/sahkopyorat\/taitettavat-sahkopyorat\/kugoo-kirin-v1\/#breadcrumb\"},\"inLanguage\":\"en-GB\",\"potentialAction\":[{\"@type\":\"ReadAction\",\"target\":[\"https:\/\/projekt.vombat.ee\/eco\/fi\/myym%C3%A4l%C3%A4\/sahkopyorat\/taitettavat-sahkopyorat\/kugoo-kirin-v1\/\"]}]},{\"@type\":\"ImageObject\",\"inLanguage\":\"en-GB\",\"@id\":\"https:\/\/projekt.vombat.ee\/eco\/fi\/myym%C3%A4l%C3%A4\/sahkopyorat\/taitettavat-sahkopyorat\/kugoo-kirin-v1\/#primaryimage\",\"url\":\"https:\/\/projekt.vombat.ee\/eco\/wp-content\/uploads\/2023\/03\/Kugoo-Kirin-V11.webp\",\"contentUrl\":\"https:\/\/projekt.vombat.ee\/eco\/wp-content\/uploads\/2023\/03\/Kugoo-Kirin-V11.webp\",\"width\":360,\"height\":360,\"caption\":\"Kugoo Kirin V1\"},{\"@type\":\"BreadcrumbList\",\"@id\":\"https:\/\/projekt.vombat.ee\/eco\/fi\/myym%C3%A4l%C3%A4\/sahkopyorat\/taitettavat-sahkopyorat\/kugoo-kirin-v1\/#breadcrumb\",\"itemListElement\":[{\"@type\":\"ListItem\",\"position\":1,\"name\":\"Home\",\"item\":\"https:\/\/projekt.vombat.ee\/eco\/\"},{\"@type\":\"ListItem\",\"position\":2,\"name\":\"Pood\",\"item\":\"https:\/\/projekt.vombat.ee\/eco\/pood\/\"},{\"@type\":\"ListItem\",\"position\":3,\"name\":\"Kugoo Kirin V1\"}]},{\"@type\":\"WebSite\",\"@id\":\"https:\/\/projekt.vombat.ee\/eco\/#website\",\"url\":\"https:\/\/projekt.vombat.ee\/eco\/\",\"name\":\"Ecocruiser\",\"description\":\"\",\"publisher\":{\"@id\":\"https:\/\/projekt.vombat.ee\/eco\/#organization\"},\"potentialAction\":[{\"@type\":\"SearchAction\",\"target\":{\"@type\":\"EntryPoint\",\"urlTemplate\":\"https:\/\/projekt.vombat.ee\/eco\/?s={search_term_string}\"},\"query-input\":{\"@type\":\"PropertyValueSpecification\",\"valueRequired\":true,\"valueName\":\"search_term_string\"}}],\"inLanguage\":\"en-GB\"},{\"@type\":\"Organization\",\"@id\":\"https:\/\/projekt.vombat.ee\/eco\/#organization\",\"name\":\"Ecocruiser\",\"url\":\"https:\/\/projekt.vombat.ee\/eco\/\",\"logo\":{\"@type\":\"ImageObject\",\"inLanguage\":\"en-GB\",\"@id\":\"https:\/\/projekt.vombat.ee\/eco\/#\/schema\/logo\/image\/\",\"url\":\"https:\/\/projekt.vombat.ee\/eco\/wp-content\/uploads\/2023\/03\/ECOCRUISER_5.png\",\"contentUrl\":\"https:\/\/projekt.vombat.ee\/eco\/wp-content\/uploads\/2023\/03\/ECOCRUISER_5.png\",\"width\":234,\"height\":91,\"caption\":\"Ecocruiser\"},\"image\":{\"@id\":\"https:\/\/projekt.vombat.ee\/eco\/#\/schema\/logo\/image\/\"}}]}<\/script>\n<!-- \/ Yoast SEO plugin. -->","yoast_head_json":{"title":"Kugoo Kirin V1 - Ecocruiser","description":"Ainutlaatuinen KUGOO KIRIN V1 py\u00f6r\u00e4 mahdollistaa jokap\u00e4iv\u00e4isen ajon s\u00e4hk\u00f6k\u00e4yt\u00f6n tuen ansiosta.Py\u00f6r\u00e4ss\u00e4 on nopea 400W 48V moottori ja 7,5Ah litiumakku sek\u00e4 pikalatausj\u00e4rjestelm\u00e4 vain n. 3-4 tuntia.Yhdess\u00e4 levyjarrujen kanssa jarrutettaessa syttyv\u00e4t etu- ja takavalo lis\u00e4\u00e4v\u00e4t ajoturvallisuutta.","robots":{"index":"noindex","follow":"follow","max-snippet":"max-snippet:-1","max-image-preview":"max-image-preview:large","max-video-preview":"max-video-preview:-1"},"og_locale":"en_GB","og_type":"article","og_title":"Kugoo Kirin V1 - Ecocruiser","og_description":"Ainutlaatuinen KUGOO KIRIN V1 py\u00f6r\u00e4 mahdollistaa jokap\u00e4iv\u00e4isen ajon s\u00e4hk\u00f6k\u00e4yt\u00f6n tuen ansiosta.Py\u00f6r\u00e4ss\u00e4 on nopea 400W 48V moottori ja 7,5Ah litiumakku sek\u00e4 pikalatausj\u00e4rjestelm\u00e4 vain n. 3-4 tuntia.Yhdess\u00e4 levyjarrujen kanssa jarrutettaessa syttyv\u00e4t etu- ja takavalo lis\u00e4\u00e4v\u00e4t ajoturvallisuutta.","og_url":"https:\/\/projekt.vombat.ee\/eco\/fi\/myym\u00e4l\u00e4\/sahkopyorat\/taitettavat-sahkopyorat\/kugoo-kirin-v1\/","og_site_name":"Ecocruiser","article_modified_time":"2024-03-17T19:34:57+00:00","og_image":[{"width":360,"height":360,"url":"https:\/\/projekt.vombat.ee\/eco\/wp-content\/uploads\/2023\/03\/Kugoo-Kirin-V11.webp","type":"image\/webp"}],"twitter_card":"summary_large_image","twitter_misc":{"Estimated reading time":"1 minute"},"schema":{"@context":"https:\/\/schema.org","@graph":[{"@type":"WebPage","@id":"https:\/\/projekt.vombat.ee\/eco\/fi\/myym%C3%A4l%C3%A4\/sahkopyorat\/taitettavat-sahkopyorat\/kugoo-kirin-v1\/","url":"https:\/\/projekt.vombat.ee\/eco\/fi\/myym%C3%A4l%C3%A4\/sahkopyorat\/taitettavat-sahkopyorat\/kugoo-kirin-v1\/","name":"Kugoo Kirin V1 - Ecocruiser","isPartOf":{"@id":"https:\/\/projekt.vombat.ee\/eco\/#website"},"primaryImageOfPage":{"@id":"https:\/\/projekt.vombat.ee\/eco\/fi\/myym%C3%A4l%C3%A4\/sahkopyorat\/taitettavat-sahkopyorat\/kugoo-kirin-v1\/#primaryimage"},"image":{"@id":"https:\/\/projekt.vombat.ee\/eco\/fi\/myym%C3%A4l%C3%A4\/sahkopyorat\/taitettavat-sahkopyorat\/kugoo-kirin-v1\/#primaryimage"},"thumbnailUrl":"https:\/\/projekt.vombat.ee\/eco\/wp-content\/uploads\/2023\/03\/Kugoo-Kirin-V11.webp","datePublished":"2023-03-26T13:41:13+00:00","dateModified":"2024-03-17T19:34:57+00:00","description":"Ainutlaatuinen KUGOO KIRIN V1 py\u00f6r\u00e4 mahdollistaa jokap\u00e4iv\u00e4isen ajon s\u00e4hk\u00f6k\u00e4yt\u00f6n tuen ansiosta.Py\u00f6r\u00e4ss\u00e4 on nopea 400W 48V moottori ja 7,5Ah litiumakku sek\u00e4 pikalatausj\u00e4rjestelm\u00e4 vain n. 3-4 tuntia.Yhdess\u00e4 levyjarrujen kanssa jarrutettaessa syttyv\u00e4t etu- ja takavalo lis\u00e4\u00e4v\u00e4t ajoturvallisuutta.","breadcrumb":{"@id":"https:\/\/projekt.vombat.ee\/eco\/fi\/myym%C3%A4l%C3%A4\/sahkopyorat\/taitettavat-sahkopyorat\/kugoo-kirin-v1\/#breadcrumb"},"inLanguage":"en-GB","potentialAction":[{"@type":"ReadAction","target":["https:\/\/projekt.vombat.ee\/eco\/fi\/myym%C3%A4l%C3%A4\/sahkopyorat\/taitettavat-sahkopyorat\/kugoo-kirin-v1\/"]}]},{"@type":"ImageObject","inLanguage":"en-GB","@id":"https:\/\/projekt.vombat.ee\/eco\/fi\/myym%C3%A4l%C3%A4\/sahkopyorat\/taitettavat-sahkopyorat\/kugoo-kirin-v1\/#primaryimage","url":"https:\/\/projekt.vombat.ee\/eco\/wp-content\/uploads\/2023\/03\/Kugoo-Kirin-V11.webp","contentUrl":"https:\/\/projekt.vombat.ee\/eco\/wp-content\/uploads\/2023\/03\/Kugoo-Kirin-V11.webp","width":360,"height":360,"caption":"Kugoo Kirin V1"},{"@type":"BreadcrumbList","@id":"https:\/\/projekt.vombat.ee\/eco\/fi\/myym%C3%A4l%C3%A4\/sahkopyorat\/taitettavat-sahkopyorat\/kugoo-kirin-v1\/#breadcrumb","itemListElement":[{"@type":"ListItem","position":1,"name":"Home","item":"https:\/\/projekt.vombat.ee\/eco\/"},{"@type":"ListItem","position":2,"name":"Pood","item":"https:\/\/projekt.vombat.ee\/eco\/pood\/"},{"@type":"ListItem","position":3,"name":"Kugoo Kirin V1"}]},{"@type":"WebSite","@id":"https:\/\/projekt.vombat.ee\/eco\/#website","url":"https:\/\/projekt.vombat.ee\/eco\/","name":"Ecocruiser","description":"","publisher":{"@id":"https:\/\/projekt.vombat.ee\/eco\/#organization"},"potentialAction":[{"@type":"SearchAction","target":{"@type":"EntryPoint","urlTemplate":"https:\/\/projekt.vombat.ee\/eco\/?s={search_term_string}"},"query-input":{"@type":"PropertyValueSpecification","valueRequired":true,"valueName":"search_term_string"}}],"inLanguage":"en-GB"},{"@type":"Organization","@id":"https:\/\/projekt.vombat.ee\/eco\/#organization","name":"Ecocruiser","url":"https:\/\/projekt.vombat.ee\/eco\/","logo":{"@type":"ImageObject","inLanguage":"en-GB","@id":"https:\/\/projekt.vombat.ee\/eco\/#\/schema\/logo\/image\/","url":"https:\/\/projekt.vombat.ee\/eco\/wp-content\/uploads\/2023\/03\/ECOCRUISER_5.png","contentUrl":"https:\/\/projekt.vombat.ee\/eco\/wp-content\/uploads\/2023\/03\/ECOCRUISER_5.png","width":234,"height":91,"caption":"Ecocruiser"},"image":{"@id":"https:\/\/projekt.vombat.ee\/eco\/#\/schema\/logo\/image\/"}}]}},"lang":"fi","translations":{"fi":7339,"ru":5312,"et":2203},"pll_sync_post":[],"_links":{"self":[{"href":"https:\/\/projekt.vombat.ee\/eco\/wp-json\/wp\/v2\/product\/7339"}],"collection":[{"href":"https:\/\/projekt.vombat.ee\/eco\/wp-json\/wp\/v2\/product"}],"about":[{"href":"https:\/\/projekt.vombat.ee\/eco\/wp-json\/wp\/v2\/types\/product"}],"version-history":[{"count":1,"href":"https:\/\/projekt.vombat.ee\/eco\/wp-json\/wp\/v2\/product\/7339\/revisions"}],"predecessor-version":[{"id":7349,"href":"https:\/\/projekt.vombat.ee\/eco\/wp-json\/wp\/v2\/product\/7339\/revisions\/7349"}],"wp:featuredmedia":[{"embeddable":true,"href":"https:\/\/projekt.vombat.ee\/eco\/wp-json\/wp\/v2\/media\/7340"}],"wp:attachment":[{"href":"https:\/\/projekt.vombat.ee\/eco\/wp-json\/wp\/v2\/media?parent=7339"}],"wp:term":[{"taxonomy":"product_cat","embeddable":true,"href":"https:\/\/projekt.vombat.ee\/eco\/wp-json\/wp\/v2\/product_cat?post=7339"},{"taxonomy":"product_tag","embeddable":true,"href":"https:\/\/projekt.vombat.ee\/eco\/wp-json\/wp\/v2\/product_tag?post=7339"}],"curies":[{"name":"wp","href":"https:\/\/api.w.org\/{rel}","templated":true}]}}