{"id":7279,"date":"2023-03-26T13:26:31","date_gmt":"2023-03-26T13:26:31","guid":{"rendered":"https:\/\/projekt.vombat.ee\/eco\/?post_type=product&#038;p=7279"},"modified":"2023-04-22T10:52:26","modified_gmt":"2023-04-22T10:52:26","slug":"eleglide-citycrosser-75km","status":"publish","type":"product","link":"https:\/\/projekt.vombat.ee\/eco\/fi\/myym%C3%A4l%C3%A4\/sahkopyorat\/sahkokaupunkipyorat\/eleglide-citycrosser-75km\/","title":{"rendered":"Eleglide Citycrosser 75km"},"content":{"rendered":"","protected":false},"excerpt":{"rendered":"<p><strong>S\u00c4HK\u00d6PY\u00d6R\u00c4 ELEGLIDE CITYCROSSER<\/strong><\/p>\n<p>&nbsp;<\/p>\n<ul>\n<li>Ajomatka: jopa 75 km<\/li>\n<li>Akku: 36V 10Ah<\/li>\n<li>Latausaika: 6-7 tuntia<\/li>\n<li>Paino: 22kg<\/li>\n<li>Teho: 250W<\/li>\n<\/ul>\n<p>&nbsp;<\/p>\n<p>\u2666 Toimitusaika 3-8 p\u00e4iv\u00e4\u00e4<br \/>\n\u2666 Varastossa<\/p>\n","protected":false},"featured_media":7280,"template":"","meta":[],"product_cat":[983,985,979],"product_tag":[],"class_list":{"0":"post-7279","1":"product","2":"type-product","3":"status-publish","4":"has-post-thumbnail","6":"product_cat-sahkokaupunkipyorat","7":"product_cat-sahkomaastopyora","8":"product_cat-sahkopyorat","10":"first","11":"instock","12":"taxable","13":"shipping-taxable","14":"purchasable","15":"product-type-simple"},"yoast_head":"<!-- This site is optimized with the Yoast SEO plugin v23.8 - https:\/\/yoast.com\/wordpress\/plugins\/seo\/ -->\n<title>Eleglide Citycrosser 75km - Ecocruiser<\/title>\n<meta name=\"description\" content=\"Eleglide Citycrosser 75km - Laadukkaat merkit, laaja valikoima - Ecocruiser.ee - Jos sinulla on kysytt\u00e4v\u00e4\u00e4, ota yhteytt\u00e4 info@projekt.vombat.ee\" \/>\n<meta name=\"robots\" content=\"noindex, follow, max-snippet:-1, max-image-preview:large, max-video-preview:-1\" \/>\n<meta property=\"og:locale\" content=\"en_GB\" \/>\n<meta property=\"og:type\" content=\"article\" \/>\n<meta property=\"og:title\" content=\"Eleglide Citycrosser 75km - Ecocruiser\" \/>\n<meta property=\"og:description\" content=\"Eleglide Citycrosser 75km - Laadukkaat merkit, laaja valikoima - Ecocruiser.ee - Jos sinulla on kysytt\u00e4v\u00e4\u00e4, ota yhteytt\u00e4 info@projekt.vombat.ee\" \/>\n<meta property=\"og:url\" content=\"https:\/\/projekt.vombat.ee\/eco\/fi\/myym\u00e4l\u00e4\/sahkopyorat\/sahkokaupunkipyorat\/eleglide-citycrosser-75km\/\" \/>\n<meta property=\"og:site_name\" content=\"Ecocruiser\" \/>\n<meta property=\"article:modified_time\" content=\"2023-04-22T10:52:26+00:00\" \/>\n<meta property=\"og:image\" content=\"https:\/\/projekt.vombat.ee\/eco\/wp-content\/uploads\/2023\/03\/EleglideCitycrosser.webp\" \/>\n\t<meta property=\"og:image:width\" content=\"1000\" \/>\n\t<meta property=\"og:image:height\" content=\"1000\" \/>\n\t<meta property=\"og:image:type\" content=\"image\/webp\" \/>\n<meta name=\"twitter:card\" content=\"summary_large_image\" \/>\n<script type=\"application\/ld+json\" class=\"yoast-schema-graph\">{\"@context\":\"https:\/\/schema.org\",\"@graph\":[{\"@type\":\"WebPage\",\"@id\":\"https:\/\/projekt.vombat.ee\/eco\/fi\/myym%C3%A4l%C3%A4\/sahkopyorat\/sahkokaupunkipyorat\/eleglide-citycrosser-75km\/\",\"url\":\"https:\/\/projekt.vombat.ee\/eco\/fi\/myym%C3%A4l%C3%A4\/sahkopyorat\/sahkokaupunkipyorat\/eleglide-citycrosser-75km\/\",\"name\":\"Eleglide Citycrosser 75km - Ecocruiser\",\"isPartOf\":{\"@id\":\"https:\/\/projekt.vombat.ee\/eco\/#website\"},\"primaryImageOfPage\":{\"@id\":\"https:\/\/projekt.vombat.ee\/eco\/fi\/myym%C3%A4l%C3%A4\/sahkopyorat\/sahkokaupunkipyorat\/eleglide-citycrosser-75km\/#primaryimage\"},\"image\":{\"@id\":\"https:\/\/projekt.vombat.ee\/eco\/fi\/myym%C3%A4l%C3%A4\/sahkopyorat\/sahkokaupunkipyorat\/eleglide-citycrosser-75km\/#primaryimage\"},\"thumbnailUrl\":\"https:\/\/projekt.vombat.ee\/eco\/wp-content\/uploads\/2023\/03\/EleglideCitycrosser.webp\",\"datePublished\":\"2023-03-26T13:26:31+00:00\",\"dateModified\":\"2023-04-22T10:52:26+00:00\",\"description\":\"Eleglide Citycrosser 75km - Laadukkaat merkit, laaja valikoima - Ecocruiser.ee - Jos sinulla on kysytt\u00e4v\u00e4\u00e4, ota yhteytt\u00e4 info@projekt.vombat.ee\",\"breadcrumb\":{\"@id\":\"https:\/\/projekt.vombat.ee\/eco\/fi\/myym%C3%A4l%C3%A4\/sahkopyorat\/sahkokaupunkipyorat\/eleglide-citycrosser-75km\/#breadcrumb\"},\"inLanguage\":\"en-GB\",\"potentialAction\":[{\"@type\":\"ReadAction\",\"target\":[\"https:\/\/projekt.vombat.ee\/eco\/fi\/myym%C3%A4l%C3%A4\/sahkopyorat\/sahkokaupunkipyorat\/eleglide-citycrosser-75km\/\"]}]},{\"@type\":\"ImageObject\",\"inLanguage\":\"en-GB\",\"@id\":\"https:\/\/projekt.vombat.ee\/eco\/fi\/myym%C3%A4l%C3%A4\/sahkopyorat\/sahkokaupunkipyorat\/eleglide-citycrosser-75km\/#primaryimage\",\"url\":\"https:\/\/projekt.vombat.ee\/eco\/wp-content\/uploads\/2023\/03\/EleglideCitycrosser.webp\",\"contentUrl\":\"https:\/\/projekt.vombat.ee\/eco\/wp-content\/uploads\/2023\/03\/EleglideCitycrosser.webp\",\"width\":1000,\"height\":1000,\"caption\":\"EleglideCitycrosser\"},{\"@type\":\"BreadcrumbList\",\"@id\":\"https:\/\/projekt.vombat.ee\/eco\/fi\/myym%C3%A4l%C3%A4\/sahkopyorat\/sahkokaupunkipyorat\/eleglide-citycrosser-75km\/#breadcrumb\",\"itemListElement\":[{\"@type\":\"ListItem\",\"position\":1,\"name\":\"Home\",\"item\":\"https:\/\/projekt.vombat.ee\/eco\/\"},{\"@type\":\"ListItem\",\"position\":2,\"name\":\"Pood\",\"item\":\"https:\/\/projekt.vombat.ee\/eco\/pood\/\"},{\"@type\":\"ListItem\",\"position\":3,\"name\":\"Eleglide Citycrosser 75km\"}]},{\"@type\":\"WebSite\",\"@id\":\"https:\/\/projekt.vombat.ee\/eco\/#website\",\"url\":\"https:\/\/projekt.vombat.ee\/eco\/\",\"name\":\"Ecocruiser\",\"description\":\"\",\"publisher\":{\"@id\":\"https:\/\/projekt.vombat.ee\/eco\/#organization\"},\"potentialAction\":[{\"@type\":\"SearchAction\",\"target\":{\"@type\":\"EntryPoint\",\"urlTemplate\":\"https:\/\/projekt.vombat.ee\/eco\/?s={search_term_string}\"},\"query-input\":{\"@type\":\"PropertyValueSpecification\",\"valueRequired\":true,\"valueName\":\"search_term_string\"}}],\"inLanguage\":\"en-GB\"},{\"@type\":\"Organization\",\"@id\":\"https:\/\/projekt.vombat.ee\/eco\/#organization\",\"name\":\"Ecocruiser\",\"url\":\"https:\/\/projekt.vombat.ee\/eco\/\",\"logo\":{\"@type\":\"ImageObject\",\"inLanguage\":\"en-GB\",\"@id\":\"https:\/\/projekt.vombat.ee\/eco\/#\/schema\/logo\/image\/\",\"url\":\"https:\/\/projekt.vombat.ee\/eco\/wp-content\/uploads\/2023\/03\/ECOCRUISER_5.png\",\"contentUrl\":\"https:\/\/projekt.vombat.ee\/eco\/wp-content\/uploads\/2023\/03\/ECOCRUISER_5.png\",\"width\":234,\"height\":91,\"caption\":\"Ecocruiser\"},\"image\":{\"@id\":\"https:\/\/projekt.vombat.ee\/eco\/#\/schema\/logo\/image\/\"}}]}<\/script>\n<!-- \/ Yoast SEO plugin. -->","yoast_head_json":{"title":"Eleglide Citycrosser 75km - Ecocruiser","description":"Eleglide Citycrosser 75km - Laadukkaat merkit, laaja valikoima - Ecocruiser.ee - Jos sinulla on kysytt\u00e4v\u00e4\u00e4, ota yhteytt\u00e4 info@projekt.vombat.ee","robots":{"index":"noindex","follow":"follow","max-snippet":"max-snippet:-1","max-image-preview":"max-image-preview:large","max-video-preview":"max-video-preview:-1"},"og_locale":"en_GB","og_type":"article","og_title":"Eleglide Citycrosser 75km - Ecocruiser","og_description":"Eleglide Citycrosser 75km - Laadukkaat merkit, laaja valikoima - Ecocruiser.ee - Jos sinulla on kysytt\u00e4v\u00e4\u00e4, ota yhteytt\u00e4 info@projekt.vombat.ee","og_url":"https:\/\/projekt.vombat.ee\/eco\/fi\/myym\u00e4l\u00e4\/sahkopyorat\/sahkokaupunkipyorat\/eleglide-citycrosser-75km\/","og_site_name":"Ecocruiser","article_modified_time":"2023-04-22T10:52:26+00:00","og_image":[{"width":1000,"height":1000,"url":"https:\/\/projekt.vombat.ee\/eco\/wp-content\/uploads\/2023\/03\/EleglideCitycrosser.webp","type":"image\/webp"}],"twitter_card":"summary_large_image","schema":{"@context":"https:\/\/schema.org","@graph":[{"@type":"WebPage","@id":"https:\/\/projekt.vombat.ee\/eco\/fi\/myym%C3%A4l%C3%A4\/sahkopyorat\/sahkokaupunkipyorat\/eleglide-citycrosser-75km\/","url":"https:\/\/projekt.vombat.ee\/eco\/fi\/myym%C3%A4l%C3%A4\/sahkopyorat\/sahkokaupunkipyorat\/eleglide-citycrosser-75km\/","name":"Eleglide Citycrosser 75km - Ecocruiser","isPartOf":{"@id":"https:\/\/projekt.vombat.ee\/eco\/#website"},"primaryImageOfPage":{"@id":"https:\/\/projekt.vombat.ee\/eco\/fi\/myym%C3%A4l%C3%A4\/sahkopyorat\/sahkokaupunkipyorat\/eleglide-citycrosser-75km\/#primaryimage"},"image":{"@id":"https:\/\/projekt.vombat.ee\/eco\/fi\/myym%C3%A4l%C3%A4\/sahkopyorat\/sahkokaupunkipyorat\/eleglide-citycrosser-75km\/#primaryimage"},"thumbnailUrl":"https:\/\/projekt.vombat.ee\/eco\/wp-content\/uploads\/2023\/03\/EleglideCitycrosser.webp","datePublished":"2023-03-26T13:26:31+00:00","dateModified":"2023-04-22T10:52:26+00:00","description":"Eleglide Citycrosser 75km - Laadukkaat merkit, laaja valikoima - Ecocruiser.ee - Jos sinulla on kysytt\u00e4v\u00e4\u00e4, ota yhteytt\u00e4 info@projekt.vombat.ee","breadcrumb":{"@id":"https:\/\/projekt.vombat.ee\/eco\/fi\/myym%C3%A4l%C3%A4\/sahkopyorat\/sahkokaupunkipyorat\/eleglide-citycrosser-75km\/#breadcrumb"},"inLanguage":"en-GB","potentialAction":[{"@type":"ReadAction","target":["https:\/\/projekt.vombat.ee\/eco\/fi\/myym%C3%A4l%C3%A4\/sahkopyorat\/sahkokaupunkipyorat\/eleglide-citycrosser-75km\/"]}]},{"@type":"ImageObject","inLanguage":"en-GB","@id":"https:\/\/projekt.vombat.ee\/eco\/fi\/myym%C3%A4l%C3%A4\/sahkopyorat\/sahkokaupunkipyorat\/eleglide-citycrosser-75km\/#primaryimage","url":"https:\/\/projekt.vombat.ee\/eco\/wp-content\/uploads\/2023\/03\/EleglideCitycrosser.webp","contentUrl":"https:\/\/projekt.vombat.ee\/eco\/wp-content\/uploads\/2023\/03\/EleglideCitycrosser.webp","width":1000,"height":1000,"caption":"EleglideCitycrosser"},{"@type":"BreadcrumbList","@id":"https:\/\/projekt.vombat.ee\/eco\/fi\/myym%C3%A4l%C3%A4\/sahkopyorat\/sahkokaupunkipyorat\/eleglide-citycrosser-75km\/#breadcrumb","itemListElement":[{"@type":"ListItem","position":1,"name":"Home","item":"https:\/\/projekt.vombat.ee\/eco\/"},{"@type":"ListItem","position":2,"name":"Pood","item":"https:\/\/projekt.vombat.ee\/eco\/pood\/"},{"@type":"ListItem","position":3,"name":"Eleglide Citycrosser 75km"}]},{"@type":"WebSite","@id":"https:\/\/projekt.vombat.ee\/eco\/#website","url":"https:\/\/projekt.vombat.ee\/eco\/","name":"Ecocruiser","description":"","publisher":{"@id":"https:\/\/projekt.vombat.ee\/eco\/#organization"},"potentialAction":[{"@type":"SearchAction","target":{"@type":"EntryPoint","urlTemplate":"https:\/\/projekt.vombat.ee\/eco\/?s={search_term_string}"},"query-input":{"@type":"PropertyValueSpecification","valueRequired":true,"valueName":"search_term_string"}}],"inLanguage":"en-GB"},{"@type":"Organization","@id":"https:\/\/projekt.vombat.ee\/eco\/#organization","name":"Ecocruiser","url":"https:\/\/projekt.vombat.ee\/eco\/","logo":{"@type":"ImageObject","inLanguage":"en-GB","@id":"https:\/\/projekt.vombat.ee\/eco\/#\/schema\/logo\/image\/","url":"https:\/\/projekt.vombat.ee\/eco\/wp-content\/uploads\/2023\/03\/ECOCRUISER_5.png","contentUrl":"https:\/\/projekt.vombat.ee\/eco\/wp-content\/uploads\/2023\/03\/ECOCRUISER_5.png","width":234,"height":91,"caption":"Ecocruiser"},"image":{"@id":"https:\/\/projekt.vombat.ee\/eco\/#\/schema\/logo\/image\/"}}]}},"lang":"fi","translations":{"fi":7279},"pll_sync_post":[],"_links":{"self":[{"href":"https:\/\/projekt.vombat.ee\/eco\/wp-json\/wp\/v2\/product\/7279"}],"collection":[{"href":"https:\/\/projekt.vombat.ee\/eco\/wp-json\/wp\/v2\/product"}],"about":[{"href":"https:\/\/projekt.vombat.ee\/eco\/wp-json\/wp\/v2\/types\/product"}],"version-history":[{"count":1,"href":"https:\/\/projekt.vombat.ee\/eco\/wp-json\/wp\/v2\/product\/7279\/revisions"}],"predecessor-version":[{"id":7288,"href":"https:\/\/projekt.vombat.ee\/eco\/wp-json\/wp\/v2\/product\/7279\/revisions\/7288"}],"wp:featuredmedia":[{"embeddable":true,"href":"https:\/\/projekt.vombat.ee\/eco\/wp-json\/wp\/v2\/media\/7280"}],"wp:attachment":[{"href":"https:\/\/projekt.vombat.ee\/eco\/wp-json\/wp\/v2\/media?parent=7279"}],"wp:term":[{"taxonomy":"product_cat","embeddable":true,"href":"https:\/\/projekt.vombat.ee\/eco\/wp-json\/wp\/v2\/product_cat?post=7279"},{"taxonomy":"product_tag","embeddable":true,"href":"https:\/\/projekt.vombat.ee\/eco\/wp-json\/wp\/v2\/product_tag?post=7279"}],"curies":[{"name":"wp","href":"https:\/\/api.w.org\/{rel}","templated":true}]}}