{"id":7271,"date":"2023-03-26T12:53:26","date_gmt":"2023-03-26T12:53:26","guid":{"rendered":"https:\/\/projekt.vombat.ee\/eco\/?post_type=product&#038;p=7271"},"modified":"2023-03-26T12:53:26","modified_gmt":"2023-03-26T12:53:26","slug":"blaupunkt-fiene-500-70km","status":"publish","type":"product","link":"https:\/\/projekt.vombat.ee\/eco\/fi\/myym%C3%A4l%C3%A4\/sahkopyorat\/taitettavat-sahkopyorat\/blaupunkt-fiene-500-70km\/","title":{"rendered":"Blaupunkt Fiene 500, 70km"},"content":{"rendered":"<h3>BLAUPUNKT FIENE 500 S\u00c4HK\u00d6PY\u00d6R\u00c4<\/h3>\n<p>Blaupunkt Fiene 500 on mukava ja kompakti s\u00e4hk\u00f6py\u00f6r\u00e4 20 tuuman renkailla. Kest\u00e4v\u00e4 ja kokoontaitettava runko tekee ajamisesta helpompaa kuin koskaan. Ajomukavuuden lis\u00e4ksi Fiene erottuu tyylikk\u00e4\u00e4st\u00e4 muotoilustaan, eli ei rumia hitsauskohtia. Py\u00f6r\u00e4n paino on vain 21 kg ja ajomatka yhdell\u00e4 latauksella jopa 70 km!<\/p>\n<p><img fetchpriority=\"high\" decoding=\"async\" class=\"img-responsive lazyloaded wp-image-21124\" title=\"FIENE_500_Body5__blaupunkt-fiene-500-links\" src=\"https:\/\/bpunkt.b-cdn.net\/wp-content\/uploads\/2021\/02\/FIENE_500_Body5__blaupunkt-fiene-500-links.jpg\" alt=\"\" width=\"1000\" height=\"1333\" data-orig-src=\"https:\/\/bpunkt.b-cdn.net\/wp-content\/uploads\/2021\/02\/FIENE_500_Body5__blaupunkt-fiene-500-links.jpg\" \/><\/p>\n<p><img decoding=\"async\" class=\"img-responsive lazyloaded wp-image-21067\" title=\"FIENE_500_Body2__blaupunkt-fiene-500-geklappt\" src=\"https:\/\/bpunkt.b-cdn.net\/wp-content\/uploads\/2021\/02\/FIENE_500_Body2__blaupunkt-fiene-500-geklappt.jpg\" alt=\"Blaupunkt Fiene 500\" width=\"1000\" height=\"1000\" data-orig-src=\"https:\/\/bpunkt.b-cdn.net\/wp-content\/uploads\/2021\/02\/FIENE_500_Body2__blaupunkt-fiene-500-geklappt.jpg\" \/><\/p>\n<h3>BLAUPUNKT FIENE 500 &#8211; KOMPAKTI JA TEHOKAS<\/h3>\n<p>Varustettu \u00e4lykk\u00e4\u00e4ll\u00e4 lukitusmekanismilla, jonka avulla py\u00f6r\u00e4 voidaan taittaa nelj\u00e4ll\u00e4 yksinkertaisella liikkeell\u00e4. Avattuna py\u00f6r\u00e4n mitat ovat 1520 x 570 x 1040 mm ja taitettuna 800 x 430 x 600 mm. Jos haluat py\u00f6r\u00e4n, joka olisi k\u00e4tev\u00e4 ottaa mukaan esimerkiksi bussiin, junaan tai auton takakonttiin, Fiene 500 on suunniteltu siihen.<\/p>\n<p>Tehokas 36 V takapy\u00f6r\u00e4n moottori varmistaa riitt\u00e4v\u00e4n nopeuden, jotta ajaminen on nautinnollista. Suurin nopeus, joka voidaan saavuttaa vain s\u00e4hk\u00f6moottorilla, on 25 km\/h. (tietysti se on isompi, jos k\u00e4\u00e4nn\u00e4t sen itse). Lis\u00e4ksi py\u00f6r\u00e4n rungon sis\u00e4\u00e4n on piilotettu kunnollinen litiumioniakku, jolla voi ajaa yhdell\u00e4 latauksella jopa 70 km. Lis\u00e4ksi akkuun on asennettu BMS-j\u00e4rjestelm\u00e4, joka varmistaa optimaalisen energiank\u00e4yt\u00f6n.<\/p>\n<p><span class=\" fusion-imageframe imageframe-none imageframe-4 hover-type-zoomin\"><img decoding=\"async\" class=\"img-responsive wp-image-21086 lazyloaded\" title=\"FIENE_500_Body3__blaupunkt-fiene-500-motor\" src=\"https:\/\/bpunkt.b-cdn.net\/wp-content\/uploads\/2021\/02\/FIENE_500_Body3__blaupunkt-fiene-500-motor.jpg\" alt=\"\" width=\"1000\" height=\"1000\" data-orig-src=\"https:\/\/bpunkt.b-cdn.net\/wp-content\/uploads\/2021\/02\/FIENE_500_Body3__blaupunkt-fiene-500-motor.jpg\" \/><\/span><\/p>\n<p><span class=\" fusion-imageframe imageframe-none imageframe-5 hover-type-zoomin\"><img loading=\"lazy\" decoding=\"async\" class=\"img-responsive wp-image-21105 lazyloaded\" title=\"FIENE_500_Body4__blaupunkt-fiene-500-lcd\" src=\"https:\/\/bpunkt.b-cdn.net\/wp-content\/uploads\/2021\/02\/FIENE_500_Body4__blaupunkt-fiene-500-lcd.jpg\" alt=\"\" width=\"1000\" height=\"1000\" data-orig-src=\"https:\/\/bpunkt.b-cdn.net\/wp-content\/uploads\/2021\/02\/FIENE_500_Body4__blaupunkt-fiene-500-lcd.jpg\" \/><\/span><\/p>\n<h3>LCD-N\u00c4YTT\u00d6<\/h3>\n<p>Py\u00f6r\u00e4ss\u00e4 on helppolukuinen LCD-n\u00e4ytt\u00f6, josta voit tarkistaa akun j\u00e4ljell\u00e4 olevan varauksen, s\u00e4\u00e4t\u00e4\u00e4 nopeustasoa ja kytke\u00e4 etuvalon p\u00e4\u00e4lle\/pois. Tarvittaessa moottori voidaan my\u00f6s k\u00e4ynnist\u00e4\u00e4\/sammuttaa sill\u00e4 esim. vain m\u00e4kikiipeily\u00e4 varten.<\/p>\n<p><span class=\" fusion-imageframe imageframe-none imageframe-6 hover-type-none\"><img loading=\"lazy\" decoding=\"async\" class=\"img-responsive wp-image-711931 lazyloaded\" title=\"FIENE Medida\" src=\"https:\/\/bpunkt.b-cdn.net\/wp-content\/uploads\/2022\/01\/FIENE-Medida-1-300x200.jpg\" alt=\"\" width=\"240\" height=\"160\" data-orig-src=\"https:\/\/bpunkt.b-cdn.net\/wp-content\/uploads\/2022\/01\/FIENE-Medida-1-300x200.jpg\" \/><\/span><\/p>\n<div class=\"youtube responsive-embed wp-embed\"><iframe title=\"BLAUPUNKT eBike assembly out of the box\" width=\"1778\" height=\"1000\" src=\"https:\/\/www.youtube.com\/embed\/U9y5NwnJ9DU?feature=oembed&#038;enablejsapi=1&#038;rel=0&#038;showinfo=0&#038;color=white\" frameborder=\"0\" allow=\"accelerometer; autoplay; clipboard-write; encrypted-media; gyroscope; picture-in-picture; web-share\" allowfullscreen><\/iframe><\/div>\n","protected":false},"excerpt":{"rendered":"<p><strong>BLAUPUNKT FIENE 500<\/strong><\/p>\n<p>&nbsp;<\/p>\n<ul>\n<li>Suurin ajomatka: 70 km<\/li>\n<li>Kantavuus: 110 kg<\/li>\n<li>Moottorin teho: 250W<\/li>\n<li>Latausaika: 4-6 tuntia<\/li>\n<li>Akku: 36V\/10,5Ah<\/li>\n<li>Suurin nopeus: 25 km\/h<\/li>\n<\/ul>\n<p>&nbsp;<\/p>\n<p>\u2666 Toimitusaika 2-8 p\u00e4iv\u00e4\u00e4<br \/>\n\u2666 Varastossa<\/p>\n","protected":false},"featured_media":7272,"template":"","meta":[],"product_cat":[979,981,977],"product_tag":[],"class_list":{"0":"post-7271","1":"product","2":"type-product","3":"status-publish","4":"has-post-thumbnail","6":"product_cat-sahkopyorat","7":"product_cat-taitettavat-sahkopyorat","8":"product_cat-tuotemerkit","9":"product_shipping_class-suured-pakid","11":"first","12":"instock","13":"sale","14":"taxable","15":"shipping-taxable","16":"purchasable","17":"product-type-simple"},"yoast_head":"<!-- This site is optimized with the Yoast SEO plugin v23.8 - https:\/\/yoast.com\/wordpress\/plugins\/seo\/ -->\n<title>Blaupunkt Fiene 500, 70km - Ecocruiser<\/title>\n<meta name=\"description\" content=\"Blaupunkt Fiene 500, 70km - Laadukkaat merkit, laaja valikoima - Ecocruiser.ee - Jos sinulla on kysytt\u00e4v\u00e4\u00e4, ota yhteytt\u00e4 info@projekt.vombat.ee\" \/>\n<meta name=\"robots\" content=\"noindex, follow, max-snippet:-1, max-image-preview:large, max-video-preview:-1\" \/>\n<meta property=\"og:locale\" content=\"en_GB\" \/>\n<meta property=\"og:type\" content=\"article\" \/>\n<meta property=\"og:title\" content=\"Blaupunkt Fiene 500, 70km - Ecocruiser\" \/>\n<meta property=\"og:description\" content=\"Blaupunkt Fiene 500, 70km - Laadukkaat merkit, laaja valikoima - Ecocruiser.ee - Jos sinulla on kysytt\u00e4v\u00e4\u00e4, ota yhteytt\u00e4 info@projekt.vombat.ee\" \/>\n<meta property=\"og:url\" content=\"https:\/\/projekt.vombat.ee\/eco\/fi\/myym\u00e4l\u00e4\/sahkopyorat\/taitettavat-sahkopyorat\/blaupunkt-fiene-500-70km\/\" \/>\n<meta property=\"og:site_name\" content=\"Ecocruiser\" \/>\n<meta property=\"og:image\" content=\"https:\/\/projekt.vombat.ee\/eco\/wp-content\/uploads\/2023\/03\/Blaupunkt_Fiene_500.jpg\" \/>\n\t<meta property=\"og:image:width\" content=\"1024\" \/>\n\t<meta property=\"og:image:height\" content=\"683\" \/>\n\t<meta property=\"og:image:type\" content=\"image\/jpeg\" \/>\n<meta name=\"twitter:card\" content=\"summary_large_image\" \/>\n<meta name=\"twitter:label1\" content=\"Estimated reading time\" \/>\n\t<meta name=\"twitter:data1\" content=\"3 minutes\" \/>\n<script type=\"application\/ld+json\" class=\"yoast-schema-graph\">{\"@context\":\"https:\/\/schema.org\",\"@graph\":[{\"@type\":\"WebPage\",\"@id\":\"https:\/\/projekt.vombat.ee\/eco\/fi\/myym%C3%A4l%C3%A4\/sahkopyorat\/taitettavat-sahkopyorat\/blaupunkt-fiene-500-70km\/\",\"url\":\"https:\/\/projekt.vombat.ee\/eco\/fi\/myym%C3%A4l%C3%A4\/sahkopyorat\/taitettavat-sahkopyorat\/blaupunkt-fiene-500-70km\/\",\"name\":\"Blaupunkt Fiene 500, 70km - Ecocruiser\",\"isPartOf\":{\"@id\":\"https:\/\/projekt.vombat.ee\/eco\/#website\"},\"primaryImageOfPage\":{\"@id\":\"https:\/\/projekt.vombat.ee\/eco\/fi\/myym%C3%A4l%C3%A4\/sahkopyorat\/taitettavat-sahkopyorat\/blaupunkt-fiene-500-70km\/#primaryimage\"},\"image\":{\"@id\":\"https:\/\/projekt.vombat.ee\/eco\/fi\/myym%C3%A4l%C3%A4\/sahkopyorat\/taitettavat-sahkopyorat\/blaupunkt-fiene-500-70km\/#primaryimage\"},\"thumbnailUrl\":\"https:\/\/projekt.vombat.ee\/eco\/wp-content\/uploads\/2023\/03\/Blaupunkt_Fiene_500.jpg\",\"datePublished\":\"2023-03-26T12:53:26+00:00\",\"dateModified\":\"2023-03-26T12:53:26+00:00\",\"description\":\"Blaupunkt Fiene 500, 70km - Laadukkaat merkit, laaja valikoima - Ecocruiser.ee - Jos sinulla on kysytt\u00e4v\u00e4\u00e4, ota yhteytt\u00e4 info@projekt.vombat.ee\",\"breadcrumb\":{\"@id\":\"https:\/\/projekt.vombat.ee\/eco\/fi\/myym%C3%A4l%C3%A4\/sahkopyorat\/taitettavat-sahkopyorat\/blaupunkt-fiene-500-70km\/#breadcrumb\"},\"inLanguage\":\"en-GB\",\"potentialAction\":[{\"@type\":\"ReadAction\",\"target\":[\"https:\/\/projekt.vombat.ee\/eco\/fi\/myym%C3%A4l%C3%A4\/sahkopyorat\/taitettavat-sahkopyorat\/blaupunkt-fiene-500-70km\/\"]}]},{\"@type\":\"ImageObject\",\"inLanguage\":\"en-GB\",\"@id\":\"https:\/\/projekt.vombat.ee\/eco\/fi\/myym%C3%A4l%C3%A4\/sahkopyorat\/taitettavat-sahkopyorat\/blaupunkt-fiene-500-70km\/#primaryimage\",\"url\":\"https:\/\/projekt.vombat.ee\/eco\/wp-content\/uploads\/2023\/03\/Blaupunkt_Fiene_500.jpg\",\"contentUrl\":\"https:\/\/projekt.vombat.ee\/eco\/wp-content\/uploads\/2023\/03\/Blaupunkt_Fiene_500.jpg\",\"width\":1024,\"height\":683,\"caption\":\"Blaupunkt Fiene 500\"},{\"@type\":\"BreadcrumbList\",\"@id\":\"https:\/\/projekt.vombat.ee\/eco\/fi\/myym%C3%A4l%C3%A4\/sahkopyorat\/taitettavat-sahkopyorat\/blaupunkt-fiene-500-70km\/#breadcrumb\",\"itemListElement\":[{\"@type\":\"ListItem\",\"position\":1,\"name\":\"Home\",\"item\":\"https:\/\/projekt.vombat.ee\/eco\/\"},{\"@type\":\"ListItem\",\"position\":2,\"name\":\"Pood\",\"item\":\"https:\/\/projekt.vombat.ee\/eco\/pood\/\"},{\"@type\":\"ListItem\",\"position\":3,\"name\":\"Blaupunkt Fiene 500, 70km\"}]},{\"@type\":\"WebSite\",\"@id\":\"https:\/\/projekt.vombat.ee\/eco\/#website\",\"url\":\"https:\/\/projekt.vombat.ee\/eco\/\",\"name\":\"Ecocruiser\",\"description\":\"\",\"publisher\":{\"@id\":\"https:\/\/projekt.vombat.ee\/eco\/#organization\"},\"potentialAction\":[{\"@type\":\"SearchAction\",\"target\":{\"@type\":\"EntryPoint\",\"urlTemplate\":\"https:\/\/projekt.vombat.ee\/eco\/?s={search_term_string}\"},\"query-input\":{\"@type\":\"PropertyValueSpecification\",\"valueRequired\":true,\"valueName\":\"search_term_string\"}}],\"inLanguage\":\"en-GB\"},{\"@type\":\"Organization\",\"@id\":\"https:\/\/projekt.vombat.ee\/eco\/#organization\",\"name\":\"Ecocruiser\",\"url\":\"https:\/\/projekt.vombat.ee\/eco\/\",\"logo\":{\"@type\":\"ImageObject\",\"inLanguage\":\"en-GB\",\"@id\":\"https:\/\/projekt.vombat.ee\/eco\/#\/schema\/logo\/image\/\",\"url\":\"https:\/\/projekt.vombat.ee\/eco\/wp-content\/uploads\/2023\/03\/ECOCRUISER_5.png\",\"contentUrl\":\"https:\/\/projekt.vombat.ee\/eco\/wp-content\/uploads\/2023\/03\/ECOCRUISER_5.png\",\"width\":234,\"height\":91,\"caption\":\"Ecocruiser\"},\"image\":{\"@id\":\"https:\/\/projekt.vombat.ee\/eco\/#\/schema\/logo\/image\/\"}}]}<\/script>\n<!-- \/ Yoast SEO plugin. -->","yoast_head_json":{"title":"Blaupunkt Fiene 500, 70km - Ecocruiser","description":"Blaupunkt Fiene 500, 70km - Laadukkaat merkit, laaja valikoima - Ecocruiser.ee - Jos sinulla on kysytt\u00e4v\u00e4\u00e4, ota yhteytt\u00e4 info@projekt.vombat.ee","robots":{"index":"noindex","follow":"follow","max-snippet":"max-snippet:-1","max-image-preview":"max-image-preview:large","max-video-preview":"max-video-preview:-1"},"og_locale":"en_GB","og_type":"article","og_title":"Blaupunkt Fiene 500, 70km - Ecocruiser","og_description":"Blaupunkt Fiene 500, 70km - Laadukkaat merkit, laaja valikoima - Ecocruiser.ee - Jos sinulla on kysytt\u00e4v\u00e4\u00e4, ota yhteytt\u00e4 info@projekt.vombat.ee","og_url":"https:\/\/projekt.vombat.ee\/eco\/fi\/myym\u00e4l\u00e4\/sahkopyorat\/taitettavat-sahkopyorat\/blaupunkt-fiene-500-70km\/","og_site_name":"Ecocruiser","og_image":[{"width":1024,"height":683,"url":"https:\/\/projekt.vombat.ee\/eco\/wp-content\/uploads\/2023\/03\/Blaupunkt_Fiene_500.jpg","type":"image\/jpeg"}],"twitter_card":"summary_large_image","twitter_misc":{"Estimated reading time":"3 minutes"},"schema":{"@context":"https:\/\/schema.org","@graph":[{"@type":"WebPage","@id":"https:\/\/projekt.vombat.ee\/eco\/fi\/myym%C3%A4l%C3%A4\/sahkopyorat\/taitettavat-sahkopyorat\/blaupunkt-fiene-500-70km\/","url":"https:\/\/projekt.vombat.ee\/eco\/fi\/myym%C3%A4l%C3%A4\/sahkopyorat\/taitettavat-sahkopyorat\/blaupunkt-fiene-500-70km\/","name":"Blaupunkt Fiene 500, 70km - Ecocruiser","isPartOf":{"@id":"https:\/\/projekt.vombat.ee\/eco\/#website"},"primaryImageOfPage":{"@id":"https:\/\/projekt.vombat.ee\/eco\/fi\/myym%C3%A4l%C3%A4\/sahkopyorat\/taitettavat-sahkopyorat\/blaupunkt-fiene-500-70km\/#primaryimage"},"image":{"@id":"https:\/\/projekt.vombat.ee\/eco\/fi\/myym%C3%A4l%C3%A4\/sahkopyorat\/taitettavat-sahkopyorat\/blaupunkt-fiene-500-70km\/#primaryimage"},"thumbnailUrl":"https:\/\/projekt.vombat.ee\/eco\/wp-content\/uploads\/2023\/03\/Blaupunkt_Fiene_500.jpg","datePublished":"2023-03-26T12:53:26+00:00","dateModified":"2023-03-26T12:53:26+00:00","description":"Blaupunkt Fiene 500, 70km - Laadukkaat merkit, laaja valikoima - Ecocruiser.ee - Jos sinulla on kysytt\u00e4v\u00e4\u00e4, ota yhteytt\u00e4 info@projekt.vombat.ee","breadcrumb":{"@id":"https:\/\/projekt.vombat.ee\/eco\/fi\/myym%C3%A4l%C3%A4\/sahkopyorat\/taitettavat-sahkopyorat\/blaupunkt-fiene-500-70km\/#breadcrumb"},"inLanguage":"en-GB","potentialAction":[{"@type":"ReadAction","target":["https:\/\/projekt.vombat.ee\/eco\/fi\/myym%C3%A4l%C3%A4\/sahkopyorat\/taitettavat-sahkopyorat\/blaupunkt-fiene-500-70km\/"]}]},{"@type":"ImageObject","inLanguage":"en-GB","@id":"https:\/\/projekt.vombat.ee\/eco\/fi\/myym%C3%A4l%C3%A4\/sahkopyorat\/taitettavat-sahkopyorat\/blaupunkt-fiene-500-70km\/#primaryimage","url":"https:\/\/projekt.vombat.ee\/eco\/wp-content\/uploads\/2023\/03\/Blaupunkt_Fiene_500.jpg","contentUrl":"https:\/\/projekt.vombat.ee\/eco\/wp-content\/uploads\/2023\/03\/Blaupunkt_Fiene_500.jpg","width":1024,"height":683,"caption":"Blaupunkt Fiene 500"},{"@type":"BreadcrumbList","@id":"https:\/\/projekt.vombat.ee\/eco\/fi\/myym%C3%A4l%C3%A4\/sahkopyorat\/taitettavat-sahkopyorat\/blaupunkt-fiene-500-70km\/#breadcrumb","itemListElement":[{"@type":"ListItem","position":1,"name":"Home","item":"https:\/\/projekt.vombat.ee\/eco\/"},{"@type":"ListItem","position":2,"name":"Pood","item":"https:\/\/projekt.vombat.ee\/eco\/pood\/"},{"@type":"ListItem","position":3,"name":"Blaupunkt Fiene 500, 70km"}]},{"@type":"WebSite","@id":"https:\/\/projekt.vombat.ee\/eco\/#website","url":"https:\/\/projekt.vombat.ee\/eco\/","name":"Ecocruiser","description":"","publisher":{"@id":"https:\/\/projekt.vombat.ee\/eco\/#organization"},"potentialAction":[{"@type":"SearchAction","target":{"@type":"EntryPoint","urlTemplate":"https:\/\/projekt.vombat.ee\/eco\/?s={search_term_string}"},"query-input":{"@type":"PropertyValueSpecification","valueRequired":true,"valueName":"search_term_string"}}],"inLanguage":"en-GB"},{"@type":"Organization","@id":"https:\/\/projekt.vombat.ee\/eco\/#organization","name":"Ecocruiser","url":"https:\/\/projekt.vombat.ee\/eco\/","logo":{"@type":"ImageObject","inLanguage":"en-GB","@id":"https:\/\/projekt.vombat.ee\/eco\/#\/schema\/logo\/image\/","url":"https:\/\/projekt.vombat.ee\/eco\/wp-content\/uploads\/2023\/03\/ECOCRUISER_5.png","contentUrl":"https:\/\/projekt.vombat.ee\/eco\/wp-content\/uploads\/2023\/03\/ECOCRUISER_5.png","width":234,"height":91,"caption":"Ecocruiser"},"image":{"@id":"https:\/\/projekt.vombat.ee\/eco\/#\/schema\/logo\/image\/"}}]}},"lang":"fi","translations":{"fi":7271,"et":7068,"ru":8034},"pll_sync_post":[],"_links":{"self":[{"href":"https:\/\/projekt.vombat.ee\/eco\/wp-json\/wp\/v2\/product\/7271"}],"collection":[{"href":"https:\/\/projekt.vombat.ee\/eco\/wp-json\/wp\/v2\/product"}],"about":[{"href":"https:\/\/projekt.vombat.ee\/eco\/wp-json\/wp\/v2\/types\/product"}],"version-history":[{"count":1,"href":"https:\/\/projekt.vombat.ee\/eco\/wp-json\/wp\/v2\/product\/7271\/revisions"}],"predecessor-version":[{"id":7277,"href":"https:\/\/projekt.vombat.ee\/eco\/wp-json\/wp\/v2\/product\/7271\/revisions\/7277"}],"wp:featuredmedia":[{"embeddable":true,"href":"https:\/\/projekt.vombat.ee\/eco\/wp-json\/wp\/v2\/media\/7272"}],"wp:attachment":[{"href":"https:\/\/projekt.vombat.ee\/eco\/wp-json\/wp\/v2\/media?parent=7271"}],"wp:term":[{"taxonomy":"product_cat","embeddable":true,"href":"https:\/\/projekt.vombat.ee\/eco\/wp-json\/wp\/v2\/product_cat?post=7271"},{"taxonomy":"product_tag","embeddable":true,"href":"https:\/\/projekt.vombat.ee\/eco\/wp-json\/wp\/v2\/product_tag?post=7271"}],"curies":[{"name":"wp","href":"https:\/\/api.w.org\/{rel}","templated":true}]}}