{"id":7264,"date":"2023-03-26T12:48:06","date_gmt":"2023-03-26T12:48:06","guid":{"rendered":"https:\/\/projekt.vombat.ee\/eco\/?post_type=product&#038;p=7264"},"modified":"2023-03-29T13:31:04","modified_gmt":"2023-03-29T13:31:04","slug":"blaupunkt-franzi-80-km","status":"publish","type":"product","link":"https:\/\/projekt.vombat.ee\/eco\/fi\/myym%C3%A4l%C3%A4\/sahkopyorat\/taitettavat-sahkopyorat\/blaupunkt-franzi-80-km\/","title":{"rendered":"Blaupunkt Franzi, 80 km"},"content":{"rendered":"<h3>BLAUPUNKT FRANZI 500 S\u00c4HK\u00d6PY\u00d6R\u00c4<\/h3>\n<p>Blaupunkt Franzi 500 on mukava ja kompakti s\u00e4hk\u00f6py\u00f6r\u00e4 20 tuuman renkailla. Kest\u00e4v\u00e4 ja kokoontaitettava runko tekee ajamisesta helpompaa kuin koskaan. Ajomukavuuden lis\u00e4ksi Franzi erottuu tyylikk\u00e4\u00e4st\u00e4 muotoilustaan, eli ei rumia hitsauskohtia. Py\u00f6r\u00e4n paino on vain 22,5 kg ja ajomatka yhdell\u00e4 latauksella on jopa 80 km!<\/p>\n<p><img decoding=\"async\" src=\"https:\/\/bpunkt.b-cdn.net\/wp-content\/uploads\/2021\/02\/FRANZI_500_Body5__blaupunkt-franzi-500-links.jpg\" \/><\/p>\n<p><img decoding=\"async\" src=\"https:\/\/bpunkt.b-cdn.net\/wp-content\/uploads\/2021\/02\/FRANZI_500_Body3__blaupunkt-franzi-500-motor.jpg\" \/><\/p>\n<p>&nbsp;<\/p>\n<h3>\nBLAUPUNKT FRANZI 500 &#8211; KOMPAKTI JA TEHOKAS<\/h3>\n<p>Varustettu \u00e4lykk\u00e4\u00e4ll\u00e4 lukitusmekanismilla, jonka avulla py\u00f6r\u00e4 voidaan taittaa nelj\u00e4ll\u00e4 yksinkertaisella liikkeell\u00e4. Avattuna py\u00f6r\u00e4n mitat ovat 1600 x 610 x 1100 mm ja taitettuna 800 x 430 x 700 mm. Jos haluat py\u00f6r\u00e4n, joka olisi k\u00e4tev\u00e4 ottaa mukaan esimerkiksi bussiin, junaan tai auton takakonttiin, Franzi 500 on suunniteltu siihen.<\/p>\n<p>Tehokas 250 W takapy\u00f6r\u00e4n moottori varmistaa riitt\u00e4v\u00e4n nopeuden, jotta ajaminen on nautinnollista. Suurin nopeus, joka voidaan saavuttaa vain s\u00e4hk\u00f6moottorilla, on 25 km\/h. (tietysti se on isompi, jos k\u00e4\u00e4nn\u00e4t sen itse). Lis\u00e4ksi py\u00f6r\u00e4n rungon sis\u00e4\u00e4n on piilotettu kunnollinen litiumioniakku, jonka avulla voit ajaa yhdell\u00e4 latauksella jopa 80 km. Lis\u00e4ksi akkuun on asennettu BMS-j\u00e4rjestelm\u00e4, joka varmistaa optimaalisen energiank\u00e4yt\u00f6n.<\/p>\n<p><img decoding=\"async\" src=\"https:\/\/bpunkt.b-cdn.net\/wp-content\/uploads\/2021\/02\/FRANZI_500_Body2__blaupunkt-franzi-500-geklappt.jpg\" \/><\/p>\n<p><img decoding=\"async\" src=\"https:\/\/bpunkt.b-cdn.net\/wp-content\/uploads\/2021\/02\/FRANZI_500_Body4__blaupunkt-franzi-500-lcd.jpg\" \/><\/p>\n<h3>LCD-N\u00c4YTT\u00d6<\/h3>\n<p>Py\u00f6r\u00e4ss\u00e4 on helppolukuinen LCD-n\u00e4ytt\u00f6, josta voit tarkistaa akun j\u00e4ljell\u00e4 olevan varauksen, s\u00e4\u00e4t\u00e4\u00e4 nopeustasoa ja kytke\u00e4 etuvalon p\u00e4\u00e4lle\/pois. Tarvittaessa moottori voidaan my\u00f6s k\u00e4ynnist\u00e4\u00e4\/sammuttaa sill\u00e4 esim. vain m\u00e4kikiipeily\u00e4 varten.<\/p>\n","protected":false},"excerpt":{"rendered":"<p><strong>BLAUPUNKT Franzi 500<\/strong><\/p>\n<p>&nbsp;<\/p>\n<ul>\n<li>Suurin ajomatka: 80 km<\/li>\n<li>Kantavuus: 110 kg<\/li>\n<li>Moottorin teho: 250W<\/li>\n<li>Latausaika: 4-6 tuntia<\/li>\n<li>Akku: 36V\/10,5Ah<\/li>\n<li>Suurin nopeus: 25 km\/h<\/li>\n<\/ul>\n<p>&nbsp;<\/p>\n<p>\u2666 Toimitusaika 2-7 p\u00e4iv\u00e4\u00e4<br \/>\n\u2666 Varastossa<\/p>\n","protected":false},"featured_media":7265,"template":"","meta":[],"product_cat":[979,981,977],"product_tag":[],"class_list":{"0":"post-7264","1":"product","2":"type-product","3":"status-publish","4":"has-post-thumbnail","6":"product_cat-sahkopyorat","7":"product_cat-taitettavat-sahkopyorat","8":"product_cat-tuotemerkit","10":"first","11":"instock","12":"sale","13":"taxable","14":"shipping-taxable","15":"purchasable","16":"product-type-simple"},"yoast_head":"<!-- This site is optimized with the Yoast SEO plugin v23.8 - https:\/\/yoast.com\/wordpress\/plugins\/seo\/ -->\n<title>Blaupunkt Franzi, 80 km - Ecocruiser<\/title>\n<meta name=\"description\" content=\"Blaupunkt Franzi, 80 km Erotin Laadukkaat merkit, laaja valikoima - Ecocruiser.ee - Jos sinulla on kysytt\u00e4v\u00e4\u00e4, ota yhteytt\u00e4 info@projekt.vombat.ee\" \/>\n<meta name=\"robots\" content=\"noindex, follow, max-snippet:-1, max-image-preview:large, max-video-preview:-1\" \/>\n<meta property=\"og:locale\" content=\"en_GB\" \/>\n<meta property=\"og:type\" content=\"article\" \/>\n<meta property=\"og:title\" content=\"Blaupunkt Franzi, 80 km - Ecocruiser\" \/>\n<meta property=\"og:description\" content=\"Blaupunkt Franzi, 80 km Erotin Laadukkaat merkit, laaja valikoima - Ecocruiser.ee - Jos sinulla on kysytt\u00e4v\u00e4\u00e4, ota yhteytt\u00e4 info@projekt.vombat.ee\" \/>\n<meta property=\"og:url\" content=\"https:\/\/projekt.vombat.ee\/eco\/fi\/myym\u00e4l\u00e4\/sahkopyorat\/taitettavat-sahkopyorat\/blaupunkt-franzi-80-km\/\" \/>\n<meta property=\"og:site_name\" content=\"Ecocruiser\" \/>\n<meta property=\"article:modified_time\" content=\"2023-03-29T13:31:04+00:00\" \/>\n<meta property=\"og:image\" content=\"https:\/\/projekt.vombat.ee\/eco\/wp-content\/uploads\/2023\/03\/Blaupunkt_Franzi_500.jpg\" \/>\n\t<meta property=\"og:image:width\" content=\"1024\" \/>\n\t<meta property=\"og:image:height\" content=\"683\" \/>\n\t<meta property=\"og:image:type\" content=\"image\/jpeg\" \/>\n<meta name=\"twitter:card\" content=\"summary_large_image\" \/>\n<meta name=\"twitter:label1\" content=\"Estimated reading time\" \/>\n\t<meta name=\"twitter:data1\" content=\"2 minutes\" \/>\n<script type=\"application\/ld+json\" class=\"yoast-schema-graph\">{\"@context\":\"https:\/\/schema.org\",\"@graph\":[{\"@type\":\"WebPage\",\"@id\":\"https:\/\/projekt.vombat.ee\/eco\/fi\/myym%C3%A4l%C3%A4\/sahkopyorat\/taitettavat-sahkopyorat\/blaupunkt-franzi-80-km\/\",\"url\":\"https:\/\/projekt.vombat.ee\/eco\/fi\/myym%C3%A4l%C3%A4\/sahkopyorat\/taitettavat-sahkopyorat\/blaupunkt-franzi-80-km\/\",\"name\":\"Blaupunkt Franzi, 80 km - Ecocruiser\",\"isPartOf\":{\"@id\":\"https:\/\/projekt.vombat.ee\/eco\/#website\"},\"primaryImageOfPage\":{\"@id\":\"https:\/\/projekt.vombat.ee\/eco\/fi\/myym%C3%A4l%C3%A4\/sahkopyorat\/taitettavat-sahkopyorat\/blaupunkt-franzi-80-km\/#primaryimage\"},\"image\":{\"@id\":\"https:\/\/projekt.vombat.ee\/eco\/fi\/myym%C3%A4l%C3%A4\/sahkopyorat\/taitettavat-sahkopyorat\/blaupunkt-franzi-80-km\/#primaryimage\"},\"thumbnailUrl\":\"https:\/\/projekt.vombat.ee\/eco\/wp-content\/uploads\/2023\/03\/Blaupunkt_Franzi_500.jpg\",\"datePublished\":\"2023-03-26T12:48:06+00:00\",\"dateModified\":\"2023-03-29T13:31:04+00:00\",\"description\":\"Blaupunkt Franzi, 80 km Erotin Laadukkaat merkit, laaja valikoima - Ecocruiser.ee - Jos sinulla on kysytt\u00e4v\u00e4\u00e4, ota yhteytt\u00e4 info@projekt.vombat.ee\",\"breadcrumb\":{\"@id\":\"https:\/\/projekt.vombat.ee\/eco\/fi\/myym%C3%A4l%C3%A4\/sahkopyorat\/taitettavat-sahkopyorat\/blaupunkt-franzi-80-km\/#breadcrumb\"},\"inLanguage\":\"en-GB\",\"potentialAction\":[{\"@type\":\"ReadAction\",\"target\":[\"https:\/\/projekt.vombat.ee\/eco\/fi\/myym%C3%A4l%C3%A4\/sahkopyorat\/taitettavat-sahkopyorat\/blaupunkt-franzi-80-km\/\"]}]},{\"@type\":\"ImageObject\",\"inLanguage\":\"en-GB\",\"@id\":\"https:\/\/projekt.vombat.ee\/eco\/fi\/myym%C3%A4l%C3%A4\/sahkopyorat\/taitettavat-sahkopyorat\/blaupunkt-franzi-80-km\/#primaryimage\",\"url\":\"https:\/\/projekt.vombat.ee\/eco\/wp-content\/uploads\/2023\/03\/Blaupunkt_Franzi_500.jpg\",\"contentUrl\":\"https:\/\/projekt.vombat.ee\/eco\/wp-content\/uploads\/2023\/03\/Blaupunkt_Franzi_500.jpg\",\"width\":1024,\"height\":683,\"caption\":\"Blaupunkt Franzi 500\"},{\"@type\":\"BreadcrumbList\",\"@id\":\"https:\/\/projekt.vombat.ee\/eco\/fi\/myym%C3%A4l%C3%A4\/sahkopyorat\/taitettavat-sahkopyorat\/blaupunkt-franzi-80-km\/#breadcrumb\",\"itemListElement\":[{\"@type\":\"ListItem\",\"position\":1,\"name\":\"Home\",\"item\":\"https:\/\/projekt.vombat.ee\/eco\/\"},{\"@type\":\"ListItem\",\"position\":2,\"name\":\"Pood\",\"item\":\"https:\/\/projekt.vombat.ee\/eco\/pood\/\"},{\"@type\":\"ListItem\",\"position\":3,\"name\":\"Blaupunkt Franzi, 80 km\"}]},{\"@type\":\"WebSite\",\"@id\":\"https:\/\/projekt.vombat.ee\/eco\/#website\",\"url\":\"https:\/\/projekt.vombat.ee\/eco\/\",\"name\":\"Ecocruiser\",\"description\":\"\",\"publisher\":{\"@id\":\"https:\/\/projekt.vombat.ee\/eco\/#organization\"},\"potentialAction\":[{\"@type\":\"SearchAction\",\"target\":{\"@type\":\"EntryPoint\",\"urlTemplate\":\"https:\/\/projekt.vombat.ee\/eco\/?s={search_term_string}\"},\"query-input\":{\"@type\":\"PropertyValueSpecification\",\"valueRequired\":true,\"valueName\":\"search_term_string\"}}],\"inLanguage\":\"en-GB\"},{\"@type\":\"Organization\",\"@id\":\"https:\/\/projekt.vombat.ee\/eco\/#organization\",\"name\":\"Ecocruiser\",\"url\":\"https:\/\/projekt.vombat.ee\/eco\/\",\"logo\":{\"@type\":\"ImageObject\",\"inLanguage\":\"en-GB\",\"@id\":\"https:\/\/projekt.vombat.ee\/eco\/#\/schema\/logo\/image\/\",\"url\":\"https:\/\/projekt.vombat.ee\/eco\/wp-content\/uploads\/2023\/03\/ECOCRUISER_5.png\",\"contentUrl\":\"https:\/\/projekt.vombat.ee\/eco\/wp-content\/uploads\/2023\/03\/ECOCRUISER_5.png\",\"width\":234,\"height\":91,\"caption\":\"Ecocruiser\"},\"image\":{\"@id\":\"https:\/\/projekt.vombat.ee\/eco\/#\/schema\/logo\/image\/\"}}]}<\/script>\n<!-- \/ Yoast SEO plugin. -->","yoast_head_json":{"title":"Blaupunkt Franzi, 80 km - Ecocruiser","description":"Blaupunkt Franzi, 80 km Erotin Laadukkaat merkit, laaja valikoima - Ecocruiser.ee - Jos sinulla on kysytt\u00e4v\u00e4\u00e4, ota yhteytt\u00e4 info@projekt.vombat.ee","robots":{"index":"noindex","follow":"follow","max-snippet":"max-snippet:-1","max-image-preview":"max-image-preview:large","max-video-preview":"max-video-preview:-1"},"og_locale":"en_GB","og_type":"article","og_title":"Blaupunkt Franzi, 80 km - Ecocruiser","og_description":"Blaupunkt Franzi, 80 km Erotin Laadukkaat merkit, laaja valikoima - Ecocruiser.ee - Jos sinulla on kysytt\u00e4v\u00e4\u00e4, ota yhteytt\u00e4 info@projekt.vombat.ee","og_url":"https:\/\/projekt.vombat.ee\/eco\/fi\/myym\u00e4l\u00e4\/sahkopyorat\/taitettavat-sahkopyorat\/blaupunkt-franzi-80-km\/","og_site_name":"Ecocruiser","article_modified_time":"2023-03-29T13:31:04+00:00","og_image":[{"width":1024,"height":683,"url":"https:\/\/projekt.vombat.ee\/eco\/wp-content\/uploads\/2023\/03\/Blaupunkt_Franzi_500.jpg","type":"image\/jpeg"}],"twitter_card":"summary_large_image","twitter_misc":{"Estimated reading time":"2 minutes"},"schema":{"@context":"https:\/\/schema.org","@graph":[{"@type":"WebPage","@id":"https:\/\/projekt.vombat.ee\/eco\/fi\/myym%C3%A4l%C3%A4\/sahkopyorat\/taitettavat-sahkopyorat\/blaupunkt-franzi-80-km\/","url":"https:\/\/projekt.vombat.ee\/eco\/fi\/myym%C3%A4l%C3%A4\/sahkopyorat\/taitettavat-sahkopyorat\/blaupunkt-franzi-80-km\/","name":"Blaupunkt Franzi, 80 km - Ecocruiser","isPartOf":{"@id":"https:\/\/projekt.vombat.ee\/eco\/#website"},"primaryImageOfPage":{"@id":"https:\/\/projekt.vombat.ee\/eco\/fi\/myym%C3%A4l%C3%A4\/sahkopyorat\/taitettavat-sahkopyorat\/blaupunkt-franzi-80-km\/#primaryimage"},"image":{"@id":"https:\/\/projekt.vombat.ee\/eco\/fi\/myym%C3%A4l%C3%A4\/sahkopyorat\/taitettavat-sahkopyorat\/blaupunkt-franzi-80-km\/#primaryimage"},"thumbnailUrl":"https:\/\/projekt.vombat.ee\/eco\/wp-content\/uploads\/2023\/03\/Blaupunkt_Franzi_500.jpg","datePublished":"2023-03-26T12:48:06+00:00","dateModified":"2023-03-29T13:31:04+00:00","description":"Blaupunkt Franzi, 80 km Erotin Laadukkaat merkit, laaja valikoima - Ecocruiser.ee - Jos sinulla on kysytt\u00e4v\u00e4\u00e4, ota yhteytt\u00e4 info@projekt.vombat.ee","breadcrumb":{"@id":"https:\/\/projekt.vombat.ee\/eco\/fi\/myym%C3%A4l%C3%A4\/sahkopyorat\/taitettavat-sahkopyorat\/blaupunkt-franzi-80-km\/#breadcrumb"},"inLanguage":"en-GB","potentialAction":[{"@type":"ReadAction","target":["https:\/\/projekt.vombat.ee\/eco\/fi\/myym%C3%A4l%C3%A4\/sahkopyorat\/taitettavat-sahkopyorat\/blaupunkt-franzi-80-km\/"]}]},{"@type":"ImageObject","inLanguage":"en-GB","@id":"https:\/\/projekt.vombat.ee\/eco\/fi\/myym%C3%A4l%C3%A4\/sahkopyorat\/taitettavat-sahkopyorat\/blaupunkt-franzi-80-km\/#primaryimage","url":"https:\/\/projekt.vombat.ee\/eco\/wp-content\/uploads\/2023\/03\/Blaupunkt_Franzi_500.jpg","contentUrl":"https:\/\/projekt.vombat.ee\/eco\/wp-content\/uploads\/2023\/03\/Blaupunkt_Franzi_500.jpg","width":1024,"height":683,"caption":"Blaupunkt Franzi 500"},{"@type":"BreadcrumbList","@id":"https:\/\/projekt.vombat.ee\/eco\/fi\/myym%C3%A4l%C3%A4\/sahkopyorat\/taitettavat-sahkopyorat\/blaupunkt-franzi-80-km\/#breadcrumb","itemListElement":[{"@type":"ListItem","position":1,"name":"Home","item":"https:\/\/projekt.vombat.ee\/eco\/"},{"@type":"ListItem","position":2,"name":"Pood","item":"https:\/\/projekt.vombat.ee\/eco\/pood\/"},{"@type":"ListItem","position":3,"name":"Blaupunkt Franzi, 80 km"}]},{"@type":"WebSite","@id":"https:\/\/projekt.vombat.ee\/eco\/#website","url":"https:\/\/projekt.vombat.ee\/eco\/","name":"Ecocruiser","description":"","publisher":{"@id":"https:\/\/projekt.vombat.ee\/eco\/#organization"},"potentialAction":[{"@type":"SearchAction","target":{"@type":"EntryPoint","urlTemplate":"https:\/\/projekt.vombat.ee\/eco\/?s={search_term_string}"},"query-input":{"@type":"PropertyValueSpecification","valueRequired":true,"valueName":"search_term_string"}}],"inLanguage":"en-GB"},{"@type":"Organization","@id":"https:\/\/projekt.vombat.ee\/eco\/#organization","name":"Ecocruiser","url":"https:\/\/projekt.vombat.ee\/eco\/","logo":{"@type":"ImageObject","inLanguage":"en-GB","@id":"https:\/\/projekt.vombat.ee\/eco\/#\/schema\/logo\/image\/","url":"https:\/\/projekt.vombat.ee\/eco\/wp-content\/uploads\/2023\/03\/ECOCRUISER_5.png","contentUrl":"https:\/\/projekt.vombat.ee\/eco\/wp-content\/uploads\/2023\/03\/ECOCRUISER_5.png","width":234,"height":91,"caption":"Ecocruiser"},"image":{"@id":"https:\/\/projekt.vombat.ee\/eco\/#\/schema\/logo\/image\/"}}]}},"lang":"fi","translations":{"fi":7264},"pll_sync_post":[],"_links":{"self":[{"href":"https:\/\/projekt.vombat.ee\/eco\/wp-json\/wp\/v2\/product\/7264"}],"collection":[{"href":"https:\/\/projekt.vombat.ee\/eco\/wp-json\/wp\/v2\/product"}],"about":[{"href":"https:\/\/projekt.vombat.ee\/eco\/wp-json\/wp\/v2\/types\/product"}],"version-history":[{"count":1,"href":"https:\/\/projekt.vombat.ee\/eco\/wp-json\/wp\/v2\/product\/7264\/revisions"}],"predecessor-version":[{"id":7269,"href":"https:\/\/projekt.vombat.ee\/eco\/wp-json\/wp\/v2\/product\/7264\/revisions\/7269"}],"wp:featuredmedia":[{"embeddable":true,"href":"https:\/\/projekt.vombat.ee\/eco\/wp-json\/wp\/v2\/media\/7265"}],"wp:attachment":[{"href":"https:\/\/projekt.vombat.ee\/eco\/wp-json\/wp\/v2\/media?parent=7264"}],"wp:term":[{"taxonomy":"product_cat","embeddable":true,"href":"https:\/\/projekt.vombat.ee\/eco\/wp-json\/wp\/v2\/product_cat?post=7264"},{"taxonomy":"product_tag","embeddable":true,"href":"https:\/\/projekt.vombat.ee\/eco\/wp-json\/wp\/v2\/product_tag?post=7264"}],"curies":[{"name":"wp","href":"https:\/\/api.w.org\/{rel}","templated":true}]}}