{"id":7171,"date":"2023-03-25T22:16:10","date_gmt":"2023-03-25T22:16:10","guid":{"rendered":"https:\/\/projekt.vombat.ee\/eco\/?post_type=product&#038;p=7171"},"modified":"2023-06-15T10:38:12","modified_gmt":"2023-06-15T10:38:12","slug":"telefunken-multitalent-rc822-elektriline-ratas-punane","status":"publish","type":"product","link":"https:\/\/projekt.vombat.ee\/eco\/fi\/myym%C3%A4l%C3%A4\/sahkopyorat\/sahkokaupunkipyorat\/telefunken-multitalent-rc822-elektriline-ratas-punane\/","title":{"rendered":"Telefunken Multitalent RC822 s\u00e4hk\u00f6p\u00f6ra, punainen"},"content":{"rendered":"<h1 class=\"product_title entry-title\">S\u00c4HK\u00d6P\u00d6RA TELEFUNKEN MULTITALENT RC822, 28\u2033<\/h1>\n<p><strong>Telefunken Multitalent RC822 <\/strong>s\u00e4hk\u00f6py\u00f6r\u00e4 on k\u00e4tev\u00e4 ja tehokas kulkuv\u00e4line kaupunkiliikenteess\u00e4.<\/p>\n<p>Py\u00f6r\u00e4\u00e4n on asennettu laadukas 250 W s\u00e4hk\u00f6moottori ja akun kapasiteetti on 10,4 ah. N\u00e4iden kahden komponentin ansiosta py\u00f6r\u00e4 saavuttaa 25 km\/h nopeuden ja sill\u00e4 on mahdollista ajaa jopa 100 km yhdell\u00e4 latauksella.<\/p>\n<p>&nbsp;<\/p>\n<p><strong>TEKNISET TIEDOT<\/strong><\/p>\n<ul>\n<li aria-setsize=\"-1\" data-aria-level=\"1\" data-aria-posinset=\"69\" data-font=\"Symbol\" data-leveltext=\"\uf0b7\" data-listid=\"3\"><strong><span data-contrast=\"auto\">Kehyksen koko: <\/span><\/strong><span data-contrast=\"auto\">19\u201d (49 cm).<\/span><span data-ccp-props=\"{\">\u00a0<\/span><\/li>\n<li aria-setsize=\"-1\" data-aria-level=\"1\" data-aria-posinset=\"70\" data-font=\"Symbol\" data-leveltext=\"\uf0b7\" data-listid=\"3\"><strong><span data-contrast=\"auto\">Renkaan Koko: <\/span><\/strong><span data-contrast=\"auto\">28\u201d.<\/span><span data-ccp-props=\"{\">\u00a0<\/span><\/li>\n<li aria-setsize=\"-1\" data-aria-level=\"1\" data-aria-posinset=\"71\" data-font=\"Symbol\" data-leveltext=\"\uf0b7\" data-listid=\"3\"><span data-contrast=\"auto\"><b>Rungon materiaali: <\/b>Alumiini.<\/span><span data-ccp-props=\"{\">\u00a0<\/span><span data-contrast=\"auto\">.<\/span><span data-ccp-props=\"{\">\u00a0<\/span><\/li>\n<li aria-setsize=\"-1\" data-aria-level=\"1\" data-aria-posinset=\"73\" data-font=\"Symbol\" data-leveltext=\"\uf0b7\" data-listid=\"3\"><strong><span data-contrast=\"auto\">Valaistus, kello ja lokasuojat.<\/span><\/strong><span data-ccp-props=\"{\">\u00a0<\/span><\/li>\n<li aria-setsize=\"-1\" data-aria-level=\"1\" data-aria-posinset=\"74\" data-font=\"Symbol\" data-leveltext=\"\uf0b7\" data-listid=\"3\"><strong><span data-contrast=\"auto\">Valot:<\/span><\/strong><span data-contrast=\"auto\"> edess\u00e4\u2013 Axa Ecoline 15 lux, LED, takana\u2013 Axa, LED.<\/span><span data-ccp-props=\"{\">\u00a0<\/span><\/li>\n<li aria-setsize=\"-1\" data-aria-level=\"1\" data-aria-posinset=\"75\" data-font=\"Symbol\" data-leveltext=\"\uf0b7\" data-listid=\"3\"><strong><span data-contrast=\"auto\">Satula:<\/span><\/strong><span data-contrast=\"auto\">\u00a0Selle Royal Alpine.<\/span><span data-ccp-props=\"{\">\u00a0<\/span><span data-ccp-props=\"{\">\u00a0<\/span><\/li>\n<li aria-setsize=\"-1\" data-aria-level=\"1\" data-aria-posinset=\"77\" data-font=\"Symbol\" data-leveltext=\"\uf0b7\" data-listid=\"3\"><strong><span data-contrast=\"auto\">Takavaihtaja: <\/span><\/strong><span data-contrast=\"auto\">Shimano Acera 7 k\u00e4iku.<\/span><span data-ccp-props=\"{\">\u00a0<\/span><\/li>\n<li aria-setsize=\"-1\" data-aria-level=\"1\" data-aria-posinset=\"78\" data-font=\"Symbol\" data-leveltext=\"\uf0b7\" data-listid=\"3\"><strong><span data-contrast=\"auto\">Akku: <\/span><\/strong><span data-contrast=\"auto\">36 V, v\u00f5imsus 10.4 Ah, 374.4 Wh.<\/span><span data-ccp-props=\"{\">\u00a0<\/span><\/li>\n<li aria-setsize=\"-1\" data-aria-level=\"1\" data-aria-posinset=\"79\" data-font=\"Symbol\" data-leveltext=\"\uf0b7\" data-listid=\"3\"><strong><span data-contrast=\"auto\">Kantama yhdell\u00e4 latauksella: <\/span><\/strong><span data-contrast=\"auto\">kun 100 km.<\/span><span data-ccp-props=\"{\">\u00a0<\/span><\/li>\n<li aria-setsize=\"-1\" data-aria-level=\"1\" data-aria-posinset=\"80\" data-font=\"Symbol\" data-leveltext=\"\uf0b7\" data-listid=\"3\"><strong><span data-contrast=\"auto\">Moottori:<\/span><\/strong><span data-contrast=\"auto\"> asennettu etupy\u00f6r\u00e4\u00e4n, 250 W, 36 V.<\/span><span data-ccp-props=\"{\">\u00a0<\/span><\/li>\n<li aria-setsize=\"-1\" data-aria-level=\"1\" data-aria-posinset=\"81\" data-font=\"Symbol\" data-leveltext=\"\uf0b7\" data-listid=\"3\"><strong><span data-contrast=\"auto\">Suurin nopeus:<\/span><\/strong><span data-contrast=\"auto\"> kun 25 km\/h.<\/span><span data-ccp-props=\"{\">\u00a0<\/span><\/li>\n<li aria-setsize=\"-1\" data-aria-level=\"1\" data-aria-posinset=\"82\" data-font=\"Symbol\" data-leveltext=\"\uf0b7\" data-listid=\"3\"><strong><span data-contrast=\"auto\">Taukoja: <\/span><\/strong><span data-contrast=\"auto\">Promax V-brake.<\/span><span data-ccp-props=\"{\">\u00a0<\/span><\/li>\n<li aria-setsize=\"-1\" data-aria-level=\"1\" data-aria-posinset=\"83\" data-font=\"Symbol\" data-leveltext=\"\uf0b7\" data-listid=\"3\"><strong><span data-contrast=\"auto\">Ekstrat: <\/span><\/strong><span data-contrast=\"auto\">Kori edess\u00e4.<\/span><span data-ccp-props=\"{\">\u00a0<\/span><\/li>\n<li aria-setsize=\"-1\" data-aria-level=\"1\" data-aria-posinset=\"84\" data-font=\"Symbol\" data-leveltext=\"\uf0b7\" data-listid=\"3\"><strong><span data-contrast=\"auto\">V\u00e4ri:<\/span><\/strong><span data-contrast=\"auto\">\u00a0antratsiit<\/span><span data-ccp-props=\"{\">\u00a0<\/span><\/li>\n<li aria-setsize=\"-1\" data-aria-level=\"1\" data-aria-posinset=\"85\" data-font=\"Symbol\" data-leveltext=\"\uf0b7\" data-listid=\"3\"><strong><span data-contrast=\"auto\">Paino:<\/span><\/strong><span data-contrast=\"auto\">\u00a024.6kg.<\/span><span data-ccp-props=\"{\">\u00a0<\/span><\/li>\n<\/ul>\n<p>&nbsp;<\/p>\n<p><strong>NB!<\/strong> Suosittelemme aina <a href=\"https:\/\/projekt.vombat.ee\/eco\/pood\/?product-cata=707\">kyp\u00e4r\u00e4n<\/a> k\u00e4ytt\u00f6\u00e4 s\u00e4hk\u00f6py\u00f6r\u00e4ll\u00e4 ajettaessa. Alle 16-vuotiaille ratsastajille kyp\u00e4r\u00e4n k\u00e4ytt\u00f6 on <a href=\"https:\/\/www.riigiteataja.ee\/akt\/113112020001\">lain<\/a> mukaan pakollista ajaessaan s\u00e4hk\u00f6iskulla.<\/p>\n","protected":false},"excerpt":{"rendered":"<p><strong>S\u00c4HK\u00d6PY\u00d6R\u00c4 TELEFUNKEN MULTITALENT RC822<\/strong><\/p>\n<p>&nbsp;<\/p>\n<ul>\n<li><strong>Max ajoet\u00e4isyys<\/strong>: 100 KM<\/li>\n<li><strong>Kantokyky<\/strong>: 120 kg<\/li>\n<li><strong>moottorin teho<\/strong>: 250W<\/li>\n<li><strong>Latausaika<\/strong>: 5-6h<\/li>\n<li><strong>Akku<\/strong>: 36V\/10,4Ah<\/li>\n<li><strong>Maksiminopeus<\/strong>: 25km\/h<\/li>\n<\/ul>\n<p>&nbsp;<\/p>\n<p>\u2666 <strong>Toimitusaika:<\/strong> <strong>2-3 p\u00e4eva<\/strong><br \/>\n\u2666 <strong>Varastossa<\/strong><\/p>\n","protected":false},"featured_media":7172,"template":"","meta":[],"product_cat":[983,979,1306,977],"product_tag":[],"class_list":{"0":"post-7171","1":"product","2":"type-product","3":"status-publish","4":"has-post-thumbnail","6":"product_cat-sahkokaupunkipyorat","7":"product_cat-sahkopyorat","8":"product_cat-telefunken","9":"product_cat-tuotemerkit","10":"product_shipping_class-suured-pakid","12":"first","13":"outofstock","14":"taxable","15":"shipping-taxable","16":"purchasable","17":"product-type-simple"},"yoast_head":"<!-- This site is optimized with the Yoast SEO plugin v23.8 - https:\/\/yoast.com\/wordpress\/plugins\/seo\/ -->\n<title>Telefunken Multitalent RC822 s\u00e4hk\u00f6p\u00f6ra, punainen - Ecocruiser<\/title>\n<meta name=\"description\" content=\"Telefunken Multitalent RC822 elektriline ratas - Kvaliteetsed br\u00e4ndid, lai valik - Ecocruiser.ee - K\u00fcsimuste korral v\u00f5ta \u00fchendust info@projekt.vombat.ee\" \/>\n<meta name=\"robots\" content=\"noindex, follow, max-snippet:-1, max-image-preview:large, max-video-preview:-1\" \/>\n<meta property=\"og:locale\" content=\"en_GB\" \/>\n<meta property=\"og:type\" content=\"article\" \/>\n<meta property=\"og:title\" content=\"Telefunken Multitalent RC822 s\u00e4hk\u00f6p\u00f6ra, punainen - Ecocruiser\" \/>\n<meta property=\"og:description\" content=\"Telefunken Multitalent RC822 elektriline ratas - Kvaliteetsed br\u00e4ndid, lai valik - Ecocruiser.ee - K\u00fcsimuste korral v\u00f5ta \u00fchendust info@projekt.vombat.ee\" \/>\n<meta property=\"og:url\" content=\"https:\/\/projekt.vombat.ee\/eco\/fi\/myym\u00e4l\u00e4\/sahkopyorat\/sahkokaupunkipyorat\/telefunken-multitalent-rc822-elektriline-ratas-punane\/\" \/>\n<meta property=\"og:site_name\" content=\"Ecocruiser\" \/>\n<meta property=\"article:modified_time\" content=\"2023-06-15T10:38:12+00:00\" \/>\n<meta property=\"og:image\" content=\"https:\/\/projekt.vombat.ee\/eco\/wp-content\/uploads\/2023\/03\/Multitalent-RC822.jpg\" \/>\n\t<meta property=\"og:image:width\" content=\"1881\" \/>\n\t<meta property=\"og:image:height\" content=\"1881\" \/>\n\t<meta property=\"og:image:type\" content=\"image\/jpeg\" \/>\n<meta name=\"twitter:card\" content=\"summary_large_image\" \/>\n<meta name=\"twitter:label1\" content=\"Estimated reading time\" \/>\n\t<meta name=\"twitter:data1\" content=\"1 minute\" \/>\n<script type=\"application\/ld+json\" class=\"yoast-schema-graph\">{\"@context\":\"https:\/\/schema.org\",\"@graph\":[{\"@type\":\"WebPage\",\"@id\":\"https:\/\/projekt.vombat.ee\/eco\/fi\/myym%C3%A4l%C3%A4\/sahkopyorat\/sahkokaupunkipyorat\/telefunken-multitalent-rc822-elektriline-ratas-punane\/\",\"url\":\"https:\/\/projekt.vombat.ee\/eco\/fi\/myym%C3%A4l%C3%A4\/sahkopyorat\/sahkokaupunkipyorat\/telefunken-multitalent-rc822-elektriline-ratas-punane\/\",\"name\":\"Telefunken Multitalent RC822 s\u00e4hk\u00f6p\u00f6ra, punainen - Ecocruiser\",\"isPartOf\":{\"@id\":\"https:\/\/projekt.vombat.ee\/eco\/#website\"},\"primaryImageOfPage\":{\"@id\":\"https:\/\/projekt.vombat.ee\/eco\/fi\/myym%C3%A4l%C3%A4\/sahkopyorat\/sahkokaupunkipyorat\/telefunken-multitalent-rc822-elektriline-ratas-punane\/#primaryimage\"},\"image\":{\"@id\":\"https:\/\/projekt.vombat.ee\/eco\/fi\/myym%C3%A4l%C3%A4\/sahkopyorat\/sahkokaupunkipyorat\/telefunken-multitalent-rc822-elektriline-ratas-punane\/#primaryimage\"},\"thumbnailUrl\":\"https:\/\/projekt.vombat.ee\/eco\/wp-content\/uploads\/2023\/03\/Multitalent-RC822.jpg\",\"datePublished\":\"2023-03-25T22:16:10+00:00\",\"dateModified\":\"2023-06-15T10:38:12+00:00\",\"description\":\"Telefunken Multitalent RC822 elektriline ratas - Kvaliteetsed br\u00e4ndid, lai valik - Ecocruiser.ee - K\u00fcsimuste korral v\u00f5ta \u00fchendust info@projekt.vombat.ee\",\"breadcrumb\":{\"@id\":\"https:\/\/projekt.vombat.ee\/eco\/fi\/myym%C3%A4l%C3%A4\/sahkopyorat\/sahkokaupunkipyorat\/telefunken-multitalent-rc822-elektriline-ratas-punane\/#breadcrumb\"},\"inLanguage\":\"en-GB\",\"potentialAction\":[{\"@type\":\"ReadAction\",\"target\":[\"https:\/\/projekt.vombat.ee\/eco\/fi\/myym%C3%A4l%C3%A4\/sahkopyorat\/sahkokaupunkipyorat\/telefunken-multitalent-rc822-elektriline-ratas-punane\/\"]}]},{\"@type\":\"ImageObject\",\"inLanguage\":\"en-GB\",\"@id\":\"https:\/\/projekt.vombat.ee\/eco\/fi\/myym%C3%A4l%C3%A4\/sahkopyorat\/sahkokaupunkipyorat\/telefunken-multitalent-rc822-elektriline-ratas-punane\/#primaryimage\",\"url\":\"https:\/\/projekt.vombat.ee\/eco\/wp-content\/uploads\/2023\/03\/Multitalent-RC822.jpg\",\"contentUrl\":\"https:\/\/projekt.vombat.ee\/eco\/wp-content\/uploads\/2023\/03\/Multitalent-RC822.jpg\",\"width\":1881,\"height\":1881,\"caption\":\"Telefunken Multitalent RC822\"},{\"@type\":\"BreadcrumbList\",\"@id\":\"https:\/\/projekt.vombat.ee\/eco\/fi\/myym%C3%A4l%C3%A4\/sahkopyorat\/sahkokaupunkipyorat\/telefunken-multitalent-rc822-elektriline-ratas-punane\/#breadcrumb\",\"itemListElement\":[{\"@type\":\"ListItem\",\"position\":1,\"name\":\"Home\",\"item\":\"https:\/\/projekt.vombat.ee\/eco\/\"},{\"@type\":\"ListItem\",\"position\":2,\"name\":\"Pood\",\"item\":\"https:\/\/projekt.vombat.ee\/eco\/pood\/\"},{\"@type\":\"ListItem\",\"position\":3,\"name\":\"Telefunken Multitalent RC822 s\u00e4hk\u00f6p\u00f6ra, punainen\"}]},{\"@type\":\"WebSite\",\"@id\":\"https:\/\/projekt.vombat.ee\/eco\/#website\",\"url\":\"https:\/\/projekt.vombat.ee\/eco\/\",\"name\":\"Ecocruiser\",\"description\":\"\",\"publisher\":{\"@id\":\"https:\/\/projekt.vombat.ee\/eco\/#organization\"},\"potentialAction\":[{\"@type\":\"SearchAction\",\"target\":{\"@type\":\"EntryPoint\",\"urlTemplate\":\"https:\/\/projekt.vombat.ee\/eco\/?s={search_term_string}\"},\"query-input\":{\"@type\":\"PropertyValueSpecification\",\"valueRequired\":true,\"valueName\":\"search_term_string\"}}],\"inLanguage\":\"en-GB\"},{\"@type\":\"Organization\",\"@id\":\"https:\/\/projekt.vombat.ee\/eco\/#organization\",\"name\":\"Ecocruiser\",\"url\":\"https:\/\/projekt.vombat.ee\/eco\/\",\"logo\":{\"@type\":\"ImageObject\",\"inLanguage\":\"en-GB\",\"@id\":\"https:\/\/projekt.vombat.ee\/eco\/#\/schema\/logo\/image\/\",\"url\":\"https:\/\/projekt.vombat.ee\/eco\/wp-content\/uploads\/2023\/03\/ECOCRUISER_5.png\",\"contentUrl\":\"https:\/\/projekt.vombat.ee\/eco\/wp-content\/uploads\/2023\/03\/ECOCRUISER_5.png\",\"width\":234,\"height\":91,\"caption\":\"Ecocruiser\"},\"image\":{\"@id\":\"https:\/\/projekt.vombat.ee\/eco\/#\/schema\/logo\/image\/\"}}]}<\/script>\n<!-- \/ Yoast SEO plugin. -->","yoast_head_json":{"title":"Telefunken Multitalent RC822 s\u00e4hk\u00f6p\u00f6ra, punainen - Ecocruiser","description":"Telefunken Multitalent RC822 elektriline ratas - Kvaliteetsed br\u00e4ndid, lai valik - Ecocruiser.ee - K\u00fcsimuste korral v\u00f5ta \u00fchendust info@projekt.vombat.ee","robots":{"index":"noindex","follow":"follow","max-snippet":"max-snippet:-1","max-image-preview":"max-image-preview:large","max-video-preview":"max-video-preview:-1"},"og_locale":"en_GB","og_type":"article","og_title":"Telefunken Multitalent RC822 s\u00e4hk\u00f6p\u00f6ra, punainen - Ecocruiser","og_description":"Telefunken Multitalent RC822 elektriline ratas - Kvaliteetsed br\u00e4ndid, lai valik - Ecocruiser.ee - K\u00fcsimuste korral v\u00f5ta \u00fchendust info@projekt.vombat.ee","og_url":"https:\/\/projekt.vombat.ee\/eco\/fi\/myym\u00e4l\u00e4\/sahkopyorat\/sahkokaupunkipyorat\/telefunken-multitalent-rc822-elektriline-ratas-punane\/","og_site_name":"Ecocruiser","article_modified_time":"2023-06-15T10:38:12+00:00","og_image":[{"width":1881,"height":1881,"url":"https:\/\/projekt.vombat.ee\/eco\/wp-content\/uploads\/2023\/03\/Multitalent-RC822.jpg","type":"image\/jpeg"}],"twitter_card":"summary_large_image","twitter_misc":{"Estimated reading time":"1 minute"},"schema":{"@context":"https:\/\/schema.org","@graph":[{"@type":"WebPage","@id":"https:\/\/projekt.vombat.ee\/eco\/fi\/myym%C3%A4l%C3%A4\/sahkopyorat\/sahkokaupunkipyorat\/telefunken-multitalent-rc822-elektriline-ratas-punane\/","url":"https:\/\/projekt.vombat.ee\/eco\/fi\/myym%C3%A4l%C3%A4\/sahkopyorat\/sahkokaupunkipyorat\/telefunken-multitalent-rc822-elektriline-ratas-punane\/","name":"Telefunken Multitalent RC822 s\u00e4hk\u00f6p\u00f6ra, punainen - Ecocruiser","isPartOf":{"@id":"https:\/\/projekt.vombat.ee\/eco\/#website"},"primaryImageOfPage":{"@id":"https:\/\/projekt.vombat.ee\/eco\/fi\/myym%C3%A4l%C3%A4\/sahkopyorat\/sahkokaupunkipyorat\/telefunken-multitalent-rc822-elektriline-ratas-punane\/#primaryimage"},"image":{"@id":"https:\/\/projekt.vombat.ee\/eco\/fi\/myym%C3%A4l%C3%A4\/sahkopyorat\/sahkokaupunkipyorat\/telefunken-multitalent-rc822-elektriline-ratas-punane\/#primaryimage"},"thumbnailUrl":"https:\/\/projekt.vombat.ee\/eco\/wp-content\/uploads\/2023\/03\/Multitalent-RC822.jpg","datePublished":"2023-03-25T22:16:10+00:00","dateModified":"2023-06-15T10:38:12+00:00","description":"Telefunken Multitalent RC822 elektriline ratas - Kvaliteetsed br\u00e4ndid, lai valik - Ecocruiser.ee - K\u00fcsimuste korral v\u00f5ta \u00fchendust info@projekt.vombat.ee","breadcrumb":{"@id":"https:\/\/projekt.vombat.ee\/eco\/fi\/myym%C3%A4l%C3%A4\/sahkopyorat\/sahkokaupunkipyorat\/telefunken-multitalent-rc822-elektriline-ratas-punane\/#breadcrumb"},"inLanguage":"en-GB","potentialAction":[{"@type":"ReadAction","target":["https:\/\/projekt.vombat.ee\/eco\/fi\/myym%C3%A4l%C3%A4\/sahkopyorat\/sahkokaupunkipyorat\/telefunken-multitalent-rc822-elektriline-ratas-punane\/"]}]},{"@type":"ImageObject","inLanguage":"en-GB","@id":"https:\/\/projekt.vombat.ee\/eco\/fi\/myym%C3%A4l%C3%A4\/sahkopyorat\/sahkokaupunkipyorat\/telefunken-multitalent-rc822-elektriline-ratas-punane\/#primaryimage","url":"https:\/\/projekt.vombat.ee\/eco\/wp-content\/uploads\/2023\/03\/Multitalent-RC822.jpg","contentUrl":"https:\/\/projekt.vombat.ee\/eco\/wp-content\/uploads\/2023\/03\/Multitalent-RC822.jpg","width":1881,"height":1881,"caption":"Telefunken Multitalent RC822"},{"@type":"BreadcrumbList","@id":"https:\/\/projekt.vombat.ee\/eco\/fi\/myym%C3%A4l%C3%A4\/sahkopyorat\/sahkokaupunkipyorat\/telefunken-multitalent-rc822-elektriline-ratas-punane\/#breadcrumb","itemListElement":[{"@type":"ListItem","position":1,"name":"Home","item":"https:\/\/projekt.vombat.ee\/eco\/"},{"@type":"ListItem","position":2,"name":"Pood","item":"https:\/\/projekt.vombat.ee\/eco\/pood\/"},{"@type":"ListItem","position":3,"name":"Telefunken Multitalent RC822 s\u00e4hk\u00f6p\u00f6ra, punainen"}]},{"@type":"WebSite","@id":"https:\/\/projekt.vombat.ee\/eco\/#website","url":"https:\/\/projekt.vombat.ee\/eco\/","name":"Ecocruiser","description":"","publisher":{"@id":"https:\/\/projekt.vombat.ee\/eco\/#organization"},"potentialAction":[{"@type":"SearchAction","target":{"@type":"EntryPoint","urlTemplate":"https:\/\/projekt.vombat.ee\/eco\/?s={search_term_string}"},"query-input":{"@type":"PropertyValueSpecification","valueRequired":true,"valueName":"search_term_string"}}],"inLanguage":"en-GB"},{"@type":"Organization","@id":"https:\/\/projekt.vombat.ee\/eco\/#organization","name":"Ecocruiser","url":"https:\/\/projekt.vombat.ee\/eco\/","logo":{"@type":"ImageObject","inLanguage":"en-GB","@id":"https:\/\/projekt.vombat.ee\/eco\/#\/schema\/logo\/image\/","url":"https:\/\/projekt.vombat.ee\/eco\/wp-content\/uploads\/2023\/03\/ECOCRUISER_5.png","contentUrl":"https:\/\/projekt.vombat.ee\/eco\/wp-content\/uploads\/2023\/03\/ECOCRUISER_5.png","width":234,"height":91,"caption":"Ecocruiser"},"image":{"@id":"https:\/\/projekt.vombat.ee\/eco\/#\/schema\/logo\/image\/"}}]}},"lang":"fi","translations":{"fi":7171,"et":7139},"pll_sync_post":[],"_links":{"self":[{"href":"https:\/\/projekt.vombat.ee\/eco\/wp-json\/wp\/v2\/product\/7171"}],"collection":[{"href":"https:\/\/projekt.vombat.ee\/eco\/wp-json\/wp\/v2\/product"}],"about":[{"href":"https:\/\/projekt.vombat.ee\/eco\/wp-json\/wp\/v2\/types\/product"}],"version-history":[{"count":3,"href":"https:\/\/projekt.vombat.ee\/eco\/wp-json\/wp\/v2\/product\/7171\/revisions"}],"predecessor-version":[{"id":7201,"href":"https:\/\/projekt.vombat.ee\/eco\/wp-json\/wp\/v2\/product\/7171\/revisions\/7201"}],"wp:featuredmedia":[{"embeddable":true,"href":"https:\/\/projekt.vombat.ee\/eco\/wp-json\/wp\/v2\/media\/7172"}],"wp:attachment":[{"href":"https:\/\/projekt.vombat.ee\/eco\/wp-json\/wp\/v2\/media?parent=7171"}],"wp:term":[{"taxonomy":"product_cat","embeddable":true,"href":"https:\/\/projekt.vombat.ee\/eco\/wp-json\/wp\/v2\/product_cat?post=7171"},{"taxonomy":"product_tag","embeddable":true,"href":"https:\/\/projekt.vombat.ee\/eco\/wp-json\/wp\/v2\/product_tag?post=7171"}],"curies":[{"name":"wp","href":"https:\/\/api.w.org\/{rel}","templated":true}]}}