{"id":6936,"date":"2023-03-16T14:23:35","date_gmt":"2023-03-16T14:23:35","guid":{"rendered":"https:\/\/projekt.vombat.ee\/eco\/?post_type=product&#038;p=6936"},"modified":"2024-01-19T03:29:51","modified_gmt":"2024-01-19T03:29:51","slug":"freego-dk200-elektriratas","status":"publish","type":"product","link":"https:\/\/projekt.vombat.ee\/eco\/pood\/elektrirattad\/linnarattad\/freego-dk200-elektriratas\/","title":{"rendered":"Freego DK200 Elektriratas 100 km"},"content":{"rendered":"<h1>Freego DK200<\/h1>\n<div class=\"youtube responsive-embed wp-embed\"><iframe title=\"20&quot; Electric Bike with 4-inch Fat Tire and removable battery | Freego DK200\" width=\"1778\" height=\"1000\" src=\"https:\/\/www.youtube.com\/embed\/7JxqdH3qDfM?feature=oembed&#038;enablejsapi=1&#038;rel=0&#038;showinfo=0&#038;color=white\" frameborder=\"0\" allow=\"accelerometer; autoplay; clipboard-write; encrypted-media; gyroscope; picture-in-picture; web-share\" allowfullscreen><\/iframe><\/div>\n<div class=\"mp4t_16_s mryx_16_s mr3m_1 mli2_1 mh85_56 mh85_0_l\">\n<div class=\"mg9e_8 mg9e_0_s mvrt_0_s mj7a_8 mj7a_0_s mh36_0_s mzmg_6m munh_16_l m3h2_16_l\">\n<div class=\"mp4t_0 mryx_0 munh_56 m3h2_56\">\n<div class=\"mp7g_oh\"><img fetchpriority=\"high\" decoding=\"async\" class=\"msub_k4 mupj_5k mjru_k4 mse2_k4 mp7g_f6 mq1m_0 mj7u_0 m7er_k4 lazyloaded\" src=\"https:\/\/a.allegroimg.com\/original\/11c9fb\/bf11598f431ea7b7af1a7f90df8f\/Rower-elektryczny-1200W-50KM-H-Fat-tire-20AH-Range-80-km\" sizes=\"(min-width: 1200px) 560px, (min-width: 992px) 50vw, 100vw\" srcset=\"https:\/\/a.allegroimg.com\/s360\/11c9fb\/bf11598f431ea7b7af1a7f90df8f\/Rower-elektryczny-1200W-50KM-H-Fat-tire-20AH-Range-80-km 360w,https:\/\/a.allegroimg.com\/s720\/11c9fb\/bf11598f431ea7b7af1a7f90df8f\/Rower-elektryczny-1200W-50KM-H-Fat-tire-20AH-Range-80-km 720w,https:\/\/a.allegroimg.com\/s1024\/11c9fb\/bf11598f431ea7b7af1a7f90df8f\/Rower-elektryczny-1200W-50KM-H-Fat-tire-20AH-Range-80-km 1000w,https:\/\/a.allegroimg.com\/original\/11c9fb\/bf11598f431ea7b7af1a7f90df8f\/Rower-elektryczny-1200W-50KM-H-Fat-tire-20AH-Range-80-km 1000w\" alt=\"Rower elektryczny 1200W 50KM\/H Fat tire 20AH Range 80 km\" width=\"784\" height=\"784\" data-src=\"https:\/\/a.allegroimg.com\/original\/11c9fb\/bf11598f431ea7b7af1a7f90df8f\/Rower-elektryczny-1200W-50KM-H-Fat-tire-20AH-Range-80-km\" data-srcset=\"https:\/\/a.allegroimg.com\/s360\/11c9fb\/bf11598f431ea7b7af1a7f90df8f\/Rower-elektryczny-1200W-50KM-H-Fat-tire-20AH-Range-80-km 360w,https:\/\/a.allegroimg.com\/s720\/11c9fb\/bf11598f431ea7b7af1a7f90df8f\/Rower-elektryczny-1200W-50KM-H-Fat-tire-20AH-Range-80-km 720w,https:\/\/a.allegroimg.com\/s1024\/11c9fb\/bf11598f431ea7b7af1a7f90df8f\/Rower-elektryczny-1200W-50KM-H-Fat-tire-20AH-Range-80-km 1000w,https:\/\/a.allegroimg.com\/original\/11c9fb\/bf11598f431ea7b7af1a7f90df8f\/Rower-elektryczny-1200W-50KM-H-Fat-tire-20AH-Range-80-km 1000w\" \/><\/div>\n<\/div>\n<\/div>\n<\/div>\n<div class=\"mp4t_16_s mryx_16_s mr3m_1 mli2_1 mh85_56 mh85_0_l\">\n<div class=\"mg9e_8 mg9e_0_s mvrt_0_s mj7a_8 mj7a_0_s mh36_0_s mzmg_6m munh_16_l m3h2_16_l\">\n<div class=\"mp4t_0 mryx_0 munh_56 m3h2_56\">\n<div class=\"mp7g_oh\"><img decoding=\"async\" class=\"msub_k4 mupj_5k mjru_k4 mse2_k4 mp7g_f6 mq1m_0 mj7u_0 m7er_k4 lazyloaded\" src=\"https:\/\/a.allegroimg.com\/original\/11e2e6\/429ec0734ffb835bb4edbc5dbe2c\/Rower-elektryczny-1200W-50KM-H-Fat-tire-20AH-Engine-Power-1200-W\" sizes=\"(min-width: 1200px) 560px, (min-width: 992px) 50vw, 100vw\" srcset=\"https:\/\/a.allegroimg.com\/s360\/11e2e6\/429ec0734ffb835bb4edbc5dbe2c\/Rower-elektryczny-1200W-50KM-H-Fat-tire-20AH-Engine-Power-1200-W 360w,https:\/\/a.allegroimg.com\/s720\/11e2e6\/429ec0734ffb835bb4edbc5dbe2c\/Rower-elektryczny-1200W-50KM-H-Fat-tire-20AH-Engine-Power-1200-W 720w,https:\/\/a.allegroimg.com\/s1024\/11e2e6\/429ec0734ffb835bb4edbc5dbe2c\/Rower-elektryczny-1200W-50KM-H-Fat-tire-20AH-Engine-Power-1200-W 1000w,https:\/\/a.allegroimg.com\/original\/11e2e6\/429ec0734ffb835bb4edbc5dbe2c\/Rower-elektryczny-1200W-50KM-H-Fat-tire-20AH-Engine-Power-1200-W 1000w\" alt=\"Rower elektryczny 1200W 50KM\/H Fat tire 20AH Engine Power 1200 W\" width=\"784\" height=\"784\" data-src=\"https:\/\/a.allegroimg.com\/original\/11e2e6\/429ec0734ffb835bb4edbc5dbe2c\/Rower-elektryczny-1200W-50KM-H-Fat-tire-20AH-Engine-Power-1200-W\" data-srcset=\"https:\/\/a.allegroimg.com\/s360\/11e2e6\/429ec0734ffb835bb4edbc5dbe2c\/Rower-elektryczny-1200W-50KM-H-Fat-tire-20AH-Engine-Power-1200-W 360w,https:\/\/a.allegroimg.com\/s720\/11e2e6\/429ec0734ffb835bb4edbc5dbe2c\/Rower-elektryczny-1200W-50KM-H-Fat-tire-20AH-Engine-Power-1200-W 720w,https:\/\/a.allegroimg.com\/s1024\/11e2e6\/429ec0734ffb835bb4edbc5dbe2c\/Rower-elektryczny-1200W-50KM-H-Fat-tire-20AH-Engine-Power-1200-W 1000w,https:\/\/a.allegroimg.com\/original\/11e2e6\/429ec0734ffb835bb4edbc5dbe2c\/Rower-elektryczny-1200W-50KM-H-Fat-tire-20AH-Engine-Power-1200-W 1000w\" \/><\/div>\n<\/div>\n<\/div>\n<\/div>\n<ul>\n<li>Elektrijalgratas DK200\u00a0 250 W 20AH 25 KM\/H<\/li>\n<li>Freego DK200 on vastupidav, ainulaadne ja sellel on eriline disain.<\/li>\n<li>Mootorratta ja elektriratta kombinatsioon. Maksimaalne kiirus 25 km\/h<\/li>\n<li>T\u00e4isvedrustuse disain, kergem kui mootorrattal ja mugavam kui tavalised e-jalgrattad.<\/li>\n<li>K\u00f5ik osad on eemaldatavad: Eemaldatav aku; k\u00f5ik juhtmed on lahti \u00fchendatud (mootor, kontroller, gaasipedaalid, ekraan). Neid on lihtne asendada ja parandada.<\/li>\n<li>Tipptasemel elektrijalgratas, mis on p\u00fchendatud tippklassi s\u00f5itjatele. Alumiiniumist survesummutav esihark + h\u00fcdrauliline reageeriv ketaspiduris\u00fcsteem, et muuta see ohutuks ja t\u00f6\u00f6kindlaks.<\/li>\n<\/ul>\n<h3>Info<\/h3>\n<p>Mudel: DK200<\/p>\n<p>Raami materjal: alumiiniumisulam<\/p>\n<p>V\u00f5imsus: 250 W<\/p>\n<p>Tippv\u00f5imsus: 250 W<\/p>\n<p>Aku: 48V 20AH<\/p>\n<p>Maksimaalne kiirus: 25 KM\/H<\/p>\n<p>Rehvid: 20&#8243; X 4.0 Fat rehv<\/p>\n<p>S\u00f5idukaugus: 55 km (puhas elektriline) 100 km (elektriline abire\u017eiim)<\/p>\n<p>Aku: eemaldatav<\/p>\n<p>Jalgratta kaal: 30 kg<\/p>\n<p>T\u00e4iskaal: 33 kg<\/p>\n<p>Suurus: 180 * 75 * 101 cm<\/p>\n<p><img decoding=\"async\" class=\"msub_k4 mupj_5k mjru_k4 mse2_k4 mp7g_f6 mq1m_0 mj7u_0 m7er_k4 lazyloaded\" src=\"https:\/\/a.allegroimg.com\/original\/1190c2\/875f02834b9fa9881bdf7d98b124\/Rower-elektryczny-1200W-50KM-H-Fat-tire-20AH-Brand-other\" sizes=\"100vw\" srcset=\"https:\/\/a.allegroimg.com\/s360\/1190c2\/875f02834b9fa9881bdf7d98b124\/Rower-elektryczny-1200W-50KM-H-Fat-tire-20AH-Brand-other 360w,https:\/\/a.allegroimg.com\/s720\/1190c2\/875f02834b9fa9881bdf7d98b124\/Rower-elektryczny-1200W-50KM-H-Fat-tire-20AH-Brand-other 720w,https:\/\/a.allegroimg.com\/s1024\/1190c2\/875f02834b9fa9881bdf7d98b124\/Rower-elektryczny-1200W-50KM-H-Fat-tire-20AH-Brand-other 1000w,https:\/\/a.allegroimg.com\/original\/1190c2\/875f02834b9fa9881bdf7d98b124\/Rower-elektryczny-1200W-50KM-H-Fat-tire-20AH-Brand-other 1000w\" alt=\"Rower elektryczny 1200W 50KM\/H Fat tire 20AH Brand other\" width=\"1000px\" data-src=\"https:\/\/a.allegroimg.com\/original\/1190c2\/875f02834b9fa9881bdf7d98b124\/Rower-elektryczny-1200W-50KM-H-Fat-tire-20AH-Brand-other\" data-srcset=\"https:\/\/a.allegroimg.com\/s360\/1190c2\/875f02834b9fa9881bdf7d98b124\/Rower-elektryczny-1200W-50KM-H-Fat-tire-20AH-Brand-other 360w,https:\/\/a.allegroimg.com\/s720\/1190c2\/875f02834b9fa9881bdf7d98b124\/Rower-elektryczny-1200W-50KM-H-Fat-tire-20AH-Brand-other 720w,https:\/\/a.allegroimg.com\/s1024\/1190c2\/875f02834b9fa9881bdf7d98b124\/Rower-elektryczny-1200W-50KM-H-Fat-tire-20AH-Brand-other 1000w,https:\/\/a.allegroimg.com\/original\/1190c2\/875f02834b9fa9881bdf7d98b124\/Rower-elektryczny-1200W-50KM-H-Fat-tire-20AH-Brand-other 1000w\" \/><\/p>\n","protected":false},"excerpt":{"rendered":"<p><strong>Freego DK200 Elektriratas<\/strong><\/p>\n<p>&nbsp;<\/p>\n<ul>\n<li>Aku: 48V 20AH<\/li>\n<li>Tippv\u00f5imsus: 250 W<\/li>\n<li>Maksimaalne kiirus: 25 KM\/H<\/li>\n<li>S\u00f5idukaugus: 100 km<\/li>\n<\/ul>\n<p>&nbsp;<\/p>\n<p>\u2666 Tarneaeg 2-6 p\u00e4eva<br \/>\n\u2666 Laos<\/p>\n","protected":false},"featured_media":6937,"template":"","meta":[],"product_cat":[52,903,905],"product_tag":[],"class_list":{"0":"post-6936","1":"product","2":"type-product","3":"status-publish","4":"has-post-thumbnail","6":"product_cat-elektrirattad","7":"product_cat-linnarattad","8":"product_cat-maastikurattad","9":"product_shipping_class-suured-pakid","11":"first","12":"instock","13":"sale","14":"taxable","15":"shipping-taxable","16":"purchasable","17":"product-type-simple"},"yoast_head":"<!-- This site is optimized with the Yoast SEO plugin v23.8 - https:\/\/yoast.com\/wordpress\/plugins\/seo\/ -->\n<title>Freego DK200 Elektriratas 100 km - Ecocruiser<\/title>\n<meta name=\"description\" content=\"Freego DK200 Elektriratas Aku: 48V 20AH Tippv\u00f5imsus: 250 W Maksimaalne kiirus: 25 KM\/H S\u00f5idukaugus: 100 km \u2666 Tarneaeg 2-6 p\u00e4eva \u2666 Laos\" \/>\n<meta name=\"robots\" content=\"noindex, follow, max-snippet:-1, max-image-preview:large, max-video-preview:-1\" \/>\n<meta property=\"og:locale\" content=\"en_GB\" \/>\n<meta property=\"og:type\" content=\"article\" \/>\n<meta property=\"og:title\" content=\"Freego DK200 Elektriratas 100 km - Ecocruiser\" \/>\n<meta property=\"og:description\" content=\"Freego DK200 Elektriratas Aku: 48V 20AH Tippv\u00f5imsus: 250 W Maksimaalne kiirus: 25 KM\/H S\u00f5idukaugus: 100 km \u2666 Tarneaeg 2-6 p\u00e4eva \u2666 Laos\" \/>\n<meta property=\"og:url\" content=\"https:\/\/projekt.vombat.ee\/eco\/pood\/elektrirattad\/linnarattad\/freego-dk200-elektriratas\/\" \/>\n<meta property=\"og:site_name\" content=\"Ecocruiser\" \/>\n<meta property=\"article:modified_time\" content=\"2024-01-19T03:29:51+00:00\" \/>\n<meta property=\"og:image\" content=\"https:\/\/projekt.vombat.ee\/eco\/wp-content\/uploads\/2023\/03\/1-13.webp\" \/>\n\t<meta property=\"og:image:width\" content=\"1500\" \/>\n\t<meta property=\"og:image:height\" content=\"1500\" \/>\n\t<meta property=\"og:image:type\" content=\"image\/webp\" \/>\n<meta name=\"twitter:card\" content=\"summary_large_image\" \/>\n<meta name=\"twitter:label1\" content=\"Estimated reading time\" \/>\n\t<meta name=\"twitter:data1\" content=\"2 minutes\" \/>\n<script type=\"application\/ld+json\" class=\"yoast-schema-graph\">{\"@context\":\"https:\/\/schema.org\",\"@graph\":[{\"@type\":\"WebPage\",\"@id\":\"https:\/\/projekt.vombat.ee\/eco\/pood\/elektrirattad\/linnarattad\/freego-dk200-elektriratas\/\",\"url\":\"https:\/\/projekt.vombat.ee\/eco\/pood\/elektrirattad\/linnarattad\/freego-dk200-elektriratas\/\",\"name\":\"Freego DK200 Elektriratas 100 km - Ecocruiser\",\"isPartOf\":{\"@id\":\"https:\/\/projekt.vombat.ee\/eco\/#website\"},\"primaryImageOfPage\":{\"@id\":\"https:\/\/projekt.vombat.ee\/eco\/pood\/elektrirattad\/linnarattad\/freego-dk200-elektriratas\/#primaryimage\"},\"image\":{\"@id\":\"https:\/\/projekt.vombat.ee\/eco\/pood\/elektrirattad\/linnarattad\/freego-dk200-elektriratas\/#primaryimage\"},\"thumbnailUrl\":\"https:\/\/projekt.vombat.ee\/eco\/wp-content\/uploads\/2023\/03\/1-13.webp\",\"datePublished\":\"2023-03-16T14:23:35+00:00\",\"dateModified\":\"2024-01-19T03:29:51+00:00\",\"description\":\"Freego DK200 Elektriratas Aku: 48V 20AH Tippv\u00f5imsus: 250 W Maksimaalne kiirus: 25 KM\/H S\u00f5idukaugus: 100 km \u2666 Tarneaeg 2-6 p\u00e4eva \u2666 Laos\",\"breadcrumb\":{\"@id\":\"https:\/\/projekt.vombat.ee\/eco\/pood\/elektrirattad\/linnarattad\/freego-dk200-elektriratas\/#breadcrumb\"},\"inLanguage\":\"en-GB\",\"potentialAction\":[{\"@type\":\"ReadAction\",\"target\":[\"https:\/\/projekt.vombat.ee\/eco\/pood\/elektrirattad\/linnarattad\/freego-dk200-elektriratas\/\"]}]},{\"@type\":\"ImageObject\",\"inLanguage\":\"en-GB\",\"@id\":\"https:\/\/projekt.vombat.ee\/eco\/pood\/elektrirattad\/linnarattad\/freego-dk200-elektriratas\/#primaryimage\",\"url\":\"https:\/\/projekt.vombat.ee\/eco\/wp-content\/uploads\/2023\/03\/1-13.webp\",\"contentUrl\":\"https:\/\/projekt.vombat.ee\/eco\/wp-content\/uploads\/2023\/03\/1-13.webp\",\"width\":1500,\"height\":1500,\"caption\":\"Freego DK200\"},{\"@type\":\"BreadcrumbList\",\"@id\":\"https:\/\/projekt.vombat.ee\/eco\/pood\/elektrirattad\/linnarattad\/freego-dk200-elektriratas\/#breadcrumb\",\"itemListElement\":[{\"@type\":\"ListItem\",\"position\":1,\"name\":\"Home\",\"item\":\"https:\/\/projekt.vombat.ee\/eco\/\"},{\"@type\":\"ListItem\",\"position\":2,\"name\":\"Pood\",\"item\":\"https:\/\/projekt.vombat.ee\/eco\/pood\/\"},{\"@type\":\"ListItem\",\"position\":3,\"name\":\"Freego DK200 Elektriratas 100 km\"}]},{\"@type\":\"WebSite\",\"@id\":\"https:\/\/projekt.vombat.ee\/eco\/#website\",\"url\":\"https:\/\/projekt.vombat.ee\/eco\/\",\"name\":\"Ecocruiser\",\"description\":\"\",\"publisher\":{\"@id\":\"https:\/\/projekt.vombat.ee\/eco\/#organization\"},\"potentialAction\":[{\"@type\":\"SearchAction\",\"target\":{\"@type\":\"EntryPoint\",\"urlTemplate\":\"https:\/\/projekt.vombat.ee\/eco\/?s={search_term_string}\"},\"query-input\":{\"@type\":\"PropertyValueSpecification\",\"valueRequired\":true,\"valueName\":\"search_term_string\"}}],\"inLanguage\":\"en-GB\"},{\"@type\":\"Organization\",\"@id\":\"https:\/\/projekt.vombat.ee\/eco\/#organization\",\"name\":\"Ecocruiser\",\"url\":\"https:\/\/projekt.vombat.ee\/eco\/\",\"logo\":{\"@type\":\"ImageObject\",\"inLanguage\":\"en-GB\",\"@id\":\"https:\/\/projekt.vombat.ee\/eco\/#\/schema\/logo\/image\/\",\"url\":\"https:\/\/projekt.vombat.ee\/eco\/wp-content\/uploads\/2023\/03\/ECOCRUISER_5.png\",\"contentUrl\":\"https:\/\/projekt.vombat.ee\/eco\/wp-content\/uploads\/2023\/03\/ECOCRUISER_5.png\",\"width\":234,\"height\":91,\"caption\":\"Ecocruiser\"},\"image\":{\"@id\":\"https:\/\/projekt.vombat.ee\/eco\/#\/schema\/logo\/image\/\"}}]}<\/script>\n<!-- \/ Yoast SEO plugin. -->","yoast_head_json":{"title":"Freego DK200 Elektriratas 100 km - Ecocruiser","description":"Freego DK200 Elektriratas Aku: 48V 20AH Tippv\u00f5imsus: 250 W Maksimaalne kiirus: 25 KM\/H S\u00f5idukaugus: 100 km \u2666 Tarneaeg 2-6 p\u00e4eva \u2666 Laos","robots":{"index":"noindex","follow":"follow","max-snippet":"max-snippet:-1","max-image-preview":"max-image-preview:large","max-video-preview":"max-video-preview:-1"},"og_locale":"en_GB","og_type":"article","og_title":"Freego DK200 Elektriratas 100 km - Ecocruiser","og_description":"Freego DK200 Elektriratas Aku: 48V 20AH Tippv\u00f5imsus: 250 W Maksimaalne kiirus: 25 KM\/H S\u00f5idukaugus: 100 km \u2666 Tarneaeg 2-6 p\u00e4eva \u2666 Laos","og_url":"https:\/\/projekt.vombat.ee\/eco\/pood\/elektrirattad\/linnarattad\/freego-dk200-elektriratas\/","og_site_name":"Ecocruiser","article_modified_time":"2024-01-19T03:29:51+00:00","og_image":[{"width":1500,"height":1500,"url":"https:\/\/projekt.vombat.ee\/eco\/wp-content\/uploads\/2023\/03\/1-13.webp","type":"image\/webp"}],"twitter_card":"summary_large_image","twitter_misc":{"Estimated reading time":"2 minutes"},"schema":{"@context":"https:\/\/schema.org","@graph":[{"@type":"WebPage","@id":"https:\/\/projekt.vombat.ee\/eco\/pood\/elektrirattad\/linnarattad\/freego-dk200-elektriratas\/","url":"https:\/\/projekt.vombat.ee\/eco\/pood\/elektrirattad\/linnarattad\/freego-dk200-elektriratas\/","name":"Freego DK200 Elektriratas 100 km - Ecocruiser","isPartOf":{"@id":"https:\/\/projekt.vombat.ee\/eco\/#website"},"primaryImageOfPage":{"@id":"https:\/\/projekt.vombat.ee\/eco\/pood\/elektrirattad\/linnarattad\/freego-dk200-elektriratas\/#primaryimage"},"image":{"@id":"https:\/\/projekt.vombat.ee\/eco\/pood\/elektrirattad\/linnarattad\/freego-dk200-elektriratas\/#primaryimage"},"thumbnailUrl":"https:\/\/projekt.vombat.ee\/eco\/wp-content\/uploads\/2023\/03\/1-13.webp","datePublished":"2023-03-16T14:23:35+00:00","dateModified":"2024-01-19T03:29:51+00:00","description":"Freego DK200 Elektriratas Aku: 48V 20AH Tippv\u00f5imsus: 250 W Maksimaalne kiirus: 25 KM\/H S\u00f5idukaugus: 100 km \u2666 Tarneaeg 2-6 p\u00e4eva \u2666 Laos","breadcrumb":{"@id":"https:\/\/projekt.vombat.ee\/eco\/pood\/elektrirattad\/linnarattad\/freego-dk200-elektriratas\/#breadcrumb"},"inLanguage":"en-GB","potentialAction":[{"@type":"ReadAction","target":["https:\/\/projekt.vombat.ee\/eco\/pood\/elektrirattad\/linnarattad\/freego-dk200-elektriratas\/"]}]},{"@type":"ImageObject","inLanguage":"en-GB","@id":"https:\/\/projekt.vombat.ee\/eco\/pood\/elektrirattad\/linnarattad\/freego-dk200-elektriratas\/#primaryimage","url":"https:\/\/projekt.vombat.ee\/eco\/wp-content\/uploads\/2023\/03\/1-13.webp","contentUrl":"https:\/\/projekt.vombat.ee\/eco\/wp-content\/uploads\/2023\/03\/1-13.webp","width":1500,"height":1500,"caption":"Freego DK200"},{"@type":"BreadcrumbList","@id":"https:\/\/projekt.vombat.ee\/eco\/pood\/elektrirattad\/linnarattad\/freego-dk200-elektriratas\/#breadcrumb","itemListElement":[{"@type":"ListItem","position":1,"name":"Home","item":"https:\/\/projekt.vombat.ee\/eco\/"},{"@type":"ListItem","position":2,"name":"Pood","item":"https:\/\/projekt.vombat.ee\/eco\/pood\/"},{"@type":"ListItem","position":3,"name":"Freego DK200 Elektriratas 100 km"}]},{"@type":"WebSite","@id":"https:\/\/projekt.vombat.ee\/eco\/#website","url":"https:\/\/projekt.vombat.ee\/eco\/","name":"Ecocruiser","description":"","publisher":{"@id":"https:\/\/projekt.vombat.ee\/eco\/#organization"},"potentialAction":[{"@type":"SearchAction","target":{"@type":"EntryPoint","urlTemplate":"https:\/\/projekt.vombat.ee\/eco\/?s={search_term_string}"},"query-input":{"@type":"PropertyValueSpecification","valueRequired":true,"valueName":"search_term_string"}}],"inLanguage":"en-GB"},{"@type":"Organization","@id":"https:\/\/projekt.vombat.ee\/eco\/#organization","name":"Ecocruiser","url":"https:\/\/projekt.vombat.ee\/eco\/","logo":{"@type":"ImageObject","inLanguage":"en-GB","@id":"https:\/\/projekt.vombat.ee\/eco\/#\/schema\/logo\/image\/","url":"https:\/\/projekt.vombat.ee\/eco\/wp-content\/uploads\/2023\/03\/ECOCRUISER_5.png","contentUrl":"https:\/\/projekt.vombat.ee\/eco\/wp-content\/uploads\/2023\/03\/ECOCRUISER_5.png","width":234,"height":91,"caption":"Ecocruiser"},"image":{"@id":"https:\/\/projekt.vombat.ee\/eco\/#\/schema\/logo\/image\/"}}]}},"lang":"et","translations":{"et":6936,"ru":8018,"fi":8296},"pll_sync_post":[],"_links":{"self":[{"href":"https:\/\/projekt.vombat.ee\/eco\/wp-json\/wp\/v2\/product\/6936"}],"collection":[{"href":"https:\/\/projekt.vombat.ee\/eco\/wp-json\/wp\/v2\/product"}],"about":[{"href":"https:\/\/projekt.vombat.ee\/eco\/wp-json\/wp\/v2\/types\/product"}],"version-history":[{"count":4,"href":"https:\/\/projekt.vombat.ee\/eco\/wp-json\/wp\/v2\/product\/6936\/revisions"}],"predecessor-version":[{"id":6944,"href":"https:\/\/projekt.vombat.ee\/eco\/wp-json\/wp\/v2\/product\/6936\/revisions\/6944"}],"wp:featuredmedia":[{"embeddable":true,"href":"https:\/\/projekt.vombat.ee\/eco\/wp-json\/wp\/v2\/media\/6937"}],"wp:attachment":[{"href":"https:\/\/projekt.vombat.ee\/eco\/wp-json\/wp\/v2\/media?parent=6936"}],"wp:term":[{"taxonomy":"product_cat","embeddable":true,"href":"https:\/\/projekt.vombat.ee\/eco\/wp-json\/wp\/v2\/product_cat?post=6936"},{"taxonomy":"product_tag","embeddable":true,"href":"https:\/\/projekt.vombat.ee\/eco\/wp-json\/wp\/v2\/product_tag?post=6936"}],"curies":[{"name":"wp","href":"https:\/\/api.w.org\/{rel}","templated":true}]}}