{"id":6918,"date":"2023-03-16T13:29:07","date_gmt":"2023-03-16T13:29:07","guid":{"rendered":"https:\/\/projekt.vombat.ee\/eco\/?post_type=product&#038;p=6918"},"modified":"2024-05-02T17:22:30","modified_gmt":"2024-05-02T17:22:30","slug":"freego-f1-pro-elektriratas-80km","status":"publish","type":"product","link":"https:\/\/projekt.vombat.ee\/eco\/pood\/elektrirattad\/linnarattad\/freego-f1-pro-elektriratas-80km\/","title":{"rendered":"Freego F1 PRO Elektriratas 80km"},"content":{"rendered":"<h1>Freego F1 PRO<\/h1>\n<p><img decoding=\"async\" class=\"msub_k4 mupj_5k mjru_k4 mse2_k4 mp7g_f6 mq1m_0 mj7u_0 m7er_k4 lazyloaded\" src=\"https:\/\/a.allegroimg.com\/original\/11a849\/5e6982964f38a037761b49361c99\/20-Elektryczny-skuter-sniezny-1400W-15AH-MTB-Color-black\" sizes=\"100vw\" srcset=\"https:\/\/a.allegroimg.com\/s360\/11a849\/5e6982964f38a037761b49361c99\/20-Elektryczny-skuter-sniezny-1400W-15AH-MTB-Color-black 360w,https:\/\/a.allegroimg.com\/s720\/11a849\/5e6982964f38a037761b49361c99\/20-Elektryczny-skuter-sniezny-1400W-15AH-MTB-Color-black 720w,https:\/\/a.allegroimg.com\/s1024\/11a849\/5e6982964f38a037761b49361c99\/20-Elektryczny-skuter-sniezny-1400W-15AH-MTB-Color-black 1024w,https:\/\/a.allegroimg.com\/s1440\/11a849\/5e6982964f38a037761b49361c99\/20-Elektryczny-skuter-sniezny-1400W-15AH-MTB-Color-black 1440w,https:\/\/a.allegroimg.com\/original\/11a849\/5e6982964f38a037761b49361c99\/20-Elektryczny-skuter-sniezny-1400W-15AH-MTB-Color-black 1633w\" alt=\"20'' Elektryczny skuter \u015bnie\u017cny 1400W 15AH MTB Color black\" width=\"1633px\" data-src=\"https:\/\/a.allegroimg.com\/original\/11a849\/5e6982964f38a037761b49361c99\/20-Elektryczny-skuter-sniezny-1400W-15AH-MTB-Color-black\" data-srcset=\"https:\/\/a.allegroimg.com\/s360\/11a849\/5e6982964f38a037761b49361c99\/20-Elektryczny-skuter-sniezny-1400W-15AH-MTB-Color-black 360w,https:\/\/a.allegroimg.com\/s720\/11a849\/5e6982964f38a037761b49361c99\/20-Elektryczny-skuter-sniezny-1400W-15AH-MTB-Color-black 720w,https:\/\/a.allegroimg.com\/s1024\/11a849\/5e6982964f38a037761b49361c99\/20-Elektryczny-skuter-sniezny-1400W-15AH-MTB-Color-black 1024w,https:\/\/a.allegroimg.com\/s1440\/11a849\/5e6982964f38a037761b49361c99\/20-Elektryczny-skuter-sniezny-1400W-15AH-MTB-Color-black 1440w,https:\/\/a.allegroimg.com\/original\/11a849\/5e6982964f38a037761b49361c99\/20-Elektryczny-skuter-sniezny-1400W-15AH-MTB-Color-black 1633w\" \/><\/p>\n<p>\u25cf Rehvid: 20&#8243; x 4&#8243; toruga pneumaatilised plahvatuskindlad rehvid, paksemad, kulumiskindlamad ja ohutumad kui tavalised rehvid.<\/p>\n<p>\u25cf Nimiv\u00f5imsus: 250W, 22,5AH suur aku: t\u00f5hus, suure mahutavusega aku, eemaldatav.<\/p>\n<p>\u25cf Valgustus: eesmine \u00fclisuur LED-tuli ja tagumine ohutushoiatustuli, erepunane tuli turvaliseks \u00f6\u00f6sel s\u00f5itmiseks<\/p>\n<p>\u25cf Amortisatsioonis\u00fcsteem: kahekordne amortisatsioonis\u00fcsteem aitab teil nautida mugavat s\u00f5itu.<\/p>\n<p>\u25cf Pehme iste: mugav s\u00f5ita ka auklikul teel<\/p>\n<p>\u25cfPiduris\u00fcsteem: e-jalgratta esi- ja tagarattad on varustatud h\u00fcdrauliliste piduritega.<\/p>\n<p>\u25cf Raami materjal: \u00fclitugev terastoru turvalisemaks s\u00f5itmiseks<\/p>\n<h3>Info<\/h3>\n<p>Rehvid: 20&#8243; x 4&#8243;, toruga \u00f5hkrehvid<\/p>\n<p>Aku: 48V, 22,5Ah eemaldatav<\/p>\n<p>V\u00f5imsus (W): 250W<\/p>\n<p>Raami materjal: \u00fclitugev terastoru<\/p>\n<p>Maksimaalne kiirus (km\/h): 25 km\/h<\/p>\n<p>S\u00f5idukaugus: 50km-60km (puhtal elektriga)<\/p>\n<p>L\u00e4bis\u00f5it: 60km-80km (pedaaliabi)<\/p>\n<p>K\u00e4igukast: SHIMANO 7-k\u00e4iguline k\u00e4igukast<\/p>\n<p>Piduris\u00fcsteem: eesmised ja tagumised h\u00fcdraulilised pidurid<\/p>\n<p>Vedrustus: t\u00e4isvedrustus ees ja taga<\/p>\n<p>Max kandev\u00f5ime: 120kg<\/p>\n<p>Netokaal: 35kg<\/p>\n","protected":false},"excerpt":{"rendered":"<p><strong>Freego F1 PRO<\/strong><\/p>\n<p>&nbsp;<\/p>\n<ul>\n<li>Aku: 48V, 22,5Ah<\/li>\n<li>Maksimaalne kiirus (km\/h): 25 km\/h<\/li>\n<li>S\u00f5idukaugus: <span style=\"font-size: inherit;\">80km<\/span><\/li>\n<li>Max kandev\u00f5ime: 120kg<\/li>\n<\/ul>\n<p>&nbsp;<\/p>\n<p>\u2666 Tarneaeg 2-6 p\u00e4eva<br \/>\n\u2666 Laos<\/p>\n","protected":false},"featured_media":6919,"template":"","meta":[],"product_cat":[52,903,905],"product_tag":[],"class_list":{"0":"post-6918","1":"product","2":"type-product","3":"status-publish","4":"has-post-thumbnail","6":"product_cat-elektrirattad","7":"product_cat-linnarattad","8":"product_cat-maastikurattad","9":"product_shipping_class-suured-pakid","11":"first","12":"instock","13":"sale","14":"taxable","15":"shipping-taxable","16":"purchasable","17":"product-type-simple"},"yoast_head":"<!-- This site is optimized with the Yoast SEO plugin v23.8 - https:\/\/yoast.com\/wordpress\/plugins\/seo\/ -->\n<title>Freego F1 PRO Elektriratas 80km - Ecocruiser<\/title>\n<meta name=\"description\" content=\"Freego F1 PRO Aku: 48V, 22,5Ah Maksimaalne kiirus (km\/h): 25 km\/h S\u00f5idukaugus: 80km Max kandev\u00f5ime: 120kg \u2666 Tarneaeg 2-6 p\u00e4eva \u2666 Laos\" \/>\n<meta name=\"robots\" content=\"noindex, follow, max-snippet:-1, max-image-preview:large, max-video-preview:-1\" \/>\n<meta property=\"og:locale\" content=\"en_GB\" \/>\n<meta property=\"og:type\" content=\"article\" \/>\n<meta property=\"og:title\" content=\"Freego F1 PRO Elektriratas 80km - Ecocruiser\" \/>\n<meta property=\"og:description\" content=\"Freego F1 PRO Aku: 48V, 22,5Ah Maksimaalne kiirus (km\/h): 25 km\/h S\u00f5idukaugus: 80km Max kandev\u00f5ime: 120kg \u2666 Tarneaeg 2-6 p\u00e4eva \u2666 Laos\" \/>\n<meta property=\"og:url\" content=\"https:\/\/projekt.vombat.ee\/eco\/pood\/elektrirattad\/linnarattad\/freego-f1-pro-elektriratas-80km\/\" \/>\n<meta property=\"og:site_name\" content=\"Ecocruiser\" \/>\n<meta property=\"article:modified_time\" content=\"2024-05-02T17:22:30+00:00\" \/>\n<meta property=\"og:image\" content=\"https:\/\/projekt.vombat.ee\/eco\/wp-content\/uploads\/2023\/03\/3-12.webp\" \/>\n\t<meta property=\"og:image:width\" content=\"900\" \/>\n\t<meta property=\"og:image:height\" content=\"900\" \/>\n\t<meta property=\"og:image:type\" content=\"image\/webp\" \/>\n<meta name=\"twitter:card\" content=\"summary_large_image\" \/>\n<meta name=\"twitter:label1\" content=\"Estimated reading time\" \/>\n\t<meta name=\"twitter:data1\" content=\"2 minutes\" \/>\n<script type=\"application\/ld+json\" class=\"yoast-schema-graph\">{\"@context\":\"https:\/\/schema.org\",\"@graph\":[{\"@type\":\"WebPage\",\"@id\":\"https:\/\/projekt.vombat.ee\/eco\/pood\/elektrirattad\/linnarattad\/freego-f1-pro-elektriratas-80km\/\",\"url\":\"https:\/\/projekt.vombat.ee\/eco\/pood\/elektrirattad\/linnarattad\/freego-f1-pro-elektriratas-80km\/\",\"name\":\"Freego F1 PRO Elektriratas 80km - Ecocruiser\",\"isPartOf\":{\"@id\":\"https:\/\/projekt.vombat.ee\/eco\/#website\"},\"primaryImageOfPage\":{\"@id\":\"https:\/\/projekt.vombat.ee\/eco\/pood\/elektrirattad\/linnarattad\/freego-f1-pro-elektriratas-80km\/#primaryimage\"},\"image\":{\"@id\":\"https:\/\/projekt.vombat.ee\/eco\/pood\/elektrirattad\/linnarattad\/freego-f1-pro-elektriratas-80km\/#primaryimage\"},\"thumbnailUrl\":\"https:\/\/projekt.vombat.ee\/eco\/wp-content\/uploads\/2023\/03\/3-12.webp\",\"datePublished\":\"2023-03-16T13:29:07+00:00\",\"dateModified\":\"2024-05-02T17:22:30+00:00\",\"description\":\"Freego F1 PRO Aku: 48V, 22,5Ah Maksimaalne kiirus (km\/h): 25 km\/h S\u00f5idukaugus: 80km Max kandev\u00f5ime: 120kg \u2666 Tarneaeg 2-6 p\u00e4eva \u2666 Laos\",\"breadcrumb\":{\"@id\":\"https:\/\/projekt.vombat.ee\/eco\/pood\/elektrirattad\/linnarattad\/freego-f1-pro-elektriratas-80km\/#breadcrumb\"},\"inLanguage\":\"en-GB\",\"potentialAction\":[{\"@type\":\"ReadAction\",\"target\":[\"https:\/\/projekt.vombat.ee\/eco\/pood\/elektrirattad\/linnarattad\/freego-f1-pro-elektriratas-80km\/\"]}]},{\"@type\":\"ImageObject\",\"inLanguage\":\"en-GB\",\"@id\":\"https:\/\/projekt.vombat.ee\/eco\/pood\/elektrirattad\/linnarattad\/freego-f1-pro-elektriratas-80km\/#primaryimage\",\"url\":\"https:\/\/projekt.vombat.ee\/eco\/wp-content\/uploads\/2023\/03\/3-12.webp\",\"contentUrl\":\"https:\/\/projekt.vombat.ee\/eco\/wp-content\/uploads\/2023\/03\/3-12.webp\",\"width\":900,\"height\":900,\"caption\":\"Freego F1 Pro\"},{\"@type\":\"BreadcrumbList\",\"@id\":\"https:\/\/projekt.vombat.ee\/eco\/pood\/elektrirattad\/linnarattad\/freego-f1-pro-elektriratas-80km\/#breadcrumb\",\"itemListElement\":[{\"@type\":\"ListItem\",\"position\":1,\"name\":\"Home\",\"item\":\"https:\/\/projekt.vombat.ee\/eco\/\"},{\"@type\":\"ListItem\",\"position\":2,\"name\":\"Pood\",\"item\":\"https:\/\/projekt.vombat.ee\/eco\/pood\/\"},{\"@type\":\"ListItem\",\"position\":3,\"name\":\"Freego F1 PRO Elektriratas 80km\"}]},{\"@type\":\"WebSite\",\"@id\":\"https:\/\/projekt.vombat.ee\/eco\/#website\",\"url\":\"https:\/\/projekt.vombat.ee\/eco\/\",\"name\":\"Ecocruiser\",\"description\":\"\",\"publisher\":{\"@id\":\"https:\/\/projekt.vombat.ee\/eco\/#organization\"},\"potentialAction\":[{\"@type\":\"SearchAction\",\"target\":{\"@type\":\"EntryPoint\",\"urlTemplate\":\"https:\/\/projekt.vombat.ee\/eco\/?s={search_term_string}\"},\"query-input\":{\"@type\":\"PropertyValueSpecification\",\"valueRequired\":true,\"valueName\":\"search_term_string\"}}],\"inLanguage\":\"en-GB\"},{\"@type\":\"Organization\",\"@id\":\"https:\/\/projekt.vombat.ee\/eco\/#organization\",\"name\":\"Ecocruiser\",\"url\":\"https:\/\/projekt.vombat.ee\/eco\/\",\"logo\":{\"@type\":\"ImageObject\",\"inLanguage\":\"en-GB\",\"@id\":\"https:\/\/projekt.vombat.ee\/eco\/#\/schema\/logo\/image\/\",\"url\":\"https:\/\/projekt.vombat.ee\/eco\/wp-content\/uploads\/2023\/03\/ECOCRUISER_5.png\",\"contentUrl\":\"https:\/\/projekt.vombat.ee\/eco\/wp-content\/uploads\/2023\/03\/ECOCRUISER_5.png\",\"width\":234,\"height\":91,\"caption\":\"Ecocruiser\"},\"image\":{\"@id\":\"https:\/\/projekt.vombat.ee\/eco\/#\/schema\/logo\/image\/\"}}]}<\/script>\n<!-- \/ Yoast SEO plugin. -->","yoast_head_json":{"title":"Freego F1 PRO Elektriratas 80km - Ecocruiser","description":"Freego F1 PRO Aku: 48V, 22,5Ah Maksimaalne kiirus (km\/h): 25 km\/h S\u00f5idukaugus: 80km Max kandev\u00f5ime: 120kg \u2666 Tarneaeg 2-6 p\u00e4eva \u2666 Laos","robots":{"index":"noindex","follow":"follow","max-snippet":"max-snippet:-1","max-image-preview":"max-image-preview:large","max-video-preview":"max-video-preview:-1"},"og_locale":"en_GB","og_type":"article","og_title":"Freego F1 PRO Elektriratas 80km - Ecocruiser","og_description":"Freego F1 PRO Aku: 48V, 22,5Ah Maksimaalne kiirus (km\/h): 25 km\/h S\u00f5idukaugus: 80km Max kandev\u00f5ime: 120kg \u2666 Tarneaeg 2-6 p\u00e4eva \u2666 Laos","og_url":"https:\/\/projekt.vombat.ee\/eco\/pood\/elektrirattad\/linnarattad\/freego-f1-pro-elektriratas-80km\/","og_site_name":"Ecocruiser","article_modified_time":"2024-05-02T17:22:30+00:00","og_image":[{"width":900,"height":900,"url":"https:\/\/projekt.vombat.ee\/eco\/wp-content\/uploads\/2023\/03\/3-12.webp","type":"image\/webp"}],"twitter_card":"summary_large_image","twitter_misc":{"Estimated reading time":"2 minutes"},"schema":{"@context":"https:\/\/schema.org","@graph":[{"@type":"WebPage","@id":"https:\/\/projekt.vombat.ee\/eco\/pood\/elektrirattad\/linnarattad\/freego-f1-pro-elektriratas-80km\/","url":"https:\/\/projekt.vombat.ee\/eco\/pood\/elektrirattad\/linnarattad\/freego-f1-pro-elektriratas-80km\/","name":"Freego F1 PRO Elektriratas 80km - Ecocruiser","isPartOf":{"@id":"https:\/\/projekt.vombat.ee\/eco\/#website"},"primaryImageOfPage":{"@id":"https:\/\/projekt.vombat.ee\/eco\/pood\/elektrirattad\/linnarattad\/freego-f1-pro-elektriratas-80km\/#primaryimage"},"image":{"@id":"https:\/\/projekt.vombat.ee\/eco\/pood\/elektrirattad\/linnarattad\/freego-f1-pro-elektriratas-80km\/#primaryimage"},"thumbnailUrl":"https:\/\/projekt.vombat.ee\/eco\/wp-content\/uploads\/2023\/03\/3-12.webp","datePublished":"2023-03-16T13:29:07+00:00","dateModified":"2024-05-02T17:22:30+00:00","description":"Freego F1 PRO Aku: 48V, 22,5Ah Maksimaalne kiirus (km\/h): 25 km\/h S\u00f5idukaugus: 80km Max kandev\u00f5ime: 120kg \u2666 Tarneaeg 2-6 p\u00e4eva \u2666 Laos","breadcrumb":{"@id":"https:\/\/projekt.vombat.ee\/eco\/pood\/elektrirattad\/linnarattad\/freego-f1-pro-elektriratas-80km\/#breadcrumb"},"inLanguage":"en-GB","potentialAction":[{"@type":"ReadAction","target":["https:\/\/projekt.vombat.ee\/eco\/pood\/elektrirattad\/linnarattad\/freego-f1-pro-elektriratas-80km\/"]}]},{"@type":"ImageObject","inLanguage":"en-GB","@id":"https:\/\/projekt.vombat.ee\/eco\/pood\/elektrirattad\/linnarattad\/freego-f1-pro-elektriratas-80km\/#primaryimage","url":"https:\/\/projekt.vombat.ee\/eco\/wp-content\/uploads\/2023\/03\/3-12.webp","contentUrl":"https:\/\/projekt.vombat.ee\/eco\/wp-content\/uploads\/2023\/03\/3-12.webp","width":900,"height":900,"caption":"Freego F1 Pro"},{"@type":"BreadcrumbList","@id":"https:\/\/projekt.vombat.ee\/eco\/pood\/elektrirattad\/linnarattad\/freego-f1-pro-elektriratas-80km\/#breadcrumb","itemListElement":[{"@type":"ListItem","position":1,"name":"Home","item":"https:\/\/projekt.vombat.ee\/eco\/"},{"@type":"ListItem","position":2,"name":"Pood","item":"https:\/\/projekt.vombat.ee\/eco\/pood\/"},{"@type":"ListItem","position":3,"name":"Freego F1 PRO Elektriratas 80km"}]},{"@type":"WebSite","@id":"https:\/\/projekt.vombat.ee\/eco\/#website","url":"https:\/\/projekt.vombat.ee\/eco\/","name":"Ecocruiser","description":"","publisher":{"@id":"https:\/\/projekt.vombat.ee\/eco\/#organization"},"potentialAction":[{"@type":"SearchAction","target":{"@type":"EntryPoint","urlTemplate":"https:\/\/projekt.vombat.ee\/eco\/?s={search_term_string}"},"query-input":{"@type":"PropertyValueSpecification","valueRequired":true,"valueName":"search_term_string"}}],"inLanguage":"en-GB"},{"@type":"Organization","@id":"https:\/\/projekt.vombat.ee\/eco\/#organization","name":"Ecocruiser","url":"https:\/\/projekt.vombat.ee\/eco\/","logo":{"@type":"ImageObject","inLanguage":"en-GB","@id":"https:\/\/projekt.vombat.ee\/eco\/#\/schema\/logo\/image\/","url":"https:\/\/projekt.vombat.ee\/eco\/wp-content\/uploads\/2023\/03\/ECOCRUISER_5.png","contentUrl":"https:\/\/projekt.vombat.ee\/eco\/wp-content\/uploads\/2023\/03\/ECOCRUISER_5.png","width":234,"height":91,"caption":"Ecocruiser"},"image":{"@id":"https:\/\/projekt.vombat.ee\/eco\/#\/schema\/logo\/image\/"}}]}},"lang":"et","translations":{"et":6918,"ru":7993,"fi":8310},"pll_sync_post":[],"_links":{"self":[{"href":"https:\/\/projekt.vombat.ee\/eco\/wp-json\/wp\/v2\/product\/6918"}],"collection":[{"href":"https:\/\/projekt.vombat.ee\/eco\/wp-json\/wp\/v2\/product"}],"about":[{"href":"https:\/\/projekt.vombat.ee\/eco\/wp-json\/wp\/v2\/types\/product"}],"version-history":[{"count":3,"href":"https:\/\/projekt.vombat.ee\/eco\/wp-json\/wp\/v2\/product\/6918\/revisions"}],"predecessor-version":[{"id":16783,"href":"https:\/\/projekt.vombat.ee\/eco\/wp-json\/wp\/v2\/product\/6918\/revisions\/16783"}],"wp:featuredmedia":[{"embeddable":true,"href":"https:\/\/projekt.vombat.ee\/eco\/wp-json\/wp\/v2\/media\/6919"}],"wp:attachment":[{"href":"https:\/\/projekt.vombat.ee\/eco\/wp-json\/wp\/v2\/media?parent=6918"}],"wp:term":[{"taxonomy":"product_cat","embeddable":true,"href":"https:\/\/projekt.vombat.ee\/eco\/wp-json\/wp\/v2\/product_cat?post=6918"},{"taxonomy":"product_tag","embeddable":true,"href":"https:\/\/projekt.vombat.ee\/eco\/wp-json\/wp\/v2\/product_tag?post=6918"}],"curies":[{"name":"wp","href":"https:\/\/api.w.org\/{rel}","templated":true}]}}