{"id":6880,"date":"2023-03-15T20:08:12","date_gmt":"2023-03-15T20:08:12","guid":{"rendered":"https:\/\/projekt.vombat.ee\/eco\/?post_type=product&#038;p=6880"},"modified":"2024-02-02T07:15:47","modified_gmt":"2024-02-02T07:15:47","slug":"elektriline-jalgratas-eleglide-m1-plus","status":"publish","type":"product","link":"https:\/\/projekt.vombat.ee\/eco\/pood\/brandid\/eleglide\/elektriline-jalgratas-eleglide-m1-plus\/","title":{"rendered":"Elektriline jalgratas Eleglide M1 Plus 100km"},"content":{"rendered":"<h1>Eleglide M1 Plus<\/h1>\n<h3>\u00dcLDINE<\/h3>\n<p>Kaubam\u00e4rk: Eleglide<br \/>\nMudel: M1 Plus<br \/>\nV\u00e4rv: must<br \/>\nMaterjal: Alumiiniumisulam<br \/>\nRaami suurus: ratta suurus M (27,5&#8243;): 27,5&#8243; x 18&#8243;<\/p>\n<h3>Info<\/h3>\n<p>Suurus: 27,5&#8243;X18&#8243;<br \/>\nKaal: 21,7 kg<br \/>\nPiiratud kiirus: 25km\/h<br \/>\nMootor: 250W 36V<br \/>\nMaksimaalne koormus 100 kg<br \/>\nAku: 12,5Ah 36V 450Wh<br \/>\nL\u00e4bis\u00f5it laadimise kohta: 100 km (abire\u017eiim)<br \/>\nK\u00e4iguvahetus (Shimano) ees 3; Tagumine 7<br \/>\nPiduriketas ja E-piduris\u00fcsteem<br \/>\nVedrustus: h\u00fcdrauliline summutus koos lukustamisega<br \/>\nEkraan: LCD-ekraan<\/p>\n<h3>SPETSIFIKATSIOON<\/h3>\n<p>Maksimaalne s\u00f5iduulatus: 100 km (abire\u017eiim), piiranguteta (k\u00e4sire\u017eiim) Katsetingimus: Maksimaalne s\u00f5iduulatus saavutatakse 75 kg koormuse ja konstantse kiirusega 15 km\/h tasasel teel ilma tugeva tuuleta 26\u00b0C juures.<br \/>\nMax Kiirus: 25 km\/h Max. Koormus: Ratta suurus M (27,5&#8243;): 100 kgKalle: 15\u00b0 Mootor: 250 W, 36 V, 210 (maksim. p\u00f6\u00f6ret minutis), 45 N.M (maksimaalne v\u00e4ljundp\u00f6\u00f6rdemoment), 400 W (maksimaalne sisemine v\u00f5imsus)<br \/>\nMootori kaubam\u00e4rk: XOFO Mootori aku: 12,5 Ah, 36 V, 450 Wh, koos akukaitses\u00fcsteemiga<br \/>\nLaadija v\u00e4ljund: 100-240V 2A (sisend), 42V 2A (v\u00e4ljund) Laadimisaeg: umbes 7 tundi<br \/>\nK\u00e4igukast: 21-k\u00e4iguline Shimano k\u00e4ik (eesmine 3, taga 7) piduris\u00fcsteem: topeltketaspidurid ja automaatse v\u00e4ljal\u00fclituse disain<br \/>\nEsi- ja tagapidur: mehaaniline ketas-160 mm rootori vedrustus: h\u00fcdrauliline summutus lukustusega<br \/>\nKahvel: h\u00fcdrauliline lukustusega 100 mm reisirehvid: ratta suurus M (27,5&#8243;): 27,5&#8243; x 2,1&#8243;<br \/>\nPneumaatilised kummirehvid, 45-65 PSI (rehvir\u00f5hu) )<br \/>\nKettplaat: 42T 34T 24T<br \/>\nValgus: LED, 1,65 W, 20\u00b0 (kiire nurk), 0,5 \u33a1<br \/>\nEkraan: intelligentne LCD-ekraan<br \/>\nVeekindlusaste: IPX4<br \/>\nSoovitatav jalgratturite pikkus:<br \/>\nRatta suurus M (27,5 tolli): 165\u2013195 cm<\/p>\n<h3>5 Kiirusre\u017eiimi<\/h3>\n<p>Kiirus 1: 12 km\/h<br \/>\nKiirus 2: 16 km\/h<br \/>\nKiirus 3: 20 km\/h<br \/>\nKiirus 4: 23 km\/h<br \/>\nKiirus 5: 25 km\/h<\/p>\n<h3>Kaal ja suurus<\/h3>\n<p>Kaal: 21,7KG<br \/>\nSadula k\u00f5rgus (maapinnast):<br \/>\n850\u20131050 mm (33,5\u201341,5 tolli)<br \/>\nJuhtraua pikkus: 680 mm (26,8 tolli)<\/p>\n<h3>LCD ja APP<\/h3>\n<p><img fetchpriority=\"high\" decoding=\"async\" class=\"\" src=\"https:\/\/i.gyazo.com\/4c09ad1b56e91b5135887e534161c10c.png\" width=\"738\" height=\"436\" \/><\/p>\n<p>&nbsp;<\/p>\n<h3>Paki sisu<\/h3>\n<p>1 x M1 Plus jalgratas 2 x pedaal<br \/>\n1 x laadija 1 x t\u00f6\u00f6riistakomplekt<br \/>\n2 x v\u00f5ti 1 x kasutusjuhend<br \/>\n2 x kodarahelkur 1 x tagumine helkur<\/p>\n","protected":false},"excerpt":{"rendered":"<p><strong>ELEKTRILINE JALGRATAS ELEGLIDE M1 PLUS<\/strong><\/p>\n<p>&nbsp;<\/p>\n<ul>\n<li><strong>S\u00f5iduulatus:\u00a0<\/strong>kuni 100km(abire\u017eiimis)<\/li>\n<li><strong>Aku: <\/strong>36V 12,5Ah<\/li>\n<li><strong>Laadimisaeg:<\/strong> 4-5h<\/li>\n<li><strong>Kaal:<\/strong> 22,8kg<\/li>\n<li><strong>V\u00f5imsus:<\/strong> 250W<\/li>\n<\/ul>\n<p>\u2666\u00a0<strong>Tarneaeg<\/strong>\u00a03-8 p\u00e4eva<br \/>\n\u2666\u00a0<strong>Laos<\/strong><\/p>\n","protected":false},"featured_media":6881,"template":"","meta":[],"product_cat":[52,901,905],"product_tag":[],"class_list":{"0":"post-6880","1":"product","2":"type-product","3":"status-publish","4":"has-post-thumbnail","6":"product_cat-elektrirattad","7":"product_cat-eleglide","8":"product_cat-maastikurattad","9":"product_shipping_class-suured-pakid","11":"first","12":"instock","13":"sale","14":"taxable","15":"shipping-taxable","16":"purchasable","17":"product-type-simple"},"yoast_head":"<!-- This site is optimized with the Yoast SEO plugin v23.8 - https:\/\/yoast.com\/wordpress\/plugins\/seo\/ -->\n<title>Elektriline jalgratas Eleglide M1 Plus 100km - Ecocruiser<\/title>\n<meta name=\"description\" content=\"Elektriline jalgratas Eleglide M1 Plus 100km - Kvaliteetsed br\u00e4ndid, lai valik - Ecocruiser.ee - K\u00fcsimuste korral v\u00f5ta \u00fchendust info@projekt.vombat.ee\" \/>\n<meta name=\"robots\" content=\"noindex, follow, max-snippet:-1, max-image-preview:large, max-video-preview:-1\" \/>\n<meta property=\"og:locale\" content=\"en_GB\" \/>\n<meta property=\"og:type\" content=\"article\" \/>\n<meta property=\"og:title\" content=\"Elektriline jalgratas Eleglide M1 Plus 100km - Ecocruiser\" \/>\n<meta property=\"og:description\" content=\"Elektriline jalgratas Eleglide M1 Plus 100km - Kvaliteetsed br\u00e4ndid, lai valik - Ecocruiser.ee - K\u00fcsimuste korral v\u00f5ta \u00fchendust info@projekt.vombat.ee\" \/>\n<meta property=\"og:url\" content=\"https:\/\/projekt.vombat.ee\/eco\/pood\/brandid\/eleglide\/elektriline-jalgratas-eleglide-m1-plus\/\" \/>\n<meta property=\"og:site_name\" content=\"Ecocruiser\" \/>\n<meta property=\"article:modified_time\" content=\"2024-02-02T07:15:47+00:00\" \/>\n<meta property=\"og:image\" content=\"https:\/\/projekt.vombat.ee\/eco\/wp-content\/uploads\/2023\/03\/ELEGLIDEM1PLUS.webp\" \/>\n\t<meta property=\"og:image:width\" content=\"1000\" \/>\n\t<meta property=\"og:image:height\" content=\"1000\" \/>\n\t<meta property=\"og:image:type\" content=\"image\/webp\" \/>\n<meta name=\"twitter:card\" content=\"summary_large_image\" \/>\n<meta name=\"twitter:label1\" content=\"Estimated reading time\" \/>\n\t<meta name=\"twitter:data1\" content=\"2 minutes\" \/>\n<script type=\"application\/ld+json\" class=\"yoast-schema-graph\">{\"@context\":\"https:\/\/schema.org\",\"@graph\":[{\"@type\":\"WebPage\",\"@id\":\"https:\/\/projekt.vombat.ee\/eco\/pood\/brandid\/eleglide\/elektriline-jalgratas-eleglide-m1-plus\/\",\"url\":\"https:\/\/projekt.vombat.ee\/eco\/pood\/brandid\/eleglide\/elektriline-jalgratas-eleglide-m1-plus\/\",\"name\":\"Elektriline jalgratas Eleglide M1 Plus 100km - Ecocruiser\",\"isPartOf\":{\"@id\":\"https:\/\/projekt.vombat.ee\/eco\/#website\"},\"primaryImageOfPage\":{\"@id\":\"https:\/\/projekt.vombat.ee\/eco\/pood\/brandid\/eleglide\/elektriline-jalgratas-eleglide-m1-plus\/#primaryimage\"},\"image\":{\"@id\":\"https:\/\/projekt.vombat.ee\/eco\/pood\/brandid\/eleglide\/elektriline-jalgratas-eleglide-m1-plus\/#primaryimage\"},\"thumbnailUrl\":\"https:\/\/projekt.vombat.ee\/eco\/wp-content\/uploads\/2023\/03\/ELEGLIDEM1PLUS.webp\",\"datePublished\":\"2023-03-15T20:08:12+00:00\",\"dateModified\":\"2024-02-02T07:15:47+00:00\",\"description\":\"Elektriline jalgratas Eleglide M1 Plus 100km - Kvaliteetsed br\u00e4ndid, lai valik - Ecocruiser.ee - K\u00fcsimuste korral v\u00f5ta \u00fchendust info@projekt.vombat.ee\",\"breadcrumb\":{\"@id\":\"https:\/\/projekt.vombat.ee\/eco\/pood\/brandid\/eleglide\/elektriline-jalgratas-eleglide-m1-plus\/#breadcrumb\"},\"inLanguage\":\"en-GB\",\"potentialAction\":[{\"@type\":\"ReadAction\",\"target\":[\"https:\/\/projekt.vombat.ee\/eco\/pood\/brandid\/eleglide\/elektriline-jalgratas-eleglide-m1-plus\/\"]}]},{\"@type\":\"ImageObject\",\"inLanguage\":\"en-GB\",\"@id\":\"https:\/\/projekt.vombat.ee\/eco\/pood\/brandid\/eleglide\/elektriline-jalgratas-eleglide-m1-plus\/#primaryimage\",\"url\":\"https:\/\/projekt.vombat.ee\/eco\/wp-content\/uploads\/2023\/03\/ELEGLIDEM1PLUS.webp\",\"contentUrl\":\"https:\/\/projekt.vombat.ee\/eco\/wp-content\/uploads\/2023\/03\/ELEGLIDEM1PLUS.webp\",\"width\":1000,\"height\":1000,\"caption\":\"ELEGLIDEM1PLUS\"},{\"@type\":\"BreadcrumbList\",\"@id\":\"https:\/\/projekt.vombat.ee\/eco\/pood\/brandid\/eleglide\/elektriline-jalgratas-eleglide-m1-plus\/#breadcrumb\",\"itemListElement\":[{\"@type\":\"ListItem\",\"position\":1,\"name\":\"Home\",\"item\":\"https:\/\/projekt.vombat.ee\/eco\/\"},{\"@type\":\"ListItem\",\"position\":2,\"name\":\"Pood\",\"item\":\"https:\/\/projekt.vombat.ee\/eco\/pood\/\"},{\"@type\":\"ListItem\",\"position\":3,\"name\":\"Elektriline jalgratas Eleglide M1 Plus 100km\"}]},{\"@type\":\"WebSite\",\"@id\":\"https:\/\/projekt.vombat.ee\/eco\/#website\",\"url\":\"https:\/\/projekt.vombat.ee\/eco\/\",\"name\":\"Ecocruiser\",\"description\":\"\",\"publisher\":{\"@id\":\"https:\/\/projekt.vombat.ee\/eco\/#organization\"},\"potentialAction\":[{\"@type\":\"SearchAction\",\"target\":{\"@type\":\"EntryPoint\",\"urlTemplate\":\"https:\/\/projekt.vombat.ee\/eco\/?s={search_term_string}\"},\"query-input\":{\"@type\":\"PropertyValueSpecification\",\"valueRequired\":true,\"valueName\":\"search_term_string\"}}],\"inLanguage\":\"en-GB\"},{\"@type\":\"Organization\",\"@id\":\"https:\/\/projekt.vombat.ee\/eco\/#organization\",\"name\":\"Ecocruiser\",\"url\":\"https:\/\/projekt.vombat.ee\/eco\/\",\"logo\":{\"@type\":\"ImageObject\",\"inLanguage\":\"en-GB\",\"@id\":\"https:\/\/projekt.vombat.ee\/eco\/#\/schema\/logo\/image\/\",\"url\":\"https:\/\/projekt.vombat.ee\/eco\/wp-content\/uploads\/2023\/03\/ECOCRUISER_5.png\",\"contentUrl\":\"https:\/\/projekt.vombat.ee\/eco\/wp-content\/uploads\/2023\/03\/ECOCRUISER_5.png\",\"width\":234,\"height\":91,\"caption\":\"Ecocruiser\"},\"image\":{\"@id\":\"https:\/\/projekt.vombat.ee\/eco\/#\/schema\/logo\/image\/\"}}]}<\/script>\n<!-- \/ Yoast SEO plugin. -->","yoast_head_json":{"title":"Elektriline jalgratas Eleglide M1 Plus 100km - Ecocruiser","description":"Elektriline jalgratas Eleglide M1 Plus 100km - Kvaliteetsed br\u00e4ndid, lai valik - Ecocruiser.ee - K\u00fcsimuste korral v\u00f5ta \u00fchendust info@projekt.vombat.ee","robots":{"index":"noindex","follow":"follow","max-snippet":"max-snippet:-1","max-image-preview":"max-image-preview:large","max-video-preview":"max-video-preview:-1"},"og_locale":"en_GB","og_type":"article","og_title":"Elektriline jalgratas Eleglide M1 Plus 100km - Ecocruiser","og_description":"Elektriline jalgratas Eleglide M1 Plus 100km - Kvaliteetsed br\u00e4ndid, lai valik - Ecocruiser.ee - K\u00fcsimuste korral v\u00f5ta \u00fchendust info@projekt.vombat.ee","og_url":"https:\/\/projekt.vombat.ee\/eco\/pood\/brandid\/eleglide\/elektriline-jalgratas-eleglide-m1-plus\/","og_site_name":"Ecocruiser","article_modified_time":"2024-02-02T07:15:47+00:00","og_image":[{"width":1000,"height":1000,"url":"https:\/\/projekt.vombat.ee\/eco\/wp-content\/uploads\/2023\/03\/ELEGLIDEM1PLUS.webp","type":"image\/webp"}],"twitter_card":"summary_large_image","twitter_misc":{"Estimated reading time":"2 minutes"},"schema":{"@context":"https:\/\/schema.org","@graph":[{"@type":"WebPage","@id":"https:\/\/projekt.vombat.ee\/eco\/pood\/brandid\/eleglide\/elektriline-jalgratas-eleglide-m1-plus\/","url":"https:\/\/projekt.vombat.ee\/eco\/pood\/brandid\/eleglide\/elektriline-jalgratas-eleglide-m1-plus\/","name":"Elektriline jalgratas Eleglide M1 Plus 100km - Ecocruiser","isPartOf":{"@id":"https:\/\/projekt.vombat.ee\/eco\/#website"},"primaryImageOfPage":{"@id":"https:\/\/projekt.vombat.ee\/eco\/pood\/brandid\/eleglide\/elektriline-jalgratas-eleglide-m1-plus\/#primaryimage"},"image":{"@id":"https:\/\/projekt.vombat.ee\/eco\/pood\/brandid\/eleglide\/elektriline-jalgratas-eleglide-m1-plus\/#primaryimage"},"thumbnailUrl":"https:\/\/projekt.vombat.ee\/eco\/wp-content\/uploads\/2023\/03\/ELEGLIDEM1PLUS.webp","datePublished":"2023-03-15T20:08:12+00:00","dateModified":"2024-02-02T07:15:47+00:00","description":"Elektriline jalgratas Eleglide M1 Plus 100km - Kvaliteetsed br\u00e4ndid, lai valik - Ecocruiser.ee - K\u00fcsimuste korral v\u00f5ta \u00fchendust info@projekt.vombat.ee","breadcrumb":{"@id":"https:\/\/projekt.vombat.ee\/eco\/pood\/brandid\/eleglide\/elektriline-jalgratas-eleglide-m1-plus\/#breadcrumb"},"inLanguage":"en-GB","potentialAction":[{"@type":"ReadAction","target":["https:\/\/projekt.vombat.ee\/eco\/pood\/brandid\/eleglide\/elektriline-jalgratas-eleglide-m1-plus\/"]}]},{"@type":"ImageObject","inLanguage":"en-GB","@id":"https:\/\/projekt.vombat.ee\/eco\/pood\/brandid\/eleglide\/elektriline-jalgratas-eleglide-m1-plus\/#primaryimage","url":"https:\/\/projekt.vombat.ee\/eco\/wp-content\/uploads\/2023\/03\/ELEGLIDEM1PLUS.webp","contentUrl":"https:\/\/projekt.vombat.ee\/eco\/wp-content\/uploads\/2023\/03\/ELEGLIDEM1PLUS.webp","width":1000,"height":1000,"caption":"ELEGLIDEM1PLUS"},{"@type":"BreadcrumbList","@id":"https:\/\/projekt.vombat.ee\/eco\/pood\/brandid\/eleglide\/elektriline-jalgratas-eleglide-m1-plus\/#breadcrumb","itemListElement":[{"@type":"ListItem","position":1,"name":"Home","item":"https:\/\/projekt.vombat.ee\/eco\/"},{"@type":"ListItem","position":2,"name":"Pood","item":"https:\/\/projekt.vombat.ee\/eco\/pood\/"},{"@type":"ListItem","position":3,"name":"Elektriline jalgratas Eleglide M1 Plus 100km"}]},{"@type":"WebSite","@id":"https:\/\/projekt.vombat.ee\/eco\/#website","url":"https:\/\/projekt.vombat.ee\/eco\/","name":"Ecocruiser","description":"","publisher":{"@id":"https:\/\/projekt.vombat.ee\/eco\/#organization"},"potentialAction":[{"@type":"SearchAction","target":{"@type":"EntryPoint","urlTemplate":"https:\/\/projekt.vombat.ee\/eco\/?s={search_term_string}"},"query-input":{"@type":"PropertyValueSpecification","valueRequired":true,"valueName":"search_term_string"}}],"inLanguage":"en-GB"},{"@type":"Organization","@id":"https:\/\/projekt.vombat.ee\/eco\/#organization","name":"Ecocruiser","url":"https:\/\/projekt.vombat.ee\/eco\/","logo":{"@type":"ImageObject","inLanguage":"en-GB","@id":"https:\/\/projekt.vombat.ee\/eco\/#\/schema\/logo\/image\/","url":"https:\/\/projekt.vombat.ee\/eco\/wp-content\/uploads\/2023\/03\/ECOCRUISER_5.png","contentUrl":"https:\/\/projekt.vombat.ee\/eco\/wp-content\/uploads\/2023\/03\/ECOCRUISER_5.png","width":234,"height":91,"caption":"Ecocruiser"},"image":{"@id":"https:\/\/projekt.vombat.ee\/eco\/#\/schema\/logo\/image\/"}}]}},"lang":"et","translations":{"et":6880,"fi":7289,"ru":7972},"pll_sync_post":[],"_links":{"self":[{"href":"https:\/\/projekt.vombat.ee\/eco\/wp-json\/wp\/v2\/product\/6880"}],"collection":[{"href":"https:\/\/projekt.vombat.ee\/eco\/wp-json\/wp\/v2\/product"}],"about":[{"href":"https:\/\/projekt.vombat.ee\/eco\/wp-json\/wp\/v2\/types\/product"}],"version-history":[{"count":6,"href":"https:\/\/projekt.vombat.ee\/eco\/wp-json\/wp\/v2\/product\/6880\/revisions"}],"predecessor-version":[{"id":12435,"href":"https:\/\/projekt.vombat.ee\/eco\/wp-json\/wp\/v2\/product\/6880\/revisions\/12435"}],"wp:featuredmedia":[{"embeddable":true,"href":"https:\/\/projekt.vombat.ee\/eco\/wp-json\/wp\/v2\/media\/6881"}],"wp:attachment":[{"href":"https:\/\/projekt.vombat.ee\/eco\/wp-json\/wp\/v2\/media?parent=6880"}],"wp:term":[{"taxonomy":"product_cat","embeddable":true,"href":"https:\/\/projekt.vombat.ee\/eco\/wp-json\/wp\/v2\/product_cat?post=6880"},{"taxonomy":"product_tag","embeddable":true,"href":"https:\/\/projekt.vombat.ee\/eco\/wp-json\/wp\/v2\/product_tag?post=6880"}],"curies":[{"name":"wp","href":"https:\/\/api.w.org\/{rel}","templated":true}]}}