{"id":6841,"date":"2023-03-15T19:12:09","date_gmt":"2023-03-15T19:12:09","guid":{"rendered":"https:\/\/projekt.vombat.ee\/eco\/?post_type=product&#038;p=6841"},"modified":"2024-05-02T16:38:26","modified_gmt":"2024-05-02T16:38:26","slug":"elektriline-jalgratas-eleglide-t1","status":"publish","type":"product","link":"https:\/\/projekt.vombat.ee\/eco\/pood\/brandid\/eleglide\/elektriline-jalgratas-eleglide-t1\/","title":{"rendered":"Elektriline jalgratas Eleglide T1, 100km"},"content":{"rendered":"<h3>Info<\/h3>\n<p>Br\u00e4nd: ELEGLIDE<br \/>\nMudel: T1<br \/>\nV\u00e4rv: Must<br \/>\nMaterjal: Alumiiniumi sulam<\/p>\n<h3>Spetsifikatsioon<\/h3>\n<p>Vedrustus: Mehaaniline summutus lukustusega<br \/>\nMootor:250W<br \/>\nMootori kaubam\u00e4rk: ANADA<br \/>\nAku: 450Wh, 36V 12,5Ah tugikaitses\u00fcsteem<br \/>\nMaksimaalne vahemik: 100 km (abire\u017eiim)<br \/>\nMaksimum kiirus: 25 km\/h<br \/>\nLaadija v\u00e4ljund: 42V 2A<br \/>\nLaadimisaeg: 4-6h<br \/>\nK\u00e4iguvahetaja: Shimano Gear 7 kiirust (tagumine)<br \/>\nMaksimaalne koormus:120 kg<br \/>\nSoovitatav jalgratturite pikkus: 160\u2013200 cm (5,25\u20136,56 jalga)<br \/>\nSadula k\u00f5rgus: 825-1000 mm<br \/>\nVeekindluse m\u00e4\u00e4r:IPX4<br \/>\nPiduris\u00fcsteem: Eesmised ja tagumised ketaspidurid + automaatse v\u00e4ljal\u00fclituse disain<br \/>\nEsi- ja tagapidur:Mehaaniline ketas-160 mm rootor<br \/>\nRehvid: CST 27,5&#8243;*2,1&#8243; \u00f5hkrehvid<br \/>\nKahvel:H\u00fcdraulika lukustus-80 mm k\u00e4iguga<br \/>\nKuva: 3,5&#8243; LCD<\/p>\n<h3>5 Kiirusre\u017eiimi Kaal ja suurus<\/h3>\n<p>Kiirus 1: 12 km\/h<br \/>\nKiirus 2: 16 km\/h<br \/>\nKiirus 3: 20 km\/h<br \/>\nKiirus 4: 23 km\/h<br \/>\nKiirus 5: 25 km\/h<\/p>\n<p>T\u00e4ismass: 30,5KG<br \/>\nNetokaal: 26KG<br \/>\nSuurus: 179x68x112cm<br \/>\nLenksu laius: 66cm<\/p>\n<h3>Paki sisu<\/h3>\n<p>1x E-Bike<br \/>\n2 x pedaalid (parem ja vasak)<br \/>\n1x laadija<br \/>\n1 x t\u00f6\u00f6riistakomplekt<br \/>\n2 x V\u00f5tmed<br \/>\n1 x kodaraga helkur<br \/>\n1x tagatuli<br \/>\n1x Esituli<br \/>\n1x LCD ekraan<br \/>\n1 x kasutusjuhend<\/p>\n","protected":false},"excerpt":{"rendered":"<p><strong>ELEKTRILINE JALGRATAS ELEGLIDE T1<\/strong><\/p>\n<p>&nbsp;<\/p>\n<ul>\n<li><strong>S\u00f5iduulatus:\u00a0<\/strong>kuni 100km<\/li>\n<li><strong>Aku: <\/strong>36V 12,5Ah<\/li>\n<li><strong>Laadimisaeg:<\/strong> 4-6h<\/li>\n<li><strong>Kaal:<\/strong> 26kg<\/li>\n<li><strong>V\u00f5imsus:<\/strong> 250W<\/li>\n<\/ul>\n<p>\u2666\u00a0<strong>Tarneaeg<\/strong>\u00a03-8 p\u00e4eva<br \/>\n\u2666\u00a0<strong>Laos<\/strong><\/p>\n","protected":false},"featured_media":6844,"template":"","meta":[],"product_cat":[52,901,903,905],"product_tag":[],"class_list":{"0":"post-6841","1":"product","2":"type-product","3":"status-publish","4":"has-post-thumbnail","6":"product_cat-elektrirattad","7":"product_cat-eleglide","8":"product_cat-linnarattad","9":"product_cat-maastikurattad","10":"product_shipping_class-suured-pakid","12":"first","13":"instock","14":"sale","15":"taxable","16":"shipping-taxable","17":"purchasable","18":"product-type-simple"},"yoast_head":"<!-- This site is optimized with the Yoast SEO plugin v23.8 - https:\/\/yoast.com\/wordpress\/plugins\/seo\/ -->\n<title>Elektriline jalgratas Eleglide T1, 100km - Ecocruiser<\/title>\n<meta name=\"description\" content=\"Elektriline jalgratas Eleglide T1, 100km - Kvaliteetsed br\u00e4ndid, lai valik - Ecocruiser.ee - K\u00fcsimuste korral v\u00f5ta \u00fchendust info@projekt.vombat.ee\" \/>\n<meta name=\"robots\" content=\"noindex, follow, max-snippet:-1, max-image-preview:large, max-video-preview:-1\" \/>\n<meta property=\"og:locale\" content=\"en_GB\" \/>\n<meta property=\"og:type\" content=\"article\" \/>\n<meta property=\"og:title\" content=\"Elektriline jalgratas Eleglide T1, 100km - Ecocruiser\" \/>\n<meta property=\"og:description\" content=\"Elektriline jalgratas Eleglide T1, 100km - Kvaliteetsed br\u00e4ndid, lai valik - Ecocruiser.ee - K\u00fcsimuste korral v\u00f5ta \u00fchendust info@projekt.vombat.ee\" \/>\n<meta property=\"og:url\" content=\"https:\/\/projekt.vombat.ee\/eco\/pood\/brandid\/eleglide\/elektriline-jalgratas-eleglide-t1\/\" \/>\n<meta property=\"og:site_name\" content=\"Ecocruiser\" \/>\n<meta property=\"article:modified_time\" content=\"2024-05-02T16:38:26+00:00\" \/>\n<meta property=\"og:image\" content=\"https:\/\/projekt.vombat.ee\/eco\/wp-content\/uploads\/2023\/03\/Eleglide-T1.webp\" \/>\n\t<meta property=\"og:image:width\" content=\"1000\" \/>\n\t<meta property=\"og:image:height\" content=\"1000\" \/>\n\t<meta property=\"og:image:type\" content=\"image\/webp\" \/>\n<meta name=\"twitter:card\" content=\"summary_large_image\" \/>\n<meta name=\"twitter:label1\" content=\"Estimated reading time\" \/>\n\t<meta name=\"twitter:data1\" content=\"2 minutes\" \/>\n<script type=\"application\/ld+json\" class=\"yoast-schema-graph\">{\"@context\":\"https:\/\/schema.org\",\"@graph\":[{\"@type\":\"WebPage\",\"@id\":\"https:\/\/projekt.vombat.ee\/eco\/pood\/brandid\/eleglide\/elektriline-jalgratas-eleglide-t1\/\",\"url\":\"https:\/\/projekt.vombat.ee\/eco\/pood\/brandid\/eleglide\/elektriline-jalgratas-eleglide-t1\/\",\"name\":\"Elektriline jalgratas Eleglide T1, 100km - Ecocruiser\",\"isPartOf\":{\"@id\":\"https:\/\/projekt.vombat.ee\/eco\/#website\"},\"primaryImageOfPage\":{\"@id\":\"https:\/\/projekt.vombat.ee\/eco\/pood\/brandid\/eleglide\/elektriline-jalgratas-eleglide-t1\/#primaryimage\"},\"image\":{\"@id\":\"https:\/\/projekt.vombat.ee\/eco\/pood\/brandid\/eleglide\/elektriline-jalgratas-eleglide-t1\/#primaryimage\"},\"thumbnailUrl\":\"https:\/\/projekt.vombat.ee\/eco\/wp-content\/uploads\/2023\/03\/Eleglide-T1.webp\",\"datePublished\":\"2023-03-15T19:12:09+00:00\",\"dateModified\":\"2024-05-02T16:38:26+00:00\",\"description\":\"Elektriline jalgratas Eleglide T1, 100km - Kvaliteetsed br\u00e4ndid, lai valik - Ecocruiser.ee - K\u00fcsimuste korral v\u00f5ta \u00fchendust info@projekt.vombat.ee\",\"breadcrumb\":{\"@id\":\"https:\/\/projekt.vombat.ee\/eco\/pood\/brandid\/eleglide\/elektriline-jalgratas-eleglide-t1\/#breadcrumb\"},\"inLanguage\":\"en-GB\",\"potentialAction\":[{\"@type\":\"ReadAction\",\"target\":[\"https:\/\/projekt.vombat.ee\/eco\/pood\/brandid\/eleglide\/elektriline-jalgratas-eleglide-t1\/\"]}]},{\"@type\":\"ImageObject\",\"inLanguage\":\"en-GB\",\"@id\":\"https:\/\/projekt.vombat.ee\/eco\/pood\/brandid\/eleglide\/elektriline-jalgratas-eleglide-t1\/#primaryimage\",\"url\":\"https:\/\/projekt.vombat.ee\/eco\/wp-content\/uploads\/2023\/03\/Eleglide-T1.webp\",\"contentUrl\":\"https:\/\/projekt.vombat.ee\/eco\/wp-content\/uploads\/2023\/03\/Eleglide-T1.webp\",\"width\":1000,\"height\":1000,\"caption\":\"Eleglide T1\"},{\"@type\":\"BreadcrumbList\",\"@id\":\"https:\/\/projekt.vombat.ee\/eco\/pood\/brandid\/eleglide\/elektriline-jalgratas-eleglide-t1\/#breadcrumb\",\"itemListElement\":[{\"@type\":\"ListItem\",\"position\":1,\"name\":\"Home\",\"item\":\"https:\/\/projekt.vombat.ee\/eco\/\"},{\"@type\":\"ListItem\",\"position\":2,\"name\":\"Pood\",\"item\":\"https:\/\/projekt.vombat.ee\/eco\/pood\/\"},{\"@type\":\"ListItem\",\"position\":3,\"name\":\"Elektriline jalgratas Eleglide T1, 100km\"}]},{\"@type\":\"WebSite\",\"@id\":\"https:\/\/projekt.vombat.ee\/eco\/#website\",\"url\":\"https:\/\/projekt.vombat.ee\/eco\/\",\"name\":\"Ecocruiser\",\"description\":\"\",\"publisher\":{\"@id\":\"https:\/\/projekt.vombat.ee\/eco\/#organization\"},\"potentialAction\":[{\"@type\":\"SearchAction\",\"target\":{\"@type\":\"EntryPoint\",\"urlTemplate\":\"https:\/\/projekt.vombat.ee\/eco\/?s={search_term_string}\"},\"query-input\":{\"@type\":\"PropertyValueSpecification\",\"valueRequired\":true,\"valueName\":\"search_term_string\"}}],\"inLanguage\":\"en-GB\"},{\"@type\":\"Organization\",\"@id\":\"https:\/\/projekt.vombat.ee\/eco\/#organization\",\"name\":\"Ecocruiser\",\"url\":\"https:\/\/projekt.vombat.ee\/eco\/\",\"logo\":{\"@type\":\"ImageObject\",\"inLanguage\":\"en-GB\",\"@id\":\"https:\/\/projekt.vombat.ee\/eco\/#\/schema\/logo\/image\/\",\"url\":\"https:\/\/projekt.vombat.ee\/eco\/wp-content\/uploads\/2023\/03\/ECOCRUISER_5.png\",\"contentUrl\":\"https:\/\/projekt.vombat.ee\/eco\/wp-content\/uploads\/2023\/03\/ECOCRUISER_5.png\",\"width\":234,\"height\":91,\"caption\":\"Ecocruiser\"},\"image\":{\"@id\":\"https:\/\/projekt.vombat.ee\/eco\/#\/schema\/logo\/image\/\"}}]}<\/script>\n<!-- \/ Yoast SEO plugin. -->","yoast_head_json":{"title":"Elektriline jalgratas Eleglide T1, 100km - Ecocruiser","description":"Elektriline jalgratas Eleglide T1, 100km - Kvaliteetsed br\u00e4ndid, lai valik - Ecocruiser.ee - K\u00fcsimuste korral v\u00f5ta \u00fchendust info@projekt.vombat.ee","robots":{"index":"noindex","follow":"follow","max-snippet":"max-snippet:-1","max-image-preview":"max-image-preview:large","max-video-preview":"max-video-preview:-1"},"og_locale":"en_GB","og_type":"article","og_title":"Elektriline jalgratas Eleglide T1, 100km - Ecocruiser","og_description":"Elektriline jalgratas Eleglide T1, 100km - Kvaliteetsed br\u00e4ndid, lai valik - Ecocruiser.ee - K\u00fcsimuste korral v\u00f5ta \u00fchendust info@projekt.vombat.ee","og_url":"https:\/\/projekt.vombat.ee\/eco\/pood\/brandid\/eleglide\/elektriline-jalgratas-eleglide-t1\/","og_site_name":"Ecocruiser","article_modified_time":"2024-05-02T16:38:26+00:00","og_image":[{"width":1000,"height":1000,"url":"https:\/\/projekt.vombat.ee\/eco\/wp-content\/uploads\/2023\/03\/Eleglide-T1.webp","type":"image\/webp"}],"twitter_card":"summary_large_image","twitter_misc":{"Estimated reading time":"2 minutes"},"schema":{"@context":"https:\/\/schema.org","@graph":[{"@type":"WebPage","@id":"https:\/\/projekt.vombat.ee\/eco\/pood\/brandid\/eleglide\/elektriline-jalgratas-eleglide-t1\/","url":"https:\/\/projekt.vombat.ee\/eco\/pood\/brandid\/eleglide\/elektriline-jalgratas-eleglide-t1\/","name":"Elektriline jalgratas Eleglide T1, 100km - Ecocruiser","isPartOf":{"@id":"https:\/\/projekt.vombat.ee\/eco\/#website"},"primaryImageOfPage":{"@id":"https:\/\/projekt.vombat.ee\/eco\/pood\/brandid\/eleglide\/elektriline-jalgratas-eleglide-t1\/#primaryimage"},"image":{"@id":"https:\/\/projekt.vombat.ee\/eco\/pood\/brandid\/eleglide\/elektriline-jalgratas-eleglide-t1\/#primaryimage"},"thumbnailUrl":"https:\/\/projekt.vombat.ee\/eco\/wp-content\/uploads\/2023\/03\/Eleglide-T1.webp","datePublished":"2023-03-15T19:12:09+00:00","dateModified":"2024-05-02T16:38:26+00:00","description":"Elektriline jalgratas Eleglide T1, 100km - Kvaliteetsed br\u00e4ndid, lai valik - Ecocruiser.ee - K\u00fcsimuste korral v\u00f5ta \u00fchendust info@projekt.vombat.ee","breadcrumb":{"@id":"https:\/\/projekt.vombat.ee\/eco\/pood\/brandid\/eleglide\/elektriline-jalgratas-eleglide-t1\/#breadcrumb"},"inLanguage":"en-GB","potentialAction":[{"@type":"ReadAction","target":["https:\/\/projekt.vombat.ee\/eco\/pood\/brandid\/eleglide\/elektriline-jalgratas-eleglide-t1\/"]}]},{"@type":"ImageObject","inLanguage":"en-GB","@id":"https:\/\/projekt.vombat.ee\/eco\/pood\/brandid\/eleglide\/elektriline-jalgratas-eleglide-t1\/#primaryimage","url":"https:\/\/projekt.vombat.ee\/eco\/wp-content\/uploads\/2023\/03\/Eleglide-T1.webp","contentUrl":"https:\/\/projekt.vombat.ee\/eco\/wp-content\/uploads\/2023\/03\/Eleglide-T1.webp","width":1000,"height":1000,"caption":"Eleglide T1"},{"@type":"BreadcrumbList","@id":"https:\/\/projekt.vombat.ee\/eco\/pood\/brandid\/eleglide\/elektriline-jalgratas-eleglide-t1\/#breadcrumb","itemListElement":[{"@type":"ListItem","position":1,"name":"Home","item":"https:\/\/projekt.vombat.ee\/eco\/"},{"@type":"ListItem","position":2,"name":"Pood","item":"https:\/\/projekt.vombat.ee\/eco\/pood\/"},{"@type":"ListItem","position":3,"name":"Elektriline jalgratas Eleglide T1, 100km"}]},{"@type":"WebSite","@id":"https:\/\/projekt.vombat.ee\/eco\/#website","url":"https:\/\/projekt.vombat.ee\/eco\/","name":"Ecocruiser","description":"","publisher":{"@id":"https:\/\/projekt.vombat.ee\/eco\/#organization"},"potentialAction":[{"@type":"SearchAction","target":{"@type":"EntryPoint","urlTemplate":"https:\/\/projekt.vombat.ee\/eco\/?s={search_term_string}"},"query-input":{"@type":"PropertyValueSpecification","valueRequired":true,"valueName":"search_term_string"}}],"inLanguage":"en-GB"},{"@type":"Organization","@id":"https:\/\/projekt.vombat.ee\/eco\/#organization","name":"Ecocruiser","url":"https:\/\/projekt.vombat.ee\/eco\/","logo":{"@type":"ImageObject","inLanguage":"en-GB","@id":"https:\/\/projekt.vombat.ee\/eco\/#\/schema\/logo\/image\/","url":"https:\/\/projekt.vombat.ee\/eco\/wp-content\/uploads\/2023\/03\/ECOCRUISER_5.png","contentUrl":"https:\/\/projekt.vombat.ee\/eco\/wp-content\/uploads\/2023\/03\/ECOCRUISER_5.png","width":234,"height":91,"caption":"Ecocruiser"},"image":{"@id":"https:\/\/projekt.vombat.ee\/eco\/#\/schema\/logo\/image\/"}}]}},"lang":"et","translations":{"et":6841,"fi":7319,"ru":7903},"pll_sync_post":[],"_links":{"self":[{"href":"https:\/\/projekt.vombat.ee\/eco\/wp-json\/wp\/v2\/product\/6841"}],"collection":[{"href":"https:\/\/projekt.vombat.ee\/eco\/wp-json\/wp\/v2\/product"}],"about":[{"href":"https:\/\/projekt.vombat.ee\/eco\/wp-json\/wp\/v2\/types\/product"}],"version-history":[{"count":7,"href":"https:\/\/projekt.vombat.ee\/eco\/wp-json\/wp\/v2\/product\/6841\/revisions"}],"predecessor-version":[{"id":16765,"href":"https:\/\/projekt.vombat.ee\/eco\/wp-json\/wp\/v2\/product\/6841\/revisions\/16765"}],"wp:featuredmedia":[{"embeddable":true,"href":"https:\/\/projekt.vombat.ee\/eco\/wp-json\/wp\/v2\/media\/6844"}],"wp:attachment":[{"href":"https:\/\/projekt.vombat.ee\/eco\/wp-json\/wp\/v2\/media?parent=6841"}],"wp:term":[{"taxonomy":"product_cat","embeddable":true,"href":"https:\/\/projekt.vombat.ee\/eco\/wp-json\/wp\/v2\/product_cat?post=6841"},{"taxonomy":"product_tag","embeddable":true,"href":"https:\/\/projekt.vombat.ee\/eco\/wp-json\/wp\/v2\/product_tag?post=6841"}],"curies":[{"name":"wp","href":"https:\/\/api.w.org\/{rel}","templated":true}]}}