{"id":6660,"date":"2023-03-13T10:06:38","date_gmt":"2023-03-13T10:06:38","guid":{"rendered":"https:\/\/projekt.vombat.ee\/eco\/?post_type=product&#038;p=6660"},"modified":"2024-05-26T18:58:43","modified_gmt":"2024-05-26T18:58:43","slug":"estepon-s9-elektriline-toukeratas-60km","status":"publish","type":"product","link":"https:\/\/projekt.vombat.ee\/eco\/pood\/brandid\/estepon\/estepon-s9-elektriline-toukeratas-60km\/","title":{"rendered":"Estepon S9 Pro elektriline t\u00f5ukeratas 60km"},"content":{"rendered":"<h1>Estepon S9 Pro<\/h1>\n<div class=\"youtube responsive-embed wp-embed\"><iframe title=\"S9 Plus Rocket Electric Scooter: Experience the Speed and Passion!\" width=\"1778\" height=\"1000\" src=\"https:\/\/www.youtube.com\/embed\/eW_LcY3uZBo?feature=oembed&#038;enablejsapi=1&#038;rel=0&#038;showinfo=0&#038;color=white\" frameborder=\"0\" allow=\"accelerometer; autoplay; clipboard-write; encrypted-media; gyroscope; picture-in-picture; web-share\" referrerpolicy=\"strict-origin-when-cross-origin\" allowfullscreen><\/iframe><\/div>\n<h1><img decoding=\"async\" src=\"https:\/\/i.gyazo.com\/c5afb036311898db471b141341c39d31.jpg\" \/><\/h1>\n<p><strong>Estepon S9<\/strong> <strong>Pro<\/strong> on 600 W v\u00f5imsusega mootor. Koos kontrolleriga v\u00f5imaldavad need s\u00f5ita kaldteel \u2013 kuni 35 kraadi, ilma kiirust kaotamata.<\/p>\n<h3>10-tollised rattad, kahekordsed amordid<\/h3>\n<p>Tugevad 10-tollised t\u00e4ispuhutavad rattad, vedruamortisaatorid ja libisemiskindel platvorm vastutavad teie s\u00f5idumugavuse ja ohutuse eest.<\/p>\n<h3>Topelt ketaspidurid<\/h3>\n<p>Vastupidavad topeltketaspidurid tagavad l\u00fchikese pidurdusteekonna ja annavad turvatunde.<\/p>\n<h3>T\u00e4ielik kontroll<\/h3>\n<p>LCD-ekraan annab teile juurdep\u00e4\u00e4su k\u00f5ikidele p\u00f5hiparameetritele, sealhulgas: aku tase, praegune kiirus, l\u00e4bis\u00f5it ja k\u00e4igu reguleerimine. Lisaks annab ekraan palju v\u00f5imalusi reguleerida selliseid parameetreid nagu kiirendus, maksimaalne kiirus v\u00f5i p\u00fcsikiiruse hoidja.<\/p>\n<h3>S\u00f5iduulatus kuni 60 km \u00fche laadimisega<\/h3>\n<p>T\u00e4nu intelligentsele juhtimisele kasutab 15Ah liitiumioonaku energiat t\u00f5husamalt. T\u00e4nu kiirlaadimistehnoloogiale kulub t\u00f5ukeratta t\u00e4islaadimiseks vaid 5-7 tundi.<\/p>\n<h3>Voldi see kokku ja vii kuhu iganes soovid<\/h3>\n<p>Estepon S9 Pro on kokkupandav rool, mis teeb selle lihtsaks kaasa v\u00f5tmiseks nt. oma auto pagasiruumi.<\/p>\n<h3>T\u00f5ukeratta saab Appiga \u00fchendada ja lukustada<\/h3>\n<h3><img fetchpriority=\"high\" decoding=\"async\" class=\"msub_k4 mupj_5k mjru_k4 mse2_k4 mp7g_f6 mq1m_0 mj7u_0 m7er_k4 lazyloaded\" src=\"https:\/\/a.allegroimg.com\/original\/1151a2\/cb2caad04c4e8a1eec6f372cd02c\/Hulajnoga-Elektryczna-S9-Plus-15Ah-1400W-TUV-APP-Color-yellow\" sizes=\"100vw\" srcset=\"https:\/\/a.allegroimg.com\/s360\/1151a2\/cb2caad04c4e8a1eec6f372cd02c\/Hulajnoga-Elektryczna-S9-Plus-15Ah-1400W-TUV-APP-Color-yellow 360w,https:\/\/a.allegroimg.com\/s720\/1151a2\/cb2caad04c4e8a1eec6f372cd02c\/Hulajnoga-Elektryczna-S9-Plus-15Ah-1400W-TUV-APP-Color-yellow 720w,https:\/\/a.allegroimg.com\/s1024\/1151a2\/cb2caad04c4e8a1eec6f372cd02c\/Hulajnoga-Elektryczna-S9-Plus-15Ah-1400W-TUV-APP-Color-yellow 1024w,https:\/\/a.allegroimg.com\/s1440\/1151a2\/cb2caad04c4e8a1eec6f372cd02c\/Hulajnoga-Elektryczna-S9-Plus-15Ah-1400W-TUV-APP-Color-yellow 1440w,https:\/\/a.allegroimg.com\/original\/1151a2\/cb2caad04c4e8a1eec6f372cd02c\/Hulajnoga-Elektryczna-S9-Plus-15Ah-1400W-TUV-APP-Color-yellow 2500w\" alt=\"Hulajnoga Elektryczna S9 Plus 15Ah 1400W TUV APP Color yellow\" width=\"533\" height=\"300\" data-src=\"https:\/\/a.allegroimg.com\/original\/1151a2\/cb2caad04c4e8a1eec6f372cd02c\/Hulajnoga-Elektryczna-S9-Plus-15Ah-1400W-TUV-APP-Color-yellow\" data-srcset=\"https:\/\/a.allegroimg.com\/s360\/1151a2\/cb2caad04c4e8a1eec6f372cd02c\/Hulajnoga-Elektryczna-S9-Plus-15Ah-1400W-TUV-APP-Color-yellow 360w,https:\/\/a.allegroimg.com\/s720\/1151a2\/cb2caad04c4e8a1eec6f372cd02c\/Hulajnoga-Elektryczna-S9-Plus-15Ah-1400W-TUV-APP-Color-yellow 720w,https:\/\/a.allegroimg.com\/s1024\/1151a2\/cb2caad04c4e8a1eec6f372cd02c\/Hulajnoga-Elektryczna-S9-Plus-15Ah-1400W-TUV-APP-Color-yellow 1024w,https:\/\/a.allegroimg.com\/s1440\/1151a2\/cb2caad04c4e8a1eec6f372cd02c\/Hulajnoga-Elektryczna-S9-Plus-15Ah-1400W-TUV-APP-Color-yellow 1440w,https:\/\/a.allegroimg.com\/original\/1151a2\/cb2caad04c4e8a1eec6f372cd02c\/Hulajnoga-Elektryczna-S9-Plus-15Ah-1400W-TUV-APP-Color-yellow 2500w\" \/><\/h3>\n<h3>Info<\/h3>\n<p>Avatud Suurus 117*54*126cm<br \/>\nNetokaal 22 kg<br \/>\nRehvim\u00f5\u00f5t 10 tolli maastikurehv<br \/>\nS\u00f5iduulatus 60KM<br \/>\nKiirus 25KM\/H (piirajaga)<br \/>\nNimiv\u00f5imsus 48V 600W<br \/>\nVedrustus PU vedrustus<br \/>\nAtmosf\u00e4\u00e4ri valgus Jah<br \/>\nRonimisingel 30\u00b0<br \/>\nAku mahutavus 48V 15Ah<br \/>\nLaadija parameetrid 48V 2A<br \/>\nVeekindluse tase IP54<br \/>\nLaadimisaeg 5-7H<br \/>\nesituled LED suure heledusega esituli<br \/>\ntagatuled LED<br \/>\nRakendatav valgusti k\u00f5rgus 120-200cm<br \/>\nKoormusvahemik 120 kg<br \/>\nV\u00e4rvus must, h\u00f5bedane, kollane<br \/>\nIPX5 veekindel<br \/>\nLCD-ekraan annab teile juurdep\u00e4\u00e4su k\u00f5ikidele v\u00e4listele parameetritele<\/p>\n<p><img decoding=\"async\" class=\"msub_k4 mupj_5k mjru_k4 mse2_k4 mp7g_f6 mq1m_0 mj7u_0 m7er_k4 lazyloaded\" src=\"https:\/\/a.allegroimg.com\/original\/11b2c5\/e73e89cd4554abd8078fe692d666\/Hulajnoga-Elektryczna-S9-Plus-15Ah-1400W-TUV-APP-Number-of-Wheels-2\" sizes=\"100vw\" srcset=\"https:\/\/a.allegroimg.com\/s360\/11b2c5\/e73e89cd4554abd8078fe692d666\/Hulajnoga-Elektryczna-S9-Plus-15Ah-1400W-TUV-APP-Number-of-Wheels-2 360w,https:\/\/a.allegroimg.com\/s720\/11b2c5\/e73e89cd4554abd8078fe692d666\/Hulajnoga-Elektryczna-S9-Plus-15Ah-1400W-TUV-APP-Number-of-Wheels-2 720w,https:\/\/a.allegroimg.com\/s1024\/11b2c5\/e73e89cd4554abd8078fe692d666\/Hulajnoga-Elektryczna-S9-Plus-15Ah-1400W-TUV-APP-Number-of-Wheels-2 1024w,https:\/\/a.allegroimg.com\/s1440\/11b2c5\/e73e89cd4554abd8078fe692d666\/Hulajnoga-Elektryczna-S9-Plus-15Ah-1400W-TUV-APP-Number-of-Wheels-2 1440w,https:\/\/a.allegroimg.com\/original\/11b2c5\/e73e89cd4554abd8078fe692d666\/Hulajnoga-Elektryczna-S9-Plus-15Ah-1400W-TUV-APP-Number-of-Wheels-2 2500w\" alt=\"Hulajnoga Elektryczna S9 Plus 15Ah 1400W TUV APP Number of Wheels 2\" width=\"845\" height=\"475\" data-src=\"https:\/\/a.allegroimg.com\/original\/11b2c5\/e73e89cd4554abd8078fe692d666\/Hulajnoga-Elektryczna-S9-Plus-15Ah-1400W-TUV-APP-Number-of-Wheels-2\" data-srcset=\"https:\/\/a.allegroimg.com\/s360\/11b2c5\/e73e89cd4554abd8078fe692d666\/Hulajnoga-Elektryczna-S9-Plus-15Ah-1400W-TUV-APP-Number-of-Wheels-2 360w,https:\/\/a.allegroimg.com\/s720\/11b2c5\/e73e89cd4554abd8078fe692d666\/Hulajnoga-Elektryczna-S9-Plus-15Ah-1400W-TUV-APP-Number-of-Wheels-2 720w,https:\/\/a.allegroimg.com\/s1024\/11b2c5\/e73e89cd4554abd8078fe692d666\/Hulajnoga-Elektryczna-S9-Plus-15Ah-1400W-TUV-APP-Number-of-Wheels-2 1024w,https:\/\/a.allegroimg.com\/s1440\/11b2c5\/e73e89cd4554abd8078fe692d666\/Hulajnoga-Elektryczna-S9-Plus-15Ah-1400W-TUV-APP-Number-of-Wheels-2 1440w,https:\/\/a.allegroimg.com\/original\/11b2c5\/e73e89cd4554abd8078fe692d666\/Hulajnoga-Elektryczna-S9-Plus-15Ah-1400W-TUV-APP-Number-of-Wheels-2 2500w\" \/><\/p>\n<p><img decoding=\"async\" class=\"msub_k4 mupj_5k mjru_k4 mse2_k4 mp7g_f6 mq1m_0 mj7u_0 m7er_k4 lazyloaded\" src=\"https:\/\/a.allegroimg.com\/original\/113d03\/6ada503e4100a04facdb0681a5da\/Hulajnoga-Elektryczna-S9-Plus-15Ah-1400W-TUV-APP-Additional-Features-bluetooth-special-application-meter-lighting-speedometer-folding-cruise-control-water-resistance\" sizes=\"100vw\" srcset=\"https:\/\/a.allegroimg.com\/s360\/113d03\/6ada503e4100a04facdb0681a5da\/Hulajnoga-Elektryczna-S9-Plus-15Ah-1400W-TUV-APP-Additional-Features-bluetooth-special-application-meter-lighting-speedometer-folding-cruise-control-water-resistance 360w,https:\/\/a.allegroimg.com\/s720\/113d03\/6ada503e4100a04facdb0681a5da\/Hulajnoga-Elektryczna-S9-Plus-15Ah-1400W-TUV-APP-Additional-Features-bluetooth-special-application-meter-lighting-speedometer-folding-cruise-control-water-resistance 720w,https:\/\/a.allegroimg.com\/s1024\/113d03\/6ada503e4100a04facdb0681a5da\/Hulajnoga-Elektryczna-S9-Plus-15Ah-1400W-TUV-APP-Additional-Features-bluetooth-special-application-meter-lighting-speedometer-folding-cruise-control-water-resistance 1024w,https:\/\/a.allegroimg.com\/s1440\/113d03\/6ada503e4100a04facdb0681a5da\/Hulajnoga-Elektryczna-S9-Plus-15Ah-1400W-TUV-APP-Additional-Features-bluetooth-special-application-meter-lighting-speedometer-folding-cruise-control-water-resistance 1440w,https:\/\/a.allegroimg.com\/original\/113d03\/6ada503e4100a04facdb0681a5da\/Hulajnoga-Elektryczna-S9-Plus-15Ah-1400W-TUV-APP-Additional-Features-bluetooth-special-application-meter-lighting-speedometer-folding-cruise-control-water-resistance 2500w\" alt=\"Hulajnoga Elektryczna S9 Plus 15Ah 1400W TUV APP Additional Features bluetooth special application meter lighting speedometer folding cruise control water resistance\" width=\"838\" height=\"471\" data-src=\"https:\/\/a.allegroimg.com\/original\/113d03\/6ada503e4100a04facdb0681a5da\/Hulajnoga-Elektryczna-S9-Plus-15Ah-1400W-TUV-APP-Additional-Features-bluetooth-special-application-meter-lighting-speedometer-folding-cruise-control-water-resistance\" data-srcset=\"https:\/\/a.allegroimg.com\/s360\/113d03\/6ada503e4100a04facdb0681a5da\/Hulajnoga-Elektryczna-S9-Plus-15Ah-1400W-TUV-APP-Additional-Features-bluetooth-special-application-meter-lighting-speedometer-folding-cruise-control-water-resistance 360w,https:\/\/a.allegroimg.com\/s720\/113d03\/6ada503e4100a04facdb0681a5da\/Hulajnoga-Elektryczna-S9-Plus-15Ah-1400W-TUV-APP-Additional-Features-bluetooth-special-application-meter-lighting-speedometer-folding-cruise-control-water-resistance 720w,https:\/\/a.allegroimg.com\/s1024\/113d03\/6ada503e4100a04facdb0681a5da\/Hulajnoga-Elektryczna-S9-Plus-15Ah-1400W-TUV-APP-Additional-Features-bluetooth-special-application-meter-lighting-speedometer-folding-cruise-control-water-resistance 1024w,https:\/\/a.allegroimg.com\/s1440\/113d03\/6ada503e4100a04facdb0681a5da\/Hulajnoga-Elektryczna-S9-Plus-15Ah-1400W-TUV-APP-Additional-Features-bluetooth-special-application-meter-lighting-speedometer-folding-cruise-control-water-resistance 1440w,https:\/\/a.allegroimg.com\/original\/113d03\/6ada503e4100a04facdb0681a5da\/Hulajnoga-Elektryczna-S9-Plus-15Ah-1400W-TUV-APP-Additional-Features-bluetooth-special-application-meter-lighting-speedometer-folding-cruise-control-water-resistance 2500w\" \/><\/p>\n<p><img loading=\"lazy\" decoding=\"async\" class=\"msub_k4 mupj_5k mjru_k4 mse2_k4 mp7g_f6 mq1m_0 mj7u_0 m7er_k4 lazyloaded\" src=\"https:\/\/a.allegroimg.com\/original\/110b5f\/1e227700447e9ad3b32bb24db852\/Hulajnoga-Elektryczna-S9-Plus-15Ah-1400W-TUV-APP-Model-S9-Plus-15AH-YE\" sizes=\"100vw\" srcset=\"https:\/\/a.allegroimg.com\/s360\/110b5f\/1e227700447e9ad3b32bb24db852\/Hulajnoga-Elektryczna-S9-Plus-15Ah-1400W-TUV-APP-Model-S9-Plus-15AH-YE 360w,https:\/\/a.allegroimg.com\/s720\/110b5f\/1e227700447e9ad3b32bb24db852\/Hulajnoga-Elektryczna-S9-Plus-15Ah-1400W-TUV-APP-Model-S9-Plus-15AH-YE 720w,https:\/\/a.allegroimg.com\/s1024\/110b5f\/1e227700447e9ad3b32bb24db852\/Hulajnoga-Elektryczna-S9-Plus-15Ah-1400W-TUV-APP-Model-S9-Plus-15AH-YE 1024w,https:\/\/a.allegroimg.com\/s1440\/110b5f\/1e227700447e9ad3b32bb24db852\/Hulajnoga-Elektryczna-S9-Plus-15Ah-1400W-TUV-APP-Model-S9-Plus-15AH-YE 1440w,https:\/\/a.allegroimg.com\/original\/110b5f\/1e227700447e9ad3b32bb24db852\/Hulajnoga-Elektryczna-S9-Plus-15Ah-1400W-TUV-APP-Model-S9-Plus-15AH-YE 2560w\" alt=\"Hulajnoga Elektryczna S9 Plus 15Ah 1400W TUV APP Model S9 Plus 15AH - YE\" width=\"869\" height=\"435\" data-src=\"https:\/\/a.allegroimg.com\/original\/110b5f\/1e227700447e9ad3b32bb24db852\/Hulajnoga-Elektryczna-S9-Plus-15Ah-1400W-TUV-APP-Model-S9-Plus-15AH-YE\" data-srcset=\"https:\/\/a.allegroimg.com\/s360\/110b5f\/1e227700447e9ad3b32bb24db852\/Hulajnoga-Elektryczna-S9-Plus-15Ah-1400W-TUV-APP-Model-S9-Plus-15AH-YE 360w,https:\/\/a.allegroimg.com\/s720\/110b5f\/1e227700447e9ad3b32bb24db852\/Hulajnoga-Elektryczna-S9-Plus-15Ah-1400W-TUV-APP-Model-S9-Plus-15AH-YE 720w,https:\/\/a.allegroimg.com\/s1024\/110b5f\/1e227700447e9ad3b32bb24db852\/Hulajnoga-Elektryczna-S9-Plus-15Ah-1400W-TUV-APP-Model-S9-Plus-15AH-YE 1024w,https:\/\/a.allegroimg.com\/s1440\/110b5f\/1e227700447e9ad3b32bb24db852\/Hulajnoga-Elektryczna-S9-Plus-15Ah-1400W-TUV-APP-Model-S9-Plus-15AH-YE 1440w,https:\/\/a.allegroimg.com\/original\/110b5f\/1e227700447e9ad3b32bb24db852\/Hulajnoga-Elektryczna-S9-Plus-15Ah-1400W-TUV-APP-Model-S9-Plus-15AH-YE 2560w\" \/><\/p>\n","protected":false},"excerpt":{"rendered":"<p><strong>Estepon S9 Pro<\/strong> on \u00fcli vinge elektriline t\u00f5ukeratas, mis pakub sulle mugavat ja turvalist s\u00f5itu.<\/p>\n<p>LCD-ekraan tagab t\u00e4ieliku kontrolli ja 15Ah aku v\u00f5imaldab l\u00e4bida kuni <strong>60 km<\/strong>.<\/p>\n<p>Lisaks teeb kokkupandav rool selle h\u00f5lpsaks k\u00f5ikjale kaasa v\u00f5tmiseks.<\/p>\n<p><strong>Ideaalne s\u00f5itmiseks linnas, metsateedel ja talvel.<\/strong><\/p>\n<p>&nbsp;<\/p>\n<ul>\n<li>S\u00f5iduulatus: kuni 60km<\/li>\n<li>V\u00f5imsus: 600W<\/li>\n<li>Aku mahutavus: 15Ah<\/li>\n<li>Koormusvahemik: 120 kg<\/li>\n<\/ul>\n<p><strong>\u2666 Tarneaeg 3-7 p\u00e4eva<\/strong><br \/>\n<strong>\u2666 Laos<\/strong><\/p>\n","protected":false},"featured_media":8250,"template":"","meta":[],"product_cat":[53,786,909],"product_tag":[],"class_list":{"0":"post-6660","1":"product","2":"type-product","3":"status-publish","4":"has-post-thumbnail","6":"product_cat-elektritoukerattad","7":"product_cat-estepon","8":"product_cat-linna-toukerattad","9":"product_shipping_class-suured-pakid","11":"first","12":"instock","13":"sale","14":"taxable","15":"shipping-taxable","16":"purchasable","17":"product-type-variable"},"yoast_head":"<!-- This site is optimized with the Yoast SEO plugin v23.8 - https:\/\/yoast.com\/wordpress\/plugins\/seo\/ -->\n<title>Estepon S9 Pro elektriline t\u00f5ukeratas 60km - Ecocruiser<\/title>\n<meta name=\"description\" content=\"Estepon S9 Pro on \u00fcli vinge elektriline t\u00f5ukeratas, mis pakub sulle mugavat ja turvalist s\u00f5itu. LCD-ekraan tagab t\u00e4ieliku kontrolli ja 15Ah aku v\u00f5imaldab l\u00e4bida kuni 60 km. Lisaks teeb kokkupandav rool selle h\u00f5lpsaks k\u00f5ikjale kaasa v\u00f5tmiseks.\" \/>\n<meta name=\"robots\" content=\"noindex, follow, max-snippet:-1, max-image-preview:large, max-video-preview:-1\" \/>\n<meta property=\"og:locale\" content=\"en_GB\" \/>\n<meta property=\"og:type\" content=\"article\" \/>\n<meta property=\"og:title\" content=\"Estepon S9 Pro elektriline t\u00f5ukeratas 60km - Ecocruiser\" \/>\n<meta property=\"og:description\" content=\"Estepon S9 Pro on \u00fcli vinge elektriline t\u00f5ukeratas, mis pakub sulle mugavat ja turvalist s\u00f5itu. LCD-ekraan tagab t\u00e4ieliku kontrolli ja 15Ah aku v\u00f5imaldab l\u00e4bida kuni 60 km. Lisaks teeb kokkupandav rool selle h\u00f5lpsaks k\u00f5ikjale kaasa v\u00f5tmiseks.\" \/>\n<meta property=\"og:url\" content=\"https:\/\/projekt.vombat.ee\/eco\/pood\/brandid\/estepon\/estepon-s9-elektriline-toukeratas-60km\/\" \/>\n<meta property=\"og:site_name\" content=\"Ecocruiser\" \/>\n<meta property=\"article:modified_time\" content=\"2024-05-26T18:58:43+00:00\" \/>\n<meta property=\"og:image\" content=\"https:\/\/projekt.vombat.ee\/eco\/wp-content\/uploads\/2023\/03\/010-2.jpg\" \/>\n\t<meta property=\"og:image:width\" content=\"800\" \/>\n\t<meta property=\"og:image:height\" content=\"800\" \/>\n\t<meta property=\"og:image:type\" content=\"image\/jpeg\" \/>\n<meta name=\"twitter:card\" content=\"summary_large_image\" \/>\n<meta name=\"twitter:label1\" content=\"Estimated reading time\" \/>\n\t<meta name=\"twitter:data1\" content=\"3 minutes\" \/>\n<script type=\"application\/ld+json\" class=\"yoast-schema-graph\">{\"@context\":\"https:\/\/schema.org\",\"@graph\":[{\"@type\":\"WebPage\",\"@id\":\"https:\/\/projekt.vombat.ee\/eco\/pood\/brandid\/estepon\/estepon-s9-elektriline-toukeratas-60km\/\",\"url\":\"https:\/\/projekt.vombat.ee\/eco\/pood\/brandid\/estepon\/estepon-s9-elektriline-toukeratas-60km\/\",\"name\":\"Estepon S9 Pro elektriline t\u00f5ukeratas 60km - Ecocruiser\",\"isPartOf\":{\"@id\":\"https:\/\/projekt.vombat.ee\/eco\/#website\"},\"primaryImageOfPage\":{\"@id\":\"https:\/\/projekt.vombat.ee\/eco\/pood\/brandid\/estepon\/estepon-s9-elektriline-toukeratas-60km\/#primaryimage\"},\"image\":{\"@id\":\"https:\/\/projekt.vombat.ee\/eco\/pood\/brandid\/estepon\/estepon-s9-elektriline-toukeratas-60km\/#primaryimage\"},\"thumbnailUrl\":\"https:\/\/projekt.vombat.ee\/eco\/wp-content\/uploads\/2023\/03\/010-2.jpg\",\"datePublished\":\"2023-03-13T10:06:38+00:00\",\"dateModified\":\"2024-05-26T18:58:43+00:00\",\"description\":\"Estepon S9 Pro on \u00fcli vinge elektriline t\u00f5ukeratas, mis pakub sulle mugavat ja turvalist s\u00f5itu. LCD-ekraan tagab t\u00e4ieliku kontrolli ja 15Ah aku v\u00f5imaldab l\u00e4bida kuni 60 km. Lisaks teeb kokkupandav rool selle h\u00f5lpsaks k\u00f5ikjale kaasa v\u00f5tmiseks.\",\"breadcrumb\":{\"@id\":\"https:\/\/projekt.vombat.ee\/eco\/pood\/brandid\/estepon\/estepon-s9-elektriline-toukeratas-60km\/#breadcrumb\"},\"inLanguage\":\"en-GB\",\"potentialAction\":[{\"@type\":\"ReadAction\",\"target\":[\"https:\/\/projekt.vombat.ee\/eco\/pood\/brandid\/estepon\/estepon-s9-elektriline-toukeratas-60km\/\"]}]},{\"@type\":\"ImageObject\",\"inLanguage\":\"en-GB\",\"@id\":\"https:\/\/projekt.vombat.ee\/eco\/pood\/brandid\/estepon\/estepon-s9-elektriline-toukeratas-60km\/#primaryimage\",\"url\":\"https:\/\/projekt.vombat.ee\/eco\/wp-content\/uploads\/2023\/03\/010-2.jpg\",\"contentUrl\":\"https:\/\/projekt.vombat.ee\/eco\/wp-content\/uploads\/2023\/03\/010-2.jpg\",\"width\":800,\"height\":800},{\"@type\":\"BreadcrumbList\",\"@id\":\"https:\/\/projekt.vombat.ee\/eco\/pood\/brandid\/estepon\/estepon-s9-elektriline-toukeratas-60km\/#breadcrumb\",\"itemListElement\":[{\"@type\":\"ListItem\",\"position\":1,\"name\":\"Home\",\"item\":\"https:\/\/projekt.vombat.ee\/eco\/\"},{\"@type\":\"ListItem\",\"position\":2,\"name\":\"Pood\",\"item\":\"https:\/\/projekt.vombat.ee\/eco\/pood\/\"},{\"@type\":\"ListItem\",\"position\":3,\"name\":\"Estepon S9 Pro elektriline t\u00f5ukeratas 60km\"}]},{\"@type\":\"WebSite\",\"@id\":\"https:\/\/projekt.vombat.ee\/eco\/#website\",\"url\":\"https:\/\/projekt.vombat.ee\/eco\/\",\"name\":\"Ecocruiser\",\"description\":\"\",\"publisher\":{\"@id\":\"https:\/\/projekt.vombat.ee\/eco\/#organization\"},\"potentialAction\":[{\"@type\":\"SearchAction\",\"target\":{\"@type\":\"EntryPoint\",\"urlTemplate\":\"https:\/\/projekt.vombat.ee\/eco\/?s={search_term_string}\"},\"query-input\":{\"@type\":\"PropertyValueSpecification\",\"valueRequired\":true,\"valueName\":\"search_term_string\"}}],\"inLanguage\":\"en-GB\"},{\"@type\":\"Organization\",\"@id\":\"https:\/\/projekt.vombat.ee\/eco\/#organization\",\"name\":\"Ecocruiser\",\"url\":\"https:\/\/projekt.vombat.ee\/eco\/\",\"logo\":{\"@type\":\"ImageObject\",\"inLanguage\":\"en-GB\",\"@id\":\"https:\/\/projekt.vombat.ee\/eco\/#\/schema\/logo\/image\/\",\"url\":\"https:\/\/projekt.vombat.ee\/eco\/wp-content\/uploads\/2023\/03\/ECOCRUISER_5.png\",\"contentUrl\":\"https:\/\/projekt.vombat.ee\/eco\/wp-content\/uploads\/2023\/03\/ECOCRUISER_5.png\",\"width\":234,\"height\":91,\"caption\":\"Ecocruiser\"},\"image\":{\"@id\":\"https:\/\/projekt.vombat.ee\/eco\/#\/schema\/logo\/image\/\"}}]}<\/script>\n<!-- \/ Yoast SEO plugin. -->","yoast_head_json":{"title":"Estepon S9 Pro elektriline t\u00f5ukeratas 60km - Ecocruiser","description":"Estepon S9 Pro on \u00fcli vinge elektriline t\u00f5ukeratas, mis pakub sulle mugavat ja turvalist s\u00f5itu. LCD-ekraan tagab t\u00e4ieliku kontrolli ja 15Ah aku v\u00f5imaldab l\u00e4bida kuni 60 km. Lisaks teeb kokkupandav rool selle h\u00f5lpsaks k\u00f5ikjale kaasa v\u00f5tmiseks.","robots":{"index":"noindex","follow":"follow","max-snippet":"max-snippet:-1","max-image-preview":"max-image-preview:large","max-video-preview":"max-video-preview:-1"},"og_locale":"en_GB","og_type":"article","og_title":"Estepon S9 Pro elektriline t\u00f5ukeratas 60km - Ecocruiser","og_description":"Estepon S9 Pro on \u00fcli vinge elektriline t\u00f5ukeratas, mis pakub sulle mugavat ja turvalist s\u00f5itu. LCD-ekraan tagab t\u00e4ieliku kontrolli ja 15Ah aku v\u00f5imaldab l\u00e4bida kuni 60 km. Lisaks teeb kokkupandav rool selle h\u00f5lpsaks k\u00f5ikjale kaasa v\u00f5tmiseks.","og_url":"https:\/\/projekt.vombat.ee\/eco\/pood\/brandid\/estepon\/estepon-s9-elektriline-toukeratas-60km\/","og_site_name":"Ecocruiser","article_modified_time":"2024-05-26T18:58:43+00:00","og_image":[{"width":800,"height":800,"url":"https:\/\/projekt.vombat.ee\/eco\/wp-content\/uploads\/2023\/03\/010-2.jpg","type":"image\/jpeg"}],"twitter_card":"summary_large_image","twitter_misc":{"Estimated reading time":"3 minutes"},"schema":{"@context":"https:\/\/schema.org","@graph":[{"@type":"WebPage","@id":"https:\/\/projekt.vombat.ee\/eco\/pood\/brandid\/estepon\/estepon-s9-elektriline-toukeratas-60km\/","url":"https:\/\/projekt.vombat.ee\/eco\/pood\/brandid\/estepon\/estepon-s9-elektriline-toukeratas-60km\/","name":"Estepon S9 Pro elektriline t\u00f5ukeratas 60km - Ecocruiser","isPartOf":{"@id":"https:\/\/projekt.vombat.ee\/eco\/#website"},"primaryImageOfPage":{"@id":"https:\/\/projekt.vombat.ee\/eco\/pood\/brandid\/estepon\/estepon-s9-elektriline-toukeratas-60km\/#primaryimage"},"image":{"@id":"https:\/\/projekt.vombat.ee\/eco\/pood\/brandid\/estepon\/estepon-s9-elektriline-toukeratas-60km\/#primaryimage"},"thumbnailUrl":"https:\/\/projekt.vombat.ee\/eco\/wp-content\/uploads\/2023\/03\/010-2.jpg","datePublished":"2023-03-13T10:06:38+00:00","dateModified":"2024-05-26T18:58:43+00:00","description":"Estepon S9 Pro on \u00fcli vinge elektriline t\u00f5ukeratas, mis pakub sulle mugavat ja turvalist s\u00f5itu. LCD-ekraan tagab t\u00e4ieliku kontrolli ja 15Ah aku v\u00f5imaldab l\u00e4bida kuni 60 km. Lisaks teeb kokkupandav rool selle h\u00f5lpsaks k\u00f5ikjale kaasa v\u00f5tmiseks.","breadcrumb":{"@id":"https:\/\/projekt.vombat.ee\/eco\/pood\/brandid\/estepon\/estepon-s9-elektriline-toukeratas-60km\/#breadcrumb"},"inLanguage":"en-GB","potentialAction":[{"@type":"ReadAction","target":["https:\/\/projekt.vombat.ee\/eco\/pood\/brandid\/estepon\/estepon-s9-elektriline-toukeratas-60km\/"]}]},{"@type":"ImageObject","inLanguage":"en-GB","@id":"https:\/\/projekt.vombat.ee\/eco\/pood\/brandid\/estepon\/estepon-s9-elektriline-toukeratas-60km\/#primaryimage","url":"https:\/\/projekt.vombat.ee\/eco\/wp-content\/uploads\/2023\/03\/010-2.jpg","contentUrl":"https:\/\/projekt.vombat.ee\/eco\/wp-content\/uploads\/2023\/03\/010-2.jpg","width":800,"height":800},{"@type":"BreadcrumbList","@id":"https:\/\/projekt.vombat.ee\/eco\/pood\/brandid\/estepon\/estepon-s9-elektriline-toukeratas-60km\/#breadcrumb","itemListElement":[{"@type":"ListItem","position":1,"name":"Home","item":"https:\/\/projekt.vombat.ee\/eco\/"},{"@type":"ListItem","position":2,"name":"Pood","item":"https:\/\/projekt.vombat.ee\/eco\/pood\/"},{"@type":"ListItem","position":3,"name":"Estepon S9 Pro elektriline t\u00f5ukeratas 60km"}]},{"@type":"WebSite","@id":"https:\/\/projekt.vombat.ee\/eco\/#website","url":"https:\/\/projekt.vombat.ee\/eco\/","name":"Ecocruiser","description":"","publisher":{"@id":"https:\/\/projekt.vombat.ee\/eco\/#organization"},"potentialAction":[{"@type":"SearchAction","target":{"@type":"EntryPoint","urlTemplate":"https:\/\/projekt.vombat.ee\/eco\/?s={search_term_string}"},"query-input":{"@type":"PropertyValueSpecification","valueRequired":true,"valueName":"search_term_string"}}],"inLanguage":"en-GB"},{"@type":"Organization","@id":"https:\/\/projekt.vombat.ee\/eco\/#organization","name":"Ecocruiser","url":"https:\/\/projekt.vombat.ee\/eco\/","logo":{"@type":"ImageObject","inLanguage":"en-GB","@id":"https:\/\/projekt.vombat.ee\/eco\/#\/schema\/logo\/image\/","url":"https:\/\/projekt.vombat.ee\/eco\/wp-content\/uploads\/2023\/03\/ECOCRUISER_5.png","contentUrl":"https:\/\/projekt.vombat.ee\/eco\/wp-content\/uploads\/2023\/03\/ECOCRUISER_5.png","width":234,"height":91,"caption":"Ecocruiser"},"image":{"@id":"https:\/\/projekt.vombat.ee\/eco\/#\/schema\/logo\/image\/"}}]}},"lang":"et","translations":{"et":6660,"ru":6747,"fi":7528},"pll_sync_post":[],"_links":{"self":[{"href":"https:\/\/projekt.vombat.ee\/eco\/wp-json\/wp\/v2\/product\/6660"}],"collection":[{"href":"https:\/\/projekt.vombat.ee\/eco\/wp-json\/wp\/v2\/product"}],"about":[{"href":"https:\/\/projekt.vombat.ee\/eco\/wp-json\/wp\/v2\/types\/product"}],"version-history":[{"count":11,"href":"https:\/\/projekt.vombat.ee\/eco\/wp-json\/wp\/v2\/product\/6660\/revisions"}],"predecessor-version":[{"id":17371,"href":"https:\/\/projekt.vombat.ee\/eco\/wp-json\/wp\/v2\/product\/6660\/revisions\/17371"}],"wp:featuredmedia":[{"embeddable":true,"href":"https:\/\/projekt.vombat.ee\/eco\/wp-json\/wp\/v2\/media\/8250"}],"wp:attachment":[{"href":"https:\/\/projekt.vombat.ee\/eco\/wp-json\/wp\/v2\/media?parent=6660"}],"wp:term":[{"taxonomy":"product_cat","embeddable":true,"href":"https:\/\/projekt.vombat.ee\/eco\/wp-json\/wp\/v2\/product_cat?post=6660"},{"taxonomy":"product_tag","embeddable":true,"href":"https:\/\/projekt.vombat.ee\/eco\/wp-json\/wp\/v2\/product_tag?post=6660"}],"curies":[{"name":"wp","href":"https:\/\/api.w.org\/{rel}","templated":true}]}}