{"id":6545,"date":"2023-03-12T10:49:11","date_gmt":"2023-03-12T10:49:11","guid":{"rendered":"https:\/\/projekt.vombat.ee\/eco\/?post_type=product&#038;p=6545"},"modified":"2024-08-28T06:36:58","modified_gmt":"2024-08-28T06:36:58","slug":"kugoo-kirin-s1-pro-elektriline-toukeratas-30-km","status":"publish","type":"product","link":"https:\/\/projekt.vombat.ee\/eco\/pood\/elektritoukerattad\/linna-toukerattad\/kugoo-kirin-s1-pro-elektriline-toukeratas-30-km\/","title":{"rendered":"KUGOO KIRIN S1 PRO elektriline t\u00f5ukeratas 30 km"},"content":{"rendered":"<h1>KUGOO KIRIN S1 PRO ELEKTRILINE T\u00d5UKERATAS<\/h1>\n<h3><img decoding=\"async\" src=\"https:\/\/cdn.shopify.com\/s\/files\/1\/0291\/3422\/5501\/files\/KugooKirin_S1_Pro_Desktop_Detail_1_1920x.jpg?v=1677837114%20alt=\" \/><\/h3>\n<h3>8-tolline rehv<\/h3>\n<p>Kugoo Kirin S1 Pro tagab tugeva haardumise ning aitab v\u00e4ltida ootamatuid libisemisi. See sobib erinevatele teedele.<\/p>\n<h3>3 kiirusre\u017eiimi<\/h3>\n<p>Kiirust juhid \u00fche nupuga vastavalt erinevatele teekatte oludele, mis teeb s\u00f5itmise mugavamaks ja s\u00f5itmise turvalisemaks.<\/p>\n<h3>7,5Ah aku<\/h3>\n<p>See on vastupidavam 7,5 Ah suure mahutavusega akuga.<\/p>\n<h3>350W mootor<\/h3>\n<p>Tugev v\u00f5imsus ja kaugemale jooksmine: 350W mootor, max 30km jooksudistants<\/p>\n<h3>LED-ekraan<\/h3>\n<p>H\u00e4sti valgustatud ekraan v\u00f5imaldab teil j\u00e4lgida kiirust, l\u00e4bitud vahemaad, aku kasutusaega ja l\u00e4bitud aega.<\/p>\n<h3>Ere LED-tuli ja ohutuse hoiatus tagatuli<\/h3>\n<p>Hele esituli v\u00f5ib teie teed valgustada ja punane tagatuli v\u00f5ib panna teised teid m\u00e4rkama ning m\u00f5lemad v\u00f5ivad anda teile \u00f6\u00f6sel turvalisema s\u00f5idu. Eesmise ja tagumise l\u00f6\u00f6ki leevendav amort aitab teil nautida mugavat s\u00f5itmist.<\/p>\n<h3>KUGOO S1 PRO SPETSIFIKATSIOON<\/h3>\n<p>Kiirusre\u017eiim: 15KM\/H; 25KM\/H; 30 km\/h<br \/>\nAku: 7.5Ah<br \/>\nMax L\u00e4bis\u00f5it: 30 KM (s\u00f5ltub missugune on teekond ja juhi kaal)<br \/>\nMax Kiirus: 25\/30km\/h<br \/>\nMax Koormus: 120 kg<\/p>\n<p>Tuli: esituli, tagatuli<br \/>\nAku mahutavus: 7.5Ah<br \/>\nAku pinge: 36V<br \/>\nMootori t\u00fc\u00fcp: harjadeta alalisvoolumootor<\/p>\n<p>Mootori nimiv\u00f5imsus: 350W<br \/>\nMax Mootori p\u00f6\u00f6rlemiskiirus: 700R\/min<br \/>\nMootori nimipinge: 36V<br \/>\nMax P\u00f6\u00f6rdemoment: 13,3 N.M<br \/>\nLaadimisaeg: 4h<\/p>\n<p>Veekindel: IP54<br \/>\nRonimise gradient: 15 kraadi<br \/>\nRatta suurus: 8,0-tolline tahke tagumine libisemisvastane rehv<br \/>\nPidurdusteekond: 4M<\/p>\n<p>Toote kaal: 11 kg<br \/>\nPakendi kaal: 15 kg<br \/>\nToote m\u00f5\u00f5tmed: 1050 x 450 x 930\/1070\/1160 mm (lahti voltima)<br \/>\nKokkupandav suurus: 960 x 210 x 330 mm<br \/>\nPakendi m\u00f5\u00f5dud: 1030 x 210 x 405mm<\/p>\n<p><strong>NB!<\/strong>\u00a0Elektrit\u00f5ukerattaga s\u00f5ites soovitame alati kanda\u00a0<a href=\"https:\/\/projekt.vombat.ee\/eco\/pood\/?product-cata=707\">kiivrit<\/a>. Alla 16 aastase kergliikuri jaoks on elektrit\u00f5uksiga s\u00f5idu ajal kiivri kandmine\u00a0<a href=\"https:\/\/www.riigiteataja.ee\/akt\/113112020001\">seaduse<\/a>\u00a0j\u00e4rgi kohustuslik<\/p>\n","protected":false},"excerpt":{"rendered":"<ul>\n<li>Max s\u00f5iduulatus: 30 KM<\/li>\n<li>Max Koormus: 120 kg<\/li>\n<li>Mootori v\u00f5imsus: 350W<\/li>\n<li>Laadimisaeg: 4h<\/li>\n<li>Aku: 7.5Ah<\/li>\n<\/ul>\n<p>&nbsp;<\/p>\n<p>\u2666 J\u00e4reltellimisel<br \/>\n\u2666 Laos<\/p>\n","protected":false},"featured_media":6546,"template":"","meta":[],"product_cat":[1384,53,909,59],"product_tag":[],"class_list":{"0":"post-6545","1":"product","2":"type-product","3":"status-publish","4":"has-post-thumbnail","6":"product_cat-toukerattad-noortele","7":"product_cat-elektritoukerattad","8":"product_cat-linna-toukerattad","9":"product_cat-kugoo-elektritoukerattad","10":"product_shipping_class-suured-pakid","12":"first","13":"onbackorder","14":"sale","15":"taxable","16":"shipping-taxable","17":"purchasable","18":"product-type-simple"},"yoast_head":"<!-- This site is optimized with the Yoast SEO plugin v23.8 - https:\/\/yoast.com\/wordpress\/plugins\/seo\/ -->\n<title>KUGOO KIRIN S1 PRO elektriline t\u00f5ukeratas 30 km - Ecocruiser<\/title>\n<meta name=\"description\" content=\"Kugoo Kirin S1 pro on varustatud v\u00f5imsa 350 W mootoriga ning 7,5Ah liitium-ioon akuga. \u00dche laadimisega on v\u00f5imalik s\u00f5ita kuni 30 km.\" \/>\n<meta name=\"robots\" content=\"noindex, follow, max-snippet:-1, max-image-preview:large, max-video-preview:-1\" \/>\n<meta property=\"og:locale\" content=\"en_GB\" \/>\n<meta property=\"og:type\" content=\"article\" \/>\n<meta property=\"og:title\" content=\"KUGOO KIRIN S1 PRO elektriline t\u00f5ukeratas 30 km - Ecocruiser\" \/>\n<meta property=\"og:description\" content=\"Kugoo Kirin S1 pro on varustatud v\u00f5imsa 350 W mootoriga ning 7,5Ah liitium-ioon akuga. \u00dche laadimisega on v\u00f5imalik s\u00f5ita kuni 30 km.\" \/>\n<meta property=\"og:url\" content=\"https:\/\/projekt.vombat.ee\/eco\/pood\/elektritoukerattad\/linna-toukerattad\/kugoo-kirin-s1-pro-elektriline-toukeratas-30-km\/\" \/>\n<meta property=\"og:site_name\" content=\"Ecocruiser\" \/>\n<meta property=\"article:modified_time\" content=\"2024-08-28T06:36:58+00:00\" \/>\n<meta property=\"og:image\" content=\"https:\/\/projekt.vombat.ee\/eco\/wp-content\/uploads\/2023\/03\/1-11.webp\" \/>\n\t<meta property=\"og:image:width\" content=\"1000\" \/>\n\t<meta property=\"og:image:height\" content=\"1000\" \/>\n\t<meta property=\"og:image:type\" content=\"image\/webp\" \/>\n<meta name=\"twitter:card\" content=\"summary_large_image\" \/>\n<meta name=\"twitter:label1\" content=\"Estimated reading time\" \/>\n\t<meta name=\"twitter:data1\" content=\"2 minutes\" \/>\n<script type=\"application\/ld+json\" class=\"yoast-schema-graph\">{\"@context\":\"https:\/\/schema.org\",\"@graph\":[{\"@type\":\"WebPage\",\"@id\":\"https:\/\/projekt.vombat.ee\/eco\/pood\/elektritoukerattad\/linna-toukerattad\/kugoo-kirin-s1-pro-elektriline-toukeratas-30-km\/\",\"url\":\"https:\/\/projekt.vombat.ee\/eco\/pood\/elektritoukerattad\/linna-toukerattad\/kugoo-kirin-s1-pro-elektriline-toukeratas-30-km\/\",\"name\":\"KUGOO KIRIN S1 PRO elektriline t\u00f5ukeratas 30 km - Ecocruiser\",\"isPartOf\":{\"@id\":\"https:\/\/projekt.vombat.ee\/eco\/#website\"},\"primaryImageOfPage\":{\"@id\":\"https:\/\/projekt.vombat.ee\/eco\/pood\/elektritoukerattad\/linna-toukerattad\/kugoo-kirin-s1-pro-elektriline-toukeratas-30-km\/#primaryimage\"},\"image\":{\"@id\":\"https:\/\/projekt.vombat.ee\/eco\/pood\/elektritoukerattad\/linna-toukerattad\/kugoo-kirin-s1-pro-elektriline-toukeratas-30-km\/#primaryimage\"},\"thumbnailUrl\":\"https:\/\/projekt.vombat.ee\/eco\/wp-content\/uploads\/2023\/03\/1-11.webp\",\"datePublished\":\"2023-03-12T10:49:11+00:00\",\"dateModified\":\"2024-08-28T06:36:58+00:00\",\"description\":\"Kugoo Kirin S1 pro on varustatud v\u00f5imsa 350 W mootoriga ning 7,5Ah liitium-ioon akuga. \u00dche laadimisega on v\u00f5imalik s\u00f5ita kuni 30 km.\",\"breadcrumb\":{\"@id\":\"https:\/\/projekt.vombat.ee\/eco\/pood\/elektritoukerattad\/linna-toukerattad\/kugoo-kirin-s1-pro-elektriline-toukeratas-30-km\/#breadcrumb\"},\"inLanguage\":\"en-GB\",\"potentialAction\":[{\"@type\":\"ReadAction\",\"target\":[\"https:\/\/projekt.vombat.ee\/eco\/pood\/elektritoukerattad\/linna-toukerattad\/kugoo-kirin-s1-pro-elektriline-toukeratas-30-km\/\"]}]},{\"@type\":\"ImageObject\",\"inLanguage\":\"en-GB\",\"@id\":\"https:\/\/projekt.vombat.ee\/eco\/pood\/elektritoukerattad\/linna-toukerattad\/kugoo-kirin-s1-pro-elektriline-toukeratas-30-km\/#primaryimage\",\"url\":\"https:\/\/projekt.vombat.ee\/eco\/wp-content\/uploads\/2023\/03\/1-11.webp\",\"contentUrl\":\"https:\/\/projekt.vombat.ee\/eco\/wp-content\/uploads\/2023\/03\/1-11.webp\",\"width\":1000,\"height\":1000,\"caption\":\"KUGOO KIRIN S1 PRO\"},{\"@type\":\"BreadcrumbList\",\"@id\":\"https:\/\/projekt.vombat.ee\/eco\/pood\/elektritoukerattad\/linna-toukerattad\/kugoo-kirin-s1-pro-elektriline-toukeratas-30-km\/#breadcrumb\",\"itemListElement\":[{\"@type\":\"ListItem\",\"position\":1,\"name\":\"Home\",\"item\":\"https:\/\/projekt.vombat.ee\/eco\/\"},{\"@type\":\"ListItem\",\"position\":2,\"name\":\"Pood\",\"item\":\"https:\/\/projekt.vombat.ee\/eco\/pood\/\"},{\"@type\":\"ListItem\",\"position\":3,\"name\":\"KUGOO KIRIN S1 PRO elektriline t\u00f5ukeratas 30 km\"}]},{\"@type\":\"WebSite\",\"@id\":\"https:\/\/projekt.vombat.ee\/eco\/#website\",\"url\":\"https:\/\/projekt.vombat.ee\/eco\/\",\"name\":\"Ecocruiser\",\"description\":\"\",\"publisher\":{\"@id\":\"https:\/\/projekt.vombat.ee\/eco\/#organization\"},\"potentialAction\":[{\"@type\":\"SearchAction\",\"target\":{\"@type\":\"EntryPoint\",\"urlTemplate\":\"https:\/\/projekt.vombat.ee\/eco\/?s={search_term_string}\"},\"query-input\":{\"@type\":\"PropertyValueSpecification\",\"valueRequired\":true,\"valueName\":\"search_term_string\"}}],\"inLanguage\":\"en-GB\"},{\"@type\":\"Organization\",\"@id\":\"https:\/\/projekt.vombat.ee\/eco\/#organization\",\"name\":\"Ecocruiser\",\"url\":\"https:\/\/projekt.vombat.ee\/eco\/\",\"logo\":{\"@type\":\"ImageObject\",\"inLanguage\":\"en-GB\",\"@id\":\"https:\/\/projekt.vombat.ee\/eco\/#\/schema\/logo\/image\/\",\"url\":\"https:\/\/projekt.vombat.ee\/eco\/wp-content\/uploads\/2023\/03\/ECOCRUISER_5.png\",\"contentUrl\":\"https:\/\/projekt.vombat.ee\/eco\/wp-content\/uploads\/2023\/03\/ECOCRUISER_5.png\",\"width\":234,\"height\":91,\"caption\":\"Ecocruiser\"},\"image\":{\"@id\":\"https:\/\/projekt.vombat.ee\/eco\/#\/schema\/logo\/image\/\"}}]}<\/script>\n<!-- \/ Yoast SEO plugin. -->","yoast_head_json":{"title":"KUGOO KIRIN S1 PRO elektriline t\u00f5ukeratas 30 km - Ecocruiser","description":"Kugoo Kirin S1 pro on varustatud v\u00f5imsa 350 W mootoriga ning 7,5Ah liitium-ioon akuga. \u00dche laadimisega on v\u00f5imalik s\u00f5ita kuni 30 km.","robots":{"index":"noindex","follow":"follow","max-snippet":"max-snippet:-1","max-image-preview":"max-image-preview:large","max-video-preview":"max-video-preview:-1"},"og_locale":"en_GB","og_type":"article","og_title":"KUGOO KIRIN S1 PRO elektriline t\u00f5ukeratas 30 km - Ecocruiser","og_description":"Kugoo Kirin S1 pro on varustatud v\u00f5imsa 350 W mootoriga ning 7,5Ah liitium-ioon akuga. \u00dche laadimisega on v\u00f5imalik s\u00f5ita kuni 30 km.","og_url":"https:\/\/projekt.vombat.ee\/eco\/pood\/elektritoukerattad\/linna-toukerattad\/kugoo-kirin-s1-pro-elektriline-toukeratas-30-km\/","og_site_name":"Ecocruiser","article_modified_time":"2024-08-28T06:36:58+00:00","og_image":[{"width":1000,"height":1000,"url":"https:\/\/projekt.vombat.ee\/eco\/wp-content\/uploads\/2023\/03\/1-11.webp","type":"image\/webp"}],"twitter_card":"summary_large_image","twitter_misc":{"Estimated reading time":"2 minutes"},"schema":{"@context":"https:\/\/schema.org","@graph":[{"@type":"WebPage","@id":"https:\/\/projekt.vombat.ee\/eco\/pood\/elektritoukerattad\/linna-toukerattad\/kugoo-kirin-s1-pro-elektriline-toukeratas-30-km\/","url":"https:\/\/projekt.vombat.ee\/eco\/pood\/elektritoukerattad\/linna-toukerattad\/kugoo-kirin-s1-pro-elektriline-toukeratas-30-km\/","name":"KUGOO KIRIN S1 PRO elektriline t\u00f5ukeratas 30 km - Ecocruiser","isPartOf":{"@id":"https:\/\/projekt.vombat.ee\/eco\/#website"},"primaryImageOfPage":{"@id":"https:\/\/projekt.vombat.ee\/eco\/pood\/elektritoukerattad\/linna-toukerattad\/kugoo-kirin-s1-pro-elektriline-toukeratas-30-km\/#primaryimage"},"image":{"@id":"https:\/\/projekt.vombat.ee\/eco\/pood\/elektritoukerattad\/linna-toukerattad\/kugoo-kirin-s1-pro-elektriline-toukeratas-30-km\/#primaryimage"},"thumbnailUrl":"https:\/\/projekt.vombat.ee\/eco\/wp-content\/uploads\/2023\/03\/1-11.webp","datePublished":"2023-03-12T10:49:11+00:00","dateModified":"2024-08-28T06:36:58+00:00","description":"Kugoo Kirin S1 pro on varustatud v\u00f5imsa 350 W mootoriga ning 7,5Ah liitium-ioon akuga. \u00dche laadimisega on v\u00f5imalik s\u00f5ita kuni 30 km.","breadcrumb":{"@id":"https:\/\/projekt.vombat.ee\/eco\/pood\/elektritoukerattad\/linna-toukerattad\/kugoo-kirin-s1-pro-elektriline-toukeratas-30-km\/#breadcrumb"},"inLanguage":"en-GB","potentialAction":[{"@type":"ReadAction","target":["https:\/\/projekt.vombat.ee\/eco\/pood\/elektritoukerattad\/linna-toukerattad\/kugoo-kirin-s1-pro-elektriline-toukeratas-30-km\/"]}]},{"@type":"ImageObject","inLanguage":"en-GB","@id":"https:\/\/projekt.vombat.ee\/eco\/pood\/elektritoukerattad\/linna-toukerattad\/kugoo-kirin-s1-pro-elektriline-toukeratas-30-km\/#primaryimage","url":"https:\/\/projekt.vombat.ee\/eco\/wp-content\/uploads\/2023\/03\/1-11.webp","contentUrl":"https:\/\/projekt.vombat.ee\/eco\/wp-content\/uploads\/2023\/03\/1-11.webp","width":1000,"height":1000,"caption":"KUGOO KIRIN S1 PRO"},{"@type":"BreadcrumbList","@id":"https:\/\/projekt.vombat.ee\/eco\/pood\/elektritoukerattad\/linna-toukerattad\/kugoo-kirin-s1-pro-elektriline-toukeratas-30-km\/#breadcrumb","itemListElement":[{"@type":"ListItem","position":1,"name":"Home","item":"https:\/\/projekt.vombat.ee\/eco\/"},{"@type":"ListItem","position":2,"name":"Pood","item":"https:\/\/projekt.vombat.ee\/eco\/pood\/"},{"@type":"ListItem","position":3,"name":"KUGOO KIRIN S1 PRO elektriline t\u00f5ukeratas 30 km"}]},{"@type":"WebSite","@id":"https:\/\/projekt.vombat.ee\/eco\/#website","url":"https:\/\/projekt.vombat.ee\/eco\/","name":"Ecocruiser","description":"","publisher":{"@id":"https:\/\/projekt.vombat.ee\/eco\/#organization"},"potentialAction":[{"@type":"SearchAction","target":{"@type":"EntryPoint","urlTemplate":"https:\/\/projekt.vombat.ee\/eco\/?s={search_term_string}"},"query-input":{"@type":"PropertyValueSpecification","valueRequired":true,"valueName":"search_term_string"}}],"inLanguage":"en-GB"},{"@type":"Organization","@id":"https:\/\/projekt.vombat.ee\/eco\/#organization","name":"Ecocruiser","url":"https:\/\/projekt.vombat.ee\/eco\/","logo":{"@type":"ImageObject","inLanguage":"en-GB","@id":"https:\/\/projekt.vombat.ee\/eco\/#\/schema\/logo\/image\/","url":"https:\/\/projekt.vombat.ee\/eco\/wp-content\/uploads\/2023\/03\/ECOCRUISER_5.png","contentUrl":"https:\/\/projekt.vombat.ee\/eco\/wp-content\/uploads\/2023\/03\/ECOCRUISER_5.png","width":234,"height":91,"caption":"Ecocruiser"},"image":{"@id":"https:\/\/projekt.vombat.ee\/eco\/#\/schema\/logo\/image\/"}}]}},"lang":"et","translations":{"et":6545,"ru":6558,"fr":17055},"pll_sync_post":[],"_links":{"self":[{"href":"https:\/\/projekt.vombat.ee\/eco\/wp-json\/wp\/v2\/product\/6545"}],"collection":[{"href":"https:\/\/projekt.vombat.ee\/eco\/wp-json\/wp\/v2\/product"}],"about":[{"href":"https:\/\/projekt.vombat.ee\/eco\/wp-json\/wp\/v2\/types\/product"}],"version-history":[{"count":7,"href":"https:\/\/projekt.vombat.ee\/eco\/wp-json\/wp\/v2\/product\/6545\/revisions"}],"predecessor-version":[{"id":21169,"href":"https:\/\/projekt.vombat.ee\/eco\/wp-json\/wp\/v2\/product\/6545\/revisions\/21169"}],"wp:featuredmedia":[{"embeddable":true,"href":"https:\/\/projekt.vombat.ee\/eco\/wp-json\/wp\/v2\/media\/6546"}],"wp:attachment":[{"href":"https:\/\/projekt.vombat.ee\/eco\/wp-json\/wp\/v2\/media?parent=6545"}],"wp:term":[{"taxonomy":"product_cat","embeddable":true,"href":"https:\/\/projekt.vombat.ee\/eco\/wp-json\/wp\/v2\/product_cat?post=6545"},{"taxonomy":"product_tag","embeddable":true,"href":"https:\/\/projekt.vombat.ee\/eco\/wp-json\/wp\/v2\/product_tag?post=6545"}],"curies":[{"name":"wp","href":"https:\/\/api.w.org\/{rel}","templated":true}]}}