{"id":6460,"date":"2023-03-11T16:38:05","date_gmt":"2023-03-11T16:38:05","guid":{"rendered":"https:\/\/projekt.vombat.ee\/eco\/?post_type=product&#038;p=6460"},"modified":"2024-05-19T15:15:17","modified_gmt":"2024-05-19T15:15:17","slug":"kugoo-kirin-g3-elektriline-toukeratas-70-km","status":"publish","type":"product","link":"https:\/\/projekt.vombat.ee\/eco\/pood\/elektritoukerattad\/voimsad-toukerattad\/kugoo-kirin-g3-elektriline-toukeratas-70-km\/","title":{"rendered":"Kugoo Kirin G3 elektriline t\u00f5ukeratas, 70 km"},"content":{"rendered":"<h1>KUGOO KIRIN G3 ELEKTRILINE T\u00d5UKERATAS<\/h1>\n<p><img decoding=\"async\" src=\"https:\/\/cdn.shopify.com\/s\/files\/1\/0291\/3422\/5501\/files\/KugooKirin_G3_Desktop_Detail_1_1920x.jpg?v=1677832049%20alt=\" \/><\/p>\n<h2>V\u00d5IMAS MOOTOR &amp; AKU<\/h2>\n<p>1200 W v\u00f5imas kahekordse soojuse hajutusega mootor tagab pideva ja tugeva v\u00f5imsuse, v\u00f5imaldades e-t\u00f5ukerattal kiirendada kuni 50 km\/h. Kugoo Kirin G3-ga s\u00f5ites on v\u00f5imsus ja vastupidavus garanteeritud.<\/p>\n<p>Raam on valmistatud \u00fclitugevast alumiiniumisulamist ja konstrueeritud \u00fches t\u00fckis ilma keevis\u00f5mblusteta, mis on tugev ja hea v\u00e4limusega.<\/p>\n<p>T\u00e4nu k\u00f5ik-\u00fches disainile on KugooKirin G3 sitkem ja vastupidavam, sobides ideaalselt sinu s\u00f5iduks! 18Ah suure liitiumioonakuga varustatud KugooKirin G3 suudab t\u00e4islaadimisel l\u00e4bida kuni 70 km, mis on suurep\u00e4rane partner pikamaas\u00f5iduks!<\/p>\n<p>Ltugevale toiteallikale suudab KugooKirin G3 kohaneda erinevate maastikega ja ronida 30\u00b0 \u00fclesm\u00e4ge. Teie off-road seiklus on l\u00f5busam ja p\u00f5nevam.<\/p>\n<h3>KUGOO KIRIN G3 &#8211; TURVALINE JA STABIILNE<\/h3>\n<p>T\u00e4iustatud LED-puuteekraan on m\u00f5eldud erinevate reaalajas andmete (nt kiiruse ja aku v\u00f5imsuse) kuvamiseks ning ka multifunktsionaalseks juhtimiseks, mis muudab teie s\u00f5idu nutikamaks, lihtsamaks ja huvitavamaks.<\/p>\n<p>10,5-tolliste maastikurehvidega kohandub G3 erinevat t\u00fc\u00fcpi maastikuga ja s\u00f5idab sujuvamalt.<\/p>\n<h3>KUGOO KIRIN G3 SPETSIFIKATSIOON<\/h3>\n<p>V\u00e4rv: Must<\/p>\n<p>Tootja: Kugoo<\/p>\n<p>Tippkiirus: 25\/50 km\/h<\/p>\n<p>S\u00f5iduulatus: 70 km<\/p>\n<p>Max t\u00f5usunurk: 25\u00b0<\/p>\n<p>Rehvid: 10.5&#8243;, \u00d5hkrehv<\/p>\n<p>Pidurid: Ketaspidurid<\/p>\n<p>Vedrustus: Esi- ja tagavedrustus<\/p>\n<p>M\u00f5\u00f5tmed (s\u00f5iduasendis): 1200*1290*660 mm<\/p>\n<p>M\u00f5\u00f5tmed (kokkuvoldituna): 1200*550*660 mm<\/p>\n<p>P\u00fcsikiirusehoidja: Jah<\/p>\n<p>Kiiruseastmeid: 3<\/p>\n<p>Kandev\u00f5ime: 100 kg<\/p>\n<p>Signaal: Jah<\/p>\n<p>Valgustid: LED (esi- ning tagatuli)<\/p>\n<p>\u00c4pp: Jah<\/p>\n<p>Kaal: 25 kg<\/p>\n<p>USB: Ei<\/p>\n<p>Mootori t\u00fc\u00fcp: Harjavaba mootor<\/p>\n<p>Mootori v\u00f5imsus (W): 1200 W<\/p>\n<p>Aku: 18 Ah, 52 V<\/p>\n<p>Laadimisaeg: 8-10 tundi<\/p>\n<p>Laadija: 2 A, 58.8 V<\/p>\n<p>Displei: LED ekraan, Puutetundlik<\/p>\n<p>&nbsp;<\/p>\n<p><strong>NB!<\/strong> Elektrit\u00f5ukerattaga s\u00f5ites soovitame alati kanda <a href=\"https:\/\/projekt.vombat.ee\/eco\/pood\/?product-cata=707\">kiivrit<\/a>. Alla 16 aastase kergliikuri jaoks on elektrit\u00f5uksiga s\u00f5idu ajal kiivri kandmine\u00a0<a href=\"https:\/\/www.riigiteataja.ee\/akt\/113112020001\">seaduse<\/a>\u00a0j\u00e4rgi kohustuslik<\/p>\n","protected":false},"excerpt":{"rendered":"<p><strong>Kugoo Kirin G3<\/strong> elektriline t\u00f5ukeratas, 70 km<\/p>\n<ul>\n<li>S\u00f5iduulatus: 70 km<\/li>\n<li>Aku: 18 Ah, 52 V<\/li>\n<li>Mootori v\u00f5imsus (W): 1200 W<\/li>\n<li>Kandev\u00f5ime: 100 kg<\/li>\n<\/ul>\n<p>&nbsp;<\/p>\n<p>\u2666 Tarneaeg 2-7 p\u00e4eva<br \/>\n\u2666 Laos<\/p>\n","protected":false},"featured_media":16386,"template":"","meta":[],"product_cat":[53,911,59],"product_tag":[],"class_list":{"0":"post-6460","1":"product","2":"type-product","3":"status-publish","4":"has-post-thumbnail","6":"product_cat-elektritoukerattad","7":"product_cat-voimsad-toukerattad","8":"product_cat-kugoo-elektritoukerattad","9":"product_shipping_class-suured-pakid","11":"first","12":"instock","13":"sale","14":"taxable","15":"shipping-taxable","16":"purchasable","17":"product-type-simple"},"yoast_head":"<!-- This site is optimized with the Yoast SEO plugin v23.8 - https:\/\/yoast.com\/wordpress\/plugins\/seo\/ -->\n<title>Kugoo Kirin G3 elektriline t\u00f5ukeratas, 70 km - Ecocruiser<\/title>\n<meta name=\"description\" content=\"Kugoo Kirin G3 elektriline t\u00f5ukeratas, 70 km - Kvaliteetsed br\u00e4ndid, lai valik - Ecocruiser.ee - K\u00fcsimuste korral v\u00f5ta \u00fchendust info@projekt.vombat.ee\" \/>\n<meta name=\"robots\" content=\"noindex, follow, max-snippet:-1, max-image-preview:large, max-video-preview:-1\" \/>\n<meta property=\"og:locale\" content=\"en_GB\" \/>\n<meta property=\"og:type\" content=\"article\" \/>\n<meta property=\"og:title\" content=\"Kugoo Kirin G3 elektriline t\u00f5ukeratas, 70 km - Ecocruiser\" \/>\n<meta property=\"og:description\" content=\"Kugoo Kirin G3 elektriline t\u00f5ukeratas, 70 km - Kvaliteetsed br\u00e4ndid, lai valik - Ecocruiser.ee - K\u00fcsimuste korral v\u00f5ta \u00fchendust info@projekt.vombat.ee\" \/>\n<meta property=\"og:url\" content=\"https:\/\/projekt.vombat.ee\/eco\/pood\/elektritoukerattad\/voimsad-toukerattad\/kugoo-kirin-g3-elektriline-toukeratas-70-km\/\" \/>\n<meta property=\"og:site_name\" content=\"Ecocruiser\" \/>\n<meta property=\"article:modified_time\" content=\"2024-05-19T15:15:17+00:00\" \/>\n<meta property=\"og:image\" content=\"https:\/\/projekt.vombat.ee\/eco\/wp-content\/uploads\/2023\/03\/ec4ee9ee91fea7237f5406c050dd4cc5.png\" \/>\n\t<meta property=\"og:image:width\" content=\"900\" \/>\n\t<meta property=\"og:image:height\" content=\"904\" \/>\n\t<meta property=\"og:image:type\" content=\"image\/png\" \/>\n<meta name=\"twitter:card\" content=\"summary_large_image\" \/>\n<meta name=\"twitter:label1\" content=\"Estimated reading time\" \/>\n\t<meta name=\"twitter:data1\" content=\"2 minutes\" \/>\n<script type=\"application\/ld+json\" class=\"yoast-schema-graph\">{\"@context\":\"https:\/\/schema.org\",\"@graph\":[{\"@type\":\"WebPage\",\"@id\":\"https:\/\/projekt.vombat.ee\/eco\/pood\/elektritoukerattad\/voimsad-toukerattad\/kugoo-kirin-g3-elektriline-toukeratas-70-km\/\",\"url\":\"https:\/\/projekt.vombat.ee\/eco\/pood\/elektritoukerattad\/voimsad-toukerattad\/kugoo-kirin-g3-elektriline-toukeratas-70-km\/\",\"name\":\"Kugoo Kirin G3 elektriline t\u00f5ukeratas, 70 km - Ecocruiser\",\"isPartOf\":{\"@id\":\"https:\/\/projekt.vombat.ee\/eco\/#website\"},\"primaryImageOfPage\":{\"@id\":\"https:\/\/projekt.vombat.ee\/eco\/pood\/elektritoukerattad\/voimsad-toukerattad\/kugoo-kirin-g3-elektriline-toukeratas-70-km\/#primaryimage\"},\"image\":{\"@id\":\"https:\/\/projekt.vombat.ee\/eco\/pood\/elektritoukerattad\/voimsad-toukerattad\/kugoo-kirin-g3-elektriline-toukeratas-70-km\/#primaryimage\"},\"thumbnailUrl\":\"https:\/\/projekt.vombat.ee\/eco\/wp-content\/uploads\/2023\/03\/ec4ee9ee91fea7237f5406c050dd4cc5.png\",\"datePublished\":\"2023-03-11T16:38:05+00:00\",\"dateModified\":\"2024-05-19T15:15:17+00:00\",\"description\":\"Kugoo Kirin G3 elektriline t\u00f5ukeratas, 70 km - Kvaliteetsed br\u00e4ndid, lai valik - Ecocruiser.ee - K\u00fcsimuste korral v\u00f5ta \u00fchendust info@projekt.vombat.ee\",\"breadcrumb\":{\"@id\":\"https:\/\/projekt.vombat.ee\/eco\/pood\/elektritoukerattad\/voimsad-toukerattad\/kugoo-kirin-g3-elektriline-toukeratas-70-km\/#breadcrumb\"},\"inLanguage\":\"en-GB\",\"potentialAction\":[{\"@type\":\"ReadAction\",\"target\":[\"https:\/\/projekt.vombat.ee\/eco\/pood\/elektritoukerattad\/voimsad-toukerattad\/kugoo-kirin-g3-elektriline-toukeratas-70-km\/\"]}]},{\"@type\":\"ImageObject\",\"inLanguage\":\"en-GB\",\"@id\":\"https:\/\/projekt.vombat.ee\/eco\/pood\/elektritoukerattad\/voimsad-toukerattad\/kugoo-kirin-g3-elektriline-toukeratas-70-km\/#primaryimage\",\"url\":\"https:\/\/projekt.vombat.ee\/eco\/wp-content\/uploads\/2023\/03\/ec4ee9ee91fea7237f5406c050dd4cc5.png\",\"contentUrl\":\"https:\/\/projekt.vombat.ee\/eco\/wp-content\/uploads\/2023\/03\/ec4ee9ee91fea7237f5406c050dd4cc5.png\",\"width\":900,\"height\":904},{\"@type\":\"BreadcrumbList\",\"@id\":\"https:\/\/projekt.vombat.ee\/eco\/pood\/elektritoukerattad\/voimsad-toukerattad\/kugoo-kirin-g3-elektriline-toukeratas-70-km\/#breadcrumb\",\"itemListElement\":[{\"@type\":\"ListItem\",\"position\":1,\"name\":\"Home\",\"item\":\"https:\/\/projekt.vombat.ee\/eco\/\"},{\"@type\":\"ListItem\",\"position\":2,\"name\":\"Pood\",\"item\":\"https:\/\/projekt.vombat.ee\/eco\/pood\/\"},{\"@type\":\"ListItem\",\"position\":3,\"name\":\"Kugoo Kirin G3 elektriline t\u00f5ukeratas, 70 km\"}]},{\"@type\":\"WebSite\",\"@id\":\"https:\/\/projekt.vombat.ee\/eco\/#website\",\"url\":\"https:\/\/projekt.vombat.ee\/eco\/\",\"name\":\"Ecocruiser\",\"description\":\"\",\"publisher\":{\"@id\":\"https:\/\/projekt.vombat.ee\/eco\/#organization\"},\"potentialAction\":[{\"@type\":\"SearchAction\",\"target\":{\"@type\":\"EntryPoint\",\"urlTemplate\":\"https:\/\/projekt.vombat.ee\/eco\/?s={search_term_string}\"},\"query-input\":{\"@type\":\"PropertyValueSpecification\",\"valueRequired\":true,\"valueName\":\"search_term_string\"}}],\"inLanguage\":\"en-GB\"},{\"@type\":\"Organization\",\"@id\":\"https:\/\/projekt.vombat.ee\/eco\/#organization\",\"name\":\"Ecocruiser\",\"url\":\"https:\/\/projekt.vombat.ee\/eco\/\",\"logo\":{\"@type\":\"ImageObject\",\"inLanguage\":\"en-GB\",\"@id\":\"https:\/\/projekt.vombat.ee\/eco\/#\/schema\/logo\/image\/\",\"url\":\"https:\/\/projekt.vombat.ee\/eco\/wp-content\/uploads\/2023\/03\/ECOCRUISER_5.png\",\"contentUrl\":\"https:\/\/projekt.vombat.ee\/eco\/wp-content\/uploads\/2023\/03\/ECOCRUISER_5.png\",\"width\":234,\"height\":91,\"caption\":\"Ecocruiser\"},\"image\":{\"@id\":\"https:\/\/projekt.vombat.ee\/eco\/#\/schema\/logo\/image\/\"}}]}<\/script>\n<!-- \/ Yoast SEO plugin. -->","yoast_head_json":{"title":"Kugoo Kirin G3 elektriline t\u00f5ukeratas, 70 km - Ecocruiser","description":"Kugoo Kirin G3 elektriline t\u00f5ukeratas, 70 km - Kvaliteetsed br\u00e4ndid, lai valik - Ecocruiser.ee - K\u00fcsimuste korral v\u00f5ta \u00fchendust info@projekt.vombat.ee","robots":{"index":"noindex","follow":"follow","max-snippet":"max-snippet:-1","max-image-preview":"max-image-preview:large","max-video-preview":"max-video-preview:-1"},"og_locale":"en_GB","og_type":"article","og_title":"Kugoo Kirin G3 elektriline t\u00f5ukeratas, 70 km - Ecocruiser","og_description":"Kugoo Kirin G3 elektriline t\u00f5ukeratas, 70 km - Kvaliteetsed br\u00e4ndid, lai valik - Ecocruiser.ee - K\u00fcsimuste korral v\u00f5ta \u00fchendust info@projekt.vombat.ee","og_url":"https:\/\/projekt.vombat.ee\/eco\/pood\/elektritoukerattad\/voimsad-toukerattad\/kugoo-kirin-g3-elektriline-toukeratas-70-km\/","og_site_name":"Ecocruiser","article_modified_time":"2024-05-19T15:15:17+00:00","og_image":[{"width":900,"height":904,"url":"https:\/\/projekt.vombat.ee\/eco\/wp-content\/uploads\/2023\/03\/ec4ee9ee91fea7237f5406c050dd4cc5.png","type":"image\/png"}],"twitter_card":"summary_large_image","twitter_misc":{"Estimated reading time":"2 minutes"},"schema":{"@context":"https:\/\/schema.org","@graph":[{"@type":"WebPage","@id":"https:\/\/projekt.vombat.ee\/eco\/pood\/elektritoukerattad\/voimsad-toukerattad\/kugoo-kirin-g3-elektriline-toukeratas-70-km\/","url":"https:\/\/projekt.vombat.ee\/eco\/pood\/elektritoukerattad\/voimsad-toukerattad\/kugoo-kirin-g3-elektriline-toukeratas-70-km\/","name":"Kugoo Kirin G3 elektriline t\u00f5ukeratas, 70 km - Ecocruiser","isPartOf":{"@id":"https:\/\/projekt.vombat.ee\/eco\/#website"},"primaryImageOfPage":{"@id":"https:\/\/projekt.vombat.ee\/eco\/pood\/elektritoukerattad\/voimsad-toukerattad\/kugoo-kirin-g3-elektriline-toukeratas-70-km\/#primaryimage"},"image":{"@id":"https:\/\/projekt.vombat.ee\/eco\/pood\/elektritoukerattad\/voimsad-toukerattad\/kugoo-kirin-g3-elektriline-toukeratas-70-km\/#primaryimage"},"thumbnailUrl":"https:\/\/projekt.vombat.ee\/eco\/wp-content\/uploads\/2023\/03\/ec4ee9ee91fea7237f5406c050dd4cc5.png","datePublished":"2023-03-11T16:38:05+00:00","dateModified":"2024-05-19T15:15:17+00:00","description":"Kugoo Kirin G3 elektriline t\u00f5ukeratas, 70 km - Kvaliteetsed br\u00e4ndid, lai valik - Ecocruiser.ee - K\u00fcsimuste korral v\u00f5ta \u00fchendust info@projekt.vombat.ee","breadcrumb":{"@id":"https:\/\/projekt.vombat.ee\/eco\/pood\/elektritoukerattad\/voimsad-toukerattad\/kugoo-kirin-g3-elektriline-toukeratas-70-km\/#breadcrumb"},"inLanguage":"en-GB","potentialAction":[{"@type":"ReadAction","target":["https:\/\/projekt.vombat.ee\/eco\/pood\/elektritoukerattad\/voimsad-toukerattad\/kugoo-kirin-g3-elektriline-toukeratas-70-km\/"]}]},{"@type":"ImageObject","inLanguage":"en-GB","@id":"https:\/\/projekt.vombat.ee\/eco\/pood\/elektritoukerattad\/voimsad-toukerattad\/kugoo-kirin-g3-elektriline-toukeratas-70-km\/#primaryimage","url":"https:\/\/projekt.vombat.ee\/eco\/wp-content\/uploads\/2023\/03\/ec4ee9ee91fea7237f5406c050dd4cc5.png","contentUrl":"https:\/\/projekt.vombat.ee\/eco\/wp-content\/uploads\/2023\/03\/ec4ee9ee91fea7237f5406c050dd4cc5.png","width":900,"height":904},{"@type":"BreadcrumbList","@id":"https:\/\/projekt.vombat.ee\/eco\/pood\/elektritoukerattad\/voimsad-toukerattad\/kugoo-kirin-g3-elektriline-toukeratas-70-km\/#breadcrumb","itemListElement":[{"@type":"ListItem","position":1,"name":"Home","item":"https:\/\/projekt.vombat.ee\/eco\/"},{"@type":"ListItem","position":2,"name":"Pood","item":"https:\/\/projekt.vombat.ee\/eco\/pood\/"},{"@type":"ListItem","position":3,"name":"Kugoo Kirin G3 elektriline t\u00f5ukeratas, 70 km"}]},{"@type":"WebSite","@id":"https:\/\/projekt.vombat.ee\/eco\/#website","url":"https:\/\/projekt.vombat.ee\/eco\/","name":"Ecocruiser","description":"","publisher":{"@id":"https:\/\/projekt.vombat.ee\/eco\/#organization"},"potentialAction":[{"@type":"SearchAction","target":{"@type":"EntryPoint","urlTemplate":"https:\/\/projekt.vombat.ee\/eco\/?s={search_term_string}"},"query-input":{"@type":"PropertyValueSpecification","valueRequired":true,"valueName":"search_term_string"}}],"inLanguage":"en-GB"},{"@type":"Organization","@id":"https:\/\/projekt.vombat.ee\/eco\/#organization","name":"Ecocruiser","url":"https:\/\/projekt.vombat.ee\/eco\/","logo":{"@type":"ImageObject","inLanguage":"en-GB","@id":"https:\/\/projekt.vombat.ee\/eco\/#\/schema\/logo\/image\/","url":"https:\/\/projekt.vombat.ee\/eco\/wp-content\/uploads\/2023\/03\/ECOCRUISER_5.png","contentUrl":"https:\/\/projekt.vombat.ee\/eco\/wp-content\/uploads\/2023\/03\/ECOCRUISER_5.png","width":234,"height":91,"caption":"Ecocruiser"},"image":{"@id":"https:\/\/projekt.vombat.ee\/eco\/#\/schema\/logo\/image\/"}}]}},"lang":"et","translations":{"et":6460,"ru":6475,"fi":7556,"en":15997},"pll_sync_post":[],"_links":{"self":[{"href":"https:\/\/projekt.vombat.ee\/eco\/wp-json\/wp\/v2\/product\/6460"}],"collection":[{"href":"https:\/\/projekt.vombat.ee\/eco\/wp-json\/wp\/v2\/product"}],"about":[{"href":"https:\/\/projekt.vombat.ee\/eco\/wp-json\/wp\/v2\/types\/product"}],"version-history":[{"count":7,"href":"https:\/\/projekt.vombat.ee\/eco\/wp-json\/wp\/v2\/product\/6460\/revisions"}],"predecessor-version":[{"id":6527,"href":"https:\/\/projekt.vombat.ee\/eco\/wp-json\/wp\/v2\/product\/6460\/revisions\/6527"}],"wp:featuredmedia":[{"embeddable":true,"href":"https:\/\/projekt.vombat.ee\/eco\/wp-json\/wp\/v2\/media\/16386"}],"wp:attachment":[{"href":"https:\/\/projekt.vombat.ee\/eco\/wp-json\/wp\/v2\/media?parent=6460"}],"wp:term":[{"taxonomy":"product_cat","embeddable":true,"href":"https:\/\/projekt.vombat.ee\/eco\/wp-json\/wp\/v2\/product_cat?post=6460"},{"taxonomy":"product_tag","embeddable":true,"href":"https:\/\/projekt.vombat.ee\/eco\/wp-json\/wp\/v2\/product_tag?post=6460"}],"curies":[{"name":"wp","href":"https:\/\/api.w.org\/{rel}","templated":true}]}}