{"id":6433,"date":"2023-03-11T15:59:23","date_gmt":"2023-03-11T15:59:23","guid":{"rendered":"https:\/\/projekt.vombat.ee\/eco\/?post_type=product&#038;p=6433"},"modified":"2024-06-13T08:42:54","modified_gmt":"2024-06-13T08:42:54","slug":"kugoo-s3-pro-elektriline-toukeratas-35km","status":"publish","type":"product","link":"https:\/\/projekt.vombat.ee\/eco\/pood\/elektritoukerattad\/linna-toukerattad\/kugoo-s3-pro-elektriline-toukeratas-35km\/","title":{"rendered":"Kugoo S3 Pro elektriline t\u00f5ukeratas 35km"},"content":{"rendered":"<h1>KUGOO S3 PRO ELEKTRILINE T\u00d5UKERATAS<\/h1>\n<p><img fetchpriority=\"high\" decoding=\"async\" class=\"msub_k4 mupj_5k mjru_k4 mse2_k4 mp7g_f6 mq1m_0 mj7u_0 m7er_k4 lazyloaded\" src=\"https:\/\/a.allegroimg.com\/original\/11c8d6\/300a16714766ad2f9f8dc101231d\/Electric-Scooter-Kugoo-S3-PRO-350W-30-km-h-Shock-Absorption-front\" sizes=\"100vw\" srcset=\"https:\/\/a.allegroimg.com\/s360\/11c8d6\/300a16714766ad2f9f8dc101231d\/Electric-Scooter-Kugoo-S3-PRO-350W-30-km-h-Shock-Absorption-front 360w,https:\/\/a.allegroimg.com\/s720\/11c8d6\/300a16714766ad2f9f8dc101231d\/Electric-Scooter-Kugoo-S3-PRO-350W-30-km-h-Shock-Absorption-front 720w,https:\/\/a.allegroimg.com\/s1024\/11c8d6\/300a16714766ad2f9f8dc101231d\/Electric-Scooter-Kugoo-S3-PRO-350W-30-km-h-Shock-Absorption-front 1024w,https:\/\/a.allegroimg.com\/s1440\/11c8d6\/300a16714766ad2f9f8dc101231d\/Electric-Scooter-Kugoo-S3-PRO-350W-30-km-h-Shock-Absorption-front 1440w,https:\/\/a.allegroimg.com\/original\/11c8d6\/300a16714766ad2f9f8dc101231d\/Electric-Scooter-Kugoo-S3-PRO-350W-30-km-h-Shock-Absorption-front 1536w\" alt=\"Electric Scooter Kugoo S3 PRO 350W 30 km\/h Shock Absorption front\" width=\"1054\" height=\"593\" data-src=\"https:\/\/a.allegroimg.com\/original\/11c8d6\/300a16714766ad2f9f8dc101231d\/Electric-Scooter-Kugoo-S3-PRO-350W-30-km-h-Shock-Absorption-front\" data-srcset=\"https:\/\/a.allegroimg.com\/s360\/11c8d6\/300a16714766ad2f9f8dc101231d\/Electric-Scooter-Kugoo-S3-PRO-350W-30-km-h-Shock-Absorption-front 360w,https:\/\/a.allegroimg.com\/s720\/11c8d6\/300a16714766ad2f9f8dc101231d\/Electric-Scooter-Kugoo-S3-PRO-350W-30-km-h-Shock-Absorption-front 720w,https:\/\/a.allegroimg.com\/s1024\/11c8d6\/300a16714766ad2f9f8dc101231d\/Electric-Scooter-Kugoo-S3-PRO-350W-30-km-h-Shock-Absorption-front 1024w,https:\/\/a.allegroimg.com\/s1440\/11c8d6\/300a16714766ad2f9f8dc101231d\/Electric-Scooter-Kugoo-S3-PRO-350W-30-km-h-Shock-Absorption-front 1440w,https:\/\/a.allegroimg.com\/original\/11c8d6\/300a16714766ad2f9f8dc101231d\/Electric-Scooter-Kugoo-S3-PRO-350W-30-km-h-Shock-Absorption-front 1536w\" \/><\/p>\n<h3>V\u00d5IMAS MOOTOR &amp; AKU<\/h3>\n<p>Kugoo S3 pro on varustatud v\u00f5imsa 350 W mootoriga ning 7,5Ah liitium-ioon akuga. \u00dche laadimisega on v\u00f5imalik s\u00f5ita kuni 35 km.<\/p>\n<h3>KUGOO S3 PRO- TURVALINE JA STABIILNE<\/h3>\n<p>Tugev haarduvus, kulumiskindel ja ohutu. See sobib erinevatele teedele.<\/p>\n<p>H\u00e4sti valgustatud ekraan v\u00f5imaldab teil j\u00e4lgida kiirust, l\u00e4bitud vahemaad, aku kasutusaega ja l\u00e4bitud aega.<\/p>\n<p>Hele esituli v\u00f5ib teie teed valgustada ja punane tagatuli v\u00f5ib panna teised teid m\u00e4rkama ning m\u00f5lemad v\u00f5ivad anda teile \u00f6\u00f6sel turvalisema s\u00f5idu.<\/p>\n<p>Esi- ja tagaamortisaatoris\u00fcsteemid aitavad teil nautida s\u00f5idu sujuvust nii linnas kui maastikul.<\/p>\n<h3>REGULEERITAV LENKS &amp; KIIRUS<\/h3>\n<p>Reguleeritav on 3 erinevat k\u00f5rgust: 930mm, 1070mm ja 1160mm, mis sobivad erinevatele inimestele.<\/p>\n<p>Kiirust saab juhtida \u00fche v\u00f5tmega vastavalt erinevatele teekatte oludele, mis teeb s\u00f5itmise mugavamaks ja s\u00f5itmise turvalisemaks.<\/p>\n<h3>KUGOO S3 PRO SPETSIFIKATSIOON<\/h3>\n<p>Kiirusre\u017eiim: 15KM\/H; 25KM\/H; 30 km\/h<br \/>\nAku: 7.5Ah<br \/>\nMax L\u00e4bis\u00f5it: 35 KM (s\u00f5ltub missugune on teekond ja juhi kaal)<br \/>\nMax Kiirus: 25\/30km\/h<br \/>\nMax Koormus: 120 kg<\/p>\n<p>Tuli: esituli, tagatuli<br \/>\nAku mahutavus: 7.5Ah<br \/>\nAku pinge: 36V<br \/>\nMootori t\u00fc\u00fcp: harjadeta alalisvoolumootor<\/p>\n<p>Mootori nimiv\u00f5imsus: 350W<br \/>\nMax Mootori p\u00f6\u00f6rlemiskiirus: 700R\/min<br \/>\nMootori nimipinge: 36V<br \/>\nMax P\u00f6\u00f6rdemoment: 13,3 N.M<br \/>\nLaadimisaeg: 4h<\/p>\n<p>Veekindel: IP54<br \/>\nRonimise gradient: 15 kraadi<br \/>\nRatta suurus: 8,0-tolline tahke tagumine libisemisvastane rehv<br \/>\nPidurdusteekond: 4M<\/p>\n<p>Toote kaal: 11 kg<br \/>\nPakendi kaal: 15 kg<br \/>\nToote m\u00f5\u00f5tmed: 1050 x 450 x 930\/1070\/1160 mm (lahti voltima)<br \/>\nKokkupandav suurus: 960 x 210 x 330 mm<br \/>\nPakendi m\u00f5\u00f5dud: 1030 x 210 x 405mm<\/p>\n<p><img decoding=\"async\" class=\"msub_k4 mupj_5k mjru_k4 mse2_k4 mp7g_f6 mq1m_0 mj7u_0 m7er_k4 lazyloaded\" src=\"https:\/\/a.allegroimg.com\/original\/11b0e7\/2057210e49c5bb0be3fc714c9d98\/Electric-Scooter-Kugoo-S3-PRO-350W-30-km-h-Brake-kickscooter\" sizes=\"100vw\" srcset=\"https:\/\/a.allegroimg.com\/s360\/11b0e7\/2057210e49c5bb0be3fc714c9d98\/Electric-Scooter-Kugoo-S3-PRO-350W-30-km-h-Brake-kickscooter 360w,https:\/\/a.allegroimg.com\/s720\/11b0e7\/2057210e49c5bb0be3fc714c9d98\/Electric-Scooter-Kugoo-S3-PRO-350W-30-km-h-Brake-kickscooter 720w,https:\/\/a.allegroimg.com\/s1024\/11b0e7\/2057210e49c5bb0be3fc714c9d98\/Electric-Scooter-Kugoo-S3-PRO-350W-30-km-h-Brake-kickscooter 1024w,https:\/\/a.allegroimg.com\/s1440\/11b0e7\/2057210e49c5bb0be3fc714c9d98\/Electric-Scooter-Kugoo-S3-PRO-350W-30-km-h-Brake-kickscooter 1440w,https:\/\/a.allegroimg.com\/original\/11b0e7\/2057210e49c5bb0be3fc714c9d98\/Electric-Scooter-Kugoo-S3-PRO-350W-30-km-h-Brake-kickscooter 1472w\" alt=\"Electric Scooter Kugoo S3 PRO 350W 30 km\/h Brake kickscooter\" width=\"874\" height=\"519\" data-src=\"https:\/\/a.allegroimg.com\/original\/11b0e7\/2057210e49c5bb0be3fc714c9d98\/Electric-Scooter-Kugoo-S3-PRO-350W-30-km-h-Brake-kickscooter\" data-srcset=\"https:\/\/a.allegroimg.com\/s360\/11b0e7\/2057210e49c5bb0be3fc714c9d98\/Electric-Scooter-Kugoo-S3-PRO-350W-30-km-h-Brake-kickscooter 360w,https:\/\/a.allegroimg.com\/s720\/11b0e7\/2057210e49c5bb0be3fc714c9d98\/Electric-Scooter-Kugoo-S3-PRO-350W-30-km-h-Brake-kickscooter 720w,https:\/\/a.allegroimg.com\/s1024\/11b0e7\/2057210e49c5bb0be3fc714c9d98\/Electric-Scooter-Kugoo-S3-PRO-350W-30-km-h-Brake-kickscooter 1024w,https:\/\/a.allegroimg.com\/s1440\/11b0e7\/2057210e49c5bb0be3fc714c9d98\/Electric-Scooter-Kugoo-S3-PRO-350W-30-km-h-Brake-kickscooter 1440w,https:\/\/a.allegroimg.com\/original\/11b0e7\/2057210e49c5bb0be3fc714c9d98\/Electric-Scooter-Kugoo-S3-PRO-350W-30-km-h-Brake-kickscooter 1472w\" \/><\/p>\n<p><strong>NB!<\/strong> Elektrit\u00f5ukerattaga s\u00f5ites soovitame alati kanda <a href=\"https:\/\/projekt.vombat.ee\/eco\/pood\/?product-cata=707\">kiivrit<\/a>. Alla 16 aastase kergliikuri jaoks on elektrit\u00f5uksiga s\u00f5idu ajal kiivri kandmine\u00a0<a href=\"https:\/\/www.riigiteataja.ee\/akt\/113112020001\">seaduse<\/a>\u00a0j\u00e4rgi kohustuslik<\/p>\n","protected":false},"excerpt":{"rendered":"<ul>\n<li>Max s\u00f5iduulatus: 35 KM<\/li>\n<li>Max Koormus: 120 kg<\/li>\n<li>Mootori v\u00f5imsus: 350W<\/li>\n<li>Laadimisaeg: 4h<\/li>\n<li>Aku: 7.5Ah<\/li>\n<\/ul>\n<p>&nbsp;<\/p>\n<p>\u2666 Tarneaeg 3-7 p\u00e4eva<br \/>\n\u2666 Laos<\/p>\n","protected":false},"featured_media":6436,"template":"","meta":[],"product_cat":[1384,53,909,59],"product_tag":[],"class_list":{"0":"post-6433","1":"product","2":"type-product","3":"status-publish","4":"has-post-thumbnail","6":"product_cat-toukerattad-noortele","7":"product_cat-elektritoukerattad","8":"product_cat-linna-toukerattad","9":"product_cat-kugoo-elektritoukerattad","10":"product_shipping_class-suured-pakid","12":"first","13":"outofstock","14":"sale","15":"taxable","16":"shipping-taxable","17":"purchasable","18":"product-type-variable"},"yoast_head":"<!-- This site is optimized with the Yoast SEO plugin v23.8 - https:\/\/yoast.com\/wordpress\/plugins\/seo\/ -->\n<title>Kugoo S3 Pro elektriline t\u00f5ukeratas 35km - Ecocruiser<\/title>\n<meta name=\"description\" content=\"Kugoo S3 Pro elektriline t\u00f5ukeratas 35km - Kvaliteetsed br\u00e4ndid, lai valik - Ecocruiser.ee - K\u00fcsimuste korral v\u00f5ta \u00fchendust info@projekt.vombat.ee\" \/>\n<meta name=\"robots\" content=\"noindex, follow, max-snippet:-1, max-image-preview:large, max-video-preview:-1\" \/>\n<meta property=\"og:locale\" content=\"en_GB\" \/>\n<meta property=\"og:type\" content=\"article\" \/>\n<meta property=\"og:title\" content=\"Kugoo S3 Pro elektriline t\u00f5ukeratas 35km - Ecocruiser\" \/>\n<meta property=\"og:description\" content=\"Kugoo S3 Pro elektriline t\u00f5ukeratas 35km - Kvaliteetsed br\u00e4ndid, lai valik - Ecocruiser.ee - K\u00fcsimuste korral v\u00f5ta \u00fchendust info@projekt.vombat.ee\" \/>\n<meta property=\"og:url\" content=\"https:\/\/projekt.vombat.ee\/eco\/pood\/elektritoukerattad\/linna-toukerattad\/kugoo-s3-pro-elektriline-toukeratas-35km\/\" \/>\n<meta property=\"og:site_name\" content=\"Ecocruiser\" \/>\n<meta property=\"article:modified_time\" content=\"2024-06-13T08:42:54+00:00\" \/>\n<meta property=\"og:image\" content=\"https:\/\/projekt.vombat.ee\/eco\/wp-content\/uploads\/2023\/03\/1-10.webp\" \/>\n\t<meta property=\"og:image:width\" content=\"500\" \/>\n\t<meta property=\"og:image:height\" content=\"500\" \/>\n\t<meta property=\"og:image:type\" content=\"image\/webp\" \/>\n<meta name=\"twitter:card\" content=\"summary_large_image\" \/>\n<meta name=\"twitter:label1\" content=\"Estimated reading time\" \/>\n\t<meta name=\"twitter:data1\" content=\"2 minutes\" \/>\n<script type=\"application\/ld+json\" class=\"yoast-schema-graph\">{\"@context\":\"https:\/\/schema.org\",\"@graph\":[{\"@type\":\"WebPage\",\"@id\":\"https:\/\/projekt.vombat.ee\/eco\/pood\/elektritoukerattad\/linna-toukerattad\/kugoo-s3-pro-elektriline-toukeratas-35km\/\",\"url\":\"https:\/\/projekt.vombat.ee\/eco\/pood\/elektritoukerattad\/linna-toukerattad\/kugoo-s3-pro-elektriline-toukeratas-35km\/\",\"name\":\"Kugoo S3 Pro elektriline t\u00f5ukeratas 35km - Ecocruiser\",\"isPartOf\":{\"@id\":\"https:\/\/projekt.vombat.ee\/eco\/#website\"},\"primaryImageOfPage\":{\"@id\":\"https:\/\/projekt.vombat.ee\/eco\/pood\/elektritoukerattad\/linna-toukerattad\/kugoo-s3-pro-elektriline-toukeratas-35km\/#primaryimage\"},\"image\":{\"@id\":\"https:\/\/projekt.vombat.ee\/eco\/pood\/elektritoukerattad\/linna-toukerattad\/kugoo-s3-pro-elektriline-toukeratas-35km\/#primaryimage\"},\"thumbnailUrl\":\"https:\/\/projekt.vombat.ee\/eco\/wp-content\/uploads\/2023\/03\/1-10.webp\",\"datePublished\":\"2023-03-11T15:59:23+00:00\",\"dateModified\":\"2024-06-13T08:42:54+00:00\",\"description\":\"Kugoo S3 Pro elektriline t\u00f5ukeratas 35km - Kvaliteetsed br\u00e4ndid, lai valik - Ecocruiser.ee - K\u00fcsimuste korral v\u00f5ta \u00fchendust info@projekt.vombat.ee\",\"breadcrumb\":{\"@id\":\"https:\/\/projekt.vombat.ee\/eco\/pood\/elektritoukerattad\/linna-toukerattad\/kugoo-s3-pro-elektriline-toukeratas-35km\/#breadcrumb\"},\"inLanguage\":\"en-GB\",\"potentialAction\":[{\"@type\":\"ReadAction\",\"target\":[\"https:\/\/projekt.vombat.ee\/eco\/pood\/elektritoukerattad\/linna-toukerattad\/kugoo-s3-pro-elektriline-toukeratas-35km\/\"]}]},{\"@type\":\"ImageObject\",\"inLanguage\":\"en-GB\",\"@id\":\"https:\/\/projekt.vombat.ee\/eco\/pood\/elektritoukerattad\/linna-toukerattad\/kugoo-s3-pro-elektriline-toukeratas-35km\/#primaryimage\",\"url\":\"https:\/\/projekt.vombat.ee\/eco\/wp-content\/uploads\/2023\/03\/1-10.webp\",\"contentUrl\":\"https:\/\/projekt.vombat.ee\/eco\/wp-content\/uploads\/2023\/03\/1-10.webp\",\"width\":500,\"height\":500,\"caption\":\"Kugoo S3 Pro\"},{\"@type\":\"BreadcrumbList\",\"@id\":\"https:\/\/projekt.vombat.ee\/eco\/pood\/elektritoukerattad\/linna-toukerattad\/kugoo-s3-pro-elektriline-toukeratas-35km\/#breadcrumb\",\"itemListElement\":[{\"@type\":\"ListItem\",\"position\":1,\"name\":\"Home\",\"item\":\"https:\/\/projekt.vombat.ee\/eco\/\"},{\"@type\":\"ListItem\",\"position\":2,\"name\":\"Pood\",\"item\":\"https:\/\/projekt.vombat.ee\/eco\/pood\/\"},{\"@type\":\"ListItem\",\"position\":3,\"name\":\"Kugoo S3 Pro elektriline t\u00f5ukeratas 35km\"}]},{\"@type\":\"WebSite\",\"@id\":\"https:\/\/projekt.vombat.ee\/eco\/#website\",\"url\":\"https:\/\/projekt.vombat.ee\/eco\/\",\"name\":\"Ecocruiser\",\"description\":\"\",\"publisher\":{\"@id\":\"https:\/\/projekt.vombat.ee\/eco\/#organization\"},\"potentialAction\":[{\"@type\":\"SearchAction\",\"target\":{\"@type\":\"EntryPoint\",\"urlTemplate\":\"https:\/\/projekt.vombat.ee\/eco\/?s={search_term_string}\"},\"query-input\":{\"@type\":\"PropertyValueSpecification\",\"valueRequired\":true,\"valueName\":\"search_term_string\"}}],\"inLanguage\":\"en-GB\"},{\"@type\":\"Organization\",\"@id\":\"https:\/\/projekt.vombat.ee\/eco\/#organization\",\"name\":\"Ecocruiser\",\"url\":\"https:\/\/projekt.vombat.ee\/eco\/\",\"logo\":{\"@type\":\"ImageObject\",\"inLanguage\":\"en-GB\",\"@id\":\"https:\/\/projekt.vombat.ee\/eco\/#\/schema\/logo\/image\/\",\"url\":\"https:\/\/projekt.vombat.ee\/eco\/wp-content\/uploads\/2023\/03\/ECOCRUISER_5.png\",\"contentUrl\":\"https:\/\/projekt.vombat.ee\/eco\/wp-content\/uploads\/2023\/03\/ECOCRUISER_5.png\",\"width\":234,\"height\":91,\"caption\":\"Ecocruiser\"},\"image\":{\"@id\":\"https:\/\/projekt.vombat.ee\/eco\/#\/schema\/logo\/image\/\"}}]}<\/script>\n<!-- \/ Yoast SEO plugin. -->","yoast_head_json":{"title":"Kugoo S3 Pro elektriline t\u00f5ukeratas 35km - Ecocruiser","description":"Kugoo S3 Pro elektriline t\u00f5ukeratas 35km - Kvaliteetsed br\u00e4ndid, lai valik - Ecocruiser.ee - K\u00fcsimuste korral v\u00f5ta \u00fchendust info@projekt.vombat.ee","robots":{"index":"noindex","follow":"follow","max-snippet":"max-snippet:-1","max-image-preview":"max-image-preview:large","max-video-preview":"max-video-preview:-1"},"og_locale":"en_GB","og_type":"article","og_title":"Kugoo S3 Pro elektriline t\u00f5ukeratas 35km - Ecocruiser","og_description":"Kugoo S3 Pro elektriline t\u00f5ukeratas 35km - Kvaliteetsed br\u00e4ndid, lai valik - Ecocruiser.ee - K\u00fcsimuste korral v\u00f5ta \u00fchendust info@projekt.vombat.ee","og_url":"https:\/\/projekt.vombat.ee\/eco\/pood\/elektritoukerattad\/linna-toukerattad\/kugoo-s3-pro-elektriline-toukeratas-35km\/","og_site_name":"Ecocruiser","article_modified_time":"2024-06-13T08:42:54+00:00","og_image":[{"width":500,"height":500,"url":"https:\/\/projekt.vombat.ee\/eco\/wp-content\/uploads\/2023\/03\/1-10.webp","type":"image\/webp"}],"twitter_card":"summary_large_image","twitter_misc":{"Estimated reading time":"2 minutes"},"schema":{"@context":"https:\/\/schema.org","@graph":[{"@type":"WebPage","@id":"https:\/\/projekt.vombat.ee\/eco\/pood\/elektritoukerattad\/linna-toukerattad\/kugoo-s3-pro-elektriline-toukeratas-35km\/","url":"https:\/\/projekt.vombat.ee\/eco\/pood\/elektritoukerattad\/linna-toukerattad\/kugoo-s3-pro-elektriline-toukeratas-35km\/","name":"Kugoo S3 Pro elektriline t\u00f5ukeratas 35km - Ecocruiser","isPartOf":{"@id":"https:\/\/projekt.vombat.ee\/eco\/#website"},"primaryImageOfPage":{"@id":"https:\/\/projekt.vombat.ee\/eco\/pood\/elektritoukerattad\/linna-toukerattad\/kugoo-s3-pro-elektriline-toukeratas-35km\/#primaryimage"},"image":{"@id":"https:\/\/projekt.vombat.ee\/eco\/pood\/elektritoukerattad\/linna-toukerattad\/kugoo-s3-pro-elektriline-toukeratas-35km\/#primaryimage"},"thumbnailUrl":"https:\/\/projekt.vombat.ee\/eco\/wp-content\/uploads\/2023\/03\/1-10.webp","datePublished":"2023-03-11T15:59:23+00:00","dateModified":"2024-06-13T08:42:54+00:00","description":"Kugoo S3 Pro elektriline t\u00f5ukeratas 35km - Kvaliteetsed br\u00e4ndid, lai valik - Ecocruiser.ee - K\u00fcsimuste korral v\u00f5ta \u00fchendust info@projekt.vombat.ee","breadcrumb":{"@id":"https:\/\/projekt.vombat.ee\/eco\/pood\/elektritoukerattad\/linna-toukerattad\/kugoo-s3-pro-elektriline-toukeratas-35km\/#breadcrumb"},"inLanguage":"en-GB","potentialAction":[{"@type":"ReadAction","target":["https:\/\/projekt.vombat.ee\/eco\/pood\/elektritoukerattad\/linna-toukerattad\/kugoo-s3-pro-elektriline-toukeratas-35km\/"]}]},{"@type":"ImageObject","inLanguage":"en-GB","@id":"https:\/\/projekt.vombat.ee\/eco\/pood\/elektritoukerattad\/linna-toukerattad\/kugoo-s3-pro-elektriline-toukeratas-35km\/#primaryimage","url":"https:\/\/projekt.vombat.ee\/eco\/wp-content\/uploads\/2023\/03\/1-10.webp","contentUrl":"https:\/\/projekt.vombat.ee\/eco\/wp-content\/uploads\/2023\/03\/1-10.webp","width":500,"height":500,"caption":"Kugoo S3 Pro"},{"@type":"BreadcrumbList","@id":"https:\/\/projekt.vombat.ee\/eco\/pood\/elektritoukerattad\/linna-toukerattad\/kugoo-s3-pro-elektriline-toukeratas-35km\/#breadcrumb","itemListElement":[{"@type":"ListItem","position":1,"name":"Home","item":"https:\/\/projekt.vombat.ee\/eco\/"},{"@type":"ListItem","position":2,"name":"Pood","item":"https:\/\/projekt.vombat.ee\/eco\/pood\/"},{"@type":"ListItem","position":3,"name":"Kugoo S3 Pro elektriline t\u00f5ukeratas 35km"}]},{"@type":"WebSite","@id":"https:\/\/projekt.vombat.ee\/eco\/#website","url":"https:\/\/projekt.vombat.ee\/eco\/","name":"Ecocruiser","description":"","publisher":{"@id":"https:\/\/projekt.vombat.ee\/eco\/#organization"},"potentialAction":[{"@type":"SearchAction","target":{"@type":"EntryPoint","urlTemplate":"https:\/\/projekt.vombat.ee\/eco\/?s={search_term_string}"},"query-input":{"@type":"PropertyValueSpecification","valueRequired":true,"valueName":"search_term_string"}}],"inLanguage":"en-GB"},{"@type":"Organization","@id":"https:\/\/projekt.vombat.ee\/eco\/#organization","name":"Ecocruiser","url":"https:\/\/projekt.vombat.ee\/eco\/","logo":{"@type":"ImageObject","inLanguage":"en-GB","@id":"https:\/\/projekt.vombat.ee\/eco\/#\/schema\/logo\/image\/","url":"https:\/\/projekt.vombat.ee\/eco\/wp-content\/uploads\/2023\/03\/ECOCRUISER_5.png","contentUrl":"https:\/\/projekt.vombat.ee\/eco\/wp-content\/uploads\/2023\/03\/ECOCRUISER_5.png","width":234,"height":91,"caption":"Ecocruiser"},"image":{"@id":"https:\/\/projekt.vombat.ee\/eco\/#\/schema\/logo\/image\/"}}]}},"lang":"et","translations":{"et":6433,"ru":6446},"pll_sync_post":[],"_links":{"self":[{"href":"https:\/\/projekt.vombat.ee\/eco\/wp-json\/wp\/v2\/product\/6433"}],"collection":[{"href":"https:\/\/projekt.vombat.ee\/eco\/wp-json\/wp\/v2\/product"}],"about":[{"href":"https:\/\/projekt.vombat.ee\/eco\/wp-json\/wp\/v2\/types\/product"}],"version-history":[{"count":6,"href":"https:\/\/projekt.vombat.ee\/eco\/wp-json\/wp\/v2\/product\/6433\/revisions"}],"predecessor-version":[{"id":6533,"href":"https:\/\/projekt.vombat.ee\/eco\/wp-json\/wp\/v2\/product\/6433\/revisions\/6533"}],"wp:featuredmedia":[{"embeddable":true,"href":"https:\/\/projekt.vombat.ee\/eco\/wp-json\/wp\/v2\/media\/6436"}],"wp:attachment":[{"href":"https:\/\/projekt.vombat.ee\/eco\/wp-json\/wp\/v2\/media?parent=6433"}],"wp:term":[{"taxonomy":"product_cat","embeddable":true,"href":"https:\/\/projekt.vombat.ee\/eco\/wp-json\/wp\/v2\/product_cat?post=6433"},{"taxonomy":"product_tag","embeddable":true,"href":"https:\/\/projekt.vombat.ee\/eco\/wp-json\/wp\/v2\/product_tag?post=6433"}],"curies":[{"name":"wp","href":"https:\/\/api.w.org\/{rel}","templated":true}]}}