{"id":6414,"date":"2023-03-11T15:29:28","date_gmt":"2023-03-11T15:29:28","guid":{"rendered":"https:\/\/projekt.vombat.ee\/eco\/?post_type=product&#038;p=6414"},"modified":"2024-05-14T11:39:20","modified_gmt":"2024-05-14T11:39:20","slug":"kugoo-s3-elektriline-toukeratas-30km","status":"publish","type":"product","link":"https:\/\/projekt.vombat.ee\/eco\/pood\/elektritoukerattad\/linna-toukerattad\/kugoo-s3-elektriline-toukeratas-30km\/","title":{"rendered":"Kugoo S3 elektriline t\u00f5ukeratas 30km"},"content":{"rendered":"<h1>KUGOO S3 ELEKTRILINE T\u00d5UKERATAS<\/h1>\n<h3>V\u00d5IMAS MOOTOR &amp; AKU<\/h3>\n<p>Kugoo S3 pro on varustatud v\u00f5imsa 350 W mootoriga ning 6Ah liitium-ioon akuga. \u00dche laadimisega on v\u00f5imalik s\u00f5ita kuni 30 km.<\/p>\n<h3>KUGOO S3 &#8211; TURVALINE JA STABIILNE<\/h3>\n<p>Tugev haarduvus, kulumiskindel ja ohutu. See sobib erinevatele teedele. Kiirust saab juhtida \u00fche v\u00f5tmega vastavalt erinevatele teekatte oludele, mis teeb s\u00f5itmise mugavamaks ja s\u00f5itmise turvalisemaks.<\/p>\n<p>H\u00e4sti valgustatud ekraan v\u00f5imaldab teil j\u00e4lgida kiirust, l\u00e4bitud vahemaad, aku kasutusaega ja l\u00e4bitud aega. Hele esituli v\u00f5ib teie teed valgustada ja punane tagatuli v\u00f5ib panna teised teid m\u00e4rkama ning m\u00f5lemad v\u00f5ivad anda teile \u00f6\u00f6sel turvalisema s\u00f5idu.<\/p>\n<p>Esi- ja tagaamortisaatoris\u00fcsteemid aitavad teil nautida mugavat s\u00f5itmist. Lisaks on v\u00f5imalik reguleerida lenksu k\u00f5rgust: 930mm, 1070mm ja 1160mm. Kugoo S3 elektriline t\u00f5ukeratas on v\u00e4ga hea hinna ja kvaliteedi suhtega.<\/p>\n<h3>KUGOO S3 SPETSIFIKATSIOON<\/h3>\n<p>Kiirusre\u017eiim: 15KM\/H; 25KM\/H; 30 km\/h<br \/>\nAku: 6Ah<br \/>\nMax L\u00e4bis\u00f5it: 30 KM (s\u00f5ltub tee oludest ja juhi kaalust)<br \/>\nMax Kiirus: 25\/30km\/h<br \/>\nMax Koormus: 120 kg<\/p>\n<p>Tuli: esituli, tagatuli<br \/>\nAku mahutavus: 6AH<br \/>\nAku pinge: 36V<br \/>\nMootori t\u00fc\u00fcp: harjadeta alalisvoolumootor<\/p>\n<p>Mootori nimiv\u00f5imsus: 350W<br \/>\nMax Mootori p\u00f6\u00f6rlemiskiirus: 700R\/min<br \/>\nMootori nimipinge: 36V<br \/>\nMax P\u00f6\u00f6rdemoment: 13,3 N.M<br \/>\nLaadimisaeg: 4h<\/p>\n<p>Veekindel: IP54<br \/>\nRonimise gradient: 15 kraadi<br \/>\nRatta suurus: 8,0-tolline tahke tagumine libisemisvastane rehv<br \/>\nPidurdusteekond: 4M<\/p>\n<p>Toote kaal: 11 kg<br \/>\nPakendi kaal: 15 kg<br \/>\nToote m\u00f5\u00f5tmed: 1050 x 450 x 930\/1070\/1160 mm (lahti voltima)<br \/>\nKokkupandav suurus: 960 x 210 x 330 mm<br \/>\nPakendi m\u00f5\u00f5dud: 1030 x 210 x 405mm<\/p>\n<p>&nbsp;<\/p>\n<p><strong>NB!<\/strong> Elektrit\u00f5ukerattaga s\u00f5ites soovitame turvalisuse tagamiseks alati kanda <a href=\"https:\/\/projekt.vombat.ee\/eco\/pood\/?product-cata=707\">kiivrit<\/a>. Alla 16 aastase kergliikuri jaoks on elektrit\u00f5uksiga s\u00f5idu ajal kiivri kandmine\u00a0<a href=\"https:\/\/www.riigiteataja.ee\/akt\/113112020001\">seaduse<\/a> j\u00e4rgi kohustuslik<\/p>\n","protected":false},"excerpt":{"rendered":"<h6><strong>KUGOO S3 ELEKTRILINE T\u00d5UKERATAS<\/strong><\/h6>\n<ul>\n<li><strong>Max s\u00f5iduulatus<\/strong>: 30 KM<\/li>\n<li><strong>Kandev\u00f5ime<\/strong>: 120 kg<\/li>\n<li><strong>Mootori v\u00f5imsus<\/strong>: 350W<\/li>\n<li><strong>Laadimisaeg<\/strong>: 4h<\/li>\n<\/ul>\n<p>&nbsp;<\/p>\n<p>\u2666 <strong>Tarneaeg<\/strong> 3-8 p\u00e4eva<br \/>\n\u2666 <strong>Laos<\/strong><\/p>\n","protected":false},"featured_media":8671,"template":"","meta":[],"product_cat":[1384,53,909,59],"product_tag":[],"class_list":{"0":"post-6414","1":"product","2":"type-product","3":"status-publish","4":"has-post-thumbnail","6":"product_cat-toukerattad-noortele","7":"product_cat-elektritoukerattad","8":"product_cat-linna-toukerattad","9":"product_cat-kugoo-elektritoukerattad","10":"product_shipping_class-suured-pakid","12":"first","13":"instock","14":"sale","15":"taxable","16":"shipping-taxable","17":"purchasable","18":"product-type-simple"},"yoast_head":"<!-- This site is optimized with the Yoast SEO plugin v23.8 - https:\/\/yoast.com\/wordpress\/plugins\/seo\/ -->\n<title>Kugoo S3 elektriline t\u00f5ukeratas 30km - Ecocruiser<\/title>\n<meta name=\"description\" content=\"Kugoo S3 elektriline t\u00f5ukeratas 30km - Kvaliteetsed br\u00e4ndid, lai valik - Ecocruiser.ee - K\u00fcsimuste korral v\u00f5ta \u00fchendust info@projekt.vombat.ee\" \/>\n<meta name=\"robots\" content=\"noindex, follow, max-snippet:-1, max-image-preview:large, max-video-preview:-1\" \/>\n<meta property=\"og:locale\" content=\"en_GB\" \/>\n<meta property=\"og:type\" content=\"article\" \/>\n<meta property=\"og:title\" content=\"Kugoo S3 elektriline t\u00f5ukeratas 30km - Ecocruiser\" \/>\n<meta property=\"og:description\" content=\"Kugoo S3 elektriline t\u00f5ukeratas 30km - Kvaliteetsed br\u00e4ndid, lai valik - Ecocruiser.ee - K\u00fcsimuste korral v\u00f5ta \u00fchendust info@projekt.vombat.ee\" \/>\n<meta property=\"og:url\" content=\"https:\/\/projekt.vombat.ee\/eco\/pood\/elektritoukerattad\/linna-toukerattad\/kugoo-s3-elektriline-toukeratas-30km\/\" \/>\n<meta property=\"og:site_name\" content=\"Ecocruiser\" \/>\n<meta property=\"article:modified_time\" content=\"2024-05-14T11:39:20+00:00\" \/>\n<meta property=\"og:image\" content=\"https:\/\/projekt.vombat.ee\/eco\/wp-content\/uploads\/2023\/03\/1-18.webp\" \/>\n\t<meta property=\"og:image:width\" content=\"1000\" \/>\n\t<meta property=\"og:image:height\" content=\"1000\" \/>\n\t<meta property=\"og:image:type\" content=\"image\/webp\" \/>\n<meta name=\"twitter:card\" content=\"summary_large_image\" \/>\n<meta name=\"twitter:label1\" content=\"Estimated reading time\" \/>\n\t<meta name=\"twitter:data1\" content=\"2 minutes\" \/>\n<script type=\"application\/ld+json\" class=\"yoast-schema-graph\">{\"@context\":\"https:\/\/schema.org\",\"@graph\":[{\"@type\":\"WebPage\",\"@id\":\"https:\/\/projekt.vombat.ee\/eco\/pood\/elektritoukerattad\/linna-toukerattad\/kugoo-s3-elektriline-toukeratas-30km\/\",\"url\":\"https:\/\/projekt.vombat.ee\/eco\/pood\/elektritoukerattad\/linna-toukerattad\/kugoo-s3-elektriline-toukeratas-30km\/\",\"name\":\"Kugoo S3 elektriline t\u00f5ukeratas 30km - Ecocruiser\",\"isPartOf\":{\"@id\":\"https:\/\/projekt.vombat.ee\/eco\/#website\"},\"primaryImageOfPage\":{\"@id\":\"https:\/\/projekt.vombat.ee\/eco\/pood\/elektritoukerattad\/linna-toukerattad\/kugoo-s3-elektriline-toukeratas-30km\/#primaryimage\"},\"image\":{\"@id\":\"https:\/\/projekt.vombat.ee\/eco\/pood\/elektritoukerattad\/linna-toukerattad\/kugoo-s3-elektriline-toukeratas-30km\/#primaryimage\"},\"thumbnailUrl\":\"https:\/\/projekt.vombat.ee\/eco\/wp-content\/uploads\/2023\/03\/1-18.webp\",\"datePublished\":\"2023-03-11T15:29:28+00:00\",\"dateModified\":\"2024-05-14T11:39:20+00:00\",\"description\":\"Kugoo S3 elektriline t\u00f5ukeratas 30km - Kvaliteetsed br\u00e4ndid, lai valik - Ecocruiser.ee - K\u00fcsimuste korral v\u00f5ta \u00fchendust info@projekt.vombat.ee\",\"breadcrumb\":{\"@id\":\"https:\/\/projekt.vombat.ee\/eco\/pood\/elektritoukerattad\/linna-toukerattad\/kugoo-s3-elektriline-toukeratas-30km\/#breadcrumb\"},\"inLanguage\":\"en-GB\",\"potentialAction\":[{\"@type\":\"ReadAction\",\"target\":[\"https:\/\/projekt.vombat.ee\/eco\/pood\/elektritoukerattad\/linna-toukerattad\/kugoo-s3-elektriline-toukeratas-30km\/\"]}]},{\"@type\":\"ImageObject\",\"inLanguage\":\"en-GB\",\"@id\":\"https:\/\/projekt.vombat.ee\/eco\/pood\/elektritoukerattad\/linna-toukerattad\/kugoo-s3-elektriline-toukeratas-30km\/#primaryimage\",\"url\":\"https:\/\/projekt.vombat.ee\/eco\/wp-content\/uploads\/2023\/03\/1-18.webp\",\"contentUrl\":\"https:\/\/projekt.vombat.ee\/eco\/wp-content\/uploads\/2023\/03\/1-18.webp\",\"width\":1000,\"height\":1000,\"caption\":\"Kugoo S3\"},{\"@type\":\"BreadcrumbList\",\"@id\":\"https:\/\/projekt.vombat.ee\/eco\/pood\/elektritoukerattad\/linna-toukerattad\/kugoo-s3-elektriline-toukeratas-30km\/#breadcrumb\",\"itemListElement\":[{\"@type\":\"ListItem\",\"position\":1,\"name\":\"Home\",\"item\":\"https:\/\/projekt.vombat.ee\/eco\/\"},{\"@type\":\"ListItem\",\"position\":2,\"name\":\"Pood\",\"item\":\"https:\/\/projekt.vombat.ee\/eco\/pood\/\"},{\"@type\":\"ListItem\",\"position\":3,\"name\":\"Kugoo S3 elektriline t\u00f5ukeratas 30km\"}]},{\"@type\":\"WebSite\",\"@id\":\"https:\/\/projekt.vombat.ee\/eco\/#website\",\"url\":\"https:\/\/projekt.vombat.ee\/eco\/\",\"name\":\"Ecocruiser\",\"description\":\"\",\"publisher\":{\"@id\":\"https:\/\/projekt.vombat.ee\/eco\/#organization\"},\"potentialAction\":[{\"@type\":\"SearchAction\",\"target\":{\"@type\":\"EntryPoint\",\"urlTemplate\":\"https:\/\/projekt.vombat.ee\/eco\/?s={search_term_string}\"},\"query-input\":{\"@type\":\"PropertyValueSpecification\",\"valueRequired\":true,\"valueName\":\"search_term_string\"}}],\"inLanguage\":\"en-GB\"},{\"@type\":\"Organization\",\"@id\":\"https:\/\/projekt.vombat.ee\/eco\/#organization\",\"name\":\"Ecocruiser\",\"url\":\"https:\/\/projekt.vombat.ee\/eco\/\",\"logo\":{\"@type\":\"ImageObject\",\"inLanguage\":\"en-GB\",\"@id\":\"https:\/\/projekt.vombat.ee\/eco\/#\/schema\/logo\/image\/\",\"url\":\"https:\/\/projekt.vombat.ee\/eco\/wp-content\/uploads\/2023\/03\/ECOCRUISER_5.png\",\"contentUrl\":\"https:\/\/projekt.vombat.ee\/eco\/wp-content\/uploads\/2023\/03\/ECOCRUISER_5.png\",\"width\":234,\"height\":91,\"caption\":\"Ecocruiser\"},\"image\":{\"@id\":\"https:\/\/projekt.vombat.ee\/eco\/#\/schema\/logo\/image\/\"}}]}<\/script>\n<!-- \/ Yoast SEO plugin. -->","yoast_head_json":{"title":"Kugoo S3 elektriline t\u00f5ukeratas 30km - Ecocruiser","description":"Kugoo S3 elektriline t\u00f5ukeratas 30km - Kvaliteetsed br\u00e4ndid, lai valik - Ecocruiser.ee - K\u00fcsimuste korral v\u00f5ta \u00fchendust info@projekt.vombat.ee","robots":{"index":"noindex","follow":"follow","max-snippet":"max-snippet:-1","max-image-preview":"max-image-preview:large","max-video-preview":"max-video-preview:-1"},"og_locale":"en_GB","og_type":"article","og_title":"Kugoo S3 elektriline t\u00f5ukeratas 30km - Ecocruiser","og_description":"Kugoo S3 elektriline t\u00f5ukeratas 30km - Kvaliteetsed br\u00e4ndid, lai valik - Ecocruiser.ee - K\u00fcsimuste korral v\u00f5ta \u00fchendust info@projekt.vombat.ee","og_url":"https:\/\/projekt.vombat.ee\/eco\/pood\/elektritoukerattad\/linna-toukerattad\/kugoo-s3-elektriline-toukeratas-30km\/","og_site_name":"Ecocruiser","article_modified_time":"2024-05-14T11:39:20+00:00","og_image":[{"width":1000,"height":1000,"url":"https:\/\/projekt.vombat.ee\/eco\/wp-content\/uploads\/2023\/03\/1-18.webp","type":"image\/webp"}],"twitter_card":"summary_large_image","twitter_misc":{"Estimated reading time":"2 minutes"},"schema":{"@context":"https:\/\/schema.org","@graph":[{"@type":"WebPage","@id":"https:\/\/projekt.vombat.ee\/eco\/pood\/elektritoukerattad\/linna-toukerattad\/kugoo-s3-elektriline-toukeratas-30km\/","url":"https:\/\/projekt.vombat.ee\/eco\/pood\/elektritoukerattad\/linna-toukerattad\/kugoo-s3-elektriline-toukeratas-30km\/","name":"Kugoo S3 elektriline t\u00f5ukeratas 30km - Ecocruiser","isPartOf":{"@id":"https:\/\/projekt.vombat.ee\/eco\/#website"},"primaryImageOfPage":{"@id":"https:\/\/projekt.vombat.ee\/eco\/pood\/elektritoukerattad\/linna-toukerattad\/kugoo-s3-elektriline-toukeratas-30km\/#primaryimage"},"image":{"@id":"https:\/\/projekt.vombat.ee\/eco\/pood\/elektritoukerattad\/linna-toukerattad\/kugoo-s3-elektriline-toukeratas-30km\/#primaryimage"},"thumbnailUrl":"https:\/\/projekt.vombat.ee\/eco\/wp-content\/uploads\/2023\/03\/1-18.webp","datePublished":"2023-03-11T15:29:28+00:00","dateModified":"2024-05-14T11:39:20+00:00","description":"Kugoo S3 elektriline t\u00f5ukeratas 30km - Kvaliteetsed br\u00e4ndid, lai valik - Ecocruiser.ee - K\u00fcsimuste korral v\u00f5ta \u00fchendust info@projekt.vombat.ee","breadcrumb":{"@id":"https:\/\/projekt.vombat.ee\/eco\/pood\/elektritoukerattad\/linna-toukerattad\/kugoo-s3-elektriline-toukeratas-30km\/#breadcrumb"},"inLanguage":"en-GB","potentialAction":[{"@type":"ReadAction","target":["https:\/\/projekt.vombat.ee\/eco\/pood\/elektritoukerattad\/linna-toukerattad\/kugoo-s3-elektriline-toukeratas-30km\/"]}]},{"@type":"ImageObject","inLanguage":"en-GB","@id":"https:\/\/projekt.vombat.ee\/eco\/pood\/elektritoukerattad\/linna-toukerattad\/kugoo-s3-elektriline-toukeratas-30km\/#primaryimage","url":"https:\/\/projekt.vombat.ee\/eco\/wp-content\/uploads\/2023\/03\/1-18.webp","contentUrl":"https:\/\/projekt.vombat.ee\/eco\/wp-content\/uploads\/2023\/03\/1-18.webp","width":1000,"height":1000,"caption":"Kugoo S3"},{"@type":"BreadcrumbList","@id":"https:\/\/projekt.vombat.ee\/eco\/pood\/elektritoukerattad\/linna-toukerattad\/kugoo-s3-elektriline-toukeratas-30km\/#breadcrumb","itemListElement":[{"@type":"ListItem","position":1,"name":"Home","item":"https:\/\/projekt.vombat.ee\/eco\/"},{"@type":"ListItem","position":2,"name":"Pood","item":"https:\/\/projekt.vombat.ee\/eco\/pood\/"},{"@type":"ListItem","position":3,"name":"Kugoo S3 elektriline t\u00f5ukeratas 30km"}]},{"@type":"WebSite","@id":"https:\/\/projekt.vombat.ee\/eco\/#website","url":"https:\/\/projekt.vombat.ee\/eco\/","name":"Ecocruiser","description":"","publisher":{"@id":"https:\/\/projekt.vombat.ee\/eco\/#organization"},"potentialAction":[{"@type":"SearchAction","target":{"@type":"EntryPoint","urlTemplate":"https:\/\/projekt.vombat.ee\/eco\/?s={search_term_string}"},"query-input":{"@type":"PropertyValueSpecification","valueRequired":true,"valueName":"search_term_string"}}],"inLanguage":"en-GB"},{"@type":"Organization","@id":"https:\/\/projekt.vombat.ee\/eco\/#organization","name":"Ecocruiser","url":"https:\/\/projekt.vombat.ee\/eco\/","logo":{"@type":"ImageObject","inLanguage":"en-GB","@id":"https:\/\/projekt.vombat.ee\/eco\/#\/schema\/logo\/image\/","url":"https:\/\/projekt.vombat.ee\/eco\/wp-content\/uploads\/2023\/03\/ECOCRUISER_5.png","contentUrl":"https:\/\/projekt.vombat.ee\/eco\/wp-content\/uploads\/2023\/03\/ECOCRUISER_5.png","width":234,"height":91,"caption":"Ecocruiser"},"image":{"@id":"https:\/\/projekt.vombat.ee\/eco\/#\/schema\/logo\/image\/"}}]}},"lang":"et","translations":{"et":6414,"ru":6424,"fi":7775,"fr":17070},"pll_sync_post":[],"_links":{"self":[{"href":"https:\/\/projekt.vombat.ee\/eco\/wp-json\/wp\/v2\/product\/6414"}],"collection":[{"href":"https:\/\/projekt.vombat.ee\/eco\/wp-json\/wp\/v2\/product"}],"about":[{"href":"https:\/\/projekt.vombat.ee\/eco\/wp-json\/wp\/v2\/types\/product"}],"version-history":[{"count":3,"href":"https:\/\/projekt.vombat.ee\/eco\/wp-json\/wp\/v2\/product\/6414\/revisions"}],"predecessor-version":[{"id":6540,"href":"https:\/\/projekt.vombat.ee\/eco\/wp-json\/wp\/v2\/product\/6414\/revisions\/6540"}],"wp:featuredmedia":[{"embeddable":true,"href":"https:\/\/projekt.vombat.ee\/eco\/wp-json\/wp\/v2\/media\/8671"}],"wp:attachment":[{"href":"https:\/\/projekt.vombat.ee\/eco\/wp-json\/wp\/v2\/media?parent=6414"}],"wp:term":[{"taxonomy":"product_cat","embeddable":true,"href":"https:\/\/projekt.vombat.ee\/eco\/wp-json\/wp\/v2\/product_cat?post=6414"},{"taxonomy":"product_tag","embeddable":true,"href":"https:\/\/projekt.vombat.ee\/eco\/wp-json\/wp\/v2\/product_tag?post=6414"}],"curies":[{"name":"wp","href":"https:\/\/api.w.org\/{rel}","templated":true}]}}