{"id":6398,"date":"2023-03-11T14:37:07","date_gmt":"2023-03-11T14:37:07","guid":{"rendered":"https:\/\/projekt.vombat.ee\/eco\/?post_type=product&#038;p=6398"},"modified":"2024-10-30T08:50:21","modified_gmt":"2024-10-30T08:50:21","slug":"kugoo-kukirin-g2-pro-elektriline-toukeratas","status":"publish","type":"product","link":"https:\/\/projekt.vombat.ee\/eco\/pood\/elektritoukerattad\/voimsad-toukerattad\/kugoo-kukirin-g2-pro-elektriline-toukeratas\/","title":{"rendered":"Kugoo Kirin G2 Pro elektriline t\u00f5ukeratas | 55km | 720WH Power | 45KM\/H Max"},"content":{"rendered":"<h1>KUGOO KIRIN G2 PRO ELEKTRILINE T\u00d5UKERATAS<\/h1>\n<div class=\"product-block product-block--header\">\n<h1 class=\"h2 product-single__title\">KUKIRIN G2 Pro Electric Scooter | 720WH Power | 45KM\/H Max Speed<\/h1>\n<\/div>\n<p><img decoding=\"async\" src=\"https:\/\/cdn.shopify.com\/s\/files\/1\/0291\/3422\/5501\/files\/KuKirin_G2_Pro_Desktop_Detail_17_1920x.jpg?v=1677823466%20alt=\" \/><\/p>\n<h3>V\u00d5IMAS MOOTOR &amp; AKU<\/h3>\n<p>Kugoo Kirin G2 pro -l on 600 W harjadeta mootor, naudib \u00fclikiiret h\u00fcppelist 3-k\u00e4igulist kiirusre\u017eiimi, maksimaalne kiirus v\u00f5ib ulatuda 25 km\/h-ni (piirajaga), muutes s\u00f5itmise meelevaldsemaks. Reguleerimisvahemik:<\/p>\n<p>Suure v\u00f5imsusega liitiumioonaku, k\u00f5rgkvaliteetne liitium-ioon aku, pidev suure voolukiirusega v\u00e4ljundv\u00f5imsus, mis tagab 55 km pikkuse l\u00e4bis\u00f5idu, laadib 8 tundi \u00f6\u00f6sel, s\u00f5idab p\u00e4eva jooksul ja m\u00e4ngib kui sa tahad. piisav. 7. Kiire voltimine: voltimiskoha kujundus on lihtne ja h\u00f5lpsasti kasutatav. Seda tuleb vaid kiiresti t\u00f5sta, t\u00f5mmata, vajutada ja kokku voltida, mis on teil mugav teistes s\u00f5idukites kaasas kanda. Samal ajal on Kirin G2 Pro-l iseseisev voltimisfunktsioon. Lukud, et hoida teid s\u00f5idu ajal turvalisemalt.<\/p>\n<p>&nbsp;<\/p>\n<h3>KUGOO KIRIN G2 PRO &#8211; TURVALINE JA STABIILNE<\/h3>\n<p>Peenh\u00e4\u00e4lestatud vedruamortisaator suudab t\u00f5husalt puhverdada keeruka maastikuga kaasnevaid ebatasasusi, v\u00f5ite sellega s\u00f5ita konarlikul teel ja oma reisir\u00f5\u00f5mu maksimeerida.<\/p>\n<p>9-tollised maastikurehvid, suure katvusalaga, ei vaju vihmastel p\u00e4evadel pori, hea l\u00f6\u00f6gisummutus, hea haardumine, ei karda keerulisi teeolusid, mis annab kindlustunde.<\/p>\n<p>Eesmised ja tagumised topeltketaspidurid, kui tahad, v\u00f5id peatuda, soovi korral v\u00f5id k\u00f5ndida, metsikult! Eesmised ja tagumised 120 mm juhtmega juhitavad ketaspidurid, ventileeritavad jahutuskettad, ei karda suurt kiirust, mis annab teile kindlustunde peatuda siis, kui soovite.<\/p>\n<p>&nbsp;<\/p>\n<h3>LED EKRAAN &amp; VALGUSTUSS\u00dcSTEEM<\/h3>\n<p>Digitaalekraani abil n\u00e4ete auto olekut reaalajas \u00fche pilguga koos k\u00f5igi s\u00f5iduandmetega, alates \u00f5rnast kuni tugeva tagasil\u00f6\u00f6gini, ja saate igal ajal nuppu vajutades s\u00f5idure\u017eiimi vahetada. \u00dcksk\u00f5ik, kas soovite rahulikku mugavust v\u00f5i \u00fclimat metsikut, v\u00f5ib see pakkuda teile soovitud l\u00f5bu.<\/p>\n<p>Kogu autos 6 tulede s\u00fcsteemi, mis valgustavad teid ja kaitsevad teie turvalisust, 1 esituli + 2 lisatuled + 3 hoiatavat tagatuld, mis mitte ainult ei valgusta teie ees teed, vaid kaitsevad teid ka vasak- ja parempoolses ning tagumises turvalisuses.<\/p>\n<p>&nbsp;<\/p>\n<h3>KUGOO KIRIN G2 PRO SPETSIFIKATSIOON<\/h3>\n<p>Tippkiirus: 25 km\/h (piirajaga)<br \/>\nVahemik: 55 km<br \/>\nAku: 48V 15Ah<br \/>\nMootori nimiv\u00f5imsus: 600W<br \/>\nM\u00e4kkeronimine: 20\u00b0<br \/>\nPiduris\u00fcsteem: Kahekordne ketaspidur<br \/>\nRehvid: 9&#8221;<br \/>\nSuurus: 1187*620*1315 mm<br \/>\nKaal: 26,7 kg<br \/>\nMaksimaalne koormus: 120 kg<br \/>\nLaadimisaeg: 7-8h<\/p>\n<p><strong>NB!<\/strong> Elektrit\u00f5ukerattaga s\u00f5ites soovitame alati kanda <a href=\"https:\/\/projekt.vombat.ee\/eco\/pood\/?product-cata=707\">kiivrit<\/a>. Alla 16 aastase kergliikuri jaoks on elektrit\u00f5uksiga s\u00f5idu ajal kiivri kandmine\u00a0<a href=\"https:\/\/www.riigiteataja.ee\/akt\/113112020001\">seaduse<\/a>\u00a0j\u00e4rgi kohustuslik<\/p>\n","protected":false},"excerpt":{"rendered":"<h6>KUGOO KIRIN G2 PRO ELEKTRILINE T\u00d5UKERATAS<\/h6>\n<ul>\n<li>S\u00f5iduulatus: 55 km<\/li>\n<li>Aku: 48V 15Ah<\/li>\n<li>Maksimaalne koormus: 120 kg<\/li>\n<li>Laadimisaeg: 7-8h<\/li>\n<li>Iste ei kuulu komplekti<\/li>\n<\/ul>\n<p>&nbsp;<\/p>\n<p>\u2666 Tarneaeg 3-8 p\u00e4eva<br \/>\n\u2666 Laos<\/p>\n","protected":false},"featured_media":15508,"template":"","meta":[],"product_cat":[1381,53,911,59],"product_tag":[],"class_list":{"0":"post-6398","1":"product","2":"type-product","3":"status-publish","4":"has-post-thumbnail","6":"product_cat-top-5-populaarsemat-elektritoukeratast","7":"product_cat-elektritoukerattad","8":"product_cat-voimsad-toukerattad","9":"product_cat-kugoo-elektritoukerattad","10":"product_shipping_class-suured-pakid","12":"first","13":"instock","14":"sale","15":"taxable","16":"shipping-taxable","17":"purchasable","18":"product-type-simple"},"yoast_head":"<!-- This site is optimized with the Yoast SEO plugin v23.8 - https:\/\/yoast.com\/wordpress\/plugins\/seo\/ -->\n<title>Kugoo Kirin G2 Pro elektriline t\u00f5ukeratas | 55km | 720WH Power | 45KM\/H Max - Ecocruiser<\/title>\n<meta name=\"description\" content=\"Kugoo Kirin G2 Pro elektriline t\u00f5ukeratas | 55km | 720WH Power | 45KM\/H Max - Kvaliteetsed br\u00e4ndid, lai valik - Ecocruiser.ee - K\u00fcsimuste korral v\u00f5ta \u00fchendust info@projekt.vombat.ee\" \/>\n<meta name=\"robots\" content=\"noindex, follow, max-snippet:-1, max-image-preview:large, max-video-preview:-1\" \/>\n<meta property=\"og:locale\" content=\"en_GB\" \/>\n<meta property=\"og:type\" content=\"article\" \/>\n<meta property=\"og:title\" content=\"Kugoo Kirin G2 Pro elektriline t\u00f5ukeratas | 55km | 720WH Power | 45KM\/H Max - Ecocruiser\" \/>\n<meta property=\"og:description\" content=\"Kugoo Kirin G2 Pro elektriline t\u00f5ukeratas | 55km | 720WH Power | 45KM\/H Max - Kvaliteetsed br\u00e4ndid, lai valik - Ecocruiser.ee - K\u00fcsimuste korral v\u00f5ta \u00fchendust info@projekt.vombat.ee\" \/>\n<meta property=\"og:url\" content=\"https:\/\/projekt.vombat.ee\/eco\/pood\/elektritoukerattad\/voimsad-toukerattad\/kugoo-kukirin-g2-pro-elektriline-toukeratas\/\" \/>\n<meta property=\"og:site_name\" content=\"Ecocruiser\" \/>\n<meta property=\"article:modified_time\" content=\"2024-10-30T08:50:21+00:00\" \/>\n<meta property=\"og:image\" content=\"https:\/\/projekt.vombat.ee\/eco\/wp-content\/uploads\/2023\/03\/d69abe6a5554bec15e3849614e4394a7.webp\" \/>\n\t<meta property=\"og:image:width\" content=\"1000\" \/>\n\t<meta property=\"og:image:height\" content=\"1000\" \/>\n\t<meta property=\"og:image:type\" content=\"image\/webp\" \/>\n<meta name=\"twitter:card\" content=\"summary_large_image\" \/>\n<meta name=\"twitter:label1\" content=\"Estimated reading time\" \/>\n\t<meta name=\"twitter:data1\" content=\"2 minutes\" \/>\n<script type=\"application\/ld+json\" class=\"yoast-schema-graph\">{\"@context\":\"https:\/\/schema.org\",\"@graph\":[{\"@type\":\"WebPage\",\"@id\":\"https:\/\/projekt.vombat.ee\/eco\/pood\/elektritoukerattad\/voimsad-toukerattad\/kugoo-kukirin-g2-pro-elektriline-toukeratas\/\",\"url\":\"https:\/\/projekt.vombat.ee\/eco\/pood\/elektritoukerattad\/voimsad-toukerattad\/kugoo-kukirin-g2-pro-elektriline-toukeratas\/\",\"name\":\"Kugoo Kirin G2 Pro elektriline t\u00f5ukeratas | 55km | 720WH Power | 45KM\/H Max - Ecocruiser\",\"isPartOf\":{\"@id\":\"https:\/\/projekt.vombat.ee\/eco\/#website\"},\"primaryImageOfPage\":{\"@id\":\"https:\/\/projekt.vombat.ee\/eco\/pood\/elektritoukerattad\/voimsad-toukerattad\/kugoo-kukirin-g2-pro-elektriline-toukeratas\/#primaryimage\"},\"image\":{\"@id\":\"https:\/\/projekt.vombat.ee\/eco\/pood\/elektritoukerattad\/voimsad-toukerattad\/kugoo-kukirin-g2-pro-elektriline-toukeratas\/#primaryimage\"},\"thumbnailUrl\":\"https:\/\/projekt.vombat.ee\/eco\/wp-content\/uploads\/2023\/03\/d69abe6a5554bec15e3849614e4394a7.webp\",\"datePublished\":\"2023-03-11T14:37:07+00:00\",\"dateModified\":\"2024-10-30T08:50:21+00:00\",\"description\":\"Kugoo Kirin G2 Pro elektriline t\u00f5ukeratas | 55km | 720WH Power | 45KM\/H Max - Kvaliteetsed br\u00e4ndid, lai valik - Ecocruiser.ee - K\u00fcsimuste korral v\u00f5ta \u00fchendust info@projekt.vombat.ee\",\"breadcrumb\":{\"@id\":\"https:\/\/projekt.vombat.ee\/eco\/pood\/elektritoukerattad\/voimsad-toukerattad\/kugoo-kukirin-g2-pro-elektriline-toukeratas\/#breadcrumb\"},\"inLanguage\":\"en-GB\",\"potentialAction\":[{\"@type\":\"ReadAction\",\"target\":[\"https:\/\/projekt.vombat.ee\/eco\/pood\/elektritoukerattad\/voimsad-toukerattad\/kugoo-kukirin-g2-pro-elektriline-toukeratas\/\"]}]},{\"@type\":\"ImageObject\",\"inLanguage\":\"en-GB\",\"@id\":\"https:\/\/projekt.vombat.ee\/eco\/pood\/elektritoukerattad\/voimsad-toukerattad\/kugoo-kukirin-g2-pro-elektriline-toukeratas\/#primaryimage\",\"url\":\"https:\/\/projekt.vombat.ee\/eco\/wp-content\/uploads\/2023\/03\/d69abe6a5554bec15e3849614e4394a7.webp\",\"contentUrl\":\"https:\/\/projekt.vombat.ee\/eco\/wp-content\/uploads\/2023\/03\/d69abe6a5554bec15e3849614e4394a7.webp\",\"width\":1000,\"height\":1000},{\"@type\":\"BreadcrumbList\",\"@id\":\"https:\/\/projekt.vombat.ee\/eco\/pood\/elektritoukerattad\/voimsad-toukerattad\/kugoo-kukirin-g2-pro-elektriline-toukeratas\/#breadcrumb\",\"itemListElement\":[{\"@type\":\"ListItem\",\"position\":1,\"name\":\"Home\",\"item\":\"https:\/\/projekt.vombat.ee\/eco\/\"},{\"@type\":\"ListItem\",\"position\":2,\"name\":\"Pood\",\"item\":\"https:\/\/projekt.vombat.ee\/eco\/pood\/\"},{\"@type\":\"ListItem\",\"position\":3,\"name\":\"Kugoo Kirin G2 Pro elektriline t\u00f5ukeratas | 55km | 720WH Power | 45KM\/H Max\"}]},{\"@type\":\"WebSite\",\"@id\":\"https:\/\/projekt.vombat.ee\/eco\/#website\",\"url\":\"https:\/\/projekt.vombat.ee\/eco\/\",\"name\":\"Ecocruiser\",\"description\":\"\",\"publisher\":{\"@id\":\"https:\/\/projekt.vombat.ee\/eco\/#organization\"},\"potentialAction\":[{\"@type\":\"SearchAction\",\"target\":{\"@type\":\"EntryPoint\",\"urlTemplate\":\"https:\/\/projekt.vombat.ee\/eco\/?s={search_term_string}\"},\"query-input\":{\"@type\":\"PropertyValueSpecification\",\"valueRequired\":true,\"valueName\":\"search_term_string\"}}],\"inLanguage\":\"en-GB\"},{\"@type\":\"Organization\",\"@id\":\"https:\/\/projekt.vombat.ee\/eco\/#organization\",\"name\":\"Ecocruiser\",\"url\":\"https:\/\/projekt.vombat.ee\/eco\/\",\"logo\":{\"@type\":\"ImageObject\",\"inLanguage\":\"en-GB\",\"@id\":\"https:\/\/projekt.vombat.ee\/eco\/#\/schema\/logo\/image\/\",\"url\":\"https:\/\/projekt.vombat.ee\/eco\/wp-content\/uploads\/2023\/03\/ECOCRUISER_5.png\",\"contentUrl\":\"https:\/\/projekt.vombat.ee\/eco\/wp-content\/uploads\/2023\/03\/ECOCRUISER_5.png\",\"width\":234,\"height\":91,\"caption\":\"Ecocruiser\"},\"image\":{\"@id\":\"https:\/\/projekt.vombat.ee\/eco\/#\/schema\/logo\/image\/\"}}]}<\/script>\n<!-- \/ Yoast SEO plugin. -->","yoast_head_json":{"title":"Kugoo Kirin G2 Pro elektriline t\u00f5ukeratas | 55km | 720WH Power | 45KM\/H Max - Ecocruiser","description":"Kugoo Kirin G2 Pro elektriline t\u00f5ukeratas | 55km | 720WH Power | 45KM\/H Max - Kvaliteetsed br\u00e4ndid, lai valik - Ecocruiser.ee - K\u00fcsimuste korral v\u00f5ta \u00fchendust info@projekt.vombat.ee","robots":{"index":"noindex","follow":"follow","max-snippet":"max-snippet:-1","max-image-preview":"max-image-preview:large","max-video-preview":"max-video-preview:-1"},"og_locale":"en_GB","og_type":"article","og_title":"Kugoo Kirin G2 Pro elektriline t\u00f5ukeratas | 55km | 720WH Power | 45KM\/H Max - Ecocruiser","og_description":"Kugoo Kirin G2 Pro elektriline t\u00f5ukeratas | 55km | 720WH Power | 45KM\/H Max - Kvaliteetsed br\u00e4ndid, lai valik - Ecocruiser.ee - K\u00fcsimuste korral v\u00f5ta \u00fchendust info@projekt.vombat.ee","og_url":"https:\/\/projekt.vombat.ee\/eco\/pood\/elektritoukerattad\/voimsad-toukerattad\/kugoo-kukirin-g2-pro-elektriline-toukeratas\/","og_site_name":"Ecocruiser","article_modified_time":"2024-10-30T08:50:21+00:00","og_image":[{"width":1000,"height":1000,"url":"https:\/\/projekt.vombat.ee\/eco\/wp-content\/uploads\/2023\/03\/d69abe6a5554bec15e3849614e4394a7.webp","type":"image\/webp"}],"twitter_card":"summary_large_image","twitter_misc":{"Estimated reading time":"2 minutes"},"schema":{"@context":"https:\/\/schema.org","@graph":[{"@type":"WebPage","@id":"https:\/\/projekt.vombat.ee\/eco\/pood\/elektritoukerattad\/voimsad-toukerattad\/kugoo-kukirin-g2-pro-elektriline-toukeratas\/","url":"https:\/\/projekt.vombat.ee\/eco\/pood\/elektritoukerattad\/voimsad-toukerattad\/kugoo-kukirin-g2-pro-elektriline-toukeratas\/","name":"Kugoo Kirin G2 Pro elektriline t\u00f5ukeratas | 55km | 720WH Power | 45KM\/H Max - Ecocruiser","isPartOf":{"@id":"https:\/\/projekt.vombat.ee\/eco\/#website"},"primaryImageOfPage":{"@id":"https:\/\/projekt.vombat.ee\/eco\/pood\/elektritoukerattad\/voimsad-toukerattad\/kugoo-kukirin-g2-pro-elektriline-toukeratas\/#primaryimage"},"image":{"@id":"https:\/\/projekt.vombat.ee\/eco\/pood\/elektritoukerattad\/voimsad-toukerattad\/kugoo-kukirin-g2-pro-elektriline-toukeratas\/#primaryimage"},"thumbnailUrl":"https:\/\/projekt.vombat.ee\/eco\/wp-content\/uploads\/2023\/03\/d69abe6a5554bec15e3849614e4394a7.webp","datePublished":"2023-03-11T14:37:07+00:00","dateModified":"2024-10-30T08:50:21+00:00","description":"Kugoo Kirin G2 Pro elektriline t\u00f5ukeratas | 55km | 720WH Power | 45KM\/H Max - Kvaliteetsed br\u00e4ndid, lai valik - Ecocruiser.ee - K\u00fcsimuste korral v\u00f5ta \u00fchendust info@projekt.vombat.ee","breadcrumb":{"@id":"https:\/\/projekt.vombat.ee\/eco\/pood\/elektritoukerattad\/voimsad-toukerattad\/kugoo-kukirin-g2-pro-elektriline-toukeratas\/#breadcrumb"},"inLanguage":"en-GB","potentialAction":[{"@type":"ReadAction","target":["https:\/\/projekt.vombat.ee\/eco\/pood\/elektritoukerattad\/voimsad-toukerattad\/kugoo-kukirin-g2-pro-elektriline-toukeratas\/"]}]},{"@type":"ImageObject","inLanguage":"en-GB","@id":"https:\/\/projekt.vombat.ee\/eco\/pood\/elektritoukerattad\/voimsad-toukerattad\/kugoo-kukirin-g2-pro-elektriline-toukeratas\/#primaryimage","url":"https:\/\/projekt.vombat.ee\/eco\/wp-content\/uploads\/2023\/03\/d69abe6a5554bec15e3849614e4394a7.webp","contentUrl":"https:\/\/projekt.vombat.ee\/eco\/wp-content\/uploads\/2023\/03\/d69abe6a5554bec15e3849614e4394a7.webp","width":1000,"height":1000},{"@type":"BreadcrumbList","@id":"https:\/\/projekt.vombat.ee\/eco\/pood\/elektritoukerattad\/voimsad-toukerattad\/kugoo-kukirin-g2-pro-elektriline-toukeratas\/#breadcrumb","itemListElement":[{"@type":"ListItem","position":1,"name":"Home","item":"https:\/\/projekt.vombat.ee\/eco\/"},{"@type":"ListItem","position":2,"name":"Pood","item":"https:\/\/projekt.vombat.ee\/eco\/pood\/"},{"@type":"ListItem","position":3,"name":"Kugoo Kirin G2 Pro elektriline t\u00f5ukeratas | 55km | 720WH Power | 45KM\/H Max"}]},{"@type":"WebSite","@id":"https:\/\/projekt.vombat.ee\/eco\/#website","url":"https:\/\/projekt.vombat.ee\/eco\/","name":"Ecocruiser","description":"","publisher":{"@id":"https:\/\/projekt.vombat.ee\/eco\/#organization"},"potentialAction":[{"@type":"SearchAction","target":{"@type":"EntryPoint","urlTemplate":"https:\/\/projekt.vombat.ee\/eco\/?s={search_term_string}"},"query-input":{"@type":"PropertyValueSpecification","valueRequired":true,"valueName":"search_term_string"}}],"inLanguage":"en-GB"},{"@type":"Organization","@id":"https:\/\/projekt.vombat.ee\/eco\/#organization","name":"Ecocruiser","url":"https:\/\/projekt.vombat.ee\/eco\/","logo":{"@type":"ImageObject","inLanguage":"en-GB","@id":"https:\/\/projekt.vombat.ee\/eco\/#\/schema\/logo\/image\/","url":"https:\/\/projekt.vombat.ee\/eco\/wp-content\/uploads\/2023\/03\/ECOCRUISER_5.png","contentUrl":"https:\/\/projekt.vombat.ee\/eco\/wp-content\/uploads\/2023\/03\/ECOCRUISER_5.png","width":234,"height":91,"caption":"Ecocruiser"},"image":{"@id":"https:\/\/projekt.vombat.ee\/eco\/#\/schema\/logo\/image\/"}}]}},"lang":"et","translations":{"et":6398,"ru":6406,"fi":7571,"lv":10892,"en":15926,"fr":16994},"pll_sync_post":[],"_links":{"self":[{"href":"https:\/\/projekt.vombat.ee\/eco\/wp-json\/wp\/v2\/product\/6398"}],"collection":[{"href":"https:\/\/projekt.vombat.ee\/eco\/wp-json\/wp\/v2\/product"}],"about":[{"href":"https:\/\/projekt.vombat.ee\/eco\/wp-json\/wp\/v2\/types\/product"}],"version-history":[{"count":14,"href":"https:\/\/projekt.vombat.ee\/eco\/wp-json\/wp\/v2\/product\/6398\/revisions"}],"predecessor-version":[{"id":21270,"href":"https:\/\/projekt.vombat.ee\/eco\/wp-json\/wp\/v2\/product\/6398\/revisions\/21270"}],"wp:featuredmedia":[{"embeddable":true,"href":"https:\/\/projekt.vombat.ee\/eco\/wp-json\/wp\/v2\/media\/15508"}],"wp:attachment":[{"href":"https:\/\/projekt.vombat.ee\/eco\/wp-json\/wp\/v2\/media?parent=6398"}],"wp:term":[{"taxonomy":"product_cat","embeddable":true,"href":"https:\/\/projekt.vombat.ee\/eco\/wp-json\/wp\/v2\/product_cat?post=6398"},{"taxonomy":"product_tag","embeddable":true,"href":"https:\/\/projekt.vombat.ee\/eco\/wp-json\/wp\/v2\/product_tag?post=6398"}],"curies":[{"name":"wp","href":"https:\/\/api.w.org\/{rel}","templated":true}]}}