{"id":6362,"date":"2023-03-10T21:44:22","date_gmt":"2023-03-10T21:44:22","guid":{"rendered":"https:\/\/projekt.vombat.ee\/eco\/?post_type=product&#038;p=6362"},"modified":"2024-01-12T19:29:07","modified_gmt":"2024-01-12T19:29:07","slug":"joyor-y5s-elektriline-toukeratas","status":"publish","type":"product","link":"https:\/\/projekt.vombat.ee\/eco\/pood\/brandid\/joyor\/joyor-y5s-elektriline-toukeratas\/","title":{"rendered":"Joyor Y5S elektriline t\u00f5ukeratas 50km"},"content":{"rendered":"<h1>JOYOR Y5S ELEKTRILINE T\u00d5UKERATAS<\/h1>\n<p>Elektriline t\u00f5ukeratas <strong>Joyor Y5S<\/strong> on varustatud v\u00f5imeka 500W mootoriga ning mahuka akuga, mis on suuteline \u00fche laadimisega l\u00e4bima kuni 50km. Y5S on k\u00fcll veidi kallim kui varasemad eelk\u00e4ijad, kuid see-eest on ka lisasi rohkem. Stabiilsuse tagamiseks on m\u00f5lemad rehvid 10&#8243; ning nii ees kui taga on korralikud amordid. Lisaks on t\u00f5ukerattal korralik valgustus mis tagab h\u00e4maratel aegadel nii teie kui kaasliiklejate turvalisuse<span style=\"font-size: inherit;\">.<\/span><\/p>\n<h3>MIKS VALIDA Y5S?<\/h3>\n<p><b>&#8211; V\u00f5imas mootor. <\/b>T\u00f5ukerattale on paigaldatud korralik 500W mootor, mis tagab teile hea mineku ka t\u00f5usudel.<\/p>\n<p><strong>&#8211; S\u00f5idustabiilsus.<\/strong> 10&#8243; \u00f5hkrehvid ja topeltamordid teevad s\u00f5idu \u00fclimalt nauditavaks.<\/p>\n<p>&#8211; <b>Hea s\u00f5iduulatus. <\/b>\u00dche laadimisega on see mudel v\u00f5imeline l\u00e4bima kuni 50km.<\/p>\n<p>&nbsp;<\/p>\n<p>NB! Elektrit\u00f5ukerattaga s\u00f5ites soovitame alati kanda <a href=\"https:\/\/projekt.vombat.ee\/eco\/pood\/?product-cata=707\">kiivrit<\/a>. Alla 16 aastase kergliikuri jaoks on elektrit\u00f5uksiga s\u00f5idu ajal kiivri kandmine\u00a0<a href=\"https:\/\/www.riigiteataja.ee\/akt\/113112020001\">seaduse<\/a>\u00a0j\u00e4rgi kohustuslik<\/p>\n","protected":false},"excerpt":{"rendered":"<p><b>JOYOR Y5S ELEKTRILINE T\u00d5UKERATAS<\/b><\/p>\n<p>&nbsp;<\/p>\n<ul>\n<li><strong>V\u00f5imsus: <\/strong>500W<\/li>\n<li><strong>Kandev\u00f5ime:\u00a0<\/strong>120kg<\/li>\n<li><strong>Max kiirus:\u00a0<\/strong>25km\/h<\/li>\n<li><strong>Kaal<\/strong>: 20,5kg<\/li>\n<li><strong>S\u00f5iduulatus:\u00a0<\/strong>kuni 50km<\/li>\n<li><strong>Rehvid: <\/strong>10&#8243; \u00f5hkrehv<\/li>\n<\/ul>\n<p>\u2666 <strong>Tarneaeg<\/strong> 3-7 p\u00e4eva<br \/>\n\u2666 <strong>Laos<\/strong><\/p>\n","protected":false},"featured_media":6363,"template":"","meta":[],"product_cat":[53,680],"product_tag":[],"class_list":{"0":"post-6362","1":"product","2":"type-product","3":"status-publish","4":"has-post-thumbnail","6":"product_cat-elektritoukerattad","7":"product_cat-joyor","8":"product_shipping_class-suured-pakid","10":"first","11":"instock","12":"sale","13":"taxable","14":"shipping-taxable","15":"purchasable","16":"product-type-variable"},"yoast_head":"<!-- This site is optimized with the Yoast SEO plugin v23.8 - https:\/\/yoast.com\/wordpress\/plugins\/seo\/ -->\n<title>Joyor Y5S elektriline t\u00f5ukeratas 50km - Ecocruiser<\/title>\n<meta name=\"description\" content=\"Joyor Y5S elektriline t\u00f5ukeratas 50km - Kvaliteetsed br\u00e4ndid, lai valik - Ecocruiser.ee - K\u00fcsimuste korral v\u00f5ta \u00fchendust info@projekt.vombat.ee\" \/>\n<meta name=\"robots\" content=\"noindex, follow, max-snippet:-1, max-image-preview:large, max-video-preview:-1\" \/>\n<meta property=\"og:locale\" content=\"en_GB\" \/>\n<meta property=\"og:type\" content=\"article\" \/>\n<meta property=\"og:title\" content=\"Joyor Y5S elektriline t\u00f5ukeratas 50km - Ecocruiser\" \/>\n<meta property=\"og:description\" content=\"Joyor Y5S elektriline t\u00f5ukeratas 50km - Kvaliteetsed br\u00e4ndid, lai valik - Ecocruiser.ee - K\u00fcsimuste korral v\u00f5ta \u00fchendust info@projekt.vombat.ee\" \/>\n<meta property=\"og:url\" content=\"https:\/\/projekt.vombat.ee\/eco\/pood\/brandid\/joyor\/joyor-y5s-elektriline-toukeratas\/\" \/>\n<meta property=\"og:site_name\" content=\"Ecocruiser\" \/>\n<meta property=\"article:modified_time\" content=\"2024-01-12T19:29:07+00:00\" \/>\n<meta property=\"og:image\" content=\"https:\/\/projekt.vombat.ee\/eco\/wp-content\/uploads\/2023\/03\/Y-Series-Y5S-Y10-Black-copy.jpg\" \/>\n\t<meta property=\"og:image:width\" content=\"2000\" \/>\n\t<meta property=\"og:image:height\" content=\"2000\" \/>\n\t<meta property=\"og:image:type\" content=\"image\/jpeg\" \/>\n<meta name=\"twitter:card\" content=\"summary_large_image\" \/>\n<meta name=\"twitter:label1\" content=\"Estimated reading time\" \/>\n\t<meta name=\"twitter:data1\" content=\"1 minute\" \/>\n<script type=\"application\/ld+json\" class=\"yoast-schema-graph\">{\"@context\":\"https:\/\/schema.org\",\"@graph\":[{\"@type\":\"WebPage\",\"@id\":\"https:\/\/projekt.vombat.ee\/eco\/pood\/brandid\/joyor\/joyor-y5s-elektriline-toukeratas\/\",\"url\":\"https:\/\/projekt.vombat.ee\/eco\/pood\/brandid\/joyor\/joyor-y5s-elektriline-toukeratas\/\",\"name\":\"Joyor Y5S elektriline t\u00f5ukeratas 50km - Ecocruiser\",\"isPartOf\":{\"@id\":\"https:\/\/projekt.vombat.ee\/eco\/#website\"},\"primaryImageOfPage\":{\"@id\":\"https:\/\/projekt.vombat.ee\/eco\/pood\/brandid\/joyor\/joyor-y5s-elektriline-toukeratas\/#primaryimage\"},\"image\":{\"@id\":\"https:\/\/projekt.vombat.ee\/eco\/pood\/brandid\/joyor\/joyor-y5s-elektriline-toukeratas\/#primaryimage\"},\"thumbnailUrl\":\"https:\/\/projekt.vombat.ee\/eco\/wp-content\/uploads\/2023\/03\/Y-Series-Y5S-Y10-Black-copy.jpg\",\"datePublished\":\"2023-03-10T21:44:22+00:00\",\"dateModified\":\"2024-01-12T19:29:07+00:00\",\"description\":\"Joyor Y5S elektriline t\u00f5ukeratas 50km - Kvaliteetsed br\u00e4ndid, lai valik - Ecocruiser.ee - K\u00fcsimuste korral v\u00f5ta \u00fchendust info@projekt.vombat.ee\",\"breadcrumb\":{\"@id\":\"https:\/\/projekt.vombat.ee\/eco\/pood\/brandid\/joyor\/joyor-y5s-elektriline-toukeratas\/#breadcrumb\"},\"inLanguage\":\"en-GB\",\"potentialAction\":[{\"@type\":\"ReadAction\",\"target\":[\"https:\/\/projekt.vombat.ee\/eco\/pood\/brandid\/joyor\/joyor-y5s-elektriline-toukeratas\/\"]}]},{\"@type\":\"ImageObject\",\"inLanguage\":\"en-GB\",\"@id\":\"https:\/\/projekt.vombat.ee\/eco\/pood\/brandid\/joyor\/joyor-y5s-elektriline-toukeratas\/#primaryimage\",\"url\":\"https:\/\/projekt.vombat.ee\/eco\/wp-content\/uploads\/2023\/03\/Y-Series-Y5S-Y10-Black-copy.jpg\",\"contentUrl\":\"https:\/\/projekt.vombat.ee\/eco\/wp-content\/uploads\/2023\/03\/Y-Series-Y5S-Y10-Black-copy.jpg\",\"width\":2000,\"height\":2000,\"caption\":\"Joyor Y5S\"},{\"@type\":\"BreadcrumbList\",\"@id\":\"https:\/\/projekt.vombat.ee\/eco\/pood\/brandid\/joyor\/joyor-y5s-elektriline-toukeratas\/#breadcrumb\",\"itemListElement\":[{\"@type\":\"ListItem\",\"position\":1,\"name\":\"Home\",\"item\":\"https:\/\/projekt.vombat.ee\/eco\/\"},{\"@type\":\"ListItem\",\"position\":2,\"name\":\"Pood\",\"item\":\"https:\/\/projekt.vombat.ee\/eco\/pood\/\"},{\"@type\":\"ListItem\",\"position\":3,\"name\":\"Joyor Y5S elektriline t\u00f5ukeratas 50km\"}]},{\"@type\":\"WebSite\",\"@id\":\"https:\/\/projekt.vombat.ee\/eco\/#website\",\"url\":\"https:\/\/projekt.vombat.ee\/eco\/\",\"name\":\"Ecocruiser\",\"description\":\"\",\"publisher\":{\"@id\":\"https:\/\/projekt.vombat.ee\/eco\/#organization\"},\"potentialAction\":[{\"@type\":\"SearchAction\",\"target\":{\"@type\":\"EntryPoint\",\"urlTemplate\":\"https:\/\/projekt.vombat.ee\/eco\/?s={search_term_string}\"},\"query-input\":{\"@type\":\"PropertyValueSpecification\",\"valueRequired\":true,\"valueName\":\"search_term_string\"}}],\"inLanguage\":\"en-GB\"},{\"@type\":\"Organization\",\"@id\":\"https:\/\/projekt.vombat.ee\/eco\/#organization\",\"name\":\"Ecocruiser\",\"url\":\"https:\/\/projekt.vombat.ee\/eco\/\",\"logo\":{\"@type\":\"ImageObject\",\"inLanguage\":\"en-GB\",\"@id\":\"https:\/\/projekt.vombat.ee\/eco\/#\/schema\/logo\/image\/\",\"url\":\"https:\/\/projekt.vombat.ee\/eco\/wp-content\/uploads\/2023\/03\/ECOCRUISER_5.png\",\"contentUrl\":\"https:\/\/projekt.vombat.ee\/eco\/wp-content\/uploads\/2023\/03\/ECOCRUISER_5.png\",\"width\":234,\"height\":91,\"caption\":\"Ecocruiser\"},\"image\":{\"@id\":\"https:\/\/projekt.vombat.ee\/eco\/#\/schema\/logo\/image\/\"}}]}<\/script>\n<!-- \/ Yoast SEO plugin. -->","yoast_head_json":{"title":"Joyor Y5S elektriline t\u00f5ukeratas 50km - Ecocruiser","description":"Joyor Y5S elektriline t\u00f5ukeratas 50km - Kvaliteetsed br\u00e4ndid, lai valik - Ecocruiser.ee - K\u00fcsimuste korral v\u00f5ta \u00fchendust info@projekt.vombat.ee","robots":{"index":"noindex","follow":"follow","max-snippet":"max-snippet:-1","max-image-preview":"max-image-preview:large","max-video-preview":"max-video-preview:-1"},"og_locale":"en_GB","og_type":"article","og_title":"Joyor Y5S elektriline t\u00f5ukeratas 50km - Ecocruiser","og_description":"Joyor Y5S elektriline t\u00f5ukeratas 50km - Kvaliteetsed br\u00e4ndid, lai valik - Ecocruiser.ee - K\u00fcsimuste korral v\u00f5ta \u00fchendust info@projekt.vombat.ee","og_url":"https:\/\/projekt.vombat.ee\/eco\/pood\/brandid\/joyor\/joyor-y5s-elektriline-toukeratas\/","og_site_name":"Ecocruiser","article_modified_time":"2024-01-12T19:29:07+00:00","og_image":[{"width":2000,"height":2000,"url":"https:\/\/projekt.vombat.ee\/eco\/wp-content\/uploads\/2023\/03\/Y-Series-Y5S-Y10-Black-copy.jpg","type":"image\/jpeg"}],"twitter_card":"summary_large_image","twitter_misc":{"Estimated reading time":"1 minute"},"schema":{"@context":"https:\/\/schema.org","@graph":[{"@type":"WebPage","@id":"https:\/\/projekt.vombat.ee\/eco\/pood\/brandid\/joyor\/joyor-y5s-elektriline-toukeratas\/","url":"https:\/\/projekt.vombat.ee\/eco\/pood\/brandid\/joyor\/joyor-y5s-elektriline-toukeratas\/","name":"Joyor Y5S elektriline t\u00f5ukeratas 50km - Ecocruiser","isPartOf":{"@id":"https:\/\/projekt.vombat.ee\/eco\/#website"},"primaryImageOfPage":{"@id":"https:\/\/projekt.vombat.ee\/eco\/pood\/brandid\/joyor\/joyor-y5s-elektriline-toukeratas\/#primaryimage"},"image":{"@id":"https:\/\/projekt.vombat.ee\/eco\/pood\/brandid\/joyor\/joyor-y5s-elektriline-toukeratas\/#primaryimage"},"thumbnailUrl":"https:\/\/projekt.vombat.ee\/eco\/wp-content\/uploads\/2023\/03\/Y-Series-Y5S-Y10-Black-copy.jpg","datePublished":"2023-03-10T21:44:22+00:00","dateModified":"2024-01-12T19:29:07+00:00","description":"Joyor Y5S elektriline t\u00f5ukeratas 50km - Kvaliteetsed br\u00e4ndid, lai valik - Ecocruiser.ee - K\u00fcsimuste korral v\u00f5ta \u00fchendust info@projekt.vombat.ee","breadcrumb":{"@id":"https:\/\/projekt.vombat.ee\/eco\/pood\/brandid\/joyor\/joyor-y5s-elektriline-toukeratas\/#breadcrumb"},"inLanguage":"en-GB","potentialAction":[{"@type":"ReadAction","target":["https:\/\/projekt.vombat.ee\/eco\/pood\/brandid\/joyor\/joyor-y5s-elektriline-toukeratas\/"]}]},{"@type":"ImageObject","inLanguage":"en-GB","@id":"https:\/\/projekt.vombat.ee\/eco\/pood\/brandid\/joyor\/joyor-y5s-elektriline-toukeratas\/#primaryimage","url":"https:\/\/projekt.vombat.ee\/eco\/wp-content\/uploads\/2023\/03\/Y-Series-Y5S-Y10-Black-copy.jpg","contentUrl":"https:\/\/projekt.vombat.ee\/eco\/wp-content\/uploads\/2023\/03\/Y-Series-Y5S-Y10-Black-copy.jpg","width":2000,"height":2000,"caption":"Joyor Y5S"},{"@type":"BreadcrumbList","@id":"https:\/\/projekt.vombat.ee\/eco\/pood\/brandid\/joyor\/joyor-y5s-elektriline-toukeratas\/#breadcrumb","itemListElement":[{"@type":"ListItem","position":1,"name":"Home","item":"https:\/\/projekt.vombat.ee\/eco\/"},{"@type":"ListItem","position":2,"name":"Pood","item":"https:\/\/projekt.vombat.ee\/eco\/pood\/"},{"@type":"ListItem","position":3,"name":"Joyor Y5S elektriline t\u00f5ukeratas 50km"}]},{"@type":"WebSite","@id":"https:\/\/projekt.vombat.ee\/eco\/#website","url":"https:\/\/projekt.vombat.ee\/eco\/","name":"Ecocruiser","description":"","publisher":{"@id":"https:\/\/projekt.vombat.ee\/eco\/#organization"},"potentialAction":[{"@type":"SearchAction","target":{"@type":"EntryPoint","urlTemplate":"https:\/\/projekt.vombat.ee\/eco\/?s={search_term_string}"},"query-input":{"@type":"PropertyValueSpecification","valueRequired":true,"valueName":"search_term_string"}}],"inLanguage":"en-GB"},{"@type":"Organization","@id":"https:\/\/projekt.vombat.ee\/eco\/#organization","name":"Ecocruiser","url":"https:\/\/projekt.vombat.ee\/eco\/","logo":{"@type":"ImageObject","inLanguage":"en-GB","@id":"https:\/\/projekt.vombat.ee\/eco\/#\/schema\/logo\/image\/","url":"https:\/\/projekt.vombat.ee\/eco\/wp-content\/uploads\/2023\/03\/ECOCRUISER_5.png","contentUrl":"https:\/\/projekt.vombat.ee\/eco\/wp-content\/uploads\/2023\/03\/ECOCRUISER_5.png","width":234,"height":91,"caption":"Ecocruiser"},"image":{"@id":"https:\/\/projekt.vombat.ee\/eco\/#\/schema\/logo\/image\/"}}]}},"lang":"et","translations":{"et":6362,"fi":7590},"pll_sync_post":[],"_links":{"self":[{"href":"https:\/\/projekt.vombat.ee\/eco\/wp-json\/wp\/v2\/product\/6362"}],"collection":[{"href":"https:\/\/projekt.vombat.ee\/eco\/wp-json\/wp\/v2\/product"}],"about":[{"href":"https:\/\/projekt.vombat.ee\/eco\/wp-json\/wp\/v2\/types\/product"}],"version-history":[{"count":7,"href":"https:\/\/projekt.vombat.ee\/eco\/wp-json\/wp\/v2\/product\/6362\/revisions"}],"predecessor-version":[{"id":7601,"href":"https:\/\/projekt.vombat.ee\/eco\/wp-json\/wp\/v2\/product\/6362\/revisions\/7601"}],"wp:featuredmedia":[{"embeddable":true,"href":"https:\/\/projekt.vombat.ee\/eco\/wp-json\/wp\/v2\/media\/6363"}],"wp:attachment":[{"href":"https:\/\/projekt.vombat.ee\/eco\/wp-json\/wp\/v2\/media?parent=6362"}],"wp:term":[{"taxonomy":"product_cat","embeddable":true,"href":"https:\/\/projekt.vombat.ee\/eco\/wp-json\/wp\/v2\/product_cat?post=6362"},{"taxonomy":"product_tag","embeddable":true,"href":"https:\/\/projekt.vombat.ee\/eco\/wp-json\/wp\/v2\/product_tag?post=6362"}],"curies":[{"name":"wp","href":"https:\/\/api.w.org\/{rel}","templated":true}]}}