{"id":6300,"date":"2023-03-10T20:09:44","date_gmt":"2023-03-10T20:09:44","guid":{"rendered":"https:\/\/projekt.vombat.ee\/eco\/?post_type=product&#038;p=6300"},"modified":"2024-01-12T18:50:56","modified_gmt":"2024-01-12T18:50:56","slug":"joyor-f3-elektriline-toukeratas","status":"publish","type":"product","link":"https:\/\/projekt.vombat.ee\/eco\/pood\/brandid\/joyor\/joyor-f3-elektriline-toukeratas\/","title":{"rendered":"Joyor F3 elektriline t\u00f5ukeratas 40km"},"content":{"rendered":"<h1>JOYOR F3 ELEKTRILINE T\u00d5UKERATAS<\/h1>\n<p><strong>Joyor F3 <\/strong>puhul on tegemist kindlasti \u00fche Joyor br\u00e4ndi lipulaevaga. \u00dcsna tavap\u00e4rase esmamuljega, kuid \u00e4\u00e4retult funktsionaalne t\u00f5ukeratas &#8211; ees korralik amort, taga trummelpidur ning esi ja tagatuled. Kaalu poolest on see t\u00f5ukeratas \u00fcks kergemaid, kaaludes k\u00f5igest 12kg. Lisaks, et teda on lihtne kaasa v\u00f5tta, ei v\u00f5ta ka aku t\u00e4islaadimine meeletut aega. \u00dcks laadimine peaks v\u00f5tma ca 5-6h ning sellega saab s\u00f5ita kuni 40km. Samuti tooksime esile t\u00f5ukeratta 8 tollised rehvid ning, et s\u00f5it veelgi pehmem oleks on eesmine rehv \u00f5huga t\u00e4idetud.<\/p>\n<h3>JOYOR F3 P\u00d5HILISED LISAD<\/h3>\n<p><b>&#8211; Kerge ja kompaktne.\u00a0<\/b>Kuna t\u00f5ukeratas kaalub vaid 12kg siis on teda lihtne igale poole kaasa v\u00f5tta ning lisaks saab teda v\u00e4ga h\u00f5lpsasti kokku pakkida.\u00a0.<\/p>\n<p><strong>&#8211; Ideaalne linnas liiklemiseks.<\/strong> F1 ja F3 t\u00f5ukerattad on m\u00f5lemad disainitud eesm\u00e4rgiga, et liikumine oleks kiire ja lihtne. Kui soovid, et ei peaks ummikutes istuma v\u00f5i ei viitsi iga v\u00e4ikse s\u00f5idu p\u00e4rast autot v\u00e4lja ajada siis F1 on ideaalne abivahend.<\/p>\n<p>&#8211;\u00a0<strong>Stiilne.\u00a0<\/strong>Lisaks k\u00f5ikidele muudele vingetele omadustele n\u00e4eb t\u00f5ukeratas \u00fcsna viisakas ja soliidne v\u00e4lja.<\/p>\n<h3>Info<\/h3>\n<p>Max kiirus: 25km\/h (piiratud)<\/p>\n<p>Kiirustasemed: 3 (+ reisikiirus)<\/p>\n<p>Vahemaa: 35-40 km<\/p>\n<p>M\u00e4kkeronimisv\u00f5ime: 15\u00ba<\/p>\n<p>V\u00f5imsus: 350 W<\/p>\n<p>Aku mahutavus: 36V 13Ah<\/p>\n<p>Laadimisaeg: 6-7 h<\/p>\n<p>Rehvid: ees \u00f5hk ja tahke taga, 8&#8243;<\/p>\n<p>Vedrustus: eesmine<\/p>\n<p>Pidurid: tagumine trummelpidur<\/p>\n<p>Kaal: 13,5 kg<\/p>\n<p>Maksimaalne koormus: 120 kg<\/p>\n<p>Suurus lahtivolditult: 980x540x1140 mm<\/p>\n<p>M\u00f5\u00f5dud kokkupanduna: 880x180x360 mm<\/p>\n<p><img fetchpriority=\"high\" decoding=\"async\" id=\"FeatureRowImage-template--19447391519055__04949500-5ffc-4dce-b8b2-7f79298fa063\" class=\"feature-row__image\" src=\"https:\/\/joyorscooter.com\/cdn\/shop\/files\/Medidas-patinetes-f1-f3_535x.png?v=1690286553\" sizes=\"100vw\" srcset=\"\/\/joyorscooter.com\/cdn\/shop\/files\/Medidas-patinetes-f1-f3_375x.png?v=1690286553 375w,\/\/joyorscooter.com\/cdn\/shop\/files\/Medidas-patinetes-f1-f3_720x.png?v=1690286553 750w,\/\/joyorscooter.com\/cdn\/shop\/files\/Medidas-patinetes-f1-f3_1066x.png?v=1690286553 1066w,\/\/joyorscooter.com\/cdn\/shop\/files\/Medidas-patinetes-f1-f3_1500x.png?v=1690286553 1500w,\" alt=\"Your Travel Companion, Lightweight and Portable\" width=\"666\" height=\"666\" \/><\/p>\n<p>&nbsp;<\/p>\n<p>&nbsp;<\/p>\n","protected":false},"excerpt":{"rendered":"<p><b>JOYOR F3 ELEKTRILINE T\u00d5UKERATAS<\/b><\/p>\n<p>&nbsp;<\/p>\n<ul>\n<li><strong>V\u00f5imsus:\u00a0<\/strong>350W<\/li>\n<li><strong>Kandev\u00f5ime:\u00a0<\/strong>120kg<\/li>\n<li><strong>Max kiirus:\u00a0<\/strong>25km\/h<\/li>\n<li><strong>Kaal<\/strong>: 12kg<\/li>\n<li><strong>S\u00f5iduulatus:\u00a0<\/strong>kuni 40km<\/li>\n<li><strong>Aku:<\/strong> 36V 13Ah<\/li>\n<li><strong>Laadimisaeg:<\/strong> 6h<\/li>\n<li><strong>Rehvid:\u00a0<\/strong>8&#8243; (ees \u00f5hk, taga t\u00e4iskumm)<\/li>\n<\/ul>\n<p>&nbsp;<\/p>\n<ul>\n<li><strong>Saadavus:\u00a0<\/strong>Laos<\/li>\n<li><strong>Tarneaeg:\u00a0<\/strong>3-5 t\u00f6\u00f6p\u00e4eva<\/li>\n<\/ul>\n<p>&nbsp;<\/p>\n","protected":false},"featured_media":6290,"template":"","meta":[],"product_cat":[1384,53,680],"product_tag":[],"class_list":{"0":"post-6300","1":"product","2":"type-product","3":"status-publish","4":"has-post-thumbnail","6":"product_cat-toukerattad-noortele","7":"product_cat-elektritoukerattad","8":"product_cat-joyor","9":"product_shipping_class-suured-pakid","11":"first","12":"instock","13":"sale","14":"taxable","15":"shipping-taxable","16":"purchasable","17":"product-type-variable"},"yoast_head":"<!-- This site is optimized with the Yoast SEO plugin v23.8 - https:\/\/yoast.com\/wordpress\/plugins\/seo\/ -->\n<title>Joyor F3 elektriline t\u00f5ukeratas 40km - Ecocruiser<\/title>\n<meta name=\"description\" content=\"Joyor F3 elektriline t\u00f5ukeratas 40km - Kvaliteetsed br\u00e4ndid, lai valik - Ecocruiser.ee - K\u00fcsimuste korral v\u00f5ta \u00fchendust info@projekt.vombat.ee\" \/>\n<meta name=\"robots\" content=\"noindex, follow, max-snippet:-1, max-image-preview:large, max-video-preview:-1\" \/>\n<meta property=\"og:locale\" content=\"en_GB\" \/>\n<meta property=\"og:type\" content=\"article\" \/>\n<meta property=\"og:title\" content=\"Joyor F3 elektriline t\u00f5ukeratas 40km - Ecocruiser\" \/>\n<meta property=\"og:description\" content=\"Joyor F3 elektriline t\u00f5ukeratas 40km - Kvaliteetsed br\u00e4ndid, lai valik - Ecocruiser.ee - K\u00fcsimuste korral v\u00f5ta \u00fchendust info@projekt.vombat.ee\" \/>\n<meta property=\"og:url\" content=\"https:\/\/projekt.vombat.ee\/eco\/pood\/brandid\/joyor\/joyor-f3-elektriline-toukeratas\/\" \/>\n<meta property=\"og:site_name\" content=\"Ecocruiser\" \/>\n<meta property=\"article:modified_time\" content=\"2024-01-12T18:50:56+00:00\" \/>\n<meta property=\"og:image\" content=\"https:\/\/projekt.vombat.ee\/eco\/wp-content\/uploads\/2023\/03\/F-Series-F1-F3-Black.jpg\" \/>\n\t<meta property=\"og:image:width\" content=\"2000\" \/>\n\t<meta property=\"og:image:height\" content=\"2000\" \/>\n\t<meta property=\"og:image:type\" content=\"image\/jpeg\" \/>\n<meta name=\"twitter:card\" content=\"summary_large_image\" \/>\n<meta name=\"twitter:label1\" content=\"Estimated reading time\" \/>\n\t<meta name=\"twitter:data1\" content=\"2 minutes\" \/>\n<script type=\"application\/ld+json\" class=\"yoast-schema-graph\">{\"@context\":\"https:\/\/schema.org\",\"@graph\":[{\"@type\":\"WebPage\",\"@id\":\"https:\/\/projekt.vombat.ee\/eco\/pood\/brandid\/joyor\/joyor-f3-elektriline-toukeratas\/\",\"url\":\"https:\/\/projekt.vombat.ee\/eco\/pood\/brandid\/joyor\/joyor-f3-elektriline-toukeratas\/\",\"name\":\"Joyor F3 elektriline t\u00f5ukeratas 40km - Ecocruiser\",\"isPartOf\":{\"@id\":\"https:\/\/projekt.vombat.ee\/eco\/#website\"},\"primaryImageOfPage\":{\"@id\":\"https:\/\/projekt.vombat.ee\/eco\/pood\/brandid\/joyor\/joyor-f3-elektriline-toukeratas\/#primaryimage\"},\"image\":{\"@id\":\"https:\/\/projekt.vombat.ee\/eco\/pood\/brandid\/joyor\/joyor-f3-elektriline-toukeratas\/#primaryimage\"},\"thumbnailUrl\":\"https:\/\/projekt.vombat.ee\/eco\/wp-content\/uploads\/2023\/03\/F-Series-F1-F3-Black.jpg\",\"datePublished\":\"2023-03-10T20:09:44+00:00\",\"dateModified\":\"2024-01-12T18:50:56+00:00\",\"description\":\"Joyor F3 elektriline t\u00f5ukeratas 40km - Kvaliteetsed br\u00e4ndid, lai valik - Ecocruiser.ee - K\u00fcsimuste korral v\u00f5ta \u00fchendust info@projekt.vombat.ee\",\"breadcrumb\":{\"@id\":\"https:\/\/projekt.vombat.ee\/eco\/pood\/brandid\/joyor\/joyor-f3-elektriline-toukeratas\/#breadcrumb\"},\"inLanguage\":\"en-GB\",\"potentialAction\":[{\"@type\":\"ReadAction\",\"target\":[\"https:\/\/projekt.vombat.ee\/eco\/pood\/brandid\/joyor\/joyor-f3-elektriline-toukeratas\/\"]}]},{\"@type\":\"ImageObject\",\"inLanguage\":\"en-GB\",\"@id\":\"https:\/\/projekt.vombat.ee\/eco\/pood\/brandid\/joyor\/joyor-f3-elektriline-toukeratas\/#primaryimage\",\"url\":\"https:\/\/projekt.vombat.ee\/eco\/wp-content\/uploads\/2023\/03\/F-Series-F1-F3-Black.jpg\",\"contentUrl\":\"https:\/\/projekt.vombat.ee\/eco\/wp-content\/uploads\/2023\/03\/F-Series-F1-F3-Black.jpg\",\"width\":2000,\"height\":2000,\"caption\":\"Joyor F3\"},{\"@type\":\"BreadcrumbList\",\"@id\":\"https:\/\/projekt.vombat.ee\/eco\/pood\/brandid\/joyor\/joyor-f3-elektriline-toukeratas\/#breadcrumb\",\"itemListElement\":[{\"@type\":\"ListItem\",\"position\":1,\"name\":\"Home\",\"item\":\"https:\/\/projekt.vombat.ee\/eco\/\"},{\"@type\":\"ListItem\",\"position\":2,\"name\":\"Pood\",\"item\":\"https:\/\/projekt.vombat.ee\/eco\/pood\/\"},{\"@type\":\"ListItem\",\"position\":3,\"name\":\"Joyor F3 elektriline t\u00f5ukeratas 40km\"}]},{\"@type\":\"WebSite\",\"@id\":\"https:\/\/projekt.vombat.ee\/eco\/#website\",\"url\":\"https:\/\/projekt.vombat.ee\/eco\/\",\"name\":\"Ecocruiser\",\"description\":\"\",\"publisher\":{\"@id\":\"https:\/\/projekt.vombat.ee\/eco\/#organization\"},\"potentialAction\":[{\"@type\":\"SearchAction\",\"target\":{\"@type\":\"EntryPoint\",\"urlTemplate\":\"https:\/\/projekt.vombat.ee\/eco\/?s={search_term_string}\"},\"query-input\":{\"@type\":\"PropertyValueSpecification\",\"valueRequired\":true,\"valueName\":\"search_term_string\"}}],\"inLanguage\":\"en-GB\"},{\"@type\":\"Organization\",\"@id\":\"https:\/\/projekt.vombat.ee\/eco\/#organization\",\"name\":\"Ecocruiser\",\"url\":\"https:\/\/projekt.vombat.ee\/eco\/\",\"logo\":{\"@type\":\"ImageObject\",\"inLanguage\":\"en-GB\",\"@id\":\"https:\/\/projekt.vombat.ee\/eco\/#\/schema\/logo\/image\/\",\"url\":\"https:\/\/projekt.vombat.ee\/eco\/wp-content\/uploads\/2023\/03\/ECOCRUISER_5.png\",\"contentUrl\":\"https:\/\/projekt.vombat.ee\/eco\/wp-content\/uploads\/2023\/03\/ECOCRUISER_5.png\",\"width\":234,\"height\":91,\"caption\":\"Ecocruiser\"},\"image\":{\"@id\":\"https:\/\/projekt.vombat.ee\/eco\/#\/schema\/logo\/image\/\"}}]}<\/script>\n<!-- \/ Yoast SEO plugin. -->","yoast_head_json":{"title":"Joyor F3 elektriline t\u00f5ukeratas 40km - Ecocruiser","description":"Joyor F3 elektriline t\u00f5ukeratas 40km - Kvaliteetsed br\u00e4ndid, lai valik - Ecocruiser.ee - K\u00fcsimuste korral v\u00f5ta \u00fchendust info@projekt.vombat.ee","robots":{"index":"noindex","follow":"follow","max-snippet":"max-snippet:-1","max-image-preview":"max-image-preview:large","max-video-preview":"max-video-preview:-1"},"og_locale":"en_GB","og_type":"article","og_title":"Joyor F3 elektriline t\u00f5ukeratas 40km - Ecocruiser","og_description":"Joyor F3 elektriline t\u00f5ukeratas 40km - Kvaliteetsed br\u00e4ndid, lai valik - Ecocruiser.ee - K\u00fcsimuste korral v\u00f5ta \u00fchendust info@projekt.vombat.ee","og_url":"https:\/\/projekt.vombat.ee\/eco\/pood\/brandid\/joyor\/joyor-f3-elektriline-toukeratas\/","og_site_name":"Ecocruiser","article_modified_time":"2024-01-12T18:50:56+00:00","og_image":[{"width":2000,"height":2000,"url":"https:\/\/projekt.vombat.ee\/eco\/wp-content\/uploads\/2023\/03\/F-Series-F1-F3-Black.jpg","type":"image\/jpeg"}],"twitter_card":"summary_large_image","twitter_misc":{"Estimated reading time":"2 minutes"},"schema":{"@context":"https:\/\/schema.org","@graph":[{"@type":"WebPage","@id":"https:\/\/projekt.vombat.ee\/eco\/pood\/brandid\/joyor\/joyor-f3-elektriline-toukeratas\/","url":"https:\/\/projekt.vombat.ee\/eco\/pood\/brandid\/joyor\/joyor-f3-elektriline-toukeratas\/","name":"Joyor F3 elektriline t\u00f5ukeratas 40km - Ecocruiser","isPartOf":{"@id":"https:\/\/projekt.vombat.ee\/eco\/#website"},"primaryImageOfPage":{"@id":"https:\/\/projekt.vombat.ee\/eco\/pood\/brandid\/joyor\/joyor-f3-elektriline-toukeratas\/#primaryimage"},"image":{"@id":"https:\/\/projekt.vombat.ee\/eco\/pood\/brandid\/joyor\/joyor-f3-elektriline-toukeratas\/#primaryimage"},"thumbnailUrl":"https:\/\/projekt.vombat.ee\/eco\/wp-content\/uploads\/2023\/03\/F-Series-F1-F3-Black.jpg","datePublished":"2023-03-10T20:09:44+00:00","dateModified":"2024-01-12T18:50:56+00:00","description":"Joyor F3 elektriline t\u00f5ukeratas 40km - Kvaliteetsed br\u00e4ndid, lai valik - Ecocruiser.ee - K\u00fcsimuste korral v\u00f5ta \u00fchendust info@projekt.vombat.ee","breadcrumb":{"@id":"https:\/\/projekt.vombat.ee\/eco\/pood\/brandid\/joyor\/joyor-f3-elektriline-toukeratas\/#breadcrumb"},"inLanguage":"en-GB","potentialAction":[{"@type":"ReadAction","target":["https:\/\/projekt.vombat.ee\/eco\/pood\/brandid\/joyor\/joyor-f3-elektriline-toukeratas\/"]}]},{"@type":"ImageObject","inLanguage":"en-GB","@id":"https:\/\/projekt.vombat.ee\/eco\/pood\/brandid\/joyor\/joyor-f3-elektriline-toukeratas\/#primaryimage","url":"https:\/\/projekt.vombat.ee\/eco\/wp-content\/uploads\/2023\/03\/F-Series-F1-F3-Black.jpg","contentUrl":"https:\/\/projekt.vombat.ee\/eco\/wp-content\/uploads\/2023\/03\/F-Series-F1-F3-Black.jpg","width":2000,"height":2000,"caption":"Joyor F3"},{"@type":"BreadcrumbList","@id":"https:\/\/projekt.vombat.ee\/eco\/pood\/brandid\/joyor\/joyor-f3-elektriline-toukeratas\/#breadcrumb","itemListElement":[{"@type":"ListItem","position":1,"name":"Home","item":"https:\/\/projekt.vombat.ee\/eco\/"},{"@type":"ListItem","position":2,"name":"Pood","item":"https:\/\/projekt.vombat.ee\/eco\/pood\/"},{"@type":"ListItem","position":3,"name":"Joyor F3 elektriline t\u00f5ukeratas 40km"}]},{"@type":"WebSite","@id":"https:\/\/projekt.vombat.ee\/eco\/#website","url":"https:\/\/projekt.vombat.ee\/eco\/","name":"Ecocruiser","description":"","publisher":{"@id":"https:\/\/projekt.vombat.ee\/eco\/#organization"},"potentialAction":[{"@type":"SearchAction","target":{"@type":"EntryPoint","urlTemplate":"https:\/\/projekt.vombat.ee\/eco\/?s={search_term_string}"},"query-input":{"@type":"PropertyValueSpecification","valueRequired":true,"valueName":"search_term_string"}}],"inLanguage":"en-GB"},{"@type":"Organization","@id":"https:\/\/projekt.vombat.ee\/eco\/#organization","name":"Ecocruiser","url":"https:\/\/projekt.vombat.ee\/eco\/","logo":{"@type":"ImageObject","inLanguage":"en-GB","@id":"https:\/\/projekt.vombat.ee\/eco\/#\/schema\/logo\/image\/","url":"https:\/\/projekt.vombat.ee\/eco\/wp-content\/uploads\/2023\/03\/ECOCRUISER_5.png","contentUrl":"https:\/\/projekt.vombat.ee\/eco\/wp-content\/uploads\/2023\/03\/ECOCRUISER_5.png","width":234,"height":91,"caption":"Ecocruiser"},"image":{"@id":"https:\/\/projekt.vombat.ee\/eco\/#\/schema\/logo\/image\/"}}]}},"lang":"et","translations":{"et":6300,"fi":7802},"pll_sync_post":[],"_links":{"self":[{"href":"https:\/\/projekt.vombat.ee\/eco\/wp-json\/wp\/v2\/product\/6300"}],"collection":[{"href":"https:\/\/projekt.vombat.ee\/eco\/wp-json\/wp\/v2\/product"}],"about":[{"href":"https:\/\/projekt.vombat.ee\/eco\/wp-json\/wp\/v2\/types\/product"}],"version-history":[{"count":8,"href":"https:\/\/projekt.vombat.ee\/eco\/wp-json\/wp\/v2\/product\/6300\/revisions"}],"predecessor-version":[{"id":12004,"href":"https:\/\/projekt.vombat.ee\/eco\/wp-json\/wp\/v2\/product\/6300\/revisions\/12004"}],"wp:featuredmedia":[{"embeddable":true,"href":"https:\/\/projekt.vombat.ee\/eco\/wp-json\/wp\/v2\/media\/6290"}],"wp:attachment":[{"href":"https:\/\/projekt.vombat.ee\/eco\/wp-json\/wp\/v2\/media?parent=6300"}],"wp:term":[{"taxonomy":"product_cat","embeddable":true,"href":"https:\/\/projekt.vombat.ee\/eco\/wp-json\/wp\/v2\/product_cat?post=6300"},{"taxonomy":"product_tag","embeddable":true,"href":"https:\/\/projekt.vombat.ee\/eco\/wp-json\/wp\/v2\/product_tag?post=6300"}],"curies":[{"name":"wp","href":"https:\/\/api.w.org\/{rel}","templated":true}]}}