{"id":6228,"date":"2023-03-10T14:24:42","date_gmt":"2023-03-10T14:24:42","guid":{"rendered":"https:\/\/projekt.vombat.ee\/eco\/?post_type=product&#038;p=6228"},"modified":"2024-05-14T11:44:07","modified_gmt":"2024-05-14T11:44:07","slug":"kugoo-g3-pro-elektriline-toukeratas-80km","status":"publish","type":"product","link":"https:\/\/projekt.vombat.ee\/eco\/pood\/elektritoukerattad\/voimsad-toukerattad\/kugoo-g3-pro-elektriline-toukeratas-80km\/","title":{"rendered":"Kugoo Kirin G3 Pro elektriline t\u00f5ukeratas 80km"},"content":{"rendered":"<h1>KUGOO KIRIN G3 PRO ELEKTRILINE T\u00d5UKERATAS<\/h1>\n<p><img decoding=\"async\" class=\"\" src=\"https:\/\/cdn.shopify.com\/s\/files\/1\/0291\/3422\/5501\/files\/KuKirin_G3_Pro_Desktop_Detail_19_1920x.jpg?v=1677832453%20alt=\" \/><\/p>\n<h2>V\u00d5IMAS MOOTOR &amp; AKU<\/h2>\n<p>2*1200W mootoritega t\u00f6\u00f6tav Kugoo Kirin G3 Pro suudab saavutada maksimaalse v\u00f5imsuse 1500W ja maksimaalseks kiiruseks 65km\/h, v\u00f5imaldades teil nautida v\u00f5imsat ja p\u00f5nevat s\u00f5itu. Kirin G3 Pro on varustatud 1040 Wh akupaketiga, mis v\u00f5imaldab t\u00e4islaadimisel l\u00e4bida maksimaalselt 80 km, mis on pikem kui enamikul maastikut\u00f5ukeratastel ja piisavalt pikk \u00fchep\u00e4evareiside jaoks.<\/p>\n<h3>PREMIUM S\u00d5IDUMUGAVUS<\/h3>\n<p>G3 Pro sisaldab eesmisi ja tagumisi \u00f5lipidureid ohutuks pidurdamiseks. Sellel on t\u00e4isvedrustus koos 4 amortisaatoriga, mis v\u00e4hendavad t\u00f5husalt l\u00f6\u00f6ki, pakkudes teile mugavat s\u00f5itu. Nutika LCD-armatuurlauaga saate kontrollida mitut teavet, sealhulgas kiirust, aku taset, vahemaad, kiiruse hooba jne. Samuti saate h\u00f5lpsalt vahetada kolme kiiruse taseme vahel.<\/p>\n<h3>KUGOO KIRIN G3 PRO &#8211; TURVALINE JA STABIILNE<\/h3>\n<p>G3 Pro on varustatud 11 tulega, sealhulgas 4 esituld, 4 k\u00fcljetuld ja 3 tagatuld. Uuenduslik valgustuss\u00fcsteem muudab teie s\u00f5idu turvalisemaks.<\/p>\n<p>10-tolliste maastikurehvidega kohandub G3 Pro erinevat t\u00fc\u00fcpi maastikuga ja s\u00f5idab sujuvamalt. 199 mm jalalaud on piisavalt lai, et saaksite kindlalt ja mugavalt seista.<\/p>\n<p>Kugoo Kirin G3 Pro-l on teie erinevatele vajadustele vastamiseks mitu kiirusre\u017eiimi, sealhulgas 25\/45\/55 km\/h (\u00fche s\u00f5iduga) ja 25\/45\/65 km\/h (kahe ajam). Madala kiirusega re\u017eiim v\u00f5imaldab teil s\u00f5idu ajal nautida tee\u00e4\u00e4rset maastikku. Keskmine re\u017eiim v\u00f5imaldab teil nautida s\u00f5idur\u00f5\u00f5mu. L\u00fclituge kiirre\u017eiimile ja teil on kiirem ja p\u00f5nevam maastikus\u00f5it.<\/p>\n<h3>KUGOO KIRIN G3 PRO SPETSIFIKATSIOON<\/h3>\n<p>Netokaal: 39,6 kg<br \/>\nKokkuvoldimata M\u00f5\u00f5dud: 1295x630x1360 mm<br \/>\nKokkupandud M\u00f5\u00f5tmed: 1295x630x595 mm<br \/>\nJuhtraua pikkus: 650 mm<br \/>\nS\u00f5iduk\u00f5rgus: 180 mm<br \/>\nJalalaua m\u00f5\u00f5dud: 517&#215;199 mm<br \/>\nSoovitatav s\u00f5itja k\u00f5rgus: 150-200 cm (4&#8217;11&#8221;-6&#8217;7&#8243;<br \/>\nMaksimaalne koormus: 120 kg<br \/>\n\u00dclesm\u00e4ge: 35 (kahe s\u00f5iduga), 25 (\u00fche s\u00f5iduga)<br \/>\nMax kiirus: 65 km\/h<br \/>\nMaksimaalne s\u00f5iduulatus: 80 km<br \/>\nKiirustasemed: 25\/45\/55 km\/h (\u00fche s\u00f5iduga), 25\/45\/65 km\/h (kahe s\u00f5iduga)<br \/>\nVeekindluse tase: IP54<br \/>\nMaterjal: Alumiiniumisulam<br \/>\nPiduris\u00fcsteem: Eesmised ja tagumised \u00f5lipidurid<\/p>\n<p><strong>Mootor<\/strong><\/p>\n<p>V\u00f5imsus ja pinge: 1200W, 52V<br \/>\nMaksimaalne hetkev\u00f5imsus: 1500 W<br \/>\nMaksimaalne p\u00f6\u00f6rete arv: 1950<br \/>\nMaksimaalne v\u00e4ljundp\u00f6\u00f6rdemoment: 30 Nm<\/p>\n<p><strong>Vedrustus<\/strong><\/p>\n<p>Neljak\u00e4eline amortisaator<\/p>\n<p><strong>Aku<\/strong><\/p>\n<p>Mahutavus: 23,2Ah<br \/>\nPinge: 52V<br \/>\nLaadimisaeg: 4h (5A laadija), 5-6h (4A laadija), 11h (2A laadija)<br \/>\nV\u00f5imsus: 1040 Wh<br \/>\nKaitses\u00fcsteem: jah<\/p>\n<p><strong>Laadija<\/strong><\/p>\n<p>Sisend: 100-240V, 2,5A<br \/>\nV\u00e4ljund: 58,8, 2A<\/p>\n<p><strong>Rehv<\/strong><\/p>\n<p>Suurus: 10&#8243;<br \/>\nT\u00fc\u00fcp: maastikul kasutatavad pneumaatilised kummirehvid<br \/>\nParim rehvir\u00f5hk: 345 KPa<\/p>\n<p><strong>Ekraan<\/strong><\/p>\n<p>Displei: LCD<br \/>\nM\u00f5\u00f5dud: 133x78x63 mm<br \/>\nSisu: kiirus, pinge, vahemaa, kiiruse tase, aku tase, valgus jne.<\/p>\n<p>M\u00f5\u00f5dud: 1310x300x615 mm<br \/>\nT\u00e4iskaal: 45 kg<\/p>\n<p>NB! Elektrit\u00f5ukerattaga s\u00f5ites soovitame alati kanda <a href=\"https:\/\/projekt.vombat.ee\/eco\/pood\/?product-cata=707\">kiivrit<\/a>. Alla 16 aastase kergliikuri jaoks on elektrit\u00f5uksiga s\u00f5idu ajal kiivri kandmine\u00a0<a href=\"https:\/\/www.riigiteataja.ee\/akt\/113112020001\">seaduse<\/a>\u00a0j\u00e4rgi kohustuslik<\/p>\n","protected":false},"excerpt":{"rendered":"<p><strong>Kugoo Kirin G3 Pro<\/strong> on k\u00f5ige uuem ja v\u00f5imsam mudel. V\u00f5imaldab t\u00e4islaadimisel l\u00e4bida maksimaalselt 80 km<\/p>\n<ul>\n<li><strong>S\u00f5iduulatus<\/strong>: 80 km<\/li>\n<li><strong>V\u00f5imsus<\/strong>: 1200W<\/li>\n<li><strong>Aku<\/strong>: 23,2Ah<\/li>\n<li><strong>Laadimisaeg<\/strong>: 4h<\/li>\n<\/ul>\n<p>\u2666 <strong>Tarneaeg<\/strong> 3-7 p\u00e4eva<br \/>\n\u2666 <strong>Laos<\/strong><\/p>\n","protected":false},"featured_media":6229,"template":"","meta":[],"product_cat":[53,911,59],"product_tag":[],"class_list":{"0":"post-6228","1":"product","2":"type-product","3":"status-publish","4":"has-post-thumbnail","6":"product_cat-elektritoukerattad","7":"product_cat-voimsad-toukerattad","8":"product_cat-kugoo-elektritoukerattad","9":"product_shipping_class-suured-pakid","11":"first","12":"instock","13":"sale","14":"taxable","15":"shipping-taxable","16":"purchasable","17":"product-type-simple"},"yoast_head":"<!-- This site is optimized with the Yoast SEO plugin v23.8 - https:\/\/yoast.com\/wordpress\/plugins\/seo\/ -->\n<title>Kugoo Kirin G3 Pro elektriline t\u00f5ukeratas 80km - Ecocruiser<\/title>\n<meta name=\"description\" content=\"Kugoo Kirin G3 Pro elektriline t\u00f5ukeratas 80km - Kvaliteetsed br\u00e4ndid, lai valik - Ecocruiser.ee - K\u00fcsimuste korral v\u00f5ta \u00fchendust info@projekt.vombat.ee\" \/>\n<meta name=\"robots\" content=\"noindex, follow, max-snippet:-1, max-image-preview:large, max-video-preview:-1\" \/>\n<meta property=\"og:locale\" content=\"en_GB\" \/>\n<meta property=\"og:type\" content=\"article\" \/>\n<meta property=\"og:title\" content=\"Kugoo Kirin G3 Pro elektriline t\u00f5ukeratas 80km - Ecocruiser\" \/>\n<meta property=\"og:description\" content=\"Kugoo Kirin G3 Pro elektriline t\u00f5ukeratas 80km - Kvaliteetsed br\u00e4ndid, lai valik - Ecocruiser.ee - K\u00fcsimuste korral v\u00f5ta \u00fchendust info@projekt.vombat.ee\" \/>\n<meta property=\"og:url\" content=\"https:\/\/projekt.vombat.ee\/eco\/pood\/elektritoukerattad\/voimsad-toukerattad\/kugoo-g3-pro-elektriline-toukeratas-80km\/\" \/>\n<meta property=\"og:site_name\" content=\"Ecocruiser\" \/>\n<meta property=\"article:modified_time\" content=\"2024-05-14T11:44:07+00:00\" \/>\n<meta property=\"og:image\" content=\"https:\/\/projekt.vombat.ee\/eco\/wp-content\/uploads\/2023\/03\/Add-a-heading-7.png\" \/>\n\t<meta property=\"og:image:width\" content=\"1000\" \/>\n\t<meta property=\"og:image:height\" content=\"1000\" \/>\n\t<meta property=\"og:image:type\" content=\"image\/png\" \/>\n<meta name=\"twitter:card\" content=\"summary_large_image\" \/>\n<meta name=\"twitter:label1\" content=\"Estimated reading time\" \/>\n\t<meta name=\"twitter:data1\" content=\"3 minutes\" \/>\n<script type=\"application\/ld+json\" class=\"yoast-schema-graph\">{\"@context\":\"https:\/\/schema.org\",\"@graph\":[{\"@type\":\"WebPage\",\"@id\":\"https:\/\/projekt.vombat.ee\/eco\/pood\/elektritoukerattad\/voimsad-toukerattad\/kugoo-g3-pro-elektriline-toukeratas-80km\/\",\"url\":\"https:\/\/projekt.vombat.ee\/eco\/pood\/elektritoukerattad\/voimsad-toukerattad\/kugoo-g3-pro-elektriline-toukeratas-80km\/\",\"name\":\"Kugoo Kirin G3 Pro elektriline t\u00f5ukeratas 80km - Ecocruiser\",\"isPartOf\":{\"@id\":\"https:\/\/projekt.vombat.ee\/eco\/#website\"},\"primaryImageOfPage\":{\"@id\":\"https:\/\/projekt.vombat.ee\/eco\/pood\/elektritoukerattad\/voimsad-toukerattad\/kugoo-g3-pro-elektriline-toukeratas-80km\/#primaryimage\"},\"image\":{\"@id\":\"https:\/\/projekt.vombat.ee\/eco\/pood\/elektritoukerattad\/voimsad-toukerattad\/kugoo-g3-pro-elektriline-toukeratas-80km\/#primaryimage\"},\"thumbnailUrl\":\"https:\/\/projekt.vombat.ee\/eco\/wp-content\/uploads\/2023\/03\/Add-a-heading-7.png\",\"datePublished\":\"2023-03-10T14:24:42+00:00\",\"dateModified\":\"2024-05-14T11:44:07+00:00\",\"description\":\"Kugoo Kirin G3 Pro elektriline t\u00f5ukeratas 80km - Kvaliteetsed br\u00e4ndid, lai valik - Ecocruiser.ee - K\u00fcsimuste korral v\u00f5ta \u00fchendust info@projekt.vombat.ee\",\"breadcrumb\":{\"@id\":\"https:\/\/projekt.vombat.ee\/eco\/pood\/elektritoukerattad\/voimsad-toukerattad\/kugoo-g3-pro-elektriline-toukeratas-80km\/#breadcrumb\"},\"inLanguage\":\"en-GB\",\"potentialAction\":[{\"@type\":\"ReadAction\",\"target\":[\"https:\/\/projekt.vombat.ee\/eco\/pood\/elektritoukerattad\/voimsad-toukerattad\/kugoo-g3-pro-elektriline-toukeratas-80km\/\"]}]},{\"@type\":\"ImageObject\",\"inLanguage\":\"en-GB\",\"@id\":\"https:\/\/projekt.vombat.ee\/eco\/pood\/elektritoukerattad\/voimsad-toukerattad\/kugoo-g3-pro-elektriline-toukeratas-80km\/#primaryimage\",\"url\":\"https:\/\/projekt.vombat.ee\/eco\/wp-content\/uploads\/2023\/03\/Add-a-heading-7.png\",\"contentUrl\":\"https:\/\/projekt.vombat.ee\/eco\/wp-content\/uploads\/2023\/03\/Add-a-heading-7.png\",\"width\":1000,\"height\":1000,\"caption\":\"Kugoo G3 Pro\"},{\"@type\":\"BreadcrumbList\",\"@id\":\"https:\/\/projekt.vombat.ee\/eco\/pood\/elektritoukerattad\/voimsad-toukerattad\/kugoo-g3-pro-elektriline-toukeratas-80km\/#breadcrumb\",\"itemListElement\":[{\"@type\":\"ListItem\",\"position\":1,\"name\":\"Home\",\"item\":\"https:\/\/projekt.vombat.ee\/eco\/\"},{\"@type\":\"ListItem\",\"position\":2,\"name\":\"Pood\",\"item\":\"https:\/\/projekt.vombat.ee\/eco\/pood\/\"},{\"@type\":\"ListItem\",\"position\":3,\"name\":\"Kugoo Kirin G3 Pro elektriline t\u00f5ukeratas 80km\"}]},{\"@type\":\"WebSite\",\"@id\":\"https:\/\/projekt.vombat.ee\/eco\/#website\",\"url\":\"https:\/\/projekt.vombat.ee\/eco\/\",\"name\":\"Ecocruiser\",\"description\":\"\",\"publisher\":{\"@id\":\"https:\/\/projekt.vombat.ee\/eco\/#organization\"},\"potentialAction\":[{\"@type\":\"SearchAction\",\"target\":{\"@type\":\"EntryPoint\",\"urlTemplate\":\"https:\/\/projekt.vombat.ee\/eco\/?s={search_term_string}\"},\"query-input\":{\"@type\":\"PropertyValueSpecification\",\"valueRequired\":true,\"valueName\":\"search_term_string\"}}],\"inLanguage\":\"en-GB\"},{\"@type\":\"Organization\",\"@id\":\"https:\/\/projekt.vombat.ee\/eco\/#organization\",\"name\":\"Ecocruiser\",\"url\":\"https:\/\/projekt.vombat.ee\/eco\/\",\"logo\":{\"@type\":\"ImageObject\",\"inLanguage\":\"en-GB\",\"@id\":\"https:\/\/projekt.vombat.ee\/eco\/#\/schema\/logo\/image\/\",\"url\":\"https:\/\/projekt.vombat.ee\/eco\/wp-content\/uploads\/2023\/03\/ECOCRUISER_5.png\",\"contentUrl\":\"https:\/\/projekt.vombat.ee\/eco\/wp-content\/uploads\/2023\/03\/ECOCRUISER_5.png\",\"width\":234,\"height\":91,\"caption\":\"Ecocruiser\"},\"image\":{\"@id\":\"https:\/\/projekt.vombat.ee\/eco\/#\/schema\/logo\/image\/\"}}]}<\/script>\n<!-- \/ Yoast SEO plugin. -->","yoast_head_json":{"title":"Kugoo Kirin G3 Pro elektriline t\u00f5ukeratas 80km - Ecocruiser","description":"Kugoo Kirin G3 Pro elektriline t\u00f5ukeratas 80km - Kvaliteetsed br\u00e4ndid, lai valik - Ecocruiser.ee - K\u00fcsimuste korral v\u00f5ta \u00fchendust info@projekt.vombat.ee","robots":{"index":"noindex","follow":"follow","max-snippet":"max-snippet:-1","max-image-preview":"max-image-preview:large","max-video-preview":"max-video-preview:-1"},"og_locale":"en_GB","og_type":"article","og_title":"Kugoo Kirin G3 Pro elektriline t\u00f5ukeratas 80km - Ecocruiser","og_description":"Kugoo Kirin G3 Pro elektriline t\u00f5ukeratas 80km - Kvaliteetsed br\u00e4ndid, lai valik - Ecocruiser.ee - K\u00fcsimuste korral v\u00f5ta \u00fchendust info@projekt.vombat.ee","og_url":"https:\/\/projekt.vombat.ee\/eco\/pood\/elektritoukerattad\/voimsad-toukerattad\/kugoo-g3-pro-elektriline-toukeratas-80km\/","og_site_name":"Ecocruiser","article_modified_time":"2024-05-14T11:44:07+00:00","og_image":[{"width":1000,"height":1000,"url":"https:\/\/projekt.vombat.ee\/eco\/wp-content\/uploads\/2023\/03\/Add-a-heading-7.png","type":"image\/png"}],"twitter_card":"summary_large_image","twitter_misc":{"Estimated reading time":"3 minutes"},"schema":{"@context":"https:\/\/schema.org","@graph":[{"@type":"WebPage","@id":"https:\/\/projekt.vombat.ee\/eco\/pood\/elektritoukerattad\/voimsad-toukerattad\/kugoo-g3-pro-elektriline-toukeratas-80km\/","url":"https:\/\/projekt.vombat.ee\/eco\/pood\/elektritoukerattad\/voimsad-toukerattad\/kugoo-g3-pro-elektriline-toukeratas-80km\/","name":"Kugoo Kirin G3 Pro elektriline t\u00f5ukeratas 80km - Ecocruiser","isPartOf":{"@id":"https:\/\/projekt.vombat.ee\/eco\/#website"},"primaryImageOfPage":{"@id":"https:\/\/projekt.vombat.ee\/eco\/pood\/elektritoukerattad\/voimsad-toukerattad\/kugoo-g3-pro-elektriline-toukeratas-80km\/#primaryimage"},"image":{"@id":"https:\/\/projekt.vombat.ee\/eco\/pood\/elektritoukerattad\/voimsad-toukerattad\/kugoo-g3-pro-elektriline-toukeratas-80km\/#primaryimage"},"thumbnailUrl":"https:\/\/projekt.vombat.ee\/eco\/wp-content\/uploads\/2023\/03\/Add-a-heading-7.png","datePublished":"2023-03-10T14:24:42+00:00","dateModified":"2024-05-14T11:44:07+00:00","description":"Kugoo Kirin G3 Pro elektriline t\u00f5ukeratas 80km - Kvaliteetsed br\u00e4ndid, lai valik - Ecocruiser.ee - K\u00fcsimuste korral v\u00f5ta \u00fchendust info@projekt.vombat.ee","breadcrumb":{"@id":"https:\/\/projekt.vombat.ee\/eco\/pood\/elektritoukerattad\/voimsad-toukerattad\/kugoo-g3-pro-elektriline-toukeratas-80km\/#breadcrumb"},"inLanguage":"en-GB","potentialAction":[{"@type":"ReadAction","target":["https:\/\/projekt.vombat.ee\/eco\/pood\/elektritoukerattad\/voimsad-toukerattad\/kugoo-g3-pro-elektriline-toukeratas-80km\/"]}]},{"@type":"ImageObject","inLanguage":"en-GB","@id":"https:\/\/projekt.vombat.ee\/eco\/pood\/elektritoukerattad\/voimsad-toukerattad\/kugoo-g3-pro-elektriline-toukeratas-80km\/#primaryimage","url":"https:\/\/projekt.vombat.ee\/eco\/wp-content\/uploads\/2023\/03\/Add-a-heading-7.png","contentUrl":"https:\/\/projekt.vombat.ee\/eco\/wp-content\/uploads\/2023\/03\/Add-a-heading-7.png","width":1000,"height":1000,"caption":"Kugoo G3 Pro"},{"@type":"BreadcrumbList","@id":"https:\/\/projekt.vombat.ee\/eco\/pood\/elektritoukerattad\/voimsad-toukerattad\/kugoo-g3-pro-elektriline-toukeratas-80km\/#breadcrumb","itemListElement":[{"@type":"ListItem","position":1,"name":"Home","item":"https:\/\/projekt.vombat.ee\/eco\/"},{"@type":"ListItem","position":2,"name":"Pood","item":"https:\/\/projekt.vombat.ee\/eco\/pood\/"},{"@type":"ListItem","position":3,"name":"Kugoo Kirin G3 Pro elektriline t\u00f5ukeratas 80km"}]},{"@type":"WebSite","@id":"https:\/\/projekt.vombat.ee\/eco\/#website","url":"https:\/\/projekt.vombat.ee\/eco\/","name":"Ecocruiser","description":"","publisher":{"@id":"https:\/\/projekt.vombat.ee\/eco\/#organization"},"potentialAction":[{"@type":"SearchAction","target":{"@type":"EntryPoint","urlTemplate":"https:\/\/projekt.vombat.ee\/eco\/?s={search_term_string}"},"query-input":{"@type":"PropertyValueSpecification","valueRequired":true,"valueName":"search_term_string"}}],"inLanguage":"en-GB"},{"@type":"Organization","@id":"https:\/\/projekt.vombat.ee\/eco\/#organization","name":"Ecocruiser","url":"https:\/\/projekt.vombat.ee\/eco\/","logo":{"@type":"ImageObject","inLanguage":"en-GB","@id":"https:\/\/projekt.vombat.ee\/eco\/#\/schema\/logo\/image\/","url":"https:\/\/projekt.vombat.ee\/eco\/wp-content\/uploads\/2023\/03\/ECOCRUISER_5.png","contentUrl":"https:\/\/projekt.vombat.ee\/eco\/wp-content\/uploads\/2023\/03\/ECOCRUISER_5.png","width":234,"height":91,"caption":"Ecocruiser"},"image":{"@id":"https:\/\/projekt.vombat.ee\/eco\/#\/schema\/logo\/image\/"}}]}},"lang":"et","translations":{"et":6228,"ru":6242,"fi":7804,"en":15972,"fr":16923},"pll_sync_post":[],"_links":{"self":[{"href":"https:\/\/projekt.vombat.ee\/eco\/wp-json\/wp\/v2\/product\/6228"}],"collection":[{"href":"https:\/\/projekt.vombat.ee\/eco\/wp-json\/wp\/v2\/product"}],"about":[{"href":"https:\/\/projekt.vombat.ee\/eco\/wp-json\/wp\/v2\/types\/product"}],"version-history":[{"count":9,"href":"https:\/\/projekt.vombat.ee\/eco\/wp-json\/wp\/v2\/product\/6228\/revisions"}],"predecessor-version":[{"id":6259,"href":"https:\/\/projekt.vombat.ee\/eco\/wp-json\/wp\/v2\/product\/6228\/revisions\/6259"}],"wp:featuredmedia":[{"embeddable":true,"href":"https:\/\/projekt.vombat.ee\/eco\/wp-json\/wp\/v2\/media\/6229"}],"wp:attachment":[{"href":"https:\/\/projekt.vombat.ee\/eco\/wp-json\/wp\/v2\/media?parent=6228"}],"wp:term":[{"taxonomy":"product_cat","embeddable":true,"href":"https:\/\/projekt.vombat.ee\/eco\/wp-json\/wp\/v2\/product_cat?post=6228"},{"taxonomy":"product_tag","embeddable":true,"href":"https:\/\/projekt.vombat.ee\/eco\/wp-json\/wp\/v2\/product_tag?post=6228"}],"curies":[{"name":"wp","href":"https:\/\/api.w.org\/{rel}","templated":true}]}}