{"id":6171,"date":"2023-03-09T18:41:25","date_gmt":"2023-03-09T18:41:25","guid":{"rendered":"https:\/\/projekt.vombat.ee\/eco\/?post_type=product&#038;p=6171"},"modified":"2024-01-12T18:47:29","modified_gmt":"2024-01-12T18:47:29","slug":"joyor-a5-elektriline-toukeratas","status":"publish","type":"product","link":"https:\/\/projekt.vombat.ee\/eco\/pood\/brandid\/joyor\/joyor-a5-elektriline-toukeratas\/","title":{"rendered":"Joyor A5 elektriline t\u00f5ukeratas"},"content":{"rendered":"<h1>Joyor A5 elektrit\u00f5ukeratas<\/h1>\n<p><span style=\"font-size: inherit;\">Joyor A5 elektrit\u00f5ukeratas t\u00f6\u00f6tab 350W mootoriga ja selle s\u00f5iduulatus on kuni 35 km. A5 elektrit\u00f5ukerattal on esivedrustus ning LCD-ekraanilt juhitavad esi-, taga- ja k\u00fcljetuled. See elektriline t\u00f5ukeratas saavutab maksimaalse kiiruse 25 km\/h. Elektrit\u00f5ukeratas on kaasaegse disainiga, kerge, \u00f6konoomne ja kiire. A5 elektrit\u00f5ukeratas on \u00fcks uuenduslikumaid ja atraktiivsemaid elektrit\u00f5ukerattaid turul.<\/span><\/p>\n<div class=\"swiper-slide swiper-slide-duplicate\" data-swiper-slide-index=\"1\">\n<figure class=\"swiper-slide-inner\"><img decoding=\"async\" class=\"swiper-slide-image lazyload\" src=\"data:image\/gif;base64,R0lGODlhAQABAAAAACH5BAEKAAEALAAAAAABAAEAAAICTAEAOw==\" alt=\"27cf5c_5b7d602525d44145b173e5360ef49bd6_mv2_d_5760_3840_s_4_2-scaled\" data-src=\"https:\/\/joyorscooter.com\/wp-content\/uploads\/2023\/01\/27cf5c_5b7d602525d44145b173e5360ef49bd6_mv2_d_5760_3840_s_4_2-scaled-1.jpg\" \/><img decoding=\"async\" class=\"swiper-slide-image ls-is-cached lazyloaded alignnone\" src=\"https:\/\/joyorscooter.com\/wp-content\/uploads\/2023\/01\/27cf5c_5b7d602525d44145b173e5360ef49bd6_mv2_d_5760_3840_s_4_2-scaled-1.jpg\" alt=\"27cf5c_5b7d602525d44145b173e5360ef49bd6_mv2_d_5760_3840_s_4_2-scaled\" data-src=\"https:\/\/joyorscooter.com\/wp-content\/uploads\/2023\/01\/27cf5c_5b7d602525d44145b173e5360ef49bd6_mv2_d_5760_3840_s_4_2-scaled-1.jpg\" \/><\/figure>\n<\/div>\n<div class=\"swiper-slide swiper-slide-duplicate swiper-slide-duplicate-active\" data-swiper-slide-index=\"3\">\n<p>&nbsp;<\/p>\n<figure class=\"swiper-slide-inner\"><img decoding=\"async\" class=\"swiper-slide-image ls-is-cached lazyloaded\" style=\"font-size: inherit;\" src=\"https:\/\/joyorscooter.com\/wp-content\/uploads\/2023\/01\/27cf5c_655195a998544248863d7d7db8ad7dcb_mv2_d_5760_3840_s_4_2-scaled-1.jpg\" alt=\"27cf5c_655195a998544248863d7d7db8ad7dcb_mv2_d_5760_3840_s_4_2-scaled\" data-src=\"https:\/\/joyorscooter.com\/wp-content\/uploads\/2023\/01\/27cf5c_655195a998544248863d7d7db8ad7dcb_mv2_d_5760_3840_s_4_2-scaled-1.jpg\" \/><\/figure>\n<\/div>\n<h3>SPETSIFIKATSIOON<\/h3>\n<p>V\u00f5imsus: 350W<br \/>\nStandardne kandev\u00f5ime: 120 kg<br \/>\nMaterjal: Magneesiumi sulam<br \/>\nKiirus: 25km\/h<br \/>\nM\u00f5\u00f5dud Volditud: 1010*440*460mm<br \/>\nM\u00f5\u00f5dud lahtivolditav: 1030\u00d7430\u00d71180 mm<br \/>\nKaal: 12,5 kg<br \/>\nVahemaa: 30-35km<br \/>\nElektroonilised pidurid ja jalgpidur<br \/>\nRakenduse \u00fchenduvus: Jah<br \/>\nPinge: 36V<br \/>\nAku: 7,8Ah<br \/>\nV\u00e4rvus: Must\/valge\/sinine\/punane\/kollane<br \/>\nAku: Liitiumioon<br \/>\nRehvi suurus 8\u2033 tahke k\u00e4rgstruktuuriga rehv<br \/>\nDisplei: Multifunktsionaalne LCD ekraan<\/p>\n<p>&nbsp;<\/p>\n<p>NB! Elektrit\u00f5ukerattaga s\u00f5ites soovitame alati kanda <a href=\"https:\/\/projekt.vombat.ee\/eco\/pood\/?product-cata=707\">kiivrit<\/a>. Alla 16 aastase kergliikuri jaoks on elektrit\u00f5uksiga s\u00f5idu ajal kiivri kandmine\u00a0<a href=\"https:\/\/www.riigiteataja.ee\/akt\/113112020001\">seaduse<\/a>\u00a0j\u00e4rgi kohustuslik<\/p>\n","protected":false},"excerpt":{"rendered":"<p><strong>JOYOR A5 ELEKTRILINE T\u00d5UKERATAS<\/strong><\/p>\n<ul>\n<li><strong>V\u00f5imsus<\/strong>: 350W<\/li>\n<li><strong>Kandev\u00f5ime<\/strong>: 120 kg<\/li>\n<li><strong>Max kiirus<\/strong>: 25km\/h<\/li>\n<li><strong>S\u00f5iduulatus<\/strong>: 30-35km<\/li>\n<li><strong>Kaal<\/strong>: 14 kg<\/li>\n<\/ul>\n","protected":false},"featured_media":6205,"template":"","meta":[],"product_cat":[53,680],"product_tag":[645,684,682],"class_list":{"0":"post-6171","1":"product","2":"type-product","3":"status-publish","4":"has-post-thumbnail","6":"product_cat-elektritoukerattad","7":"product_cat-joyor","8":"product_tag-elektriline-toukeratas","9":"product_tag-elektritoukeratas","10":"product_tag-joyor","11":"product_shipping_class-suured-pakid","13":"first","14":"onbackorder","15":"taxable","16":"shipping-taxable","17":"purchasable","18":"product-type-simple"},"yoast_head":"<!-- This site is optimized with the Yoast SEO plugin v23.8 - https:\/\/yoast.com\/wordpress\/plugins\/seo\/ -->\n<title>Joyor A5 elektriline t\u00f5ukeratas - Ecocruiser<\/title>\n<meta name=\"description\" content=\"Joyor A5 elektriline t\u00f5ukeratas - Kvaliteetsed br\u00e4ndid, lai valik - Ecocruiser.ee - K\u00fcsimuste korral v\u00f5ta \u00fchendust info@projekt.vombat.ee\" \/>\n<meta name=\"robots\" content=\"noindex, follow, max-snippet:-1, max-image-preview:large, max-video-preview:-1\" \/>\n<meta property=\"og:locale\" content=\"en_GB\" \/>\n<meta property=\"og:type\" content=\"article\" \/>\n<meta property=\"og:title\" content=\"Joyor A5 elektriline t\u00f5ukeratas - Ecocruiser\" \/>\n<meta property=\"og:description\" content=\"Joyor A5 elektriline t\u00f5ukeratas - Kvaliteetsed br\u00e4ndid, lai valik - Ecocruiser.ee - K\u00fcsimuste korral v\u00f5ta \u00fchendust info@projekt.vombat.ee\" \/>\n<meta property=\"og:url\" content=\"https:\/\/projekt.vombat.ee\/eco\/pood\/brandid\/joyor\/joyor-a5-elektriline-toukeratas\/\" \/>\n<meta property=\"og:site_name\" content=\"Ecocruiser\" \/>\n<meta property=\"article:modified_time\" content=\"2024-01-12T18:47:29+00:00\" \/>\n<meta property=\"og:image\" content=\"https:\/\/projekt.vombat.ee\/eco\/wp-content\/uploads\/2023\/03\/A-Series-A5-White.jpg\" \/>\n\t<meta property=\"og:image:width\" content=\"2000\" \/>\n\t<meta property=\"og:image:height\" content=\"2000\" \/>\n\t<meta property=\"og:image:type\" content=\"image\/jpeg\" \/>\n<meta name=\"twitter:card\" content=\"summary_large_image\" \/>\n<meta name=\"twitter:label1\" content=\"Estimated reading time\" \/>\n\t<meta name=\"twitter:data1\" content=\"2 minutes\" \/>\n<script type=\"application\/ld+json\" class=\"yoast-schema-graph\">{\"@context\":\"https:\/\/schema.org\",\"@graph\":[{\"@type\":\"WebPage\",\"@id\":\"https:\/\/projekt.vombat.ee\/eco\/pood\/brandid\/joyor\/joyor-a5-elektriline-toukeratas\/\",\"url\":\"https:\/\/projekt.vombat.ee\/eco\/pood\/brandid\/joyor\/joyor-a5-elektriline-toukeratas\/\",\"name\":\"Joyor A5 elektriline t\u00f5ukeratas - Ecocruiser\",\"isPartOf\":{\"@id\":\"https:\/\/projekt.vombat.ee\/eco\/#website\"},\"primaryImageOfPage\":{\"@id\":\"https:\/\/projekt.vombat.ee\/eco\/pood\/brandid\/joyor\/joyor-a5-elektriline-toukeratas\/#primaryimage\"},\"image\":{\"@id\":\"https:\/\/projekt.vombat.ee\/eco\/pood\/brandid\/joyor\/joyor-a5-elektriline-toukeratas\/#primaryimage\"},\"thumbnailUrl\":\"https:\/\/projekt.vombat.ee\/eco\/wp-content\/uploads\/2023\/03\/A-Series-A5-White.jpg\",\"datePublished\":\"2023-03-09T18:41:25+00:00\",\"dateModified\":\"2024-01-12T18:47:29+00:00\",\"description\":\"Joyor A5 elektriline t\u00f5ukeratas - Kvaliteetsed br\u00e4ndid, lai valik - Ecocruiser.ee - K\u00fcsimuste korral v\u00f5ta \u00fchendust info@projekt.vombat.ee\",\"breadcrumb\":{\"@id\":\"https:\/\/projekt.vombat.ee\/eco\/pood\/brandid\/joyor\/joyor-a5-elektriline-toukeratas\/#breadcrumb\"},\"inLanguage\":\"en-GB\",\"potentialAction\":[{\"@type\":\"ReadAction\",\"target\":[\"https:\/\/projekt.vombat.ee\/eco\/pood\/brandid\/joyor\/joyor-a5-elektriline-toukeratas\/\"]}]},{\"@type\":\"ImageObject\",\"inLanguage\":\"en-GB\",\"@id\":\"https:\/\/projekt.vombat.ee\/eco\/pood\/brandid\/joyor\/joyor-a5-elektriline-toukeratas\/#primaryimage\",\"url\":\"https:\/\/projekt.vombat.ee\/eco\/wp-content\/uploads\/2023\/03\/A-Series-A5-White.jpg\",\"contentUrl\":\"https:\/\/projekt.vombat.ee\/eco\/wp-content\/uploads\/2023\/03\/A-Series-A5-White.jpg\",\"width\":2000,\"height\":2000,\"caption\":\"Joyor A5\"},{\"@type\":\"BreadcrumbList\",\"@id\":\"https:\/\/projekt.vombat.ee\/eco\/pood\/brandid\/joyor\/joyor-a5-elektriline-toukeratas\/#breadcrumb\",\"itemListElement\":[{\"@type\":\"ListItem\",\"position\":1,\"name\":\"Home\",\"item\":\"https:\/\/projekt.vombat.ee\/eco\/\"},{\"@type\":\"ListItem\",\"position\":2,\"name\":\"Pood\",\"item\":\"https:\/\/projekt.vombat.ee\/eco\/pood\/\"},{\"@type\":\"ListItem\",\"position\":3,\"name\":\"Joyor A5 elektriline t\u00f5ukeratas\"}]},{\"@type\":\"WebSite\",\"@id\":\"https:\/\/projekt.vombat.ee\/eco\/#website\",\"url\":\"https:\/\/projekt.vombat.ee\/eco\/\",\"name\":\"Ecocruiser\",\"description\":\"\",\"publisher\":{\"@id\":\"https:\/\/projekt.vombat.ee\/eco\/#organization\"},\"potentialAction\":[{\"@type\":\"SearchAction\",\"target\":{\"@type\":\"EntryPoint\",\"urlTemplate\":\"https:\/\/projekt.vombat.ee\/eco\/?s={search_term_string}\"},\"query-input\":{\"@type\":\"PropertyValueSpecification\",\"valueRequired\":true,\"valueName\":\"search_term_string\"}}],\"inLanguage\":\"en-GB\"},{\"@type\":\"Organization\",\"@id\":\"https:\/\/projekt.vombat.ee\/eco\/#organization\",\"name\":\"Ecocruiser\",\"url\":\"https:\/\/projekt.vombat.ee\/eco\/\",\"logo\":{\"@type\":\"ImageObject\",\"inLanguage\":\"en-GB\",\"@id\":\"https:\/\/projekt.vombat.ee\/eco\/#\/schema\/logo\/image\/\",\"url\":\"https:\/\/projekt.vombat.ee\/eco\/wp-content\/uploads\/2023\/03\/ECOCRUISER_5.png\",\"contentUrl\":\"https:\/\/projekt.vombat.ee\/eco\/wp-content\/uploads\/2023\/03\/ECOCRUISER_5.png\",\"width\":234,\"height\":91,\"caption\":\"Ecocruiser\"},\"image\":{\"@id\":\"https:\/\/projekt.vombat.ee\/eco\/#\/schema\/logo\/image\/\"}}]}<\/script>\n<!-- \/ Yoast SEO plugin. -->","yoast_head_json":{"title":"Joyor A5 elektriline t\u00f5ukeratas - Ecocruiser","description":"Joyor A5 elektriline t\u00f5ukeratas - Kvaliteetsed br\u00e4ndid, lai valik - Ecocruiser.ee - K\u00fcsimuste korral v\u00f5ta \u00fchendust info@projekt.vombat.ee","robots":{"index":"noindex","follow":"follow","max-snippet":"max-snippet:-1","max-image-preview":"max-image-preview:large","max-video-preview":"max-video-preview:-1"},"og_locale":"en_GB","og_type":"article","og_title":"Joyor A5 elektriline t\u00f5ukeratas - Ecocruiser","og_description":"Joyor A5 elektriline t\u00f5ukeratas - Kvaliteetsed br\u00e4ndid, lai valik - Ecocruiser.ee - K\u00fcsimuste korral v\u00f5ta \u00fchendust info@projekt.vombat.ee","og_url":"https:\/\/projekt.vombat.ee\/eco\/pood\/brandid\/joyor\/joyor-a5-elektriline-toukeratas\/","og_site_name":"Ecocruiser","article_modified_time":"2024-01-12T18:47:29+00:00","og_image":[{"width":2000,"height":2000,"url":"https:\/\/projekt.vombat.ee\/eco\/wp-content\/uploads\/2023\/03\/A-Series-A5-White.jpg","type":"image\/jpeg"}],"twitter_card":"summary_large_image","twitter_misc":{"Estimated reading time":"2 minutes"},"schema":{"@context":"https:\/\/schema.org","@graph":[{"@type":"WebPage","@id":"https:\/\/projekt.vombat.ee\/eco\/pood\/brandid\/joyor\/joyor-a5-elektriline-toukeratas\/","url":"https:\/\/projekt.vombat.ee\/eco\/pood\/brandid\/joyor\/joyor-a5-elektriline-toukeratas\/","name":"Joyor A5 elektriline t\u00f5ukeratas - Ecocruiser","isPartOf":{"@id":"https:\/\/projekt.vombat.ee\/eco\/#website"},"primaryImageOfPage":{"@id":"https:\/\/projekt.vombat.ee\/eco\/pood\/brandid\/joyor\/joyor-a5-elektriline-toukeratas\/#primaryimage"},"image":{"@id":"https:\/\/projekt.vombat.ee\/eco\/pood\/brandid\/joyor\/joyor-a5-elektriline-toukeratas\/#primaryimage"},"thumbnailUrl":"https:\/\/projekt.vombat.ee\/eco\/wp-content\/uploads\/2023\/03\/A-Series-A5-White.jpg","datePublished":"2023-03-09T18:41:25+00:00","dateModified":"2024-01-12T18:47:29+00:00","description":"Joyor A5 elektriline t\u00f5ukeratas - Kvaliteetsed br\u00e4ndid, lai valik - Ecocruiser.ee - K\u00fcsimuste korral v\u00f5ta \u00fchendust info@projekt.vombat.ee","breadcrumb":{"@id":"https:\/\/projekt.vombat.ee\/eco\/pood\/brandid\/joyor\/joyor-a5-elektriline-toukeratas\/#breadcrumb"},"inLanguage":"en-GB","potentialAction":[{"@type":"ReadAction","target":["https:\/\/projekt.vombat.ee\/eco\/pood\/brandid\/joyor\/joyor-a5-elektriline-toukeratas\/"]}]},{"@type":"ImageObject","inLanguage":"en-GB","@id":"https:\/\/projekt.vombat.ee\/eco\/pood\/brandid\/joyor\/joyor-a5-elektriline-toukeratas\/#primaryimage","url":"https:\/\/projekt.vombat.ee\/eco\/wp-content\/uploads\/2023\/03\/A-Series-A5-White.jpg","contentUrl":"https:\/\/projekt.vombat.ee\/eco\/wp-content\/uploads\/2023\/03\/A-Series-A5-White.jpg","width":2000,"height":2000,"caption":"Joyor A5"},{"@type":"BreadcrumbList","@id":"https:\/\/projekt.vombat.ee\/eco\/pood\/brandid\/joyor\/joyor-a5-elektriline-toukeratas\/#breadcrumb","itemListElement":[{"@type":"ListItem","position":1,"name":"Home","item":"https:\/\/projekt.vombat.ee\/eco\/"},{"@type":"ListItem","position":2,"name":"Pood","item":"https:\/\/projekt.vombat.ee\/eco\/pood\/"},{"@type":"ListItem","position":3,"name":"Joyor A5 elektriline t\u00f5ukeratas"}]},{"@type":"WebSite","@id":"https:\/\/projekt.vombat.ee\/eco\/#website","url":"https:\/\/projekt.vombat.ee\/eco\/","name":"Ecocruiser","description":"","publisher":{"@id":"https:\/\/projekt.vombat.ee\/eco\/#organization"},"potentialAction":[{"@type":"SearchAction","target":{"@type":"EntryPoint","urlTemplate":"https:\/\/projekt.vombat.ee\/eco\/?s={search_term_string}"},"query-input":{"@type":"PropertyValueSpecification","valueRequired":true,"valueName":"search_term_string"}}],"inLanguage":"en-GB"},{"@type":"Organization","@id":"https:\/\/projekt.vombat.ee\/eco\/#organization","name":"Ecocruiser","url":"https:\/\/projekt.vombat.ee\/eco\/","logo":{"@type":"ImageObject","inLanguage":"en-GB","@id":"https:\/\/projekt.vombat.ee\/eco\/#\/schema\/logo\/image\/","url":"https:\/\/projekt.vombat.ee\/eco\/wp-content\/uploads\/2023\/03\/ECOCRUISER_5.png","contentUrl":"https:\/\/projekt.vombat.ee\/eco\/wp-content\/uploads\/2023\/03\/ECOCRUISER_5.png","width":234,"height":91,"caption":"Ecocruiser"},"image":{"@id":"https:\/\/projekt.vombat.ee\/eco\/#\/schema\/logo\/image\/"}}]}},"lang":"et","translations":{"et":6171},"pll_sync_post":[],"_links":{"self":[{"href":"https:\/\/projekt.vombat.ee\/eco\/wp-json\/wp\/v2\/product\/6171"}],"collection":[{"href":"https:\/\/projekt.vombat.ee\/eco\/wp-json\/wp\/v2\/product"}],"about":[{"href":"https:\/\/projekt.vombat.ee\/eco\/wp-json\/wp\/v2\/types\/product"}],"version-history":[{"count":5,"href":"https:\/\/projekt.vombat.ee\/eco\/wp-json\/wp\/v2\/product\/6171\/revisions"}],"predecessor-version":[{"id":6334,"href":"https:\/\/projekt.vombat.ee\/eco\/wp-json\/wp\/v2\/product\/6171\/revisions\/6334"}],"wp:featuredmedia":[{"embeddable":true,"href":"https:\/\/projekt.vombat.ee\/eco\/wp-json\/wp\/v2\/media\/6205"}],"wp:attachment":[{"href":"https:\/\/projekt.vombat.ee\/eco\/wp-json\/wp\/v2\/media?parent=6171"}],"wp:term":[{"taxonomy":"product_cat","embeddable":true,"href":"https:\/\/projekt.vombat.ee\/eco\/wp-json\/wp\/v2\/product_cat?post=6171"},{"taxonomy":"product_tag","embeddable":true,"href":"https:\/\/projekt.vombat.ee\/eco\/wp-json\/wp\/v2\/product_tag?post=6171"}],"curies":[{"name":"wp","href":"https:\/\/api.w.org\/{rel}","templated":true}]}}