{"id":6140,"date":"2023-03-07T17:35:14","date_gmt":"2023-03-07T17:35:14","guid":{"rendered":"https:\/\/projekt.vombat.ee\/eco\/?post_type=product&#038;p=6140"},"modified":"2023-03-07T17:35:14","modified_gmt":"2023-03-07T17:35:14","slug":"toukeratta-siserehv-10x2-5-45-10tk","status":"publish","type":"product","link":"https:\/\/projekt.vombat.ee\/eco\/pood\/varuosad\/rehvid\/toukeratta-siserehv-10x2-5-45-10tk\/","title":{"rendered":"T\u00f5ukeratta siserehv 10&#215;2.5&#8243;, 45\u00b0 (10tk)"},"content":{"rendered":"<h1>T\u00d5UKERATTA SISEREHV 10X2.5&#8243;<\/h1>\n<p><strong>T\u00f5ukeratta siserehv 10&#215;2.5\u201d<\/strong>\u00a0sobib k\u00f5ikidele t\u00f5ukeratastele, millele on originaalis <strong>10\u00d72.0\u2033, 10\u00d72.125\u2033, 10\u00d72.25\u2033, 10\u00d72.35\u2033\u00a0<\/strong>v\u00f5i<strong>\u00a010\u00d72.50\u2033<\/strong> rehvim\u00f5\u00f5t. Rehvi ventiil on 45 kraadise nurga all, mis teeb selle pumpamise mugavamaks ja lihtsamaks. Kindlasti tuleb j\u00e4lgida, et rehvir\u00f5hk oleks \u00f5ige. Vale rehvir\u00f5hk kulutab siserehvi kiiremini \u00e4ra ning siis v\u00f5ibki juhtuda, et \u00fcle \u00e4\u00e4rekivi s\u00f5ites l\u00e4heb rehv katki. Reeglina j\u00e4\u00e4vad t\u00f5ukerataste rehvir\u00f5hud 2,4-3,1 bari vahemikku, suuresti s\u00f5ltub see kasutaja kehakaalust ja t\u00f5ukeratta mudelist.\u00a0Tegemist on kvaliteetsest materjalist tehtud rehviga.<\/p>\n","protected":false},"excerpt":{"rendered":"<p><strong>T\u00d5UKERATTA SISEREHV 10&#215;2.5&#8243; (10tk)<br \/>\n<\/strong><\/p>\n<p>Sobib mudelitele:<\/p>\n<ul>\n<li><strong>Techlife X7\/X7S\/X8<\/strong><\/li>\n<li><strong>Vsett 10+<\/strong><\/li>\n<li><strong>Inokim Quick3, Quick4, Ox ja OxO<\/strong><\/li>\n<li><strong>Gpad Joyride<\/strong><\/li>\n<li><strong>Joyor X1<\/strong><\/li>\n<li><strong>Kugoo Kirin M4 (tava ja pro)<\/strong><\/li>\n<li><strong>K\u00f5ik muud t\u00f5ukerattad, millel on originaalis 10\u00d72.0\u2033, 10\u00d72.125\u2033, 10\u00d72.25\u2033, 10\u00d72.35\u2033\u00a0v\u00f5i 10\u00d72.50 m\u00f5\u00f5dus rehv<\/strong><\/li>\n<\/ul>\n","protected":false},"featured_media":6133,"template":"","meta":[],"product_cat":[62,672],"product_tag":[],"class_list":{"0":"post-6140","1":"product","2":"type-product","3":"status-publish","4":"has-post-thumbnail","6":"product_cat-varuosad","7":"product_cat-rehvid","9":"first","10":"instock","11":"taxable","12":"shipping-taxable","13":"purchasable","14":"product-type-simple"},"yoast_head":"<!-- This site is optimized with the Yoast SEO plugin v23.8 - https:\/\/yoast.com\/wordpress\/plugins\/seo\/ -->\n<title>T\u00f5ukeratta siserehv 10x2.5&quot;, 45\u00b0 (10tk) - Ecocruiser<\/title>\n<meta name=\"robots\" content=\"noindex, follow, max-snippet:-1, max-image-preview:large, max-video-preview:-1\" \/>\n<meta property=\"og:locale\" content=\"en_GB\" \/>\n<meta property=\"og:type\" content=\"article\" \/>\n<meta property=\"og:title\" content=\"T\u00f5ukeratta siserehv 10x2.5&quot;, 45\u00b0 (10tk) - Ecocruiser\" \/>\n<meta property=\"og:description\" content=\"T\u00d5UKERATTA SISEREHV 10x2.5&quot; (10tk)   Sobib mudelitele:   Techlife X7\/X7S\/X8  Vsett 10+  Inokim Quick3, Quick4, Ox ja OxO  Gpad Joyride  Joyor X1  Kugoo Kirin M4 (tava ja pro)  K\u00f5ik muud t\u00f5ukerattad, millel on originaalis 10\u00d72.0\u2033, 10\u00d72.125\u2033, 10\u00d72.25\u2033, 10\u00d72.35\u2033\u00a0v\u00f5i 10\u00d72.50 m\u00f5\u00f5dus rehv\" \/>\n<meta property=\"og:url\" content=\"https:\/\/projekt.vombat.ee\/eco\/pood\/varuosad\/rehvid\/toukeratta-siserehv-10x2-5-45-10tk\/\" \/>\n<meta property=\"og:site_name\" content=\"Ecocruiser\" \/>\n<meta property=\"og:image\" content=\"https:\/\/projekt.vombat.ee\/eco\/wp-content\/uploads\/2023\/03\/detka-10x25-z-wentylem-90-stopni-techlife-x7-x7-lite-x8.jpg\" \/>\n\t<meta property=\"og:image:width\" content=\"900\" \/>\n\t<meta property=\"og:image:height\" content=\"1140\" \/>\n\t<meta property=\"og:image:type\" content=\"image\/jpeg\" \/>\n<meta name=\"twitter:card\" content=\"summary_large_image\" \/>\n<meta name=\"twitter:label1\" content=\"Estimated reading time\" \/>\n\t<meta name=\"twitter:data1\" content=\"1 minute\" \/>\n<script type=\"application\/ld+json\" class=\"yoast-schema-graph\">{\"@context\":\"https:\/\/schema.org\",\"@graph\":[{\"@type\":\"WebPage\",\"@id\":\"https:\/\/projekt.vombat.ee\/eco\/pood\/varuosad\/rehvid\/toukeratta-siserehv-10x2-5-45-10tk\/\",\"url\":\"https:\/\/projekt.vombat.ee\/eco\/pood\/varuosad\/rehvid\/toukeratta-siserehv-10x2-5-45-10tk\/\",\"name\":\"T\u00f5ukeratta siserehv 10x2.5\\\", 45\u00b0 (10tk) - Ecocruiser\",\"isPartOf\":{\"@id\":\"https:\/\/projekt.vombat.ee\/eco\/#website\"},\"primaryImageOfPage\":{\"@id\":\"https:\/\/projekt.vombat.ee\/eco\/pood\/varuosad\/rehvid\/toukeratta-siserehv-10x2-5-45-10tk\/#primaryimage\"},\"image\":{\"@id\":\"https:\/\/projekt.vombat.ee\/eco\/pood\/varuosad\/rehvid\/toukeratta-siserehv-10x2-5-45-10tk\/#primaryimage\"},\"thumbnailUrl\":\"https:\/\/projekt.vombat.ee\/eco\/wp-content\/uploads\/2023\/03\/detka-10x25-z-wentylem-90-stopni-techlife-x7-x7-lite-x8.jpg\",\"datePublished\":\"2023-03-07T17:35:14+00:00\",\"dateModified\":\"2023-03-07T17:35:14+00:00\",\"breadcrumb\":{\"@id\":\"https:\/\/projekt.vombat.ee\/eco\/pood\/varuosad\/rehvid\/toukeratta-siserehv-10x2-5-45-10tk\/#breadcrumb\"},\"inLanguage\":\"en-GB\",\"potentialAction\":[{\"@type\":\"ReadAction\",\"target\":[\"https:\/\/projekt.vombat.ee\/eco\/pood\/varuosad\/rehvid\/toukeratta-siserehv-10x2-5-45-10tk\/\"]}]},{\"@type\":\"ImageObject\",\"inLanguage\":\"en-GB\",\"@id\":\"https:\/\/projekt.vombat.ee\/eco\/pood\/varuosad\/rehvid\/toukeratta-siserehv-10x2-5-45-10tk\/#primaryimage\",\"url\":\"https:\/\/projekt.vombat.ee\/eco\/wp-content\/uploads\/2023\/03\/detka-10x25-z-wentylem-90-stopni-techlife-x7-x7-lite-x8.jpg\",\"contentUrl\":\"https:\/\/projekt.vombat.ee\/eco\/wp-content\/uploads\/2023\/03\/detka-10x25-z-wentylem-90-stopni-techlife-x7-x7-lite-x8.jpg\",\"width\":900,\"height\":1140,\"caption\":\"T\u00f5ukeratta siserehv 10x2.5\\\"\"},{\"@type\":\"BreadcrumbList\",\"@id\":\"https:\/\/projekt.vombat.ee\/eco\/pood\/varuosad\/rehvid\/toukeratta-siserehv-10x2-5-45-10tk\/#breadcrumb\",\"itemListElement\":[{\"@type\":\"ListItem\",\"position\":1,\"name\":\"Home\",\"item\":\"https:\/\/projekt.vombat.ee\/eco\/\"},{\"@type\":\"ListItem\",\"position\":2,\"name\":\"Pood\",\"item\":\"https:\/\/projekt.vombat.ee\/eco\/pood\/\"},{\"@type\":\"ListItem\",\"position\":3,\"name\":\"T\u00f5ukeratta siserehv 10&#215;2.5&#8243;, 45\u00b0 (10tk)\"}]},{\"@type\":\"WebSite\",\"@id\":\"https:\/\/projekt.vombat.ee\/eco\/#website\",\"url\":\"https:\/\/projekt.vombat.ee\/eco\/\",\"name\":\"Ecocruiser\",\"description\":\"\",\"publisher\":{\"@id\":\"https:\/\/projekt.vombat.ee\/eco\/#organization\"},\"potentialAction\":[{\"@type\":\"SearchAction\",\"target\":{\"@type\":\"EntryPoint\",\"urlTemplate\":\"https:\/\/projekt.vombat.ee\/eco\/?s={search_term_string}\"},\"query-input\":{\"@type\":\"PropertyValueSpecification\",\"valueRequired\":true,\"valueName\":\"search_term_string\"}}],\"inLanguage\":\"en-GB\"},{\"@type\":\"Organization\",\"@id\":\"https:\/\/projekt.vombat.ee\/eco\/#organization\",\"name\":\"Ecocruiser\",\"url\":\"https:\/\/projekt.vombat.ee\/eco\/\",\"logo\":{\"@type\":\"ImageObject\",\"inLanguage\":\"en-GB\",\"@id\":\"https:\/\/projekt.vombat.ee\/eco\/#\/schema\/logo\/image\/\",\"url\":\"https:\/\/projekt.vombat.ee\/eco\/wp-content\/uploads\/2023\/03\/ECOCRUISER_5.png\",\"contentUrl\":\"https:\/\/projekt.vombat.ee\/eco\/wp-content\/uploads\/2023\/03\/ECOCRUISER_5.png\",\"width\":234,\"height\":91,\"caption\":\"Ecocruiser\"},\"image\":{\"@id\":\"https:\/\/projekt.vombat.ee\/eco\/#\/schema\/logo\/image\/\"}}]}<\/script>\n<!-- \/ Yoast SEO plugin. -->","yoast_head_json":{"title":"T\u00f5ukeratta siserehv 10x2.5\", 45\u00b0 (10tk) - Ecocruiser","robots":{"index":"noindex","follow":"follow","max-snippet":"max-snippet:-1","max-image-preview":"max-image-preview:large","max-video-preview":"max-video-preview:-1"},"og_locale":"en_GB","og_type":"article","og_title":"T\u00f5ukeratta siserehv 10x2.5\", 45\u00b0 (10tk) - Ecocruiser","og_description":"T\u00d5UKERATTA SISEREHV 10x2.5\" (10tk)   Sobib mudelitele:   Techlife X7\/X7S\/X8  Vsett 10+  Inokim Quick3, Quick4, Ox ja OxO  Gpad Joyride  Joyor X1  Kugoo Kirin M4 (tava ja pro)  K\u00f5ik muud t\u00f5ukerattad, millel on originaalis 10\u00d72.0\u2033, 10\u00d72.125\u2033, 10\u00d72.25\u2033, 10\u00d72.35\u2033\u00a0v\u00f5i 10\u00d72.50 m\u00f5\u00f5dus rehv","og_url":"https:\/\/projekt.vombat.ee\/eco\/pood\/varuosad\/rehvid\/toukeratta-siserehv-10x2-5-45-10tk\/","og_site_name":"Ecocruiser","og_image":[{"width":900,"height":1140,"url":"https:\/\/projekt.vombat.ee\/eco\/wp-content\/uploads\/2023\/03\/detka-10x25-z-wentylem-90-stopni-techlife-x7-x7-lite-x8.jpg","type":"image\/jpeg"}],"twitter_card":"summary_large_image","twitter_misc":{"Estimated reading time":"1 minute"},"schema":{"@context":"https:\/\/schema.org","@graph":[{"@type":"WebPage","@id":"https:\/\/projekt.vombat.ee\/eco\/pood\/varuosad\/rehvid\/toukeratta-siserehv-10x2-5-45-10tk\/","url":"https:\/\/projekt.vombat.ee\/eco\/pood\/varuosad\/rehvid\/toukeratta-siserehv-10x2-5-45-10tk\/","name":"T\u00f5ukeratta siserehv 10x2.5\", 45\u00b0 (10tk) - Ecocruiser","isPartOf":{"@id":"https:\/\/projekt.vombat.ee\/eco\/#website"},"primaryImageOfPage":{"@id":"https:\/\/projekt.vombat.ee\/eco\/pood\/varuosad\/rehvid\/toukeratta-siserehv-10x2-5-45-10tk\/#primaryimage"},"image":{"@id":"https:\/\/projekt.vombat.ee\/eco\/pood\/varuosad\/rehvid\/toukeratta-siserehv-10x2-5-45-10tk\/#primaryimage"},"thumbnailUrl":"https:\/\/projekt.vombat.ee\/eco\/wp-content\/uploads\/2023\/03\/detka-10x25-z-wentylem-90-stopni-techlife-x7-x7-lite-x8.jpg","datePublished":"2023-03-07T17:35:14+00:00","dateModified":"2023-03-07T17:35:14+00:00","breadcrumb":{"@id":"https:\/\/projekt.vombat.ee\/eco\/pood\/varuosad\/rehvid\/toukeratta-siserehv-10x2-5-45-10tk\/#breadcrumb"},"inLanguage":"en-GB","potentialAction":[{"@type":"ReadAction","target":["https:\/\/projekt.vombat.ee\/eco\/pood\/varuosad\/rehvid\/toukeratta-siserehv-10x2-5-45-10tk\/"]}]},{"@type":"ImageObject","inLanguage":"en-GB","@id":"https:\/\/projekt.vombat.ee\/eco\/pood\/varuosad\/rehvid\/toukeratta-siserehv-10x2-5-45-10tk\/#primaryimage","url":"https:\/\/projekt.vombat.ee\/eco\/wp-content\/uploads\/2023\/03\/detka-10x25-z-wentylem-90-stopni-techlife-x7-x7-lite-x8.jpg","contentUrl":"https:\/\/projekt.vombat.ee\/eco\/wp-content\/uploads\/2023\/03\/detka-10x25-z-wentylem-90-stopni-techlife-x7-x7-lite-x8.jpg","width":900,"height":1140,"caption":"T\u00f5ukeratta siserehv 10x2.5\""},{"@type":"BreadcrumbList","@id":"https:\/\/projekt.vombat.ee\/eco\/pood\/varuosad\/rehvid\/toukeratta-siserehv-10x2-5-45-10tk\/#breadcrumb","itemListElement":[{"@type":"ListItem","position":1,"name":"Home","item":"https:\/\/projekt.vombat.ee\/eco\/"},{"@type":"ListItem","position":2,"name":"Pood","item":"https:\/\/projekt.vombat.ee\/eco\/pood\/"},{"@type":"ListItem","position":3,"name":"T\u00f5ukeratta siserehv 10&#215;2.5&#8243;, 45\u00b0 (10tk)"}]},{"@type":"WebSite","@id":"https:\/\/projekt.vombat.ee\/eco\/#website","url":"https:\/\/projekt.vombat.ee\/eco\/","name":"Ecocruiser","description":"","publisher":{"@id":"https:\/\/projekt.vombat.ee\/eco\/#organization"},"potentialAction":[{"@type":"SearchAction","target":{"@type":"EntryPoint","urlTemplate":"https:\/\/projekt.vombat.ee\/eco\/?s={search_term_string}"},"query-input":{"@type":"PropertyValueSpecification","valueRequired":true,"valueName":"search_term_string"}}],"inLanguage":"en-GB"},{"@type":"Organization","@id":"https:\/\/projekt.vombat.ee\/eco\/#organization","name":"Ecocruiser","url":"https:\/\/projekt.vombat.ee\/eco\/","logo":{"@type":"ImageObject","inLanguage":"en-GB","@id":"https:\/\/projekt.vombat.ee\/eco\/#\/schema\/logo\/image\/","url":"https:\/\/projekt.vombat.ee\/eco\/wp-content\/uploads\/2023\/03\/ECOCRUISER_5.png","contentUrl":"https:\/\/projekt.vombat.ee\/eco\/wp-content\/uploads\/2023\/03\/ECOCRUISER_5.png","width":234,"height":91,"caption":"Ecocruiser"},"image":{"@id":"https:\/\/projekt.vombat.ee\/eco\/#\/schema\/logo\/image\/"}}]}},"lang":"et","translations":{"et":6140},"pll_sync_post":[],"_links":{"self":[{"href":"https:\/\/projekt.vombat.ee\/eco\/wp-json\/wp\/v2\/product\/6140"}],"collection":[{"href":"https:\/\/projekt.vombat.ee\/eco\/wp-json\/wp\/v2\/product"}],"about":[{"href":"https:\/\/projekt.vombat.ee\/eco\/wp-json\/wp\/v2\/types\/product"}],"version-history":[{"count":1,"href":"https:\/\/projekt.vombat.ee\/eco\/wp-json\/wp\/v2\/product\/6140\/revisions"}],"predecessor-version":[{"id":6142,"href":"https:\/\/projekt.vombat.ee\/eco\/wp-json\/wp\/v2\/product\/6140\/revisions\/6142"}],"wp:featuredmedia":[{"embeddable":true,"href":"https:\/\/projekt.vombat.ee\/eco\/wp-json\/wp\/v2\/media\/6133"}],"wp:attachment":[{"href":"https:\/\/projekt.vombat.ee\/eco\/wp-json\/wp\/v2\/media?parent=6140"}],"wp:term":[{"taxonomy":"product_cat","embeddable":true,"href":"https:\/\/projekt.vombat.ee\/eco\/wp-json\/wp\/v2\/product_cat?post=6140"},{"taxonomy":"product_tag","embeddable":true,"href":"https:\/\/projekt.vombat.ee\/eco\/wp-json\/wp\/v2\/product_tag?post=6140"}],"curies":[{"name":"wp","href":"https:\/\/api.w.org\/{rel}","templated":true}]}}