{"id":6098,"date":"2023-03-07T14:54:43","date_gmt":"2023-03-07T14:54:43","guid":{"rendered":"https:\/\/projekt.vombat.ee\/eco\/?post_type=product&#038;p=6098"},"modified":"2024-01-12T18:58:48","modified_gmt":"2024-01-12T18:58:48","slug":"joyor-g5-elektriline-toukeratas-50km","status":"publish","type":"product","link":"https:\/\/projekt.vombat.ee\/eco\/pood\/brandid\/joyor\/joyor-g5-elektriline-toukeratas-50km\/","title":{"rendered":"Joyor G5 elektriline t\u00f5ukeratas 50km"},"content":{"rendered":"<h1>Joyor G5 on parim viis linnas ringi liikumiseks<\/h1>\n<div class=\"swiper-slide swiper-slide-duplicate\" data-swiper-slide-index=\"1\"><\/div>\n<div class=\"swiper-slide swiper-slide-duplicate-next\" data-swiper-slide-index=\"1\">\n<figure class=\"swiper-slide-inner\"><img decoding=\"async\" class=\"swiper-slide-image lazyloaded\" src=\"https:\/\/joyorscooter.com\/wp-content\/uploads\/2022\/05\/DSC07071-scaled.jpg\" alt=\"DSC07071\" data-src=\"https:\/\/joyorscooter.com\/wp-content\/uploads\/2022\/05\/DSC07071-scaled.jpg\" \/><\/figure>\n<p><span style=\"color: #2f2f2f; font-size: 24px; font-weight: 600;\">Miks valida G5?<\/span><\/p>\n<\/div>\n<p>Elektriline t\u00f5ukeratas G5 on \u00fcks uusimaid Joyori turuletoojaid, millest on saanud \u00fcks mitmek\u00fclgsemaid mudeleid. V\u00f5imsus, suur autonoomia, kohanemisv\u00f5ime, kergus ja praktilisus. Kahtlemata on sellest ette n\u00e4htud saada \u00fcheks populaarsemaks .elektrit\u00f5ukerattaks.<\/p>\n<h3>Elektriline t\u00f5ukeratas Joyor G5<\/h3>\n<p>G5 mudel on mootori v\u00f5imsuse, ulatuse ja disaini poolest oma klassi kergeim elektrit\u00f5ukeratas. Uuel Joyor G5-l on 500 W harjadeta k\u00e4igukastita mootor ja 48 V 13 Ah aku, mis annab t\u00f5ukeratta s\u00f5iduulatuseks t\u00e4islaadimisel 40-50 km.<\/p>\n<p>Sellel mudelil on 8,5-tollised \u00f5hkrehvid, tagumine trummelpidur, esivedrustus ja topeltvedrustus taga. T\u00e4nu sellele pakub see sujuvat ja mugavat s\u00f5itu ilma vibratsioonita. Lisaks on tagumine trummelpidur \u00fclit\u00f5hus mehaaniline pidur, mis tagab ohutuse reisi ajal.<\/p>\n<h3>Info<\/h3>\n<p>V\u00f5imsus: 500W<br \/>\nStandardne kandev\u00f5ime: 120 kg<br \/>\nMaterjal: Alumiiniumisulam<br \/>\nKiirus: 25\/35 km\/h (piiratud)<br \/>\nM\u00f5\u00f5dud: Volditud 1150x180x440mm<br \/>\nKaal: 17,8 kg<br \/>\nVahemaa: 50km<br \/>\nPidurid: tagumine trummelpidur<br \/>\nKruiisifunktsioon: Jah<br \/>\nPinge: 48V<br \/>\nAku: 13,0Ah<br \/>\nV\u00e4rvus: Must<br \/>\nAku: liitiumioon<br \/>\nRehvim\u00f5\u00f5t: 8,5&#8243; \u00f5hkrehvid<br \/>\nDisplei: v\u00e4rviline LCD ekraan<\/p>\n<div class=\"youtube responsive-embed wp-embed\"><iframe title=\"Patinete El\u00e9ctrico Joyor G5: motor 500W, bater\u00eda 13Ah 48V, autonom\u00eda 40-50km\" width=\"1778\" height=\"1000\" src=\"https:\/\/www.youtube.com\/embed\/veEWIDsayaA?feature=oembed&#038;enablejsapi=1&#038;rel=0&#038;showinfo=0&#038;color=white\" frameborder=\"0\" allow=\"accelerometer; autoplay; clipboard-write; encrypted-media; gyroscope; picture-in-picture; web-share\" allowfullscreen><\/iframe><\/div>\n<p>&nbsp;<\/p>\n<p><strong>NB!<\/strong> Elektrit\u00f5ukerattaga s\u00f5ites soovitame alati kanda <a href=\"https:\/\/projekt.vombat.ee\/eco\/pood\/?product-cata=707\">kiivrit<\/a>. Alla 16 aastase kergliikuri jaoks on elektrit\u00f5uksiga s\u00f5idu ajal kiivri kandmine\u00a0<a href=\"https:\/\/www.riigiteataja.ee\/akt\/113112020001\">seaduse<\/a>\u00a0j\u00e4rgi kohustuslik<\/p>\n","protected":false},"excerpt":{"rendered":"<p><strong>Joyor G5<\/strong> elektriline t\u00f5ukeratas on elegantne ja v\u00f5imas. <strong>Joyor G5<\/strong> mudel on loodud pikkadeks s\u00f5itudeks linnas, pargis v\u00f5i ka raskemal pinnasel. Masin varustatud kas 13Ah akuga ning l\u00e4bis\u00f5it ulatub lausa 55km juurde. <strong>Joyor G5<\/strong> t\u00f5uksi teeb veel eriliseks kerge kaal ja lahe disain.<\/p>\n<p>&nbsp;<\/p>\n<ul>\n<li><strong>V\u00f5imsus<\/strong>: 500W<\/li>\n<li><strong>Kandev\u00f5ime<\/strong>: 120 kg<\/li>\n<li><strong>Kaal<\/strong>: 17,8 kg<\/li>\n<li><strong>S\u00f5iduulatus<\/strong>: 50km<\/li>\n<li><strong>Aku<\/strong>: 13,0Ah<\/li>\n<\/ul>\n<p>&nbsp;<\/p>\n<p>\u2666\u00a0<strong>Tarneaeg 2-6 p\u00e4eva<\/strong><br \/>\n\u2666\u00a0<strong>Laos<\/strong><\/p>\n","protected":false},"featured_media":6099,"template":"","meta":[],"product_cat":[53,680,909],"product_tag":[],"class_list":{"0":"post-6098","1":"product","2":"type-product","3":"status-publish","4":"has-post-thumbnail","6":"product_cat-elektritoukerattad","7":"product_cat-joyor","8":"product_cat-linna-toukerattad","9":"product_shipping_class-suured-pakid","11":"first","12":"instock","13":"sale","14":"taxable","15":"shipping-taxable","16":"purchasable","17":"product-type-simple"},"yoast_head":"<!-- This site is optimized with the Yoast SEO plugin v23.8 - https:\/\/yoast.com\/wordpress\/plugins\/seo\/ -->\n<title>Joyor G5 elektriline t\u00f5ukeratas 50km - Ecocruiser<\/title>\n<meta name=\"description\" content=\"Joyor G5 elektriline t\u00f5ukeratas 50km - Kvaliteetsed br\u00e4ndid, lai valik - Ecocruiser.ee - K\u00fcsimuste korral v\u00f5ta \u00fchendust info@projekt.vombat.ee\" \/>\n<meta name=\"robots\" content=\"noindex, follow, max-snippet:-1, max-image-preview:large, max-video-preview:-1\" \/>\n<meta property=\"og:locale\" content=\"en_GB\" \/>\n<meta property=\"og:type\" content=\"article\" \/>\n<meta property=\"og:title\" content=\"Joyor G5 elektriline t\u00f5ukeratas 50km - Ecocruiser\" \/>\n<meta property=\"og:description\" content=\"Joyor G5 elektriline t\u00f5ukeratas 50km - Kvaliteetsed br\u00e4ndid, lai valik - Ecocruiser.ee - K\u00fcsimuste korral v\u00f5ta \u00fchendust info@projekt.vombat.ee\" \/>\n<meta property=\"og:url\" content=\"https:\/\/projekt.vombat.ee\/eco\/pood\/brandid\/joyor\/joyor-g5-elektriline-toukeratas-50km\/\" \/>\n<meta property=\"og:site_name\" content=\"Ecocruiser\" \/>\n<meta property=\"article:modified_time\" content=\"2024-01-12T18:58:48+00:00\" \/>\n<meta property=\"og:image\" content=\"https:\/\/projekt.vombat.ee\/eco\/wp-content\/uploads\/2023\/03\/1-4.jpg\" \/>\n\t<meta property=\"og:image:width\" content=\"2000\" \/>\n\t<meta property=\"og:image:height\" content=\"2000\" \/>\n\t<meta property=\"og:image:type\" content=\"image\/jpeg\" \/>\n<meta name=\"twitter:card\" content=\"summary_large_image\" \/>\n<meta name=\"twitter:label1\" content=\"Estimated reading time\" \/>\n\t<meta name=\"twitter:data1\" content=\"2 minutes\" \/>\n<script type=\"application\/ld+json\" class=\"yoast-schema-graph\">{\"@context\":\"https:\/\/schema.org\",\"@graph\":[{\"@type\":\"WebPage\",\"@id\":\"https:\/\/projekt.vombat.ee\/eco\/pood\/brandid\/joyor\/joyor-g5-elektriline-toukeratas-50km\/\",\"url\":\"https:\/\/projekt.vombat.ee\/eco\/pood\/brandid\/joyor\/joyor-g5-elektriline-toukeratas-50km\/\",\"name\":\"Joyor G5 elektriline t\u00f5ukeratas 50km - Ecocruiser\",\"isPartOf\":{\"@id\":\"https:\/\/projekt.vombat.ee\/eco\/#website\"},\"primaryImageOfPage\":{\"@id\":\"https:\/\/projekt.vombat.ee\/eco\/pood\/brandid\/joyor\/joyor-g5-elektriline-toukeratas-50km\/#primaryimage\"},\"image\":{\"@id\":\"https:\/\/projekt.vombat.ee\/eco\/pood\/brandid\/joyor\/joyor-g5-elektriline-toukeratas-50km\/#primaryimage\"},\"thumbnailUrl\":\"https:\/\/projekt.vombat.ee\/eco\/wp-content\/uploads\/2023\/03\/1-4.jpg\",\"datePublished\":\"2023-03-07T14:54:43+00:00\",\"dateModified\":\"2024-01-12T18:58:48+00:00\",\"description\":\"Joyor G5 elektriline t\u00f5ukeratas 50km - Kvaliteetsed br\u00e4ndid, lai valik - Ecocruiser.ee - K\u00fcsimuste korral v\u00f5ta \u00fchendust info@projekt.vombat.ee\",\"breadcrumb\":{\"@id\":\"https:\/\/projekt.vombat.ee\/eco\/pood\/brandid\/joyor\/joyor-g5-elektriline-toukeratas-50km\/#breadcrumb\"},\"inLanguage\":\"en-GB\",\"potentialAction\":[{\"@type\":\"ReadAction\",\"target\":[\"https:\/\/projekt.vombat.ee\/eco\/pood\/brandid\/joyor\/joyor-g5-elektriline-toukeratas-50km\/\"]}]},{\"@type\":\"ImageObject\",\"inLanguage\":\"en-GB\",\"@id\":\"https:\/\/projekt.vombat.ee\/eco\/pood\/brandid\/joyor\/joyor-g5-elektriline-toukeratas-50km\/#primaryimage\",\"url\":\"https:\/\/projekt.vombat.ee\/eco\/wp-content\/uploads\/2023\/03\/1-4.jpg\",\"contentUrl\":\"https:\/\/projekt.vombat.ee\/eco\/wp-content\/uploads\/2023\/03\/1-4.jpg\",\"width\":2000,\"height\":2000,\"caption\":\"Joyor G5\"},{\"@type\":\"BreadcrumbList\",\"@id\":\"https:\/\/projekt.vombat.ee\/eco\/pood\/brandid\/joyor\/joyor-g5-elektriline-toukeratas-50km\/#breadcrumb\",\"itemListElement\":[{\"@type\":\"ListItem\",\"position\":1,\"name\":\"Home\",\"item\":\"https:\/\/projekt.vombat.ee\/eco\/\"},{\"@type\":\"ListItem\",\"position\":2,\"name\":\"Pood\",\"item\":\"https:\/\/projekt.vombat.ee\/eco\/pood\/\"},{\"@type\":\"ListItem\",\"position\":3,\"name\":\"Joyor G5 elektriline t\u00f5ukeratas 50km\"}]},{\"@type\":\"WebSite\",\"@id\":\"https:\/\/projekt.vombat.ee\/eco\/#website\",\"url\":\"https:\/\/projekt.vombat.ee\/eco\/\",\"name\":\"Ecocruiser\",\"description\":\"\",\"publisher\":{\"@id\":\"https:\/\/projekt.vombat.ee\/eco\/#organization\"},\"potentialAction\":[{\"@type\":\"SearchAction\",\"target\":{\"@type\":\"EntryPoint\",\"urlTemplate\":\"https:\/\/projekt.vombat.ee\/eco\/?s={search_term_string}\"},\"query-input\":{\"@type\":\"PropertyValueSpecification\",\"valueRequired\":true,\"valueName\":\"search_term_string\"}}],\"inLanguage\":\"en-GB\"},{\"@type\":\"Organization\",\"@id\":\"https:\/\/projekt.vombat.ee\/eco\/#organization\",\"name\":\"Ecocruiser\",\"url\":\"https:\/\/projekt.vombat.ee\/eco\/\",\"logo\":{\"@type\":\"ImageObject\",\"inLanguage\":\"en-GB\",\"@id\":\"https:\/\/projekt.vombat.ee\/eco\/#\/schema\/logo\/image\/\",\"url\":\"https:\/\/projekt.vombat.ee\/eco\/wp-content\/uploads\/2023\/03\/ECOCRUISER_5.png\",\"contentUrl\":\"https:\/\/projekt.vombat.ee\/eco\/wp-content\/uploads\/2023\/03\/ECOCRUISER_5.png\",\"width\":234,\"height\":91,\"caption\":\"Ecocruiser\"},\"image\":{\"@id\":\"https:\/\/projekt.vombat.ee\/eco\/#\/schema\/logo\/image\/\"}}]}<\/script>\n<!-- \/ Yoast SEO plugin. -->","yoast_head_json":{"title":"Joyor G5 elektriline t\u00f5ukeratas 50km - Ecocruiser","description":"Joyor G5 elektriline t\u00f5ukeratas 50km - Kvaliteetsed br\u00e4ndid, lai valik - Ecocruiser.ee - K\u00fcsimuste korral v\u00f5ta \u00fchendust info@projekt.vombat.ee","robots":{"index":"noindex","follow":"follow","max-snippet":"max-snippet:-1","max-image-preview":"max-image-preview:large","max-video-preview":"max-video-preview:-1"},"og_locale":"en_GB","og_type":"article","og_title":"Joyor G5 elektriline t\u00f5ukeratas 50km - Ecocruiser","og_description":"Joyor G5 elektriline t\u00f5ukeratas 50km - Kvaliteetsed br\u00e4ndid, lai valik - Ecocruiser.ee - K\u00fcsimuste korral v\u00f5ta \u00fchendust info@projekt.vombat.ee","og_url":"https:\/\/projekt.vombat.ee\/eco\/pood\/brandid\/joyor\/joyor-g5-elektriline-toukeratas-50km\/","og_site_name":"Ecocruiser","article_modified_time":"2024-01-12T18:58:48+00:00","og_image":[{"width":2000,"height":2000,"url":"https:\/\/projekt.vombat.ee\/eco\/wp-content\/uploads\/2023\/03\/1-4.jpg","type":"image\/jpeg"}],"twitter_card":"summary_large_image","twitter_misc":{"Estimated reading time":"2 minutes"},"schema":{"@context":"https:\/\/schema.org","@graph":[{"@type":"WebPage","@id":"https:\/\/projekt.vombat.ee\/eco\/pood\/brandid\/joyor\/joyor-g5-elektriline-toukeratas-50km\/","url":"https:\/\/projekt.vombat.ee\/eco\/pood\/brandid\/joyor\/joyor-g5-elektriline-toukeratas-50km\/","name":"Joyor G5 elektriline t\u00f5ukeratas 50km - Ecocruiser","isPartOf":{"@id":"https:\/\/projekt.vombat.ee\/eco\/#website"},"primaryImageOfPage":{"@id":"https:\/\/projekt.vombat.ee\/eco\/pood\/brandid\/joyor\/joyor-g5-elektriline-toukeratas-50km\/#primaryimage"},"image":{"@id":"https:\/\/projekt.vombat.ee\/eco\/pood\/brandid\/joyor\/joyor-g5-elektriline-toukeratas-50km\/#primaryimage"},"thumbnailUrl":"https:\/\/projekt.vombat.ee\/eco\/wp-content\/uploads\/2023\/03\/1-4.jpg","datePublished":"2023-03-07T14:54:43+00:00","dateModified":"2024-01-12T18:58:48+00:00","description":"Joyor G5 elektriline t\u00f5ukeratas 50km - Kvaliteetsed br\u00e4ndid, lai valik - Ecocruiser.ee - K\u00fcsimuste korral v\u00f5ta \u00fchendust info@projekt.vombat.ee","breadcrumb":{"@id":"https:\/\/projekt.vombat.ee\/eco\/pood\/brandid\/joyor\/joyor-g5-elektriline-toukeratas-50km\/#breadcrumb"},"inLanguage":"en-GB","potentialAction":[{"@type":"ReadAction","target":["https:\/\/projekt.vombat.ee\/eco\/pood\/brandid\/joyor\/joyor-g5-elektriline-toukeratas-50km\/"]}]},{"@type":"ImageObject","inLanguage":"en-GB","@id":"https:\/\/projekt.vombat.ee\/eco\/pood\/brandid\/joyor\/joyor-g5-elektriline-toukeratas-50km\/#primaryimage","url":"https:\/\/projekt.vombat.ee\/eco\/wp-content\/uploads\/2023\/03\/1-4.jpg","contentUrl":"https:\/\/projekt.vombat.ee\/eco\/wp-content\/uploads\/2023\/03\/1-4.jpg","width":2000,"height":2000,"caption":"Joyor G5"},{"@type":"BreadcrumbList","@id":"https:\/\/projekt.vombat.ee\/eco\/pood\/brandid\/joyor\/joyor-g5-elektriline-toukeratas-50km\/#breadcrumb","itemListElement":[{"@type":"ListItem","position":1,"name":"Home","item":"https:\/\/projekt.vombat.ee\/eco\/"},{"@type":"ListItem","position":2,"name":"Pood","item":"https:\/\/projekt.vombat.ee\/eco\/pood\/"},{"@type":"ListItem","position":3,"name":"Joyor G5 elektriline t\u00f5ukeratas 50km"}]},{"@type":"WebSite","@id":"https:\/\/projekt.vombat.ee\/eco\/#website","url":"https:\/\/projekt.vombat.ee\/eco\/","name":"Ecocruiser","description":"","publisher":{"@id":"https:\/\/projekt.vombat.ee\/eco\/#organization"},"potentialAction":[{"@type":"SearchAction","target":{"@type":"EntryPoint","urlTemplate":"https:\/\/projekt.vombat.ee\/eco\/?s={search_term_string}"},"query-input":{"@type":"PropertyValueSpecification","valueRequired":true,"valueName":"search_term_string"}}],"inLanguage":"en-GB"},{"@type":"Organization","@id":"https:\/\/projekt.vombat.ee\/eco\/#organization","name":"Ecocruiser","url":"https:\/\/projekt.vombat.ee\/eco\/","logo":{"@type":"ImageObject","inLanguage":"en-GB","@id":"https:\/\/projekt.vombat.ee\/eco\/#\/schema\/logo\/image\/","url":"https:\/\/projekt.vombat.ee\/eco\/wp-content\/uploads\/2023\/03\/ECOCRUISER_5.png","contentUrl":"https:\/\/projekt.vombat.ee\/eco\/wp-content\/uploads\/2023\/03\/ECOCRUISER_5.png","width":234,"height":91,"caption":"Ecocruiser"},"image":{"@id":"https:\/\/projekt.vombat.ee\/eco\/#\/schema\/logo\/image\/"}}]}},"lang":"et","translations":{"et":6098,"fi":7837},"pll_sync_post":[],"_links":{"self":[{"href":"https:\/\/projekt.vombat.ee\/eco\/wp-json\/wp\/v2\/product\/6098"}],"collection":[{"href":"https:\/\/projekt.vombat.ee\/eco\/wp-json\/wp\/v2\/product"}],"about":[{"href":"https:\/\/projekt.vombat.ee\/eco\/wp-json\/wp\/v2\/types\/product"}],"version-history":[{"count":9,"href":"https:\/\/projekt.vombat.ee\/eco\/wp-json\/wp\/v2\/product\/6098\/revisions"}],"predecessor-version":[{"id":8259,"href":"https:\/\/projekt.vombat.ee\/eco\/wp-json\/wp\/v2\/product\/6098\/revisions\/8259"}],"wp:featuredmedia":[{"embeddable":true,"href":"https:\/\/projekt.vombat.ee\/eco\/wp-json\/wp\/v2\/media\/6099"}],"wp:attachment":[{"href":"https:\/\/projekt.vombat.ee\/eco\/wp-json\/wp\/v2\/media?parent=6098"}],"wp:term":[{"taxonomy":"product_cat","embeddable":true,"href":"https:\/\/projekt.vombat.ee\/eco\/wp-json\/wp\/v2\/product_cat?post=6098"},{"taxonomy":"product_tag","embeddable":true,"href":"https:\/\/projekt.vombat.ee\/eco\/wp-json\/wp\/v2\/product_tag?post=6098"}],"curies":[{"name":"wp","href":"https:\/\/api.w.org\/{rel}","templated":true}]}}