{"id":6038,"date":"2023-03-05T19:07:18","date_gmt":"2023-03-05T19:07:18","guid":{"rendered":"https:\/\/projekt.vombat.ee\/eco\/?post_type=product&#038;p=6038"},"modified":"2024-01-12T18:39:45","modified_gmt":"2024-01-12T18:39:45","slug":"iscooter-i9-elektriline-toukeratas","status":"publish","type":"product","link":"https:\/\/projekt.vombat.ee\/eco\/pood\/brandid\/iscooter\/iscooter-i9-elektriline-toukeratas\/","title":{"rendered":"iScooter i9 elektriline t\u00f5ukeratas, 30km"},"content":{"rendered":"<h1>ISCOOTER I9 ELEKTRILINE T\u00d5UKERATAS<\/h1>\n<p><img fetchpriority=\"high\" decoding=\"async\" class=\"msub_k4 mupj_5k mjru_k4 mse2_k4 mp7g_f6 mq1m_0 mj7u_0 m7er_k4 lazyloaded\" src=\"https:\/\/a.allegroimg.com\/original\/1101b0\/4a5f23c141a5a680d57cf0905bd5\/Adults-Electric-Scooter-iScooter-i9-350-W-30-km-h-Brake-electronic-kickscooter\" sizes=\"100vw\" srcset=\"https:\/\/a.allegroimg.com\/s360\/1101b0\/4a5f23c141a5a680d57cf0905bd5\/Adults-Electric-Scooter-iScooter-i9-350-W-30-km-h-Brake-electronic-kickscooter 360w,https:\/\/a.allegroimg.com\/s720\/1101b0\/4a5f23c141a5a680d57cf0905bd5\/Adults-Electric-Scooter-iScooter-i9-350-W-30-km-h-Brake-electronic-kickscooter 720w,https:\/\/a.allegroimg.com\/s1024\/1101b0\/4a5f23c141a5a680d57cf0905bd5\/Adults-Electric-Scooter-iScooter-i9-350-W-30-km-h-Brake-electronic-kickscooter 895w,https:\/\/a.allegroimg.com\/original\/1101b0\/4a5f23c141a5a680d57cf0905bd5\/Adults-Electric-Scooter-iScooter-i9-350-W-30-km-h-Brake-electronic-kickscooter 895w\" alt=\"Adults Electric Scooter iScooter i9 350 W 30 km\/h Brake electronic kickscooter\" width=\"841\" height=\"751\" data-src=\"https:\/\/a.allegroimg.com\/original\/1101b0\/4a5f23c141a5a680d57cf0905bd5\/Adults-Electric-Scooter-iScooter-i9-350-W-30-km-h-Brake-electronic-kickscooter\" data-srcset=\"https:\/\/a.allegroimg.com\/s360\/1101b0\/4a5f23c141a5a680d57cf0905bd5\/Adults-Electric-Scooter-iScooter-i9-350-W-30-km-h-Brake-electronic-kickscooter 360w,https:\/\/a.allegroimg.com\/s720\/1101b0\/4a5f23c141a5a680d57cf0905bd5\/Adults-Electric-Scooter-iScooter-i9-350-W-30-km-h-Brake-electronic-kickscooter 720w,https:\/\/a.allegroimg.com\/s1024\/1101b0\/4a5f23c141a5a680d57cf0905bd5\/Adults-Electric-Scooter-iScooter-i9-350-W-30-km-h-Brake-electronic-kickscooter 895w,https:\/\/a.allegroimg.com\/original\/1101b0\/4a5f23c141a5a680d57cf0905bd5\/Adults-Electric-Scooter-iScooter-i9-350-W-30-km-h-Brake-electronic-kickscooter 895w\" \/><\/p>\n<p><iframe src=\"https:\/\/www.youtube.com\/embed\/BVts_aXUhkQ\" width=\"560\" height=\"314\" allowfullscreen=\"allowfullscreen\" data-mce-fragment=\"1\"><\/iframe><\/p>\n<h3>Smart App \u00fchendus<\/h3>\n<p><img decoding=\"async\" class=\"msub_k4 mupj_5k mjru_k4 mse2_k4 mp7g_f6 mq1m_0 mj7u_0 m7er_k4 lazyloaded\" src=\"https:\/\/a.allegroimg.com\/original\/117cf4\/df07bcb94a969be624aace26573f\/Adults-Electric-Scooter-iScooter-i9-350-W-30-km-h-Wheel-diameter-inch-8-5\" sizes=\"(min-width: 1200px) 560px, (min-width: 992px) 50vw, 100vw\" srcset=\"https:\/\/a.allegroimg.com\/s360\/117cf4\/df07bcb94a969be624aace26573f\/Adults-Electric-Scooter-iScooter-i9-350-W-30-km-h-Wheel-diameter-inch-8-5 345w,https:\/\/a.allegroimg.com\/s720\/117cf4\/df07bcb94a969be624aace26573f\/Adults-Electric-Scooter-iScooter-i9-350-W-30-km-h-Wheel-diameter-inch-8-5 690w,https:\/\/a.allegroimg.com\/s1024\/117cf4\/df07bcb94a969be624aace26573f\/Adults-Electric-Scooter-iScooter-i9-350-W-30-km-h-Wheel-diameter-inch-8-5 690w,https:\/\/a.allegroimg.com\/original\/117cf4\/df07bcb94a969be624aace26573f\/Adults-Electric-Scooter-iScooter-i9-350-W-30-km-h-Wheel-diameter-inch-8-5 690w\" alt=\"Adults Electric Scooter iScooter i9 350 W 30 km\/h Wheel diameter (inch) 8.5&quot;\" width=\"508\" height=\"530\" data-src=\"https:\/\/a.allegroimg.com\/original\/117cf4\/df07bcb94a969be624aace26573f\/Adults-Electric-Scooter-iScooter-i9-350-W-30-km-h-Wheel-diameter-inch-8-5\" data-srcset=\"https:\/\/a.allegroimg.com\/s360\/117cf4\/df07bcb94a969be624aace26573f\/Adults-Electric-Scooter-iScooter-i9-350-W-30-km-h-Wheel-diameter-inch-8-5 345w,https:\/\/a.allegroimg.com\/s720\/117cf4\/df07bcb94a969be624aace26573f\/Adults-Electric-Scooter-iScooter-i9-350-W-30-km-h-Wheel-diameter-inch-8-5 690w,https:\/\/a.allegroimg.com\/s1024\/117cf4\/df07bcb94a969be624aace26573f\/Adults-Electric-Scooter-iScooter-i9-350-W-30-km-h-Wheel-diameter-inch-8-5 690w,https:\/\/a.allegroimg.com\/original\/117cf4\/df07bcb94a969be624aace26573f\/Adults-Electric-Scooter-iScooter-i9-350-W-30-km-h-Wheel-diameter-inch-8-5 690w\" \/><\/p>\n<ul>\n<li><strong>Suurep\u00e4rane j\u00f5udlus<\/strong>: Valikus 2 s\u00f5idure\u017eiimi &#8211; eco ja sport.Eco peal v\u00f5tab t\u00f5ukeratas v\u00e4lja 15-20km\/h ning sport re\u017eiimil\u00a0 25km\/h.<\/li>\n<li><strong>V\u00f5imas mootor<\/strong>: T\u00f5ukeratas on varustatud v\u00f5imeka 350W mootoriga, mis suudab teid edasi viia ka 20<span class=\"Y2IQFc\" lang=\"et\">\u00b0 kallakutel. 7500mAh aku v\u00f5imaldab teil s\u00f5ita \u00fche laadimisega kuni 30km ning selle laadimisaeg on 4-5h.<\/span><\/li>\n<li><strong>Kergekaaluline<\/strong>: T\u00f5ukeratas ise kaalub vaid 12,5kg. Seda kerget ja kokkupandavat elektrit\u00f5uksi on v\u00e4ga mugav kaasa v\u00f5tta nt automatkadele v\u00f5i kui on vaja n\u00e4iteks vahepeal \u00fchistransporti kasutada siis saab kiire liigutusega ta kokku voltida ja maast \u00fcles t\u00f5sta.<\/li>\n<li><strong>Vastupidavus<\/strong>: 8.5\u2033 rehvid. Lisaks tagab t\u00f6\u00f6kindlust veekindlusaste IP54, mis v\u00f5imaldab s\u00f5ita ka n\u00e4iteks vihmaga. Juhtpaneel kuvab kiirust, k\u00e4ike, l\u00e4bis\u00f5itu ja aku taset.<\/li>\n<\/ul>\n<h3>Info<\/h3>\n<p>Mootori v\u00f5imsus: 350W<\/p>\n<p>Rehvim\u00f5\u00f5t: 8,5<\/p>\n<p>Piduri t\u00fc\u00fcp: ketaspidur<\/p>\n<p>Maksimaalne kiirus: 30 km\/h (rakendust kasutades)<\/p>\n<p>Ronimisaste: 15 kraadi<\/p>\n<p>Kandev\u00f5ime: 120 kg<\/p>\n<p>Aku mahutavus: 42V 7,5Ah.<\/p>\n<p>Laadimisaeg: 3-6 tundi<\/p>\n<p>Kokkupandud suurus: 108 * 43 * 50 cm<\/p>\n<p>Kauba suurus: 108 * 43 * 112 cm<\/p>\n<p>Kaitseaste: IP54<\/p>\n<p>Kaal: 12 kg<\/p>\n","protected":false},"excerpt":{"rendered":"<p><strong>iSCOOTER i9 ELEKTRILINE T\u00d5UKERATAS<\/strong><\/p>\n<ul>\n<li><strong>Mootor<\/strong>:350W<\/li>\n<li><strong>Kandev\u00f5ime<\/strong>: 120KG<\/li>\n<li><strong>Max kiirus<\/strong>: 25KM\/H<\/li>\n<li><strong>S\u00f5iduulatus<\/strong>: 30KM<\/li>\n<li><strong>Laadimisaeg<\/strong>: 4-5H<\/li>\n<li><strong>Rehvid:<\/strong> 8.5\u2033 k\u00e4rgrehv<\/li>\n<\/ul>\n<p><strong>\u2666 Tarneaeg 3-6 p\u00e4eva<\/strong><br \/>\n<strong>\u2666 Laos<\/strong><\/p>\n","protected":false},"featured_media":11445,"template":"","meta":[],"product_cat":[1384,53,643,909],"product_tag":[],"class_list":{"0":"post-6038","1":"product","2":"type-product","3":"status-publish","4":"has-post-thumbnail","6":"product_cat-toukerattad-noortele","7":"product_cat-elektritoukerattad","8":"product_cat-iscooter","9":"product_cat-linna-toukerattad","10":"product_shipping_class-suured-pakid","12":"first","13":"instock","14":"sale","15":"taxable","16":"shipping-taxable","17":"purchasable","18":"product-type-simple"},"yoast_head":"<!-- This site is optimized with the Yoast SEO plugin v23.8 - https:\/\/yoast.com\/wordpress\/plugins\/seo\/ -->\n<title>iScooter i9 elektriline t\u00f5ukeratas, 30km - Ecocruiser<\/title>\n<meta name=\"description\" content=\"iScooter i9 elektriline t\u00f5ukeratas, 30km - Kvaliteetsed br\u00e4ndid, lai valik - Ecocruiser.ee - K\u00fcsimuste korral v\u00f5ta \u00fchendust info@projekt.vombat.ee\" \/>\n<meta name=\"robots\" content=\"noindex, follow, max-snippet:-1, max-image-preview:large, max-video-preview:-1\" \/>\n<meta property=\"og:locale\" content=\"en_GB\" \/>\n<meta property=\"og:type\" content=\"article\" \/>\n<meta property=\"og:title\" content=\"iScooter i9 elektriline t\u00f5ukeratas, 30km - Ecocruiser\" \/>\n<meta property=\"og:description\" content=\"iScooter i9 elektriline t\u00f5ukeratas, 30km - Kvaliteetsed br\u00e4ndid, lai valik - Ecocruiser.ee - K\u00fcsimuste korral v\u00f5ta \u00fchendust info@projekt.vombat.ee\" \/>\n<meta property=\"og:url\" content=\"https:\/\/projekt.vombat.ee\/eco\/pood\/brandid\/iscooter\/iscooter-i9-elektriline-toukeratas\/\" \/>\n<meta property=\"og:site_name\" content=\"Ecocruiser\" \/>\n<meta property=\"article:modified_time\" content=\"2024-01-12T18:39:45+00:00\" \/>\n<meta property=\"og:image\" content=\"https:\/\/projekt.vombat.ee\/eco\/wp-content\/uploads\/2023\/03\/1-19.webp\" \/>\n\t<meta property=\"og:image:width\" content=\"900\" \/>\n\t<meta property=\"og:image:height\" content=\"900\" \/>\n\t<meta property=\"og:image:type\" content=\"image\/webp\" \/>\n<meta name=\"twitter:card\" content=\"summary_large_image\" \/>\n<meta name=\"twitter:label1\" content=\"Estimated reading time\" \/>\n\t<meta name=\"twitter:data1\" content=\"2 minutes\" \/>\n<script type=\"application\/ld+json\" class=\"yoast-schema-graph\">{\"@context\":\"https:\/\/schema.org\",\"@graph\":[{\"@type\":\"WebPage\",\"@id\":\"https:\/\/projekt.vombat.ee\/eco\/pood\/brandid\/iscooter\/iscooter-i9-elektriline-toukeratas\/\",\"url\":\"https:\/\/projekt.vombat.ee\/eco\/pood\/brandid\/iscooter\/iscooter-i9-elektriline-toukeratas\/\",\"name\":\"iScooter i9 elektriline t\u00f5ukeratas, 30km - Ecocruiser\",\"isPartOf\":{\"@id\":\"https:\/\/projekt.vombat.ee\/eco\/#website\"},\"primaryImageOfPage\":{\"@id\":\"https:\/\/projekt.vombat.ee\/eco\/pood\/brandid\/iscooter\/iscooter-i9-elektriline-toukeratas\/#primaryimage\"},\"image\":{\"@id\":\"https:\/\/projekt.vombat.ee\/eco\/pood\/brandid\/iscooter\/iscooter-i9-elektriline-toukeratas\/#primaryimage\"},\"thumbnailUrl\":\"https:\/\/projekt.vombat.ee\/eco\/wp-content\/uploads\/2023\/03\/1-19.webp\",\"datePublished\":\"2023-03-05T19:07:18+00:00\",\"dateModified\":\"2024-01-12T18:39:45+00:00\",\"description\":\"iScooter i9 elektriline t\u00f5ukeratas, 30km - Kvaliteetsed br\u00e4ndid, lai valik - Ecocruiser.ee - K\u00fcsimuste korral v\u00f5ta \u00fchendust info@projekt.vombat.ee\",\"breadcrumb\":{\"@id\":\"https:\/\/projekt.vombat.ee\/eco\/pood\/brandid\/iscooter\/iscooter-i9-elektriline-toukeratas\/#breadcrumb\"},\"inLanguage\":\"en-GB\",\"potentialAction\":[{\"@type\":\"ReadAction\",\"target\":[\"https:\/\/projekt.vombat.ee\/eco\/pood\/brandid\/iscooter\/iscooter-i9-elektriline-toukeratas\/\"]}]},{\"@type\":\"ImageObject\",\"inLanguage\":\"en-GB\",\"@id\":\"https:\/\/projekt.vombat.ee\/eco\/pood\/brandid\/iscooter\/iscooter-i9-elektriline-toukeratas\/#primaryimage\",\"url\":\"https:\/\/projekt.vombat.ee\/eco\/wp-content\/uploads\/2023\/03\/1-19.webp\",\"contentUrl\":\"https:\/\/projekt.vombat.ee\/eco\/wp-content\/uploads\/2023\/03\/1-19.webp\",\"width\":900,\"height\":900},{\"@type\":\"BreadcrumbList\",\"@id\":\"https:\/\/projekt.vombat.ee\/eco\/pood\/brandid\/iscooter\/iscooter-i9-elektriline-toukeratas\/#breadcrumb\",\"itemListElement\":[{\"@type\":\"ListItem\",\"position\":1,\"name\":\"Home\",\"item\":\"https:\/\/projekt.vombat.ee\/eco\/\"},{\"@type\":\"ListItem\",\"position\":2,\"name\":\"Pood\",\"item\":\"https:\/\/projekt.vombat.ee\/eco\/pood\/\"},{\"@type\":\"ListItem\",\"position\":3,\"name\":\"iScooter i9 elektriline t\u00f5ukeratas, 30km\"}]},{\"@type\":\"WebSite\",\"@id\":\"https:\/\/projekt.vombat.ee\/eco\/#website\",\"url\":\"https:\/\/projekt.vombat.ee\/eco\/\",\"name\":\"Ecocruiser\",\"description\":\"\",\"publisher\":{\"@id\":\"https:\/\/projekt.vombat.ee\/eco\/#organization\"},\"potentialAction\":[{\"@type\":\"SearchAction\",\"target\":{\"@type\":\"EntryPoint\",\"urlTemplate\":\"https:\/\/projekt.vombat.ee\/eco\/?s={search_term_string}\"},\"query-input\":{\"@type\":\"PropertyValueSpecification\",\"valueRequired\":true,\"valueName\":\"search_term_string\"}}],\"inLanguage\":\"en-GB\"},{\"@type\":\"Organization\",\"@id\":\"https:\/\/projekt.vombat.ee\/eco\/#organization\",\"name\":\"Ecocruiser\",\"url\":\"https:\/\/projekt.vombat.ee\/eco\/\",\"logo\":{\"@type\":\"ImageObject\",\"inLanguage\":\"en-GB\",\"@id\":\"https:\/\/projekt.vombat.ee\/eco\/#\/schema\/logo\/image\/\",\"url\":\"https:\/\/projekt.vombat.ee\/eco\/wp-content\/uploads\/2023\/03\/ECOCRUISER_5.png\",\"contentUrl\":\"https:\/\/projekt.vombat.ee\/eco\/wp-content\/uploads\/2023\/03\/ECOCRUISER_5.png\",\"width\":234,\"height\":91,\"caption\":\"Ecocruiser\"},\"image\":{\"@id\":\"https:\/\/projekt.vombat.ee\/eco\/#\/schema\/logo\/image\/\"}}]}<\/script>\n<!-- \/ Yoast SEO plugin. -->","yoast_head_json":{"title":"iScooter i9 elektriline t\u00f5ukeratas, 30km - Ecocruiser","description":"iScooter i9 elektriline t\u00f5ukeratas, 30km - Kvaliteetsed br\u00e4ndid, lai valik - Ecocruiser.ee - K\u00fcsimuste korral v\u00f5ta \u00fchendust info@projekt.vombat.ee","robots":{"index":"noindex","follow":"follow","max-snippet":"max-snippet:-1","max-image-preview":"max-image-preview:large","max-video-preview":"max-video-preview:-1"},"og_locale":"en_GB","og_type":"article","og_title":"iScooter i9 elektriline t\u00f5ukeratas, 30km - Ecocruiser","og_description":"iScooter i9 elektriline t\u00f5ukeratas, 30km - Kvaliteetsed br\u00e4ndid, lai valik - Ecocruiser.ee - K\u00fcsimuste korral v\u00f5ta \u00fchendust info@projekt.vombat.ee","og_url":"https:\/\/projekt.vombat.ee\/eco\/pood\/brandid\/iscooter\/iscooter-i9-elektriline-toukeratas\/","og_site_name":"Ecocruiser","article_modified_time":"2024-01-12T18:39:45+00:00","og_image":[{"width":900,"height":900,"url":"https:\/\/projekt.vombat.ee\/eco\/wp-content\/uploads\/2023\/03\/1-19.webp","type":"image\/webp"}],"twitter_card":"summary_large_image","twitter_misc":{"Estimated reading time":"2 minutes"},"schema":{"@context":"https:\/\/schema.org","@graph":[{"@type":"WebPage","@id":"https:\/\/projekt.vombat.ee\/eco\/pood\/brandid\/iscooter\/iscooter-i9-elektriline-toukeratas\/","url":"https:\/\/projekt.vombat.ee\/eco\/pood\/brandid\/iscooter\/iscooter-i9-elektriline-toukeratas\/","name":"iScooter i9 elektriline t\u00f5ukeratas, 30km - Ecocruiser","isPartOf":{"@id":"https:\/\/projekt.vombat.ee\/eco\/#website"},"primaryImageOfPage":{"@id":"https:\/\/projekt.vombat.ee\/eco\/pood\/brandid\/iscooter\/iscooter-i9-elektriline-toukeratas\/#primaryimage"},"image":{"@id":"https:\/\/projekt.vombat.ee\/eco\/pood\/brandid\/iscooter\/iscooter-i9-elektriline-toukeratas\/#primaryimage"},"thumbnailUrl":"https:\/\/projekt.vombat.ee\/eco\/wp-content\/uploads\/2023\/03\/1-19.webp","datePublished":"2023-03-05T19:07:18+00:00","dateModified":"2024-01-12T18:39:45+00:00","description":"iScooter i9 elektriline t\u00f5ukeratas, 30km - Kvaliteetsed br\u00e4ndid, lai valik - Ecocruiser.ee - K\u00fcsimuste korral v\u00f5ta \u00fchendust info@projekt.vombat.ee","breadcrumb":{"@id":"https:\/\/projekt.vombat.ee\/eco\/pood\/brandid\/iscooter\/iscooter-i9-elektriline-toukeratas\/#breadcrumb"},"inLanguage":"en-GB","potentialAction":[{"@type":"ReadAction","target":["https:\/\/projekt.vombat.ee\/eco\/pood\/brandid\/iscooter\/iscooter-i9-elektriline-toukeratas\/"]}]},{"@type":"ImageObject","inLanguage":"en-GB","@id":"https:\/\/projekt.vombat.ee\/eco\/pood\/brandid\/iscooter\/iscooter-i9-elektriline-toukeratas\/#primaryimage","url":"https:\/\/projekt.vombat.ee\/eco\/wp-content\/uploads\/2023\/03\/1-19.webp","contentUrl":"https:\/\/projekt.vombat.ee\/eco\/wp-content\/uploads\/2023\/03\/1-19.webp","width":900,"height":900},{"@type":"BreadcrumbList","@id":"https:\/\/projekt.vombat.ee\/eco\/pood\/brandid\/iscooter\/iscooter-i9-elektriline-toukeratas\/#breadcrumb","itemListElement":[{"@type":"ListItem","position":1,"name":"Home","item":"https:\/\/projekt.vombat.ee\/eco\/"},{"@type":"ListItem","position":2,"name":"Pood","item":"https:\/\/projekt.vombat.ee\/eco\/pood\/"},{"@type":"ListItem","position":3,"name":"iScooter i9 elektriline t\u00f5ukeratas, 30km"}]},{"@type":"WebSite","@id":"https:\/\/projekt.vombat.ee\/eco\/#website","url":"https:\/\/projekt.vombat.ee\/eco\/","name":"Ecocruiser","description":"","publisher":{"@id":"https:\/\/projekt.vombat.ee\/eco\/#organization"},"potentialAction":[{"@type":"SearchAction","target":{"@type":"EntryPoint","urlTemplate":"https:\/\/projekt.vombat.ee\/eco\/?s={search_term_string}"},"query-input":{"@type":"PropertyValueSpecification","valueRequired":true,"valueName":"search_term_string"}}],"inLanguage":"en-GB"},{"@type":"Organization","@id":"https:\/\/projekt.vombat.ee\/eco\/#organization","name":"Ecocruiser","url":"https:\/\/projekt.vombat.ee\/eco\/","logo":{"@type":"ImageObject","inLanguage":"en-GB","@id":"https:\/\/projekt.vombat.ee\/eco\/#\/schema\/logo\/image\/","url":"https:\/\/projekt.vombat.ee\/eco\/wp-content\/uploads\/2023\/03\/ECOCRUISER_5.png","contentUrl":"https:\/\/projekt.vombat.ee\/eco\/wp-content\/uploads\/2023\/03\/ECOCRUISER_5.png","width":234,"height":91,"caption":"Ecocruiser"},"image":{"@id":"https:\/\/projekt.vombat.ee\/eco\/#\/schema\/logo\/image\/"}}]}},"lang":"et","translations":{"et":6038},"pll_sync_post":[],"_links":{"self":[{"href":"https:\/\/projekt.vombat.ee\/eco\/wp-json\/wp\/v2\/product\/6038"}],"collection":[{"href":"https:\/\/projekt.vombat.ee\/eco\/wp-json\/wp\/v2\/product"}],"about":[{"href":"https:\/\/projekt.vombat.ee\/eco\/wp-json\/wp\/v2\/types\/product"}],"version-history":[{"count":4,"href":"https:\/\/projekt.vombat.ee\/eco\/wp-json\/wp\/v2\/product\/6038\/revisions"}],"predecessor-version":[{"id":11454,"href":"https:\/\/projekt.vombat.ee\/eco\/wp-json\/wp\/v2\/product\/6038\/revisions\/11454"}],"wp:featuredmedia":[{"embeddable":true,"href":"https:\/\/projekt.vombat.ee\/eco\/wp-json\/wp\/v2\/media\/11445"}],"wp:attachment":[{"href":"https:\/\/projekt.vombat.ee\/eco\/wp-json\/wp\/v2\/media?parent=6038"}],"wp:term":[{"taxonomy":"product_cat","embeddable":true,"href":"https:\/\/projekt.vombat.ee\/eco\/wp-json\/wp\/v2\/product_cat?post=6038"},{"taxonomy":"product_tag","embeddable":true,"href":"https:\/\/projekt.vombat.ee\/eco\/wp-json\/wp\/v2\/product_tag?post=6038"}],"curies":[{"name":"wp","href":"https:\/\/api.w.org\/{rel}","templated":true}]}}