{"id":6011,"date":"2023-03-05T09:38:45","date_gmt":"2023-03-05T09:38:45","guid":{"rendered":"https:\/\/projekt.vombat.ee\/eco\/?post_type=product&#038;p=6011"},"modified":"2024-05-01T19:59:38","modified_gmt":"2024-05-01T19:59:38","slug":"iscooter-i9max-elektriline-toukeratas","status":"publish","type":"product","link":"https:\/\/projekt.vombat.ee\/eco\/pood\/brandid\/iscooter\/iscooter-i9max-elektriline-toukeratas\/","title":{"rendered":"iScooter i9Max elektriline t\u00f5ukeratas, 40km"},"content":{"rendered":"<h1>ISCOOTER I9MAX ELEKTRILINE T\u00d5UKERATAS<\/h1>\n<p><img fetchpriority=\"high\" decoding=\"async\" class=\"msub_k4 mupj_5k mjru_k4 mse2_k4 mp7g_f6 mq1m_0 mj7u_0 m7er_k4 lazyloaded\" src=\"https:\/\/a.allegroimg.com\/original\/111dd6\/62d254614f5c9222f899343300d6\/Electric-Scooter-iScooter-i9MAX-500W-35km-h-Number-of-Wheels-2\" sizes=\"100vw\" srcset=\"https:\/\/a.allegroimg.com\/s360\/111dd6\/62d254614f5c9222f899343300d6\/Electric-Scooter-iScooter-i9MAX-500W-35km-h-Number-of-Wheels-2 360w,https:\/\/a.allegroimg.com\/s720\/111dd6\/62d254614f5c9222f899343300d6\/Electric-Scooter-iScooter-i9MAX-500W-35km-h-Number-of-Wheels-2 720w,https:\/\/a.allegroimg.com\/s1024\/111dd6\/62d254614f5c9222f899343300d6\/Electric-Scooter-iScooter-i9MAX-500W-35km-h-Number-of-Wheels-2 1024w,https:\/\/a.allegroimg.com\/s1440\/111dd6\/62d254614f5c9222f899343300d6\/Electric-Scooter-iScooter-i9MAX-500W-35km-h-Number-of-Wheels-2 1440w,https:\/\/a.allegroimg.com\/original\/111dd6\/62d254614f5c9222f899343300d6\/Electric-Scooter-iScooter-i9MAX-500W-35km-h-Number-of-Wheels-2 1920w\" alt=\"Electric Scooter iScooter i9MAX 500W 35km\/h Number of Wheels 2\" width=\"1015\" height=\"1015\" data-src=\"https:\/\/a.allegroimg.com\/original\/111dd6\/62d254614f5c9222f899343300d6\/Electric-Scooter-iScooter-i9MAX-500W-35km-h-Number-of-Wheels-2\" data-srcset=\"https:\/\/a.allegroimg.com\/s360\/111dd6\/62d254614f5c9222f899343300d6\/Electric-Scooter-iScooter-i9MAX-500W-35km-h-Number-of-Wheels-2 360w,https:\/\/a.allegroimg.com\/s720\/111dd6\/62d254614f5c9222f899343300d6\/Electric-Scooter-iScooter-i9MAX-500W-35km-h-Number-of-Wheels-2 720w,https:\/\/a.allegroimg.com\/s1024\/111dd6\/62d254614f5c9222f899343300d6\/Electric-Scooter-iScooter-i9MAX-500W-35km-h-Number-of-Wheels-2 1024w,https:\/\/a.allegroimg.com\/s1440\/111dd6\/62d254614f5c9222f899343300d6\/Electric-Scooter-iScooter-i9MAX-500W-35km-h-Number-of-Wheels-2 1440w,https:\/\/a.allegroimg.com\/original\/111dd6\/62d254614f5c9222f899343300d6\/Electric-Scooter-iScooter-i9MAX-500W-35km-h-Number-of-Wheels-2 1920w\" \/><\/p>\n<div class=\"youtube responsive-embed wp-embed\"><iframe title=\"iScooter i9Max 500W Electric Scooter: A Peerless Design with Thrilling Performance\" width=\"1778\" height=\"1000\" src=\"https:\/\/www.youtube.com\/embed\/JGxJlSJbgN0?feature=oembed&#038;enablejsapi=1&#038;rel=0&#038;showinfo=0&#038;color=white\" frameborder=\"0\" allow=\"accelerometer; autoplay; clipboard-write; encrypted-media; gyroscope; picture-in-picture; web-share\" referrerpolicy=\"strict-origin-when-cross-origin\" allowfullscreen><\/iframe><\/div>\n<h5><span style=\"font-size: inherit;\">K\u00f5rgelt auhinnatud iScooter Max sai just paremaks. Tegemist on teise p\u00f5lvkonna i9 Pro mudeliga. T\u00f5ukerattale on paigaldatud v\u00f5imekas 500W mootor, mis tagab hea kiirenduse ja piisava j\u00f5udluse t\u00f5usude l\u00e4bimiseks. Suure mahutavusega aku v\u00f5imaldab \u00fche laadimisega l\u00e4bida kuni 35km<\/span><\/h5>\n<h3>Kahekordne amortisatsioonis\u00fcsteem ees ja taga tagab mugavama s\u00f5idu<\/h3>\n<p><img decoding=\"async\" class=\"msub_k4 mupj_5k mjru_k4 mse2_k4 mp7g_f6 mq1m_0 mj7u_0 m7er_k4 lazyloaded\" src=\"https:\/\/a.allegroimg.com\/original\/118da0\/c452c87f40c0a841204829e96f13\/Electric-Scooter-iScooter-i9MAX-500W-35km-h-Color-black\" sizes=\"100vw\" srcset=\"https:\/\/a.allegroimg.com\/s360\/118da0\/c452c87f40c0a841204829e96f13\/Electric-Scooter-iScooter-i9MAX-500W-35km-h-Color-black 360w,https:\/\/a.allegroimg.com\/s720\/118da0\/c452c87f40c0a841204829e96f13\/Electric-Scooter-iScooter-i9MAX-500W-35km-h-Color-black 720w,https:\/\/a.allegroimg.com\/s1024\/118da0\/c452c87f40c0a841204829e96f13\/Electric-Scooter-iScooter-i9MAX-500W-35km-h-Color-black 1024w,https:\/\/a.allegroimg.com\/s1440\/118da0\/c452c87f40c0a841204829e96f13\/Electric-Scooter-iScooter-i9MAX-500W-35km-h-Color-black 1440w,https:\/\/a.allegroimg.com\/original\/118da0\/c452c87f40c0a841204829e96f13\/Electric-Scooter-iScooter-i9MAX-500W-35km-h-Color-black 1600w\" alt=\"Electric Scooter iScooter i9MAX 500W 35km\/h Color black\" width=\"906\" height=\"906\" data-src=\"https:\/\/a.allegroimg.com\/original\/118da0\/c452c87f40c0a841204829e96f13\/Electric-Scooter-iScooter-i9MAX-500W-35km-h-Color-black\" data-srcset=\"https:\/\/a.allegroimg.com\/s360\/118da0\/c452c87f40c0a841204829e96f13\/Electric-Scooter-iScooter-i9MAX-500W-35km-h-Color-black 360w,https:\/\/a.allegroimg.com\/s720\/118da0\/c452c87f40c0a841204829e96f13\/Electric-Scooter-iScooter-i9MAX-500W-35km-h-Color-black 720w,https:\/\/a.allegroimg.com\/s1024\/118da0\/c452c87f40c0a841204829e96f13\/Electric-Scooter-iScooter-i9MAX-500W-35km-h-Color-black 1024w,https:\/\/a.allegroimg.com\/s1440\/118da0\/c452c87f40c0a841204829e96f13\/Electric-Scooter-iScooter-i9MAX-500W-35km-h-Color-black 1440w,https:\/\/a.allegroimg.com\/original\/118da0\/c452c87f40c0a841204829e96f13\/Electric-Scooter-iScooter-i9MAX-500W-35km-h-Color-black 1600w\" \/><\/p>\n<h3>EBAS elektrooniline pidur + tagumine ketaspidur<\/h3>\n<p><img decoding=\"async\" class=\"msub_k4 mupj_5k mjru_k4 mse2_k4 mp7g_f6 mq1m_0 mj7u_0 m7er_k4 lazyloaded\" src=\"https:\/\/a.allegroimg.com\/original\/118fef\/7aed239445b4b2e458b997b0e2b9\/Electric-Scooter-iScooter-i9MAX-500W-35km-h-Maximum-Speed-30-km-h\" sizes=\"(min-width: 1200px) 560px, (min-width: 992px) 50vw, 100vw\" srcset=\"https:\/\/a.allegroimg.com\/s360\/118fef\/7aed239445b4b2e458b997b0e2b9\/Electric-Scooter-iScooter-i9MAX-500W-35km-h-Maximum-Speed-30-km-h 360w,https:\/\/a.allegroimg.com\/s720\/118fef\/7aed239445b4b2e458b997b0e2b9\/Electric-Scooter-iScooter-i9MAX-500W-35km-h-Maximum-Speed-30-km-h 720w,https:\/\/a.allegroimg.com\/s1024\/118fef\/7aed239445b4b2e458b997b0e2b9\/Electric-Scooter-iScooter-i9MAX-500W-35km-h-Maximum-Speed-30-km-h 1024w,https:\/\/a.allegroimg.com\/s1440\/118fef\/7aed239445b4b2e458b997b0e2b9\/Electric-Scooter-iScooter-i9MAX-500W-35km-h-Maximum-Speed-30-km-h 1440w,https:\/\/a.allegroimg.com\/original\/118fef\/7aed239445b4b2e458b997b0e2b9\/Electric-Scooter-iScooter-i9MAX-500W-35km-h-Maximum-Speed-30-km-h 1600w\" alt=\"Electric Scooter iScooter i9MAX 500W 35km\/h Maximum Speed 30 km\/h\" width=\"937\" height=\"937\" data-src=\"https:\/\/a.allegroimg.com\/original\/118fef\/7aed239445b4b2e458b997b0e2b9\/Electric-Scooter-iScooter-i9MAX-500W-35km-h-Maximum-Speed-30-km-h\" data-srcset=\"https:\/\/a.allegroimg.com\/s360\/118fef\/7aed239445b4b2e458b997b0e2b9\/Electric-Scooter-iScooter-i9MAX-500W-35km-h-Maximum-Speed-30-km-h 360w,https:\/\/a.allegroimg.com\/s720\/118fef\/7aed239445b4b2e458b997b0e2b9\/Electric-Scooter-iScooter-i9MAX-500W-35km-h-Maximum-Speed-30-km-h 720w,https:\/\/a.allegroimg.com\/s1024\/118fef\/7aed239445b4b2e458b997b0e2b9\/Electric-Scooter-iScooter-i9MAX-500W-35km-h-Maximum-Speed-30-km-h 1024w,https:\/\/a.allegroimg.com\/s1440\/118fef\/7aed239445b4b2e458b997b0e2b9\/Electric-Scooter-iScooter-i9MAX-500W-35km-h-Maximum-Speed-30-km-h 1440w,https:\/\/a.allegroimg.com\/original\/118fef\/7aed239445b4b2e458b997b0e2b9\/Electric-Scooter-iScooter-i9MAX-500W-35km-h-Maximum-Speed-30-km-h 1600w\" \/><\/p>\n<p><b>Spetsifikatsioon:<\/b><\/p>\n<ul>\n<li>S\u00f5iduulatus 40km ning laadimisaeg 4-6h.<\/li>\n<li>Aku: 10Ah<\/li>\n<li>Max kiirus 35km\/h, mootori v\u00f5imsus 500W.<\/li>\n<li>Vastupidav metallist raam, millele on paigaldatud 10&#8243; k\u00e4rgrehvid.<\/li>\n<li>Veekindlusaste IP54 tagab muretu s\u00f5idu ka vihmastel ilmadel.<\/li>\n<li>T\u00f5ukeratta kaal 13,5kg<\/li>\n<li>Kandev\u00f5ime 120kg<\/li>\n<li>&#8216;Click-Lock&#8217; esmaklassiline voltimismehhanism teeb t\u00f5ukeratta \u00fclimalt kompaktseks.<\/li>\n<li>USB laadimisava nutitelefonile (lenksu k\u00fcljes)<\/li>\n<li>\u00dchendatav Minirobot app-ga<\/li>\n<\/ul>\n<p><img loading=\"lazy\" decoding=\"async\" class=\"msub_k4 mupj_5k mjru_k4 mse2_k4 mp7g_f6 mq1m_0 mj7u_0 m7er_k4 lazyloaded\" src=\"https:\/\/a.allegroimg.com\/original\/1172e7\/acf041a8456daaceba5c1dcf0cd6\/Electric-Scooter-iScooter-i9MAX-500W-35km-h-Brake-electronic-disc\" sizes=\"100vw\" srcset=\"https:\/\/a.allegroimg.com\/s360\/1172e7\/acf041a8456daaceba5c1dcf0cd6\/Electric-Scooter-iScooter-i9MAX-500W-35km-h-Brake-electronic-disc 360w,https:\/\/a.allegroimg.com\/s720\/1172e7\/acf041a8456daaceba5c1dcf0cd6\/Electric-Scooter-iScooter-i9MAX-500W-35km-h-Brake-electronic-disc 720w,https:\/\/a.allegroimg.com\/s1024\/1172e7\/acf041a8456daaceba5c1dcf0cd6\/Electric-Scooter-iScooter-i9MAX-500W-35km-h-Brake-electronic-disc 1024w,https:\/\/a.allegroimg.com\/s1440\/1172e7\/acf041a8456daaceba5c1dcf0cd6\/Electric-Scooter-iScooter-i9MAX-500W-35km-h-Brake-electronic-disc 1440w,https:\/\/a.allegroimg.com\/original\/1172e7\/acf041a8456daaceba5c1dcf0cd6\/Electric-Scooter-iScooter-i9MAX-500W-35km-h-Brake-electronic-disc 1920w\" alt=\"Electric Scooter iScooter i9MAX 500W 35km\/h Brake electronic disc\" width=\"1123\" height=\"1123\" data-src=\"https:\/\/a.allegroimg.com\/original\/1172e7\/acf041a8456daaceba5c1dcf0cd6\/Electric-Scooter-iScooter-i9MAX-500W-35km-h-Brake-electronic-disc\" data-srcset=\"https:\/\/a.allegroimg.com\/s360\/1172e7\/acf041a8456daaceba5c1dcf0cd6\/Electric-Scooter-iScooter-i9MAX-500W-35km-h-Brake-electronic-disc 360w,https:\/\/a.allegroimg.com\/s720\/1172e7\/acf041a8456daaceba5c1dcf0cd6\/Electric-Scooter-iScooter-i9MAX-500W-35km-h-Brake-electronic-disc 720w,https:\/\/a.allegroimg.com\/s1024\/1172e7\/acf041a8456daaceba5c1dcf0cd6\/Electric-Scooter-iScooter-i9MAX-500W-35km-h-Brake-electronic-disc 1024w,https:\/\/a.allegroimg.com\/s1440\/1172e7\/acf041a8456daaceba5c1dcf0cd6\/Electric-Scooter-iScooter-i9MAX-500W-35km-h-Brake-electronic-disc 1440w,https:\/\/a.allegroimg.com\/original\/1172e7\/acf041a8456daaceba5c1dcf0cd6\/Electric-Scooter-iScooter-i9MAX-500W-35km-h-Brake-electronic-disc 1920w\" \/><\/p>\n","protected":false},"excerpt":{"rendered":"<p><strong>iSCOOTER i9MAX ELEKTRILINE T\u00d5UKERATAS<\/strong><\/p>\n<ul>\n<li><strong>Mootor<\/strong>:500W<\/li>\n<li><strong>Kandev\u00f5ime<\/strong>: 120KG<\/li>\n<li><strong>Aku:<\/strong> 10Ah<\/li>\n<li><strong>Max kiirus<\/strong>: 35KM\/H<\/li>\n<li><strong>S\u00f5iduulatus<\/strong>:\u00a0 40KM<\/li>\n<li><strong>Laadimisaeg<\/strong>: 4-6H<\/li>\n<li><strong>Rehvid:<\/strong> 10\u2033 k\u00e4rgrehv<\/li>\n<\/ul>\n<p><strong>\u2666 Tarneaeg 3-6 p\u00e4eva<\/strong><br \/>\n<strong>\u2666 Laos<\/strong><\/p>\n","protected":false},"featured_media":6013,"template":"","meta":[],"product_cat":[1381,53,643,909],"product_tag":[645,647,649],"class_list":{"0":"post-6011","1":"product","2":"type-product","3":"status-publish","4":"has-post-thumbnail","6":"product_cat-top-5-populaarsemat-elektritoukeratast","7":"product_cat-elektritoukerattad","8":"product_cat-iscooter","9":"product_cat-linna-toukerattad","10":"product_tag-elektriline-toukeratas","11":"product_tag-elektritouks","12":"product_tag-iscooter","13":"product_shipping_class-suured-pakid","15":"first","16":"instock","17":"sale","18":"taxable","19":"shipping-taxable","20":"purchasable","21":"product-type-simple"},"yoast_head":"<!-- This site is optimized with the Yoast SEO plugin v23.8 - https:\/\/yoast.com\/wordpress\/plugins\/seo\/ -->\n<title>iScooter i9Max elektriline t\u00f5ukeratas, 40km - Ecocruiser<\/title>\n<meta name=\"description\" content=\"iScooter i9Max elektriline t\u00f5ukeratas, 40km - Kvaliteetsed br\u00e4ndid, lai valik - Ecocruiser.ee - K\u00fcsimuste korral v\u00f5ta \u00fchendust info@projekt.vombat.ee\" \/>\n<meta name=\"robots\" content=\"noindex, follow, max-snippet:-1, max-image-preview:large, max-video-preview:-1\" \/>\n<meta property=\"og:locale\" content=\"en_GB\" \/>\n<meta property=\"og:type\" content=\"article\" \/>\n<meta property=\"og:title\" content=\"iScooter i9Max elektriline t\u00f5ukeratas, 40km - Ecocruiser\" \/>\n<meta property=\"og:description\" content=\"iScooter i9Max elektriline t\u00f5ukeratas, 40km - Kvaliteetsed br\u00e4ndid, lai valik - Ecocruiser.ee - K\u00fcsimuste korral v\u00f5ta \u00fchendust info@projekt.vombat.ee\" \/>\n<meta property=\"og:url\" content=\"https:\/\/projekt.vombat.ee\/eco\/pood\/brandid\/iscooter\/iscooter-i9max-elektriline-toukeratas\/\" \/>\n<meta property=\"og:site_name\" content=\"Ecocruiser\" \/>\n<meta property=\"article:modified_time\" content=\"2024-05-01T19:59:38+00:00\" \/>\n<meta property=\"og:image\" content=\"https:\/\/projekt.vombat.ee\/eco\/wp-content\/uploads\/2023\/03\/iscooter-9max.webp\" \/>\n\t<meta property=\"og:image:width\" content=\"750\" \/>\n\t<meta property=\"og:image:height\" content=\"750\" \/>\n\t<meta property=\"og:image:type\" content=\"image\/webp\" \/>\n<meta name=\"twitter:card\" content=\"summary_large_image\" \/>\n<meta name=\"twitter:label1\" content=\"Estimated reading time\" \/>\n\t<meta name=\"twitter:data1\" content=\"2 minutes\" \/>\n<script type=\"application\/ld+json\" class=\"yoast-schema-graph\">{\"@context\":\"https:\/\/schema.org\",\"@graph\":[{\"@type\":\"WebPage\",\"@id\":\"https:\/\/projekt.vombat.ee\/eco\/pood\/brandid\/iscooter\/iscooter-i9max-elektriline-toukeratas\/\",\"url\":\"https:\/\/projekt.vombat.ee\/eco\/pood\/brandid\/iscooter\/iscooter-i9max-elektriline-toukeratas\/\",\"name\":\"iScooter i9Max elektriline t\u00f5ukeratas, 40km - Ecocruiser\",\"isPartOf\":{\"@id\":\"https:\/\/projekt.vombat.ee\/eco\/#website\"},\"primaryImageOfPage\":{\"@id\":\"https:\/\/projekt.vombat.ee\/eco\/pood\/brandid\/iscooter\/iscooter-i9max-elektriline-toukeratas\/#primaryimage\"},\"image\":{\"@id\":\"https:\/\/projekt.vombat.ee\/eco\/pood\/brandid\/iscooter\/iscooter-i9max-elektriline-toukeratas\/#primaryimage\"},\"thumbnailUrl\":\"https:\/\/projekt.vombat.ee\/eco\/wp-content\/uploads\/2023\/03\/iscooter-9max.webp\",\"datePublished\":\"2023-03-05T09:38:45+00:00\",\"dateModified\":\"2024-05-01T19:59:38+00:00\",\"description\":\"iScooter i9Max elektriline t\u00f5ukeratas, 40km - Kvaliteetsed br\u00e4ndid, lai valik - Ecocruiser.ee - K\u00fcsimuste korral v\u00f5ta \u00fchendust info@projekt.vombat.ee\",\"breadcrumb\":{\"@id\":\"https:\/\/projekt.vombat.ee\/eco\/pood\/brandid\/iscooter\/iscooter-i9max-elektriline-toukeratas\/#breadcrumb\"},\"inLanguage\":\"en-GB\",\"potentialAction\":[{\"@type\":\"ReadAction\",\"target\":[\"https:\/\/projekt.vombat.ee\/eco\/pood\/brandid\/iscooter\/iscooter-i9max-elektriline-toukeratas\/\"]}]},{\"@type\":\"ImageObject\",\"inLanguage\":\"en-GB\",\"@id\":\"https:\/\/projekt.vombat.ee\/eco\/pood\/brandid\/iscooter\/iscooter-i9max-elektriline-toukeratas\/#primaryimage\",\"url\":\"https:\/\/projekt.vombat.ee\/eco\/wp-content\/uploads\/2023\/03\/iscooter-9max.webp\",\"contentUrl\":\"https:\/\/projekt.vombat.ee\/eco\/wp-content\/uploads\/2023\/03\/iscooter-9max.webp\",\"width\":750,\"height\":750,\"caption\":\"iscooter 9max\"},{\"@type\":\"BreadcrumbList\",\"@id\":\"https:\/\/projekt.vombat.ee\/eco\/pood\/brandid\/iscooter\/iscooter-i9max-elektriline-toukeratas\/#breadcrumb\",\"itemListElement\":[{\"@type\":\"ListItem\",\"position\":1,\"name\":\"Home\",\"item\":\"https:\/\/projekt.vombat.ee\/eco\/\"},{\"@type\":\"ListItem\",\"position\":2,\"name\":\"Pood\",\"item\":\"https:\/\/projekt.vombat.ee\/eco\/pood\/\"},{\"@type\":\"ListItem\",\"position\":3,\"name\":\"iScooter i9Max elektriline t\u00f5ukeratas, 40km\"}]},{\"@type\":\"WebSite\",\"@id\":\"https:\/\/projekt.vombat.ee\/eco\/#website\",\"url\":\"https:\/\/projekt.vombat.ee\/eco\/\",\"name\":\"Ecocruiser\",\"description\":\"\",\"publisher\":{\"@id\":\"https:\/\/projekt.vombat.ee\/eco\/#organization\"},\"potentialAction\":[{\"@type\":\"SearchAction\",\"target\":{\"@type\":\"EntryPoint\",\"urlTemplate\":\"https:\/\/projekt.vombat.ee\/eco\/?s={search_term_string}\"},\"query-input\":{\"@type\":\"PropertyValueSpecification\",\"valueRequired\":true,\"valueName\":\"search_term_string\"}}],\"inLanguage\":\"en-GB\"},{\"@type\":\"Organization\",\"@id\":\"https:\/\/projekt.vombat.ee\/eco\/#organization\",\"name\":\"Ecocruiser\",\"url\":\"https:\/\/projekt.vombat.ee\/eco\/\",\"logo\":{\"@type\":\"ImageObject\",\"inLanguage\":\"en-GB\",\"@id\":\"https:\/\/projekt.vombat.ee\/eco\/#\/schema\/logo\/image\/\",\"url\":\"https:\/\/projekt.vombat.ee\/eco\/wp-content\/uploads\/2023\/03\/ECOCRUISER_5.png\",\"contentUrl\":\"https:\/\/projekt.vombat.ee\/eco\/wp-content\/uploads\/2023\/03\/ECOCRUISER_5.png\",\"width\":234,\"height\":91,\"caption\":\"Ecocruiser\"},\"image\":{\"@id\":\"https:\/\/projekt.vombat.ee\/eco\/#\/schema\/logo\/image\/\"}}]}<\/script>\n<!-- \/ Yoast SEO plugin. -->","yoast_head_json":{"title":"iScooter i9Max elektriline t\u00f5ukeratas, 40km - Ecocruiser","description":"iScooter i9Max elektriline t\u00f5ukeratas, 40km - Kvaliteetsed br\u00e4ndid, lai valik - Ecocruiser.ee - K\u00fcsimuste korral v\u00f5ta \u00fchendust info@projekt.vombat.ee","robots":{"index":"noindex","follow":"follow","max-snippet":"max-snippet:-1","max-image-preview":"max-image-preview:large","max-video-preview":"max-video-preview:-1"},"og_locale":"en_GB","og_type":"article","og_title":"iScooter i9Max elektriline t\u00f5ukeratas, 40km - Ecocruiser","og_description":"iScooter i9Max elektriline t\u00f5ukeratas, 40km - Kvaliteetsed br\u00e4ndid, lai valik - Ecocruiser.ee - K\u00fcsimuste korral v\u00f5ta \u00fchendust info@projekt.vombat.ee","og_url":"https:\/\/projekt.vombat.ee\/eco\/pood\/brandid\/iscooter\/iscooter-i9max-elektriline-toukeratas\/","og_site_name":"Ecocruiser","article_modified_time":"2024-05-01T19:59:38+00:00","og_image":[{"width":750,"height":750,"url":"https:\/\/projekt.vombat.ee\/eco\/wp-content\/uploads\/2023\/03\/iscooter-9max.webp","type":"image\/webp"}],"twitter_card":"summary_large_image","twitter_misc":{"Estimated reading time":"2 minutes"},"schema":{"@context":"https:\/\/schema.org","@graph":[{"@type":"WebPage","@id":"https:\/\/projekt.vombat.ee\/eco\/pood\/brandid\/iscooter\/iscooter-i9max-elektriline-toukeratas\/","url":"https:\/\/projekt.vombat.ee\/eco\/pood\/brandid\/iscooter\/iscooter-i9max-elektriline-toukeratas\/","name":"iScooter i9Max elektriline t\u00f5ukeratas, 40km - Ecocruiser","isPartOf":{"@id":"https:\/\/projekt.vombat.ee\/eco\/#website"},"primaryImageOfPage":{"@id":"https:\/\/projekt.vombat.ee\/eco\/pood\/brandid\/iscooter\/iscooter-i9max-elektriline-toukeratas\/#primaryimage"},"image":{"@id":"https:\/\/projekt.vombat.ee\/eco\/pood\/brandid\/iscooter\/iscooter-i9max-elektriline-toukeratas\/#primaryimage"},"thumbnailUrl":"https:\/\/projekt.vombat.ee\/eco\/wp-content\/uploads\/2023\/03\/iscooter-9max.webp","datePublished":"2023-03-05T09:38:45+00:00","dateModified":"2024-05-01T19:59:38+00:00","description":"iScooter i9Max elektriline t\u00f5ukeratas, 40km - Kvaliteetsed br\u00e4ndid, lai valik - Ecocruiser.ee - K\u00fcsimuste korral v\u00f5ta \u00fchendust info@projekt.vombat.ee","breadcrumb":{"@id":"https:\/\/projekt.vombat.ee\/eco\/pood\/brandid\/iscooter\/iscooter-i9max-elektriline-toukeratas\/#breadcrumb"},"inLanguage":"en-GB","potentialAction":[{"@type":"ReadAction","target":["https:\/\/projekt.vombat.ee\/eco\/pood\/brandid\/iscooter\/iscooter-i9max-elektriline-toukeratas\/"]}]},{"@type":"ImageObject","inLanguage":"en-GB","@id":"https:\/\/projekt.vombat.ee\/eco\/pood\/brandid\/iscooter\/iscooter-i9max-elektriline-toukeratas\/#primaryimage","url":"https:\/\/projekt.vombat.ee\/eco\/wp-content\/uploads\/2023\/03\/iscooter-9max.webp","contentUrl":"https:\/\/projekt.vombat.ee\/eco\/wp-content\/uploads\/2023\/03\/iscooter-9max.webp","width":750,"height":750,"caption":"iscooter 9max"},{"@type":"BreadcrumbList","@id":"https:\/\/projekt.vombat.ee\/eco\/pood\/brandid\/iscooter\/iscooter-i9max-elektriline-toukeratas\/#breadcrumb","itemListElement":[{"@type":"ListItem","position":1,"name":"Home","item":"https:\/\/projekt.vombat.ee\/eco\/"},{"@type":"ListItem","position":2,"name":"Pood","item":"https:\/\/projekt.vombat.ee\/eco\/pood\/"},{"@type":"ListItem","position":3,"name":"iScooter i9Max elektriline t\u00f5ukeratas, 40km"}]},{"@type":"WebSite","@id":"https:\/\/projekt.vombat.ee\/eco\/#website","url":"https:\/\/projekt.vombat.ee\/eco\/","name":"Ecocruiser","description":"","publisher":{"@id":"https:\/\/projekt.vombat.ee\/eco\/#organization"},"potentialAction":[{"@type":"SearchAction","target":{"@type":"EntryPoint","urlTemplate":"https:\/\/projekt.vombat.ee\/eco\/?s={search_term_string}"},"query-input":{"@type":"PropertyValueSpecification","valueRequired":true,"valueName":"search_term_string"}}],"inLanguage":"en-GB"},{"@type":"Organization","@id":"https:\/\/projekt.vombat.ee\/eco\/#organization","name":"Ecocruiser","url":"https:\/\/projekt.vombat.ee\/eco\/","logo":{"@type":"ImageObject","inLanguage":"en-GB","@id":"https:\/\/projekt.vombat.ee\/eco\/#\/schema\/logo\/image\/","url":"https:\/\/projekt.vombat.ee\/eco\/wp-content\/uploads\/2023\/03\/ECOCRUISER_5.png","contentUrl":"https:\/\/projekt.vombat.ee\/eco\/wp-content\/uploads\/2023\/03\/ECOCRUISER_5.png","width":234,"height":91,"caption":"Ecocruiser"},"image":{"@id":"https:\/\/projekt.vombat.ee\/eco\/#\/schema\/logo\/image\/"}}]}},"lang":"et","translations":{"et":6011},"pll_sync_post":[],"_links":{"self":[{"href":"https:\/\/projekt.vombat.ee\/eco\/wp-json\/wp\/v2\/product\/6011"}],"collection":[{"href":"https:\/\/projekt.vombat.ee\/eco\/wp-json\/wp\/v2\/product"}],"about":[{"href":"https:\/\/projekt.vombat.ee\/eco\/wp-json\/wp\/v2\/types\/product"}],"version-history":[{"count":10,"href":"https:\/\/projekt.vombat.ee\/eco\/wp-json\/wp\/v2\/product\/6011\/revisions"}],"predecessor-version":[{"id":12296,"href":"https:\/\/projekt.vombat.ee\/eco\/wp-json\/wp\/v2\/product\/6011\/revisions\/12296"}],"wp:featuredmedia":[{"embeddable":true,"href":"https:\/\/projekt.vombat.ee\/eco\/wp-json\/wp\/v2\/media\/6013"}],"wp:attachment":[{"href":"https:\/\/projekt.vombat.ee\/eco\/wp-json\/wp\/v2\/media?parent=6011"}],"wp:term":[{"taxonomy":"product_cat","embeddable":true,"href":"https:\/\/projekt.vombat.ee\/eco\/wp-json\/wp\/v2\/product_cat?post=6011"},{"taxonomy":"product_tag","embeddable":true,"href":"https:\/\/projekt.vombat.ee\/eco\/wp-json\/wp\/v2\/product_tag?post=6011"}],"curies":[{"name":"wp","href":"https:\/\/api.w.org\/{rel}","templated":true}]}}