{"id":5502,"date":"2023-03-03T15:07:35","date_gmt":"2023-03-03T15:07:35","guid":{"rendered":"https:\/\/projekt.vombat.ee\/eco\/?post_type=product&#038;p=5502"},"modified":"2023-05-28T10:54:37","modified_gmt":"2023-05-28T10:54:37","slug":"techlife-x8s-elektriline-toukeratas-22-4ah-52v","status":"publish","type":"product","link":"https:\/\/projekt.vombat.ee\/eco\/pood\/brandid\/techlife\/techlife-x8s-elektriline-toukeratas-22-4ah-52v\/","title":{"rendered":"Techlife X8S elektriline t\u00f5ukeratas 22.4Ah 52V"},"content":{"rendered":"<h1>Techlife X8S elektriline t\u00f5ukeratas<\/h1>\n<p>\u00c4\u00e4rmiselt kaasaegne roller t\u00e4iuslikult sobitatud komponentidega, mis on loodud kergete komponentide abil. Selle raskus on alla 30 kg ja selle v\u00f5imsuse ja ulatuse osas on see v\u00f5rratu j\u00f5udlus.<\/p>\n<p><img decoding=\"async\" title=\"\" src=\"https:\/\/mobiway.pl\/img\/cms\/x8\/_DSC9601%20(Copy).jpg\" alt=\"\" \/><\/p>\n<h3>H\u00fcdraulilised pidurid on miski, mis meid eristab!<\/h3>\n<p>Meie ainulaadne versioon X8S-st on standardvarustuses kahe h\u00fcdraulilise piduriga.<\/p>\n<p><img decoding=\"async\" title=\"\" src=\"https:\/\/mobiway.pl\/img\/cms\/x8\/x2.jpg\" alt=\"\" \/><\/p>\n<h3>Unustage k\u00f5ik piirangud ja kasutage t\u00e4ielikult\u2026 j\u00f5udu!<\/h3>\n<p>TECHLIFE X8S s\u00fcdameks on 2 v\u00f5imsat mootorit kogunimiv\u00f5imsusega kuni 2000W. T\u00e4nu neile saavutate kiiruse kuni 25\/60 km\/h* ilma suurema vaevata!<\/p>\n<p><img decoding=\"async\" title=\"\" src=\"https:\/\/mobiway.pl\/img\/cms\/x8\/x1.jpg\" alt=\"\" \/><\/p>\n<h3>Vahemik, v\u00f5ime selles kindlad olla<\/h3>\n<p>T\u00f5ukeratta toiteallikaks on mahukas 22,4Ah LG aku, mis v\u00f5imaldab \u00fche laadimisega vabalt s\u00f5ita kuni 80 km*.<\/p>\n<p><img decoding=\"async\" title=\"\" src=\"https:\/\/mobiway.pl\/img\/cms\/x8\/x4.jpg\" alt=\"\" \/><\/p>\n<h3>J\u00e4lgige peamisi parameetreid<\/h3>\n<p>Ekraanil kuvatakse k\u00f5ik olulisemad parameetrid nagu kiirus, l\u00e4bis\u00f5it ja aku olek.<\/p>\n<p>Ekraan v\u00f5imaldab programmeerida ka paljusid s\u00e4tteid, nagu Vmax v\u00f5i kiirendus.<\/p>\n<p><img decoding=\"async\" title=\"\" src=\"https:\/\/mobiway.pl\/img\/cms\/x8\/x5.jpg\" alt=\"\" \/><\/p>\n<h3>Me ei ole unustanud sinu mugavust!<\/h3>\n<p>Teekonnal v\u00f5ib t\u00e4helepanu p\u00f6\u00f6rata \u00fclimalt h\u00e4sti valitud 2-le amortisaatorile, mis on loodud k\u00f5rge s\u00f5idumugavuse tagamiseks ka rasketes oludes.<\/p>\n<p><img decoding=\"async\" title=\"\" src=\"https:\/\/mobiway.pl\/img\/cms\/x8\/x6.jpg\" alt=\"\" \/><\/p>\n<h3>K\u00f5igile teelolijatele h\u00e4sti n\u00e4htav<\/h3>\n<p>Mudel X8S kasutab LED-valgustust, topelt-LED-valgustust rolleri esik\u00fcljel, punaseid tulesid taga, piduritulesid ja LED-ribasid piki platvormi.<\/p>\n<p>Seda k\u00f5ike selleks, et tagada kasutaja hea n\u00e4htavus teel.<\/p>\n<p><img decoding=\"async\" title=\"\" src=\"https:\/\/mobiway.pl\/img\/cms\/x8\/x7.jpg\" alt=\"\" \/><\/p>\n<p>&nbsp;<\/p>\n<p><strong>TECHLIFE X8S<\/strong> -il on kokkuklapitavad k\u00e4epidemed ja kogu t\u00f5ukeratta kokku voltimine on lapsem\u00e4ng. T\u00f5ukeratas on kerge (kaalub vaid 29,9 kg) ja v\u00e4ga k\u00e4ep\u00e4rane.<\/p>\n<p><img decoding=\"async\" title=\"\" src=\"https:\/\/mobiway.pl\/img\/cms\/x8\/_DSC9575%20(Copy).jpg\" alt=\"\" \/><\/p>\n<h3>Info<\/h3>\n<p>Mootori v\u00f5imsus 2x1000W (2x1600W)<br \/>\naku t\u00fc\u00fcp Liitium-ioon 52V<br \/>\nAku mahutavus 22,4Ah 52V<br \/>\nLaadija 58,8V 1,5A<br \/>\nRatta suurus 10&#8243;<br \/>\nRehvid Torukujuline<br \/>\nPiduri t\u00fc\u00fcp H\u00fcdrauliline<br \/>\nRaami materjal Alumiiniumist<br \/>\nMaksimaalne vahemik 80 km*<br \/>\nKaitseklass IP44<br \/>\nMaksimaalne kandev\u00f5ime 120 kg<br \/>\nKaal 29,9 kg<br \/>\nKaal koos pakendiga 36 kg<br \/>\nEkraan LCD<br \/>\nKuvari funktsioonid 20 funktsiooni<br \/>\nAmortisatsioon Kevad<br \/>\nValgustus LED<br \/>\nPidurituled Jah<br \/>\nMootori t\u00fc\u00fcp Harjadeta<br \/>\nKokkupandav Jah<br \/>\nRooli reguleerimine EI<br \/>\nGarantii 2 aastat t\u00f5ukeratas, 1 aasta aku<br \/>\nSeadme m\u00f5\u00f5tmed lahtivoldituna 134x61x127cm<br \/>\nKokkupandud seadme m\u00f5\u00f5tmed 134x39x52 cm<br \/>\nMaksimum kiirus 25\/60 km\/h<\/p>\n","protected":false},"excerpt":{"rendered":"<p><strong>TECHLIFE X8S<\/strong> \u2013 kerge, v\u00f5imas ja m\u00f5eldud s\u00f5itmiseks nii linnas kui metsas. Kahe h\u00fcdropiduri ja mahuka LG akuga saavutab see kiiruse kuni 60 km\/h* ja l\u00e4bib \u00fche laadimisega kuni 80 km.<\/p>\n<p>&nbsp;<\/p>\n<ul>\n<li>Aku mahutavus: 22,4Ah 52V<\/li>\n<li>Mootori v\u00f5imsus: 2x1000W (2x1600W)<\/li>\n<li>Maksimaalne vahemik: 80 km<\/li>\n<li>Maksimaalne kandev\u00f5ime:120 kg<\/li>\n<\/ul>\n<p>&nbsp;<\/p>\n<p>\u2666 Tarneaeg 2-6 p\u00e4eva<br \/>\n\u2666 Laos<\/p>\n","protected":false},"featured_media":6015,"template":"","meta":[],"product_cat":[53,651,911],"product_tag":[],"class_list":{"0":"post-5502","1":"product","2":"type-product","3":"status-publish","4":"has-post-thumbnail","6":"product_cat-elektritoukerattad","7":"product_cat-techlife","8":"product_cat-voimsad-toukerattad","9":"product_shipping_class-suured-pakid","11":"first","12":"instock","13":"taxable","14":"shipping-taxable","15":"purchasable","16":"product-type-simple"},"yoast_head":"<!-- This site is optimized with the Yoast SEO plugin v23.8 - https:\/\/yoast.com\/wordpress\/plugins\/seo\/ -->\n<title>Techlife X8S elektriline t\u00f5ukeratas 22.4Ah 52V - Ecocruiser<\/title>\n<meta name=\"description\" content=\"Techlife X8S on \u00e4\u00e4rmiselt kaasaegne elektriline t\u00f5ukeratas. Selle raskus on alla 30 kg ja selle v\u00f5imsuse ja ulatuse osas on see v\u00f5rratu j\u00f5udlus.\" \/>\n<meta name=\"robots\" content=\"noindex, follow, max-snippet:-1, max-image-preview:large, max-video-preview:-1\" \/>\n<meta property=\"og:locale\" content=\"en_GB\" \/>\n<meta property=\"og:type\" content=\"article\" \/>\n<meta property=\"og:title\" content=\"Techlife X8S elektriline t\u00f5ukeratas 22.4Ah 52V - Ecocruiser\" \/>\n<meta property=\"og:description\" content=\"Techlife X8S on \u00e4\u00e4rmiselt kaasaegne elektriline t\u00f5ukeratas. Selle raskus on alla 30 kg ja selle v\u00f5imsuse ja ulatuse osas on see v\u00f5rratu j\u00f5udlus.\" \/>\n<meta property=\"og:url\" content=\"https:\/\/projekt.vombat.ee\/eco\/pood\/brandid\/techlife\/techlife-x8s-elektriline-toukeratas-22-4ah-52v\/\" \/>\n<meta property=\"og:site_name\" content=\"Ecocruiser\" \/>\n<meta property=\"article:modified_time\" content=\"2023-05-28T10:54:37+00:00\" \/>\n<meta property=\"og:image\" content=\"https:\/\/projekt.vombat.ee\/eco\/wp-content\/uploads\/2023\/03\/Techlife-X8S.jpg\" \/>\n\t<meta property=\"og:image:width\" content=\"900\" \/>\n\t<meta property=\"og:image:height\" content=\"1140\" \/>\n\t<meta property=\"og:image:type\" content=\"image\/jpeg\" \/>\n<meta name=\"twitter:card\" content=\"summary_large_image\" \/>\n<meta name=\"twitter:label1\" content=\"Estimated reading time\" \/>\n\t<meta name=\"twitter:data1\" content=\"4 minutes\" \/>\n<script type=\"application\/ld+json\" class=\"yoast-schema-graph\">{\"@context\":\"https:\/\/schema.org\",\"@graph\":[{\"@type\":\"WebPage\",\"@id\":\"https:\/\/projekt.vombat.ee\/eco\/pood\/brandid\/techlife\/techlife-x8s-elektriline-toukeratas-22-4ah-52v\/\",\"url\":\"https:\/\/projekt.vombat.ee\/eco\/pood\/brandid\/techlife\/techlife-x8s-elektriline-toukeratas-22-4ah-52v\/\",\"name\":\"Techlife X8S elektriline t\u00f5ukeratas 22.4Ah 52V - Ecocruiser\",\"isPartOf\":{\"@id\":\"https:\/\/projekt.vombat.ee\/eco\/#website\"},\"primaryImageOfPage\":{\"@id\":\"https:\/\/projekt.vombat.ee\/eco\/pood\/brandid\/techlife\/techlife-x8s-elektriline-toukeratas-22-4ah-52v\/#primaryimage\"},\"image\":{\"@id\":\"https:\/\/projekt.vombat.ee\/eco\/pood\/brandid\/techlife\/techlife-x8s-elektriline-toukeratas-22-4ah-52v\/#primaryimage\"},\"thumbnailUrl\":\"https:\/\/projekt.vombat.ee\/eco\/wp-content\/uploads\/2023\/03\/Techlife-X8S.jpg\",\"datePublished\":\"2023-03-03T15:07:35+00:00\",\"dateModified\":\"2023-05-28T10:54:37+00:00\",\"description\":\"Techlife X8S on \u00e4\u00e4rmiselt kaasaegne elektriline t\u00f5ukeratas. Selle raskus on alla 30 kg ja selle v\u00f5imsuse ja ulatuse osas on see v\u00f5rratu j\u00f5udlus.\",\"breadcrumb\":{\"@id\":\"https:\/\/projekt.vombat.ee\/eco\/pood\/brandid\/techlife\/techlife-x8s-elektriline-toukeratas-22-4ah-52v\/#breadcrumb\"},\"inLanguage\":\"en-GB\",\"potentialAction\":[{\"@type\":\"ReadAction\",\"target\":[\"https:\/\/projekt.vombat.ee\/eco\/pood\/brandid\/techlife\/techlife-x8s-elektriline-toukeratas-22-4ah-52v\/\"]}]},{\"@type\":\"ImageObject\",\"inLanguage\":\"en-GB\",\"@id\":\"https:\/\/projekt.vombat.ee\/eco\/pood\/brandid\/techlife\/techlife-x8s-elektriline-toukeratas-22-4ah-52v\/#primaryimage\",\"url\":\"https:\/\/projekt.vombat.ee\/eco\/wp-content\/uploads\/2023\/03\/Techlife-X8S.jpg\",\"contentUrl\":\"https:\/\/projekt.vombat.ee\/eco\/wp-content\/uploads\/2023\/03\/Techlife-X8S.jpg\",\"width\":900,\"height\":1140,\"caption\":\"Techlife X8S\"},{\"@type\":\"BreadcrumbList\",\"@id\":\"https:\/\/projekt.vombat.ee\/eco\/pood\/brandid\/techlife\/techlife-x8s-elektriline-toukeratas-22-4ah-52v\/#breadcrumb\",\"itemListElement\":[{\"@type\":\"ListItem\",\"position\":1,\"name\":\"Home\",\"item\":\"https:\/\/projekt.vombat.ee\/eco\/\"},{\"@type\":\"ListItem\",\"position\":2,\"name\":\"Pood\",\"item\":\"https:\/\/projekt.vombat.ee\/eco\/pood\/\"},{\"@type\":\"ListItem\",\"position\":3,\"name\":\"Techlife X8S elektriline t\u00f5ukeratas 22.4Ah 52V\"}]},{\"@type\":\"WebSite\",\"@id\":\"https:\/\/projekt.vombat.ee\/eco\/#website\",\"url\":\"https:\/\/projekt.vombat.ee\/eco\/\",\"name\":\"Ecocruiser\",\"description\":\"\",\"publisher\":{\"@id\":\"https:\/\/projekt.vombat.ee\/eco\/#organization\"},\"potentialAction\":[{\"@type\":\"SearchAction\",\"target\":{\"@type\":\"EntryPoint\",\"urlTemplate\":\"https:\/\/projekt.vombat.ee\/eco\/?s={search_term_string}\"},\"query-input\":{\"@type\":\"PropertyValueSpecification\",\"valueRequired\":true,\"valueName\":\"search_term_string\"}}],\"inLanguage\":\"en-GB\"},{\"@type\":\"Organization\",\"@id\":\"https:\/\/projekt.vombat.ee\/eco\/#organization\",\"name\":\"Ecocruiser\",\"url\":\"https:\/\/projekt.vombat.ee\/eco\/\",\"logo\":{\"@type\":\"ImageObject\",\"inLanguage\":\"en-GB\",\"@id\":\"https:\/\/projekt.vombat.ee\/eco\/#\/schema\/logo\/image\/\",\"url\":\"https:\/\/projekt.vombat.ee\/eco\/wp-content\/uploads\/2023\/03\/ECOCRUISER_5.png\",\"contentUrl\":\"https:\/\/projekt.vombat.ee\/eco\/wp-content\/uploads\/2023\/03\/ECOCRUISER_5.png\",\"width\":234,\"height\":91,\"caption\":\"Ecocruiser\"},\"image\":{\"@id\":\"https:\/\/projekt.vombat.ee\/eco\/#\/schema\/logo\/image\/\"}}]}<\/script>\n<!-- \/ Yoast SEO plugin. -->","yoast_head_json":{"title":"Techlife X8S elektriline t\u00f5ukeratas 22.4Ah 52V - Ecocruiser","description":"Techlife X8S on \u00e4\u00e4rmiselt kaasaegne elektriline t\u00f5ukeratas. Selle raskus on alla 30 kg ja selle v\u00f5imsuse ja ulatuse osas on see v\u00f5rratu j\u00f5udlus.","robots":{"index":"noindex","follow":"follow","max-snippet":"max-snippet:-1","max-image-preview":"max-image-preview:large","max-video-preview":"max-video-preview:-1"},"og_locale":"en_GB","og_type":"article","og_title":"Techlife X8S elektriline t\u00f5ukeratas 22.4Ah 52V - Ecocruiser","og_description":"Techlife X8S on \u00e4\u00e4rmiselt kaasaegne elektriline t\u00f5ukeratas. Selle raskus on alla 30 kg ja selle v\u00f5imsuse ja ulatuse osas on see v\u00f5rratu j\u00f5udlus.","og_url":"https:\/\/projekt.vombat.ee\/eco\/pood\/brandid\/techlife\/techlife-x8s-elektriline-toukeratas-22-4ah-52v\/","og_site_name":"Ecocruiser","article_modified_time":"2023-05-28T10:54:37+00:00","og_image":[{"width":900,"height":1140,"url":"https:\/\/projekt.vombat.ee\/eco\/wp-content\/uploads\/2023\/03\/Techlife-X8S.jpg","type":"image\/jpeg"}],"twitter_card":"summary_large_image","twitter_misc":{"Estimated reading time":"4 minutes"},"schema":{"@context":"https:\/\/schema.org","@graph":[{"@type":"WebPage","@id":"https:\/\/projekt.vombat.ee\/eco\/pood\/brandid\/techlife\/techlife-x8s-elektriline-toukeratas-22-4ah-52v\/","url":"https:\/\/projekt.vombat.ee\/eco\/pood\/brandid\/techlife\/techlife-x8s-elektriline-toukeratas-22-4ah-52v\/","name":"Techlife X8S elektriline t\u00f5ukeratas 22.4Ah 52V - Ecocruiser","isPartOf":{"@id":"https:\/\/projekt.vombat.ee\/eco\/#website"},"primaryImageOfPage":{"@id":"https:\/\/projekt.vombat.ee\/eco\/pood\/brandid\/techlife\/techlife-x8s-elektriline-toukeratas-22-4ah-52v\/#primaryimage"},"image":{"@id":"https:\/\/projekt.vombat.ee\/eco\/pood\/brandid\/techlife\/techlife-x8s-elektriline-toukeratas-22-4ah-52v\/#primaryimage"},"thumbnailUrl":"https:\/\/projekt.vombat.ee\/eco\/wp-content\/uploads\/2023\/03\/Techlife-X8S.jpg","datePublished":"2023-03-03T15:07:35+00:00","dateModified":"2023-05-28T10:54:37+00:00","description":"Techlife X8S on \u00e4\u00e4rmiselt kaasaegne elektriline t\u00f5ukeratas. Selle raskus on alla 30 kg ja selle v\u00f5imsuse ja ulatuse osas on see v\u00f5rratu j\u00f5udlus.","breadcrumb":{"@id":"https:\/\/projekt.vombat.ee\/eco\/pood\/brandid\/techlife\/techlife-x8s-elektriline-toukeratas-22-4ah-52v\/#breadcrumb"},"inLanguage":"en-GB","potentialAction":[{"@type":"ReadAction","target":["https:\/\/projekt.vombat.ee\/eco\/pood\/brandid\/techlife\/techlife-x8s-elektriline-toukeratas-22-4ah-52v\/"]}]},{"@type":"ImageObject","inLanguage":"en-GB","@id":"https:\/\/projekt.vombat.ee\/eco\/pood\/brandid\/techlife\/techlife-x8s-elektriline-toukeratas-22-4ah-52v\/#primaryimage","url":"https:\/\/projekt.vombat.ee\/eco\/wp-content\/uploads\/2023\/03\/Techlife-X8S.jpg","contentUrl":"https:\/\/projekt.vombat.ee\/eco\/wp-content\/uploads\/2023\/03\/Techlife-X8S.jpg","width":900,"height":1140,"caption":"Techlife X8S"},{"@type":"BreadcrumbList","@id":"https:\/\/projekt.vombat.ee\/eco\/pood\/brandid\/techlife\/techlife-x8s-elektriline-toukeratas-22-4ah-52v\/#breadcrumb","itemListElement":[{"@type":"ListItem","position":1,"name":"Home","item":"https:\/\/projekt.vombat.ee\/eco\/"},{"@type":"ListItem","position":2,"name":"Pood","item":"https:\/\/projekt.vombat.ee\/eco\/pood\/"},{"@type":"ListItem","position":3,"name":"Techlife X8S elektriline t\u00f5ukeratas 22.4Ah 52V"}]},{"@type":"WebSite","@id":"https:\/\/projekt.vombat.ee\/eco\/#website","url":"https:\/\/projekt.vombat.ee\/eco\/","name":"Ecocruiser","description":"","publisher":{"@id":"https:\/\/projekt.vombat.ee\/eco\/#organization"},"potentialAction":[{"@type":"SearchAction","target":{"@type":"EntryPoint","urlTemplate":"https:\/\/projekt.vombat.ee\/eco\/?s={search_term_string}"},"query-input":{"@type":"PropertyValueSpecification","valueRequired":true,"valueName":"search_term_string"}}],"inLanguage":"en-GB"},{"@type":"Organization","@id":"https:\/\/projekt.vombat.ee\/eco\/#organization","name":"Ecocruiser","url":"https:\/\/projekt.vombat.ee\/eco\/","logo":{"@type":"ImageObject","inLanguage":"en-GB","@id":"https:\/\/projekt.vombat.ee\/eco\/#\/schema\/logo\/image\/","url":"https:\/\/projekt.vombat.ee\/eco\/wp-content\/uploads\/2023\/03\/ECOCRUISER_5.png","contentUrl":"https:\/\/projekt.vombat.ee\/eco\/wp-content\/uploads\/2023\/03\/ECOCRUISER_5.png","width":234,"height":91,"caption":"Ecocruiser"},"image":{"@id":"https:\/\/projekt.vombat.ee\/eco\/#\/schema\/logo\/image\/"}}]}},"lang":"et","translations":{"et":5502,"ru":6806},"pll_sync_post":[],"_links":{"self":[{"href":"https:\/\/projekt.vombat.ee\/eco\/wp-json\/wp\/v2\/product\/5502"}],"collection":[{"href":"https:\/\/projekt.vombat.ee\/eco\/wp-json\/wp\/v2\/product"}],"about":[{"href":"https:\/\/projekt.vombat.ee\/eco\/wp-json\/wp\/v2\/types\/product"}],"version-history":[{"count":3,"href":"https:\/\/projekt.vombat.ee\/eco\/wp-json\/wp\/v2\/product\/5502\/revisions"}],"predecessor-version":[{"id":6805,"href":"https:\/\/projekt.vombat.ee\/eco\/wp-json\/wp\/v2\/product\/5502\/revisions\/6805"}],"wp:featuredmedia":[{"embeddable":true,"href":"https:\/\/projekt.vombat.ee\/eco\/wp-json\/wp\/v2\/media\/6015"}],"wp:attachment":[{"href":"https:\/\/projekt.vombat.ee\/eco\/wp-json\/wp\/v2\/media?parent=5502"}],"wp:term":[{"taxonomy":"product_cat","embeddable":true,"href":"https:\/\/projekt.vombat.ee\/eco\/wp-json\/wp\/v2\/product_cat?post=5502"},{"taxonomy":"product_tag","embeddable":true,"href":"https:\/\/projekt.vombat.ee\/eco\/wp-json\/wp\/v2\/product_tag?post=5502"}],"curies":[{"name":"wp","href":"https:\/\/api.w.org\/{rel}","templated":true}]}}