{"id":5479,"date":"2023-03-03T12:33:28","date_gmt":"2023-03-03T12:33:28","guid":{"rendered":"https:\/\/projekt.vombat.ee\/eco\/?post_type=product&#038;p=5479"},"modified":"2023-05-28T10:54:46","modified_gmt":"2023-05-28T10:54:46","slug":"techlife-x6-elektriline-toukeratas-13ah-48v","status":"publish","type":"product","link":"https:\/\/projekt.vombat.ee\/eco\/pood\/brandid\/techlife\/techlife-x6-elektriline-toukeratas-13ah-48v\/","title":{"rendered":"Techlife X6 elektriline t\u00f5ukeratas 13Ah 48V"},"content":{"rendered":"<h1>Techlife X6 linna elektriline t\u00f5ukeratas<\/h1>\n<p>Techlife X6 elektrilise t\u00f5ukerattaga naudid s\u00f5itmist t\u00f5elises sportlikus stiilis. Maailma parim linna elektriline t\u00f5ukeratas.<\/p>\n<div class=\"youtube responsive-embed wp-embed\"><iframe title=\"Techlife X6 - Miejska Hulajnoga Elektryczna dla doros\u0142ych w Norwegii! || Mobiway.pl\" width=\"1778\" height=\"1000\" src=\"https:\/\/www.youtube.com\/embed\/_q_sy8DqhJ4?feature=oembed&#038;enablejsapi=1&#038;rel=0&#038;showinfo=0&#038;color=white\" frameborder=\"0\" allow=\"accelerometer; autoplay; clipboard-write; encrypted-media; gyroscope; picture-in-picture; web-share\" allowfullscreen><\/iframe><\/div>\n<div class=\"elementor-section elementor-element elementor-element-ienxjuu elementor-top-section elementor-section-boxed elementor-section-height-default elementor-section-height-default\" data-element_type=\"section\">\n<div class=\"elementor-container elementor-column-gap-default\">\n<div class=\"elementor-row\">\n<div class=\"elementor-column elementor-element elementor-element-vyihhks elementor-col-100 elementor-top-column\" data-element_type=\"column\">\n<div class=\"elementor-column-wrap elementor-element-populated\">\n<div class=\"elementor-widget-wrap\" data-section-id=\"elementor-vyihhks\">\n<div class=\"elementor-widget elementor-element elementor-element-gvtyhwg elementor-widget-spacer\" data-element_type=\"spacer.default\">\n<div class=\"elementor-widget-container\">\n<div class=\"elementor-spacer\"><\/div>\n<\/div>\n<\/div>\n<\/div>\n<\/div>\n<\/div>\n<\/div>\n<\/div>\n<\/div>\n<h3>Ohutus ja mugavus 1. kohal<\/h3>\n<p>Tugevad amortisaatorid ja t\u00e4ispuhutavad rattad panevad t\u00f5ukeratta ideaalselt pinna k\u00fclge kinni \u2013 olenemata ilmast. Ohutu reisimise eest vastutavad ka mitmed tarkvarakaitsed ja 2 v\u00e4ga tugevat pidurit.<\/p>\n<p><img decoding=\"async\" title=\"\" src=\"https:\/\/mobiway.pl\/img\/cms\/x6\/x8.jpg\" alt=\"\" \/><\/p>\n<h3>L\u00e4bib kuni 45 km* \u2013 ainult \u00fche laadimisega<\/h3>\n<p>13Ah 48V aku muljetavaldav v\u00f5imsus tagab kuni 45 km s\u00f5iduulatuse ning uusim laadimistehnoloogia pikendab aku eluiga.<\/p>\n<p><img decoding=\"async\" title=\"\" src=\"https:\/\/mobiway.pl\/img\/cms\/x6\/_DSC9710%20(Copy).jpg\" alt=\"\" \/><\/p>\n<h3>S\u00e4ilitage rolleri \u00fcle t\u00e4ielik kontroll<\/h3>\n<p>V\u00e4rviline LCD-ekraan annab teile juurdep\u00e4\u00e4su k\u00f5ikidele p\u00f5hiparameetritele, sealhulgas: aku tase, praegune kiirus, l\u00e4bis\u00f5it ja k\u00e4igu reguleerimine.<\/p>\n<p><img decoding=\"async\" title=\"\" src=\"https:\/\/mobiway.pl\/img\/cms\/x6\/x3.jpg\" alt=\"\" \/><\/p>\n<h3>V\u00f5imsa 600 W mootoriga saavutate kiiruse kuni 25\/40 km\/h*<\/h3>\n<p>600 W harjadeta elektrimootor koos tagarattale paigutatud kontrolleriga v\u00f5imaldab s\u00f5ita kiirust kaotamata isegi v\u00e4ga kaldsetel \u2013 kuni 15 kraadistel \u2013 teel.<\/p>\n<p><img decoding=\"async\" title=\"\" src=\"https:\/\/mobiway.pl\/img\/cms\/x6\/x5.jpg\" alt=\"\" \/><\/p>\n<p>&nbsp;<\/p>\n<h3>Eristuge massist ja nautige t\u00e4iuslikku n\u00e4htavust<\/h3>\n<p>T\u00f5ukerattal on veelgi rohkem LED-valgustust. Tugevad esi- ja tagatuled ning valgustatud platvorm v\u00f5imaldavad teil s\u00f5itu nautida igal kellaajal p\u00e4eval v\u00f5i \u00f6\u00f6sel.<\/p>\n<p><img decoding=\"async\" title=\"\" src=\"https:\/\/mobiway.pl\/img\/cms\/x6\/x6.jpg\" alt=\"\" \/><\/p>\n<h3>Rooli k\u00f5rguse reguleerimine ehk ergonoomiline s\u00f5iduasend<\/h3>\n<p>Techlife X6 t\u00e4hendab lisaks headele parameetritele ka s\u00f5iduergonoomikat. Iga\u00fcks saab reguleerida rooli k\u00f5rgust nii, et tunneks end sellel mugavalt, olenemata pikkusest.<\/p>\n<p><img decoding=\"async\" title=\"\" src=\"https:\/\/mobiway.pl\/img\/cms\/x6\/_DSC9690%20(Copy).jpg\" alt=\"\" \/><\/p>\n<h3>Hinda igat detaili<\/h3>\n<p>T\u00f5ukeratas on loodud nii, et see eristub teistest mitte ainult vastupidavuse ja tugevuse poolest. Libisemiskindel platvorm, t\u00f5elised sportlikud aktsendid, alumiiniumdetailid ja uuenduslik funktsionaalsus. T\u00e4nu neile pakub Techlife X6 t\u00f5ukeratas teile igas aspektis rahulolu.<\/p>\n<p><img decoding=\"async\" title=\"\" src=\"https:\/\/mobiway.pl\/img\/cms\/x6\/x1.jpg\" alt=\"\" \/><\/p>\n<h3>Info<\/h3>\n<p>Mootori v\u00f5imsus: 600 W (800 W)<br \/>\naku t\u00fc\u00fcp: 36 V liitiumioon<br \/>\nAku mahutavus: 13Ah 48V<br \/>\nLaadija:54,6V 1,5A<br \/>\nRatta suurus: 8,5&#8243;<br \/>\nPiduri t\u00fc\u00fcp:Plaat, trumm<br \/>\nRaami materjal: Alumiiniumist<br \/>\nMaksimaalne vahemik: 40 km*<br \/>\nKaitseklass: IP44<br \/>\nMaksimaalne kandev\u00f5ime: 100 kg<br \/>\nKaal: 19 kg<br \/>\nKaal koos pakendiga: 22,5 kg<br \/>\nEkraan: LCD<br \/>\nKuvari funktsioonid: 20 funktsiooni<br \/>\nValgustus: LED<br \/>\nPidurituled: Jah<br \/>\nMootori t\u00fc\u00fcp: Harjadeta<br \/>\nKokkupandav: Jah<br \/>\nRooli reguleerimine:Jah<br \/>\nGarantii: 2 aastat t\u00f5ukeratas, 1 aasta aku<br \/>\nSeadme m\u00f5\u00f5tmed lahtivoldituna: 110x20x116 cm<br \/>\nKokkupandud seadme m\u00f5\u00f5tmed: 109x20x36 cm<br \/>\nMaksimum kiirus: 25\/45 km\/h<\/p>\n","protected":false},"excerpt":{"rendered":"<p>Techlife X6 elektrilise t\u00f5ukerattaga naudid s\u00f5itmist t\u00f5elises sportlikus stiilis. Maailma parim linna elektriline t\u00f5ukeratas.<\/p>\n<ul>\n<li>Mootori v\u00f5imsus: 600 W (800 W)<\/li>\n<li>Aku mahutavus: 13Ah 48V<\/li>\n<li>Maksimaalne kandev\u00f5ime: 100 kg<\/li>\n<li>Maksimaalne s\u00f5iduulatus: 40 km<\/li>\n<\/ul>\n<p>&nbsp;<\/p>\n<p>\u2666 Tarneaeg 2-6 p\u00e4eva<br \/>\n\u2666 Laos<\/p>\n","protected":false},"featured_media":6019,"template":"","meta":[],"product_cat":[53,909,651],"product_tag":[],"class_list":{"0":"post-5479","1":"product","2":"type-product","3":"status-publish","4":"has-post-thumbnail","6":"product_cat-elektritoukerattad","7":"product_cat-linna-toukerattad","8":"product_cat-techlife","9":"product_shipping_class-suured-pakid","11":"first","12":"instock","13":"sale","14":"taxable","15":"shipping-taxable","16":"purchasable","17":"product-type-simple"},"yoast_head":"<!-- This site is optimized with the Yoast SEO plugin v23.8 - https:\/\/yoast.com\/wordpress\/plugins\/seo\/ -->\n<title>Techlife X6 elektriline t\u00f5ukeratas 13Ah 48V - Ecocruiser<\/title>\n<meta name=\"description\" content=\"Techlife X6 linna elektriline t\u00f5ukeratas. Naudi s\u00f5itmist t\u00f5elises sportlikus stiilis. Maailma parim linna elektriline t\u00f5ukeratas.\" \/>\n<meta name=\"robots\" content=\"noindex, follow, max-snippet:-1, max-image-preview:large, max-video-preview:-1\" \/>\n<meta property=\"og:locale\" content=\"en_GB\" \/>\n<meta property=\"og:type\" content=\"article\" \/>\n<meta property=\"og:title\" content=\"Techlife X6 elektriline t\u00f5ukeratas 13Ah 48V - Ecocruiser\" \/>\n<meta property=\"og:description\" content=\"Techlife X6 linna elektriline t\u00f5ukeratas. Naudi s\u00f5itmist t\u00f5elises sportlikus stiilis. Maailma parim linna elektriline t\u00f5ukeratas.\" \/>\n<meta property=\"og:url\" content=\"https:\/\/projekt.vombat.ee\/eco\/pood\/brandid\/techlife\/techlife-x6-elektriline-toukeratas-13ah-48v\/\" \/>\n<meta property=\"og:site_name\" content=\"Ecocruiser\" \/>\n<meta property=\"article:modified_time\" content=\"2023-05-28T10:54:46+00:00\" \/>\n<meta property=\"og:image\" content=\"https:\/\/projekt.vombat.ee\/eco\/wp-content\/uploads\/2023\/03\/Techlife-X6.jpg\" \/>\n\t<meta property=\"og:image:width\" content=\"900\" \/>\n\t<meta property=\"og:image:height\" content=\"1140\" \/>\n\t<meta property=\"og:image:type\" content=\"image\/jpeg\" \/>\n<meta name=\"twitter:card\" content=\"summary_large_image\" \/>\n<meta name=\"twitter:label1\" content=\"Estimated reading time\" \/>\n\t<meta name=\"twitter:data1\" content=\"4 minutes\" \/>\n<script type=\"application\/ld+json\" class=\"yoast-schema-graph\">{\"@context\":\"https:\/\/schema.org\",\"@graph\":[{\"@type\":\"WebPage\",\"@id\":\"https:\/\/projekt.vombat.ee\/eco\/pood\/brandid\/techlife\/techlife-x6-elektriline-toukeratas-13ah-48v\/\",\"url\":\"https:\/\/projekt.vombat.ee\/eco\/pood\/brandid\/techlife\/techlife-x6-elektriline-toukeratas-13ah-48v\/\",\"name\":\"Techlife X6 elektriline t\u00f5ukeratas 13Ah 48V - Ecocruiser\",\"isPartOf\":{\"@id\":\"https:\/\/projekt.vombat.ee\/eco\/#website\"},\"primaryImageOfPage\":{\"@id\":\"https:\/\/projekt.vombat.ee\/eco\/pood\/brandid\/techlife\/techlife-x6-elektriline-toukeratas-13ah-48v\/#primaryimage\"},\"image\":{\"@id\":\"https:\/\/projekt.vombat.ee\/eco\/pood\/brandid\/techlife\/techlife-x6-elektriline-toukeratas-13ah-48v\/#primaryimage\"},\"thumbnailUrl\":\"https:\/\/projekt.vombat.ee\/eco\/wp-content\/uploads\/2023\/03\/Techlife-X6.jpg\",\"datePublished\":\"2023-03-03T12:33:28+00:00\",\"dateModified\":\"2023-05-28T10:54:46+00:00\",\"description\":\"Techlife X6 linna elektriline t\u00f5ukeratas. Naudi s\u00f5itmist t\u00f5elises sportlikus stiilis. Maailma parim linna elektriline t\u00f5ukeratas.\",\"breadcrumb\":{\"@id\":\"https:\/\/projekt.vombat.ee\/eco\/pood\/brandid\/techlife\/techlife-x6-elektriline-toukeratas-13ah-48v\/#breadcrumb\"},\"inLanguage\":\"en-GB\",\"potentialAction\":[{\"@type\":\"ReadAction\",\"target\":[\"https:\/\/projekt.vombat.ee\/eco\/pood\/brandid\/techlife\/techlife-x6-elektriline-toukeratas-13ah-48v\/\"]}]},{\"@type\":\"ImageObject\",\"inLanguage\":\"en-GB\",\"@id\":\"https:\/\/projekt.vombat.ee\/eco\/pood\/brandid\/techlife\/techlife-x6-elektriline-toukeratas-13ah-48v\/#primaryimage\",\"url\":\"https:\/\/projekt.vombat.ee\/eco\/wp-content\/uploads\/2023\/03\/Techlife-X6.jpg\",\"contentUrl\":\"https:\/\/projekt.vombat.ee\/eco\/wp-content\/uploads\/2023\/03\/Techlife-X6.jpg\",\"width\":900,\"height\":1140,\"caption\":\"Techlife X6\"},{\"@type\":\"BreadcrumbList\",\"@id\":\"https:\/\/projekt.vombat.ee\/eco\/pood\/brandid\/techlife\/techlife-x6-elektriline-toukeratas-13ah-48v\/#breadcrumb\",\"itemListElement\":[{\"@type\":\"ListItem\",\"position\":1,\"name\":\"Home\",\"item\":\"https:\/\/projekt.vombat.ee\/eco\/\"},{\"@type\":\"ListItem\",\"position\":2,\"name\":\"Pood\",\"item\":\"https:\/\/projekt.vombat.ee\/eco\/pood\/\"},{\"@type\":\"ListItem\",\"position\":3,\"name\":\"Techlife X6 elektriline t\u00f5ukeratas 13Ah 48V\"}]},{\"@type\":\"WebSite\",\"@id\":\"https:\/\/projekt.vombat.ee\/eco\/#website\",\"url\":\"https:\/\/projekt.vombat.ee\/eco\/\",\"name\":\"Ecocruiser\",\"description\":\"\",\"publisher\":{\"@id\":\"https:\/\/projekt.vombat.ee\/eco\/#organization\"},\"potentialAction\":[{\"@type\":\"SearchAction\",\"target\":{\"@type\":\"EntryPoint\",\"urlTemplate\":\"https:\/\/projekt.vombat.ee\/eco\/?s={search_term_string}\"},\"query-input\":{\"@type\":\"PropertyValueSpecification\",\"valueRequired\":true,\"valueName\":\"search_term_string\"}}],\"inLanguage\":\"en-GB\"},{\"@type\":\"Organization\",\"@id\":\"https:\/\/projekt.vombat.ee\/eco\/#organization\",\"name\":\"Ecocruiser\",\"url\":\"https:\/\/projekt.vombat.ee\/eco\/\",\"logo\":{\"@type\":\"ImageObject\",\"inLanguage\":\"en-GB\",\"@id\":\"https:\/\/projekt.vombat.ee\/eco\/#\/schema\/logo\/image\/\",\"url\":\"https:\/\/projekt.vombat.ee\/eco\/wp-content\/uploads\/2023\/03\/ECOCRUISER_5.png\",\"contentUrl\":\"https:\/\/projekt.vombat.ee\/eco\/wp-content\/uploads\/2023\/03\/ECOCRUISER_5.png\",\"width\":234,\"height\":91,\"caption\":\"Ecocruiser\"},\"image\":{\"@id\":\"https:\/\/projekt.vombat.ee\/eco\/#\/schema\/logo\/image\/\"}}]}<\/script>\n<!-- \/ Yoast SEO plugin. -->","yoast_head_json":{"title":"Techlife X6 elektriline t\u00f5ukeratas 13Ah 48V - Ecocruiser","description":"Techlife X6 linna elektriline t\u00f5ukeratas. Naudi s\u00f5itmist t\u00f5elises sportlikus stiilis. Maailma parim linna elektriline t\u00f5ukeratas.","robots":{"index":"noindex","follow":"follow","max-snippet":"max-snippet:-1","max-image-preview":"max-image-preview:large","max-video-preview":"max-video-preview:-1"},"og_locale":"en_GB","og_type":"article","og_title":"Techlife X6 elektriline t\u00f5ukeratas 13Ah 48V - Ecocruiser","og_description":"Techlife X6 linna elektriline t\u00f5ukeratas. Naudi s\u00f5itmist t\u00f5elises sportlikus stiilis. Maailma parim linna elektriline t\u00f5ukeratas.","og_url":"https:\/\/projekt.vombat.ee\/eco\/pood\/brandid\/techlife\/techlife-x6-elektriline-toukeratas-13ah-48v\/","og_site_name":"Ecocruiser","article_modified_time":"2023-05-28T10:54:46+00:00","og_image":[{"width":900,"height":1140,"url":"https:\/\/projekt.vombat.ee\/eco\/wp-content\/uploads\/2023\/03\/Techlife-X6.jpg","type":"image\/jpeg"}],"twitter_card":"summary_large_image","twitter_misc":{"Estimated reading time":"4 minutes"},"schema":{"@context":"https:\/\/schema.org","@graph":[{"@type":"WebPage","@id":"https:\/\/projekt.vombat.ee\/eco\/pood\/brandid\/techlife\/techlife-x6-elektriline-toukeratas-13ah-48v\/","url":"https:\/\/projekt.vombat.ee\/eco\/pood\/brandid\/techlife\/techlife-x6-elektriline-toukeratas-13ah-48v\/","name":"Techlife X6 elektriline t\u00f5ukeratas 13Ah 48V - Ecocruiser","isPartOf":{"@id":"https:\/\/projekt.vombat.ee\/eco\/#website"},"primaryImageOfPage":{"@id":"https:\/\/projekt.vombat.ee\/eco\/pood\/brandid\/techlife\/techlife-x6-elektriline-toukeratas-13ah-48v\/#primaryimage"},"image":{"@id":"https:\/\/projekt.vombat.ee\/eco\/pood\/brandid\/techlife\/techlife-x6-elektriline-toukeratas-13ah-48v\/#primaryimage"},"thumbnailUrl":"https:\/\/projekt.vombat.ee\/eco\/wp-content\/uploads\/2023\/03\/Techlife-X6.jpg","datePublished":"2023-03-03T12:33:28+00:00","dateModified":"2023-05-28T10:54:46+00:00","description":"Techlife X6 linna elektriline t\u00f5ukeratas. Naudi s\u00f5itmist t\u00f5elises sportlikus stiilis. Maailma parim linna elektriline t\u00f5ukeratas.","breadcrumb":{"@id":"https:\/\/projekt.vombat.ee\/eco\/pood\/brandid\/techlife\/techlife-x6-elektriline-toukeratas-13ah-48v\/#breadcrumb"},"inLanguage":"en-GB","potentialAction":[{"@type":"ReadAction","target":["https:\/\/projekt.vombat.ee\/eco\/pood\/brandid\/techlife\/techlife-x6-elektriline-toukeratas-13ah-48v\/"]}]},{"@type":"ImageObject","inLanguage":"en-GB","@id":"https:\/\/projekt.vombat.ee\/eco\/pood\/brandid\/techlife\/techlife-x6-elektriline-toukeratas-13ah-48v\/#primaryimage","url":"https:\/\/projekt.vombat.ee\/eco\/wp-content\/uploads\/2023\/03\/Techlife-X6.jpg","contentUrl":"https:\/\/projekt.vombat.ee\/eco\/wp-content\/uploads\/2023\/03\/Techlife-X6.jpg","width":900,"height":1140,"caption":"Techlife X6"},{"@type":"BreadcrumbList","@id":"https:\/\/projekt.vombat.ee\/eco\/pood\/brandid\/techlife\/techlife-x6-elektriline-toukeratas-13ah-48v\/#breadcrumb","itemListElement":[{"@type":"ListItem","position":1,"name":"Home","item":"https:\/\/projekt.vombat.ee\/eco\/"},{"@type":"ListItem","position":2,"name":"Pood","item":"https:\/\/projekt.vombat.ee\/eco\/pood\/"},{"@type":"ListItem","position":3,"name":"Techlife X6 elektriline t\u00f5ukeratas 13Ah 48V"}]},{"@type":"WebSite","@id":"https:\/\/projekt.vombat.ee\/eco\/#website","url":"https:\/\/projekt.vombat.ee\/eco\/","name":"Ecocruiser","description":"","publisher":{"@id":"https:\/\/projekt.vombat.ee\/eco\/#organization"},"potentialAction":[{"@type":"SearchAction","target":{"@type":"EntryPoint","urlTemplate":"https:\/\/projekt.vombat.ee\/eco\/?s={search_term_string}"},"query-input":{"@type":"PropertyValueSpecification","valueRequired":true,"valueName":"search_term_string"}}],"inLanguage":"en-GB"},{"@type":"Organization","@id":"https:\/\/projekt.vombat.ee\/eco\/#organization","name":"Ecocruiser","url":"https:\/\/projekt.vombat.ee\/eco\/","logo":{"@type":"ImageObject","inLanguage":"en-GB","@id":"https:\/\/projekt.vombat.ee\/eco\/#\/schema\/logo\/image\/","url":"https:\/\/projekt.vombat.ee\/eco\/wp-content\/uploads\/2023\/03\/ECOCRUISER_5.png","contentUrl":"https:\/\/projekt.vombat.ee\/eco\/wp-content\/uploads\/2023\/03\/ECOCRUISER_5.png","width":234,"height":91,"caption":"Ecocruiser"},"image":{"@id":"https:\/\/projekt.vombat.ee\/eco\/#\/schema\/logo\/image\/"}}]}},"lang":"et","translations":{"et":5479,"ru":6780},"pll_sync_post":[],"_links":{"self":[{"href":"https:\/\/projekt.vombat.ee\/eco\/wp-json\/wp\/v2\/product\/5479"}],"collection":[{"href":"https:\/\/projekt.vombat.ee\/eco\/wp-json\/wp\/v2\/product"}],"about":[{"href":"https:\/\/projekt.vombat.ee\/eco\/wp-json\/wp\/v2\/types\/product"}],"version-history":[{"count":4,"href":"https:\/\/projekt.vombat.ee\/eco\/wp-json\/wp\/v2\/product\/5479\/revisions"}],"predecessor-version":[{"id":6788,"href":"https:\/\/projekt.vombat.ee\/eco\/wp-json\/wp\/v2\/product\/5479\/revisions\/6788"}],"wp:featuredmedia":[{"embeddable":true,"href":"https:\/\/projekt.vombat.ee\/eco\/wp-json\/wp\/v2\/media\/6019"}],"wp:attachment":[{"href":"https:\/\/projekt.vombat.ee\/eco\/wp-json\/wp\/v2\/media?parent=5479"}],"wp:term":[{"taxonomy":"product_cat","embeddable":true,"href":"https:\/\/projekt.vombat.ee\/eco\/wp-json\/wp\/v2\/product_cat?post=5479"},{"taxonomy":"product_tag","embeddable":true,"href":"https:\/\/projekt.vombat.ee\/eco\/wp-json\/wp\/v2\/product_tag?post=5479"}],"curies":[{"name":"wp","href":"https:\/\/api.w.org\/{rel}","templated":true}]}}