{"id":5468,"date":"2023-03-03T12:12:37","date_gmt":"2023-03-03T12:12:37","guid":{"rendered":"https:\/\/projekt.vombat.ee\/eco\/?post_type=product&#038;p=5468"},"modified":"2023-05-28T10:55:58","modified_gmt":"2023-05-28T10:55:58","slug":"techlife-x7-lite-elektriline-toukeratas-80km","status":"publish","type":"product","link":"https:\/\/projekt.vombat.ee\/eco\/pood\/brandid\/techlife\/techlife-x7-lite-elektriline-toukeratas-80km\/","title":{"rendered":"Techlife X7 LITE elektriline t\u00f5ukeratas 60km"},"content":{"rendered":"<h1>Techlife X7 LITE elektriline t\u00f5ukeratas<\/h1>\n<p>Techlife X7 LITE on vapustava 1000 W (max 1600 W) v\u00f5imsusega mootor. Koos kontrolleriga v\u00f5imaldab see s\u00f5ita kaldteel &#8211; kuni 15 kraadi, ilma kiirust kaotamata.<\/p>\n<p><img decoding=\"async\" title=\"\" src=\"https:\/\/mobiway.pl\/img\/cms\/x7lite\/X73%20(Copy).jpg\" alt=\"\" \/><\/p>\n<h3>L\u00e4bib kuni 60 km* \u00fche laadimisega<\/h3>\n<p>T\u00e4nu intelligentsele juhtimisele kasutab aku 18Ah liitiumioonaku energiat t\u00f5husamalt. T\u00e4nu kiirlaadimistehnoloogiale kulub rolleri t\u00e4islaadimiseks vaid 6 tundi*.<\/p>\n<p><img decoding=\"async\" title=\"\" src=\"https:\/\/mobiway.pl\/img\/cms\/x7lite\/X724%20(Copy).jpg\" alt=\"\" \/><\/p>\n<h3>10-tollised rattad<\/h3>\n<p>Tugevad 10-tollised \u00f5huga t\u00e4idetud rattad, vedruamortisaatorid ja libisemiskindel platvorm tagavad teie s\u00f5idumugavuse ja ohutuse.<\/p>\n<p>7 korda mugavus ja ohutus.<\/p>\n<p><img decoding=\"async\" title=\"\" src=\"https:\/\/mobiway.pl\/img\/cms\/x7lite\/z6.jpg\" alt=\"\" \/><\/p>\n<h3>S\u00e4ilitage rolleri \u00fcle t\u00e4ielik kontroll<\/h3>\n<p>V\u00e4rviline LCD-ekraan annab teile juurdep\u00e4\u00e4su k\u00f5ikidele p\u00f5hiparameetritele, sealhulgas: aku tase, praegune kiirus, l\u00e4bis\u00f5it ja k\u00e4igu reguleerimine.<\/p>\n<p>Lisaks annab ekraan palju v\u00f5imalusi reguleerida selliseid parameetreid nagu kiirendus, maksimaalne kiirus v\u00f5i p\u00fcsikiiruse hoidja.<\/p>\n<p><img decoding=\"async\" title=\"\" src=\"https:\/\/mobiway.pl\/img\/cms\/x8\/x5.jpg\" alt=\"\" \/><\/p>\n<h3>Voldi see kokku ja vii kuhu iganes soovid<\/h3>\n<p>Techlife X7 LITE-l on kokkupandav rool, mis teeb selle lihtsaks kaasa v\u00f5tmiseks nt. oma auto pagasiruumi.<\/p>\n<p><img decoding=\"async\" title=\"\" src=\"https:\/\/mobiway.pl\/img\/cms\/x7lite\/folding.jpg\" alt=\"\" \/><\/p>\n<h3>Nautige s\u00f5itu \u2013 olenemata kellaajast<\/h3>\n<p>Uuenduslik LED-valgustus kohandub rajaga, nii et saate turvaliselt reisida nii p\u00e4eval kui \u00f6\u00f6sel.<\/p>\n<p><img decoding=\"async\" title=\"\" src=\"https:\/\/mobiway.pl\/img\/cms\/x7lite\/z5.jpg\" alt=\"\" \/><\/p>\n<h3>Topelt ketaspidurid<\/h3>\n<p>Vastupidavad topeltketaspidurid tagavad l\u00fchikese pidurdusteekonna ja annavad turvatunde.<\/p>\n<p><img decoding=\"async\" title=\"\" src=\"https:\/\/mobiway.pl\/img\/cms\/x7lite\/z4.jpg\" alt=\"\" \/><\/p>\n","protected":false},"excerpt":{"rendered":"<ul>\n<li>Maksimaalne kandev\u00f5ime: 120 kg<\/li>\n<li>Maksimaalne s\u00f5idukaugus: 60 km<\/li>\n<li>Mootori v\u00f5imsus: 1000 W (1600 W)<\/li>\n<li>Aku mahutavus: 18Ah 52V<\/li>\n<\/ul>\n","protected":false},"featured_media":6017,"template":"","meta":[],"product_cat":[53,651,911],"product_tag":[],"class_list":{"0":"post-5468","1":"product","2":"type-product","3":"status-publish","4":"has-post-thumbnail","6":"product_cat-elektritoukerattad","7":"product_cat-techlife","8":"product_cat-voimsad-toukerattad","9":"product_shipping_class-suured-pakid","11":"first","12":"instock","13":"sale","14":"taxable","15":"shipping-taxable","16":"purchasable","17":"product-type-simple"},"yoast_head":"<!-- This site is optimized with the Yoast SEO plugin v23.8 - https:\/\/yoast.com\/wordpress\/plugins\/seo\/ -->\n<title>Techlife X7 LITE elektriline t\u00f5ukeratas 60km - Ecocruiser<\/title>\n<meta name=\"description\" content=\"Techlife X7 LITE on vapustava 1000 W (max 1600 W) v\u00f5imsusega mootor. Koos kontrolleriga v\u00f5imaldab see s\u00f5ita kaldteel - kuni 15 kraadi, ilma kiirust kaotamata.\" \/>\n<meta name=\"robots\" content=\"noindex, follow, max-snippet:-1, max-image-preview:large, max-video-preview:-1\" \/>\n<meta property=\"og:locale\" content=\"en_GB\" \/>\n<meta property=\"og:type\" content=\"article\" \/>\n<meta property=\"og:title\" content=\"Techlife X7 LITE elektriline t\u00f5ukeratas 60km - Ecocruiser\" \/>\n<meta property=\"og:description\" content=\"Techlife X7 LITE on vapustava 1000 W (max 1600 W) v\u00f5imsusega mootor. Koos kontrolleriga v\u00f5imaldab see s\u00f5ita kaldteel - kuni 15 kraadi, ilma kiirust kaotamata.\" \/>\n<meta property=\"og:url\" content=\"https:\/\/projekt.vombat.ee\/eco\/pood\/brandid\/techlife\/techlife-x7-lite-elektriline-toukeratas-80km\/\" \/>\n<meta property=\"og:site_name\" content=\"Ecocruiser\" \/>\n<meta property=\"article:modified_time\" content=\"2023-05-28T10:55:58+00:00\" \/>\n<meta property=\"og:image\" content=\"https:\/\/projekt.vombat.ee\/eco\/wp-content\/uploads\/2023\/03\/Techlife-X7-Lite.jpg\" \/>\n\t<meta property=\"og:image:width\" content=\"900\" \/>\n\t<meta property=\"og:image:height\" content=\"1140\" \/>\n\t<meta property=\"og:image:type\" content=\"image\/jpeg\" \/>\n<meta name=\"twitter:card\" content=\"summary_large_image\" \/>\n<meta name=\"twitter:label1\" content=\"Estimated reading time\" \/>\n\t<meta name=\"twitter:data1\" content=\"3 minutes\" \/>\n<script type=\"application\/ld+json\" class=\"yoast-schema-graph\">{\"@context\":\"https:\/\/schema.org\",\"@graph\":[{\"@type\":\"WebPage\",\"@id\":\"https:\/\/projekt.vombat.ee\/eco\/pood\/brandid\/techlife\/techlife-x7-lite-elektriline-toukeratas-80km\/\",\"url\":\"https:\/\/projekt.vombat.ee\/eco\/pood\/brandid\/techlife\/techlife-x7-lite-elektriline-toukeratas-80km\/\",\"name\":\"Techlife X7 LITE elektriline t\u00f5ukeratas 60km - Ecocruiser\",\"isPartOf\":{\"@id\":\"https:\/\/projekt.vombat.ee\/eco\/#website\"},\"primaryImageOfPage\":{\"@id\":\"https:\/\/projekt.vombat.ee\/eco\/pood\/brandid\/techlife\/techlife-x7-lite-elektriline-toukeratas-80km\/#primaryimage\"},\"image\":{\"@id\":\"https:\/\/projekt.vombat.ee\/eco\/pood\/brandid\/techlife\/techlife-x7-lite-elektriline-toukeratas-80km\/#primaryimage\"},\"thumbnailUrl\":\"https:\/\/projekt.vombat.ee\/eco\/wp-content\/uploads\/2023\/03\/Techlife-X7-Lite.jpg\",\"datePublished\":\"2023-03-03T12:12:37+00:00\",\"dateModified\":\"2023-05-28T10:55:58+00:00\",\"description\":\"Techlife X7 LITE on vapustava 1000 W (max 1600 W) v\u00f5imsusega mootor. Koos kontrolleriga v\u00f5imaldab see s\u00f5ita kaldteel - kuni 15 kraadi, ilma kiirust kaotamata.\",\"breadcrumb\":{\"@id\":\"https:\/\/projekt.vombat.ee\/eco\/pood\/brandid\/techlife\/techlife-x7-lite-elektriline-toukeratas-80km\/#breadcrumb\"},\"inLanguage\":\"en-GB\",\"potentialAction\":[{\"@type\":\"ReadAction\",\"target\":[\"https:\/\/projekt.vombat.ee\/eco\/pood\/brandid\/techlife\/techlife-x7-lite-elektriline-toukeratas-80km\/\"]}]},{\"@type\":\"ImageObject\",\"inLanguage\":\"en-GB\",\"@id\":\"https:\/\/projekt.vombat.ee\/eco\/pood\/brandid\/techlife\/techlife-x7-lite-elektriline-toukeratas-80km\/#primaryimage\",\"url\":\"https:\/\/projekt.vombat.ee\/eco\/wp-content\/uploads\/2023\/03\/Techlife-X7-Lite.jpg\",\"contentUrl\":\"https:\/\/projekt.vombat.ee\/eco\/wp-content\/uploads\/2023\/03\/Techlife-X7-Lite.jpg\",\"width\":900,\"height\":1140},{\"@type\":\"BreadcrumbList\",\"@id\":\"https:\/\/projekt.vombat.ee\/eco\/pood\/brandid\/techlife\/techlife-x7-lite-elektriline-toukeratas-80km\/#breadcrumb\",\"itemListElement\":[{\"@type\":\"ListItem\",\"position\":1,\"name\":\"Home\",\"item\":\"https:\/\/projekt.vombat.ee\/eco\/\"},{\"@type\":\"ListItem\",\"position\":2,\"name\":\"Pood\",\"item\":\"https:\/\/projekt.vombat.ee\/eco\/pood\/\"},{\"@type\":\"ListItem\",\"position\":3,\"name\":\"Techlife X7 LITE elektriline t\u00f5ukeratas 60km\"}]},{\"@type\":\"WebSite\",\"@id\":\"https:\/\/projekt.vombat.ee\/eco\/#website\",\"url\":\"https:\/\/projekt.vombat.ee\/eco\/\",\"name\":\"Ecocruiser\",\"description\":\"\",\"publisher\":{\"@id\":\"https:\/\/projekt.vombat.ee\/eco\/#organization\"},\"potentialAction\":[{\"@type\":\"SearchAction\",\"target\":{\"@type\":\"EntryPoint\",\"urlTemplate\":\"https:\/\/projekt.vombat.ee\/eco\/?s={search_term_string}\"},\"query-input\":{\"@type\":\"PropertyValueSpecification\",\"valueRequired\":true,\"valueName\":\"search_term_string\"}}],\"inLanguage\":\"en-GB\"},{\"@type\":\"Organization\",\"@id\":\"https:\/\/projekt.vombat.ee\/eco\/#organization\",\"name\":\"Ecocruiser\",\"url\":\"https:\/\/projekt.vombat.ee\/eco\/\",\"logo\":{\"@type\":\"ImageObject\",\"inLanguage\":\"en-GB\",\"@id\":\"https:\/\/projekt.vombat.ee\/eco\/#\/schema\/logo\/image\/\",\"url\":\"https:\/\/projekt.vombat.ee\/eco\/wp-content\/uploads\/2023\/03\/ECOCRUISER_5.png\",\"contentUrl\":\"https:\/\/projekt.vombat.ee\/eco\/wp-content\/uploads\/2023\/03\/ECOCRUISER_5.png\",\"width\":234,\"height\":91,\"caption\":\"Ecocruiser\"},\"image\":{\"@id\":\"https:\/\/projekt.vombat.ee\/eco\/#\/schema\/logo\/image\/\"}}]}<\/script>\n<!-- \/ Yoast SEO plugin. -->","yoast_head_json":{"title":"Techlife X7 LITE elektriline t\u00f5ukeratas 60km - Ecocruiser","description":"Techlife X7 LITE on vapustava 1000 W (max 1600 W) v\u00f5imsusega mootor. Koos kontrolleriga v\u00f5imaldab see s\u00f5ita kaldteel - kuni 15 kraadi, ilma kiirust kaotamata.","robots":{"index":"noindex","follow":"follow","max-snippet":"max-snippet:-1","max-image-preview":"max-image-preview:large","max-video-preview":"max-video-preview:-1"},"og_locale":"en_GB","og_type":"article","og_title":"Techlife X7 LITE elektriline t\u00f5ukeratas 60km - Ecocruiser","og_description":"Techlife X7 LITE on vapustava 1000 W (max 1600 W) v\u00f5imsusega mootor. Koos kontrolleriga v\u00f5imaldab see s\u00f5ita kaldteel - kuni 15 kraadi, ilma kiirust kaotamata.","og_url":"https:\/\/projekt.vombat.ee\/eco\/pood\/brandid\/techlife\/techlife-x7-lite-elektriline-toukeratas-80km\/","og_site_name":"Ecocruiser","article_modified_time":"2023-05-28T10:55:58+00:00","og_image":[{"width":900,"height":1140,"url":"https:\/\/projekt.vombat.ee\/eco\/wp-content\/uploads\/2023\/03\/Techlife-X7-Lite.jpg","type":"image\/jpeg"}],"twitter_card":"summary_large_image","twitter_misc":{"Estimated reading time":"3 minutes"},"schema":{"@context":"https:\/\/schema.org","@graph":[{"@type":"WebPage","@id":"https:\/\/projekt.vombat.ee\/eco\/pood\/brandid\/techlife\/techlife-x7-lite-elektriline-toukeratas-80km\/","url":"https:\/\/projekt.vombat.ee\/eco\/pood\/brandid\/techlife\/techlife-x7-lite-elektriline-toukeratas-80km\/","name":"Techlife X7 LITE elektriline t\u00f5ukeratas 60km - Ecocruiser","isPartOf":{"@id":"https:\/\/projekt.vombat.ee\/eco\/#website"},"primaryImageOfPage":{"@id":"https:\/\/projekt.vombat.ee\/eco\/pood\/brandid\/techlife\/techlife-x7-lite-elektriline-toukeratas-80km\/#primaryimage"},"image":{"@id":"https:\/\/projekt.vombat.ee\/eco\/pood\/brandid\/techlife\/techlife-x7-lite-elektriline-toukeratas-80km\/#primaryimage"},"thumbnailUrl":"https:\/\/projekt.vombat.ee\/eco\/wp-content\/uploads\/2023\/03\/Techlife-X7-Lite.jpg","datePublished":"2023-03-03T12:12:37+00:00","dateModified":"2023-05-28T10:55:58+00:00","description":"Techlife X7 LITE on vapustava 1000 W (max 1600 W) v\u00f5imsusega mootor. Koos kontrolleriga v\u00f5imaldab see s\u00f5ita kaldteel - kuni 15 kraadi, ilma kiirust kaotamata.","breadcrumb":{"@id":"https:\/\/projekt.vombat.ee\/eco\/pood\/brandid\/techlife\/techlife-x7-lite-elektriline-toukeratas-80km\/#breadcrumb"},"inLanguage":"en-GB","potentialAction":[{"@type":"ReadAction","target":["https:\/\/projekt.vombat.ee\/eco\/pood\/brandid\/techlife\/techlife-x7-lite-elektriline-toukeratas-80km\/"]}]},{"@type":"ImageObject","inLanguage":"en-GB","@id":"https:\/\/projekt.vombat.ee\/eco\/pood\/brandid\/techlife\/techlife-x7-lite-elektriline-toukeratas-80km\/#primaryimage","url":"https:\/\/projekt.vombat.ee\/eco\/wp-content\/uploads\/2023\/03\/Techlife-X7-Lite.jpg","contentUrl":"https:\/\/projekt.vombat.ee\/eco\/wp-content\/uploads\/2023\/03\/Techlife-X7-Lite.jpg","width":900,"height":1140},{"@type":"BreadcrumbList","@id":"https:\/\/projekt.vombat.ee\/eco\/pood\/brandid\/techlife\/techlife-x7-lite-elektriline-toukeratas-80km\/#breadcrumb","itemListElement":[{"@type":"ListItem","position":1,"name":"Home","item":"https:\/\/projekt.vombat.ee\/eco\/"},{"@type":"ListItem","position":2,"name":"Pood","item":"https:\/\/projekt.vombat.ee\/eco\/pood\/"},{"@type":"ListItem","position":3,"name":"Techlife X7 LITE elektriline t\u00f5ukeratas 60km"}]},{"@type":"WebSite","@id":"https:\/\/projekt.vombat.ee\/eco\/#website","url":"https:\/\/projekt.vombat.ee\/eco\/","name":"Ecocruiser","description":"","publisher":{"@id":"https:\/\/projekt.vombat.ee\/eco\/#organization"},"potentialAction":[{"@type":"SearchAction","target":{"@type":"EntryPoint","urlTemplate":"https:\/\/projekt.vombat.ee\/eco\/?s={search_term_string}"},"query-input":{"@type":"PropertyValueSpecification","valueRequired":true,"valueName":"search_term_string"}}],"inLanguage":"en-GB"},{"@type":"Organization","@id":"https:\/\/projekt.vombat.ee\/eco\/#organization","name":"Ecocruiser","url":"https:\/\/projekt.vombat.ee\/eco\/","logo":{"@type":"ImageObject","inLanguage":"en-GB","@id":"https:\/\/projekt.vombat.ee\/eco\/#\/schema\/logo\/image\/","url":"https:\/\/projekt.vombat.ee\/eco\/wp-content\/uploads\/2023\/03\/ECOCRUISER_5.png","contentUrl":"https:\/\/projekt.vombat.ee\/eco\/wp-content\/uploads\/2023\/03\/ECOCRUISER_5.png","width":234,"height":91,"caption":"Ecocruiser"},"image":{"@id":"https:\/\/projekt.vombat.ee\/eco\/#\/schema\/logo\/image\/"}}]}},"lang":"et","translations":{"et":5468,"ru":6778},"pll_sync_post":[],"_links":{"self":[{"href":"https:\/\/projekt.vombat.ee\/eco\/wp-json\/wp\/v2\/product\/5468"}],"collection":[{"href":"https:\/\/projekt.vombat.ee\/eco\/wp-json\/wp\/v2\/product"}],"about":[{"href":"https:\/\/projekt.vombat.ee\/eco\/wp-json\/wp\/v2\/types\/product"}],"version-history":[{"count":6,"href":"https:\/\/projekt.vombat.ee\/eco\/wp-json\/wp\/v2\/product\/5468\/revisions"}],"predecessor-version":[{"id":6059,"href":"https:\/\/projekt.vombat.ee\/eco\/wp-json\/wp\/v2\/product\/5468\/revisions\/6059"}],"wp:featuredmedia":[{"embeddable":true,"href":"https:\/\/projekt.vombat.ee\/eco\/wp-json\/wp\/v2\/media\/6017"}],"wp:attachment":[{"href":"https:\/\/projekt.vombat.ee\/eco\/wp-json\/wp\/v2\/media?parent=5468"}],"wp:term":[{"taxonomy":"product_cat","embeddable":true,"href":"https:\/\/projekt.vombat.ee\/eco\/wp-json\/wp\/v2\/product_cat?post=5468"},{"taxonomy":"product_tag","embeddable":true,"href":"https:\/\/projekt.vombat.ee\/eco\/wp-json\/wp\/v2\/product_tag?post=5468"}],"curies":[{"name":"wp","href":"https:\/\/api.w.org\/{rel}","templated":true}]}}