{"id":2839,"date":"2023-02-28T20:12:16","date_gmt":"2023-02-28T20:12:16","guid":{"rendered":"https:\/\/projekt.vombat.ee\/eco\/?post_type=product&#038;p=2839"},"modified":"2023-03-01T17:51:59","modified_gmt":"2023-03-01T17:51:59","slug":"exway-flex-elektriline-rula-longboard","status":"publish","type":"product","link":"https:\/\/projekt.vombat.ee\/eco\/pood\/elektrirulad\/exway\/exway-flex-elektriline-rula-longboard\/","title":{"rendered":"Exway Flex elektriline rula, longboard"},"content":{"rendered":"<div class=\"mpof_ki myre_zn myre_8v_l _0d3bd_SI-b1\">\n<div class=\"mp4t_16_s mryx_16_s mr3m_1 mli2_1 mh85_56 mh85_0_l\">\n<div class=\"mg9e_8 mg9e_0_s mvrt_0_s mj7a_8 mj7a_0_s mh36_0_s mzmg_6m munh_16_l m3h2_16_l\">\n<div class=\"mp4t_0 mryx_0 munh_56 m3h2_56\">\n<div class=\"mp7g_oh\"><img decoding=\"async\" class=\"msub_k4 mupj_5k mjru_k4 mse2_k4 mp7g_f6 mq1m_0 mj7u_0 m7er_k4 lazyloaded\" src=\"https:\/\/a.allegroimg.com\/original\/11c6f5\/fa5755394c349cd6f597be904b47\/Deskorolka-Elektryczna-Exway-FLEX-Silnik-Hub-Pasek\" sizes=\"(min-width: 1200px) 560px, (min-width: 992px) 50vw, 100vw\" srcset=\"https:\/\/a.allegroimg.com\/s360\/11c6f5\/fa5755394c349cd6f597be904b47\/Deskorolka-Elektryczna-Exway-FLEX-Silnik-Hub-Pasek 360w,https:\/\/a.allegroimg.com\/s720\/11c6f5\/fa5755394c349cd6f597be904b47\/Deskorolka-Elektryczna-Exway-FLEX-Silnik-Hub-Pasek 720w,https:\/\/a.allegroimg.com\/s1024\/11c6f5\/fa5755394c349cd6f597be904b47\/Deskorolka-Elektryczna-Exway-FLEX-Silnik-Hub-Pasek 1024w,https:\/\/a.allegroimg.com\/s1440\/11c6f5\/fa5755394c349cd6f597be904b47\/Deskorolka-Elektryczna-Exway-FLEX-Silnik-Hub-Pasek 1080w,https:\/\/a.allegroimg.com\/original\/11c6f5\/fa5755394c349cd6f597be904b47\/Deskorolka-Elektryczna-Exway-FLEX-Silnik-Hub-Pasek 1080w\" alt=\"Deskorolka Elektryczna Exway FLEX Silnik Hub\/Pasek\" width=\"1080px\" data-src=\"https:\/\/a.allegroimg.com\/original\/11c6f5\/fa5755394c349cd6f597be904b47\/Deskorolka-Elektryczna-Exway-FLEX-Silnik-Hub-Pasek\" data-srcset=\"https:\/\/a.allegroimg.com\/s360\/11c6f5\/fa5755394c349cd6f597be904b47\/Deskorolka-Elektryczna-Exway-FLEX-Silnik-Hub-Pasek 360w,https:\/\/a.allegroimg.com\/s720\/11c6f5\/fa5755394c349cd6f597be904b47\/Deskorolka-Elektryczna-Exway-FLEX-Silnik-Hub-Pasek 720w,https:\/\/a.allegroimg.com\/s1024\/11c6f5\/fa5755394c349cd6f597be904b47\/Deskorolka-Elektryczna-Exway-FLEX-Silnik-Hub-Pasek 1024w,https:\/\/a.allegroimg.com\/s1440\/11c6f5\/fa5755394c349cd6f597be904b47\/Deskorolka-Elektryczna-Exway-FLEX-Silnik-Hub-Pasek 1080w,https:\/\/a.allegroimg.com\/original\/11c6f5\/fa5755394c349cd6f597be904b47\/Deskorolka-Elektryczna-Exway-FLEX-Silnik-Hub-Pasek 1080w\" \/><\/div>\n<\/div>\n<\/div>\n<\/div>\n<div class=\"mp4t_16_s mryx_16_s mr3m_1 mli2_1 mh85_56 mh85_0_l\">\n<div class=\"mgn2_16 _0d3bd_r3bCg\">\n<h1>V\u00d5IMSUS JA MUGAVUS<\/h1>\n<p>Exway Flex on h\u00fcbriid m\u00f5lemast. Suure j\u00f5udlusega, funktsionaalne ja kompaktse hinnaga elektriline rula, mida veel tahta.<\/p>\n<\/div>\n<\/div>\n<\/div>\n<div class=\"mpof_ki myre_zn myre_8v_l _0d3bd_SI-b1\">\n<div class=\"mp4t_16_s mryx_16_s mr3m_1 mli2_1 mh85_56 mh85_0_l\">\n<div class=\"mg9e_8 mg9e_0_s mvrt_0_s mj7a_8 mj7a_0_s mh36_0_s mzmg_6m munh_16_l m3h2_16_l\">\n<div class=\"mp4t_0 mryx_0 munh_56 m3h2_56\">\n<div class=\"mp7g_oh\"><img decoding=\"async\" class=\"msub_k4 mupj_5k mjru_k4 mse2_k4 mp7g_f6 mq1m_0 mj7u_0 m7er_k4 lazyloaded\" src=\"https:\/\/a.allegroimg.com\/original\/114843\/28a1217b4ec9a57fc91d9e149f63\/Deskorolka-Elektryczna-Exway-FLEX-Silnik-Hub-Pasek-Maximum-Speed-40-km-h\" sizes=\"(min-width: 1200px) 560px, (min-width: 992px) 50vw, 100vw\" srcset=\"https:\/\/a.allegroimg.com\/s360\/114843\/28a1217b4ec9a57fc91d9e149f63\/Deskorolka-Elektryczna-Exway-FLEX-Silnik-Hub-Pasek-Maximum-Speed-40-km-h 360w,https:\/\/a.allegroimg.com\/s720\/114843\/28a1217b4ec9a57fc91d9e149f63\/Deskorolka-Elektryczna-Exway-FLEX-Silnik-Hub-Pasek-Maximum-Speed-40-km-h 540w,https:\/\/a.allegroimg.com\/original\/114843\/28a1217b4ec9a57fc91d9e149f63\/Deskorolka-Elektryczna-Exway-FLEX-Silnik-Hub-Pasek-Maximum-Speed-40-km-h 540w\" alt=\"Deskorolka Elektryczna Exway FLEX Silnik Hub\/Pasek Maximum Speed 40 km\/h\" width=\"540px\" data-src=\"https:\/\/a.allegroimg.com\/original\/114843\/28a1217b4ec9a57fc91d9e149f63\/Deskorolka-Elektryczna-Exway-FLEX-Silnik-Hub-Pasek-Maximum-Speed-40-km-h\" data-srcset=\"https:\/\/a.allegroimg.com\/s360\/114843\/28a1217b4ec9a57fc91d9e149f63\/Deskorolka-Elektryczna-Exway-FLEX-Silnik-Hub-Pasek-Maximum-Speed-40-km-h 360w,https:\/\/a.allegroimg.com\/s720\/114843\/28a1217b4ec9a57fc91d9e149f63\/Deskorolka-Elektryczna-Exway-FLEX-Silnik-Hub-Pasek-Maximum-Speed-40-km-h 540w,https:\/\/a.allegroimg.com\/original\/114843\/28a1217b4ec9a57fc91d9e149f63\/Deskorolka-Elektryczna-Exway-FLEX-Silnik-Hub-Pasek-Maximum-Speed-40-km-h 540w\" \/><\/div>\n<\/div>\n<\/div>\n<\/div>\n<div class=\"mp4t_16_s mryx_16_s mr3m_1 mli2_1 mh85_56 mh85_0_l\">\n<div class=\"mgn2_16 _0d3bd_r3bCg\">\n<h1>\u00dcLIMALT VASTUPIDAV<\/h1>\n<p><span style=\"font-size: inherit;\">Exway puhul ei saa mainimata j\u00e4tta seisulaua tugevust. Seadme kandev\u00f5ime on 150kg\u00a0 Seisulaud on valmistatud klaaskiust ja vahtrapuust ning kaetud UV-kiirgusega tugevdatud kattega.<\/span><\/p>\n<\/div>\n<\/div>\n<\/div>\n<div class=\"mpof_ki myre_zn myre_8v_l _0d3bd_SI-b1\">\n<div class=\"mp4t_16_s mryx_16_s mr3m_1 mli2_1 mh85_56 mh85_0_l\">\n<div class=\"mg9e_8 mg9e_0_s mvrt_0_s mj7a_8 mj7a_0_s mh36_0_s mzmg_6m munh_16_l m3h2_16_l\">\n<div class=\"mp4t_0 mryx_0 munh_56 m3h2_56\">\n<div class=\"mp7g_oh\"><img decoding=\"async\" class=\"msub_k4 mupj_5k mjru_k4 mse2_k4 mp7g_f6 mq1m_0 mj7u_0 m7er_k4 lazyloaded\" src=\"https:\/\/a.allegroimg.com\/original\/11f99f\/4085e8914ce4863cc461ea8d8576\/Deskorolka-Elektryczna-Exway-FLEX-Silnik-Hub-Pasek-Range-27-km\" sizes=\"(min-width: 1200px) 560px, (min-width: 992px) 50vw, 100vw\" srcset=\"https:\/\/a.allegroimg.com\/s360\/11f99f\/4085e8914ce4863cc461ea8d8576\/Deskorolka-Elektryczna-Exway-FLEX-Silnik-Hub-Pasek-Range-27-km 360w,https:\/\/a.allegroimg.com\/s720\/11f99f\/4085e8914ce4863cc461ea8d8576\/Deskorolka-Elektryczna-Exway-FLEX-Silnik-Hub-Pasek-Range-27-km 500w,https:\/\/a.allegroimg.com\/original\/11f99f\/4085e8914ce4863cc461ea8d8576\/Deskorolka-Elektryczna-Exway-FLEX-Silnik-Hub-Pasek-Range-27-km 500w\" alt=\"Deskorolka Elektryczna Exway FLEX Silnik Hub\/Pasek Range 27 km\" width=\"500px\" data-src=\"https:\/\/a.allegroimg.com\/original\/11f99f\/4085e8914ce4863cc461ea8d8576\/Deskorolka-Elektryczna-Exway-FLEX-Silnik-Hub-Pasek-Range-27-km\" data-srcset=\"https:\/\/a.allegroimg.com\/s360\/11f99f\/4085e8914ce4863cc461ea8d8576\/Deskorolka-Elektryczna-Exway-FLEX-Silnik-Hub-Pasek-Range-27-km 360w,https:\/\/a.allegroimg.com\/s720\/11f99f\/4085e8914ce4863cc461ea8d8576\/Deskorolka-Elektryczna-Exway-FLEX-Silnik-Hub-Pasek-Range-27-km 500w,https:\/\/a.allegroimg.com\/original\/11f99f\/4085e8914ce4863cc461ea8d8576\/Deskorolka-Elektryczna-Exway-FLEX-Silnik-Hub-Pasek-Range-27-km 500w\" \/><\/div>\n<\/div>\n<\/div>\n<\/div>\n<div class=\"mp4t_16_s mryx_16_s mr3m_1 mli2_1 mh85_56 mh85_0_l\">\n<div class=\"mgn2_16 _0d3bd_r3bCg\">\n<h1>V\u00c4IKSED DETAILID, SUUR M\u00d5JU<\/h1>\n<p><span style=\"font-size: inherit;\">Rulale on paigaldatud vibratsiooni summutav gripteip, amorts\u00fcsteem ja vastupidavad rattad. Need kolm pisidetaili \u00fcheskoos tagavad teile parima s\u00f5iduelamuse.<\/span><\/p>\n<\/div>\n<\/div>\n<\/div>\n<div class=\"mpof_ki myre_zn myre_8v_l _0d3bd_SI-b1\">\n<div class=\"mp4t_16_s mryx_16_s mr3m_1 mli2_1 mh85_56 mh85_0_l\">\n<div class=\"mg9e_8 mg9e_0_s mvrt_0_s mj7a_8 mj7a_0_s mh36_0_s mzmg_6m munh_16_l m3h2_16_l\">\n<div class=\"mp4t_0 mryx_0 munh_56 m3h2_56\">\n<div class=\"mp7g_oh\"><img decoding=\"async\" class=\"msub_k4 mupj_5k mjru_k4 mse2_k4 mp7g_f6 mq1m_0 mj7u_0 m7er_k4 lazyloaded\" src=\"https:\/\/a.allegroimg.com\/original\/11b10f\/f8c041cc4de3bc0a6c764fc8ae54\/Deskorolka-Elektryczna-Exway-FLEX-Silnik-Hub-Pasek-Maximum-Slope-Angle-30\" sizes=\"(min-width: 1200px) 560px, (min-width: 992px) 50vw, 100vw\" srcset=\"https:\/\/a.allegroimg.com\/s360\/11b10f\/f8c041cc4de3bc0a6c764fc8ae54\/Deskorolka-Elektryczna-Exway-FLEX-Silnik-Hub-Pasek-Maximum-Slope-Angle-30 360w,https:\/\/a.allegroimg.com\/s720\/11b10f\/f8c041cc4de3bc0a6c764fc8ae54\/Deskorolka-Elektryczna-Exway-FLEX-Silnik-Hub-Pasek-Maximum-Slope-Angle-30 720w,https:\/\/a.allegroimg.com\/s1024\/11b10f\/f8c041cc4de3bc0a6c764fc8ae54\/Deskorolka-Elektryczna-Exway-FLEX-Silnik-Hub-Pasek-Maximum-Slope-Angle-30 750w,https:\/\/a.allegroimg.com\/original\/11b10f\/f8c041cc4de3bc0a6c764fc8ae54\/Deskorolka-Elektryczna-Exway-FLEX-Silnik-Hub-Pasek-Maximum-Slope-Angle-30 750w\" alt=\"Deskorolka Elektryczna Exway FLEX Silnik Hub\/Pasek Maximum Slope Angle 30\u00b0\" width=\"750px\" data-src=\"https:\/\/a.allegroimg.com\/original\/11b10f\/f8c041cc4de3bc0a6c764fc8ae54\/Deskorolka-Elektryczna-Exway-FLEX-Silnik-Hub-Pasek-Maximum-Slope-Angle-30\" data-srcset=\"https:\/\/a.allegroimg.com\/s360\/11b10f\/f8c041cc4de3bc0a6c764fc8ae54\/Deskorolka-Elektryczna-Exway-FLEX-Silnik-Hub-Pasek-Maximum-Slope-Angle-30 360w,https:\/\/a.allegroimg.com\/s720\/11b10f\/f8c041cc4de3bc0a6c764fc8ae54\/Deskorolka-Elektryczna-Exway-FLEX-Silnik-Hub-Pasek-Maximum-Slope-Angle-30 720w,https:\/\/a.allegroimg.com\/s1024\/11b10f\/f8c041cc4de3bc0a6c764fc8ae54\/Deskorolka-Elektryczna-Exway-FLEX-Silnik-Hub-Pasek-Maximum-Slope-Angle-30 750w,https:\/\/a.allegroimg.com\/original\/11b10f\/f8c041cc4de3bc0a6c764fc8ae54\/Deskorolka-Elektryczna-Exway-FLEX-Silnik-Hub-Pasek-Maximum-Slope-Angle-30 750w\" \/><\/div>\n<\/div>\n<\/div>\n<\/div>\n<\/div>\n","protected":false},"excerpt":{"rendered":"<p><strong>EXWAY FLEX ELEKTRILINE RULA<\/strong><\/p>\n<ul>\n<li><strong>S\u00f5iduulatus: <\/strong>27km<\/li>\n<li><strong>Max kiirus: <\/strong>40km\/h<\/li>\n<li><strong>Kaal: <\/strong>7,7kg<\/li>\n<li><strong>Kandev\u00f5ime:\u00a0<\/strong>150kg<\/li>\n<\/ul>\n","protected":false},"featured_media":2840,"template":"","meta":[],"product_cat":[69,70],"product_tag":[],"class_list":{"0":"post-2839","1":"product","2":"type-product","3":"status-publish","4":"has-post-thumbnail","6":"product_cat-elektrirulad","7":"product_cat-exway","9":"first","10":"instock","11":"taxable","12":"shipping-taxable","13":"purchasable","14":"product-type-simple"},"yoast_head":"<!-- This site is optimized with the Yoast SEO plugin v23.8 - https:\/\/yoast.com\/wordpress\/plugins\/seo\/ -->\n<title>Exway Flex elektriline rula, longboard - Ecocruiser<\/title>\n<meta name=\"description\" content=\"Exway Flex elektriline rula, longboard - Kvaliteetsed br\u00e4ndid, lai valik - Ecocruiser.ee - K\u00fcsimuste korral v\u00f5ta \u00fchendust info@projekt.vombat.ee\" \/>\n<meta name=\"robots\" content=\"noindex, follow, max-snippet:-1, max-image-preview:large, max-video-preview:-1\" \/>\n<meta property=\"og:locale\" content=\"en_GB\" \/>\n<meta property=\"og:type\" content=\"article\" \/>\n<meta property=\"og:title\" content=\"Exway Flex elektriline rula, longboard - Ecocruiser\" \/>\n<meta property=\"og:description\" content=\"Exway Flex elektriline rula, longboard - Kvaliteetsed br\u00e4ndid, lai valik - Ecocruiser.ee - K\u00fcsimuste korral v\u00f5ta \u00fchendust info@projekt.vombat.ee\" \/>\n<meta property=\"og:url\" content=\"https:\/\/projekt.vombat.ee\/eco\/pood\/elektrirulad\/exway\/exway-flex-elektriline-rula-longboard\/\" \/>\n<meta property=\"og:site_name\" content=\"Ecocruiser\" \/>\n<meta property=\"article:modified_time\" content=\"2023-03-01T17:51:59+00:00\" \/>\n<meta property=\"og:image\" content=\"https:\/\/projekt.vombat.ee\/eco\/wp-content\/uploads\/2023\/02\/Exway-Flex.webp\" \/>\n\t<meta property=\"og:image:width\" content=\"1080\" \/>\n\t<meta property=\"og:image:height\" content=\"1080\" \/>\n\t<meta property=\"og:image:type\" content=\"image\/webp\" \/>\n<meta name=\"twitter:card\" content=\"summary_large_image\" \/>\n<meta name=\"twitter:label1\" content=\"Estimated reading time\" \/>\n\t<meta name=\"twitter:data1\" content=\"2 minutes\" \/>\n<script type=\"application\/ld+json\" class=\"yoast-schema-graph\">{\"@context\":\"https:\/\/schema.org\",\"@graph\":[{\"@type\":\"WebPage\",\"@id\":\"https:\/\/projekt.vombat.ee\/eco\/pood\/elektrirulad\/exway\/exway-flex-elektriline-rula-longboard\/\",\"url\":\"https:\/\/projekt.vombat.ee\/eco\/pood\/elektrirulad\/exway\/exway-flex-elektriline-rula-longboard\/\",\"name\":\"Exway Flex elektriline rula, longboard - Ecocruiser\",\"isPartOf\":{\"@id\":\"https:\/\/projekt.vombat.ee\/eco\/#website\"},\"primaryImageOfPage\":{\"@id\":\"https:\/\/projekt.vombat.ee\/eco\/pood\/elektrirulad\/exway\/exway-flex-elektriline-rula-longboard\/#primaryimage\"},\"image\":{\"@id\":\"https:\/\/projekt.vombat.ee\/eco\/pood\/elektrirulad\/exway\/exway-flex-elektriline-rula-longboard\/#primaryimage\"},\"thumbnailUrl\":\"https:\/\/projekt.vombat.ee\/eco\/wp-content\/uploads\/2023\/02\/Exway-Flex.webp\",\"datePublished\":\"2023-02-28T20:12:16+00:00\",\"dateModified\":\"2023-03-01T17:51:59+00:00\",\"description\":\"Exway Flex elektriline rula, longboard - Kvaliteetsed br\u00e4ndid, lai valik - Ecocruiser.ee - K\u00fcsimuste korral v\u00f5ta \u00fchendust info@projekt.vombat.ee\",\"breadcrumb\":{\"@id\":\"https:\/\/projekt.vombat.ee\/eco\/pood\/elektrirulad\/exway\/exway-flex-elektriline-rula-longboard\/#breadcrumb\"},\"inLanguage\":\"en-GB\",\"potentialAction\":[{\"@type\":\"ReadAction\",\"target\":[\"https:\/\/projekt.vombat.ee\/eco\/pood\/elektrirulad\/exway\/exway-flex-elektriline-rula-longboard\/\"]}]},{\"@type\":\"ImageObject\",\"inLanguage\":\"en-GB\",\"@id\":\"https:\/\/projekt.vombat.ee\/eco\/pood\/elektrirulad\/exway\/exway-flex-elektriline-rula-longboard\/#primaryimage\",\"url\":\"https:\/\/projekt.vombat.ee\/eco\/wp-content\/uploads\/2023\/02\/Exway-Flex.webp\",\"contentUrl\":\"https:\/\/projekt.vombat.ee\/eco\/wp-content\/uploads\/2023\/02\/Exway-Flex.webp\",\"width\":1080,\"height\":1080,\"caption\":\"Exway Flex\"},{\"@type\":\"BreadcrumbList\",\"@id\":\"https:\/\/projekt.vombat.ee\/eco\/pood\/elektrirulad\/exway\/exway-flex-elektriline-rula-longboard\/#breadcrumb\",\"itemListElement\":[{\"@type\":\"ListItem\",\"position\":1,\"name\":\"Home\",\"item\":\"https:\/\/projekt.vombat.ee\/eco\/\"},{\"@type\":\"ListItem\",\"position\":2,\"name\":\"Pood\",\"item\":\"https:\/\/projekt.vombat.ee\/eco\/pood\/\"},{\"@type\":\"ListItem\",\"position\":3,\"name\":\"Exway Flex elektriline rula, longboard\"}]},{\"@type\":\"WebSite\",\"@id\":\"https:\/\/projekt.vombat.ee\/eco\/#website\",\"url\":\"https:\/\/projekt.vombat.ee\/eco\/\",\"name\":\"Ecocruiser\",\"description\":\"\",\"publisher\":{\"@id\":\"https:\/\/projekt.vombat.ee\/eco\/#organization\"},\"potentialAction\":[{\"@type\":\"SearchAction\",\"target\":{\"@type\":\"EntryPoint\",\"urlTemplate\":\"https:\/\/projekt.vombat.ee\/eco\/?s={search_term_string}\"},\"query-input\":{\"@type\":\"PropertyValueSpecification\",\"valueRequired\":true,\"valueName\":\"search_term_string\"}}],\"inLanguage\":\"en-GB\"},{\"@type\":\"Organization\",\"@id\":\"https:\/\/projekt.vombat.ee\/eco\/#organization\",\"name\":\"Ecocruiser\",\"url\":\"https:\/\/projekt.vombat.ee\/eco\/\",\"logo\":{\"@type\":\"ImageObject\",\"inLanguage\":\"en-GB\",\"@id\":\"https:\/\/projekt.vombat.ee\/eco\/#\/schema\/logo\/image\/\",\"url\":\"https:\/\/projekt.vombat.ee\/eco\/wp-content\/uploads\/2023\/03\/ECOCRUISER_5.png\",\"contentUrl\":\"https:\/\/projekt.vombat.ee\/eco\/wp-content\/uploads\/2023\/03\/ECOCRUISER_5.png\",\"width\":234,\"height\":91,\"caption\":\"Ecocruiser\"},\"image\":{\"@id\":\"https:\/\/projekt.vombat.ee\/eco\/#\/schema\/logo\/image\/\"}}]}<\/script>\n<!-- \/ Yoast SEO plugin. -->","yoast_head_json":{"title":"Exway Flex elektriline rula, longboard - Ecocruiser","description":"Exway Flex elektriline rula, longboard - Kvaliteetsed br\u00e4ndid, lai valik - Ecocruiser.ee - K\u00fcsimuste korral v\u00f5ta \u00fchendust info@projekt.vombat.ee","robots":{"index":"noindex","follow":"follow","max-snippet":"max-snippet:-1","max-image-preview":"max-image-preview:large","max-video-preview":"max-video-preview:-1"},"og_locale":"en_GB","og_type":"article","og_title":"Exway Flex elektriline rula, longboard - Ecocruiser","og_description":"Exway Flex elektriline rula, longboard - Kvaliteetsed br\u00e4ndid, lai valik - Ecocruiser.ee - K\u00fcsimuste korral v\u00f5ta \u00fchendust info@projekt.vombat.ee","og_url":"https:\/\/projekt.vombat.ee\/eco\/pood\/elektrirulad\/exway\/exway-flex-elektriline-rula-longboard\/","og_site_name":"Ecocruiser","article_modified_time":"2023-03-01T17:51:59+00:00","og_image":[{"width":1080,"height":1080,"url":"https:\/\/projekt.vombat.ee\/eco\/wp-content\/uploads\/2023\/02\/Exway-Flex.webp","type":"image\/webp"}],"twitter_card":"summary_large_image","twitter_misc":{"Estimated reading time":"2 minutes"},"schema":{"@context":"https:\/\/schema.org","@graph":[{"@type":"WebPage","@id":"https:\/\/projekt.vombat.ee\/eco\/pood\/elektrirulad\/exway\/exway-flex-elektriline-rula-longboard\/","url":"https:\/\/projekt.vombat.ee\/eco\/pood\/elektrirulad\/exway\/exway-flex-elektriline-rula-longboard\/","name":"Exway Flex elektriline rula, longboard - Ecocruiser","isPartOf":{"@id":"https:\/\/projekt.vombat.ee\/eco\/#website"},"primaryImageOfPage":{"@id":"https:\/\/projekt.vombat.ee\/eco\/pood\/elektrirulad\/exway\/exway-flex-elektriline-rula-longboard\/#primaryimage"},"image":{"@id":"https:\/\/projekt.vombat.ee\/eco\/pood\/elektrirulad\/exway\/exway-flex-elektriline-rula-longboard\/#primaryimage"},"thumbnailUrl":"https:\/\/projekt.vombat.ee\/eco\/wp-content\/uploads\/2023\/02\/Exway-Flex.webp","datePublished":"2023-02-28T20:12:16+00:00","dateModified":"2023-03-01T17:51:59+00:00","description":"Exway Flex elektriline rula, longboard - Kvaliteetsed br\u00e4ndid, lai valik - Ecocruiser.ee - K\u00fcsimuste korral v\u00f5ta \u00fchendust info@projekt.vombat.ee","breadcrumb":{"@id":"https:\/\/projekt.vombat.ee\/eco\/pood\/elektrirulad\/exway\/exway-flex-elektriline-rula-longboard\/#breadcrumb"},"inLanguage":"en-GB","potentialAction":[{"@type":"ReadAction","target":["https:\/\/projekt.vombat.ee\/eco\/pood\/elektrirulad\/exway\/exway-flex-elektriline-rula-longboard\/"]}]},{"@type":"ImageObject","inLanguage":"en-GB","@id":"https:\/\/projekt.vombat.ee\/eco\/pood\/elektrirulad\/exway\/exway-flex-elektriline-rula-longboard\/#primaryimage","url":"https:\/\/projekt.vombat.ee\/eco\/wp-content\/uploads\/2023\/02\/Exway-Flex.webp","contentUrl":"https:\/\/projekt.vombat.ee\/eco\/wp-content\/uploads\/2023\/02\/Exway-Flex.webp","width":1080,"height":1080,"caption":"Exway Flex"},{"@type":"BreadcrumbList","@id":"https:\/\/projekt.vombat.ee\/eco\/pood\/elektrirulad\/exway\/exway-flex-elektriline-rula-longboard\/#breadcrumb","itemListElement":[{"@type":"ListItem","position":1,"name":"Home","item":"https:\/\/projekt.vombat.ee\/eco\/"},{"@type":"ListItem","position":2,"name":"Pood","item":"https:\/\/projekt.vombat.ee\/eco\/pood\/"},{"@type":"ListItem","position":3,"name":"Exway Flex elektriline rula, longboard"}]},{"@type":"WebSite","@id":"https:\/\/projekt.vombat.ee\/eco\/#website","url":"https:\/\/projekt.vombat.ee\/eco\/","name":"Ecocruiser","description":"","publisher":{"@id":"https:\/\/projekt.vombat.ee\/eco\/#organization"},"potentialAction":[{"@type":"SearchAction","target":{"@type":"EntryPoint","urlTemplate":"https:\/\/projekt.vombat.ee\/eco\/?s={search_term_string}"},"query-input":{"@type":"PropertyValueSpecification","valueRequired":true,"valueName":"search_term_string"}}],"inLanguage":"en-GB"},{"@type":"Organization","@id":"https:\/\/projekt.vombat.ee\/eco\/#organization","name":"Ecocruiser","url":"https:\/\/projekt.vombat.ee\/eco\/","logo":{"@type":"ImageObject","inLanguage":"en-GB","@id":"https:\/\/projekt.vombat.ee\/eco\/#\/schema\/logo\/image\/","url":"https:\/\/projekt.vombat.ee\/eco\/wp-content\/uploads\/2023\/03\/ECOCRUISER_5.png","contentUrl":"https:\/\/projekt.vombat.ee\/eco\/wp-content\/uploads\/2023\/03\/ECOCRUISER_5.png","width":234,"height":91,"caption":"Ecocruiser"},"image":{"@id":"https:\/\/projekt.vombat.ee\/eco\/#\/schema\/logo\/image\/"}}]}},"lang":"et","translations":{"et":2839},"pll_sync_post":[],"_links":{"self":[{"href":"https:\/\/projekt.vombat.ee\/eco\/wp-json\/wp\/v2\/product\/2839"}],"collection":[{"href":"https:\/\/projekt.vombat.ee\/eco\/wp-json\/wp\/v2\/product"}],"about":[{"href":"https:\/\/projekt.vombat.ee\/eco\/wp-json\/wp\/v2\/types\/product"}],"version-history":[{"count":4,"href":"https:\/\/projekt.vombat.ee\/eco\/wp-json\/wp\/v2\/product\/2839\/revisions"}],"predecessor-version":[{"id":5100,"href":"https:\/\/projekt.vombat.ee\/eco\/wp-json\/wp\/v2\/product\/2839\/revisions\/5100"}],"wp:featuredmedia":[{"embeddable":true,"href":"https:\/\/projekt.vombat.ee\/eco\/wp-json\/wp\/v2\/media\/2840"}],"wp:attachment":[{"href":"https:\/\/projekt.vombat.ee\/eco\/wp-json\/wp\/v2\/media?parent=2839"}],"wp:term":[{"taxonomy":"product_cat","embeddable":true,"href":"https:\/\/projekt.vombat.ee\/eco\/wp-json\/wp\/v2\/product_cat?post=2839"},{"taxonomy":"product_tag","embeddable":true,"href":"https:\/\/projekt.vombat.ee\/eco\/wp-json\/wp\/v2\/product_tag?post=2839"}],"curies":[{"name":"wp","href":"https:\/\/api.w.org\/{rel}","templated":true}]}}