{"id":2833,"date":"2023-02-28T20:05:29","date_gmt":"2023-02-28T20:05:29","guid":{"rendered":"https:\/\/projekt.vombat.ee\/eco\/?post_type=product&#038;p=2833"},"modified":"2023-02-28T20:05:29","modified_gmt":"2023-02-28T20:05:29","slug":"exway-wave-elektriline-rula-riot","status":"publish","type":"product","link":"https:\/\/projekt.vombat.ee\/eco\/pood\/elektrirulad\/exway\/exway-wave-elektriline-rula-riot\/","title":{"rendered":"Exway Wave elektriline rula, Riot"},"content":{"rendered":"<div class=\"mpof_ki myre_zn myre_8v_l _0d3bd_SI-b1\">\n<div class=\"mp4t_16_s mryx_16_s mr3m_1 mli2_1 mh85_56 mh85_0_l\">\n<div class=\"mg9e_8 mg9e_0_s mvrt_0_s mj7a_8 mj7a_0_s mh36_0_s mzmg_6m munh_16_l m3h2_16_l\">\n<div class=\"mp4t_0 mryx_0 munh_56 m3h2_56\">\n<div class=\"mp7g_oh\"><img decoding=\"async\" class=\"msub_k4 mupj_5k mjru_k4 mse2_k4 mp7g_f6 mq1m_0 mj7u_0 m7er_k4 lazyloaded\" src=\"https:\/\/a.allegroimg.com\/original\/117cd6\/280822e44dbdb798b4df89e56737\/Deskorolka-Elektryczna-Exway-Wave-180Wh-PASEK-HUB\" sizes=\"(min-width: 1200px) 560px, (min-width: 992px) 50vw, 100vw\" srcset=\"https:\/\/a.allegroimg.com\/s360\/117cd6\/280822e44dbdb798b4df89e56737\/Deskorolka-Elektryczna-Exway-Wave-180Wh-PASEK-HUB 360w,https:\/\/a.allegroimg.com\/s720\/117cd6\/280822e44dbdb798b4df89e56737\/Deskorolka-Elektryczna-Exway-Wave-180Wh-PASEK-HUB 720w,https:\/\/a.allegroimg.com\/s1024\/117cd6\/280822e44dbdb798b4df89e56737\/Deskorolka-Elektryczna-Exway-Wave-180Wh-PASEK-HUB 1024w,https:\/\/a.allegroimg.com\/s1440\/117cd6\/280822e44dbdb798b4df89e56737\/Deskorolka-Elektryczna-Exway-Wave-180Wh-PASEK-HUB 1080w,https:\/\/a.allegroimg.com\/original\/117cd6\/280822e44dbdb798b4df89e56737\/Deskorolka-Elektryczna-Exway-Wave-180Wh-PASEK-HUB 1080w\" alt=\"Deskorolka Elektryczna Exway Wave 180Wh(PASEK\/HUB)\" width=\"1080px\" data-src=\"https:\/\/a.allegroimg.com\/original\/117cd6\/280822e44dbdb798b4df89e56737\/Deskorolka-Elektryczna-Exway-Wave-180Wh-PASEK-HUB\" data-srcset=\"https:\/\/a.allegroimg.com\/s360\/117cd6\/280822e44dbdb798b4df89e56737\/Deskorolka-Elektryczna-Exway-Wave-180Wh-PASEK-HUB 360w,https:\/\/a.allegroimg.com\/s720\/117cd6\/280822e44dbdb798b4df89e56737\/Deskorolka-Elektryczna-Exway-Wave-180Wh-PASEK-HUB 720w,https:\/\/a.allegroimg.com\/s1024\/117cd6\/280822e44dbdb798b4df89e56737\/Deskorolka-Elektryczna-Exway-Wave-180Wh-PASEK-HUB 1024w,https:\/\/a.allegroimg.com\/s1440\/117cd6\/280822e44dbdb798b4df89e56737\/Deskorolka-Elektryczna-Exway-Wave-180Wh-PASEK-HUB 1080w,https:\/\/a.allegroimg.com\/original\/117cd6\/280822e44dbdb798b4df89e56737\/Deskorolka-Elektryczna-Exway-Wave-180Wh-PASEK-HUB 1080w\" \/><\/div>\n<\/div>\n<\/div>\n<\/div>\n<div class=\"mp4t_16_s mryx_16_s mr3m_1 mli2_1 mh85_56 mh85_0_l\">\n<div class=\"mgn2_16 _0d3bd_r3bCg\">\n<h1>MUGAV JA KOMPAKTNE<\/h1>\n<p>\u2022\u00a0<b>Exway Wave<\/b> on v\u00e4ike ja kerge elektrirula mida saab lihtsasti kaasas kanda nt kohvris, autos v\u00f5i isegi seljakotis.<\/p>\n<p>\u2022 Rula on h\u00f5lpsasti kontrollitav kuna seisulaud on v\u00e4iksem ning rattad \u00fcksteisele l\u00e4hemal.<\/p>\n<\/div>\n<\/div>\n<\/div>\n<div class=\"mpof_ki myre_zn myre_8v_l _0d3bd_SI-b1\">\n<div class=\"mp4t_16_s mryx_16_s mr3m_1 mli2_1 mh85_56 mh85_0_l\">\n<div class=\"mg9e_8 mg9e_0_s mvrt_0_s mj7a_8 mj7a_0_s mh36_0_s mzmg_6m munh_16_l m3h2_16_l\">\n<div class=\"mp4t_0 mryx_0 munh_56 m3h2_56\">\n<div class=\"mp7g_oh\"><img decoding=\"async\" class=\"msub_k4 mupj_5k mjru_k4 mse2_k4 mp7g_f6 mq1m_0 mj7u_0 m7er_k4 lazyloaded\" src=\"https:\/\/a.allegroimg.com\/original\/119719\/0df64d6b441eb6b936b72ae772ff\/Deskorolka-Elektryczna-Exway-Wave-180Wh-PASEK-HUB-EAN-GTIN-0712356655314\" sizes=\"(min-width: 1200px) 560px, (min-width: 992px) 50vw, 100vw\" srcset=\"https:\/\/a.allegroimg.com\/s360\/119719\/0df64d6b441eb6b936b72ae772ff\/Deskorolka-Elektryczna-Exway-Wave-180Wh-PASEK-HUB-EAN-GTIN-0712356655314 360w,https:\/\/a.allegroimg.com\/s720\/119719\/0df64d6b441eb6b936b72ae772ff\/Deskorolka-Elektryczna-Exway-Wave-180Wh-PASEK-HUB-EAN-GTIN-0712356655314 720w,https:\/\/a.allegroimg.com\/s1024\/119719\/0df64d6b441eb6b936b72ae772ff\/Deskorolka-Elektryczna-Exway-Wave-180Wh-PASEK-HUB-EAN-GTIN-0712356655314 1024w,https:\/\/a.allegroimg.com\/s1440\/119719\/0df64d6b441eb6b936b72ae772ff\/Deskorolka-Elektryczna-Exway-Wave-180Wh-PASEK-HUB-EAN-GTIN-0712356655314 1080w,https:\/\/a.allegroimg.com\/original\/119719\/0df64d6b441eb6b936b72ae772ff\/Deskorolka-Elektryczna-Exway-Wave-180Wh-PASEK-HUB-EAN-GTIN-0712356655314 1080w\" alt=\"Deskorolka Elektryczna Exway Wave 180Wh(PASEK\/HUB) EAN (GTIN) 0712356655314\" width=\"1080px\" data-src=\"https:\/\/a.allegroimg.com\/original\/119719\/0df64d6b441eb6b936b72ae772ff\/Deskorolka-Elektryczna-Exway-Wave-180Wh-PASEK-HUB-EAN-GTIN-0712356655314\" data-srcset=\"https:\/\/a.allegroimg.com\/s360\/119719\/0df64d6b441eb6b936b72ae772ff\/Deskorolka-Elektryczna-Exway-Wave-180Wh-PASEK-HUB-EAN-GTIN-0712356655314 360w,https:\/\/a.allegroimg.com\/s720\/119719\/0df64d6b441eb6b936b72ae772ff\/Deskorolka-Elektryczna-Exway-Wave-180Wh-PASEK-HUB-EAN-GTIN-0712356655314 720w,https:\/\/a.allegroimg.com\/s1024\/119719\/0df64d6b441eb6b936b72ae772ff\/Deskorolka-Elektryczna-Exway-Wave-180Wh-PASEK-HUB-EAN-GTIN-0712356655314 1024w,https:\/\/a.allegroimg.com\/s1440\/119719\/0df64d6b441eb6b936b72ae772ff\/Deskorolka-Elektryczna-Exway-Wave-180Wh-PASEK-HUB-EAN-GTIN-0712356655314 1080w,https:\/\/a.allegroimg.com\/original\/119719\/0df64d6b441eb6b936b72ae772ff\/Deskorolka-Elektryczna-Exway-Wave-180Wh-PASEK-HUB-EAN-GTIN-0712356655314 1080w\" \/><\/div>\n<\/div>\n<\/div>\n<\/div>\n<div class=\"mp4t_16_s mryx_16_s mr3m_1 mli2_1 mh85_56 mh85_0_l\">\n<div class=\"mgn2_16 _0d3bd_r3bCg\">\n<h1>EEMALDATAV AKU<\/h1>\n<p>Aku on disainitud selliselt, et seda oleks kerge kaaluga ja lihtsasti vahetatav. Aku kaal on veidi alla 2kg ning \u00fche laadimisega on v\u00f5imalik s\u00f5ita kuni 20km<\/p>\n<p><img decoding=\"async\" class=\"msub_k4 mupj_5k mjru_k4 mse2_k4 mp7g_f6 mq1m_0 mj7u_0 m7er_k4 lazyloaded\" src=\"https:\/\/a.allegroimg.com\/original\/110a59\/10164b1943c1bb1cfdc06c239da3\/Deskorolka-Elektryczna-Exway-Wave-180Wh-PASEK-HUB-Engine-Power-1000-W\" sizes=\"(min-width: 1200px) 560px, (min-width: 992px) 50vw, 100vw\" srcset=\"https:\/\/a.allegroimg.com\/s360\/110a59\/10164b1943c1bb1cfdc06c239da3\/Deskorolka-Elektryczna-Exway-Wave-180Wh-PASEK-HUB-Engine-Power-1000-W 360w,https:\/\/a.allegroimg.com\/s720\/110a59\/10164b1943c1bb1cfdc06c239da3\/Deskorolka-Elektryczna-Exway-Wave-180Wh-PASEK-HUB-Engine-Power-1000-W 720w,https:\/\/a.allegroimg.com\/s1024\/110a59\/10164b1943c1bb1cfdc06c239da3\/Deskorolka-Elektryczna-Exway-Wave-180Wh-PASEK-HUB-Engine-Power-1000-W 1024w,https:\/\/a.allegroimg.com\/s1440\/110a59\/10164b1943c1bb1cfdc06c239da3\/Deskorolka-Elektryczna-Exway-Wave-180Wh-PASEK-HUB-Engine-Power-1000-W 1440w,https:\/\/a.allegroimg.com\/original\/110a59\/10164b1943c1bb1cfdc06c239da3\/Deskorolka-Elektryczna-Exway-Wave-180Wh-PASEK-HUB-Engine-Power-1000-W 1688w\" alt=\"Deskorolka Elektryczna Exway Wave 180Wh(PASEK\/HUB) Engine Power 1000 W\" width=\"1688px\" data-src=\"https:\/\/a.allegroimg.com\/original\/110a59\/10164b1943c1bb1cfdc06c239da3\/Deskorolka-Elektryczna-Exway-Wave-180Wh-PASEK-HUB-Engine-Power-1000-W\" data-srcset=\"https:\/\/a.allegroimg.com\/s360\/110a59\/10164b1943c1bb1cfdc06c239da3\/Deskorolka-Elektryczna-Exway-Wave-180Wh-PASEK-HUB-Engine-Power-1000-W 360w,https:\/\/a.allegroimg.com\/s720\/110a59\/10164b1943c1bb1cfdc06c239da3\/Deskorolka-Elektryczna-Exway-Wave-180Wh-PASEK-HUB-Engine-Power-1000-W 720w,https:\/\/a.allegroimg.com\/s1024\/110a59\/10164b1943c1bb1cfdc06c239da3\/Deskorolka-Elektryczna-Exway-Wave-180Wh-PASEK-HUB-Engine-Power-1000-W 1024w,https:\/\/a.allegroimg.com\/s1440\/110a59\/10164b1943c1bb1cfdc06c239da3\/Deskorolka-Elektryczna-Exway-Wave-180Wh-PASEK-HUB-Engine-Power-1000-W 1440w,https:\/\/a.allegroimg.com\/original\/110a59\/10164b1943c1bb1cfdc06c239da3\/Deskorolka-Elektryczna-Exway-Wave-180Wh-PASEK-HUB-Engine-Power-1000-W 1688w\" \/><\/p>\n<\/div>\n<\/div>\n<\/div>\n<div class=\"mpof_ki myre_zn myre_8v_l _0d3bd_SI-b1\">\n<div class=\"mp4t_16_s mryx_16_s mr3m_1 mli2_1 mh85_56 mh85_0_l\">\n<div class=\"mgn2_16 _0d3bd_r3bCg\">\n<h1>NUTIKAS JA TURVALINE<\/h1>\n<p>Akumooduli k\u00f5igi 24 elemendi individuaalse seirega, UL-sertifikaadiga tarkvaraga ja IP55 veekindlusastmega v\u00f5ite kindel olla, et s\u00f5it on ohutu.<\/p>\n<p><img decoding=\"async\" class=\"msub_k4 mupj_5k mjru_k4 mse2_k4 mp7g_f6 mq1m_0 mj7u_0 m7er_k4 lazyloaded\" src=\"https:\/\/a.allegroimg.com\/original\/11bafb\/bb26dadd4e2eb3be23ede32d6eb9\/Deskorolka-Elektryczna-Exway-Wave-180Wh-PASEK-HUB-Maximum-Slope-Angle-25\" sizes=\"(min-width: 1200px) 560px, (min-width: 992px) 50vw, 100vw\" srcset=\"https:\/\/a.allegroimg.com\/s360\/11bafb\/bb26dadd4e2eb3be23ede32d6eb9\/Deskorolka-Elektryczna-Exway-Wave-180Wh-PASEK-HUB-Maximum-Slope-Angle-25 360w,https:\/\/a.allegroimg.com\/s720\/11bafb\/bb26dadd4e2eb3be23ede32d6eb9\/Deskorolka-Elektryczna-Exway-Wave-180Wh-PASEK-HUB-Maximum-Slope-Angle-25 720w,https:\/\/a.allegroimg.com\/s1024\/11bafb\/bb26dadd4e2eb3be23ede32d6eb9\/Deskorolka-Elektryczna-Exway-Wave-180Wh-PASEK-HUB-Maximum-Slope-Angle-25 1024w,https:\/\/a.allegroimg.com\/s1440\/11bafb\/bb26dadd4e2eb3be23ede32d6eb9\/Deskorolka-Elektryczna-Exway-Wave-180Wh-PASEK-HUB-Maximum-Slope-Angle-25 1094w,https:\/\/a.allegroimg.com\/original\/11bafb\/bb26dadd4e2eb3be23ede32d6eb9\/Deskorolka-Elektryczna-Exway-Wave-180Wh-PASEK-HUB-Maximum-Slope-Angle-25 1094w\" alt=\"Deskorolka Elektryczna Exway Wave 180Wh(PASEK\/HUB) Maximum Slope Angle 25\u00b0\" width=\"1094px\" data-src=\"https:\/\/a.allegroimg.com\/original\/11bafb\/bb26dadd4e2eb3be23ede32d6eb9\/Deskorolka-Elektryczna-Exway-Wave-180Wh-PASEK-HUB-Maximum-Slope-Angle-25\" data-srcset=\"https:\/\/a.allegroimg.com\/s360\/11bafb\/bb26dadd4e2eb3be23ede32d6eb9\/Deskorolka-Elektryczna-Exway-Wave-180Wh-PASEK-HUB-Maximum-Slope-Angle-25 360w,https:\/\/a.allegroimg.com\/s720\/11bafb\/bb26dadd4e2eb3be23ede32d6eb9\/Deskorolka-Elektryczna-Exway-Wave-180Wh-PASEK-HUB-Maximum-Slope-Angle-25 720w,https:\/\/a.allegroimg.com\/s1024\/11bafb\/bb26dadd4e2eb3be23ede32d6eb9\/Deskorolka-Elektryczna-Exway-Wave-180Wh-PASEK-HUB-Maximum-Slope-Angle-25 1024w,https:\/\/a.allegroimg.com\/s1440\/11bafb\/bb26dadd4e2eb3be23ede32d6eb9\/Deskorolka-Elektryczna-Exway-Wave-180Wh-PASEK-HUB-Maximum-Slope-Angle-25 1094w,https:\/\/a.allegroimg.com\/original\/11bafb\/bb26dadd4e2eb3be23ede32d6eb9\/Deskorolka-Elektryczna-Exway-Wave-180Wh-PASEK-HUB-Maximum-Slope-Angle-25 1094w\" \/><\/p>\n<\/div>\n<\/div>\n<\/div>\n<div class=\"mpof_ki myre_zn myre_8v_l _0d3bd_SI-b1\">\n<div class=\"mp4t_16_s mryx_16_s mr3m_1 mli2_1 mh85_56 mh85_0_l\">\n<div class=\"mg9e_8 mg9e_0_s mvrt_0_s mj7a_8 mj7a_0_s mh36_0_s mzmg_6m munh_16_l m3h2_16_l\">\n<div class=\"mp4t_0 mryx_0 munh_56 m3h2_56\">\n<div class=\"mp7g_oh\"><img decoding=\"async\" class=\"msub_k4 mupj_5k mjru_k4 mse2_k4 mp7g_f6 mq1m_0 mj7u_0 m7er_k4 lazyloaded\" src=\"https:\/\/a.allegroimg.com\/original\/113555\/def76c4d4cb4a0b341593917ce3f\/Deskorolka-Elektryczna-Exway-Wave-180Wh-PASEK-HUB-Range-20-km\" sizes=\"(min-width: 1200px) 560px, (min-width: 992px) 50vw, 100vw\" srcset=\"https:\/\/a.allegroimg.com\/s360\/113555\/def76c4d4cb4a0b341593917ce3f\/Deskorolka-Elektryczna-Exway-Wave-180Wh-PASEK-HUB-Range-20-km 360w,https:\/\/a.allegroimg.com\/s720\/113555\/def76c4d4cb4a0b341593917ce3f\/Deskorolka-Elektryczna-Exway-Wave-180Wh-PASEK-HUB-Range-20-km 720w,https:\/\/a.allegroimg.com\/s1024\/113555\/def76c4d4cb4a0b341593917ce3f\/Deskorolka-Elektryczna-Exway-Wave-180Wh-PASEK-HUB-Range-20-km 1024w,https:\/\/a.allegroimg.com\/s1440\/113555\/def76c4d4cb4a0b341593917ce3f\/Deskorolka-Elektryczna-Exway-Wave-180Wh-PASEK-HUB-Range-20-km 1071w,https:\/\/a.allegroimg.com\/original\/113555\/def76c4d4cb4a0b341593917ce3f\/Deskorolka-Elektryczna-Exway-Wave-180Wh-PASEK-HUB-Range-20-km 1071w\" alt=\"Deskorolka Elektryczna Exway Wave 180Wh(PASEK\/HUB) Range 20 km\" width=\"1071px\" data-src=\"https:\/\/a.allegroimg.com\/original\/113555\/def76c4d4cb4a0b341593917ce3f\/Deskorolka-Elektryczna-Exway-Wave-180Wh-PASEK-HUB-Range-20-km\" data-srcset=\"https:\/\/a.allegroimg.com\/s360\/113555\/def76c4d4cb4a0b341593917ce3f\/Deskorolka-Elektryczna-Exway-Wave-180Wh-PASEK-HUB-Range-20-km 360w,https:\/\/a.allegroimg.com\/s720\/113555\/def76c4d4cb4a0b341593917ce3f\/Deskorolka-Elektryczna-Exway-Wave-180Wh-PASEK-HUB-Range-20-km 720w,https:\/\/a.allegroimg.com\/s1024\/113555\/def76c4d4cb4a0b341593917ce3f\/Deskorolka-Elektryczna-Exway-Wave-180Wh-PASEK-HUB-Range-20-km 1024w,https:\/\/a.allegroimg.com\/s1440\/113555\/def76c4d4cb4a0b341593917ce3f\/Deskorolka-Elektryczna-Exway-Wave-180Wh-PASEK-HUB-Range-20-km 1071w,https:\/\/a.allegroimg.com\/original\/113555\/def76c4d4cb4a0b341593917ce3f\/Deskorolka-Elektryczna-Exway-Wave-180Wh-PASEK-HUB-Range-20-km 1071w\" \/><\/div>\n<\/div>\n<\/div>\n<\/div>\n<div class=\"mp4t_16_s mryx_16_s mr3m_1 mli2_1 mh85_56 mh85_0_l\">\n<div class=\"mgn2_16 _0d3bd_r3bCg\">\n<h1>\u00dcLIMALT VASTUPIDAV<\/h1>\n<p><span style=\"font-size: inherit;\">Exway puhul ei saa mainimata j\u00e4tta seisulaua tugevust. Seadme kandev\u00f5ime on 150kg\u00a0 Seisulaud on valmistatud klaaskiust ja vahtrapuust ning kaetud UV-kiirgusega tugevdatud kattega.<\/span><img decoding=\"async\" class=\"msub_k4 mupj_5k mjru_k4 mse2_k4 mp7g_f6 mq1m_0 mj7u_0 m7er_k4 lazyloaded\" src=\"https:\/\/a.allegroimg.com\/original\/119e05\/c7574b96476ebe7910b17d0ce3b2\/Deskorolka-Elektryczna-Exway-Wave-180Wh-PASEK-HUB-Weight-6-9-kg\" sizes=\"(min-width: 1200px) 560px, (min-width: 992px) 50vw, 100vw\" srcset=\"https:\/\/a.allegroimg.com\/s360\/119e05\/c7574b96476ebe7910b17d0ce3b2\/Deskorolka-Elektryczna-Exway-Wave-180Wh-PASEK-HUB-Weight-6-9-kg 360w,https:\/\/a.allegroimg.com\/s720\/119e05\/c7574b96476ebe7910b17d0ce3b2\/Deskorolka-Elektryczna-Exway-Wave-180Wh-PASEK-HUB-Weight-6-9-kg 560w,https:\/\/a.allegroimg.com\/original\/119e05\/c7574b96476ebe7910b17d0ce3b2\/Deskorolka-Elektryczna-Exway-Wave-180Wh-PASEK-HUB-Weight-6-9-kg 560w\" alt=\"Deskorolka Elektryczna Exway Wave 180Wh(PASEK\/HUB) Weight 6.9 kg\" width=\"560px\" data-src=\"https:\/\/a.allegroimg.com\/original\/119e05\/c7574b96476ebe7910b17d0ce3b2\/Deskorolka-Elektryczna-Exway-Wave-180Wh-PASEK-HUB-Weight-6-9-kg\" data-srcset=\"https:\/\/a.allegroimg.com\/s360\/119e05\/c7574b96476ebe7910b17d0ce3b2\/Deskorolka-Elektryczna-Exway-Wave-180Wh-PASEK-HUB-Weight-6-9-kg 360w,https:\/\/a.allegroimg.com\/s720\/119e05\/c7574b96476ebe7910b17d0ce3b2\/Deskorolka-Elektryczna-Exway-Wave-180Wh-PASEK-HUB-Weight-6-9-kg 560w,https:\/\/a.allegroimg.com\/original\/119e05\/c7574b96476ebe7910b17d0ce3b2\/Deskorolka-Elektryczna-Exway-Wave-180Wh-PASEK-HUB-Weight-6-9-kg 560w\" \/><\/p>\n<\/div>\n<\/div>\n<\/div>\n","protected":false},"excerpt":{"rendered":"<p><strong>EXWAY WAVE ELEKTRILINE RULA<\/strong><\/p>\n<ul>\n<li><strong>S\u00f5iduulatus: <\/strong>20km<\/li>\n<li><strong>Max kiirus:\u00a0<\/strong>38km\/h<\/li>\n<li><strong>Kaal:\u00a0<\/strong>6,9kg<\/li>\n<li><strong>Kandev\u00f5ime:\u00a0<\/strong>150kg<\/li>\n<\/ul>\n","protected":false},"featured_media":2834,"template":"","meta":[],"product_cat":[69,70],"product_tag":[],"class_list":{"0":"post-2833","1":"product","2":"type-product","3":"status-publish","4":"has-post-thumbnail","6":"product_cat-elektrirulad","7":"product_cat-exway","9":"first","10":"instock","11":"taxable","12":"shipping-taxable","13":"purchasable","14":"product-type-simple"},"yoast_head":"<!-- This site is optimized with the Yoast SEO plugin v23.8 - https:\/\/yoast.com\/wordpress\/plugins\/seo\/ -->\n<title>Exway Wave elektriline rula, Riot - Ecocruiser<\/title>\n<meta name=\"description\" content=\"Exway Wave elektriline rula, Riot - Kvaliteetsed br\u00e4ndid, lai valik - Ecocruiser.ee - K\u00fcsimuste korral v\u00f5ta \u00fchendust info@projekt.vombat.ee\" \/>\n<meta name=\"robots\" content=\"noindex, follow, max-snippet:-1, max-image-preview:large, max-video-preview:-1\" \/>\n<meta property=\"og:locale\" content=\"en_GB\" \/>\n<meta property=\"og:type\" content=\"article\" \/>\n<meta property=\"og:title\" content=\"Exway Wave elektriline rula, Riot - Ecocruiser\" \/>\n<meta property=\"og:description\" content=\"Exway Wave elektriline rula, Riot - Kvaliteetsed br\u00e4ndid, lai valik - Ecocruiser.ee - K\u00fcsimuste korral v\u00f5ta \u00fchendust info@projekt.vombat.ee\" \/>\n<meta property=\"og:url\" content=\"https:\/\/projekt.vombat.ee\/eco\/pood\/elektrirulad\/exway\/exway-wave-elektriline-rula-riot\/\" \/>\n<meta property=\"og:site_name\" content=\"Ecocruiser\" \/>\n<meta property=\"og:image\" content=\"https:\/\/projekt.vombat.ee\/eco\/wp-content\/uploads\/2023\/02\/Exway-Wave.webp\" \/>\n\t<meta property=\"og:image:width\" content=\"1080\" \/>\n\t<meta property=\"og:image:height\" content=\"1080\" \/>\n\t<meta property=\"og:image:type\" content=\"image\/webp\" \/>\n<meta name=\"twitter:card\" content=\"summary_large_image\" \/>\n<meta name=\"twitter:label1\" content=\"Estimated reading time\" \/>\n\t<meta name=\"twitter:data1\" content=\"2 minutes\" \/>\n<script type=\"application\/ld+json\" class=\"yoast-schema-graph\">{\"@context\":\"https:\/\/schema.org\",\"@graph\":[{\"@type\":\"WebPage\",\"@id\":\"https:\/\/projekt.vombat.ee\/eco\/pood\/elektrirulad\/exway\/exway-wave-elektriline-rula-riot\/\",\"url\":\"https:\/\/projekt.vombat.ee\/eco\/pood\/elektrirulad\/exway\/exway-wave-elektriline-rula-riot\/\",\"name\":\"Exway Wave elektriline rula, Riot - Ecocruiser\",\"isPartOf\":{\"@id\":\"https:\/\/projekt.vombat.ee\/eco\/#website\"},\"primaryImageOfPage\":{\"@id\":\"https:\/\/projekt.vombat.ee\/eco\/pood\/elektrirulad\/exway\/exway-wave-elektriline-rula-riot\/#primaryimage\"},\"image\":{\"@id\":\"https:\/\/projekt.vombat.ee\/eco\/pood\/elektrirulad\/exway\/exway-wave-elektriline-rula-riot\/#primaryimage\"},\"thumbnailUrl\":\"https:\/\/projekt.vombat.ee\/eco\/wp-content\/uploads\/2023\/02\/Exway-Wave.webp\",\"datePublished\":\"2023-02-28T20:05:29+00:00\",\"dateModified\":\"2023-02-28T20:05:29+00:00\",\"description\":\"Exway Wave elektriline rula, Riot - Kvaliteetsed br\u00e4ndid, lai valik - Ecocruiser.ee - K\u00fcsimuste korral v\u00f5ta \u00fchendust info@projekt.vombat.ee\",\"breadcrumb\":{\"@id\":\"https:\/\/projekt.vombat.ee\/eco\/pood\/elektrirulad\/exway\/exway-wave-elektriline-rula-riot\/#breadcrumb\"},\"inLanguage\":\"en-GB\",\"potentialAction\":[{\"@type\":\"ReadAction\",\"target\":[\"https:\/\/projekt.vombat.ee\/eco\/pood\/elektrirulad\/exway\/exway-wave-elektriline-rula-riot\/\"]}]},{\"@type\":\"ImageObject\",\"inLanguage\":\"en-GB\",\"@id\":\"https:\/\/projekt.vombat.ee\/eco\/pood\/elektrirulad\/exway\/exway-wave-elektriline-rula-riot\/#primaryimage\",\"url\":\"https:\/\/projekt.vombat.ee\/eco\/wp-content\/uploads\/2023\/02\/Exway-Wave.webp\",\"contentUrl\":\"https:\/\/projekt.vombat.ee\/eco\/wp-content\/uploads\/2023\/02\/Exway-Wave.webp\",\"width\":1080,\"height\":1080,\"caption\":\"Exway Wave\"},{\"@type\":\"BreadcrumbList\",\"@id\":\"https:\/\/projekt.vombat.ee\/eco\/pood\/elektrirulad\/exway\/exway-wave-elektriline-rula-riot\/#breadcrumb\",\"itemListElement\":[{\"@type\":\"ListItem\",\"position\":1,\"name\":\"Home\",\"item\":\"https:\/\/projekt.vombat.ee\/eco\/\"},{\"@type\":\"ListItem\",\"position\":2,\"name\":\"Pood\",\"item\":\"https:\/\/projekt.vombat.ee\/eco\/pood\/\"},{\"@type\":\"ListItem\",\"position\":3,\"name\":\"Exway Wave elektriline rula, Riot\"}]},{\"@type\":\"WebSite\",\"@id\":\"https:\/\/projekt.vombat.ee\/eco\/#website\",\"url\":\"https:\/\/projekt.vombat.ee\/eco\/\",\"name\":\"Ecocruiser\",\"description\":\"\",\"publisher\":{\"@id\":\"https:\/\/projekt.vombat.ee\/eco\/#organization\"},\"potentialAction\":[{\"@type\":\"SearchAction\",\"target\":{\"@type\":\"EntryPoint\",\"urlTemplate\":\"https:\/\/projekt.vombat.ee\/eco\/?s={search_term_string}\"},\"query-input\":{\"@type\":\"PropertyValueSpecification\",\"valueRequired\":true,\"valueName\":\"search_term_string\"}}],\"inLanguage\":\"en-GB\"},{\"@type\":\"Organization\",\"@id\":\"https:\/\/projekt.vombat.ee\/eco\/#organization\",\"name\":\"Ecocruiser\",\"url\":\"https:\/\/projekt.vombat.ee\/eco\/\",\"logo\":{\"@type\":\"ImageObject\",\"inLanguage\":\"en-GB\",\"@id\":\"https:\/\/projekt.vombat.ee\/eco\/#\/schema\/logo\/image\/\",\"url\":\"https:\/\/projekt.vombat.ee\/eco\/wp-content\/uploads\/2023\/03\/ECOCRUISER_5.png\",\"contentUrl\":\"https:\/\/projekt.vombat.ee\/eco\/wp-content\/uploads\/2023\/03\/ECOCRUISER_5.png\",\"width\":234,\"height\":91,\"caption\":\"Ecocruiser\"},\"image\":{\"@id\":\"https:\/\/projekt.vombat.ee\/eco\/#\/schema\/logo\/image\/\"}}]}<\/script>\n<!-- \/ Yoast SEO plugin. -->","yoast_head_json":{"title":"Exway Wave elektriline rula, Riot - Ecocruiser","description":"Exway Wave elektriline rula, Riot - Kvaliteetsed br\u00e4ndid, lai valik - Ecocruiser.ee - K\u00fcsimuste korral v\u00f5ta \u00fchendust info@projekt.vombat.ee","robots":{"index":"noindex","follow":"follow","max-snippet":"max-snippet:-1","max-image-preview":"max-image-preview:large","max-video-preview":"max-video-preview:-1"},"og_locale":"en_GB","og_type":"article","og_title":"Exway Wave elektriline rula, Riot - Ecocruiser","og_description":"Exway Wave elektriline rula, Riot - Kvaliteetsed br\u00e4ndid, lai valik - Ecocruiser.ee - K\u00fcsimuste korral v\u00f5ta \u00fchendust info@projekt.vombat.ee","og_url":"https:\/\/projekt.vombat.ee\/eco\/pood\/elektrirulad\/exway\/exway-wave-elektriline-rula-riot\/","og_site_name":"Ecocruiser","og_image":[{"width":1080,"height":1080,"url":"https:\/\/projekt.vombat.ee\/eco\/wp-content\/uploads\/2023\/02\/Exway-Wave.webp","type":"image\/webp"}],"twitter_card":"summary_large_image","twitter_misc":{"Estimated reading time":"2 minutes"},"schema":{"@context":"https:\/\/schema.org","@graph":[{"@type":"WebPage","@id":"https:\/\/projekt.vombat.ee\/eco\/pood\/elektrirulad\/exway\/exway-wave-elektriline-rula-riot\/","url":"https:\/\/projekt.vombat.ee\/eco\/pood\/elektrirulad\/exway\/exway-wave-elektriline-rula-riot\/","name":"Exway Wave elektriline rula, Riot - Ecocruiser","isPartOf":{"@id":"https:\/\/projekt.vombat.ee\/eco\/#website"},"primaryImageOfPage":{"@id":"https:\/\/projekt.vombat.ee\/eco\/pood\/elektrirulad\/exway\/exway-wave-elektriline-rula-riot\/#primaryimage"},"image":{"@id":"https:\/\/projekt.vombat.ee\/eco\/pood\/elektrirulad\/exway\/exway-wave-elektriline-rula-riot\/#primaryimage"},"thumbnailUrl":"https:\/\/projekt.vombat.ee\/eco\/wp-content\/uploads\/2023\/02\/Exway-Wave.webp","datePublished":"2023-02-28T20:05:29+00:00","dateModified":"2023-02-28T20:05:29+00:00","description":"Exway Wave elektriline rula, Riot - Kvaliteetsed br\u00e4ndid, lai valik - Ecocruiser.ee - K\u00fcsimuste korral v\u00f5ta \u00fchendust info@projekt.vombat.ee","breadcrumb":{"@id":"https:\/\/projekt.vombat.ee\/eco\/pood\/elektrirulad\/exway\/exway-wave-elektriline-rula-riot\/#breadcrumb"},"inLanguage":"en-GB","potentialAction":[{"@type":"ReadAction","target":["https:\/\/projekt.vombat.ee\/eco\/pood\/elektrirulad\/exway\/exway-wave-elektriline-rula-riot\/"]}]},{"@type":"ImageObject","inLanguage":"en-GB","@id":"https:\/\/projekt.vombat.ee\/eco\/pood\/elektrirulad\/exway\/exway-wave-elektriline-rula-riot\/#primaryimage","url":"https:\/\/projekt.vombat.ee\/eco\/wp-content\/uploads\/2023\/02\/Exway-Wave.webp","contentUrl":"https:\/\/projekt.vombat.ee\/eco\/wp-content\/uploads\/2023\/02\/Exway-Wave.webp","width":1080,"height":1080,"caption":"Exway Wave"},{"@type":"BreadcrumbList","@id":"https:\/\/projekt.vombat.ee\/eco\/pood\/elektrirulad\/exway\/exway-wave-elektriline-rula-riot\/#breadcrumb","itemListElement":[{"@type":"ListItem","position":1,"name":"Home","item":"https:\/\/projekt.vombat.ee\/eco\/"},{"@type":"ListItem","position":2,"name":"Pood","item":"https:\/\/projekt.vombat.ee\/eco\/pood\/"},{"@type":"ListItem","position":3,"name":"Exway Wave elektriline rula, Riot"}]},{"@type":"WebSite","@id":"https:\/\/projekt.vombat.ee\/eco\/#website","url":"https:\/\/projekt.vombat.ee\/eco\/","name":"Ecocruiser","description":"","publisher":{"@id":"https:\/\/projekt.vombat.ee\/eco\/#organization"},"potentialAction":[{"@type":"SearchAction","target":{"@type":"EntryPoint","urlTemplate":"https:\/\/projekt.vombat.ee\/eco\/?s={search_term_string}"},"query-input":{"@type":"PropertyValueSpecification","valueRequired":true,"valueName":"search_term_string"}}],"inLanguage":"en-GB"},{"@type":"Organization","@id":"https:\/\/projekt.vombat.ee\/eco\/#organization","name":"Ecocruiser","url":"https:\/\/projekt.vombat.ee\/eco\/","logo":{"@type":"ImageObject","inLanguage":"en-GB","@id":"https:\/\/projekt.vombat.ee\/eco\/#\/schema\/logo\/image\/","url":"https:\/\/projekt.vombat.ee\/eco\/wp-content\/uploads\/2023\/03\/ECOCRUISER_5.png","contentUrl":"https:\/\/projekt.vombat.ee\/eco\/wp-content\/uploads\/2023\/03\/ECOCRUISER_5.png","width":234,"height":91,"caption":"Ecocruiser"},"image":{"@id":"https:\/\/projekt.vombat.ee\/eco\/#\/schema\/logo\/image\/"}}]}},"lang":"et","translations":{"et":2833},"pll_sync_post":[],"_links":{"self":[{"href":"https:\/\/projekt.vombat.ee\/eco\/wp-json\/wp\/v2\/product\/2833"}],"collection":[{"href":"https:\/\/projekt.vombat.ee\/eco\/wp-json\/wp\/v2\/product"}],"about":[{"href":"https:\/\/projekt.vombat.ee\/eco\/wp-json\/wp\/v2\/types\/product"}],"version-history":[{"count":1,"href":"https:\/\/projekt.vombat.ee\/eco\/wp-json\/wp\/v2\/product\/2833\/revisions"}],"predecessor-version":[{"id":2838,"href":"https:\/\/projekt.vombat.ee\/eco\/wp-json\/wp\/v2\/product\/2833\/revisions\/2838"}],"wp:featuredmedia":[{"embeddable":true,"href":"https:\/\/projekt.vombat.ee\/eco\/wp-json\/wp\/v2\/media\/2834"}],"wp:attachment":[{"href":"https:\/\/projekt.vombat.ee\/eco\/wp-json\/wp\/v2\/media?parent=2833"}],"wp:term":[{"taxonomy":"product_cat","embeddable":true,"href":"https:\/\/projekt.vombat.ee\/eco\/wp-json\/wp\/v2\/product_cat?post=2833"},{"taxonomy":"product_tag","embeddable":true,"href":"https:\/\/projekt.vombat.ee\/eco\/wp-json\/wp\/v2\/product_tag?post=2833"}],"curies":[{"name":"wp","href":"https:\/\/api.w.org\/{rel}","templated":true}]}}