{"id":2734,"date":"2023-02-28T11:17:56","date_gmt":"2023-02-28T11:17:56","guid":{"rendered":"https:\/\/projekt.vombat.ee\/eco\/?post_type=product&#038;p=2734"},"modified":"2023-03-10T19:30:47","modified_gmt":"2023-03-10T19:30:47","slug":"jalgrattakiiver-uvex-i-vo-56-60cm-2","status":"publish","type":"product","link":"https:\/\/projekt.vombat.ee\/eco\/pood\/lisavarustus\/kiivrid\/jalgrattakiiver-uvex-i-vo-56-60cm-2\/","title":{"rendered":"JALGRATTAKIIVER UVEX I-VO 56-60cm"},"content":{"rendered":"","protected":false},"excerpt":{"rendered":"<p>Kvaliteetne jalgrattakiiver, tagab suurep\u00e4rase peakaitse rattas\u00f5idul.<\/p>\n<p>Kerge, h\u00e4sti ventileeritav, sellel on lihtsalt kasutatavad s\u00fcsteemid kiivri pea kuju j\u00e4rgi reguleerimiseks.<\/p>\n<p>&nbsp;<\/p>\n<ul>\n<li>Inmould tehnoloogia, mis kaitseb p\u00f5rutuste eest, s\u00e4ilitades samas kerge ja stabiilse struktuuri<\/li>\n<li>Standardid: EN 1078 \/ T\u00dcV GS \/ CE<\/li>\n<li>FAS s\u00fcsteem \u2013 rihma reguleerimine<\/li>\n<li>Monomaatiline s\u00fcsteem \u2013 l\u00f5uarihma reguleerimine<\/li>\n<li>IAS 2.0 s\u00fcsteem \u2013 vooluahela reguleerimine<\/li>\n<li>24 ventilatsioonikanalit<\/li>\n<li>eemaldatav visiir xb390<\/li>\n<li>Eemaldatav p\u00f5hipolster<\/li>\n<li>Kaal: 230g<\/li>\n<\/ul>\n","protected":false},"featured_media":2735,"template":"","meta":[],"product_cat":[68,707],"product_tag":[],"class_list":{"0":"post-2734","1":"product","2":"type-product","3":"status-publish","4":"has-post-thumbnail","6":"product_cat-lisavarustus","7":"product_cat-kiivrid","9":"first","10":"instock","11":"taxable","12":"shipping-taxable","13":"purchasable","14":"product-type-simple"},"yoast_head":"<!-- This site is optimized with the Yoast SEO plugin v23.8 - https:\/\/yoast.com\/wordpress\/plugins\/seo\/ -->\n<title>JALGRATTAKIIVER UVEX I-VO 56-60cm - Ecocruiser<\/title>\n<meta name=\"robots\" content=\"noindex, follow, max-snippet:-1, max-image-preview:large, max-video-preview:-1\" \/>\n<meta property=\"og:locale\" content=\"en_GB\" \/>\n<meta property=\"og:type\" content=\"article\" \/>\n<meta property=\"og:title\" content=\"JALGRATTAKIIVER UVEX I-VO 56-60cm - Ecocruiser\" \/>\n<meta property=\"og:description\" content=\"Kvaliteetne jalgrattakiiver, tagab suurep\u00e4rase peakaitse rattas\u00f5idul.  Kerge, h\u00e4sti ventileeritav, sellel on lihtsalt kasutatavad s\u00fcsteemid kiivri pea kuju j\u00e4rgi reguleerimiseks.  &nbsp;   Inmould tehnoloogia, mis kaitseb p\u00f5rutuste eest, s\u00e4ilitades samas kerge ja stabiilse struktuuri  Standardid: EN 1078 \/ T\u00dcV GS \/ CE  FAS s\u00fcsteem \u2013 rihma reguleerimine  Monomaatiline s\u00fcsteem \u2013 l\u00f5uarihma reguleerimine  IAS 2.0 s\u00fcsteem \u2013 vooluahela reguleerimine  24 ventilatsioonikanalit  eemaldatav visiir xb390  Eemaldatav p\u00f5hipolster  Kaal: 230g\" \/>\n<meta property=\"og:url\" content=\"https:\/\/projekt.vombat.ee\/eco\/pood\/lisavarustus\/kiivrid\/jalgrattakiiver-uvex-i-vo-56-60cm-2\/\" \/>\n<meta property=\"og:site_name\" content=\"Ecocruiser\" \/>\n<meta property=\"article:modified_time\" content=\"2023-03-10T19:30:47+00:00\" \/>\n<meta property=\"og:image\" content=\"https:\/\/projekt.vombat.ee\/eco\/wp-content\/uploads\/2023\/02\/11-3.png\" \/>\n\t<meta property=\"og:image:width\" content=\"673\" \/>\n\t<meta property=\"og:image:height\" content=\"686\" \/>\n\t<meta property=\"og:image:type\" content=\"image\/png\" \/>\n<meta name=\"twitter:card\" content=\"summary_large_image\" \/>\n<script type=\"application\/ld+json\" class=\"yoast-schema-graph\">{\"@context\":\"https:\/\/schema.org\",\"@graph\":[{\"@type\":\"WebPage\",\"@id\":\"https:\/\/projekt.vombat.ee\/eco\/pood\/lisavarustus\/kiivrid\/jalgrattakiiver-uvex-i-vo-56-60cm-2\/\",\"url\":\"https:\/\/projekt.vombat.ee\/eco\/pood\/lisavarustus\/kiivrid\/jalgrattakiiver-uvex-i-vo-56-60cm-2\/\",\"name\":\"JALGRATTAKIIVER UVEX I-VO 56-60cm - Ecocruiser\",\"isPartOf\":{\"@id\":\"https:\/\/projekt.vombat.ee\/eco\/#website\"},\"primaryImageOfPage\":{\"@id\":\"https:\/\/projekt.vombat.ee\/eco\/pood\/lisavarustus\/kiivrid\/jalgrattakiiver-uvex-i-vo-56-60cm-2\/#primaryimage\"},\"image\":{\"@id\":\"https:\/\/projekt.vombat.ee\/eco\/pood\/lisavarustus\/kiivrid\/jalgrattakiiver-uvex-i-vo-56-60cm-2\/#primaryimage\"},\"thumbnailUrl\":\"https:\/\/projekt.vombat.ee\/eco\/wp-content\/uploads\/2023\/02\/11-3.png\",\"datePublished\":\"2023-02-28T11:17:56+00:00\",\"dateModified\":\"2023-03-10T19:30:47+00:00\",\"breadcrumb\":{\"@id\":\"https:\/\/projekt.vombat.ee\/eco\/pood\/lisavarustus\/kiivrid\/jalgrattakiiver-uvex-i-vo-56-60cm-2\/#breadcrumb\"},\"inLanguage\":\"en-GB\",\"potentialAction\":[{\"@type\":\"ReadAction\",\"target\":[\"https:\/\/projekt.vombat.ee\/eco\/pood\/lisavarustus\/kiivrid\/jalgrattakiiver-uvex-i-vo-56-60cm-2\/\"]}]},{\"@type\":\"ImageObject\",\"inLanguage\":\"en-GB\",\"@id\":\"https:\/\/projekt.vombat.ee\/eco\/pood\/lisavarustus\/kiivrid\/jalgrattakiiver-uvex-i-vo-56-60cm-2\/#primaryimage\",\"url\":\"https:\/\/projekt.vombat.ee\/eco\/wp-content\/uploads\/2023\/02\/11-3.png\",\"contentUrl\":\"https:\/\/projekt.vombat.ee\/eco\/wp-content\/uploads\/2023\/02\/11-3.png\",\"width\":673,\"height\":686},{\"@type\":\"BreadcrumbList\",\"@id\":\"https:\/\/projekt.vombat.ee\/eco\/pood\/lisavarustus\/kiivrid\/jalgrattakiiver-uvex-i-vo-56-60cm-2\/#breadcrumb\",\"itemListElement\":[{\"@type\":\"ListItem\",\"position\":1,\"name\":\"Home\",\"item\":\"https:\/\/projekt.vombat.ee\/eco\/\"},{\"@type\":\"ListItem\",\"position\":2,\"name\":\"Pood\",\"item\":\"https:\/\/projekt.vombat.ee\/eco\/pood\/\"},{\"@type\":\"ListItem\",\"position\":3,\"name\":\"JALGRATTAKIIVER UVEX I-VO 56-60cm\"}]},{\"@type\":\"WebSite\",\"@id\":\"https:\/\/projekt.vombat.ee\/eco\/#website\",\"url\":\"https:\/\/projekt.vombat.ee\/eco\/\",\"name\":\"Ecocruiser\",\"description\":\"\",\"publisher\":{\"@id\":\"https:\/\/projekt.vombat.ee\/eco\/#organization\"},\"potentialAction\":[{\"@type\":\"SearchAction\",\"target\":{\"@type\":\"EntryPoint\",\"urlTemplate\":\"https:\/\/projekt.vombat.ee\/eco\/?s={search_term_string}\"},\"query-input\":{\"@type\":\"PropertyValueSpecification\",\"valueRequired\":true,\"valueName\":\"search_term_string\"}}],\"inLanguage\":\"en-GB\"},{\"@type\":\"Organization\",\"@id\":\"https:\/\/projekt.vombat.ee\/eco\/#organization\",\"name\":\"Ecocruiser\",\"url\":\"https:\/\/projekt.vombat.ee\/eco\/\",\"logo\":{\"@type\":\"ImageObject\",\"inLanguage\":\"en-GB\",\"@id\":\"https:\/\/projekt.vombat.ee\/eco\/#\/schema\/logo\/image\/\",\"url\":\"https:\/\/projekt.vombat.ee\/eco\/wp-content\/uploads\/2023\/03\/ECOCRUISER_5.png\",\"contentUrl\":\"https:\/\/projekt.vombat.ee\/eco\/wp-content\/uploads\/2023\/03\/ECOCRUISER_5.png\",\"width\":234,\"height\":91,\"caption\":\"Ecocruiser\"},\"image\":{\"@id\":\"https:\/\/projekt.vombat.ee\/eco\/#\/schema\/logo\/image\/\"}}]}<\/script>\n<!-- \/ Yoast SEO plugin. -->","yoast_head_json":{"title":"JALGRATTAKIIVER UVEX I-VO 56-60cm - Ecocruiser","robots":{"index":"noindex","follow":"follow","max-snippet":"max-snippet:-1","max-image-preview":"max-image-preview:large","max-video-preview":"max-video-preview:-1"},"og_locale":"en_GB","og_type":"article","og_title":"JALGRATTAKIIVER UVEX I-VO 56-60cm - Ecocruiser","og_description":"Kvaliteetne jalgrattakiiver, tagab suurep\u00e4rase peakaitse rattas\u00f5idul.  Kerge, h\u00e4sti ventileeritav, sellel on lihtsalt kasutatavad s\u00fcsteemid kiivri pea kuju j\u00e4rgi reguleerimiseks.  &nbsp;   Inmould tehnoloogia, mis kaitseb p\u00f5rutuste eest, s\u00e4ilitades samas kerge ja stabiilse struktuuri  Standardid: EN 1078 \/ T\u00dcV GS \/ CE  FAS s\u00fcsteem \u2013 rihma reguleerimine  Monomaatiline s\u00fcsteem \u2013 l\u00f5uarihma reguleerimine  IAS 2.0 s\u00fcsteem \u2013 vooluahela reguleerimine  24 ventilatsioonikanalit  eemaldatav visiir xb390  Eemaldatav p\u00f5hipolster  Kaal: 230g","og_url":"https:\/\/projekt.vombat.ee\/eco\/pood\/lisavarustus\/kiivrid\/jalgrattakiiver-uvex-i-vo-56-60cm-2\/","og_site_name":"Ecocruiser","article_modified_time":"2023-03-10T19:30:47+00:00","og_image":[{"width":673,"height":686,"url":"https:\/\/projekt.vombat.ee\/eco\/wp-content\/uploads\/2023\/02\/11-3.png","type":"image\/png"}],"twitter_card":"summary_large_image","schema":{"@context":"https:\/\/schema.org","@graph":[{"@type":"WebPage","@id":"https:\/\/projekt.vombat.ee\/eco\/pood\/lisavarustus\/kiivrid\/jalgrattakiiver-uvex-i-vo-56-60cm-2\/","url":"https:\/\/projekt.vombat.ee\/eco\/pood\/lisavarustus\/kiivrid\/jalgrattakiiver-uvex-i-vo-56-60cm-2\/","name":"JALGRATTAKIIVER UVEX I-VO 56-60cm - Ecocruiser","isPartOf":{"@id":"https:\/\/projekt.vombat.ee\/eco\/#website"},"primaryImageOfPage":{"@id":"https:\/\/projekt.vombat.ee\/eco\/pood\/lisavarustus\/kiivrid\/jalgrattakiiver-uvex-i-vo-56-60cm-2\/#primaryimage"},"image":{"@id":"https:\/\/projekt.vombat.ee\/eco\/pood\/lisavarustus\/kiivrid\/jalgrattakiiver-uvex-i-vo-56-60cm-2\/#primaryimage"},"thumbnailUrl":"https:\/\/projekt.vombat.ee\/eco\/wp-content\/uploads\/2023\/02\/11-3.png","datePublished":"2023-02-28T11:17:56+00:00","dateModified":"2023-03-10T19:30:47+00:00","breadcrumb":{"@id":"https:\/\/projekt.vombat.ee\/eco\/pood\/lisavarustus\/kiivrid\/jalgrattakiiver-uvex-i-vo-56-60cm-2\/#breadcrumb"},"inLanguage":"en-GB","potentialAction":[{"@type":"ReadAction","target":["https:\/\/projekt.vombat.ee\/eco\/pood\/lisavarustus\/kiivrid\/jalgrattakiiver-uvex-i-vo-56-60cm-2\/"]}]},{"@type":"ImageObject","inLanguage":"en-GB","@id":"https:\/\/projekt.vombat.ee\/eco\/pood\/lisavarustus\/kiivrid\/jalgrattakiiver-uvex-i-vo-56-60cm-2\/#primaryimage","url":"https:\/\/projekt.vombat.ee\/eco\/wp-content\/uploads\/2023\/02\/11-3.png","contentUrl":"https:\/\/projekt.vombat.ee\/eco\/wp-content\/uploads\/2023\/02\/11-3.png","width":673,"height":686},{"@type":"BreadcrumbList","@id":"https:\/\/projekt.vombat.ee\/eco\/pood\/lisavarustus\/kiivrid\/jalgrattakiiver-uvex-i-vo-56-60cm-2\/#breadcrumb","itemListElement":[{"@type":"ListItem","position":1,"name":"Home","item":"https:\/\/projekt.vombat.ee\/eco\/"},{"@type":"ListItem","position":2,"name":"Pood","item":"https:\/\/projekt.vombat.ee\/eco\/pood\/"},{"@type":"ListItem","position":3,"name":"JALGRATTAKIIVER UVEX I-VO 56-60cm"}]},{"@type":"WebSite","@id":"https:\/\/projekt.vombat.ee\/eco\/#website","url":"https:\/\/projekt.vombat.ee\/eco\/","name":"Ecocruiser","description":"","publisher":{"@id":"https:\/\/projekt.vombat.ee\/eco\/#organization"},"potentialAction":[{"@type":"SearchAction","target":{"@type":"EntryPoint","urlTemplate":"https:\/\/projekt.vombat.ee\/eco\/?s={search_term_string}"},"query-input":{"@type":"PropertyValueSpecification","valueRequired":true,"valueName":"search_term_string"}}],"inLanguage":"en-GB"},{"@type":"Organization","@id":"https:\/\/projekt.vombat.ee\/eco\/#organization","name":"Ecocruiser","url":"https:\/\/projekt.vombat.ee\/eco\/","logo":{"@type":"ImageObject","inLanguage":"en-GB","@id":"https:\/\/projekt.vombat.ee\/eco\/#\/schema\/logo\/image\/","url":"https:\/\/projekt.vombat.ee\/eco\/wp-content\/uploads\/2023\/03\/ECOCRUISER_5.png","contentUrl":"https:\/\/projekt.vombat.ee\/eco\/wp-content\/uploads\/2023\/03\/ECOCRUISER_5.png","width":234,"height":91,"caption":"Ecocruiser"},"image":{"@id":"https:\/\/projekt.vombat.ee\/eco\/#\/schema\/logo\/image\/"}}]}},"lang":"et","translations":{"et":2734},"pll_sync_post":[],"_links":{"self":[{"href":"https:\/\/projekt.vombat.ee\/eco\/wp-json\/wp\/v2\/product\/2734"}],"collection":[{"href":"https:\/\/projekt.vombat.ee\/eco\/wp-json\/wp\/v2\/product"}],"about":[{"href":"https:\/\/projekt.vombat.ee\/eco\/wp-json\/wp\/v2\/types\/product"}],"version-history":[{"count":1,"href":"https:\/\/projekt.vombat.ee\/eco\/wp-json\/wp\/v2\/product\/2734\/revisions"}],"predecessor-version":[{"id":2740,"href":"https:\/\/projekt.vombat.ee\/eco\/wp-json\/wp\/v2\/product\/2734\/revisions\/2740"}],"wp:featuredmedia":[{"embeddable":true,"href":"https:\/\/projekt.vombat.ee\/eco\/wp-json\/wp\/v2\/media\/2735"}],"wp:attachment":[{"href":"https:\/\/projekt.vombat.ee\/eco\/wp-json\/wp\/v2\/media?parent=2734"}],"wp:term":[{"taxonomy":"product_cat","embeddable":true,"href":"https:\/\/projekt.vombat.ee\/eco\/wp-json\/wp\/v2\/product_cat?post=2734"},{"taxonomy":"product_tag","embeddable":true,"href":"https:\/\/projekt.vombat.ee\/eco\/wp-json\/wp\/v2\/product_tag?post=2734"}],"curies":[{"name":"wp","href":"https:\/\/api.w.org\/{rel}","templated":true}]}}